{"id":6001,"date":"2025-11-20T16:19:35","date_gmt":"2025-11-20T16:19:35","guid":{"rendered":"https:\/\/www.venisecollection.com\/shop\/women\/sin%20categor\u00eda\/roberto-festa-commy-nappa-verde\/"},"modified":"2026-04-15T01:17:53","modified_gmt":"2026-04-15T01:17:53","slug":"roberto-festa-commy-nappa-verde","status":"publish","type":"product","link":"https:\/\/www.venisecollection.com\/es\/shop\/women\/botas\/roberto-festa-commy-nappa-verde","title":{"rendered":"ROBERTO FESTA COMMY NAPPA VERDE"},"content":{"rendered":"<p style=\"text-align: justify;\" data-start=\"1106\" data-end=\"1764\">Las botas de mujer ROBERTO FESTA COMMY NAPPA VERDE est\u00e1n confeccionadas en piel aut\u00e9ntica de primera calidad en un sofisticado tono verde militar. Fabricadas en Italia, estas elegantes botas cuentan con un tac\u00f3n de 8 cm que ofrece comodidad y una silueta refinada. <\/p>\n<p style=\"text-align: justify;\" data-start=\"1106\" data-end=\"1764\">Su dise\u00f1o minimalista pero audaz las convierte en la elecci\u00f3n perfecta para realzar cualquier conjunto, desde vaqueros ajustados hasta faldas fluidas o abrigos a medida. Un equilibrio perfecto entre artesan\u00eda atemporal y estilo contempor\u00e1neo, estas botas son ideales tanto para el uso diario como para ocasiones especiales. <\/p>\n","protected":false},"excerpt":{"rendered":"<p>Las botas de mujer ROBERTO FESTA COMMY NAPPA VERDE est\u00e1n confeccionadas en piel aut\u00e9ntica de primera calidad en un sofisticado tono verde militar. Fabricadas en Italia, estas elegantes botas cuentan con un tac\u00f3n de 8 cm que ofrece comodidad y una silueta refinada. Su dise\u00f1o minimalista pero audaz las convierte en la elecci\u00f3n perfecta para &hellip;<\/p>\n","protected":false},"featured_media":6006,"template":"","meta":[],"product_brand":[361],"product_cat":[122],"product_tag":[],"class_list":{"0":"post-6001","1":"product","2":"type-product","3":"status-publish","4":"has-post-thumbnail","6":"product_brand-roberto-festa","7":"product_cat-botas","9":"first","10":"instock","11":"shipping-taxable","12":"purchasable","13":"product-type-variable","14":"has-default-attributes"},"yoast_head":"<!-- This site is optimized with the Yoast SEO plugin v27.4 - https:\/\/yoast.com\/product\/yoast-seo-wordpress\/ -->\n<title>ROBERTO FESTA COMMY NAPPA VERDE - VENISE COLLECTION<\/title>\n<meta name=\"robots\" content=\"index, follow, max-snippet:-1, max-image-preview:large, max-video-preview:-1\" \/>\n<link rel=\"canonical\" href=\"https:\/\/www.venisecollection.com\/es\/shop\/women\/botas\/roberto-festa-commy-nappa-verde\" \/>\n<meta property=\"og:locale\" content=\"es_ES\" \/>\n<meta property=\"og:type\" content=\"article\" \/>\n<meta property=\"og:title\" content=\"ROBERTO FESTA COMMY NAPPA VERDE - VENISE COLLECTION\" \/>\n<meta property=\"og:description\" content=\"Las botas de mujer ROBERTO FESTA COMMY NAPPA VERDE est\u00e1n confeccionadas en piel aut\u00e9ntica de primera calidad en un sofisticado tono verde militar. Fabricadas en Italia, estas elegantes botas cuentan con un tac\u00f3n de 8 cm que ofrece comodidad y una silueta refinada. Su dise\u00f1o minimalista pero audaz las convierte en la elecci\u00f3n perfecta para &hellip;\" \/>\n<meta property=\"og:url\" content=\"https:\/\/www.venisecollection.com\/es\/shop\/women\/botas\/roberto-festa-commy-nappa-verde\" \/>\n<meta property=\"og:site_name\" content=\"VENISE COLLECTION\" \/>\n<meta property=\"article:modified_time\" content=\"2026-04-15T01:17:53+00:00\" \/>\n<meta property=\"og:image\" content=\"https:\/\/www.venisecollection.com\/cdn\/image-156.webp\" \/>\n\t<meta property=\"og:image:width\" content=\"1280\" \/>\n\t<meta property=\"og:image:height\" content=\"1588\" \/>\n\t<meta property=\"og:image:type\" content=\"image\/webp\" \/>\n<meta name=\"twitter:card\" content=\"summary_large_image\" \/>\n<script type=\"application\/ld+json\" class=\"yoast-schema-graph\">{\"@context\":\"https:\\\/\\\/schema.org\",\"@graph\":[{\"@type\":\"WebPage\",\"@id\":\"https:\\\/\\\/www.venisecollection.com\\\/es\\\/shop\\\/women\\\/botas\\\/roberto-festa-commy-nappa-verde\",\"url\":\"https:\\\/\\\/www.venisecollection.com\\\/es\\\/shop\\\/women\\\/botas\\\/roberto-festa-commy-nappa-verde\",\"name\":\"ROBERTO FESTA COMMY NAPPA VERDE - VENISE COLLECTION\",\"isPartOf\":{\"@id\":\"https:\\\/\\\/www.venisecollection.com\\\/es#website\"},\"primaryImageOfPage\":{\"@id\":\"https:\\\/\\\/www.venisecollection.com\\\/es\\\/shop\\\/women\\\/botas\\\/roberto-festa-commy-nappa-verde#primaryimage\"},\"image\":{\"@id\":\"https:\\\/\\\/www.venisecollection.com\\\/es\\\/shop\\\/women\\\/botas\\\/roberto-festa-commy-nappa-verde#primaryimage\"},\"thumbnailUrl\":\"https:\\\/\\\/www.venisecollection.com\\\/cdn\\\/image-156.webp\",\"datePublished\":\"2025-11-20T16:19:35+00:00\",\"dateModified\":\"2026-04-15T01:17:53+00:00\",\"breadcrumb\":{\"@id\":\"https:\\\/\\\/www.venisecollection.com\\\/es\\\/shop\\\/women\\\/botas\\\/roberto-festa-commy-nappa-verde#breadcrumb\"},\"inLanguage\":\"es\",\"potentialAction\":[{\"@type\":\"ReadAction\",\"target\":[\"https:\\\/\\\/www.venisecollection.com\\\/es\\\/shop\\\/women\\\/botas\\\/roberto-festa-commy-nappa-verde\"]}]},{\"@type\":\"ImageObject\",\"inLanguage\":\"es\",\"@id\":\"https:\\\/\\\/www.venisecollection.com\\\/es\\\/shop\\\/women\\\/botas\\\/roberto-festa-commy-nappa-verde#primaryimage\",\"url\":\"https:\\\/\\\/www.venisecollection.com\\\/cdn\\\/image-156.webp\",\"contentUrl\":\"https:\\\/\\\/www.venisecollection.com\\\/cdn\\\/image-156.webp\",\"width\":1280,\"height\":1588},{\"@type\":\"BreadcrumbList\",\"@id\":\"https:\\\/\\\/www.venisecollection.com\\\/es\\\/shop\\\/women\\\/botas\\\/roberto-festa-commy-nappa-verde#breadcrumb\",\"itemListElement\":[{\"@type\":\"ListItem\",\"position\":1,\"name\":\"Home\",\"item\":\"https:\\\/\\\/www.venisecollection.com\\\/es\\\/tienda\"},{\"@type\":\"ListItem\",\"position\":2,\"name\":\"Inicio\",\"item\":\"https:\\\/\\\/www.venisecollection.com\\\/es\\\/tienda\"},{\"@type\":\"ListItem\",\"position\":3,\"name\":\"ROBERTO FESTA COMMY NAPPA VERDE\"}]},{\"@type\":\"WebSite\",\"@id\":\"https:\\\/\\\/www.venisecollection.com\\\/es#website\",\"url\":\"https:\\\/\\\/www.venisecollection.com\\\/es\",\"name\":\"VENISE COLLECTION\",\"description\":\"\",\"publisher\":{\"@id\":\"https:\\\/\\\/www.venisecollection.com\\\/es#organization\"},\"potentialAction\":[{\"@type\":\"SearchAction\",\"target\":{\"@type\":\"EntryPoint\",\"urlTemplate\":\"https:\\\/\\\/www.venisecollection.com\\\/es?s={search_term_string}\"},\"query-input\":{\"@type\":\"PropertyValueSpecification\",\"valueRequired\":true,\"valueName\":\"search_term_string\"}}],\"inLanguage\":\"es\"},{\"@type\":\"Organization\",\"@id\":\"https:\\\/\\\/www.venisecollection.com\\\/es#organization\",\"name\":\"VENISE COLLECTION\",\"url\":\"https:\\\/\\\/www.venisecollection.com\\\/es\",\"logo\":{\"@type\":\"ImageObject\",\"inLanguage\":\"es\",\"@id\":\"https:\\\/\\\/www.venisecollection.com\\\/es#\\\/schema\\\/logo\\\/image\\\/\",\"url\":\"https:\\\/\\\/www.venisecollection.com\\\/cdn\\\/seo.png\",\"contentUrl\":\"https:\\\/\\\/www.venisecollection.com\\\/cdn\\\/seo.png\",\"width\":1080,\"height\":1080,\"caption\":\"VENISE COLLECTION\"},\"image\":{\"@id\":\"https:\\\/\\\/www.venisecollection.com\\\/es#\\\/schema\\\/logo\\\/image\\\/\"},\"sameAs\":[\"https:\\\/\\\/www.instagram.com\\\/venisecollection\\\/\",\"https:\\\/\\\/fr.pinterest.com\\\/venisecollection\\\/\"]}]}<\/script>\n<!-- \/ Yoast SEO plugin. -->","yoast_head_json":{"title":"ROBERTO FESTA COMMY NAPPA VERDE - VENISE COLLECTION","robots":{"index":"index","follow":"follow","max-snippet":"max-snippet:-1","max-image-preview":"max-image-preview:large","max-video-preview":"max-video-preview:-1"},"canonical":"https:\/\/www.venisecollection.com\/es\/shop\/women\/botas\/roberto-festa-commy-nappa-verde","og_locale":"es_ES","og_type":"article","og_title":"ROBERTO FESTA COMMY NAPPA VERDE - VENISE COLLECTION","og_description":"Las botas de mujer ROBERTO FESTA COMMY NAPPA VERDE est\u00e1n confeccionadas en piel aut\u00e9ntica de primera calidad en un sofisticado tono verde militar. Fabricadas en Italia, estas elegantes botas cuentan con un tac\u00f3n de 8 cm que ofrece comodidad y una silueta refinada. Su dise\u00f1o minimalista pero audaz las convierte en la elecci\u00f3n perfecta para &hellip;","og_url":"https:\/\/www.venisecollection.com\/es\/shop\/women\/botas\/roberto-festa-commy-nappa-verde","og_site_name":"VENISE COLLECTION","article_modified_time":"2026-04-15T01:17:53+00:00","og_image":[{"width":1280,"height":1588,"url":"https:\/\/www.venisecollection.com\/cdn\/image-156.webp","type":"image\/webp"}],"twitter_card":"summary_large_image","schema":{"@context":"https:\/\/schema.org","@graph":[{"@type":"WebPage","@id":"https:\/\/www.venisecollection.com\/es\/shop\/women\/botas\/roberto-festa-commy-nappa-verde","url":"https:\/\/www.venisecollection.com\/es\/shop\/women\/botas\/roberto-festa-commy-nappa-verde","name":"ROBERTO FESTA COMMY NAPPA VERDE - VENISE COLLECTION","isPartOf":{"@id":"https:\/\/www.venisecollection.com\/es#website"},"primaryImageOfPage":{"@id":"https:\/\/www.venisecollection.com\/es\/shop\/women\/botas\/roberto-festa-commy-nappa-verde#primaryimage"},"image":{"@id":"https:\/\/www.venisecollection.com\/es\/shop\/women\/botas\/roberto-festa-commy-nappa-verde#primaryimage"},"thumbnailUrl":"https:\/\/www.venisecollection.com\/cdn\/image-156.webp","datePublished":"2025-11-20T16:19:35+00:00","dateModified":"2026-04-15T01:17:53+00:00","breadcrumb":{"@id":"https:\/\/www.venisecollection.com\/es\/shop\/women\/botas\/roberto-festa-commy-nappa-verde#breadcrumb"},"inLanguage":"es","potentialAction":[{"@type":"ReadAction","target":["https:\/\/www.venisecollection.com\/es\/shop\/women\/botas\/roberto-festa-commy-nappa-verde"]}]},{"@type":"ImageObject","inLanguage":"es","@id":"https:\/\/www.venisecollection.com\/es\/shop\/women\/botas\/roberto-festa-commy-nappa-verde#primaryimage","url":"https:\/\/www.venisecollection.com\/cdn\/image-156.webp","contentUrl":"https:\/\/www.venisecollection.com\/cdn\/image-156.webp","width":1280,"height":1588},{"@type":"BreadcrumbList","@id":"https:\/\/www.venisecollection.com\/es\/shop\/women\/botas\/roberto-festa-commy-nappa-verde#breadcrumb","itemListElement":[{"@type":"ListItem","position":1,"name":"Home","item":"https:\/\/www.venisecollection.com\/es\/tienda"},{"@type":"ListItem","position":2,"name":"Inicio","item":"https:\/\/www.venisecollection.com\/es\/tienda"},{"@type":"ListItem","position":3,"name":"ROBERTO FESTA COMMY NAPPA VERDE"}]},{"@type":"WebSite","@id":"https:\/\/www.venisecollection.com\/es#website","url":"https:\/\/www.venisecollection.com\/es","name":"VENISE COLLECTION","description":"","publisher":{"@id":"https:\/\/www.venisecollection.com\/es#organization"},"potentialAction":[{"@type":"SearchAction","target":{"@type":"EntryPoint","urlTemplate":"https:\/\/www.venisecollection.com\/es?s={search_term_string}"},"query-input":{"@type":"PropertyValueSpecification","valueRequired":true,"valueName":"search_term_string"}}],"inLanguage":"es"},{"@type":"Organization","@id":"https:\/\/www.venisecollection.com\/es#organization","name":"VENISE COLLECTION","url":"https:\/\/www.venisecollection.com\/es","logo":{"@type":"ImageObject","inLanguage":"es","@id":"https:\/\/www.venisecollection.com\/es#\/schema\/logo\/image\/","url":"https:\/\/www.venisecollection.com\/cdn\/seo.png","contentUrl":"https:\/\/www.venisecollection.com\/cdn\/seo.png","width":1080,"height":1080,"caption":"VENISE COLLECTION"},"image":{"@id":"https:\/\/www.venisecollection.com\/es#\/schema\/logo\/image\/"},"sameAs":["https:\/\/www.instagram.com\/venisecollection\/","https:\/\/fr.pinterest.com\/venisecollection\/"]}]}},"_links":{"self":[{"href":"https:\/\/www.venisecollection.com\/es\/wp-json\/wp\/v2\/product\/6001","targetHints":{"allow":["GET"]}}],"collection":[{"href":"https:\/\/www.venisecollection.com\/es\/wp-json\/wp\/v2\/product"}],"about":[{"href":"https:\/\/www.venisecollection.com\/es\/wp-json\/wp\/v2\/types\/product"}],"wp:featuredmedia":[{"embeddable":true,"href":"https:\/\/www.venisecollection.com\/es\/wp-json\/wp\/v2\/media\/6006"}],"wp:attachment":[{"href":"https:\/\/www.venisecollection.com\/es\/wp-json\/wp\/v2\/media?parent=6001"}],"wp:term":[{"taxonomy":"product_brand","embeddable":true,"href":"https:\/\/www.venisecollection.com\/es\/wp-json\/wp\/v2\/product_brand?post=6001"},{"taxonomy":"product_cat","embeddable":true,"href":"https:\/\/www.venisecollection.com\/es\/wp-json\/wp\/v2\/product_cat?post=6001"},{"taxonomy":"product_tag","embeddable":true,"href":"https:\/\/www.venisecollection.com\/es\/wp-json\/wp\/v2\/product_tag?post=6001"}],"curies":[{"name":"wp","href":"https:\/\/api.w.org\/{rel}","templated":true}]}}