{"id":6059,"date":"2025-12-23T16:18:09","date_gmt":"2025-12-23T16:18:09","guid":{"rendered":"https:\/\/www.venisecollection.com\/shop\/women\/sin%20categor\u00eda\/toral-luciana-serraje-anteado\/"},"modified":"2026-04-15T01:18:34","modified_gmt":"2026-04-15T01:18:34","slug":"toral-luciana-serraje-anteado","status":"publish","type":"product","link":"https:\/\/www.venisecollection.com\/es\/shop\/women\/botas\/toral-luciana-serraje-anteado","title":{"rendered":"TORAL LUCIANA serraje anteado"},"content":{"rendered":"<p style=\"text-align: justify;\" data-start=\"1226\" data-end=\"1743\">Los botines TORAL LUCIANA Serraje Anteado, en un elegante tono burdeos oscuro, combinan un dise\u00f1o contempor\u00e1neo con una sofisticaci\u00f3n atemporal. Elaborados por expertos en aut\u00e9ntica piel de ante, presentan una silueta elegante y ajustada con un tac\u00f3n de bloque medio-alto que a\u00f1ade comodidad y estilo. <\/p>\n<p style=\"text-align: justify;\" data-start=\"1226\" data-end=\"1743\">La punta afilada estiliza la pierna, lo que los convierte en una elecci\u00f3n perfecta para looks elegantes de invierno, conjuntos de noche o para un uso diario refinado.<\/p>\n","protected":false},"excerpt":{"rendered":"<p>Los botines TORAL LUCIANA Serraje Anteado, en un elegante tono burdeos oscuro, combinan un dise\u00f1o contempor\u00e1neo con una sofisticaci\u00f3n atemporal. Elaborados por expertos en aut\u00e9ntica piel de ante, presentan una silueta elegante y ajustada con un tac\u00f3n de bloque medio-alto que a\u00f1ade comodidad y estilo. La punta afilada estiliza la pierna, lo que los convierte &hellip;<\/p>\n","protected":false},"featured_media":6067,"template":"","meta":[],"product_brand":[385,358],"product_cat":[122],"product_tag":[],"class_list":{"0":"post-6059","1":"product","2":"type-product","3":"status-publish","4":"has-post-thumbnail","6":"product_brand-toral","7":"product_brand-venise-collection","8":"product_cat-botas","10":"first","11":"instock","12":"shipping-taxable","13":"purchasable","14":"product-type-variable","15":"has-default-attributes"},"yoast_head":"<!-- This site is optimized with the Yoast SEO plugin v27.4 - https:\/\/yoast.com\/product\/yoast-seo-wordpress\/ -->\n<title>TORAL LUCIANA serraje anteado - VENISE COLLECTION<\/title>\n<meta name=\"robots\" content=\"index, follow, max-snippet:-1, max-image-preview:large, max-video-preview:-1\" \/>\n<link rel=\"canonical\" href=\"https:\/\/www.venisecollection.com\/es\/shop\/women\/botas\/toral-luciana-serraje-anteado\" \/>\n<meta property=\"og:locale\" content=\"es_ES\" \/>\n<meta property=\"og:type\" content=\"article\" \/>\n<meta property=\"og:title\" content=\"TORAL LUCIANA serraje anteado - VENISE COLLECTION\" \/>\n<meta property=\"og:description\" content=\"Los botines TORAL LUCIANA Serraje Anteado, en un elegante tono burdeos oscuro, combinan un dise\u00f1o contempor\u00e1neo con una sofisticaci\u00f3n atemporal. Elaborados por expertos en aut\u00e9ntica piel de ante, presentan una silueta elegante y ajustada con un tac\u00f3n de bloque medio-alto que a\u00f1ade comodidad y estilo. La punta afilada estiliza la pierna, lo que los convierte &hellip;\" \/>\n<meta property=\"og:url\" content=\"https:\/\/www.venisecollection.com\/es\/shop\/women\/botas\/toral-luciana-serraje-anteado\" \/>\n<meta property=\"og:site_name\" content=\"VENISE COLLECTION\" \/>\n<meta property=\"article:modified_time\" content=\"2026-04-15T01:18:34+00:00\" \/>\n<meta property=\"og:image\" content=\"https:\/\/www.venisecollection.com\/cdn\/image-132.webp\" \/>\n\t<meta property=\"og:image:width\" content=\"1280\" \/>\n\t<meta property=\"og:image:height\" content=\"1588\" \/>\n\t<meta property=\"og:image:type\" content=\"image\/webp\" \/>\n<meta name=\"twitter:card\" content=\"summary_large_image\" \/>\n<script type=\"application\/ld+json\" class=\"yoast-schema-graph\">{\"@context\":\"https:\\\/\\\/schema.org\",\"@graph\":[{\"@type\":\"WebPage\",\"@id\":\"https:\\\/\\\/www.venisecollection.com\\\/es\\\/shop\\\/women\\\/botas\\\/toral-luciana-serraje-anteado\",\"url\":\"https:\\\/\\\/www.venisecollection.com\\\/es\\\/shop\\\/women\\\/botas\\\/toral-luciana-serraje-anteado\",\"name\":\"TORAL LUCIANA serraje anteado - VENISE COLLECTION\",\"isPartOf\":{\"@id\":\"https:\\\/\\\/www.venisecollection.com\\\/es#website\"},\"primaryImageOfPage\":{\"@id\":\"https:\\\/\\\/www.venisecollection.com\\\/es\\\/shop\\\/women\\\/botas\\\/toral-luciana-serraje-anteado#primaryimage\"},\"image\":{\"@id\":\"https:\\\/\\\/www.venisecollection.com\\\/es\\\/shop\\\/women\\\/botas\\\/toral-luciana-serraje-anteado#primaryimage\"},\"thumbnailUrl\":\"https:\\\/\\\/www.venisecollection.com\\\/cdn\\\/image-132.webp\",\"datePublished\":\"2025-12-23T16:18:09+00:00\",\"dateModified\":\"2026-04-15T01:18:34+00:00\",\"breadcrumb\":{\"@id\":\"https:\\\/\\\/www.venisecollection.com\\\/es\\\/shop\\\/women\\\/botas\\\/toral-luciana-serraje-anteado#breadcrumb\"},\"inLanguage\":\"es\",\"potentialAction\":[{\"@type\":\"ReadAction\",\"target\":[\"https:\\\/\\\/www.venisecollection.com\\\/es\\\/shop\\\/women\\\/botas\\\/toral-luciana-serraje-anteado\"]}]},{\"@type\":\"ImageObject\",\"inLanguage\":\"es\",\"@id\":\"https:\\\/\\\/www.venisecollection.com\\\/es\\\/shop\\\/women\\\/botas\\\/toral-luciana-serraje-anteado#primaryimage\",\"url\":\"https:\\\/\\\/www.venisecollection.com\\\/cdn\\\/image-132.webp\",\"contentUrl\":\"https:\\\/\\\/www.venisecollection.com\\\/cdn\\\/image-132.webp\",\"width\":1280,\"height\":1588},{\"@type\":\"BreadcrumbList\",\"@id\":\"https:\\\/\\\/www.venisecollection.com\\\/es\\\/shop\\\/women\\\/botas\\\/toral-luciana-serraje-anteado#breadcrumb\",\"itemListElement\":[{\"@type\":\"ListItem\",\"position\":1,\"name\":\"Home\",\"item\":\"https:\\\/\\\/www.venisecollection.com\\\/es\\\/tienda\"},{\"@type\":\"ListItem\",\"position\":2,\"name\":\"Inicio\",\"item\":\"https:\\\/\\\/www.venisecollection.com\\\/es\\\/tienda\"},{\"@type\":\"ListItem\",\"position\":3,\"name\":\"TORAL LUCIANA serraje anteado\"}]},{\"@type\":\"WebSite\",\"@id\":\"https:\\\/\\\/www.venisecollection.com\\\/es#website\",\"url\":\"https:\\\/\\\/www.venisecollection.com\\\/es\",\"name\":\"VENISE COLLECTION\",\"description\":\"\",\"publisher\":{\"@id\":\"https:\\\/\\\/www.venisecollection.com\\\/es#organization\"},\"potentialAction\":[{\"@type\":\"SearchAction\",\"target\":{\"@type\":\"EntryPoint\",\"urlTemplate\":\"https:\\\/\\\/www.venisecollection.com\\\/es?s={search_term_string}\"},\"query-input\":{\"@type\":\"PropertyValueSpecification\",\"valueRequired\":true,\"valueName\":\"search_term_string\"}}],\"inLanguage\":\"es\"},{\"@type\":\"Organization\",\"@id\":\"https:\\\/\\\/www.venisecollection.com\\\/es#organization\",\"name\":\"VENISE COLLECTION\",\"url\":\"https:\\\/\\\/www.venisecollection.com\\\/es\",\"logo\":{\"@type\":\"ImageObject\",\"inLanguage\":\"es\",\"@id\":\"https:\\\/\\\/www.venisecollection.com\\\/es#\\\/schema\\\/logo\\\/image\\\/\",\"url\":\"https:\\\/\\\/www.venisecollection.com\\\/cdn\\\/seo.png\",\"contentUrl\":\"https:\\\/\\\/www.venisecollection.com\\\/cdn\\\/seo.png\",\"width\":1080,\"height\":1080,\"caption\":\"VENISE COLLECTION\"},\"image\":{\"@id\":\"https:\\\/\\\/www.venisecollection.com\\\/es#\\\/schema\\\/logo\\\/image\\\/\"},\"sameAs\":[\"https:\\\/\\\/www.instagram.com\\\/venisecollection\\\/\",\"https:\\\/\\\/fr.pinterest.com\\\/venisecollection\\\/\"]}]}<\/script>\n<!-- \/ Yoast SEO plugin. -->","yoast_head_json":{"title":"TORAL LUCIANA serraje anteado - VENISE COLLECTION","robots":{"index":"index","follow":"follow","max-snippet":"max-snippet:-1","max-image-preview":"max-image-preview:large","max-video-preview":"max-video-preview:-1"},"canonical":"https:\/\/www.venisecollection.com\/es\/shop\/women\/botas\/toral-luciana-serraje-anteado","og_locale":"es_ES","og_type":"article","og_title":"TORAL LUCIANA serraje anteado - VENISE COLLECTION","og_description":"Los botines TORAL LUCIANA Serraje Anteado, en un elegante tono burdeos oscuro, combinan un dise\u00f1o contempor\u00e1neo con una sofisticaci\u00f3n atemporal. Elaborados por expertos en aut\u00e9ntica piel de ante, presentan una silueta elegante y ajustada con un tac\u00f3n de bloque medio-alto que a\u00f1ade comodidad y estilo. La punta afilada estiliza la pierna, lo que los convierte &hellip;","og_url":"https:\/\/www.venisecollection.com\/es\/shop\/women\/botas\/toral-luciana-serraje-anteado","og_site_name":"VENISE COLLECTION","article_modified_time":"2026-04-15T01:18:34+00:00","og_image":[{"width":1280,"height":1588,"url":"https:\/\/www.venisecollection.com\/cdn\/image-132.webp","type":"image\/webp"}],"twitter_card":"summary_large_image","schema":{"@context":"https:\/\/schema.org","@graph":[{"@type":"WebPage","@id":"https:\/\/www.venisecollection.com\/es\/shop\/women\/botas\/toral-luciana-serraje-anteado","url":"https:\/\/www.venisecollection.com\/es\/shop\/women\/botas\/toral-luciana-serraje-anteado","name":"TORAL LUCIANA serraje anteado - VENISE COLLECTION","isPartOf":{"@id":"https:\/\/www.venisecollection.com\/es#website"},"primaryImageOfPage":{"@id":"https:\/\/www.venisecollection.com\/es\/shop\/women\/botas\/toral-luciana-serraje-anteado#primaryimage"},"image":{"@id":"https:\/\/www.venisecollection.com\/es\/shop\/women\/botas\/toral-luciana-serraje-anteado#primaryimage"},"thumbnailUrl":"https:\/\/www.venisecollection.com\/cdn\/image-132.webp","datePublished":"2025-12-23T16:18:09+00:00","dateModified":"2026-04-15T01:18:34+00:00","breadcrumb":{"@id":"https:\/\/www.venisecollection.com\/es\/shop\/women\/botas\/toral-luciana-serraje-anteado#breadcrumb"},"inLanguage":"es","potentialAction":[{"@type":"ReadAction","target":["https:\/\/www.venisecollection.com\/es\/shop\/women\/botas\/toral-luciana-serraje-anteado"]}]},{"@type":"ImageObject","inLanguage":"es","@id":"https:\/\/www.venisecollection.com\/es\/shop\/women\/botas\/toral-luciana-serraje-anteado#primaryimage","url":"https:\/\/www.venisecollection.com\/cdn\/image-132.webp","contentUrl":"https:\/\/www.venisecollection.com\/cdn\/image-132.webp","width":1280,"height":1588},{"@type":"BreadcrumbList","@id":"https:\/\/www.venisecollection.com\/es\/shop\/women\/botas\/toral-luciana-serraje-anteado#breadcrumb","itemListElement":[{"@type":"ListItem","position":1,"name":"Home","item":"https:\/\/www.venisecollection.com\/es\/tienda"},{"@type":"ListItem","position":2,"name":"Inicio","item":"https:\/\/www.venisecollection.com\/es\/tienda"},{"@type":"ListItem","position":3,"name":"TORAL LUCIANA serraje anteado"}]},{"@type":"WebSite","@id":"https:\/\/www.venisecollection.com\/es#website","url":"https:\/\/www.venisecollection.com\/es","name":"VENISE COLLECTION","description":"","publisher":{"@id":"https:\/\/www.venisecollection.com\/es#organization"},"potentialAction":[{"@type":"SearchAction","target":{"@type":"EntryPoint","urlTemplate":"https:\/\/www.venisecollection.com\/es?s={search_term_string}"},"query-input":{"@type":"PropertyValueSpecification","valueRequired":true,"valueName":"search_term_string"}}],"inLanguage":"es"},{"@type":"Organization","@id":"https:\/\/www.venisecollection.com\/es#organization","name":"VENISE COLLECTION","url":"https:\/\/www.venisecollection.com\/es","logo":{"@type":"ImageObject","inLanguage":"es","@id":"https:\/\/www.venisecollection.com\/es#\/schema\/logo\/image\/","url":"https:\/\/www.venisecollection.com\/cdn\/seo.png","contentUrl":"https:\/\/www.venisecollection.com\/cdn\/seo.png","width":1080,"height":1080,"caption":"VENISE COLLECTION"},"image":{"@id":"https:\/\/www.venisecollection.com\/es#\/schema\/logo\/image\/"},"sameAs":["https:\/\/www.instagram.com\/venisecollection\/","https:\/\/fr.pinterest.com\/venisecollection\/"]}]}},"_links":{"self":[{"href":"https:\/\/www.venisecollection.com\/es\/wp-json\/wp\/v2\/product\/6059","targetHints":{"allow":["GET"]}}],"collection":[{"href":"https:\/\/www.venisecollection.com\/es\/wp-json\/wp\/v2\/product"}],"about":[{"href":"https:\/\/www.venisecollection.com\/es\/wp-json\/wp\/v2\/types\/product"}],"wp:featuredmedia":[{"embeddable":true,"href":"https:\/\/www.venisecollection.com\/es\/wp-json\/wp\/v2\/media\/6067"}],"wp:attachment":[{"href":"https:\/\/www.venisecollection.com\/es\/wp-json\/wp\/v2\/media?parent=6059"}],"wp:term":[{"taxonomy":"product_brand","embeddable":true,"href":"https:\/\/www.venisecollection.com\/es\/wp-json\/wp\/v2\/product_brand?post=6059"},{"taxonomy":"product_cat","embeddable":true,"href":"https:\/\/www.venisecollection.com\/es\/wp-json\/wp\/v2\/product_cat?post=6059"},{"taxonomy":"product_tag","embeddable":true,"href":"https:\/\/www.venisecollection.com\/es\/wp-json\/wp\/v2\/product_tag?post=6059"}],"curies":[{"name":"wp","href":"https:\/\/api.w.org\/{rel}","templated":true}]}}