{"id":6500,"date":"2025-11-20T16:12:18","date_gmt":"2025-11-20T16:12:18","guid":{"rendered":"https:\/\/www.venisecollection.com\/shop\/women\/sin%20categor\u00eda\/mocasines-moschino-de-ante\/"},"modified":"2026-04-30T00:34:34","modified_gmt":"2026-04-30T00:34:34","slug":"mocasines-moschino-de-ante","status":"publish","type":"product","link":"https:\/\/www.venisecollection.com\/es\/shop\/women\/loafers-and-derbies\/mocasines-moschino-de-ante","title":{"rendered":"Mocasines Moschino de ante"},"content":{"rendered":"<p style=\"text-align: justify;\">Los mocasines Moschino de ante est\u00e1n confeccionados en aut\u00e9ntica piel de becerro en un refinado tono beige, que encarna la elegancia italiana y la comodidad moderna. Con costuras pulidas, sutiles detalles met\u00e1licos y un suave tac\u00f3n de 1,5 cm, estos mocasines de mujer equilibran a la perfecci\u00f3n sofisticaci\u00f3n y facilidad de uso. Ideales para looks informales elegantes o de oficina, su tono neutro combina sin esfuerzo con cualquier conjunto.  <\/p>\n","protected":false},"excerpt":{"rendered":"<p>Los mocasines Moschino de ante est\u00e1n confeccionados en aut\u00e9ntica piel de becerro en un refinado tono beige, que encarna la elegancia italiana y la comodidad moderna. Con costuras pulidas, sutiles detalles met\u00e1licos y un suave tac\u00f3n de 1,5 cm, estos mocasines de mujer equilibran a la perfecci\u00f3n sofisticaci\u00f3n y facilidad de uso. Ideales para looks &hellip;<\/p>\n","protected":false},"featured_media":6511,"template":"","meta":[],"product_brand":[77],"product_cat":[72],"product_tag":[],"class_list":{"0":"post-6500","1":"product","2":"type-product","3":"status-publish","4":"has-post-thumbnail","6":"product_brand-moschino","7":"product_cat-loafers-and-derbies","9":"first","10":"outofstock","11":"shipping-taxable","12":"product-type-variable","13":"has-default-attributes"},"yoast_head":"<!-- This site is optimized with the Yoast SEO plugin v27.5 - https:\/\/yoast.com\/product\/yoast-seo-wordpress\/ -->\n<title>Mocasines Moschino de ante - VENISE COLLECTION<\/title>\n<meta name=\"robots\" content=\"index, follow, max-snippet:-1, max-image-preview:large, max-video-preview:-1\" \/>\n<link rel=\"canonical\" href=\"https:\/\/www.venisecollection.com\/es\/shop\/women\/loafers-and-derbies\/mocasines-moschino-de-ante\" \/>\n<meta property=\"og:locale\" content=\"es_ES\" \/>\n<meta property=\"og:type\" content=\"article\" \/>\n<meta property=\"og:title\" content=\"Mocasines Moschino de ante - VENISE COLLECTION\" \/>\n<meta property=\"og:description\" content=\"Los mocasines Moschino de ante est\u00e1n confeccionados en aut\u00e9ntica piel de becerro en un refinado tono beige, que encarna la elegancia italiana y la comodidad moderna. Con costuras pulidas, sutiles detalles met\u00e1licos y un suave tac\u00f3n de 1,5 cm, estos mocasines de mujer equilibran a la perfecci\u00f3n sofisticaci\u00f3n y facilidad de uso. Ideales para looks &hellip;\" \/>\n<meta property=\"og:url\" content=\"https:\/\/www.venisecollection.com\/es\/shop\/women\/loafers-and-derbies\/mocasines-moschino-de-ante\" \/>\n<meta property=\"og:site_name\" content=\"VENISE COLLECTION\" \/>\n<meta property=\"article:modified_time\" content=\"2026-04-30T00:34:34+00:00\" \/>\n<meta property=\"og:image\" content=\"https:\/\/www.venisecollection.com\/cdn\/image.psd-180.webp\" \/>\n\t<meta property=\"og:image:width\" content=\"1280\" \/>\n\t<meta property=\"og:image:height\" content=\"1588\" \/>\n\t<meta property=\"og:image:type\" content=\"image\/webp\" \/>\n<meta name=\"twitter:card\" content=\"summary_large_image\" \/>\n<script type=\"application\/ld+json\" class=\"yoast-schema-graph\">{\"@context\":\"https:\\\/\\\/schema.org\",\"@graph\":[{\"@type\":\"WebPage\",\"@id\":\"https:\\\/\\\/www.venisecollection.com\\\/es\\\/shop\\\/women\\\/loafers-and-derbies\\\/mocasines-moschino-de-ante\",\"url\":\"https:\\\/\\\/www.venisecollection.com\\\/es\\\/shop\\\/women\\\/loafers-and-derbies\\\/mocasines-moschino-de-ante\",\"name\":\"Mocasines Moschino de ante - VENISE COLLECTION\",\"isPartOf\":{\"@id\":\"https:\\\/\\\/www.venisecollection.com\\\/es#website\"},\"primaryImageOfPage\":{\"@id\":\"https:\\\/\\\/www.venisecollection.com\\\/es\\\/shop\\\/women\\\/loafers-and-derbies\\\/mocasines-moschino-de-ante#primaryimage\"},\"image\":{\"@id\":\"https:\\\/\\\/www.venisecollection.com\\\/es\\\/shop\\\/women\\\/loafers-and-derbies\\\/mocasines-moschino-de-ante#primaryimage\"},\"thumbnailUrl\":\"https:\\\/\\\/www.venisecollection.com\\\/cdn\\\/image.psd-180.webp\",\"datePublished\":\"2025-11-20T16:12:18+00:00\",\"dateModified\":\"2026-04-30T00:34:34+00:00\",\"breadcrumb\":{\"@id\":\"https:\\\/\\\/www.venisecollection.com\\\/es\\\/shop\\\/women\\\/loafers-and-derbies\\\/mocasines-moschino-de-ante#breadcrumb\"},\"inLanguage\":\"es\",\"potentialAction\":[{\"@type\":\"ReadAction\",\"target\":[\"https:\\\/\\\/www.venisecollection.com\\\/es\\\/shop\\\/women\\\/loafers-and-derbies\\\/mocasines-moschino-de-ante\"]}]},{\"@type\":\"ImageObject\",\"inLanguage\":\"es\",\"@id\":\"https:\\\/\\\/www.venisecollection.com\\\/es\\\/shop\\\/women\\\/loafers-and-derbies\\\/mocasines-moschino-de-ante#primaryimage\",\"url\":\"https:\\\/\\\/www.venisecollection.com\\\/cdn\\\/image.psd-180.webp\",\"contentUrl\":\"https:\\\/\\\/www.venisecollection.com\\\/cdn\\\/image.psd-180.webp\",\"width\":1280,\"height\":1588},{\"@type\":\"BreadcrumbList\",\"@id\":\"https:\\\/\\\/www.venisecollection.com\\\/es\\\/shop\\\/women\\\/loafers-and-derbies\\\/mocasines-moschino-de-ante#breadcrumb\",\"itemListElement\":[{\"@type\":\"ListItem\",\"position\":1,\"name\":\"Home\",\"item\":\"https:\\\/\\\/www.venisecollection.com\\\/es\\\/tienda\"},{\"@type\":\"ListItem\",\"position\":2,\"name\":\"Inicio\",\"item\":\"https:\\\/\\\/www.venisecollection.com\\\/es\\\/tienda\"},{\"@type\":\"ListItem\",\"position\":3,\"name\":\"Mocasines Moschino de ante\"}]},{\"@type\":\"WebSite\",\"@id\":\"https:\\\/\\\/www.venisecollection.com\\\/es#website\",\"url\":\"https:\\\/\\\/www.venisecollection.com\\\/es\",\"name\":\"VENISE COLLECTION\",\"description\":\"\",\"publisher\":{\"@id\":\"https:\\\/\\\/www.venisecollection.com\\\/es#organization\"},\"potentialAction\":[{\"@type\":\"SearchAction\",\"target\":{\"@type\":\"EntryPoint\",\"urlTemplate\":\"https:\\\/\\\/www.venisecollection.com\\\/es?s={search_term_string}\"},\"query-input\":{\"@type\":\"PropertyValueSpecification\",\"valueRequired\":true,\"valueName\":\"search_term_string\"}}],\"inLanguage\":\"es\"},{\"@type\":\"Organization\",\"@id\":\"https:\\\/\\\/www.venisecollection.com\\\/es#organization\",\"name\":\"VENISE COLLECTION\",\"url\":\"https:\\\/\\\/www.venisecollection.com\\\/es\",\"logo\":{\"@type\":\"ImageObject\",\"inLanguage\":\"es\",\"@id\":\"https:\\\/\\\/www.venisecollection.com\\\/es#\\\/schema\\\/logo\\\/image\\\/\",\"url\":\"https:\\\/\\\/www.venisecollection.com\\\/cdn\\\/seo.png\",\"contentUrl\":\"https:\\\/\\\/www.venisecollection.com\\\/cdn\\\/seo.png\",\"width\":1080,\"height\":1080,\"caption\":\"VENISE COLLECTION\"},\"image\":{\"@id\":\"https:\\\/\\\/www.venisecollection.com\\\/es#\\\/schema\\\/logo\\\/image\\\/\"},\"sameAs\":[\"https:\\\/\\\/www.instagram.com\\\/venisecollection\\\/\",\"https:\\\/\\\/fr.pinterest.com\\\/venisecollection\\\/\"]}]}<\/script>\n<!-- \/ Yoast SEO plugin. -->","yoast_head_json":{"title":"Mocasines Moschino de ante - VENISE COLLECTION","robots":{"index":"index","follow":"follow","max-snippet":"max-snippet:-1","max-image-preview":"max-image-preview:large","max-video-preview":"max-video-preview:-1"},"canonical":"https:\/\/www.venisecollection.com\/es\/shop\/women\/loafers-and-derbies\/mocasines-moschino-de-ante","og_locale":"es_ES","og_type":"article","og_title":"Mocasines Moschino de ante - VENISE COLLECTION","og_description":"Los mocasines Moschino de ante est\u00e1n confeccionados en aut\u00e9ntica piel de becerro en un refinado tono beige, que encarna la elegancia italiana y la comodidad moderna. Con costuras pulidas, sutiles detalles met\u00e1licos y un suave tac\u00f3n de 1,5 cm, estos mocasines de mujer equilibran a la perfecci\u00f3n sofisticaci\u00f3n y facilidad de uso. Ideales para looks &hellip;","og_url":"https:\/\/www.venisecollection.com\/es\/shop\/women\/loafers-and-derbies\/mocasines-moschino-de-ante","og_site_name":"VENISE COLLECTION","article_modified_time":"2026-04-30T00:34:34+00:00","og_image":[{"width":1280,"height":1588,"url":"https:\/\/www.venisecollection.com\/cdn\/image.psd-180.webp","type":"image\/webp"}],"twitter_card":"summary_large_image","schema":{"@context":"https:\/\/schema.org","@graph":[{"@type":"WebPage","@id":"https:\/\/www.venisecollection.com\/es\/shop\/women\/loafers-and-derbies\/mocasines-moschino-de-ante","url":"https:\/\/www.venisecollection.com\/es\/shop\/women\/loafers-and-derbies\/mocasines-moschino-de-ante","name":"Mocasines Moschino de ante - VENISE COLLECTION","isPartOf":{"@id":"https:\/\/www.venisecollection.com\/es#website"},"primaryImageOfPage":{"@id":"https:\/\/www.venisecollection.com\/es\/shop\/women\/loafers-and-derbies\/mocasines-moschino-de-ante#primaryimage"},"image":{"@id":"https:\/\/www.venisecollection.com\/es\/shop\/women\/loafers-and-derbies\/mocasines-moschino-de-ante#primaryimage"},"thumbnailUrl":"https:\/\/www.venisecollection.com\/cdn\/image.psd-180.webp","datePublished":"2025-11-20T16:12:18+00:00","dateModified":"2026-04-30T00:34:34+00:00","breadcrumb":{"@id":"https:\/\/www.venisecollection.com\/es\/shop\/women\/loafers-and-derbies\/mocasines-moschino-de-ante#breadcrumb"},"inLanguage":"es","potentialAction":[{"@type":"ReadAction","target":["https:\/\/www.venisecollection.com\/es\/shop\/women\/loafers-and-derbies\/mocasines-moschino-de-ante"]}]},{"@type":"ImageObject","inLanguage":"es","@id":"https:\/\/www.venisecollection.com\/es\/shop\/women\/loafers-and-derbies\/mocasines-moschino-de-ante#primaryimage","url":"https:\/\/www.venisecollection.com\/cdn\/image.psd-180.webp","contentUrl":"https:\/\/www.venisecollection.com\/cdn\/image.psd-180.webp","width":1280,"height":1588},{"@type":"BreadcrumbList","@id":"https:\/\/www.venisecollection.com\/es\/shop\/women\/loafers-and-derbies\/mocasines-moschino-de-ante#breadcrumb","itemListElement":[{"@type":"ListItem","position":1,"name":"Home","item":"https:\/\/www.venisecollection.com\/es\/tienda"},{"@type":"ListItem","position":2,"name":"Inicio","item":"https:\/\/www.venisecollection.com\/es\/tienda"},{"@type":"ListItem","position":3,"name":"Mocasines Moschino de ante"}]},{"@type":"WebSite","@id":"https:\/\/www.venisecollection.com\/es#website","url":"https:\/\/www.venisecollection.com\/es","name":"VENISE COLLECTION","description":"","publisher":{"@id":"https:\/\/www.venisecollection.com\/es#organization"},"potentialAction":[{"@type":"SearchAction","target":{"@type":"EntryPoint","urlTemplate":"https:\/\/www.venisecollection.com\/es?s={search_term_string}"},"query-input":{"@type":"PropertyValueSpecification","valueRequired":true,"valueName":"search_term_string"}}],"inLanguage":"es"},{"@type":"Organization","@id":"https:\/\/www.venisecollection.com\/es#organization","name":"VENISE COLLECTION","url":"https:\/\/www.venisecollection.com\/es","logo":{"@type":"ImageObject","inLanguage":"es","@id":"https:\/\/www.venisecollection.com\/es#\/schema\/logo\/image\/","url":"https:\/\/www.venisecollection.com\/cdn\/seo.png","contentUrl":"https:\/\/www.venisecollection.com\/cdn\/seo.png","width":1080,"height":1080,"caption":"VENISE COLLECTION"},"image":{"@id":"https:\/\/www.venisecollection.com\/es#\/schema\/logo\/image\/"},"sameAs":["https:\/\/www.instagram.com\/venisecollection\/","https:\/\/fr.pinterest.com\/venisecollection\/"]}]}},"_links":{"self":[{"href":"https:\/\/www.venisecollection.com\/es\/wp-json\/wp\/v2\/product\/6500","targetHints":{"allow":["GET"]}}],"collection":[{"href":"https:\/\/www.venisecollection.com\/es\/wp-json\/wp\/v2\/product"}],"about":[{"href":"https:\/\/www.venisecollection.com\/es\/wp-json\/wp\/v2\/types\/product"}],"wp:featuredmedia":[{"embeddable":true,"href":"https:\/\/www.venisecollection.com\/es\/wp-json\/wp\/v2\/media\/6511"}],"wp:attachment":[{"href":"https:\/\/www.venisecollection.com\/es\/wp-json\/wp\/v2\/media?parent=6500"}],"wp:term":[{"taxonomy":"product_brand","embeddable":true,"href":"https:\/\/www.venisecollection.com\/es\/wp-json\/wp\/v2\/product_brand?post=6500"},{"taxonomy":"product_cat","embeddable":true,"href":"https:\/\/www.venisecollection.com\/es\/wp-json\/wp\/v2\/product_cat?post=6500"},{"taxonomy":"product_tag","embeddable":true,"href":"https:\/\/www.venisecollection.com\/es\/wp-json\/wp\/v2\/product_tag?post=6500"}],"curies":[{"name":"wp","href":"https:\/\/api.w.org\/{rel}","templated":true}]}}