{"id":6874,"date":"2025-12-20T16:07:36","date_gmt":"2025-12-20T16:07:36","guid":{"rendered":"https:\/\/www.venisecollection.com\/shop\/women\/sin%20categor\u00eda\/agl-andrea\/"},"modified":"2026-04-15T01:13:00","modified_gmt":"2026-04-15T01:13:00","slug":"agl-andrea","status":"publish","type":"product","link":"https:\/\/www.venisecollection.com\/es\/shop\/women\/mocasines-y-derbies\/agl-andrea","title":{"rendered":"AGL Andrea"},"content":{"rendered":"<p style=\"text-align: justify;\">Los zapatos derby con cordones Andrea para mujer aportan una sofisticaci\u00f3n de inspiraci\u00f3n brit\u00e1nica a la elegancia cotidiana. Confeccionados en piel de becerro de primera calidad y decorados con el tradicional broguing, ofrecen una est\u00e9tica refinada y atemporal. <\/p>\n<p style=\"text-align: justify;\">La plantilla anat\u00f3mica de cuero garantiza un ajuste suave y adaptable, mientras que la suela de goma expandida con aire ultraligera proporciona una excelente comodidad y flexibilidad en cada paso.<br \/>\nDise\u00f1ados y fabricados con orgullo en Italia, estos derbies son la elecci\u00f3n perfecta tanto para ocasiones de negocios como para eventos informales elegantes.<\/p>\n<p style=\"text-align: justify;\">Detalles: Exterior: piel de becerro \u2013 Plantilla: anat\u00f3mica, con forro de cuero \u2013 Suela: goma expandida con aire ultraligera \u2013 Fabricado en Italia<\/p>\n","protected":false},"excerpt":{"rendered":"<p>Los zapatos derby con cordones Andrea para mujer aportan una sofisticaci\u00f3n de inspiraci\u00f3n brit\u00e1nica a la elegancia cotidiana. Confeccionados en piel de becerro de primera calidad y decorados con el tradicional broguing, ofrecen una est\u00e9tica refinada y atemporal. La plantilla anat\u00f3mica de cuero garantiza un ajuste suave y adaptable, mientras que la suela de goma &hellip;<\/p>\n","protected":false},"featured_media":6876,"template":"","meta":[],"product_brand":[372,358],"product_cat":[124],"product_tag":[],"class_list":{"0":"post-6874","1":"product","2":"type-product","3":"status-publish","4":"has-post-thumbnail","6":"product_brand-agl","7":"product_brand-venise-collection","8":"product_cat-mocasines-y-derbies","10":"first","11":"instock","12":"shipping-taxable","13":"purchasable","14":"product-type-variable","15":"has-default-attributes"},"yoast_head":"<!-- This site is optimized with the Yoast SEO plugin v27.4 - https:\/\/yoast.com\/product\/yoast-seo-wordpress\/ -->\n<title>AGL Andrea - VENISE COLLECTION<\/title>\n<meta name=\"robots\" content=\"index, follow, max-snippet:-1, max-image-preview:large, max-video-preview:-1\" \/>\n<link rel=\"canonical\" href=\"https:\/\/www.venisecollection.com\/es\/shop\/women\/mocasines-y-derbies\/agl-andrea\" \/>\n<meta property=\"og:locale\" content=\"es_ES\" \/>\n<meta property=\"og:type\" content=\"article\" \/>\n<meta property=\"og:title\" content=\"AGL Andrea - VENISE COLLECTION\" \/>\n<meta property=\"og:description\" content=\"Los zapatos derby con cordones Andrea para mujer aportan una sofisticaci\u00f3n de inspiraci\u00f3n brit\u00e1nica a la elegancia cotidiana. Confeccionados en piel de becerro de primera calidad y decorados con el tradicional broguing, ofrecen una est\u00e9tica refinada y atemporal. La plantilla anat\u00f3mica de cuero garantiza un ajuste suave y adaptable, mientras que la suela de goma &hellip;\" \/>\n<meta property=\"og:url\" content=\"https:\/\/www.venisecollection.com\/es\/shop\/women\/mocasines-y-derbies\/agl-andrea\" \/>\n<meta property=\"og:site_name\" content=\"VENISE COLLECTION\" \/>\n<meta property=\"article:modified_time\" content=\"2026-04-15T01:13:00+00:00\" \/>\n<meta property=\"og:image\" content=\"https:\/\/www.venisecollection.com\/cdn\/image-59-10.webp\" \/>\n\t<meta property=\"og:image:width\" content=\"1280\" \/>\n\t<meta property=\"og:image:height\" content=\"1588\" \/>\n\t<meta property=\"og:image:type\" content=\"image\/webp\" \/>\n<meta name=\"twitter:card\" content=\"summary_large_image\" \/>\n<meta name=\"twitter:label1\" content=\"Tiempo de lectura\" \/>\n\t<meta name=\"twitter:data1\" content=\"1 minuto\" \/>\n<script type=\"application\/ld+json\" class=\"yoast-schema-graph\">{\"@context\":\"https:\\\/\\\/schema.org\",\"@graph\":[{\"@type\":\"WebPage\",\"@id\":\"https:\\\/\\\/www.venisecollection.com\\\/es\\\/shop\\\/women\\\/mocasines-y-derbies\\\/agl-andrea\",\"url\":\"https:\\\/\\\/www.venisecollection.com\\\/es\\\/shop\\\/women\\\/mocasines-y-derbies\\\/agl-andrea\",\"name\":\"AGL Andrea - VENISE COLLECTION\",\"isPartOf\":{\"@id\":\"https:\\\/\\\/www.venisecollection.com\\\/es#website\"},\"primaryImageOfPage\":{\"@id\":\"https:\\\/\\\/www.venisecollection.com\\\/es\\\/shop\\\/women\\\/mocasines-y-derbies\\\/agl-andrea#primaryimage\"},\"image\":{\"@id\":\"https:\\\/\\\/www.venisecollection.com\\\/es\\\/shop\\\/women\\\/mocasines-y-derbies\\\/agl-andrea#primaryimage\"},\"thumbnailUrl\":\"https:\\\/\\\/www.venisecollection.com\\\/cdn\\\/image-59-10.webp\",\"datePublished\":\"2025-12-20T16:07:36+00:00\",\"dateModified\":\"2026-04-15T01:13:00+00:00\",\"breadcrumb\":{\"@id\":\"https:\\\/\\\/www.venisecollection.com\\\/es\\\/shop\\\/women\\\/mocasines-y-derbies\\\/agl-andrea#breadcrumb\"},\"inLanguage\":\"es\",\"potentialAction\":[{\"@type\":\"ReadAction\",\"target\":[\"https:\\\/\\\/www.venisecollection.com\\\/es\\\/shop\\\/women\\\/mocasines-y-derbies\\\/agl-andrea\"]}]},{\"@type\":\"ImageObject\",\"inLanguage\":\"es\",\"@id\":\"https:\\\/\\\/www.venisecollection.com\\\/es\\\/shop\\\/women\\\/mocasines-y-derbies\\\/agl-andrea#primaryimage\",\"url\":\"https:\\\/\\\/www.venisecollection.com\\\/cdn\\\/image-59-10.webp\",\"contentUrl\":\"https:\\\/\\\/www.venisecollection.com\\\/cdn\\\/image-59-10.webp\",\"width\":1280,\"height\":1588},{\"@type\":\"BreadcrumbList\",\"@id\":\"https:\\\/\\\/www.venisecollection.com\\\/es\\\/shop\\\/women\\\/mocasines-y-derbies\\\/agl-andrea#breadcrumb\",\"itemListElement\":[{\"@type\":\"ListItem\",\"position\":1,\"name\":\"Home\",\"item\":\"https:\\\/\\\/www.venisecollection.com\\\/es\\\/tienda\"},{\"@type\":\"ListItem\",\"position\":2,\"name\":\"Inicio\",\"item\":\"https:\\\/\\\/www.venisecollection.com\\\/es\\\/tienda\"},{\"@type\":\"ListItem\",\"position\":3,\"name\":\"AGL Andrea\"}]},{\"@type\":\"WebSite\",\"@id\":\"https:\\\/\\\/www.venisecollection.com\\\/es#website\",\"url\":\"https:\\\/\\\/www.venisecollection.com\\\/es\",\"name\":\"VENISE COLLECTION\",\"description\":\"\",\"publisher\":{\"@id\":\"https:\\\/\\\/www.venisecollection.com\\\/es#organization\"},\"potentialAction\":[{\"@type\":\"SearchAction\",\"target\":{\"@type\":\"EntryPoint\",\"urlTemplate\":\"https:\\\/\\\/www.venisecollection.com\\\/es?s={search_term_string}\"},\"query-input\":{\"@type\":\"PropertyValueSpecification\",\"valueRequired\":true,\"valueName\":\"search_term_string\"}}],\"inLanguage\":\"es\"},{\"@type\":\"Organization\",\"@id\":\"https:\\\/\\\/www.venisecollection.com\\\/es#organization\",\"name\":\"VENISE COLLECTION\",\"url\":\"https:\\\/\\\/www.venisecollection.com\\\/es\",\"logo\":{\"@type\":\"ImageObject\",\"inLanguage\":\"es\",\"@id\":\"https:\\\/\\\/www.venisecollection.com\\\/es#\\\/schema\\\/logo\\\/image\\\/\",\"url\":\"https:\\\/\\\/www.venisecollection.com\\\/cdn\\\/seo.png\",\"contentUrl\":\"https:\\\/\\\/www.venisecollection.com\\\/cdn\\\/seo.png\",\"width\":1080,\"height\":1080,\"caption\":\"VENISE COLLECTION\"},\"image\":{\"@id\":\"https:\\\/\\\/www.venisecollection.com\\\/es#\\\/schema\\\/logo\\\/image\\\/\"},\"sameAs\":[\"https:\\\/\\\/www.instagram.com\\\/venisecollection\\\/\",\"https:\\\/\\\/fr.pinterest.com\\\/venisecollection\\\/\"]}]}<\/script>\n<!-- \/ Yoast SEO plugin. -->","yoast_head_json":{"title":"AGL Andrea - VENISE COLLECTION","robots":{"index":"index","follow":"follow","max-snippet":"max-snippet:-1","max-image-preview":"max-image-preview:large","max-video-preview":"max-video-preview:-1"},"canonical":"https:\/\/www.venisecollection.com\/es\/shop\/women\/mocasines-y-derbies\/agl-andrea","og_locale":"es_ES","og_type":"article","og_title":"AGL Andrea - VENISE COLLECTION","og_description":"Los zapatos derby con cordones Andrea para mujer aportan una sofisticaci\u00f3n de inspiraci\u00f3n brit\u00e1nica a la elegancia cotidiana. Confeccionados en piel de becerro de primera calidad y decorados con el tradicional broguing, ofrecen una est\u00e9tica refinada y atemporal. La plantilla anat\u00f3mica de cuero garantiza un ajuste suave y adaptable, mientras que la suela de goma &hellip;","og_url":"https:\/\/www.venisecollection.com\/es\/shop\/women\/mocasines-y-derbies\/agl-andrea","og_site_name":"VENISE COLLECTION","article_modified_time":"2026-04-15T01:13:00+00:00","og_image":[{"width":1280,"height":1588,"url":"https:\/\/www.venisecollection.com\/cdn\/image-59-10.webp","type":"image\/webp"}],"twitter_card":"summary_large_image","twitter_misc":{"Tiempo de lectura":"1 minuto"},"schema":{"@context":"https:\/\/schema.org","@graph":[{"@type":"WebPage","@id":"https:\/\/www.venisecollection.com\/es\/shop\/women\/mocasines-y-derbies\/agl-andrea","url":"https:\/\/www.venisecollection.com\/es\/shop\/women\/mocasines-y-derbies\/agl-andrea","name":"AGL Andrea - VENISE COLLECTION","isPartOf":{"@id":"https:\/\/www.venisecollection.com\/es#website"},"primaryImageOfPage":{"@id":"https:\/\/www.venisecollection.com\/es\/shop\/women\/mocasines-y-derbies\/agl-andrea#primaryimage"},"image":{"@id":"https:\/\/www.venisecollection.com\/es\/shop\/women\/mocasines-y-derbies\/agl-andrea#primaryimage"},"thumbnailUrl":"https:\/\/www.venisecollection.com\/cdn\/image-59-10.webp","datePublished":"2025-12-20T16:07:36+00:00","dateModified":"2026-04-15T01:13:00+00:00","breadcrumb":{"@id":"https:\/\/www.venisecollection.com\/es\/shop\/women\/mocasines-y-derbies\/agl-andrea#breadcrumb"},"inLanguage":"es","potentialAction":[{"@type":"ReadAction","target":["https:\/\/www.venisecollection.com\/es\/shop\/women\/mocasines-y-derbies\/agl-andrea"]}]},{"@type":"ImageObject","inLanguage":"es","@id":"https:\/\/www.venisecollection.com\/es\/shop\/women\/mocasines-y-derbies\/agl-andrea#primaryimage","url":"https:\/\/www.venisecollection.com\/cdn\/image-59-10.webp","contentUrl":"https:\/\/www.venisecollection.com\/cdn\/image-59-10.webp","width":1280,"height":1588},{"@type":"BreadcrumbList","@id":"https:\/\/www.venisecollection.com\/es\/shop\/women\/mocasines-y-derbies\/agl-andrea#breadcrumb","itemListElement":[{"@type":"ListItem","position":1,"name":"Home","item":"https:\/\/www.venisecollection.com\/es\/tienda"},{"@type":"ListItem","position":2,"name":"Inicio","item":"https:\/\/www.venisecollection.com\/es\/tienda"},{"@type":"ListItem","position":3,"name":"AGL Andrea"}]},{"@type":"WebSite","@id":"https:\/\/www.venisecollection.com\/es#website","url":"https:\/\/www.venisecollection.com\/es","name":"VENISE COLLECTION","description":"","publisher":{"@id":"https:\/\/www.venisecollection.com\/es#organization"},"potentialAction":[{"@type":"SearchAction","target":{"@type":"EntryPoint","urlTemplate":"https:\/\/www.venisecollection.com\/es?s={search_term_string}"},"query-input":{"@type":"PropertyValueSpecification","valueRequired":true,"valueName":"search_term_string"}}],"inLanguage":"es"},{"@type":"Organization","@id":"https:\/\/www.venisecollection.com\/es#organization","name":"VENISE COLLECTION","url":"https:\/\/www.venisecollection.com\/es","logo":{"@type":"ImageObject","inLanguage":"es","@id":"https:\/\/www.venisecollection.com\/es#\/schema\/logo\/image\/","url":"https:\/\/www.venisecollection.com\/cdn\/seo.png","contentUrl":"https:\/\/www.venisecollection.com\/cdn\/seo.png","width":1080,"height":1080,"caption":"VENISE COLLECTION"},"image":{"@id":"https:\/\/www.venisecollection.com\/es#\/schema\/logo\/image\/"},"sameAs":["https:\/\/www.instagram.com\/venisecollection\/","https:\/\/fr.pinterest.com\/venisecollection\/"]}]}},"_links":{"self":[{"href":"https:\/\/www.venisecollection.com\/es\/wp-json\/wp\/v2\/product\/6874","targetHints":{"allow":["GET"]}}],"collection":[{"href":"https:\/\/www.venisecollection.com\/es\/wp-json\/wp\/v2\/product"}],"about":[{"href":"https:\/\/www.venisecollection.com\/es\/wp-json\/wp\/v2\/types\/product"}],"wp:featuredmedia":[{"embeddable":true,"href":"https:\/\/www.venisecollection.com\/es\/wp-json\/wp\/v2\/media\/6876"}],"wp:attachment":[{"href":"https:\/\/www.venisecollection.com\/es\/wp-json\/wp\/v2\/media?parent=6874"}],"wp:term":[{"taxonomy":"product_brand","embeddable":true,"href":"https:\/\/www.venisecollection.com\/es\/wp-json\/wp\/v2\/product_brand?post=6874"},{"taxonomy":"product_cat","embeddable":true,"href":"https:\/\/www.venisecollection.com\/es\/wp-json\/wp\/v2\/product_cat?post=6874"},{"taxonomy":"product_tag","embeddable":true,"href":"https:\/\/www.venisecollection.com\/es\/wp-json\/wp\/v2\/product_tag?post=6874"}],"curies":[{"name":"wp","href":"https:\/\/api.w.org\/{rel}","templated":true}]}}