{"id":6921,"date":"2025-12-20T16:07:40","date_gmt":"2025-12-20T16:07:40","guid":{"rendered":"https:\/\/www.venisecollection.com\/shop\/women\/sin%20categor\u00eda\/warmbat-durack-mujer-plataforma-con-cremallera\/"},"modified":"2026-04-15T01:12:46","modified_gmt":"2026-04-15T01:12:46","slug":"warmbat-durack-mujer-plataforma-con-cremallera","status":"publish","type":"product","link":"https:\/\/www.venisecollection.com\/es\/shop\/women\/botas\/warmbat-durack-mujer-plataforma-con-cremallera","title":{"rendered":"Warmbat DURACK MUJER PLATAFORMA CON CREMALLERA"},"content":{"rendered":"<p style=\"text-align: justify;\">La bota de ante con plataforma Warmbat Durack para mujer es la combinaci\u00f3n perfecta de calidez, comodidad y estilo sin esfuerzo. Dise\u00f1adas para la temporada de oto\u00f1o\/invierno, estas botas cuentan con una parte superior de ante suave, punta redonda y un dise\u00f1o sin cierre para facilitar su uso. En el interior, el lujoso forro de lana merino mantiene tus pies c\u00f3modos incluso en los d\u00edas m\u00e1s fr\u00edos, mientras que la suela de goma termopl\u00e1stica proporciona una tracci\u00f3n y estabilidad duraderas.  <\/p>\n","protected":false},"excerpt":{"rendered":"<p>La bota de ante con plataforma Warmbat Durack para mujer es la combinaci\u00f3n perfecta de calidez, comodidad y estilo sin esfuerzo. Dise\u00f1adas para la temporada de oto\u00f1o\/invierno, estas botas cuentan con una parte superior de ante suave, punta redonda y un dise\u00f1o sin cierre para facilitar su uso. En el interior, el lujoso forro de &hellip;<\/p>\n","protected":false},"featured_media":6924,"template":"","meta":[],"product_brand":[369],"product_cat":[122],"product_tag":[],"class_list":{"0":"post-6921","1":"product","2":"type-product","3":"status-publish","4":"has-post-thumbnail","6":"product_brand-warmbat","7":"product_cat-botas","9":"first","10":"instock","11":"shipping-taxable","12":"purchasable","13":"product-type-variable","14":"has-default-attributes"},"yoast_head":"<!-- This site is optimized with the Yoast SEO plugin v27.4 - https:\/\/yoast.com\/product\/yoast-seo-wordpress\/ -->\n<title>Warmbat DURACK MUJER PLATAFORMA CON CREMALLERA - VENISE COLLECTION<\/title>\n<meta name=\"robots\" content=\"index, follow, max-snippet:-1, max-image-preview:large, max-video-preview:-1\" \/>\n<link rel=\"canonical\" href=\"https:\/\/www.venisecollection.com\/es\/shop\/women\/botas\/warmbat-durack-mujer-plataforma-con-cremallera\" \/>\n<meta property=\"og:locale\" content=\"es_ES\" \/>\n<meta property=\"og:type\" content=\"article\" \/>\n<meta property=\"og:title\" content=\"Warmbat DURACK MUJER PLATAFORMA CON CREMALLERA - VENISE COLLECTION\" \/>\n<meta property=\"og:description\" content=\"La bota de ante con plataforma Warmbat Durack para mujer es la combinaci\u00f3n perfecta de calidez, comodidad y estilo sin esfuerzo. Dise\u00f1adas para la temporada de oto\u00f1o\/invierno, estas botas cuentan con una parte superior de ante suave, punta redonda y un dise\u00f1o sin cierre para facilitar su uso. En el interior, el lujoso forro de &hellip;\" \/>\n<meta property=\"og:url\" content=\"https:\/\/www.venisecollection.com\/es\/shop\/women\/botas\/warmbat-durack-mujer-plataforma-con-cremallera\" \/>\n<meta property=\"og:site_name\" content=\"VENISE COLLECTION\" \/>\n<meta property=\"article:modified_time\" content=\"2026-04-15T01:12:46+00:00\" \/>\n<meta property=\"og:image\" content=\"https:\/\/www.venisecollection.com\/cdn\/image.psd-62.webp\" \/>\n\t<meta property=\"og:image:width\" content=\"1280\" \/>\n\t<meta property=\"og:image:height\" content=\"1588\" \/>\n\t<meta property=\"og:image:type\" content=\"image\/webp\" \/>\n<meta name=\"twitter:card\" content=\"summary_large_image\" \/>\n<script type=\"application\/ld+json\" class=\"yoast-schema-graph\">{\"@context\":\"https:\\\/\\\/schema.org\",\"@graph\":[{\"@type\":\"WebPage\",\"@id\":\"https:\\\/\\\/www.venisecollection.com\\\/es\\\/shop\\\/women\\\/botas\\\/warmbat-durack-mujer-plataforma-con-cremallera\",\"url\":\"https:\\\/\\\/www.venisecollection.com\\\/es\\\/shop\\\/women\\\/botas\\\/warmbat-durack-mujer-plataforma-con-cremallera\",\"name\":\"Warmbat DURACK MUJER PLATAFORMA CON CREMALLERA - VENISE COLLECTION\",\"isPartOf\":{\"@id\":\"https:\\\/\\\/www.venisecollection.com\\\/es#website\"},\"primaryImageOfPage\":{\"@id\":\"https:\\\/\\\/www.venisecollection.com\\\/es\\\/shop\\\/women\\\/botas\\\/warmbat-durack-mujer-plataforma-con-cremallera#primaryimage\"},\"image\":{\"@id\":\"https:\\\/\\\/www.venisecollection.com\\\/es\\\/shop\\\/women\\\/botas\\\/warmbat-durack-mujer-plataforma-con-cremallera#primaryimage\"},\"thumbnailUrl\":\"https:\\\/\\\/www.venisecollection.com\\\/cdn\\\/image.psd-62.webp\",\"datePublished\":\"2025-12-20T16:07:40+00:00\",\"dateModified\":\"2026-04-15T01:12:46+00:00\",\"breadcrumb\":{\"@id\":\"https:\\\/\\\/www.venisecollection.com\\\/es\\\/shop\\\/women\\\/botas\\\/warmbat-durack-mujer-plataforma-con-cremallera#breadcrumb\"},\"inLanguage\":\"es\",\"potentialAction\":[{\"@type\":\"ReadAction\",\"target\":[\"https:\\\/\\\/www.venisecollection.com\\\/es\\\/shop\\\/women\\\/botas\\\/warmbat-durack-mujer-plataforma-con-cremallera\"]}]},{\"@type\":\"ImageObject\",\"inLanguage\":\"es\",\"@id\":\"https:\\\/\\\/www.venisecollection.com\\\/es\\\/shop\\\/women\\\/botas\\\/warmbat-durack-mujer-plataforma-con-cremallera#primaryimage\",\"url\":\"https:\\\/\\\/www.venisecollection.com\\\/cdn\\\/image.psd-62.webp\",\"contentUrl\":\"https:\\\/\\\/www.venisecollection.com\\\/cdn\\\/image.psd-62.webp\",\"width\":1280,\"height\":1588},{\"@type\":\"BreadcrumbList\",\"@id\":\"https:\\\/\\\/www.venisecollection.com\\\/es\\\/shop\\\/women\\\/botas\\\/warmbat-durack-mujer-plataforma-con-cremallera#breadcrumb\",\"itemListElement\":[{\"@type\":\"ListItem\",\"position\":1,\"name\":\"Home\",\"item\":\"https:\\\/\\\/www.venisecollection.com\\\/es\\\/tienda\"},{\"@type\":\"ListItem\",\"position\":2,\"name\":\"Inicio\",\"item\":\"https:\\\/\\\/www.venisecollection.com\\\/es\\\/tienda\"},{\"@type\":\"ListItem\",\"position\":3,\"name\":\"Warmbat DURACK MUJER PLATAFORMA CON CREMALLERA\"}]},{\"@type\":\"WebSite\",\"@id\":\"https:\\\/\\\/www.venisecollection.com\\\/es#website\",\"url\":\"https:\\\/\\\/www.venisecollection.com\\\/es\",\"name\":\"VENISE COLLECTION\",\"description\":\"\",\"publisher\":{\"@id\":\"https:\\\/\\\/www.venisecollection.com\\\/es#organization\"},\"potentialAction\":[{\"@type\":\"SearchAction\",\"target\":{\"@type\":\"EntryPoint\",\"urlTemplate\":\"https:\\\/\\\/www.venisecollection.com\\\/es?s={search_term_string}\"},\"query-input\":{\"@type\":\"PropertyValueSpecification\",\"valueRequired\":true,\"valueName\":\"search_term_string\"}}],\"inLanguage\":\"es\"},{\"@type\":\"Organization\",\"@id\":\"https:\\\/\\\/www.venisecollection.com\\\/es#organization\",\"name\":\"VENISE COLLECTION\",\"url\":\"https:\\\/\\\/www.venisecollection.com\\\/es\",\"logo\":{\"@type\":\"ImageObject\",\"inLanguage\":\"es\",\"@id\":\"https:\\\/\\\/www.venisecollection.com\\\/es#\\\/schema\\\/logo\\\/image\\\/\",\"url\":\"https:\\\/\\\/www.venisecollection.com\\\/cdn\\\/seo.png\",\"contentUrl\":\"https:\\\/\\\/www.venisecollection.com\\\/cdn\\\/seo.png\",\"width\":1080,\"height\":1080,\"caption\":\"VENISE COLLECTION\"},\"image\":{\"@id\":\"https:\\\/\\\/www.venisecollection.com\\\/es#\\\/schema\\\/logo\\\/image\\\/\"},\"sameAs\":[\"https:\\\/\\\/www.instagram.com\\\/venisecollection\\\/\",\"https:\\\/\\\/fr.pinterest.com\\\/venisecollection\\\/\"]}]}<\/script>\n<!-- \/ Yoast SEO plugin. -->","yoast_head_json":{"title":"Warmbat DURACK MUJER PLATAFORMA CON CREMALLERA - VENISE COLLECTION","robots":{"index":"index","follow":"follow","max-snippet":"max-snippet:-1","max-image-preview":"max-image-preview:large","max-video-preview":"max-video-preview:-1"},"canonical":"https:\/\/www.venisecollection.com\/es\/shop\/women\/botas\/warmbat-durack-mujer-plataforma-con-cremallera","og_locale":"es_ES","og_type":"article","og_title":"Warmbat DURACK MUJER PLATAFORMA CON CREMALLERA - VENISE COLLECTION","og_description":"La bota de ante con plataforma Warmbat Durack para mujer es la combinaci\u00f3n perfecta de calidez, comodidad y estilo sin esfuerzo. Dise\u00f1adas para la temporada de oto\u00f1o\/invierno, estas botas cuentan con una parte superior de ante suave, punta redonda y un dise\u00f1o sin cierre para facilitar su uso. En el interior, el lujoso forro de &hellip;","og_url":"https:\/\/www.venisecollection.com\/es\/shop\/women\/botas\/warmbat-durack-mujer-plataforma-con-cremallera","og_site_name":"VENISE COLLECTION","article_modified_time":"2026-04-15T01:12:46+00:00","og_image":[{"width":1280,"height":1588,"url":"https:\/\/www.venisecollection.com\/cdn\/image.psd-62.webp","type":"image\/webp"}],"twitter_card":"summary_large_image","schema":{"@context":"https:\/\/schema.org","@graph":[{"@type":"WebPage","@id":"https:\/\/www.venisecollection.com\/es\/shop\/women\/botas\/warmbat-durack-mujer-plataforma-con-cremallera","url":"https:\/\/www.venisecollection.com\/es\/shop\/women\/botas\/warmbat-durack-mujer-plataforma-con-cremallera","name":"Warmbat DURACK MUJER PLATAFORMA CON CREMALLERA - VENISE COLLECTION","isPartOf":{"@id":"https:\/\/www.venisecollection.com\/es#website"},"primaryImageOfPage":{"@id":"https:\/\/www.venisecollection.com\/es\/shop\/women\/botas\/warmbat-durack-mujer-plataforma-con-cremallera#primaryimage"},"image":{"@id":"https:\/\/www.venisecollection.com\/es\/shop\/women\/botas\/warmbat-durack-mujer-plataforma-con-cremallera#primaryimage"},"thumbnailUrl":"https:\/\/www.venisecollection.com\/cdn\/image.psd-62.webp","datePublished":"2025-12-20T16:07:40+00:00","dateModified":"2026-04-15T01:12:46+00:00","breadcrumb":{"@id":"https:\/\/www.venisecollection.com\/es\/shop\/women\/botas\/warmbat-durack-mujer-plataforma-con-cremallera#breadcrumb"},"inLanguage":"es","potentialAction":[{"@type":"ReadAction","target":["https:\/\/www.venisecollection.com\/es\/shop\/women\/botas\/warmbat-durack-mujer-plataforma-con-cremallera"]}]},{"@type":"ImageObject","inLanguage":"es","@id":"https:\/\/www.venisecollection.com\/es\/shop\/women\/botas\/warmbat-durack-mujer-plataforma-con-cremallera#primaryimage","url":"https:\/\/www.venisecollection.com\/cdn\/image.psd-62.webp","contentUrl":"https:\/\/www.venisecollection.com\/cdn\/image.psd-62.webp","width":1280,"height":1588},{"@type":"BreadcrumbList","@id":"https:\/\/www.venisecollection.com\/es\/shop\/women\/botas\/warmbat-durack-mujer-plataforma-con-cremallera#breadcrumb","itemListElement":[{"@type":"ListItem","position":1,"name":"Home","item":"https:\/\/www.venisecollection.com\/es\/tienda"},{"@type":"ListItem","position":2,"name":"Inicio","item":"https:\/\/www.venisecollection.com\/es\/tienda"},{"@type":"ListItem","position":3,"name":"Warmbat DURACK MUJER PLATAFORMA CON CREMALLERA"}]},{"@type":"WebSite","@id":"https:\/\/www.venisecollection.com\/es#website","url":"https:\/\/www.venisecollection.com\/es","name":"VENISE COLLECTION","description":"","publisher":{"@id":"https:\/\/www.venisecollection.com\/es#organization"},"potentialAction":[{"@type":"SearchAction","target":{"@type":"EntryPoint","urlTemplate":"https:\/\/www.venisecollection.com\/es?s={search_term_string}"},"query-input":{"@type":"PropertyValueSpecification","valueRequired":true,"valueName":"search_term_string"}}],"inLanguage":"es"},{"@type":"Organization","@id":"https:\/\/www.venisecollection.com\/es#organization","name":"VENISE COLLECTION","url":"https:\/\/www.venisecollection.com\/es","logo":{"@type":"ImageObject","inLanguage":"es","@id":"https:\/\/www.venisecollection.com\/es#\/schema\/logo\/image\/","url":"https:\/\/www.venisecollection.com\/cdn\/seo.png","contentUrl":"https:\/\/www.venisecollection.com\/cdn\/seo.png","width":1080,"height":1080,"caption":"VENISE COLLECTION"},"image":{"@id":"https:\/\/www.venisecollection.com\/es#\/schema\/logo\/image\/"},"sameAs":["https:\/\/www.instagram.com\/venisecollection\/","https:\/\/fr.pinterest.com\/venisecollection\/"]}]}},"_links":{"self":[{"href":"https:\/\/www.venisecollection.com\/es\/wp-json\/wp\/v2\/product\/6921","targetHints":{"allow":["GET"]}}],"collection":[{"href":"https:\/\/www.venisecollection.com\/es\/wp-json\/wp\/v2\/product"}],"about":[{"href":"https:\/\/www.venisecollection.com\/es\/wp-json\/wp\/v2\/types\/product"}],"wp:featuredmedia":[{"embeddable":true,"href":"https:\/\/www.venisecollection.com\/es\/wp-json\/wp\/v2\/media\/6924"}],"wp:attachment":[{"href":"https:\/\/www.venisecollection.com\/es\/wp-json\/wp\/v2\/media?parent=6921"}],"wp:term":[{"taxonomy":"product_brand","embeddable":true,"href":"https:\/\/www.venisecollection.com\/es\/wp-json\/wp\/v2\/product_brand?post=6921"},{"taxonomy":"product_cat","embeddable":true,"href":"https:\/\/www.venisecollection.com\/es\/wp-json\/wp\/v2\/product_cat?post=6921"},{"taxonomy":"product_tag","embeddable":true,"href":"https:\/\/www.venisecollection.com\/es\/wp-json\/wp\/v2\/product_tag?post=6921"}],"curies":[{"name":"wp","href":"https:\/\/api.w.org\/{rel}","templated":true}]}}