{"id":6976,"date":"2025-12-20T16:07:11","date_gmt":"2025-12-20T16:07:11","guid":{"rendered":"https:\/\/www.venisecollection.com\/shop\/women\/sin%20categor\u00eda\/moka-black\/"},"modified":"2026-04-19T00:37:09","modified_gmt":"2026-04-19T00:37:09","slug":"moka-black","status":"publish","type":"product","link":"https:\/\/www.venisecollection.com\/es\/shop\/women\/loafers-and-derbies\/moka-black","title":{"rendered":"CAMOSCIO NERO"},"content":{"rendered":"<p style=\"text-align: justify;\" data-start=\"1087\" data-end=\"1727\">Realza tu estilo diario con MOKA BLACK, el mocas\u00edn de plataforma para mujer confeccionado en lujoso ante negro. Dise\u00f1ado con una suela gruesa con tacos, ofrece el equilibrio perfecto entre altura, comodidad y confianza. Ya sea combinado con pantalones de vestir para un look de oficina impecable o con vaqueros cropped para paseos informales por la ciudad, estos mocasines ofrecen elegancia refinada y energ\u00eda urbana.  <\/p>\n<p style=\"text-align: justify;\" data-start=\"1087\" data-end=\"1727\">Con una punta redondeada, un dise\u00f1o sin cordones y un detalle met\u00e1lico, MOKA BLACK redefine la sofisticaci\u00f3n sin esfuerzo.<\/p>\n<p style=\"text-align: justify;\" data-start=\"1729\" data-end=\"1743\">Detalles: Exterior: Piel de ante negra aut\u00e9ntica \u2013 Forro: Sint\u00e9tico \u2013 Suela: Goma con dibujo de tacos \u2013 Estilo: Mocas\u00edn de mujer \u2013 Caracter\u00edsticas: Punta redonda, suela de plataforma, detalle met\u00e1lico<\/p>\n","protected":false},"excerpt":{"rendered":"<p>Realza tu estilo diario con MOKA BLACK, el mocas\u00edn de plataforma para mujer confeccionado en lujoso ante negro. Dise\u00f1ado con una suela gruesa con tacos, ofrece el equilibrio perfecto entre altura, comodidad y confianza. Ya sea combinado con pantalones de vestir para un look de oficina impecable o con vaqueros cropped para paseos informales por &hellip;<\/p>\n","protected":false},"featured_media":6979,"template":"","meta":[],"product_brand":[69],"product_cat":[72],"product_tag":[],"class_list":{"0":"post-6976","1":"product","2":"type-product","3":"status-publish","4":"has-post-thumbnail","6":"product_brand-venise-collection","7":"product_cat-loafers-and-derbies","9":"first","10":"instock","11":"shipping-taxable","12":"purchasable","13":"product-type-variable","14":"has-default-attributes"},"yoast_head":"<!-- This site is optimized with the Yoast SEO plugin v27.4 - https:\/\/yoast.com\/product\/yoast-seo-wordpress\/ -->\n<title>CAMOSCIO NERO - VENISE COLLECTION<\/title>\n<meta name=\"robots\" content=\"index, follow, max-snippet:-1, max-image-preview:large, max-video-preview:-1\" \/>\n<link rel=\"canonical\" href=\"https:\/\/www.venisecollection.com\/es\/shop\/women\/loafers-and-derbies\/moka-black\" \/>\n<meta property=\"og:locale\" content=\"es_ES\" \/>\n<meta property=\"og:type\" content=\"article\" \/>\n<meta property=\"og:title\" content=\"CAMOSCIO NERO - VENISE COLLECTION\" \/>\n<meta property=\"og:description\" content=\"Realza tu estilo diario con MOKA BLACK, el mocas\u00edn de plataforma para mujer confeccionado en lujoso ante negro. Dise\u00f1ado con una suela gruesa con tacos, ofrece el equilibrio perfecto entre altura, comodidad y confianza. Ya sea combinado con pantalones de vestir para un look de oficina impecable o con vaqueros cropped para paseos informales por &hellip;\" \/>\n<meta property=\"og:url\" content=\"https:\/\/www.venisecollection.com\/es\/shop\/women\/loafers-and-derbies\/moka-black\" \/>\n<meta property=\"og:site_name\" content=\"VENISE COLLECTION\" \/>\n<meta property=\"article:modified_time\" content=\"2026-04-19T00:37:09+00:00\" \/>\n<meta property=\"og:image\" content=\"https:\/\/www.venisecollection.com\/cdn\/image-59-6.webp\" \/>\n\t<meta property=\"og:image:width\" content=\"1280\" \/>\n\t<meta property=\"og:image:height\" content=\"1588\" \/>\n\t<meta property=\"og:image:type\" content=\"image\/webp\" \/>\n<meta name=\"twitter:card\" content=\"summary_large_image\" \/>\n<meta name=\"twitter:label1\" content=\"Tiempo de lectura\" \/>\n\t<meta name=\"twitter:data1\" content=\"1 minuto\" \/>\n<script type=\"application\/ld+json\" class=\"yoast-schema-graph\">{\"@context\":\"https:\\\/\\\/schema.org\",\"@graph\":[{\"@type\":\"WebPage\",\"@id\":\"https:\\\/\\\/www.venisecollection.com\\\/es\\\/shop\\\/women\\\/loafers-and-derbies\\\/moka-black\",\"url\":\"https:\\\/\\\/www.venisecollection.com\\\/es\\\/shop\\\/women\\\/loafers-and-derbies\\\/moka-black\",\"name\":\"CAMOSCIO NERO - VENISE COLLECTION\",\"isPartOf\":{\"@id\":\"https:\\\/\\\/www.venisecollection.com\\\/es#website\"},\"primaryImageOfPage\":{\"@id\":\"https:\\\/\\\/www.venisecollection.com\\\/es\\\/shop\\\/women\\\/loafers-and-derbies\\\/moka-black#primaryimage\"},\"image\":{\"@id\":\"https:\\\/\\\/www.venisecollection.com\\\/es\\\/shop\\\/women\\\/loafers-and-derbies\\\/moka-black#primaryimage\"},\"thumbnailUrl\":\"https:\\\/\\\/www.venisecollection.com\\\/cdn\\\/image-59-6.webp\",\"datePublished\":\"2025-12-20T16:07:11+00:00\",\"dateModified\":\"2026-04-19T00:37:09+00:00\",\"breadcrumb\":{\"@id\":\"https:\\\/\\\/www.venisecollection.com\\\/es\\\/shop\\\/women\\\/loafers-and-derbies\\\/moka-black#breadcrumb\"},\"inLanguage\":\"es\",\"potentialAction\":[{\"@type\":\"ReadAction\",\"target\":[\"https:\\\/\\\/www.venisecollection.com\\\/es\\\/shop\\\/women\\\/loafers-and-derbies\\\/moka-black\"]}]},{\"@type\":\"ImageObject\",\"inLanguage\":\"es\",\"@id\":\"https:\\\/\\\/www.venisecollection.com\\\/es\\\/shop\\\/women\\\/loafers-and-derbies\\\/moka-black#primaryimage\",\"url\":\"https:\\\/\\\/www.venisecollection.com\\\/cdn\\\/image-59-6.webp\",\"contentUrl\":\"https:\\\/\\\/www.venisecollection.com\\\/cdn\\\/image-59-6.webp\",\"width\":1280,\"height\":1588},{\"@type\":\"BreadcrumbList\",\"@id\":\"https:\\\/\\\/www.venisecollection.com\\\/es\\\/shop\\\/women\\\/loafers-and-derbies\\\/moka-black#breadcrumb\",\"itemListElement\":[{\"@type\":\"ListItem\",\"position\":1,\"name\":\"Home\",\"item\":\"https:\\\/\\\/www.venisecollection.com\\\/es\\\/tienda\"},{\"@type\":\"ListItem\",\"position\":2,\"name\":\"Inicio\",\"item\":\"https:\\\/\\\/www.venisecollection.com\\\/es\\\/tienda\"},{\"@type\":\"ListItem\",\"position\":3,\"name\":\"CAMOSCIO NERO\"}]},{\"@type\":\"WebSite\",\"@id\":\"https:\\\/\\\/www.venisecollection.com\\\/es#website\",\"url\":\"https:\\\/\\\/www.venisecollection.com\\\/es\",\"name\":\"VENISE COLLECTION\",\"description\":\"\",\"publisher\":{\"@id\":\"https:\\\/\\\/www.venisecollection.com\\\/es#organization\"},\"potentialAction\":[{\"@type\":\"SearchAction\",\"target\":{\"@type\":\"EntryPoint\",\"urlTemplate\":\"https:\\\/\\\/www.venisecollection.com\\\/es?s={search_term_string}\"},\"query-input\":{\"@type\":\"PropertyValueSpecification\",\"valueRequired\":true,\"valueName\":\"search_term_string\"}}],\"inLanguage\":\"es\"},{\"@type\":\"Organization\",\"@id\":\"https:\\\/\\\/www.venisecollection.com\\\/es#organization\",\"name\":\"VENISE COLLECTION\",\"url\":\"https:\\\/\\\/www.venisecollection.com\\\/es\",\"logo\":{\"@type\":\"ImageObject\",\"inLanguage\":\"es\",\"@id\":\"https:\\\/\\\/www.venisecollection.com\\\/es#\\\/schema\\\/logo\\\/image\\\/\",\"url\":\"https:\\\/\\\/www.venisecollection.com\\\/cdn\\\/seo.png\",\"contentUrl\":\"https:\\\/\\\/www.venisecollection.com\\\/cdn\\\/seo.png\",\"width\":1080,\"height\":1080,\"caption\":\"VENISE COLLECTION\"},\"image\":{\"@id\":\"https:\\\/\\\/www.venisecollection.com\\\/es#\\\/schema\\\/logo\\\/image\\\/\"},\"sameAs\":[\"https:\\\/\\\/www.instagram.com\\\/venisecollection\\\/\",\"https:\\\/\\\/fr.pinterest.com\\\/venisecollection\\\/\"]}]}<\/script>\n<!-- \/ Yoast SEO plugin. -->","yoast_head_json":{"title":"CAMOSCIO NERO - VENISE COLLECTION","robots":{"index":"index","follow":"follow","max-snippet":"max-snippet:-1","max-image-preview":"max-image-preview:large","max-video-preview":"max-video-preview:-1"},"canonical":"https:\/\/www.venisecollection.com\/es\/shop\/women\/loafers-and-derbies\/moka-black","og_locale":"es_ES","og_type":"article","og_title":"CAMOSCIO NERO - VENISE COLLECTION","og_description":"Realza tu estilo diario con MOKA BLACK, el mocas\u00edn de plataforma para mujer confeccionado en lujoso ante negro. Dise\u00f1ado con una suela gruesa con tacos, ofrece el equilibrio perfecto entre altura, comodidad y confianza. Ya sea combinado con pantalones de vestir para un look de oficina impecable o con vaqueros cropped para paseos informales por &hellip;","og_url":"https:\/\/www.venisecollection.com\/es\/shop\/women\/loafers-and-derbies\/moka-black","og_site_name":"VENISE COLLECTION","article_modified_time":"2026-04-19T00:37:09+00:00","og_image":[{"width":1280,"height":1588,"url":"https:\/\/www.venisecollection.com\/cdn\/image-59-6.webp","type":"image\/webp"}],"twitter_card":"summary_large_image","twitter_misc":{"Tiempo de lectura":"1 minuto"},"schema":{"@context":"https:\/\/schema.org","@graph":[{"@type":"WebPage","@id":"https:\/\/www.venisecollection.com\/es\/shop\/women\/loafers-and-derbies\/moka-black","url":"https:\/\/www.venisecollection.com\/es\/shop\/women\/loafers-and-derbies\/moka-black","name":"CAMOSCIO NERO - VENISE COLLECTION","isPartOf":{"@id":"https:\/\/www.venisecollection.com\/es#website"},"primaryImageOfPage":{"@id":"https:\/\/www.venisecollection.com\/es\/shop\/women\/loafers-and-derbies\/moka-black#primaryimage"},"image":{"@id":"https:\/\/www.venisecollection.com\/es\/shop\/women\/loafers-and-derbies\/moka-black#primaryimage"},"thumbnailUrl":"https:\/\/www.venisecollection.com\/cdn\/image-59-6.webp","datePublished":"2025-12-20T16:07:11+00:00","dateModified":"2026-04-19T00:37:09+00:00","breadcrumb":{"@id":"https:\/\/www.venisecollection.com\/es\/shop\/women\/loafers-and-derbies\/moka-black#breadcrumb"},"inLanguage":"es","potentialAction":[{"@type":"ReadAction","target":["https:\/\/www.venisecollection.com\/es\/shop\/women\/loafers-and-derbies\/moka-black"]}]},{"@type":"ImageObject","inLanguage":"es","@id":"https:\/\/www.venisecollection.com\/es\/shop\/women\/loafers-and-derbies\/moka-black#primaryimage","url":"https:\/\/www.venisecollection.com\/cdn\/image-59-6.webp","contentUrl":"https:\/\/www.venisecollection.com\/cdn\/image-59-6.webp","width":1280,"height":1588},{"@type":"BreadcrumbList","@id":"https:\/\/www.venisecollection.com\/es\/shop\/women\/loafers-and-derbies\/moka-black#breadcrumb","itemListElement":[{"@type":"ListItem","position":1,"name":"Home","item":"https:\/\/www.venisecollection.com\/es\/tienda"},{"@type":"ListItem","position":2,"name":"Inicio","item":"https:\/\/www.venisecollection.com\/es\/tienda"},{"@type":"ListItem","position":3,"name":"CAMOSCIO NERO"}]},{"@type":"WebSite","@id":"https:\/\/www.venisecollection.com\/es#website","url":"https:\/\/www.venisecollection.com\/es","name":"VENISE COLLECTION","description":"","publisher":{"@id":"https:\/\/www.venisecollection.com\/es#organization"},"potentialAction":[{"@type":"SearchAction","target":{"@type":"EntryPoint","urlTemplate":"https:\/\/www.venisecollection.com\/es?s={search_term_string}"},"query-input":{"@type":"PropertyValueSpecification","valueRequired":true,"valueName":"search_term_string"}}],"inLanguage":"es"},{"@type":"Organization","@id":"https:\/\/www.venisecollection.com\/es#organization","name":"VENISE COLLECTION","url":"https:\/\/www.venisecollection.com\/es","logo":{"@type":"ImageObject","inLanguage":"es","@id":"https:\/\/www.venisecollection.com\/es#\/schema\/logo\/image\/","url":"https:\/\/www.venisecollection.com\/cdn\/seo.png","contentUrl":"https:\/\/www.venisecollection.com\/cdn\/seo.png","width":1080,"height":1080,"caption":"VENISE COLLECTION"},"image":{"@id":"https:\/\/www.venisecollection.com\/es#\/schema\/logo\/image\/"},"sameAs":["https:\/\/www.instagram.com\/venisecollection\/","https:\/\/fr.pinterest.com\/venisecollection\/"]}]}},"_links":{"self":[{"href":"https:\/\/www.venisecollection.com\/es\/wp-json\/wp\/v2\/product\/6976","targetHints":{"allow":["GET"]}}],"collection":[{"href":"https:\/\/www.venisecollection.com\/es\/wp-json\/wp\/v2\/product"}],"about":[{"href":"https:\/\/www.venisecollection.com\/es\/wp-json\/wp\/v2\/types\/product"}],"wp:featuredmedia":[{"embeddable":true,"href":"https:\/\/www.venisecollection.com\/es\/wp-json\/wp\/v2\/media\/6979"}],"wp:attachment":[{"href":"https:\/\/www.venisecollection.com\/es\/wp-json\/wp\/v2\/media?parent=6976"}],"wp:term":[{"taxonomy":"product_brand","embeddable":true,"href":"https:\/\/www.venisecollection.com\/es\/wp-json\/wp\/v2\/product_brand?post=6976"},{"taxonomy":"product_cat","embeddable":true,"href":"https:\/\/www.venisecollection.com\/es\/wp-json\/wp\/v2\/product_cat?post=6976"},{"taxonomy":"product_tag","embeddable":true,"href":"https:\/\/www.venisecollection.com\/es\/wp-json\/wp\/v2\/product_tag?post=6976"}],"curies":[{"name":"wp","href":"https:\/\/api.w.org\/{rel}","templated":true}]}}