{"id":7022,"date":"2025-11-20T16:06:29","date_gmt":"2025-11-20T16:06:29","guid":{"rendered":"https:\/\/www.venisecollection.com\/shop\/women\/sin%20categor\u00eda\/berlino-rosso-ancora\/"},"modified":"2025-12-26T15:05:00","modified_gmt":"2025-12-26T15:05:00","slug":"berlino-rosso-ancora","status":"publish","type":"product","link":"https:\/\/www.venisecollection.com\/es\/shop\/women\/botas-altas\/berlino-rosso-ancora","title":{"rendered":"BERLINO ROSSO ANCORA"},"content":{"rendered":"<p style=\"text-align: justify;\">Las botas largas de piel CAMOSCIO MARSALA de Venise Collection son el m\u00e1ximo exponente de la elegancia atemporal y la artesan\u00eda refinada. Hechas a mano en Italia con piel aut\u00e9ntica de primera calidad, este par combina lujo, durabilidad y comodidad en un dise\u00f1o sofisticado. <\/p>\n<p style=\"text-align: justify;\">Los paneles en forma de cheur\u00f3n en tonos marsala\/burdeos intensos crean un efecto visual llamativo gracias al contraste de texturas de cuero mate y brillante. Su silueta esbelta y femenina, con un tac\u00f3n perfectamente equilibrado, proporciona altura y comodidad, mientras que la punta afilada a\u00f1ade un toque de elegancia. <\/p>\n<p style=\"text-align: justify;\">Perfectas para eventos formales, paseos por la ciudad o salidas nocturnas, estas botas de cuero para mujer realzan cualquier conjunto con su encanto italiano y sofisticaci\u00f3n moderna.<\/p>\n<p style=\"text-align: justify;\">Caracter\u00edsticas: 100% piel italiana aut\u00e9ntica \u2013 Dise\u00f1o de panel de cheur\u00f3n en tonos marsala \u2013 Ajuste ergon\u00f3mico para una comodidad duradera \u2013 Tac\u00f3n elegante y esbelto con una altura ideal \u2013 Costuras artesanales y acabado refinado<\/p>\n","protected":false},"excerpt":{"rendered":"<p>Las botas largas de piel CAMOSCIO MARSALA de Venise Collection son el m\u00e1ximo exponente de la elegancia atemporal y la artesan\u00eda refinada. Hechas a mano en Italia con piel aut\u00e9ntica de primera calidad, este par combina lujo, durabilidad y comodidad en un dise\u00f1o sofisticado. Los paneles en forma de cheur\u00f3n en tonos marsala\/burdeos intensos crean &hellip;<\/p>\n","protected":false},"featured_media":7023,"template":"","meta":[],"product_brand":[358],"product_cat":[120],"product_tag":[],"class_list":{"0":"post-7022","1":"product","2":"type-product","3":"status-publish","4":"has-post-thumbnail","6":"product_brand-venise-collection","7":"product_cat-botas-altas","9":"first","10":"outofstock","11":"shipping-taxable","12":"product-type-variable","13":"has-default-attributes"},"yoast_head":"<!-- This site is optimized with the Yoast SEO plugin v27.4 - https:\/\/yoast.com\/product\/yoast-seo-wordpress\/ -->\n<title>BERLINO ROSSO ANCORA - VENISE COLLECTION<\/title>\n<meta name=\"robots\" content=\"index, follow, max-snippet:-1, max-image-preview:large, max-video-preview:-1\" \/>\n<link rel=\"canonical\" href=\"https:\/\/www.venisecollection.com\/es\/shop\/women\/botas-altas\/berlino-rosso-ancora\" \/>\n<meta property=\"og:locale\" content=\"es_ES\" \/>\n<meta property=\"og:type\" content=\"article\" \/>\n<meta property=\"og:title\" content=\"BERLINO ROSSO ANCORA - VENISE COLLECTION\" \/>\n<meta property=\"og:description\" content=\"Las botas largas de piel CAMOSCIO MARSALA de Venise Collection son el m\u00e1ximo exponente de la elegancia atemporal y la artesan\u00eda refinada. Hechas a mano en Italia con piel aut\u00e9ntica de primera calidad, este par combina lujo, durabilidad y comodidad en un dise\u00f1o sofisticado. Los paneles en forma de cheur\u00f3n en tonos marsala\/burdeos intensos crean &hellip;\" \/>\n<meta property=\"og:url\" content=\"https:\/\/www.venisecollection.com\/es\/shop\/women\/botas-altas\/berlino-rosso-ancora\" \/>\n<meta property=\"og:site_name\" content=\"VENISE COLLECTION\" \/>\n<meta property=\"article:modified_time\" content=\"2025-12-26T15:05:00+00:00\" \/>\n<meta property=\"og:image\" content=\"https:\/\/www.venisecollection.com\/cdn\/image.psd-38.webp\" \/>\n\t<meta property=\"og:image:width\" content=\"1280\" \/>\n\t<meta property=\"og:image:height\" content=\"1588\" \/>\n\t<meta property=\"og:image:type\" content=\"image\/webp\" \/>\n<meta name=\"twitter:card\" content=\"summary_large_image\" \/>\n<meta name=\"twitter:label1\" content=\"Tiempo de lectura\" \/>\n\t<meta name=\"twitter:data1\" content=\"1 minuto\" \/>\n<script type=\"application\/ld+json\" class=\"yoast-schema-graph\">{\"@context\":\"https:\\\/\\\/schema.org\",\"@graph\":[{\"@type\":\"WebPage\",\"@id\":\"https:\\\/\\\/www.venisecollection.com\\\/es\\\/shop\\\/women\\\/botas-altas\\\/berlino-rosso-ancora\",\"url\":\"https:\\\/\\\/www.venisecollection.com\\\/es\\\/shop\\\/women\\\/botas-altas\\\/berlino-rosso-ancora\",\"name\":\"BERLINO ROSSO ANCORA - VENISE COLLECTION\",\"isPartOf\":{\"@id\":\"https:\\\/\\\/www.venisecollection.com\\\/es#website\"},\"primaryImageOfPage\":{\"@id\":\"https:\\\/\\\/www.venisecollection.com\\\/es\\\/shop\\\/women\\\/botas-altas\\\/berlino-rosso-ancora#primaryimage\"},\"image\":{\"@id\":\"https:\\\/\\\/www.venisecollection.com\\\/es\\\/shop\\\/women\\\/botas-altas\\\/berlino-rosso-ancora#primaryimage\"},\"thumbnailUrl\":\"https:\\\/\\\/www.venisecollection.com\\\/cdn\\\/image.psd-38.webp\",\"datePublished\":\"2025-11-20T16:06:29+00:00\",\"dateModified\":\"2025-12-26T15:05:00+00:00\",\"breadcrumb\":{\"@id\":\"https:\\\/\\\/www.venisecollection.com\\\/es\\\/shop\\\/women\\\/botas-altas\\\/berlino-rosso-ancora#breadcrumb\"},\"inLanguage\":\"es\",\"potentialAction\":[{\"@type\":\"ReadAction\",\"target\":[\"https:\\\/\\\/www.venisecollection.com\\\/es\\\/shop\\\/women\\\/botas-altas\\\/berlino-rosso-ancora\"]}]},{\"@type\":\"ImageObject\",\"inLanguage\":\"es\",\"@id\":\"https:\\\/\\\/www.venisecollection.com\\\/es\\\/shop\\\/women\\\/botas-altas\\\/berlino-rosso-ancora#primaryimage\",\"url\":\"https:\\\/\\\/www.venisecollection.com\\\/cdn\\\/image.psd-38.webp\",\"contentUrl\":\"https:\\\/\\\/www.venisecollection.com\\\/cdn\\\/image.psd-38.webp\",\"width\":1280,\"height\":1588},{\"@type\":\"BreadcrumbList\",\"@id\":\"https:\\\/\\\/www.venisecollection.com\\\/es\\\/shop\\\/women\\\/botas-altas\\\/berlino-rosso-ancora#breadcrumb\",\"itemListElement\":[{\"@type\":\"ListItem\",\"position\":1,\"name\":\"Home\",\"item\":\"https:\\\/\\\/www.venisecollection.com\\\/es\\\/tienda\"},{\"@type\":\"ListItem\",\"position\":2,\"name\":\"Inicio\",\"item\":\"https:\\\/\\\/www.venisecollection.com\\\/es\\\/tienda\"},{\"@type\":\"ListItem\",\"position\":3,\"name\":\"BERLINO ROSSO ANCORA\"}]},{\"@type\":\"WebSite\",\"@id\":\"https:\\\/\\\/www.venisecollection.com\\\/es#website\",\"url\":\"https:\\\/\\\/www.venisecollection.com\\\/es\",\"name\":\"VENISE COLLECTION\",\"description\":\"\",\"publisher\":{\"@id\":\"https:\\\/\\\/www.venisecollection.com\\\/es#organization\"},\"potentialAction\":[{\"@type\":\"SearchAction\",\"target\":{\"@type\":\"EntryPoint\",\"urlTemplate\":\"https:\\\/\\\/www.venisecollection.com\\\/es?s={search_term_string}\"},\"query-input\":{\"@type\":\"PropertyValueSpecification\",\"valueRequired\":true,\"valueName\":\"search_term_string\"}}],\"inLanguage\":\"es\"},{\"@type\":\"Organization\",\"@id\":\"https:\\\/\\\/www.venisecollection.com\\\/es#organization\",\"name\":\"VENISE COLLECTION\",\"url\":\"https:\\\/\\\/www.venisecollection.com\\\/es\",\"logo\":{\"@type\":\"ImageObject\",\"inLanguage\":\"es\",\"@id\":\"https:\\\/\\\/www.venisecollection.com\\\/es#\\\/schema\\\/logo\\\/image\\\/\",\"url\":\"https:\\\/\\\/www.venisecollection.com\\\/cdn\\\/seo.png\",\"contentUrl\":\"https:\\\/\\\/www.venisecollection.com\\\/cdn\\\/seo.png\",\"width\":1080,\"height\":1080,\"caption\":\"VENISE COLLECTION\"},\"image\":{\"@id\":\"https:\\\/\\\/www.venisecollection.com\\\/es#\\\/schema\\\/logo\\\/image\\\/\"},\"sameAs\":[\"https:\\\/\\\/www.instagram.com\\\/venisecollection\\\/\",\"https:\\\/\\\/fr.pinterest.com\\\/venisecollection\\\/\"]}]}<\/script>\n<!-- \/ Yoast SEO plugin. -->","yoast_head_json":{"title":"BERLINO ROSSO ANCORA - VENISE COLLECTION","robots":{"index":"index","follow":"follow","max-snippet":"max-snippet:-1","max-image-preview":"max-image-preview:large","max-video-preview":"max-video-preview:-1"},"canonical":"https:\/\/www.venisecollection.com\/es\/shop\/women\/botas-altas\/berlino-rosso-ancora","og_locale":"es_ES","og_type":"article","og_title":"BERLINO ROSSO ANCORA - VENISE COLLECTION","og_description":"Las botas largas de piel CAMOSCIO MARSALA de Venise Collection son el m\u00e1ximo exponente de la elegancia atemporal y la artesan\u00eda refinada. Hechas a mano en Italia con piel aut\u00e9ntica de primera calidad, este par combina lujo, durabilidad y comodidad en un dise\u00f1o sofisticado. Los paneles en forma de cheur\u00f3n en tonos marsala\/burdeos intensos crean &hellip;","og_url":"https:\/\/www.venisecollection.com\/es\/shop\/women\/botas-altas\/berlino-rosso-ancora","og_site_name":"VENISE COLLECTION","article_modified_time":"2025-12-26T15:05:00+00:00","og_image":[{"width":1280,"height":1588,"url":"https:\/\/www.venisecollection.com\/cdn\/image.psd-38.webp","type":"image\/webp"}],"twitter_card":"summary_large_image","twitter_misc":{"Tiempo de lectura":"1 minuto"},"schema":{"@context":"https:\/\/schema.org","@graph":[{"@type":"WebPage","@id":"https:\/\/www.venisecollection.com\/es\/shop\/women\/botas-altas\/berlino-rosso-ancora","url":"https:\/\/www.venisecollection.com\/es\/shop\/women\/botas-altas\/berlino-rosso-ancora","name":"BERLINO ROSSO ANCORA - VENISE COLLECTION","isPartOf":{"@id":"https:\/\/www.venisecollection.com\/es#website"},"primaryImageOfPage":{"@id":"https:\/\/www.venisecollection.com\/es\/shop\/women\/botas-altas\/berlino-rosso-ancora#primaryimage"},"image":{"@id":"https:\/\/www.venisecollection.com\/es\/shop\/women\/botas-altas\/berlino-rosso-ancora#primaryimage"},"thumbnailUrl":"https:\/\/www.venisecollection.com\/cdn\/image.psd-38.webp","datePublished":"2025-11-20T16:06:29+00:00","dateModified":"2025-12-26T15:05:00+00:00","breadcrumb":{"@id":"https:\/\/www.venisecollection.com\/es\/shop\/women\/botas-altas\/berlino-rosso-ancora#breadcrumb"},"inLanguage":"es","potentialAction":[{"@type":"ReadAction","target":["https:\/\/www.venisecollection.com\/es\/shop\/women\/botas-altas\/berlino-rosso-ancora"]}]},{"@type":"ImageObject","inLanguage":"es","@id":"https:\/\/www.venisecollection.com\/es\/shop\/women\/botas-altas\/berlino-rosso-ancora#primaryimage","url":"https:\/\/www.venisecollection.com\/cdn\/image.psd-38.webp","contentUrl":"https:\/\/www.venisecollection.com\/cdn\/image.psd-38.webp","width":1280,"height":1588},{"@type":"BreadcrumbList","@id":"https:\/\/www.venisecollection.com\/es\/shop\/women\/botas-altas\/berlino-rosso-ancora#breadcrumb","itemListElement":[{"@type":"ListItem","position":1,"name":"Home","item":"https:\/\/www.venisecollection.com\/es\/tienda"},{"@type":"ListItem","position":2,"name":"Inicio","item":"https:\/\/www.venisecollection.com\/es\/tienda"},{"@type":"ListItem","position":3,"name":"BERLINO ROSSO ANCORA"}]},{"@type":"WebSite","@id":"https:\/\/www.venisecollection.com\/es#website","url":"https:\/\/www.venisecollection.com\/es","name":"VENISE COLLECTION","description":"","publisher":{"@id":"https:\/\/www.venisecollection.com\/es#organization"},"potentialAction":[{"@type":"SearchAction","target":{"@type":"EntryPoint","urlTemplate":"https:\/\/www.venisecollection.com\/es?s={search_term_string}"},"query-input":{"@type":"PropertyValueSpecification","valueRequired":true,"valueName":"search_term_string"}}],"inLanguage":"es"},{"@type":"Organization","@id":"https:\/\/www.venisecollection.com\/es#organization","name":"VENISE COLLECTION","url":"https:\/\/www.venisecollection.com\/es","logo":{"@type":"ImageObject","inLanguage":"es","@id":"https:\/\/www.venisecollection.com\/es#\/schema\/logo\/image\/","url":"https:\/\/www.venisecollection.com\/cdn\/seo.png","contentUrl":"https:\/\/www.venisecollection.com\/cdn\/seo.png","width":1080,"height":1080,"caption":"VENISE COLLECTION"},"image":{"@id":"https:\/\/www.venisecollection.com\/es#\/schema\/logo\/image\/"},"sameAs":["https:\/\/www.instagram.com\/venisecollection\/","https:\/\/fr.pinterest.com\/venisecollection\/"]}]}},"_links":{"self":[{"href":"https:\/\/www.venisecollection.com\/es\/wp-json\/wp\/v2\/product\/7022","targetHints":{"allow":["GET"]}}],"collection":[{"href":"https:\/\/www.venisecollection.com\/es\/wp-json\/wp\/v2\/product"}],"about":[{"href":"https:\/\/www.venisecollection.com\/es\/wp-json\/wp\/v2\/types\/product"}],"wp:featuredmedia":[{"embeddable":true,"href":"https:\/\/www.venisecollection.com\/es\/wp-json\/wp\/v2\/media\/7023"}],"wp:attachment":[{"href":"https:\/\/www.venisecollection.com\/es\/wp-json\/wp\/v2\/media?parent=7022"}],"wp:term":[{"taxonomy":"product_brand","embeddable":true,"href":"https:\/\/www.venisecollection.com\/es\/wp-json\/wp\/v2\/product_brand?post=7022"},{"taxonomy":"product_cat","embeddable":true,"href":"https:\/\/www.venisecollection.com\/es\/wp-json\/wp\/v2\/product_cat?post=7022"},{"taxonomy":"product_tag","embeddable":true,"href":"https:\/\/www.venisecollection.com\/es\/wp-json\/wp\/v2\/product_tag?post=7022"}],"curies":[{"name":"wp","href":"https:\/\/api.w.org\/{rel}","templated":true}]}}