{"id":7285,"date":"2025-12-23T16:03:58","date_gmt":"2025-12-23T16:03:58","guid":{"rendered":"https:\/\/www.venisecollection.com\/shop\/women\/sin%20categor\u00eda\/botas-corvella\/"},"modified":"2026-04-17T00:39:33","modified_gmt":"2026-04-17T00:39:33","slug":"botas-corvella","status":"publish","type":"product","link":"https:\/\/www.venisecollection.com\/es\/shop\/women\/bottes-hautes\/botas-corvella","title":{"rendered":"Botas Corvella"},"content":{"rendered":"<p style=\"text-align: justify;\" data-start=\"1481\" data-end=\"2139\">Las botas Corvella combinan la audaz energ\u00eda motera con una feminidad refinada. Confeccionadas en piel de becerro cepillada granulada, presentan una silueta alta hasta la rodilla, una robusta suela de goma y un c\u00f3modo tac\u00f3n apilado de 6 cm (2,4\u201d). <\/p>\n<p style=\"text-align: justify;\" data-start=\"1481\" data-end=\"2139\">Las hebillas de plata pulida acent\u00faan el elegante cuero negro, evocando el esp\u00edritu motero atemporal con un toque moderno. Totalmente forradas en piel de becerro de primera calidad, estas botas se ajustan a la talla real (talla europea) y se deslizan f\u00e1cilmente para un estilo sin esfuerzo. <\/p>\n<p style=\"text-align: justify;\" data-start=\"1481\" data-end=\"2139\">Fabricadas con cuero certificado por Leather Working Group (LWG), encarnan la artesan\u00eda eco-responsable a trav\u00e9s de una gesti\u00f3n eficiente del agua, la energ\u00eda y los residuos.<\/p>\n","protected":false},"excerpt":{"rendered":"<p>Las botas Corvella combinan la audaz energ\u00eda motera con una feminidad refinada. Confeccionadas en piel de becerro cepillada granulada, presentan una silueta alta hasta la rodilla, una robusta suela de goma y un c\u00f3modo tac\u00f3n apilado de 6 cm (2,4\u201d). Las hebillas de plata pulida acent\u00faan el elegante cuero negro, evocando el esp\u00edritu motero atemporal &hellip;<\/p>\n","protected":false},"featured_media":7286,"template":"","meta":[],"product_brand":[350,356],"product_cat":[104],"product_tag":[],"class_list":{"0":"post-7285","1":"product","2":"type-product","3":"status-publish","4":"has-post-thumbnail","6":"product_brand-elena-iachi","7":"product_brand-venise-collection","8":"product_cat-bottes-hautes","10":"first","11":"instock","12":"shipping-taxable","13":"purchasable","14":"product-type-variable","15":"has-default-attributes"},"yoast_head":"<!-- This site is optimized with the Yoast SEO plugin v27.4 - https:\/\/yoast.com\/product\/yoast-seo-wordpress\/ -->\n<title>Botas Corvella - VENISE COLLECTION<\/title>\n<meta name=\"robots\" content=\"index, follow, max-snippet:-1, max-image-preview:large, max-video-preview:-1\" \/>\n<link rel=\"canonical\" href=\"https:\/\/www.venisecollection.com\/es\/shop\/women\/bottes-hautes\/botas-corvella\" \/>\n<meta property=\"og:locale\" content=\"es_ES\" \/>\n<meta property=\"og:type\" content=\"article\" \/>\n<meta property=\"og:title\" content=\"Botas Corvella - VENISE COLLECTION\" \/>\n<meta property=\"og:description\" content=\"Las botas Corvella combinan la audaz energ\u00eda motera con una feminidad refinada. Confeccionadas en piel de becerro cepillada granulada, presentan una silueta alta hasta la rodilla, una robusta suela de goma y un c\u00f3modo tac\u00f3n apilado de 6 cm (2,4\u201d). Las hebillas de plata pulida acent\u00faan el elegante cuero negro, evocando el esp\u00edritu motero atemporal &hellip;\" \/>\n<meta property=\"og:url\" content=\"https:\/\/www.venisecollection.com\/es\/shop\/women\/bottes-hautes\/botas-corvella\" \/>\n<meta property=\"og:site_name\" content=\"VENISE COLLECTION\" \/>\n<meta property=\"article:modified_time\" content=\"2026-04-17T00:39:33+00:00\" \/>\n<meta property=\"og:image\" content=\"https:\/\/www.venisecollection.com\/cdn\/image-29-1.webp\" \/>\n\t<meta property=\"og:image:width\" content=\"1280\" \/>\n\t<meta property=\"og:image:height\" content=\"1588\" \/>\n\t<meta property=\"og:image:type\" content=\"image\/webp\" \/>\n<meta name=\"twitter:card\" content=\"summary_large_image\" \/>\n<meta name=\"twitter:label1\" content=\"Tiempo de lectura\" \/>\n\t<meta name=\"twitter:data1\" content=\"1 minuto\" \/>\n<script type=\"application\/ld+json\" class=\"yoast-schema-graph\">{\"@context\":\"https:\\\/\\\/schema.org\",\"@graph\":[{\"@type\":\"WebPage\",\"@id\":\"https:\\\/\\\/www.venisecollection.com\\\/es\\\/shop\\\/women\\\/bottes-hautes\\\/botas-corvella\",\"url\":\"https:\\\/\\\/www.venisecollection.com\\\/es\\\/shop\\\/women\\\/bottes-hautes\\\/botas-corvella\",\"name\":\"Botas Corvella - VENISE COLLECTION\",\"isPartOf\":{\"@id\":\"https:\\\/\\\/www.venisecollection.com\\\/es#website\"},\"primaryImageOfPage\":{\"@id\":\"https:\\\/\\\/www.venisecollection.com\\\/es\\\/shop\\\/women\\\/bottes-hautes\\\/botas-corvella#primaryimage\"},\"image\":{\"@id\":\"https:\\\/\\\/www.venisecollection.com\\\/es\\\/shop\\\/women\\\/bottes-hautes\\\/botas-corvella#primaryimage\"},\"thumbnailUrl\":\"https:\\\/\\\/www.venisecollection.com\\\/cdn\\\/image-29-1.webp\",\"datePublished\":\"2025-12-23T16:03:58+00:00\",\"dateModified\":\"2026-04-17T00:39:33+00:00\",\"breadcrumb\":{\"@id\":\"https:\\\/\\\/www.venisecollection.com\\\/es\\\/shop\\\/women\\\/bottes-hautes\\\/botas-corvella#breadcrumb\"},\"inLanguage\":\"es\",\"potentialAction\":[{\"@type\":\"ReadAction\",\"target\":[\"https:\\\/\\\/www.venisecollection.com\\\/es\\\/shop\\\/women\\\/bottes-hautes\\\/botas-corvella\"]}]},{\"@type\":\"ImageObject\",\"inLanguage\":\"es\",\"@id\":\"https:\\\/\\\/www.venisecollection.com\\\/es\\\/shop\\\/women\\\/bottes-hautes\\\/botas-corvella#primaryimage\",\"url\":\"https:\\\/\\\/www.venisecollection.com\\\/cdn\\\/image-29-1.webp\",\"contentUrl\":\"https:\\\/\\\/www.venisecollection.com\\\/cdn\\\/image-29-1.webp\",\"width\":1280,\"height\":1588},{\"@type\":\"BreadcrumbList\",\"@id\":\"https:\\\/\\\/www.venisecollection.com\\\/es\\\/shop\\\/women\\\/bottes-hautes\\\/botas-corvella#breadcrumb\",\"itemListElement\":[{\"@type\":\"ListItem\",\"position\":1,\"name\":\"Home\",\"item\":\"https:\\\/\\\/www.venisecollection.com\\\/es\\\/tienda\"},{\"@type\":\"ListItem\",\"position\":2,\"name\":\"Inicio\",\"item\":\"https:\\\/\\\/www.venisecollection.com\\\/es\\\/tienda\"},{\"@type\":\"ListItem\",\"position\":3,\"name\":\"Botas Corvella\"}]},{\"@type\":\"WebSite\",\"@id\":\"https:\\\/\\\/www.venisecollection.com\\\/es#website\",\"url\":\"https:\\\/\\\/www.venisecollection.com\\\/es\",\"name\":\"VENISE COLLECTION\",\"description\":\"\",\"publisher\":{\"@id\":\"https:\\\/\\\/www.venisecollection.com\\\/es#organization\"},\"potentialAction\":[{\"@type\":\"SearchAction\",\"target\":{\"@type\":\"EntryPoint\",\"urlTemplate\":\"https:\\\/\\\/www.venisecollection.com\\\/es?s={search_term_string}\"},\"query-input\":{\"@type\":\"PropertyValueSpecification\",\"valueRequired\":true,\"valueName\":\"search_term_string\"}}],\"inLanguage\":\"es\"},{\"@type\":\"Organization\",\"@id\":\"https:\\\/\\\/www.venisecollection.com\\\/es#organization\",\"name\":\"VENISE COLLECTION\",\"url\":\"https:\\\/\\\/www.venisecollection.com\\\/es\",\"logo\":{\"@type\":\"ImageObject\",\"inLanguage\":\"es\",\"@id\":\"https:\\\/\\\/www.venisecollection.com\\\/es#\\\/schema\\\/logo\\\/image\\\/\",\"url\":\"https:\\\/\\\/www.venisecollection.com\\\/cdn\\\/seo.png\",\"contentUrl\":\"https:\\\/\\\/www.venisecollection.com\\\/cdn\\\/seo.png\",\"width\":1080,\"height\":1080,\"caption\":\"VENISE COLLECTION\"},\"image\":{\"@id\":\"https:\\\/\\\/www.venisecollection.com\\\/es#\\\/schema\\\/logo\\\/image\\\/\"},\"sameAs\":[\"https:\\\/\\\/www.instagram.com\\\/venisecollection\\\/\",\"https:\\\/\\\/fr.pinterest.com\\\/venisecollection\\\/\"]}]}<\/script>\n<!-- \/ Yoast SEO plugin. -->","yoast_head_json":{"title":"Botas Corvella - VENISE COLLECTION","robots":{"index":"index","follow":"follow","max-snippet":"max-snippet:-1","max-image-preview":"max-image-preview:large","max-video-preview":"max-video-preview:-1"},"canonical":"https:\/\/www.venisecollection.com\/es\/shop\/women\/bottes-hautes\/botas-corvella","og_locale":"es_ES","og_type":"article","og_title":"Botas Corvella - VENISE COLLECTION","og_description":"Las botas Corvella combinan la audaz energ\u00eda motera con una feminidad refinada. Confeccionadas en piel de becerro cepillada granulada, presentan una silueta alta hasta la rodilla, una robusta suela de goma y un c\u00f3modo tac\u00f3n apilado de 6 cm (2,4\u201d). Las hebillas de plata pulida acent\u00faan el elegante cuero negro, evocando el esp\u00edritu motero atemporal &hellip;","og_url":"https:\/\/www.venisecollection.com\/es\/shop\/women\/bottes-hautes\/botas-corvella","og_site_name":"VENISE COLLECTION","article_modified_time":"2026-04-17T00:39:33+00:00","og_image":[{"width":1280,"height":1588,"url":"https:\/\/www.venisecollection.com\/cdn\/image-29-1.webp","type":"image\/webp"}],"twitter_card":"summary_large_image","twitter_misc":{"Tiempo de lectura":"1 minuto"},"schema":{"@context":"https:\/\/schema.org","@graph":[{"@type":"WebPage","@id":"https:\/\/www.venisecollection.com\/es\/shop\/women\/bottes-hautes\/botas-corvella","url":"https:\/\/www.venisecollection.com\/es\/shop\/women\/bottes-hautes\/botas-corvella","name":"Botas Corvella - VENISE COLLECTION","isPartOf":{"@id":"https:\/\/www.venisecollection.com\/es#website"},"primaryImageOfPage":{"@id":"https:\/\/www.venisecollection.com\/es\/shop\/women\/bottes-hautes\/botas-corvella#primaryimage"},"image":{"@id":"https:\/\/www.venisecollection.com\/es\/shop\/women\/bottes-hautes\/botas-corvella#primaryimage"},"thumbnailUrl":"https:\/\/www.venisecollection.com\/cdn\/image-29-1.webp","datePublished":"2025-12-23T16:03:58+00:00","dateModified":"2026-04-17T00:39:33+00:00","breadcrumb":{"@id":"https:\/\/www.venisecollection.com\/es\/shop\/women\/bottes-hautes\/botas-corvella#breadcrumb"},"inLanguage":"es","potentialAction":[{"@type":"ReadAction","target":["https:\/\/www.venisecollection.com\/es\/shop\/women\/bottes-hautes\/botas-corvella"]}]},{"@type":"ImageObject","inLanguage":"es","@id":"https:\/\/www.venisecollection.com\/es\/shop\/women\/bottes-hautes\/botas-corvella#primaryimage","url":"https:\/\/www.venisecollection.com\/cdn\/image-29-1.webp","contentUrl":"https:\/\/www.venisecollection.com\/cdn\/image-29-1.webp","width":1280,"height":1588},{"@type":"BreadcrumbList","@id":"https:\/\/www.venisecollection.com\/es\/shop\/women\/bottes-hautes\/botas-corvella#breadcrumb","itemListElement":[{"@type":"ListItem","position":1,"name":"Home","item":"https:\/\/www.venisecollection.com\/es\/tienda"},{"@type":"ListItem","position":2,"name":"Inicio","item":"https:\/\/www.venisecollection.com\/es\/tienda"},{"@type":"ListItem","position":3,"name":"Botas Corvella"}]},{"@type":"WebSite","@id":"https:\/\/www.venisecollection.com\/es#website","url":"https:\/\/www.venisecollection.com\/es","name":"VENISE COLLECTION","description":"","publisher":{"@id":"https:\/\/www.venisecollection.com\/es#organization"},"potentialAction":[{"@type":"SearchAction","target":{"@type":"EntryPoint","urlTemplate":"https:\/\/www.venisecollection.com\/es?s={search_term_string}"},"query-input":{"@type":"PropertyValueSpecification","valueRequired":true,"valueName":"search_term_string"}}],"inLanguage":"es"},{"@type":"Organization","@id":"https:\/\/www.venisecollection.com\/es#organization","name":"VENISE COLLECTION","url":"https:\/\/www.venisecollection.com\/es","logo":{"@type":"ImageObject","inLanguage":"es","@id":"https:\/\/www.venisecollection.com\/es#\/schema\/logo\/image\/","url":"https:\/\/www.venisecollection.com\/cdn\/seo.png","contentUrl":"https:\/\/www.venisecollection.com\/cdn\/seo.png","width":1080,"height":1080,"caption":"VENISE COLLECTION"},"image":{"@id":"https:\/\/www.venisecollection.com\/es#\/schema\/logo\/image\/"},"sameAs":["https:\/\/www.instagram.com\/venisecollection\/","https:\/\/fr.pinterest.com\/venisecollection\/"]}]}},"_links":{"self":[{"href":"https:\/\/www.venisecollection.com\/es\/wp-json\/wp\/v2\/product\/7285","targetHints":{"allow":["GET"]}}],"collection":[{"href":"https:\/\/www.venisecollection.com\/es\/wp-json\/wp\/v2\/product"}],"about":[{"href":"https:\/\/www.venisecollection.com\/es\/wp-json\/wp\/v2\/types\/product"}],"wp:featuredmedia":[{"embeddable":true,"href":"https:\/\/www.venisecollection.com\/es\/wp-json\/wp\/v2\/media\/7286"}],"wp:attachment":[{"href":"https:\/\/www.venisecollection.com\/es\/wp-json\/wp\/v2\/media?parent=7285"}],"wp:term":[{"taxonomy":"product_brand","embeddable":true,"href":"https:\/\/www.venisecollection.com\/es\/wp-json\/wp\/v2\/product_brand?post=7285"},{"taxonomy":"product_cat","embeddable":true,"href":"https:\/\/www.venisecollection.com\/es\/wp-json\/wp\/v2\/product_cat?post=7285"},{"taxonomy":"product_tag","embeddable":true,"href":"https:\/\/www.venisecollection.com\/es\/wp-json\/wp\/v2\/product_tag?post=7285"}],"curies":[{"name":"wp","href":"https:\/\/api.w.org\/{rel}","templated":true}]}}