{"id":7511,"date":"2025-11-20T16:02:42","date_gmt":"2025-11-20T16:02:42","guid":{"rendered":"https:\/\/www.venisecollection.com\/shop\/women\/sin%20categor\u00eda\/botas-altas-marvella-para-mujer-2\/"},"modified":"2025-12-26T15:02:44","modified_gmt":"2025-12-26T15:02:44","slug":"botas-altas-marvella-para-mujer-2","status":"publish","type":"product","link":"https:\/\/www.venisecollection.com\/es\/shop\/women\/botas-altas\/botas-altas-marvella-para-mujer-2","title":{"rendered":"Botas altas Marvella para mujer"},"content":{"rendered":"<p style=\"text-align: justify;\" data-start=\"1183\" data-end=\"1662\">Las botas altas Marvella para mujer est\u00e1n confeccionadas en ante marr\u00f3n oscuro, combinando la artesan\u00eda italiana con la sofisticaci\u00f3n moderna.<\/p>\n<p style=\"text-align: justify;\" data-start=\"1183\" data-end=\"1662\">Con una punta afilada, un tac\u00f3n angular de 70 mm y un elegante detalle de hebilla en la parte superior, estas botas irradian una elegancia atemporal. Cada par est\u00e1 acabado a mano con una t\u00e9cnica de lavado \u00fanica, lo que las hace verdaderamente \u00fanicas. El forro de cuero garantiza suavidad y comodidad durante todo el d\u00eda.  <\/p>\n<p style=\"text-align: justify;\" data-start=\"1664\" data-end=\"1678\">Detalles: Cuero de ante de primera calidad &#8211; Punta afilada y tac\u00f3n de bloque en \u00e1ngulo \u2013 Detalle de hebilla decorativa \u2013 Forro y suela de cuero \u2013 Hecho en Italia<\/p>\n","protected":false},"excerpt":{"rendered":"<p>Las botas altas Marvella para mujer est\u00e1n confeccionadas en ante marr\u00f3n oscuro, combinando la artesan\u00eda italiana con la sofisticaci\u00f3n moderna. Con una punta afilada, un tac\u00f3n angular de 70 mm y un elegante detalle de hebilla en la parte superior, estas botas irradian una elegancia atemporal. Cada par est\u00e1 acabado a mano con una t\u00e9cnica &hellip;<\/p>\n","protected":false},"featured_media":7531,"template":"","meta":[],"product_brand":[358],"product_cat":[120],"product_tag":[],"class_list":{"0":"post-7511","1":"product","2":"type-product","3":"status-publish","4":"has-post-thumbnail","6":"product_brand-venise-collection","7":"product_cat-botas-altas","9":"first","10":"outofstock","11":"shipping-taxable","12":"product-type-variable","13":"has-default-attributes"},"yoast_head":"<!-- This site is optimized with the Yoast SEO plugin v27.4 - https:\/\/yoast.com\/product\/yoast-seo-wordpress\/ -->\n<title>Botas altas Marvella para mujer - VENISE COLLECTION<\/title>\n<meta name=\"robots\" content=\"index, follow, max-snippet:-1, max-image-preview:large, max-video-preview:-1\" \/>\n<link rel=\"canonical\" href=\"https:\/\/www.venisecollection.com\/es\/shop\/women\/botas-altas\/botas-altas-marvella-para-mujer-2\" \/>\n<meta property=\"og:locale\" content=\"es_ES\" \/>\n<meta property=\"og:type\" content=\"article\" \/>\n<meta property=\"og:title\" content=\"Botas altas Marvella para mujer - VENISE COLLECTION\" \/>\n<meta property=\"og:description\" content=\"Las botas altas Marvella para mujer est\u00e1n confeccionadas en ante marr\u00f3n oscuro, combinando la artesan\u00eda italiana con la sofisticaci\u00f3n moderna. Con una punta afilada, un tac\u00f3n angular de 70 mm y un elegante detalle de hebilla en la parte superior, estas botas irradian una elegancia atemporal. Cada par est\u00e1 acabado a mano con una t\u00e9cnica &hellip;\" \/>\n<meta property=\"og:url\" content=\"https:\/\/www.venisecollection.com\/es\/shop\/women\/botas-altas\/botas-altas-marvella-para-mujer-2\" \/>\n<meta property=\"og:site_name\" content=\"VENISE COLLECTION\" \/>\n<meta property=\"article:modified_time\" content=\"2025-12-26T15:02:44+00:00\" \/>\n<meta property=\"og:image\" content=\"https:\/\/www.venisecollection.com\/cdn\/image.psd-250.webp\" \/>\n\t<meta property=\"og:image:width\" content=\"1280\" \/>\n\t<meta property=\"og:image:height\" content=\"1588\" \/>\n\t<meta property=\"og:image:type\" content=\"image\/webp\" \/>\n<meta name=\"twitter:card\" content=\"summary_large_image\" \/>\n<meta name=\"twitter:label1\" content=\"Tiempo de lectura\" \/>\n\t<meta name=\"twitter:data1\" content=\"1 minuto\" \/>\n<script type=\"application\/ld+json\" class=\"yoast-schema-graph\">{\"@context\":\"https:\\\/\\\/schema.org\",\"@graph\":[{\"@type\":\"WebPage\",\"@id\":\"https:\\\/\\\/www.venisecollection.com\\\/es\\\/shop\\\/women\\\/botas-altas\\\/botas-altas-marvella-para-mujer-2\",\"url\":\"https:\\\/\\\/www.venisecollection.com\\\/es\\\/shop\\\/women\\\/botas-altas\\\/botas-altas-marvella-para-mujer-2\",\"name\":\"Botas altas Marvella para mujer - VENISE COLLECTION\",\"isPartOf\":{\"@id\":\"https:\\\/\\\/www.venisecollection.com\\\/es#website\"},\"primaryImageOfPage\":{\"@id\":\"https:\\\/\\\/www.venisecollection.com\\\/es\\\/shop\\\/women\\\/botas-altas\\\/botas-altas-marvella-para-mujer-2#primaryimage\"},\"image\":{\"@id\":\"https:\\\/\\\/www.venisecollection.com\\\/es\\\/shop\\\/women\\\/botas-altas\\\/botas-altas-marvella-para-mujer-2#primaryimage\"},\"thumbnailUrl\":\"https:\\\/\\\/www.venisecollection.com\\\/cdn\\\/image.psd-250.webp\",\"datePublished\":\"2025-11-20T16:02:42+00:00\",\"dateModified\":\"2025-12-26T15:02:44+00:00\",\"breadcrumb\":{\"@id\":\"https:\\\/\\\/www.venisecollection.com\\\/es\\\/shop\\\/women\\\/botas-altas\\\/botas-altas-marvella-para-mujer-2#breadcrumb\"},\"inLanguage\":\"es\",\"potentialAction\":[{\"@type\":\"ReadAction\",\"target\":[\"https:\\\/\\\/www.venisecollection.com\\\/es\\\/shop\\\/women\\\/botas-altas\\\/botas-altas-marvella-para-mujer-2\"]}]},{\"@type\":\"ImageObject\",\"inLanguage\":\"es\",\"@id\":\"https:\\\/\\\/www.venisecollection.com\\\/es\\\/shop\\\/women\\\/botas-altas\\\/botas-altas-marvella-para-mujer-2#primaryimage\",\"url\":\"https:\\\/\\\/www.venisecollection.com\\\/cdn\\\/image.psd-250.webp\",\"contentUrl\":\"https:\\\/\\\/www.venisecollection.com\\\/cdn\\\/image.psd-250.webp\",\"width\":1280,\"height\":1588},{\"@type\":\"BreadcrumbList\",\"@id\":\"https:\\\/\\\/www.venisecollection.com\\\/es\\\/shop\\\/women\\\/botas-altas\\\/botas-altas-marvella-para-mujer-2#breadcrumb\",\"itemListElement\":[{\"@type\":\"ListItem\",\"position\":1,\"name\":\"Home\",\"item\":\"https:\\\/\\\/www.venisecollection.com\\\/es\\\/tienda\"},{\"@type\":\"ListItem\",\"position\":2,\"name\":\"Inicio\",\"item\":\"https:\\\/\\\/www.venisecollection.com\\\/es\\\/tienda\"},{\"@type\":\"ListItem\",\"position\":3,\"name\":\"Botas altas Marvella para mujer\"}]},{\"@type\":\"WebSite\",\"@id\":\"https:\\\/\\\/www.venisecollection.com\\\/es#website\",\"url\":\"https:\\\/\\\/www.venisecollection.com\\\/es\",\"name\":\"VENISE COLLECTION\",\"description\":\"\",\"publisher\":{\"@id\":\"https:\\\/\\\/www.venisecollection.com\\\/es#organization\"},\"potentialAction\":[{\"@type\":\"SearchAction\",\"target\":{\"@type\":\"EntryPoint\",\"urlTemplate\":\"https:\\\/\\\/www.venisecollection.com\\\/es?s={search_term_string}\"},\"query-input\":{\"@type\":\"PropertyValueSpecification\",\"valueRequired\":true,\"valueName\":\"search_term_string\"}}],\"inLanguage\":\"es\"},{\"@type\":\"Organization\",\"@id\":\"https:\\\/\\\/www.venisecollection.com\\\/es#organization\",\"name\":\"VENISE COLLECTION\",\"url\":\"https:\\\/\\\/www.venisecollection.com\\\/es\",\"logo\":{\"@type\":\"ImageObject\",\"inLanguage\":\"es\",\"@id\":\"https:\\\/\\\/www.venisecollection.com\\\/es#\\\/schema\\\/logo\\\/image\\\/\",\"url\":\"https:\\\/\\\/www.venisecollection.com\\\/cdn\\\/seo.png\",\"contentUrl\":\"https:\\\/\\\/www.venisecollection.com\\\/cdn\\\/seo.png\",\"width\":1080,\"height\":1080,\"caption\":\"VENISE COLLECTION\"},\"image\":{\"@id\":\"https:\\\/\\\/www.venisecollection.com\\\/es#\\\/schema\\\/logo\\\/image\\\/\"},\"sameAs\":[\"https:\\\/\\\/www.instagram.com\\\/venisecollection\\\/\",\"https:\\\/\\\/fr.pinterest.com\\\/venisecollection\\\/\"]}]}<\/script>\n<!-- \/ Yoast SEO plugin. -->","yoast_head_json":{"title":"Botas altas Marvella para mujer - VENISE COLLECTION","robots":{"index":"index","follow":"follow","max-snippet":"max-snippet:-1","max-image-preview":"max-image-preview:large","max-video-preview":"max-video-preview:-1"},"canonical":"https:\/\/www.venisecollection.com\/es\/shop\/women\/botas-altas\/botas-altas-marvella-para-mujer-2","og_locale":"es_ES","og_type":"article","og_title":"Botas altas Marvella para mujer - VENISE COLLECTION","og_description":"Las botas altas Marvella para mujer est\u00e1n confeccionadas en ante marr\u00f3n oscuro, combinando la artesan\u00eda italiana con la sofisticaci\u00f3n moderna. Con una punta afilada, un tac\u00f3n angular de 70 mm y un elegante detalle de hebilla en la parte superior, estas botas irradian una elegancia atemporal. Cada par est\u00e1 acabado a mano con una t\u00e9cnica &hellip;","og_url":"https:\/\/www.venisecollection.com\/es\/shop\/women\/botas-altas\/botas-altas-marvella-para-mujer-2","og_site_name":"VENISE COLLECTION","article_modified_time":"2025-12-26T15:02:44+00:00","og_image":[{"width":1280,"height":1588,"url":"https:\/\/www.venisecollection.com\/cdn\/image.psd-250.webp","type":"image\/webp"}],"twitter_card":"summary_large_image","twitter_misc":{"Tiempo de lectura":"1 minuto"},"schema":{"@context":"https:\/\/schema.org","@graph":[{"@type":"WebPage","@id":"https:\/\/www.venisecollection.com\/es\/shop\/women\/botas-altas\/botas-altas-marvella-para-mujer-2","url":"https:\/\/www.venisecollection.com\/es\/shop\/women\/botas-altas\/botas-altas-marvella-para-mujer-2","name":"Botas altas Marvella para mujer - VENISE COLLECTION","isPartOf":{"@id":"https:\/\/www.venisecollection.com\/es#website"},"primaryImageOfPage":{"@id":"https:\/\/www.venisecollection.com\/es\/shop\/women\/botas-altas\/botas-altas-marvella-para-mujer-2#primaryimage"},"image":{"@id":"https:\/\/www.venisecollection.com\/es\/shop\/women\/botas-altas\/botas-altas-marvella-para-mujer-2#primaryimage"},"thumbnailUrl":"https:\/\/www.venisecollection.com\/cdn\/image.psd-250.webp","datePublished":"2025-11-20T16:02:42+00:00","dateModified":"2025-12-26T15:02:44+00:00","breadcrumb":{"@id":"https:\/\/www.venisecollection.com\/es\/shop\/women\/botas-altas\/botas-altas-marvella-para-mujer-2#breadcrumb"},"inLanguage":"es","potentialAction":[{"@type":"ReadAction","target":["https:\/\/www.venisecollection.com\/es\/shop\/women\/botas-altas\/botas-altas-marvella-para-mujer-2"]}]},{"@type":"ImageObject","inLanguage":"es","@id":"https:\/\/www.venisecollection.com\/es\/shop\/women\/botas-altas\/botas-altas-marvella-para-mujer-2#primaryimage","url":"https:\/\/www.venisecollection.com\/cdn\/image.psd-250.webp","contentUrl":"https:\/\/www.venisecollection.com\/cdn\/image.psd-250.webp","width":1280,"height":1588},{"@type":"BreadcrumbList","@id":"https:\/\/www.venisecollection.com\/es\/shop\/women\/botas-altas\/botas-altas-marvella-para-mujer-2#breadcrumb","itemListElement":[{"@type":"ListItem","position":1,"name":"Home","item":"https:\/\/www.venisecollection.com\/es\/tienda"},{"@type":"ListItem","position":2,"name":"Inicio","item":"https:\/\/www.venisecollection.com\/es\/tienda"},{"@type":"ListItem","position":3,"name":"Botas altas Marvella para mujer"}]},{"@type":"WebSite","@id":"https:\/\/www.venisecollection.com\/es#website","url":"https:\/\/www.venisecollection.com\/es","name":"VENISE COLLECTION","description":"","publisher":{"@id":"https:\/\/www.venisecollection.com\/es#organization"},"potentialAction":[{"@type":"SearchAction","target":{"@type":"EntryPoint","urlTemplate":"https:\/\/www.venisecollection.com\/es?s={search_term_string}"},"query-input":{"@type":"PropertyValueSpecification","valueRequired":true,"valueName":"search_term_string"}}],"inLanguage":"es"},{"@type":"Organization","@id":"https:\/\/www.venisecollection.com\/es#organization","name":"VENISE COLLECTION","url":"https:\/\/www.venisecollection.com\/es","logo":{"@type":"ImageObject","inLanguage":"es","@id":"https:\/\/www.venisecollection.com\/es#\/schema\/logo\/image\/","url":"https:\/\/www.venisecollection.com\/cdn\/seo.png","contentUrl":"https:\/\/www.venisecollection.com\/cdn\/seo.png","width":1080,"height":1080,"caption":"VENISE COLLECTION"},"image":{"@id":"https:\/\/www.venisecollection.com\/es#\/schema\/logo\/image\/"},"sameAs":["https:\/\/www.instagram.com\/venisecollection\/","https:\/\/fr.pinterest.com\/venisecollection\/"]}]}},"_links":{"self":[{"href":"https:\/\/www.venisecollection.com\/es\/wp-json\/wp\/v2\/product\/7511","targetHints":{"allow":["GET"]}}],"collection":[{"href":"https:\/\/www.venisecollection.com\/es\/wp-json\/wp\/v2\/product"}],"about":[{"href":"https:\/\/www.venisecollection.com\/es\/wp-json\/wp\/v2\/types\/product"}],"wp:featuredmedia":[{"embeddable":true,"href":"https:\/\/www.venisecollection.com\/es\/wp-json\/wp\/v2\/media\/7531"}],"wp:attachment":[{"href":"https:\/\/www.venisecollection.com\/es\/wp-json\/wp\/v2\/media?parent=7511"}],"wp:term":[{"taxonomy":"product_brand","embeddable":true,"href":"https:\/\/www.venisecollection.com\/es\/wp-json\/wp\/v2\/product_brand?post=7511"},{"taxonomy":"product_cat","embeddable":true,"href":"https:\/\/www.venisecollection.com\/es\/wp-json\/wp\/v2\/product_cat?post=7511"},{"taxonomy":"product_tag","embeddable":true,"href":"https:\/\/www.venisecollection.com\/es\/wp-json\/wp\/v2\/product_tag?post=7511"}],"curies":[{"name":"wp","href":"https:\/\/api.w.org\/{rel}","templated":true}]}}