{"id":7605,"date":"2025-12-23T16:01:00","date_gmt":"2025-12-23T16:01:00","guid":{"rendered":"https:\/\/www.venisecollection.com\/shop\/women\/sin%20categor\u00eda\/bota-campera-talloria\/"},"modified":"2026-04-15T01:11:08","modified_gmt":"2026-04-15T01:11:08","slug":"bota-campera-talloria","status":"publish","type":"product","link":"https:\/\/www.venisecollection.com\/es\/shop\/women\/santiags\/bota-campera-talloria","title":{"rendered":"Bota campera Talloria"},"content":{"rendered":"<p style=\"text-align: justify;\" data-start=\"1344\" data-end=\"1932\">La bota campera Talloria redefine la elegancia del estilo Western con un toque audaz y femenino. Confeccionada en suave piel negra y realzada con incrustaciones de ante marr\u00f3n c\u00e1lido, esta bota alta atrae todas las miradas con su llamativa silueta. <\/p>\n<p style=\"text-align: justify;\" data-start=\"1344\" data-end=\"1932\"><br data-start=\"1564\" data-end=\"1567\">La ca\u00f1a alta y la punta afilada estilizan la pierna, mientras que el tac\u00f3n alto acampanado a\u00f1ade un toque contempor\u00e1neo. Su dise\u00f1o sin cremallera con tiradores laterales refleja la aut\u00e9ntica artesan\u00eda Western, garantizando comodidad y confianza de d\u00eda a noche. <\/p>\n<p style=\"text-align: justify;\" data-start=\"1344\" data-end=\"1932\"><br data-start=\"1795\" data-end=\"1798\">El forro y la plantilla de piel garantizan una comodidad y durabilidad superiores, lo que la convierte en una elecci\u00f3n elegante tanto para looks casuales como para looks m\u00e1s llamativos.<\/p>\n<p style=\"text-align: justify;\" data-start=\"1934\" data-end=\"1952\">Caracter\u00edsticas: Piel negra suave con detalles de ante marr\u00f3n c\u00e1lido \u2013 Ca\u00f1a alta de inspiraci\u00f3n Western \u2013 Silueta de punta afilada \u2013 Estilo sin cremallera con tiradores laterales \u2013 Tac\u00f3n alto acampanado forrado en piel \u2013 Forro y plantilla de piel<\/p>\n","protected":false},"excerpt":{"rendered":"<p>La bota campera Talloria redefine la elegancia del estilo Western con un toque audaz y femenino. Confeccionada en suave piel negra y realzada con incrustaciones de ante marr\u00f3n c\u00e1lido, esta bota alta atrae todas las miradas con su llamativa silueta. La ca\u00f1a alta y la punta afilada estilizan la pierna, mientras que el tac\u00f3n alto &hellip;<\/p>\n","protected":false},"featured_media":7609,"template":"","meta":[],"product_brand":[385,358],"product_cat":[123],"product_tag":[],"class_list":{"0":"post-7605","1":"product","2":"type-product","3":"status-publish","4":"has-post-thumbnail","6":"product_brand-toral","7":"product_brand-venise-collection","8":"product_cat-santiags","10":"first","11":"instock","12":"shipping-taxable","13":"purchasable","14":"product-type-variable","15":"has-default-attributes"},"yoast_head":"<!-- This site is optimized with the Yoast SEO plugin v27.4 - https:\/\/yoast.com\/product\/yoast-seo-wordpress\/ -->\n<title>Bota campera Talloria - VENISE COLLECTION<\/title>\n<meta name=\"robots\" content=\"index, follow, max-snippet:-1, max-image-preview:large, max-video-preview:-1\" \/>\n<link rel=\"canonical\" href=\"https:\/\/www.venisecollection.com\/es\/shop\/women\/santiags\/bota-campera-talloria\" \/>\n<meta property=\"og:locale\" content=\"es_ES\" \/>\n<meta property=\"og:type\" content=\"article\" \/>\n<meta property=\"og:title\" content=\"Bota campera Talloria - VENISE COLLECTION\" \/>\n<meta property=\"og:description\" content=\"La bota campera Talloria redefine la elegancia del estilo Western con un toque audaz y femenino. Confeccionada en suave piel negra y realzada con incrustaciones de ante marr\u00f3n c\u00e1lido, esta bota alta atrae todas las miradas con su llamativa silueta. La ca\u00f1a alta y la punta afilada estilizan la pierna, mientras que el tac\u00f3n alto &hellip;\" \/>\n<meta property=\"og:url\" content=\"https:\/\/www.venisecollection.com\/es\/shop\/women\/santiags\/bota-campera-talloria\" \/>\n<meta property=\"og:site_name\" content=\"VENISE COLLECTION\" \/>\n<meta property=\"article:modified_time\" content=\"2026-04-15T01:11:08+00:00\" \/>\n<meta property=\"og:image\" content=\"https:\/\/www.venisecollection.com\/cdn\/image.psd.webp\" \/>\n\t<meta property=\"og:image:width\" content=\"1280\" \/>\n\t<meta property=\"og:image:height\" content=\"1588\" \/>\n\t<meta property=\"og:image:type\" content=\"image\/webp\" \/>\n<meta name=\"twitter:card\" content=\"summary_large_image\" \/>\n<meta name=\"twitter:label1\" content=\"Tiempo de lectura\" \/>\n\t<meta name=\"twitter:data1\" content=\"1 minuto\" \/>\n<script type=\"application\/ld+json\" class=\"yoast-schema-graph\">{\"@context\":\"https:\\\/\\\/schema.org\",\"@graph\":[{\"@type\":\"WebPage\",\"@id\":\"https:\\\/\\\/www.venisecollection.com\\\/es\\\/shop\\\/women\\\/santiags\\\/bota-campera-talloria\",\"url\":\"https:\\\/\\\/www.venisecollection.com\\\/es\\\/shop\\\/women\\\/santiags\\\/bota-campera-talloria\",\"name\":\"Bota campera Talloria - VENISE COLLECTION\",\"isPartOf\":{\"@id\":\"https:\\\/\\\/www.venisecollection.com\\\/es#website\"},\"primaryImageOfPage\":{\"@id\":\"https:\\\/\\\/www.venisecollection.com\\\/es\\\/shop\\\/women\\\/santiags\\\/bota-campera-talloria#primaryimage\"},\"image\":{\"@id\":\"https:\\\/\\\/www.venisecollection.com\\\/es\\\/shop\\\/women\\\/santiags\\\/bota-campera-talloria#primaryimage\"},\"thumbnailUrl\":\"https:\\\/\\\/www.venisecollection.com\\\/cdn\\\/image.psd.webp\",\"datePublished\":\"2025-12-23T16:01:00+00:00\",\"dateModified\":\"2026-04-15T01:11:08+00:00\",\"breadcrumb\":{\"@id\":\"https:\\\/\\\/www.venisecollection.com\\\/es\\\/shop\\\/women\\\/santiags\\\/bota-campera-talloria#breadcrumb\"},\"inLanguage\":\"es\",\"potentialAction\":[{\"@type\":\"ReadAction\",\"target\":[\"https:\\\/\\\/www.venisecollection.com\\\/es\\\/shop\\\/women\\\/santiags\\\/bota-campera-talloria\"]}]},{\"@type\":\"ImageObject\",\"inLanguage\":\"es\",\"@id\":\"https:\\\/\\\/www.venisecollection.com\\\/es\\\/shop\\\/women\\\/santiags\\\/bota-campera-talloria#primaryimage\",\"url\":\"https:\\\/\\\/www.venisecollection.com\\\/cdn\\\/image.psd.webp\",\"contentUrl\":\"https:\\\/\\\/www.venisecollection.com\\\/cdn\\\/image.psd.webp\",\"width\":1280,\"height\":1588},{\"@type\":\"BreadcrumbList\",\"@id\":\"https:\\\/\\\/www.venisecollection.com\\\/es\\\/shop\\\/women\\\/santiags\\\/bota-campera-talloria#breadcrumb\",\"itemListElement\":[{\"@type\":\"ListItem\",\"position\":1,\"name\":\"Home\",\"item\":\"https:\\\/\\\/www.venisecollection.com\\\/es\\\/tienda\"},{\"@type\":\"ListItem\",\"position\":2,\"name\":\"Inicio\",\"item\":\"https:\\\/\\\/www.venisecollection.com\\\/es\\\/tienda\"},{\"@type\":\"ListItem\",\"position\":3,\"name\":\"Bota campera Talloria\"}]},{\"@type\":\"WebSite\",\"@id\":\"https:\\\/\\\/www.venisecollection.com\\\/es#website\",\"url\":\"https:\\\/\\\/www.venisecollection.com\\\/es\",\"name\":\"VENISE COLLECTION\",\"description\":\"\",\"publisher\":{\"@id\":\"https:\\\/\\\/www.venisecollection.com\\\/es#organization\"},\"potentialAction\":[{\"@type\":\"SearchAction\",\"target\":{\"@type\":\"EntryPoint\",\"urlTemplate\":\"https:\\\/\\\/www.venisecollection.com\\\/es?s={search_term_string}\"},\"query-input\":{\"@type\":\"PropertyValueSpecification\",\"valueRequired\":true,\"valueName\":\"search_term_string\"}}],\"inLanguage\":\"es\"},{\"@type\":\"Organization\",\"@id\":\"https:\\\/\\\/www.venisecollection.com\\\/es#organization\",\"name\":\"VENISE COLLECTION\",\"url\":\"https:\\\/\\\/www.venisecollection.com\\\/es\",\"logo\":{\"@type\":\"ImageObject\",\"inLanguage\":\"es\",\"@id\":\"https:\\\/\\\/www.venisecollection.com\\\/es#\\\/schema\\\/logo\\\/image\\\/\",\"url\":\"https:\\\/\\\/www.venisecollection.com\\\/cdn\\\/seo.png\",\"contentUrl\":\"https:\\\/\\\/www.venisecollection.com\\\/cdn\\\/seo.png\",\"width\":1080,\"height\":1080,\"caption\":\"VENISE COLLECTION\"},\"image\":{\"@id\":\"https:\\\/\\\/www.venisecollection.com\\\/es#\\\/schema\\\/logo\\\/image\\\/\"},\"sameAs\":[\"https:\\\/\\\/www.instagram.com\\\/venisecollection\\\/\",\"https:\\\/\\\/fr.pinterest.com\\\/venisecollection\\\/\"]}]}<\/script>\n<!-- \/ Yoast SEO plugin. -->","yoast_head_json":{"title":"Bota campera Talloria - VENISE COLLECTION","robots":{"index":"index","follow":"follow","max-snippet":"max-snippet:-1","max-image-preview":"max-image-preview:large","max-video-preview":"max-video-preview:-1"},"canonical":"https:\/\/www.venisecollection.com\/es\/shop\/women\/santiags\/bota-campera-talloria","og_locale":"es_ES","og_type":"article","og_title":"Bota campera Talloria - VENISE COLLECTION","og_description":"La bota campera Talloria redefine la elegancia del estilo Western con un toque audaz y femenino. Confeccionada en suave piel negra y realzada con incrustaciones de ante marr\u00f3n c\u00e1lido, esta bota alta atrae todas las miradas con su llamativa silueta. La ca\u00f1a alta y la punta afilada estilizan la pierna, mientras que el tac\u00f3n alto &hellip;","og_url":"https:\/\/www.venisecollection.com\/es\/shop\/women\/santiags\/bota-campera-talloria","og_site_name":"VENISE COLLECTION","article_modified_time":"2026-04-15T01:11:08+00:00","og_image":[{"width":1280,"height":1588,"url":"https:\/\/www.venisecollection.com\/cdn\/image.psd.webp","type":"image\/webp"}],"twitter_card":"summary_large_image","twitter_misc":{"Tiempo de lectura":"1 minuto"},"schema":{"@context":"https:\/\/schema.org","@graph":[{"@type":"WebPage","@id":"https:\/\/www.venisecollection.com\/es\/shop\/women\/santiags\/bota-campera-talloria","url":"https:\/\/www.venisecollection.com\/es\/shop\/women\/santiags\/bota-campera-talloria","name":"Bota campera Talloria - VENISE COLLECTION","isPartOf":{"@id":"https:\/\/www.venisecollection.com\/es#website"},"primaryImageOfPage":{"@id":"https:\/\/www.venisecollection.com\/es\/shop\/women\/santiags\/bota-campera-talloria#primaryimage"},"image":{"@id":"https:\/\/www.venisecollection.com\/es\/shop\/women\/santiags\/bota-campera-talloria#primaryimage"},"thumbnailUrl":"https:\/\/www.venisecollection.com\/cdn\/image.psd.webp","datePublished":"2025-12-23T16:01:00+00:00","dateModified":"2026-04-15T01:11:08+00:00","breadcrumb":{"@id":"https:\/\/www.venisecollection.com\/es\/shop\/women\/santiags\/bota-campera-talloria#breadcrumb"},"inLanguage":"es","potentialAction":[{"@type":"ReadAction","target":["https:\/\/www.venisecollection.com\/es\/shop\/women\/santiags\/bota-campera-talloria"]}]},{"@type":"ImageObject","inLanguage":"es","@id":"https:\/\/www.venisecollection.com\/es\/shop\/women\/santiags\/bota-campera-talloria#primaryimage","url":"https:\/\/www.venisecollection.com\/cdn\/image.psd.webp","contentUrl":"https:\/\/www.venisecollection.com\/cdn\/image.psd.webp","width":1280,"height":1588},{"@type":"BreadcrumbList","@id":"https:\/\/www.venisecollection.com\/es\/shop\/women\/santiags\/bota-campera-talloria#breadcrumb","itemListElement":[{"@type":"ListItem","position":1,"name":"Home","item":"https:\/\/www.venisecollection.com\/es\/tienda"},{"@type":"ListItem","position":2,"name":"Inicio","item":"https:\/\/www.venisecollection.com\/es\/tienda"},{"@type":"ListItem","position":3,"name":"Bota campera Talloria"}]},{"@type":"WebSite","@id":"https:\/\/www.venisecollection.com\/es#website","url":"https:\/\/www.venisecollection.com\/es","name":"VENISE COLLECTION","description":"","publisher":{"@id":"https:\/\/www.venisecollection.com\/es#organization"},"potentialAction":[{"@type":"SearchAction","target":{"@type":"EntryPoint","urlTemplate":"https:\/\/www.venisecollection.com\/es?s={search_term_string}"},"query-input":{"@type":"PropertyValueSpecification","valueRequired":true,"valueName":"search_term_string"}}],"inLanguage":"es"},{"@type":"Organization","@id":"https:\/\/www.venisecollection.com\/es#organization","name":"VENISE COLLECTION","url":"https:\/\/www.venisecollection.com\/es","logo":{"@type":"ImageObject","inLanguage":"es","@id":"https:\/\/www.venisecollection.com\/es#\/schema\/logo\/image\/","url":"https:\/\/www.venisecollection.com\/cdn\/seo.png","contentUrl":"https:\/\/www.venisecollection.com\/cdn\/seo.png","width":1080,"height":1080,"caption":"VENISE COLLECTION"},"image":{"@id":"https:\/\/www.venisecollection.com\/es#\/schema\/logo\/image\/"},"sameAs":["https:\/\/www.instagram.com\/venisecollection\/","https:\/\/fr.pinterest.com\/venisecollection\/"]}]}},"_links":{"self":[{"href":"https:\/\/www.venisecollection.com\/es\/wp-json\/wp\/v2\/product\/7605","targetHints":{"allow":["GET"]}}],"collection":[{"href":"https:\/\/www.venisecollection.com\/es\/wp-json\/wp\/v2\/product"}],"about":[{"href":"https:\/\/www.venisecollection.com\/es\/wp-json\/wp\/v2\/types\/product"}],"wp:featuredmedia":[{"embeddable":true,"href":"https:\/\/www.venisecollection.com\/es\/wp-json\/wp\/v2\/media\/7609"}],"wp:attachment":[{"href":"https:\/\/www.venisecollection.com\/es\/wp-json\/wp\/v2\/media?parent=7605"}],"wp:term":[{"taxonomy":"product_brand","embeddable":true,"href":"https:\/\/www.venisecollection.com\/es\/wp-json\/wp\/v2\/product_brand?post=7605"},{"taxonomy":"product_cat","embeddable":true,"href":"https:\/\/www.venisecollection.com\/es\/wp-json\/wp\/v2\/product_cat?post=7605"},{"taxonomy":"product_tag","embeddable":true,"href":"https:\/\/www.venisecollection.com\/es\/wp-json\/wp\/v2\/product_tag?post=7605"}],"curies":[{"name":"wp","href":"https:\/\/api.w.org\/{rel}","templated":true}]}}