{"id":7649,"date":"2025-11-20T16:00:57","date_gmt":"2025-11-20T16:00:57","guid":{"rendered":"https:\/\/www.venisecollection.com\/shop\/women\/sin%20categor\u00eda\/elenza\/"},"modified":"2026-04-29T01:44:54","modified_gmt":"2026-04-29T01:44:54","slug":"elenza","status":"publish","type":"product","link":"https:\/\/www.venisecollection.com\/es\/shop\/women\/botas\/elenza","title":{"rendered":"Elenza"},"content":{"rendered":"<p style=\"text-align: justify;\" data-start=\"1231\" data-end=\"1731\">Refinadas, femeninas y audaces, los botines Elenza Sharp est\u00e1n dise\u00f1ados para destacar este oto\u00f1o e invierno.<br data-start=\"1347\" data-end=\"1350\">Con una elegante punta afilada y un distintivo tac\u00f3n semiredondo, estilizan las piernas al tiempo que garantizan un equilibrio y una comodidad perfectos.<br data-start=\"1481\" data-end=\"1484\">Confeccionados en suave piel sint\u00e9tica de PU negra, estas botas ofrecen una silueta sofisticada que se adapta sin esfuerzo del d\u00eda a la noche.<br data-start=\"1612\" data-end=\"1615\">La cremallera lateral a\u00f1ade practicidad, mientras que el dise\u00f1o curvo del tac\u00f3n aporta un toque arquitect\u00f3nico moderno a tu conjunto.<\/p>\n<p style=\"text-align: justify;\" data-start=\"1733\" data-end=\"1748\">Caracter\u00edsticas: Punta afilada para un look elegante &#8211; Tac\u00f3n semiredondo que equilibra comodidad y estilo &#8211; Parte superior de PU suave y suela sint\u00e9tica antideslizante \u2013 Perfecto para conjuntos de oto\u00f1o e invierno<\/p>\n","protected":false},"excerpt":{"rendered":"<p>Refinadas, femeninas y audaces, los botines Elenza Sharp est\u00e1n dise\u00f1ados para destacar este oto\u00f1o e invierno.Con una elegante punta afilada y un distintivo tac\u00f3n semiredondo, estilizan las piernas al tiempo que garantizan un equilibrio y una comodidad perfectos.Confeccionados en suave piel sint\u00e9tica de PU negra, estas botas ofrecen una silueta sofisticada que se adapta sin &hellip;<\/p>\n","protected":false},"featured_media":7651,"template":"","meta":[],"product_brand":[358],"product_cat":[122],"product_tag":[],"class_list":{"0":"post-7649","1":"product","2":"type-product","3":"status-publish","4":"has-post-thumbnail","6":"product_brand-venise-collection","7":"product_cat-botas","9":"first","10":"instock","11":"shipping-taxable","12":"purchasable","13":"product-type-variable","14":"has-default-attributes"},"yoast_head":"<!-- This site is optimized with the Yoast SEO plugin v27.5 - https:\/\/yoast.com\/product\/yoast-seo-wordpress\/ -->\n<title>Elenza - VENISE COLLECTION<\/title>\n<meta name=\"robots\" content=\"index, follow, max-snippet:-1, max-image-preview:large, max-video-preview:-1\" \/>\n<link rel=\"canonical\" href=\"https:\/\/www.venisecollection.com\/es\/shop\/women\/botas\/elenza\" \/>\n<meta property=\"og:locale\" content=\"es_ES\" \/>\n<meta property=\"og:type\" content=\"article\" \/>\n<meta property=\"og:title\" content=\"Elenza - VENISE COLLECTION\" \/>\n<meta property=\"og:description\" content=\"Refinadas, femeninas y audaces, los botines Elenza Sharp est\u00e1n dise\u00f1ados para destacar este oto\u00f1o e invierno.Con una elegante punta afilada y un distintivo tac\u00f3n semiredondo, estilizan las piernas al tiempo que garantizan un equilibrio y una comodidad perfectos.Confeccionados en suave piel sint\u00e9tica de PU negra, estas botas ofrecen una silueta sofisticada que se adapta sin &hellip;\" \/>\n<meta property=\"og:url\" content=\"https:\/\/www.venisecollection.com\/es\/shop\/women\/botas\/elenza\" \/>\n<meta property=\"og:site_name\" content=\"VENISE COLLECTION\" \/>\n<meta property=\"article:modified_time\" content=\"2026-04-29T01:44:54+00:00\" \/>\n<meta property=\"og:image\" content=\"https:\/\/www.venisecollection.com\/cdn\/image-24-1-22-1.webp\" \/>\n\t<meta property=\"og:image:width\" content=\"1280\" \/>\n\t<meta property=\"og:image:height\" content=\"1588\" \/>\n\t<meta property=\"og:image:type\" content=\"image\/webp\" \/>\n<meta name=\"twitter:card\" content=\"summary_large_image\" \/>\n<meta name=\"twitter:label1\" content=\"Tiempo de lectura\" \/>\n\t<meta name=\"twitter:data1\" content=\"1 minuto\" \/>\n<script type=\"application\/ld+json\" class=\"yoast-schema-graph\">{\"@context\":\"https:\\\/\\\/schema.org\",\"@graph\":[{\"@type\":\"WebPage\",\"@id\":\"https:\\\/\\\/www.venisecollection.com\\\/es\\\/shop\\\/women\\\/botas\\\/elenza\",\"url\":\"https:\\\/\\\/www.venisecollection.com\\\/es\\\/shop\\\/women\\\/botas\\\/elenza\",\"name\":\"Elenza - VENISE COLLECTION\",\"isPartOf\":{\"@id\":\"https:\\\/\\\/www.venisecollection.com\\\/es#website\"},\"primaryImageOfPage\":{\"@id\":\"https:\\\/\\\/www.venisecollection.com\\\/es\\\/shop\\\/women\\\/botas\\\/elenza#primaryimage\"},\"image\":{\"@id\":\"https:\\\/\\\/www.venisecollection.com\\\/es\\\/shop\\\/women\\\/botas\\\/elenza#primaryimage\"},\"thumbnailUrl\":\"https:\\\/\\\/www.venisecollection.com\\\/cdn\\\/image-24-1-22-1.webp\",\"datePublished\":\"2025-11-20T16:00:57+00:00\",\"dateModified\":\"2026-04-29T01:44:54+00:00\",\"breadcrumb\":{\"@id\":\"https:\\\/\\\/www.venisecollection.com\\\/es\\\/shop\\\/women\\\/botas\\\/elenza#breadcrumb\"},\"inLanguage\":\"es\",\"potentialAction\":[{\"@type\":\"ReadAction\",\"target\":[\"https:\\\/\\\/www.venisecollection.com\\\/es\\\/shop\\\/women\\\/botas\\\/elenza\"]}]},{\"@type\":\"ImageObject\",\"inLanguage\":\"es\",\"@id\":\"https:\\\/\\\/www.venisecollection.com\\\/es\\\/shop\\\/women\\\/botas\\\/elenza#primaryimage\",\"url\":\"https:\\\/\\\/www.venisecollection.com\\\/cdn\\\/image-24-1-22-1.webp\",\"contentUrl\":\"https:\\\/\\\/www.venisecollection.com\\\/cdn\\\/image-24-1-22-1.webp\",\"width\":1280,\"height\":1588},{\"@type\":\"BreadcrumbList\",\"@id\":\"https:\\\/\\\/www.venisecollection.com\\\/es\\\/shop\\\/women\\\/botas\\\/elenza#breadcrumb\",\"itemListElement\":[{\"@type\":\"ListItem\",\"position\":1,\"name\":\"Home\",\"item\":\"https:\\\/\\\/www.venisecollection.com\\\/es\\\/tienda\"},{\"@type\":\"ListItem\",\"position\":2,\"name\":\"Inicio\",\"item\":\"https:\\\/\\\/www.venisecollection.com\\\/es\\\/tienda\"},{\"@type\":\"ListItem\",\"position\":3,\"name\":\"Elenza\"}]},{\"@type\":\"WebSite\",\"@id\":\"https:\\\/\\\/www.venisecollection.com\\\/es#website\",\"url\":\"https:\\\/\\\/www.venisecollection.com\\\/es\",\"name\":\"VENISE COLLECTION\",\"description\":\"\",\"publisher\":{\"@id\":\"https:\\\/\\\/www.venisecollection.com\\\/es#organization\"},\"potentialAction\":[{\"@type\":\"SearchAction\",\"target\":{\"@type\":\"EntryPoint\",\"urlTemplate\":\"https:\\\/\\\/www.venisecollection.com\\\/es?s={search_term_string}\"},\"query-input\":{\"@type\":\"PropertyValueSpecification\",\"valueRequired\":true,\"valueName\":\"search_term_string\"}}],\"inLanguage\":\"es\"},{\"@type\":\"Organization\",\"@id\":\"https:\\\/\\\/www.venisecollection.com\\\/es#organization\",\"name\":\"VENISE COLLECTION\",\"url\":\"https:\\\/\\\/www.venisecollection.com\\\/es\",\"logo\":{\"@type\":\"ImageObject\",\"inLanguage\":\"es\",\"@id\":\"https:\\\/\\\/www.venisecollection.com\\\/es#\\\/schema\\\/logo\\\/image\\\/\",\"url\":\"https:\\\/\\\/www.venisecollection.com\\\/cdn\\\/seo.png\",\"contentUrl\":\"https:\\\/\\\/www.venisecollection.com\\\/cdn\\\/seo.png\",\"width\":1080,\"height\":1080,\"caption\":\"VENISE COLLECTION\"},\"image\":{\"@id\":\"https:\\\/\\\/www.venisecollection.com\\\/es#\\\/schema\\\/logo\\\/image\\\/\"},\"sameAs\":[\"https:\\\/\\\/www.instagram.com\\\/venisecollection\\\/\",\"https:\\\/\\\/fr.pinterest.com\\\/venisecollection\\\/\"]}]}<\/script>\n<!-- \/ Yoast SEO plugin. -->","yoast_head_json":{"title":"Elenza - VENISE COLLECTION","robots":{"index":"index","follow":"follow","max-snippet":"max-snippet:-1","max-image-preview":"max-image-preview:large","max-video-preview":"max-video-preview:-1"},"canonical":"https:\/\/www.venisecollection.com\/es\/shop\/women\/botas\/elenza","og_locale":"es_ES","og_type":"article","og_title":"Elenza - VENISE COLLECTION","og_description":"Refinadas, femeninas y audaces, los botines Elenza Sharp est\u00e1n dise\u00f1ados para destacar este oto\u00f1o e invierno.Con una elegante punta afilada y un distintivo tac\u00f3n semiredondo, estilizan las piernas al tiempo que garantizan un equilibrio y una comodidad perfectos.Confeccionados en suave piel sint\u00e9tica de PU negra, estas botas ofrecen una silueta sofisticada que se adapta sin &hellip;","og_url":"https:\/\/www.venisecollection.com\/es\/shop\/women\/botas\/elenza","og_site_name":"VENISE COLLECTION","article_modified_time":"2026-04-29T01:44:54+00:00","og_image":[{"width":1280,"height":1588,"url":"https:\/\/www.venisecollection.com\/cdn\/image-24-1-22-1.webp","type":"image\/webp"}],"twitter_card":"summary_large_image","twitter_misc":{"Tiempo de lectura":"1 minuto"},"schema":{"@context":"https:\/\/schema.org","@graph":[{"@type":"WebPage","@id":"https:\/\/www.venisecollection.com\/es\/shop\/women\/botas\/elenza","url":"https:\/\/www.venisecollection.com\/es\/shop\/women\/botas\/elenza","name":"Elenza - VENISE COLLECTION","isPartOf":{"@id":"https:\/\/www.venisecollection.com\/es#website"},"primaryImageOfPage":{"@id":"https:\/\/www.venisecollection.com\/es\/shop\/women\/botas\/elenza#primaryimage"},"image":{"@id":"https:\/\/www.venisecollection.com\/es\/shop\/women\/botas\/elenza#primaryimage"},"thumbnailUrl":"https:\/\/www.venisecollection.com\/cdn\/image-24-1-22-1.webp","datePublished":"2025-11-20T16:00:57+00:00","dateModified":"2026-04-29T01:44:54+00:00","breadcrumb":{"@id":"https:\/\/www.venisecollection.com\/es\/shop\/women\/botas\/elenza#breadcrumb"},"inLanguage":"es","potentialAction":[{"@type":"ReadAction","target":["https:\/\/www.venisecollection.com\/es\/shop\/women\/botas\/elenza"]}]},{"@type":"ImageObject","inLanguage":"es","@id":"https:\/\/www.venisecollection.com\/es\/shop\/women\/botas\/elenza#primaryimage","url":"https:\/\/www.venisecollection.com\/cdn\/image-24-1-22-1.webp","contentUrl":"https:\/\/www.venisecollection.com\/cdn\/image-24-1-22-1.webp","width":1280,"height":1588},{"@type":"BreadcrumbList","@id":"https:\/\/www.venisecollection.com\/es\/shop\/women\/botas\/elenza#breadcrumb","itemListElement":[{"@type":"ListItem","position":1,"name":"Home","item":"https:\/\/www.venisecollection.com\/es\/tienda"},{"@type":"ListItem","position":2,"name":"Inicio","item":"https:\/\/www.venisecollection.com\/es\/tienda"},{"@type":"ListItem","position":3,"name":"Elenza"}]},{"@type":"WebSite","@id":"https:\/\/www.venisecollection.com\/es#website","url":"https:\/\/www.venisecollection.com\/es","name":"VENISE COLLECTION","description":"","publisher":{"@id":"https:\/\/www.venisecollection.com\/es#organization"},"potentialAction":[{"@type":"SearchAction","target":{"@type":"EntryPoint","urlTemplate":"https:\/\/www.venisecollection.com\/es?s={search_term_string}"},"query-input":{"@type":"PropertyValueSpecification","valueRequired":true,"valueName":"search_term_string"}}],"inLanguage":"es"},{"@type":"Organization","@id":"https:\/\/www.venisecollection.com\/es#organization","name":"VENISE COLLECTION","url":"https:\/\/www.venisecollection.com\/es","logo":{"@type":"ImageObject","inLanguage":"es","@id":"https:\/\/www.venisecollection.com\/es#\/schema\/logo\/image\/","url":"https:\/\/www.venisecollection.com\/cdn\/seo.png","contentUrl":"https:\/\/www.venisecollection.com\/cdn\/seo.png","width":1080,"height":1080,"caption":"VENISE COLLECTION"},"image":{"@id":"https:\/\/www.venisecollection.com\/es#\/schema\/logo\/image\/"},"sameAs":["https:\/\/www.instagram.com\/venisecollection\/","https:\/\/fr.pinterest.com\/venisecollection\/"]}]}},"_links":{"self":[{"href":"https:\/\/www.venisecollection.com\/es\/wp-json\/wp\/v2\/product\/7649","targetHints":{"allow":["GET"]}}],"collection":[{"href":"https:\/\/www.venisecollection.com\/es\/wp-json\/wp\/v2\/product"}],"about":[{"href":"https:\/\/www.venisecollection.com\/es\/wp-json\/wp\/v2\/types\/product"}],"wp:featuredmedia":[{"embeddable":true,"href":"https:\/\/www.venisecollection.com\/es\/wp-json\/wp\/v2\/media\/7651"}],"wp:attachment":[{"href":"https:\/\/www.venisecollection.com\/es\/wp-json\/wp\/v2\/media?parent=7649"}],"wp:term":[{"taxonomy":"product_brand","embeddable":true,"href":"https:\/\/www.venisecollection.com\/es\/wp-json\/wp\/v2\/product_brand?post=7649"},{"taxonomy":"product_cat","embeddable":true,"href":"https:\/\/www.venisecollection.com\/es\/wp-json\/wp\/v2\/product_cat?post=7649"},{"taxonomy":"product_tag","embeddable":true,"href":"https:\/\/www.venisecollection.com\/es\/wp-json\/wp\/v2\/product_tag?post=7649"}],"curies":[{"name":"wp","href":"https:\/\/api.w.org\/{rel}","templated":true}]}}