{"id":7776,"date":"2025-11-20T16:10:32","date_gmt":"2025-11-20T16:10:32","guid":{"rendered":"https:\/\/www.venisecollection.com\/shop\/women\/sin%20categor\u00eda\/lares-camoscio-prugna\/"},"modified":"2025-12-26T15:05:43","modified_gmt":"2025-12-26T15:05:43","slug":"lares-camoscio-prugna","status":"publish","type":"product","link":"https:\/\/www.venisecollection.com\/es\/shop\/women\/botas\/lares-camoscio-prugna","title":{"rendered":"LARES CAMOSCIO PRUGNA"},"content":{"rendered":"<p style=\"text-align: justify;\">Las botas VENISE LARES CAMOSCIO PRUGNA para mujer est\u00e1n confeccionadas en suave ante color ciruela y cuentan con un detalle de flecos de grosgrain negro, lo que les da un toque \u00fanico y elegante.<\/p>\n<p style=\"text-align: justify;\">El tac\u00f3n de 6 cm a\u00f1ade una elevaci\u00f3n sutil al tiempo que mantiene la comodidad durante todo el d\u00eda, lo que hace que estas botas sean ideales tanto para el uso diario como para ocasiones m\u00e1s elegantes. Una suela antideslizante y un ajuste est\u00e1ndar garantizan la estabilidad y la facilidad en cada paso. <\/p>\n","protected":false},"excerpt":{"rendered":"<p>Las botas VENISE LARES CAMOSCIO PRUGNA para mujer est\u00e1n confeccionadas en suave ante color ciruela y cuentan con un detalle de flecos de grosgrain negro, lo que les da un toque \u00fanico y elegante. El tac\u00f3n de 6 cm a\u00f1ade una elevaci\u00f3n sutil al tiempo que mantiene la comodidad durante todo el d\u00eda, lo que &hellip;<\/p>\n","protected":false},"featured_media":7781,"template":"","meta":[],"product_brand":[358],"product_cat":[122],"product_tag":[],"class_list":{"0":"post-7776","1":"product","2":"type-product","3":"status-publish","4":"has-post-thumbnail","6":"product_brand-venise-collection","7":"product_cat-botas","9":"first","10":"instock","11":"shipping-taxable","12":"purchasable","13":"product-type-variable","14":"has-default-attributes"},"yoast_head":"<!-- This site is optimized with the Yoast SEO plugin v27.4 - https:\/\/yoast.com\/product\/yoast-seo-wordpress\/ -->\n<title>LARES CAMOSCIO PRUGNA - VENISE COLLECTION<\/title>\n<meta name=\"robots\" content=\"index, follow, max-snippet:-1, max-image-preview:large, max-video-preview:-1\" \/>\n<link rel=\"canonical\" href=\"https:\/\/www.venisecollection.com\/es\/shop\/women\/botas\/lares-camoscio-prugna\" \/>\n<meta property=\"og:locale\" content=\"es_ES\" \/>\n<meta property=\"og:type\" content=\"article\" \/>\n<meta property=\"og:title\" content=\"LARES CAMOSCIO PRUGNA - VENISE COLLECTION\" \/>\n<meta property=\"og:description\" content=\"Las botas VENISE LARES CAMOSCIO PRUGNA para mujer est\u00e1n confeccionadas en suave ante color ciruela y cuentan con un detalle de flecos de grosgrain negro, lo que les da un toque \u00fanico y elegante. El tac\u00f3n de 6 cm a\u00f1ade una elevaci\u00f3n sutil al tiempo que mantiene la comodidad durante todo el d\u00eda, lo que &hellip;\" \/>\n<meta property=\"og:url\" content=\"https:\/\/www.venisecollection.com\/es\/shop\/women\/botas\/lares-camoscio-prugna\" \/>\n<meta property=\"og:site_name\" content=\"VENISE COLLECTION\" \/>\n<meta property=\"article:modified_time\" content=\"2025-12-26T15:05:43+00:00\" \/>\n<meta property=\"og:image\" content=\"https:\/\/www.venisecollection.com\/cdn\/image.psd-143.webp\" \/>\n\t<meta property=\"og:image:width\" content=\"1280\" \/>\n\t<meta property=\"og:image:height\" content=\"1588\" \/>\n\t<meta property=\"og:image:type\" content=\"image\/webp\" \/>\n<meta name=\"twitter:card\" content=\"summary_large_image\" \/>\n<script type=\"application\/ld+json\" class=\"yoast-schema-graph\">{\"@context\":\"https:\\\/\\\/schema.org\",\"@graph\":[{\"@type\":\"WebPage\",\"@id\":\"https:\\\/\\\/www.venisecollection.com\\\/es\\\/shop\\\/women\\\/botas\\\/lares-camoscio-prugna\",\"url\":\"https:\\\/\\\/www.venisecollection.com\\\/es\\\/shop\\\/women\\\/botas\\\/lares-camoscio-prugna\",\"name\":\"LARES CAMOSCIO PRUGNA - VENISE COLLECTION\",\"isPartOf\":{\"@id\":\"https:\\\/\\\/www.venisecollection.com\\\/es#website\"},\"primaryImageOfPage\":{\"@id\":\"https:\\\/\\\/www.venisecollection.com\\\/es\\\/shop\\\/women\\\/botas\\\/lares-camoscio-prugna#primaryimage\"},\"image\":{\"@id\":\"https:\\\/\\\/www.venisecollection.com\\\/es\\\/shop\\\/women\\\/botas\\\/lares-camoscio-prugna#primaryimage\"},\"thumbnailUrl\":\"https:\\\/\\\/www.venisecollection.com\\\/cdn\\\/image.psd-143.webp\",\"datePublished\":\"2025-11-20T16:10:32+00:00\",\"dateModified\":\"2025-12-26T15:05:43+00:00\",\"breadcrumb\":{\"@id\":\"https:\\\/\\\/www.venisecollection.com\\\/es\\\/shop\\\/women\\\/botas\\\/lares-camoscio-prugna#breadcrumb\"},\"inLanguage\":\"es\",\"potentialAction\":[{\"@type\":\"ReadAction\",\"target\":[\"https:\\\/\\\/www.venisecollection.com\\\/es\\\/shop\\\/women\\\/botas\\\/lares-camoscio-prugna\"]}]},{\"@type\":\"ImageObject\",\"inLanguage\":\"es\",\"@id\":\"https:\\\/\\\/www.venisecollection.com\\\/es\\\/shop\\\/women\\\/botas\\\/lares-camoscio-prugna#primaryimage\",\"url\":\"https:\\\/\\\/www.venisecollection.com\\\/cdn\\\/image.psd-143.webp\",\"contentUrl\":\"https:\\\/\\\/www.venisecollection.com\\\/cdn\\\/image.psd-143.webp\",\"width\":1280,\"height\":1588},{\"@type\":\"BreadcrumbList\",\"@id\":\"https:\\\/\\\/www.venisecollection.com\\\/es\\\/shop\\\/women\\\/botas\\\/lares-camoscio-prugna#breadcrumb\",\"itemListElement\":[{\"@type\":\"ListItem\",\"position\":1,\"name\":\"Home\",\"item\":\"https:\\\/\\\/www.venisecollection.com\\\/es\\\/tienda\"},{\"@type\":\"ListItem\",\"position\":2,\"name\":\"Inicio\",\"item\":\"https:\\\/\\\/www.venisecollection.com\\\/es\\\/tienda\"},{\"@type\":\"ListItem\",\"position\":3,\"name\":\"LARES CAMOSCIO PRUGNA\"}]},{\"@type\":\"WebSite\",\"@id\":\"https:\\\/\\\/www.venisecollection.com\\\/es#website\",\"url\":\"https:\\\/\\\/www.venisecollection.com\\\/es\",\"name\":\"VENISE COLLECTION\",\"description\":\"\",\"publisher\":{\"@id\":\"https:\\\/\\\/www.venisecollection.com\\\/es#organization\"},\"potentialAction\":[{\"@type\":\"SearchAction\",\"target\":{\"@type\":\"EntryPoint\",\"urlTemplate\":\"https:\\\/\\\/www.venisecollection.com\\\/es?s={search_term_string}\"},\"query-input\":{\"@type\":\"PropertyValueSpecification\",\"valueRequired\":true,\"valueName\":\"search_term_string\"}}],\"inLanguage\":\"es\"},{\"@type\":\"Organization\",\"@id\":\"https:\\\/\\\/www.venisecollection.com\\\/es#organization\",\"name\":\"VENISE COLLECTION\",\"url\":\"https:\\\/\\\/www.venisecollection.com\\\/es\",\"logo\":{\"@type\":\"ImageObject\",\"inLanguage\":\"es\",\"@id\":\"https:\\\/\\\/www.venisecollection.com\\\/es#\\\/schema\\\/logo\\\/image\\\/\",\"url\":\"https:\\\/\\\/www.venisecollection.com\\\/cdn\\\/seo.png\",\"contentUrl\":\"https:\\\/\\\/www.venisecollection.com\\\/cdn\\\/seo.png\",\"width\":1080,\"height\":1080,\"caption\":\"VENISE COLLECTION\"},\"image\":{\"@id\":\"https:\\\/\\\/www.venisecollection.com\\\/es#\\\/schema\\\/logo\\\/image\\\/\"},\"sameAs\":[\"https:\\\/\\\/www.instagram.com\\\/venisecollection\\\/\",\"https:\\\/\\\/fr.pinterest.com\\\/venisecollection\\\/\"]}]}<\/script>\n<!-- \/ Yoast SEO plugin. -->","yoast_head_json":{"title":"LARES CAMOSCIO PRUGNA - VENISE COLLECTION","robots":{"index":"index","follow":"follow","max-snippet":"max-snippet:-1","max-image-preview":"max-image-preview:large","max-video-preview":"max-video-preview:-1"},"canonical":"https:\/\/www.venisecollection.com\/es\/shop\/women\/botas\/lares-camoscio-prugna","og_locale":"es_ES","og_type":"article","og_title":"LARES CAMOSCIO PRUGNA - VENISE COLLECTION","og_description":"Las botas VENISE LARES CAMOSCIO PRUGNA para mujer est\u00e1n confeccionadas en suave ante color ciruela y cuentan con un detalle de flecos de grosgrain negro, lo que les da un toque \u00fanico y elegante. El tac\u00f3n de 6 cm a\u00f1ade una elevaci\u00f3n sutil al tiempo que mantiene la comodidad durante todo el d\u00eda, lo que &hellip;","og_url":"https:\/\/www.venisecollection.com\/es\/shop\/women\/botas\/lares-camoscio-prugna","og_site_name":"VENISE COLLECTION","article_modified_time":"2025-12-26T15:05:43+00:00","og_image":[{"width":1280,"height":1588,"url":"https:\/\/www.venisecollection.com\/cdn\/image.psd-143.webp","type":"image\/webp"}],"twitter_card":"summary_large_image","schema":{"@context":"https:\/\/schema.org","@graph":[{"@type":"WebPage","@id":"https:\/\/www.venisecollection.com\/es\/shop\/women\/botas\/lares-camoscio-prugna","url":"https:\/\/www.venisecollection.com\/es\/shop\/women\/botas\/lares-camoscio-prugna","name":"LARES CAMOSCIO PRUGNA - VENISE COLLECTION","isPartOf":{"@id":"https:\/\/www.venisecollection.com\/es#website"},"primaryImageOfPage":{"@id":"https:\/\/www.venisecollection.com\/es\/shop\/women\/botas\/lares-camoscio-prugna#primaryimage"},"image":{"@id":"https:\/\/www.venisecollection.com\/es\/shop\/women\/botas\/lares-camoscio-prugna#primaryimage"},"thumbnailUrl":"https:\/\/www.venisecollection.com\/cdn\/image.psd-143.webp","datePublished":"2025-11-20T16:10:32+00:00","dateModified":"2025-12-26T15:05:43+00:00","breadcrumb":{"@id":"https:\/\/www.venisecollection.com\/es\/shop\/women\/botas\/lares-camoscio-prugna#breadcrumb"},"inLanguage":"es","potentialAction":[{"@type":"ReadAction","target":["https:\/\/www.venisecollection.com\/es\/shop\/women\/botas\/lares-camoscio-prugna"]}]},{"@type":"ImageObject","inLanguage":"es","@id":"https:\/\/www.venisecollection.com\/es\/shop\/women\/botas\/lares-camoscio-prugna#primaryimage","url":"https:\/\/www.venisecollection.com\/cdn\/image.psd-143.webp","contentUrl":"https:\/\/www.venisecollection.com\/cdn\/image.psd-143.webp","width":1280,"height":1588},{"@type":"BreadcrumbList","@id":"https:\/\/www.venisecollection.com\/es\/shop\/women\/botas\/lares-camoscio-prugna#breadcrumb","itemListElement":[{"@type":"ListItem","position":1,"name":"Home","item":"https:\/\/www.venisecollection.com\/es\/tienda"},{"@type":"ListItem","position":2,"name":"Inicio","item":"https:\/\/www.venisecollection.com\/es\/tienda"},{"@type":"ListItem","position":3,"name":"LARES CAMOSCIO PRUGNA"}]},{"@type":"WebSite","@id":"https:\/\/www.venisecollection.com\/es#website","url":"https:\/\/www.venisecollection.com\/es","name":"VENISE COLLECTION","description":"","publisher":{"@id":"https:\/\/www.venisecollection.com\/es#organization"},"potentialAction":[{"@type":"SearchAction","target":{"@type":"EntryPoint","urlTemplate":"https:\/\/www.venisecollection.com\/es?s={search_term_string}"},"query-input":{"@type":"PropertyValueSpecification","valueRequired":true,"valueName":"search_term_string"}}],"inLanguage":"es"},{"@type":"Organization","@id":"https:\/\/www.venisecollection.com\/es#organization","name":"VENISE COLLECTION","url":"https:\/\/www.venisecollection.com\/es","logo":{"@type":"ImageObject","inLanguage":"es","@id":"https:\/\/www.venisecollection.com\/es#\/schema\/logo\/image\/","url":"https:\/\/www.venisecollection.com\/cdn\/seo.png","contentUrl":"https:\/\/www.venisecollection.com\/cdn\/seo.png","width":1080,"height":1080,"caption":"VENISE COLLECTION"},"image":{"@id":"https:\/\/www.venisecollection.com\/es#\/schema\/logo\/image\/"},"sameAs":["https:\/\/www.instagram.com\/venisecollection\/","https:\/\/fr.pinterest.com\/venisecollection\/"]}]}},"_links":{"self":[{"href":"https:\/\/www.venisecollection.com\/es\/wp-json\/wp\/v2\/product\/7776","targetHints":{"allow":["GET"]}}],"collection":[{"href":"https:\/\/www.venisecollection.com\/es\/wp-json\/wp\/v2\/product"}],"about":[{"href":"https:\/\/www.venisecollection.com\/es\/wp-json\/wp\/v2\/types\/product"}],"wp:featuredmedia":[{"embeddable":true,"href":"https:\/\/www.venisecollection.com\/es\/wp-json\/wp\/v2\/media\/7781"}],"wp:attachment":[{"href":"https:\/\/www.venisecollection.com\/es\/wp-json\/wp\/v2\/media?parent=7776"}],"wp:term":[{"taxonomy":"product_brand","embeddable":true,"href":"https:\/\/www.venisecollection.com\/es\/wp-json\/wp\/v2\/product_brand?post=7776"},{"taxonomy":"product_cat","embeddable":true,"href":"https:\/\/www.venisecollection.com\/es\/wp-json\/wp\/v2\/product_cat?post=7776"},{"taxonomy":"product_tag","embeddable":true,"href":"https:\/\/www.venisecollection.com\/es\/wp-json\/wp\/v2\/product_tag?post=7776"}],"curies":[{"name":"wp","href":"https:\/\/api.w.org\/{rel}","templated":true}]}}