{"id":8263,"date":"2025-11-20T15:57:35","date_gmt":"2025-11-20T15:57:35","guid":{"rendered":"https:\/\/www.venisecollection.com\/shop\/women\/sin%20categor\u00eda\/botines-de-invierno-de-borreguito\/"},"modified":"2025-12-26T15:04:34","modified_gmt":"2025-12-26T15:04:34","slug":"botines-de-invierno-de-borreguito","status":"publish","type":"product","link":"https:\/\/www.venisecollection.com\/es\/shop\/women\/botas\/botines-de-invierno-de-borreguito","title":{"rendered":"Botines de invierno de borreguito"},"content":{"rendered":"<p style=\"text-align: justify;\" data-start=\"1290\" data-end=\"1706\">Mantente abrigada durante los d\u00edas m\u00e1s fr\u00edos con estos botines de invierno confeccionados en borreguito de primera calidad. El empeine de piel de becerro de ante impermeable se combina con una suela de goma ultraligera expandida con aire, que fusiona el estilo tradicional con el confort moderno. Una plantilla y un forro de borreguito proporcionan calidez y suavidad, mientras que el tac\u00f3n de 4 cm y la plataforma delantera de 3 cm garantizan una elevaci\u00f3n estable. Dise\u00f1ado y fabricado en Italia.   <\/p>\n<p style=\"text-align: justify;\" data-start=\"1708\" data-end=\"1726\">Empeine: Piel de becerro de ante impermeable \u2013 Forro y plantilla: Borreguito aut\u00e9ntico (piel de oveja vuelta) \u2013 Suela: Goma ultraligera expandida con aire \u2013 Tac\u00f3n: 4 cm | Parte delantera: 3 cm \u2013 Fabricado en Italia<\/p>\n","protected":false},"excerpt":{"rendered":"<p>Mantente abrigada durante los d\u00edas m\u00e1s fr\u00edos con estos botines de invierno confeccionados en borreguito de primera calidad. El empeine de piel de becerro de ante impermeable se combina con una suela de goma ultraligera expandida con aire, que fusiona el estilo tradicional con el confort moderno. Una plantilla y un forro de borreguito proporcionan &hellip;<\/p>\n","protected":false},"featured_media":8265,"template":"","meta":[],"product_brand":[372],"product_cat":[122],"product_tag":[],"class_list":{"0":"post-8263","1":"product","2":"type-product","3":"status-publish","4":"has-post-thumbnail","6":"product_brand-agl","7":"product_cat-botas","9":"first","10":"outofstock","11":"shipping-taxable","12":"product-type-variable","13":"has-default-attributes"},"yoast_head":"<!-- This site is optimized with the Yoast SEO plugin v27.4 - https:\/\/yoast.com\/product\/yoast-seo-wordpress\/ -->\n<title>Botines de invierno de borreguito - VENISE COLLECTION<\/title>\n<meta name=\"robots\" content=\"index, follow, max-snippet:-1, max-image-preview:large, max-video-preview:-1\" \/>\n<link rel=\"canonical\" href=\"https:\/\/www.venisecollection.com\/es\/shop\/women\/botas\/botines-de-invierno-de-borreguito\" \/>\n<meta property=\"og:locale\" content=\"es_ES\" \/>\n<meta property=\"og:type\" content=\"article\" \/>\n<meta property=\"og:title\" content=\"Botines de invierno de borreguito - VENISE COLLECTION\" \/>\n<meta property=\"og:description\" content=\"Mantente abrigada durante los d\u00edas m\u00e1s fr\u00edos con estos botines de invierno confeccionados en borreguito de primera calidad. El empeine de piel de becerro de ante impermeable se combina con una suela de goma ultraligera expandida con aire, que fusiona el estilo tradicional con el confort moderno. Una plantilla y un forro de borreguito proporcionan &hellip;\" \/>\n<meta property=\"og:url\" content=\"https:\/\/www.venisecollection.com\/es\/shop\/women\/botas\/botines-de-invierno-de-borreguito\" \/>\n<meta property=\"og:site_name\" content=\"VENISE COLLECTION\" \/>\n<meta property=\"article:modified_time\" content=\"2025-12-26T15:04:34+00:00\" \/>\n<meta property=\"og:image\" content=\"https:\/\/www.venisecollection.com\/cdn\/image-28-1.webp\" \/>\n\t<meta property=\"og:image:width\" content=\"1280\" \/>\n\t<meta property=\"og:image:height\" content=\"1588\" \/>\n\t<meta property=\"og:image:type\" content=\"image\/webp\" \/>\n<meta name=\"twitter:card\" content=\"summary_large_image\" \/>\n<meta name=\"twitter:label1\" content=\"Tiempo de lectura\" \/>\n\t<meta name=\"twitter:data1\" content=\"1 minuto\" \/>\n<script type=\"application\/ld+json\" class=\"yoast-schema-graph\">{\"@context\":\"https:\\\/\\\/schema.org\",\"@graph\":[{\"@type\":\"WebPage\",\"@id\":\"https:\\\/\\\/www.venisecollection.com\\\/es\\\/shop\\\/women\\\/botas\\\/botines-de-invierno-de-borreguito\",\"url\":\"https:\\\/\\\/www.venisecollection.com\\\/es\\\/shop\\\/women\\\/botas\\\/botines-de-invierno-de-borreguito\",\"name\":\"Botines de invierno de borreguito - VENISE COLLECTION\",\"isPartOf\":{\"@id\":\"https:\\\/\\\/www.venisecollection.com\\\/es#website\"},\"primaryImageOfPage\":{\"@id\":\"https:\\\/\\\/www.venisecollection.com\\\/es\\\/shop\\\/women\\\/botas\\\/botines-de-invierno-de-borreguito#primaryimage\"},\"image\":{\"@id\":\"https:\\\/\\\/www.venisecollection.com\\\/es\\\/shop\\\/women\\\/botas\\\/botines-de-invierno-de-borreguito#primaryimage\"},\"thumbnailUrl\":\"https:\\\/\\\/www.venisecollection.com\\\/cdn\\\/image-28-1.webp\",\"datePublished\":\"2025-11-20T15:57:35+00:00\",\"dateModified\":\"2025-12-26T15:04:34+00:00\",\"breadcrumb\":{\"@id\":\"https:\\\/\\\/www.venisecollection.com\\\/es\\\/shop\\\/women\\\/botas\\\/botines-de-invierno-de-borreguito#breadcrumb\"},\"inLanguage\":\"es\",\"potentialAction\":[{\"@type\":\"ReadAction\",\"target\":[\"https:\\\/\\\/www.venisecollection.com\\\/es\\\/shop\\\/women\\\/botas\\\/botines-de-invierno-de-borreguito\"]}]},{\"@type\":\"ImageObject\",\"inLanguage\":\"es\",\"@id\":\"https:\\\/\\\/www.venisecollection.com\\\/es\\\/shop\\\/women\\\/botas\\\/botines-de-invierno-de-borreguito#primaryimage\",\"url\":\"https:\\\/\\\/www.venisecollection.com\\\/cdn\\\/image-28-1.webp\",\"contentUrl\":\"https:\\\/\\\/www.venisecollection.com\\\/cdn\\\/image-28-1.webp\",\"width\":1280,\"height\":1588},{\"@type\":\"BreadcrumbList\",\"@id\":\"https:\\\/\\\/www.venisecollection.com\\\/es\\\/shop\\\/women\\\/botas\\\/botines-de-invierno-de-borreguito#breadcrumb\",\"itemListElement\":[{\"@type\":\"ListItem\",\"position\":1,\"name\":\"Home\",\"item\":\"https:\\\/\\\/www.venisecollection.com\\\/es\\\/tienda\"},{\"@type\":\"ListItem\",\"position\":2,\"name\":\"Inicio\",\"item\":\"https:\\\/\\\/www.venisecollection.com\\\/es\\\/tienda\"},{\"@type\":\"ListItem\",\"position\":3,\"name\":\"Botines de invierno de borreguito\"}]},{\"@type\":\"WebSite\",\"@id\":\"https:\\\/\\\/www.venisecollection.com\\\/es#website\",\"url\":\"https:\\\/\\\/www.venisecollection.com\\\/es\",\"name\":\"VENISE COLLECTION\",\"description\":\"\",\"publisher\":{\"@id\":\"https:\\\/\\\/www.venisecollection.com\\\/es#organization\"},\"potentialAction\":[{\"@type\":\"SearchAction\",\"target\":{\"@type\":\"EntryPoint\",\"urlTemplate\":\"https:\\\/\\\/www.venisecollection.com\\\/es?s={search_term_string}\"},\"query-input\":{\"@type\":\"PropertyValueSpecification\",\"valueRequired\":true,\"valueName\":\"search_term_string\"}}],\"inLanguage\":\"es\"},{\"@type\":\"Organization\",\"@id\":\"https:\\\/\\\/www.venisecollection.com\\\/es#organization\",\"name\":\"VENISE COLLECTION\",\"url\":\"https:\\\/\\\/www.venisecollection.com\\\/es\",\"logo\":{\"@type\":\"ImageObject\",\"inLanguage\":\"es\",\"@id\":\"https:\\\/\\\/www.venisecollection.com\\\/es#\\\/schema\\\/logo\\\/image\\\/\",\"url\":\"https:\\\/\\\/www.venisecollection.com\\\/cdn\\\/seo.png\",\"contentUrl\":\"https:\\\/\\\/www.venisecollection.com\\\/cdn\\\/seo.png\",\"width\":1080,\"height\":1080,\"caption\":\"VENISE COLLECTION\"},\"image\":{\"@id\":\"https:\\\/\\\/www.venisecollection.com\\\/es#\\\/schema\\\/logo\\\/image\\\/\"},\"sameAs\":[\"https:\\\/\\\/www.instagram.com\\\/venisecollection\\\/\",\"https:\\\/\\\/fr.pinterest.com\\\/venisecollection\\\/\"]}]}<\/script>\n<!-- \/ Yoast SEO plugin. -->","yoast_head_json":{"title":"Botines de invierno de borreguito - VENISE COLLECTION","robots":{"index":"index","follow":"follow","max-snippet":"max-snippet:-1","max-image-preview":"max-image-preview:large","max-video-preview":"max-video-preview:-1"},"canonical":"https:\/\/www.venisecollection.com\/es\/shop\/women\/botas\/botines-de-invierno-de-borreguito","og_locale":"es_ES","og_type":"article","og_title":"Botines de invierno de borreguito - VENISE COLLECTION","og_description":"Mantente abrigada durante los d\u00edas m\u00e1s fr\u00edos con estos botines de invierno confeccionados en borreguito de primera calidad. El empeine de piel de becerro de ante impermeable se combina con una suela de goma ultraligera expandida con aire, que fusiona el estilo tradicional con el confort moderno. Una plantilla y un forro de borreguito proporcionan &hellip;","og_url":"https:\/\/www.venisecollection.com\/es\/shop\/women\/botas\/botines-de-invierno-de-borreguito","og_site_name":"VENISE COLLECTION","article_modified_time":"2025-12-26T15:04:34+00:00","og_image":[{"width":1280,"height":1588,"url":"https:\/\/www.venisecollection.com\/cdn\/image-28-1.webp","type":"image\/webp"}],"twitter_card":"summary_large_image","twitter_misc":{"Tiempo de lectura":"1 minuto"},"schema":{"@context":"https:\/\/schema.org","@graph":[{"@type":"WebPage","@id":"https:\/\/www.venisecollection.com\/es\/shop\/women\/botas\/botines-de-invierno-de-borreguito","url":"https:\/\/www.venisecollection.com\/es\/shop\/women\/botas\/botines-de-invierno-de-borreguito","name":"Botines de invierno de borreguito - VENISE COLLECTION","isPartOf":{"@id":"https:\/\/www.venisecollection.com\/es#website"},"primaryImageOfPage":{"@id":"https:\/\/www.venisecollection.com\/es\/shop\/women\/botas\/botines-de-invierno-de-borreguito#primaryimage"},"image":{"@id":"https:\/\/www.venisecollection.com\/es\/shop\/women\/botas\/botines-de-invierno-de-borreguito#primaryimage"},"thumbnailUrl":"https:\/\/www.venisecollection.com\/cdn\/image-28-1.webp","datePublished":"2025-11-20T15:57:35+00:00","dateModified":"2025-12-26T15:04:34+00:00","breadcrumb":{"@id":"https:\/\/www.venisecollection.com\/es\/shop\/women\/botas\/botines-de-invierno-de-borreguito#breadcrumb"},"inLanguage":"es","potentialAction":[{"@type":"ReadAction","target":["https:\/\/www.venisecollection.com\/es\/shop\/women\/botas\/botines-de-invierno-de-borreguito"]}]},{"@type":"ImageObject","inLanguage":"es","@id":"https:\/\/www.venisecollection.com\/es\/shop\/women\/botas\/botines-de-invierno-de-borreguito#primaryimage","url":"https:\/\/www.venisecollection.com\/cdn\/image-28-1.webp","contentUrl":"https:\/\/www.venisecollection.com\/cdn\/image-28-1.webp","width":1280,"height":1588},{"@type":"BreadcrumbList","@id":"https:\/\/www.venisecollection.com\/es\/shop\/women\/botas\/botines-de-invierno-de-borreguito#breadcrumb","itemListElement":[{"@type":"ListItem","position":1,"name":"Home","item":"https:\/\/www.venisecollection.com\/es\/tienda"},{"@type":"ListItem","position":2,"name":"Inicio","item":"https:\/\/www.venisecollection.com\/es\/tienda"},{"@type":"ListItem","position":3,"name":"Botines de invierno de borreguito"}]},{"@type":"WebSite","@id":"https:\/\/www.venisecollection.com\/es#website","url":"https:\/\/www.venisecollection.com\/es","name":"VENISE COLLECTION","description":"","publisher":{"@id":"https:\/\/www.venisecollection.com\/es#organization"},"potentialAction":[{"@type":"SearchAction","target":{"@type":"EntryPoint","urlTemplate":"https:\/\/www.venisecollection.com\/es?s={search_term_string}"},"query-input":{"@type":"PropertyValueSpecification","valueRequired":true,"valueName":"search_term_string"}}],"inLanguage":"es"},{"@type":"Organization","@id":"https:\/\/www.venisecollection.com\/es#organization","name":"VENISE COLLECTION","url":"https:\/\/www.venisecollection.com\/es","logo":{"@type":"ImageObject","inLanguage":"es","@id":"https:\/\/www.venisecollection.com\/es#\/schema\/logo\/image\/","url":"https:\/\/www.venisecollection.com\/cdn\/seo.png","contentUrl":"https:\/\/www.venisecollection.com\/cdn\/seo.png","width":1080,"height":1080,"caption":"VENISE COLLECTION"},"image":{"@id":"https:\/\/www.venisecollection.com\/es#\/schema\/logo\/image\/"},"sameAs":["https:\/\/www.instagram.com\/venisecollection\/","https:\/\/fr.pinterest.com\/venisecollection\/"]}]}},"_links":{"self":[{"href":"https:\/\/www.venisecollection.com\/es\/wp-json\/wp\/v2\/product\/8263","targetHints":{"allow":["GET"]}}],"collection":[{"href":"https:\/\/www.venisecollection.com\/es\/wp-json\/wp\/v2\/product"}],"about":[{"href":"https:\/\/www.venisecollection.com\/es\/wp-json\/wp\/v2\/types\/product"}],"wp:featuredmedia":[{"embeddable":true,"href":"https:\/\/www.venisecollection.com\/es\/wp-json\/wp\/v2\/media\/8265"}],"wp:attachment":[{"href":"https:\/\/www.venisecollection.com\/es\/wp-json\/wp\/v2\/media?parent=8263"}],"wp:term":[{"taxonomy":"product_brand","embeddable":true,"href":"https:\/\/www.venisecollection.com\/es\/wp-json\/wp\/v2\/product_brand?post=8263"},{"taxonomy":"product_cat","embeddable":true,"href":"https:\/\/www.venisecollection.com\/es\/wp-json\/wp\/v2\/product_cat?post=8263"},{"taxonomy":"product_tag","embeddable":true,"href":"https:\/\/www.venisecollection.com\/es\/wp-json\/wp\/v2\/product_tag?post=8263"}],"curies":[{"name":"wp","href":"https:\/\/api.w.org\/{rel}","templated":true}]}}