{"id":15393,"date":"2025-12-26T14:37:16","date_gmt":"2025-12-26T14:37:16","guid":{"rendered":"https:\/\/www.venisecollection.com\/?post_type=product&#038;p=15393"},"modified":"2026-04-17T00:39:07","modified_gmt":"2026-04-17T00:39:07","slug":"burgundy-front-zip-boots","status":"publish","type":"product","link":"https:\/\/www.venisecollection.com\/fr\/shop\/women\/bottes\/burgundy-front-zip-boots","title":{"rendered":"15016 Camoscio bordeaux"},"content":{"rendered":"<p data-path-to-node=\"13\">Rehaussez votre collection de chaussures avec les <b data-path-to-node=\"13\" data-index-in-node=\"75\">bottes bordeaux \u00e0 fermeture \u00e9clair sur le devant<\/b>, con\u00e7ues pour les fashionistas modernes. Ces bottes sont le m\u00e9lange parfait de style audacieux et de fonctionnalit\u00e9.<\/p>\n<ul data-path-to-node=\"14\">\n<li>\n<p data-path-to-node=\"14,0,0\"><b data-path-to-node=\"14,0,0\" data-index-in-node=\"0\">Design saisissant\u00a0:<\/b> La couleur bordeaux profond offre une alternative riche et \u00e9l\u00e9gante au noir de base, tandis que la fermeture \u00e9clair argent\u00e9e sur le devant ajoute un point focal m\u00e9tallique qui allonge la jambe.<\/p>\n<\/li>\n<li>\n<p data-path-to-node=\"14,1,0\"><b data-path-to-node=\"14,1,0\" data-index-in-node=\"0\">Confort sup\u00e9rieur\u00a0:<\/b> Fabriqu\u00e9es avec un mat\u00e9riau doux de haute qualit\u00e9 \u00e0 effet daim qui se moule d\u00e9licatement \u00e0 vos pieds. L&rsquo;int\u00e9rieur est doubl\u00e9 pour plus de chaleur pendant les mois les plus froids.<\/p>\n<\/li>\n<li>\n<p data-path-to-node=\"14,2,0\"><b data-path-to-node=\"14,2,0\" data-index-in-node=\"0\">Construction durable\u00a0:<\/b> Mont\u00e9es sur une semelle noire \u00e9paisse et robuste \u00e0 crampons (semelle crant\u00e9e), ces bottes offrent une adh\u00e9rence et une stabilit\u00e9 sup\u00e9rieures sur les surfaces glissantes, ce qui les rend id\u00e9ales pour l&rsquo;automne et l&rsquo;hiver.<\/p>\n<\/li>\n<li>\n<p data-path-to-node=\"14,3,0\"><b data-path-to-node=\"14,3,0\" data-index-in-node=\"0\">Style polyvalent\u00a0:<\/b> Parfaites pour \u00eatre port\u00e9es avec des jeans courts, des jupes midi ou des leggings. La languette \u00e0 l&rsquo;arri\u00e8re assure un enfilage et un retrait faciles.<\/p>\n<\/li>\n<\/ul>\n","protected":false},"excerpt":{"rendered":"<p>Rehaussez votre collection de chaussures avec les bottes bordeaux \u00e0 fermeture \u00e9clair sur le devant, con\u00e7ues pour les fashionistas modernes. Ces bottes sont le m\u00e9lange parfait de style audacieux et de fonctionnalit\u00e9. Design saisissant\u00a0: La couleur bordeaux profond offre une alternative riche et \u00e9l\u00e9gante au noir de base, tandis que la fermeture \u00e9clair argent\u00e9e sur &hellip;<\/p>\n","protected":false},"featured_media":15474,"template":"","meta":[],"product_brand":[356],"product_cat":[109],"product_tag":[],"class_list":{"0":"post-15393","1":"product","2":"type-product","3":"status-publish","4":"has-post-thumbnail","6":"product_brand-venise-collection","7":"product_cat-bottes","9":"first","10":"instock","11":"shipping-taxable","12":"purchasable","13":"product-type-variable","14":"has-default-attributes"},"yoast_head":"<!-- This site is optimized with the Yoast SEO plugin v27.4 - https:\/\/yoast.com\/product\/yoast-seo-wordpress\/ -->\n<title>15016 Camoscio bordeaux - VENISE COLLECTION<\/title>\n<meta name=\"description\" content=\"Entrez dans le style avec nos bottes bordeaux \u00e0 fermeture \u00e9clair sur le devant. Dot\u00e9es d&#039;une finition en daim doux, d&#039;une fermeture \u00e9clair argent\u00e9e sur le devant et d&#039;une semelle \u00e9paisse \u00e0 crampons.\" \/>\n<meta name=\"robots\" content=\"index, follow, max-snippet:-1, max-image-preview:large, max-video-preview:-1\" \/>\n<link rel=\"canonical\" href=\"https:\/\/www.venisecollection.com\/fr\/shop\/women\/bottes\/burgundy-front-zip-boots\" \/>\n<meta property=\"og:locale\" content=\"fr_FR\" \/>\n<meta property=\"og:type\" content=\"article\" \/>\n<meta property=\"og:title\" content=\"15016 Camoscio bordeaux - VENISE COLLECTION\" \/>\n<meta property=\"og:description\" content=\"Entrez dans le style avec nos bottes bordeaux \u00e0 fermeture \u00e9clair sur le devant. Dot\u00e9es d&#039;une finition en daim doux, d&#039;une fermeture \u00e9clair argent\u00e9e sur le devant et d&#039;une semelle \u00e9paisse \u00e0 crampons.\" \/>\n<meta property=\"og:url\" content=\"https:\/\/www.venisecollection.com\/fr\/shop\/women\/bottes\/burgundy-front-zip-boots\" \/>\n<meta property=\"og:site_name\" content=\"VENISE COLLECTION\" \/>\n<meta property=\"article:modified_time\" content=\"2026-04-17T00:39:07+00:00\" \/>\n<meta property=\"og:image\" content=\"https:\/\/www.venisecollection.com\/cdn\/image.psd-5-1.webp\" \/>\n\t<meta property=\"og:image:width\" content=\"1280\" \/>\n\t<meta property=\"og:image:height\" content=\"1588\" \/>\n\t<meta property=\"og:image:type\" content=\"image\/webp\" \/>\n<meta name=\"twitter:card\" content=\"summary_large_image\" \/>\n<meta name=\"twitter:label1\" content=\"Dur\u00e9e de lecture estim\u00e9e\" \/>\n\t<meta name=\"twitter:data1\" content=\"1 minute\" \/>\n<script type=\"application\/ld+json\" class=\"yoast-schema-graph\">{\"@context\":\"https:\\\/\\\/schema.org\",\"@graph\":[{\"@type\":\"WebPage\",\"@id\":\"https:\\\/\\\/www.venisecollection.com\\\/fr\\\/shop\\\/women\\\/bottes\\\/burgundy-front-zip-boots\",\"url\":\"https:\\\/\\\/www.venisecollection.com\\\/fr\\\/shop\\\/women\\\/bottes\\\/burgundy-front-zip-boots\",\"name\":\"15016 Camoscio bordeaux - VENISE COLLECTION\",\"isPartOf\":{\"@id\":\"https:\\\/\\\/www.venisecollection.com\\\/fr#website\"},\"primaryImageOfPage\":{\"@id\":\"https:\\\/\\\/www.venisecollection.com\\\/fr\\\/shop\\\/women\\\/bottes\\\/burgundy-front-zip-boots#primaryimage\"},\"image\":{\"@id\":\"https:\\\/\\\/www.venisecollection.com\\\/fr\\\/shop\\\/women\\\/bottes\\\/burgundy-front-zip-boots#primaryimage\"},\"thumbnailUrl\":\"https:\\\/\\\/www.venisecollection.com\\\/cdn\\\/image.psd-5-1.webp\",\"datePublished\":\"2025-12-26T14:37:16+00:00\",\"dateModified\":\"2026-04-17T00:39:07+00:00\",\"description\":\"Entrez dans le style avec nos bottes bordeaux \u00e0 fermeture \u00e9clair sur le devant. Dot\u00e9es d'une finition en daim doux, d'une fermeture \u00e9clair argent\u00e9e sur le devant et d'une semelle \u00e9paisse \u00e0 crampons.\",\"breadcrumb\":{\"@id\":\"https:\\\/\\\/www.venisecollection.com\\\/fr\\\/shop\\\/women\\\/bottes\\\/burgundy-front-zip-boots#breadcrumb\"},\"inLanguage\":\"fr-FR\",\"potentialAction\":[{\"@type\":\"ReadAction\",\"target\":[\"https:\\\/\\\/www.venisecollection.com\\\/fr\\\/shop\\\/women\\\/bottes\\\/burgundy-front-zip-boots\"]}]},{\"@type\":\"ImageObject\",\"inLanguage\":\"fr-FR\",\"@id\":\"https:\\\/\\\/www.venisecollection.com\\\/fr\\\/shop\\\/women\\\/bottes\\\/burgundy-front-zip-boots#primaryimage\",\"url\":\"https:\\\/\\\/www.venisecollection.com\\\/cdn\\\/image.psd-5-1.webp\",\"contentUrl\":\"https:\\\/\\\/www.venisecollection.com\\\/cdn\\\/image.psd-5-1.webp\",\"width\":1280,\"height\":1588},{\"@type\":\"BreadcrumbList\",\"@id\":\"https:\\\/\\\/www.venisecollection.com\\\/fr\\\/shop\\\/women\\\/bottes\\\/burgundy-front-zip-boots#breadcrumb\",\"itemListElement\":[{\"@type\":\"ListItem\",\"position\":1,\"name\":\"Home\",\"item\":\"https:\\\/\\\/www.venisecollection.com\\\/fr\\\/boutique\"},{\"@type\":\"ListItem\",\"position\":2,\"name\":\"Accueil\",\"item\":\"https:\\\/\\\/www.venisecollection.com\\\/fr\\\/boutique\"},{\"@type\":\"ListItem\",\"position\":3,\"name\":\"15016 Camoscio bordeaux\"}]},{\"@type\":\"WebSite\",\"@id\":\"https:\\\/\\\/www.venisecollection.com\\\/fr#website\",\"url\":\"https:\\\/\\\/www.venisecollection.com\\\/fr\",\"name\":\"VENISE COLLECTION\",\"description\":\"\",\"publisher\":{\"@id\":\"https:\\\/\\\/www.venisecollection.com\\\/fr#organization\"},\"potentialAction\":[{\"@type\":\"SearchAction\",\"target\":{\"@type\":\"EntryPoint\",\"urlTemplate\":\"https:\\\/\\\/www.venisecollection.com\\\/fr?s={search_term_string}\"},\"query-input\":{\"@type\":\"PropertyValueSpecification\",\"valueRequired\":true,\"valueName\":\"search_term_string\"}}],\"inLanguage\":\"fr-FR\"},{\"@type\":\"Organization\",\"@id\":\"https:\\\/\\\/www.venisecollection.com\\\/fr#organization\",\"name\":\"VENISE COLLECTION\",\"url\":\"https:\\\/\\\/www.venisecollection.com\\\/fr\",\"logo\":{\"@type\":\"ImageObject\",\"inLanguage\":\"fr-FR\",\"@id\":\"https:\\\/\\\/www.venisecollection.com\\\/fr#\\\/schema\\\/logo\\\/image\\\/\",\"url\":\"https:\\\/\\\/www.venisecollection.com\\\/cdn\\\/seo.png\",\"contentUrl\":\"https:\\\/\\\/www.venisecollection.com\\\/cdn\\\/seo.png\",\"width\":1080,\"height\":1080,\"caption\":\"VENISE COLLECTION\"},\"image\":{\"@id\":\"https:\\\/\\\/www.venisecollection.com\\\/fr#\\\/schema\\\/logo\\\/image\\\/\"},\"sameAs\":[\"https:\\\/\\\/www.instagram.com\\\/venisecollection\\\/\",\"https:\\\/\\\/fr.pinterest.com\\\/venisecollection\\\/\"]}]}<\/script>\n<!-- \/ Yoast SEO plugin. -->","yoast_head_json":{"title":"15016 Camoscio bordeaux - VENISE COLLECTION","description":"Entrez dans le style avec nos bottes bordeaux \u00e0 fermeture \u00e9clair sur le devant. Dot\u00e9es d'une finition en daim doux, d'une fermeture \u00e9clair argent\u00e9e sur le devant et d'une semelle \u00e9paisse \u00e0 crampons.","robots":{"index":"index","follow":"follow","max-snippet":"max-snippet:-1","max-image-preview":"max-image-preview:large","max-video-preview":"max-video-preview:-1"},"canonical":"https:\/\/www.venisecollection.com\/fr\/shop\/women\/bottes\/burgundy-front-zip-boots","og_locale":"fr_FR","og_type":"article","og_title":"15016 Camoscio bordeaux - VENISE COLLECTION","og_description":"Entrez dans le style avec nos bottes bordeaux \u00e0 fermeture \u00e9clair sur le devant. Dot\u00e9es d'une finition en daim doux, d'une fermeture \u00e9clair argent\u00e9e sur le devant et d'une semelle \u00e9paisse \u00e0 crampons.","og_url":"https:\/\/www.venisecollection.com\/fr\/shop\/women\/bottes\/burgundy-front-zip-boots","og_site_name":"VENISE COLLECTION","article_modified_time":"2026-04-17T00:39:07+00:00","og_image":[{"width":1280,"height":1588,"url":"https:\/\/www.venisecollection.com\/cdn\/image.psd-5-1.webp","type":"image\/webp"}],"twitter_card":"summary_large_image","twitter_misc":{"Dur\u00e9e de lecture estim\u00e9e":"1 minute"},"schema":{"@context":"https:\/\/schema.org","@graph":[{"@type":"WebPage","@id":"https:\/\/www.venisecollection.com\/fr\/shop\/women\/bottes\/burgundy-front-zip-boots","url":"https:\/\/www.venisecollection.com\/fr\/shop\/women\/bottes\/burgundy-front-zip-boots","name":"15016 Camoscio bordeaux - VENISE COLLECTION","isPartOf":{"@id":"https:\/\/www.venisecollection.com\/fr#website"},"primaryImageOfPage":{"@id":"https:\/\/www.venisecollection.com\/fr\/shop\/women\/bottes\/burgundy-front-zip-boots#primaryimage"},"image":{"@id":"https:\/\/www.venisecollection.com\/fr\/shop\/women\/bottes\/burgundy-front-zip-boots#primaryimage"},"thumbnailUrl":"https:\/\/www.venisecollection.com\/cdn\/image.psd-5-1.webp","datePublished":"2025-12-26T14:37:16+00:00","dateModified":"2026-04-17T00:39:07+00:00","description":"Entrez dans le style avec nos bottes bordeaux \u00e0 fermeture \u00e9clair sur le devant. Dot\u00e9es d'une finition en daim doux, d'une fermeture \u00e9clair argent\u00e9e sur le devant et d'une semelle \u00e9paisse \u00e0 crampons.","breadcrumb":{"@id":"https:\/\/www.venisecollection.com\/fr\/shop\/women\/bottes\/burgundy-front-zip-boots#breadcrumb"},"inLanguage":"fr-FR","potentialAction":[{"@type":"ReadAction","target":["https:\/\/www.venisecollection.com\/fr\/shop\/women\/bottes\/burgundy-front-zip-boots"]}]},{"@type":"ImageObject","inLanguage":"fr-FR","@id":"https:\/\/www.venisecollection.com\/fr\/shop\/women\/bottes\/burgundy-front-zip-boots#primaryimage","url":"https:\/\/www.venisecollection.com\/cdn\/image.psd-5-1.webp","contentUrl":"https:\/\/www.venisecollection.com\/cdn\/image.psd-5-1.webp","width":1280,"height":1588},{"@type":"BreadcrumbList","@id":"https:\/\/www.venisecollection.com\/fr\/shop\/women\/bottes\/burgundy-front-zip-boots#breadcrumb","itemListElement":[{"@type":"ListItem","position":1,"name":"Home","item":"https:\/\/www.venisecollection.com\/fr\/boutique"},{"@type":"ListItem","position":2,"name":"Accueil","item":"https:\/\/www.venisecollection.com\/fr\/boutique"},{"@type":"ListItem","position":3,"name":"15016 Camoscio bordeaux"}]},{"@type":"WebSite","@id":"https:\/\/www.venisecollection.com\/fr#website","url":"https:\/\/www.venisecollection.com\/fr","name":"VENISE COLLECTION","description":"","publisher":{"@id":"https:\/\/www.venisecollection.com\/fr#organization"},"potentialAction":[{"@type":"SearchAction","target":{"@type":"EntryPoint","urlTemplate":"https:\/\/www.venisecollection.com\/fr?s={search_term_string}"},"query-input":{"@type":"PropertyValueSpecification","valueRequired":true,"valueName":"search_term_string"}}],"inLanguage":"fr-FR"},{"@type":"Organization","@id":"https:\/\/www.venisecollection.com\/fr#organization","name":"VENISE COLLECTION","url":"https:\/\/www.venisecollection.com\/fr","logo":{"@type":"ImageObject","inLanguage":"fr-FR","@id":"https:\/\/www.venisecollection.com\/fr#\/schema\/logo\/image\/","url":"https:\/\/www.venisecollection.com\/cdn\/seo.png","contentUrl":"https:\/\/www.venisecollection.com\/cdn\/seo.png","width":1080,"height":1080,"caption":"VENISE COLLECTION"},"image":{"@id":"https:\/\/www.venisecollection.com\/fr#\/schema\/logo\/image\/"},"sameAs":["https:\/\/www.instagram.com\/venisecollection\/","https:\/\/fr.pinterest.com\/venisecollection\/"]}]}},"_links":{"self":[{"href":"https:\/\/www.venisecollection.com\/fr\/wp-json\/wp\/v2\/product\/15393","targetHints":{"allow":["GET"]}}],"collection":[{"href":"https:\/\/www.venisecollection.com\/fr\/wp-json\/wp\/v2\/product"}],"about":[{"href":"https:\/\/www.venisecollection.com\/fr\/wp-json\/wp\/v2\/types\/product"}],"wp:featuredmedia":[{"embeddable":true,"href":"https:\/\/www.venisecollection.com\/fr\/wp-json\/wp\/v2\/media\/15474"}],"wp:attachment":[{"href":"https:\/\/www.venisecollection.com\/fr\/wp-json\/wp\/v2\/media?parent=15393"}],"wp:term":[{"taxonomy":"product_brand","embeddable":true,"href":"https:\/\/www.venisecollection.com\/fr\/wp-json\/wp\/v2\/product_brand?post=15393"},{"taxonomy":"product_cat","embeddable":true,"href":"https:\/\/www.venisecollection.com\/fr\/wp-json\/wp\/v2\/product_cat?post=15393"},{"taxonomy":"product_tag","embeddable":true,"href":"https:\/\/www.venisecollection.com\/fr\/wp-json\/wp\/v2\/product_tag?post=15393"}],"curies":[{"name":"wp","href":"https:\/\/api.w.org\/{rel}","templated":true}]}}