{"id":15682,"date":"2025-12-26T15:31:59","date_gmt":"2025-12-26T15:31:59","guid":{"rendered":"https:\/\/www.venisecollection.com\/?post_type=product&#038;p=15682"},"modified":"2026-04-02T11:52:00","modified_gmt":"2026-04-02T11:52:00","slug":"geometric-buckle-suede-boots","status":"publish","type":"product","link":"https:\/\/www.venisecollection.com\/fr\/shop\/women\/bottes\/geometric-buckle-suede-boots","title":{"rendered":"E662 Camoscio Nero"},"content":{"rendered":"<p data-path-to-node=\"16\">Les <b data-path-to-node=\"16\" data-index-in-node=\"22\">Geometric Buckle Suede Boots<\/b> sont l&rsquo;accessoire indispensable pour une garde-robe raffin\u00e9e.<\/p>\n<ul data-path-to-node=\"17\">\n<li>\n<p data-path-to-node=\"17,0,0\"><b data-path-to-node=\"17,0,0\" data-index-in-node=\"0\">Couleurs \u00c9l\u00e9gantes :<\/b> Optez pour l&rsquo;intemporalit\u00e9 du <b data-path-to-node=\"17,0,0\" data-index-in-node=\"51\">Noir<\/b> ou laissez-vous s\u00e9duire par la profondeur de la couleur <b data-path-to-node=\"17,0,0\" data-index-in-node=\"112\">Oceano<\/b> (Bleu Nuit\/Marine) pour une touche d&rsquo;originalit\u00e9.<\/p>\n<\/li>\n<li>\n<p data-path-to-node=\"17,1,0\"><b data-path-to-node=\"17,1,0\" data-index-in-node=\"0\">D\u00e9tail Chic :<\/b> La boucle dor\u00e9e au design abstrait sublime la cheville.<\/p>\n<\/li>\n<li>\n<p data-path-to-node=\"17,2,0\"><b data-path-to-node=\"17,2,0\" data-index-in-node=\"0\">Confort &amp; Style :<\/b> Le talon bloc (Block Heel) offre une hauteur id\u00e9ale pour \u00e9lancer la silhouette sans fatiguer le pied.<\/p>\n<\/li>\n<li>\n<p data-path-to-node=\"17,3,0\"><b data-path-to-node=\"17,3,0\" data-index-in-node=\"0\">Finition Velours :<\/b> La mati\u00e8re effet daim (su\u00e9dine) conf\u00e8re \u00e0 la chaussure un aspect luxueux.<\/p>\n<\/li>\n<\/ul>\n","protected":false},"excerpt":{"rendered":"<p>Les Geometric Buckle Suede Boots sont l&rsquo;accessoire indispensable pour une garde-robe raffin\u00e9e. Couleurs \u00c9l\u00e9gantes : Optez pour l&rsquo;intemporalit\u00e9 du Noir ou laissez-vous s\u00e9duire par la profondeur de la couleur Oceano (Bleu Nuit\/Marine) pour une touche d&rsquo;originalit\u00e9. D\u00e9tail Chic : La boucle dor\u00e9e au design abstrait sublime la cheville. Confort &amp; Style : Le talon bloc &hellip;<\/p>\n","protected":false},"featured_media":15831,"template":"","meta":[],"product_brand":[356],"product_cat":[109],"product_tag":[],"class_list":{"0":"post-15682","1":"product","2":"type-product","3":"status-publish","4":"has-post-thumbnail","6":"product_brand-venise-collection","7":"product_cat-bottes","9":"first","10":"instock","11":"shipping-taxable","12":"purchasable","13":"product-type-variable","14":"has-default-attributes"},"yoast_head":"<!-- This site is optimized with the Yoast SEO plugin v27.4 - https:\/\/yoast.com\/product\/yoast-seo-wordpress\/ -->\n<title>E662 Camoscio Nero - VENISE COLLECTION<\/title>\n<meta name=\"description\" content=\"Entrez dans le style avec nos bottes bordeaux \u00e0 fermeture \u00e9clair sur le devant. Dot\u00e9es d&#039;une finition en daim doux, d&#039;une fermeture \u00e9clair argent\u00e9e sur le devant et d&#039;une semelle \u00e9paisse \u00e0 crampons.\" \/>\n<meta name=\"robots\" content=\"index, follow, max-snippet:-1, max-image-preview:large, max-video-preview:-1\" \/>\n<link rel=\"canonical\" href=\"https:\/\/www.venisecollection.com\/fr\/shop\/women\/bottes\/geometric-buckle-suede-boots\" \/>\n<meta property=\"og:locale\" content=\"fr_FR\" \/>\n<meta property=\"og:type\" content=\"article\" \/>\n<meta property=\"og:title\" content=\"E662 Camoscio Nero - VENISE COLLECTION\" \/>\n<meta property=\"og:description\" content=\"Entrez dans le style avec nos bottes bordeaux \u00e0 fermeture \u00e9clair sur le devant. Dot\u00e9es d&#039;une finition en daim doux, d&#039;une fermeture \u00e9clair argent\u00e9e sur le devant et d&#039;une semelle \u00e9paisse \u00e0 crampons.\" \/>\n<meta property=\"og:url\" content=\"https:\/\/www.venisecollection.com\/fr\/shop\/women\/bottes\/geometric-buckle-suede-boots\" \/>\n<meta property=\"og:site_name\" content=\"VENISE COLLECTION\" \/>\n<meta property=\"article:modified_time\" content=\"2026-04-02T11:52:00+00:00\" \/>\n<meta property=\"og:image\" content=\"https:\/\/www.venisecollection.com\/cdn\/image-5.webp\" \/>\n\t<meta property=\"og:image:width\" content=\"1280\" \/>\n\t<meta property=\"og:image:height\" content=\"1588\" \/>\n\t<meta property=\"og:image:type\" content=\"image\/webp\" \/>\n<meta name=\"twitter:card\" content=\"summary_large_image\" \/>\n<meta name=\"twitter:label1\" content=\"Dur\u00e9e de lecture estim\u00e9e\" \/>\n\t<meta name=\"twitter:data1\" content=\"1 minute\" \/>\n<script type=\"application\/ld+json\" class=\"yoast-schema-graph\">{\"@context\":\"https:\\\/\\\/schema.org\",\"@graph\":[{\"@type\":\"WebPage\",\"@id\":\"https:\\\/\\\/www.venisecollection.com\\\/fr\\\/shop\\\/women\\\/bottes\\\/geometric-buckle-suede-boots\",\"url\":\"https:\\\/\\\/www.venisecollection.com\\\/fr\\\/shop\\\/women\\\/bottes\\\/geometric-buckle-suede-boots\",\"name\":\"E662 Camoscio Nero - VENISE COLLECTION\",\"isPartOf\":{\"@id\":\"https:\\\/\\\/www.venisecollection.com\\\/fr#website\"},\"primaryImageOfPage\":{\"@id\":\"https:\\\/\\\/www.venisecollection.com\\\/fr\\\/shop\\\/women\\\/bottes\\\/geometric-buckle-suede-boots#primaryimage\"},\"image\":{\"@id\":\"https:\\\/\\\/www.venisecollection.com\\\/fr\\\/shop\\\/women\\\/bottes\\\/geometric-buckle-suede-boots#primaryimage\"},\"thumbnailUrl\":\"https:\\\/\\\/www.venisecollection.com\\\/cdn\\\/image-5.webp\",\"datePublished\":\"2025-12-26T15:31:59+00:00\",\"dateModified\":\"2026-04-02T11:52:00+00:00\",\"description\":\"Entrez dans le style avec nos bottes bordeaux \u00e0 fermeture \u00e9clair sur le devant. Dot\u00e9es d'une finition en daim doux, d'une fermeture \u00e9clair argent\u00e9e sur le devant et d'une semelle \u00e9paisse \u00e0 crampons.\",\"breadcrumb\":{\"@id\":\"https:\\\/\\\/www.venisecollection.com\\\/fr\\\/shop\\\/women\\\/bottes\\\/geometric-buckle-suede-boots#breadcrumb\"},\"inLanguage\":\"fr-FR\",\"potentialAction\":[{\"@type\":\"ReadAction\",\"target\":[\"https:\\\/\\\/www.venisecollection.com\\\/fr\\\/shop\\\/women\\\/bottes\\\/geometric-buckle-suede-boots\"]}]},{\"@type\":\"ImageObject\",\"inLanguage\":\"fr-FR\",\"@id\":\"https:\\\/\\\/www.venisecollection.com\\\/fr\\\/shop\\\/women\\\/bottes\\\/geometric-buckle-suede-boots#primaryimage\",\"url\":\"https:\\\/\\\/www.venisecollection.com\\\/cdn\\\/image-5.webp\",\"contentUrl\":\"https:\\\/\\\/www.venisecollection.com\\\/cdn\\\/image-5.webp\",\"width\":1280,\"height\":1588},{\"@type\":\"BreadcrumbList\",\"@id\":\"https:\\\/\\\/www.venisecollection.com\\\/fr\\\/shop\\\/women\\\/bottes\\\/geometric-buckle-suede-boots#breadcrumb\",\"itemListElement\":[{\"@type\":\"ListItem\",\"position\":1,\"name\":\"Home\",\"item\":\"https:\\\/\\\/www.venisecollection.com\\\/fr\\\/boutique\"},{\"@type\":\"ListItem\",\"position\":2,\"name\":\"Accueil\",\"item\":\"https:\\\/\\\/www.venisecollection.com\\\/fr\\\/boutique\"},{\"@type\":\"ListItem\",\"position\":3,\"name\":\"E662 Camoscio Nero\"}]},{\"@type\":\"WebSite\",\"@id\":\"https:\\\/\\\/www.venisecollection.com\\\/fr#website\",\"url\":\"https:\\\/\\\/www.venisecollection.com\\\/fr\",\"name\":\"VENISE COLLECTION\",\"description\":\"\",\"publisher\":{\"@id\":\"https:\\\/\\\/www.venisecollection.com\\\/fr#organization\"},\"potentialAction\":[{\"@type\":\"SearchAction\",\"target\":{\"@type\":\"EntryPoint\",\"urlTemplate\":\"https:\\\/\\\/www.venisecollection.com\\\/fr?s={search_term_string}\"},\"query-input\":{\"@type\":\"PropertyValueSpecification\",\"valueRequired\":true,\"valueName\":\"search_term_string\"}}],\"inLanguage\":\"fr-FR\"},{\"@type\":\"Organization\",\"@id\":\"https:\\\/\\\/www.venisecollection.com\\\/fr#organization\",\"name\":\"VENISE COLLECTION\",\"url\":\"https:\\\/\\\/www.venisecollection.com\\\/fr\",\"logo\":{\"@type\":\"ImageObject\",\"inLanguage\":\"fr-FR\",\"@id\":\"https:\\\/\\\/www.venisecollection.com\\\/fr#\\\/schema\\\/logo\\\/image\\\/\",\"url\":\"https:\\\/\\\/www.venisecollection.com\\\/cdn\\\/seo.png\",\"contentUrl\":\"https:\\\/\\\/www.venisecollection.com\\\/cdn\\\/seo.png\",\"width\":1080,\"height\":1080,\"caption\":\"VENISE COLLECTION\"},\"image\":{\"@id\":\"https:\\\/\\\/www.venisecollection.com\\\/fr#\\\/schema\\\/logo\\\/image\\\/\"},\"sameAs\":[\"https:\\\/\\\/www.instagram.com\\\/venisecollection\\\/\",\"https:\\\/\\\/fr.pinterest.com\\\/venisecollection\\\/\"]}]}<\/script>\n<!-- \/ Yoast SEO plugin. -->","yoast_head_json":{"title":"E662 Camoscio Nero - VENISE COLLECTION","description":"Entrez dans le style avec nos bottes bordeaux \u00e0 fermeture \u00e9clair sur le devant. Dot\u00e9es d'une finition en daim doux, d'une fermeture \u00e9clair argent\u00e9e sur le devant et d'une semelle \u00e9paisse \u00e0 crampons.","robots":{"index":"index","follow":"follow","max-snippet":"max-snippet:-1","max-image-preview":"max-image-preview:large","max-video-preview":"max-video-preview:-1"},"canonical":"https:\/\/www.venisecollection.com\/fr\/shop\/women\/bottes\/geometric-buckle-suede-boots","og_locale":"fr_FR","og_type":"article","og_title":"E662 Camoscio Nero - VENISE COLLECTION","og_description":"Entrez dans le style avec nos bottes bordeaux \u00e0 fermeture \u00e9clair sur le devant. Dot\u00e9es d'une finition en daim doux, d'une fermeture \u00e9clair argent\u00e9e sur le devant et d'une semelle \u00e9paisse \u00e0 crampons.","og_url":"https:\/\/www.venisecollection.com\/fr\/shop\/women\/bottes\/geometric-buckle-suede-boots","og_site_name":"VENISE COLLECTION","article_modified_time":"2026-04-02T11:52:00+00:00","og_image":[{"width":1280,"height":1588,"url":"https:\/\/www.venisecollection.com\/cdn\/image-5.webp","type":"image\/webp"}],"twitter_card":"summary_large_image","twitter_misc":{"Dur\u00e9e de lecture estim\u00e9e":"1 minute"},"schema":{"@context":"https:\/\/schema.org","@graph":[{"@type":"WebPage","@id":"https:\/\/www.venisecollection.com\/fr\/shop\/women\/bottes\/geometric-buckle-suede-boots","url":"https:\/\/www.venisecollection.com\/fr\/shop\/women\/bottes\/geometric-buckle-suede-boots","name":"E662 Camoscio Nero - VENISE COLLECTION","isPartOf":{"@id":"https:\/\/www.venisecollection.com\/fr#website"},"primaryImageOfPage":{"@id":"https:\/\/www.venisecollection.com\/fr\/shop\/women\/bottes\/geometric-buckle-suede-boots#primaryimage"},"image":{"@id":"https:\/\/www.venisecollection.com\/fr\/shop\/women\/bottes\/geometric-buckle-suede-boots#primaryimage"},"thumbnailUrl":"https:\/\/www.venisecollection.com\/cdn\/image-5.webp","datePublished":"2025-12-26T15:31:59+00:00","dateModified":"2026-04-02T11:52:00+00:00","description":"Entrez dans le style avec nos bottes bordeaux \u00e0 fermeture \u00e9clair sur le devant. Dot\u00e9es d'une finition en daim doux, d'une fermeture \u00e9clair argent\u00e9e sur le devant et d'une semelle \u00e9paisse \u00e0 crampons.","breadcrumb":{"@id":"https:\/\/www.venisecollection.com\/fr\/shop\/women\/bottes\/geometric-buckle-suede-boots#breadcrumb"},"inLanguage":"fr-FR","potentialAction":[{"@type":"ReadAction","target":["https:\/\/www.venisecollection.com\/fr\/shop\/women\/bottes\/geometric-buckle-suede-boots"]}]},{"@type":"ImageObject","inLanguage":"fr-FR","@id":"https:\/\/www.venisecollection.com\/fr\/shop\/women\/bottes\/geometric-buckle-suede-boots#primaryimage","url":"https:\/\/www.venisecollection.com\/cdn\/image-5.webp","contentUrl":"https:\/\/www.venisecollection.com\/cdn\/image-5.webp","width":1280,"height":1588},{"@type":"BreadcrumbList","@id":"https:\/\/www.venisecollection.com\/fr\/shop\/women\/bottes\/geometric-buckle-suede-boots#breadcrumb","itemListElement":[{"@type":"ListItem","position":1,"name":"Home","item":"https:\/\/www.venisecollection.com\/fr\/boutique"},{"@type":"ListItem","position":2,"name":"Accueil","item":"https:\/\/www.venisecollection.com\/fr\/boutique"},{"@type":"ListItem","position":3,"name":"E662 Camoscio Nero"}]},{"@type":"WebSite","@id":"https:\/\/www.venisecollection.com\/fr#website","url":"https:\/\/www.venisecollection.com\/fr","name":"VENISE COLLECTION","description":"","publisher":{"@id":"https:\/\/www.venisecollection.com\/fr#organization"},"potentialAction":[{"@type":"SearchAction","target":{"@type":"EntryPoint","urlTemplate":"https:\/\/www.venisecollection.com\/fr?s={search_term_string}"},"query-input":{"@type":"PropertyValueSpecification","valueRequired":true,"valueName":"search_term_string"}}],"inLanguage":"fr-FR"},{"@type":"Organization","@id":"https:\/\/www.venisecollection.com\/fr#organization","name":"VENISE COLLECTION","url":"https:\/\/www.venisecollection.com\/fr","logo":{"@type":"ImageObject","inLanguage":"fr-FR","@id":"https:\/\/www.venisecollection.com\/fr#\/schema\/logo\/image\/","url":"https:\/\/www.venisecollection.com\/cdn\/seo.png","contentUrl":"https:\/\/www.venisecollection.com\/cdn\/seo.png","width":1080,"height":1080,"caption":"VENISE COLLECTION"},"image":{"@id":"https:\/\/www.venisecollection.com\/fr#\/schema\/logo\/image\/"},"sameAs":["https:\/\/www.instagram.com\/venisecollection\/","https:\/\/fr.pinterest.com\/venisecollection\/"]}]}},"_links":{"self":[{"href":"https:\/\/www.venisecollection.com\/fr\/wp-json\/wp\/v2\/product\/15682","targetHints":{"allow":["GET"]}}],"collection":[{"href":"https:\/\/www.venisecollection.com\/fr\/wp-json\/wp\/v2\/product"}],"about":[{"href":"https:\/\/www.venisecollection.com\/fr\/wp-json\/wp\/v2\/types\/product"}],"wp:featuredmedia":[{"embeddable":true,"href":"https:\/\/www.venisecollection.com\/fr\/wp-json\/wp\/v2\/media\/15831"}],"wp:attachment":[{"href":"https:\/\/www.venisecollection.com\/fr\/wp-json\/wp\/v2\/media?parent=15682"}],"wp:term":[{"taxonomy":"product_brand","embeddable":true,"href":"https:\/\/www.venisecollection.com\/fr\/wp-json\/wp\/v2\/product_brand?post=15682"},{"taxonomy":"product_cat","embeddable":true,"href":"https:\/\/www.venisecollection.com\/fr\/wp-json\/wp\/v2\/product_cat?post=15682"},{"taxonomy":"product_tag","embeddable":true,"href":"https:\/\/www.venisecollection.com\/fr\/wp-json\/wp\/v2\/product_tag?post=15682"}],"curies":[{"name":"wp","href":"https:\/\/api.w.org\/{rel}","templated":true}]}}