{"id":17029,"date":"2026-01-05T15:06:39","date_gmt":"2026-01-05T15:06:39","guid":{"rendered":"https:\/\/www.venisecollection.com\/?post_type=product&#038;p=17029"},"modified":"2026-03-31T15:23:51","modified_gmt":"2026-03-31T15:23:51","slug":"falara-farro-nero","status":"publish","type":"product","link":"https:\/\/www.venisecollection.com\/fr\/shop\/women\/pompes\/falara-farro-nero","title":{"rendered":"FALARA FARRO NERO"},"content":{"rendered":"<ul>\n<li>\n<p data-path-to-node=\"15\">Les <b data-path-to-node=\"15\" data-index-in-node=\"46\">FALARA FARRO NERO<\/b> sont le mariage parfait entre savoir-faire maroquinier et design moderne.<\/p>\n<ul data-path-to-node=\"16\">\n<li>\n<p data-path-to-node=\"16,0,0\"><b data-path-to-node=\"16,0,0\" data-index-in-node=\"0\">Mat\u00e9riau Noble :<\/b> Confectionn\u00e9es enti\u00e8rement en cuir, elles garantissent souplesse et long\u00e9vit\u00e9.<\/p>\n<\/li>\n<li>\n<p data-path-to-node=\"16,1,0\"><b data-path-to-node=\"16,1,0\" data-index-in-node=\"0\">Texture Unique :<\/b> Le travail du cuir imite un tressage naturel (\u00ab\u00a0Farro\u00a0\u00bb) rehauss\u00e9 par un motif graphique noir (\u00ab\u00a0Nero\u00a0\u00bb).<\/p>\n<\/li>\n<li>\n<p data-path-to-node=\"16,2,0\"><b data-path-to-node=\"16,2,0\" data-index-in-node=\"0\">Maintien \u00c9l\u00e9gant :<\/b> La bride arri\u00e8re en cuir assure un ajustement parfait.<\/p>\n<\/li>\n<li>\n<p data-path-to-node=\"16,3,0\"><b data-path-to-node=\"16,3,0\" data-index-in-node=\"0\">Confort Absolu :<\/b> Le talon bloc offre une hauteur id\u00e9ale pour marcher avec aisance tout au long de la journ\u00e9e.<\/p>\n<\/li>\n<\/ul>\n<\/li>\n<\/ul>\n","protected":false},"excerpt":{"rendered":"<p>Les FALARA FARRO NERO sont le mariage parfait entre savoir-faire maroquinier et design moderne. Mat\u00e9riau Noble : Confectionn\u00e9es enti\u00e8rement en cuir, elles garantissent souplesse et long\u00e9vit\u00e9. Texture Unique : Le travail du cuir imite un tressage naturel (\u00ab\u00a0Farro\u00a0\u00bb) rehauss\u00e9 par un motif graphique noir (\u00ab\u00a0Nero\u00a0\u00bb). Maintien \u00c9l\u00e9gant : La bride arri\u00e8re en cuir assure un &hellip;<\/p>\n","protected":false},"featured_media":17090,"template":"","meta":[],"product_brand":[356],"product_cat":[105],"product_tag":[],"class_list":{"0":"post-17029","1":"product","2":"type-product","3":"status-publish","4":"has-post-thumbnail","6":"product_brand-venise-collection","7":"product_cat-pompes","9":"first","10":"instock","11":"shipping-taxable","12":"purchasable","13":"product-type-variable","14":"has-default-attributes"},"yoast_head":"<!-- This site is optimized with the Yoast SEO plugin v27.3 - https:\/\/yoast.com\/product\/yoast-seo-wordpress\/ -->\n<title>FALARA FARRO NERO - VENISE COLLECTION<\/title>\n<meta name=\"robots\" content=\"index, follow, max-snippet:-1, max-image-preview:large, max-video-preview:-1\" \/>\n<link rel=\"canonical\" href=\"https:\/\/www.venisecollection.com\/fr\/shop\/women\/pompes\/falara-farro-nero\" \/>\n<meta property=\"og:locale\" content=\"fr_FR\" \/>\n<meta property=\"og:type\" content=\"article\" \/>\n<meta property=\"og:title\" content=\"FALARA FARRO NERO - VENISE COLLECTION\" \/>\n<meta property=\"og:description\" content=\"Les FALARA FARRO NERO sont le mariage parfait entre savoir-faire maroquinier et design moderne. Mat\u00e9riau Noble : Confectionn\u00e9es enti\u00e8rement en cuir, elles garantissent souplesse et long\u00e9vit\u00e9. Texture Unique : Le travail du cuir imite un tressage naturel (\u00ab\u00a0Farro\u00a0\u00bb) rehauss\u00e9 par un motif graphique noir (\u00ab\u00a0Nero\u00a0\u00bb). Maintien \u00c9l\u00e9gant : La bride arri\u00e8re en cuir assure un &hellip;\" \/>\n<meta property=\"og:url\" content=\"https:\/\/www.venisecollection.com\/fr\/shop\/women\/pompes\/falara-farro-nero\" \/>\n<meta property=\"og:site_name\" content=\"VENISE COLLECTION\" \/>\n<meta property=\"article:modified_time\" content=\"2026-03-31T15:23:51+00:00\" \/>\n<meta property=\"og:image\" content=\"https:\/\/www.venisecollection.com\/cdn\/image-48-1.webp\" \/>\n\t<meta property=\"og:image:width\" content=\"1280\" \/>\n\t<meta property=\"og:image:height\" content=\"1588\" \/>\n\t<meta property=\"og:image:type\" content=\"image\/webp\" \/>\n<meta name=\"twitter:card\" content=\"summary_large_image\" \/>\n<meta name=\"twitter:label1\" content=\"Dur\u00e9e de lecture estim\u00e9e\" \/>\n\t<meta name=\"twitter:data1\" content=\"1 minute\" \/>\n<script type=\"application\/ld+json\" class=\"yoast-schema-graph\">{\"@context\":\"https:\\\/\\\/schema.org\",\"@graph\":[{\"@type\":\"WebPage\",\"@id\":\"https:\\\/\\\/www.venisecollection.com\\\/fr\\\/shop\\\/women\\\/pompes\\\/falara-farro-nero\",\"url\":\"https:\\\/\\\/www.venisecollection.com\\\/fr\\\/shop\\\/women\\\/pompes\\\/falara-farro-nero\",\"name\":\"FALARA FARRO NERO - VENISE COLLECTION\",\"isPartOf\":{\"@id\":\"https:\\\/\\\/www.venisecollection.com\\\/fr#website\"},\"primaryImageOfPage\":{\"@id\":\"https:\\\/\\\/www.venisecollection.com\\\/fr\\\/shop\\\/women\\\/pompes\\\/falara-farro-nero#primaryimage\"},\"image\":{\"@id\":\"https:\\\/\\\/www.venisecollection.com\\\/fr\\\/shop\\\/women\\\/pompes\\\/falara-farro-nero#primaryimage\"},\"thumbnailUrl\":\"https:\\\/\\\/www.venisecollection.com\\\/cdn\\\/image-48-1.webp\",\"datePublished\":\"2026-01-05T15:06:39+00:00\",\"dateModified\":\"2026-03-31T15:23:51+00:00\",\"breadcrumb\":{\"@id\":\"https:\\\/\\\/www.venisecollection.com\\\/fr\\\/shop\\\/women\\\/pompes\\\/falara-farro-nero#breadcrumb\"},\"inLanguage\":\"fr-FR\",\"potentialAction\":[{\"@type\":\"ReadAction\",\"target\":[\"https:\\\/\\\/www.venisecollection.com\\\/fr\\\/shop\\\/women\\\/pompes\\\/falara-farro-nero\"]}]},{\"@type\":\"ImageObject\",\"inLanguage\":\"fr-FR\",\"@id\":\"https:\\\/\\\/www.venisecollection.com\\\/fr\\\/shop\\\/women\\\/pompes\\\/falara-farro-nero#primaryimage\",\"url\":\"https:\\\/\\\/www.venisecollection.com\\\/cdn\\\/image-48-1.webp\",\"contentUrl\":\"https:\\\/\\\/www.venisecollection.com\\\/cdn\\\/image-48-1.webp\",\"width\":1280,\"height\":1588},{\"@type\":\"BreadcrumbList\",\"@id\":\"https:\\\/\\\/www.venisecollection.com\\\/fr\\\/shop\\\/women\\\/pompes\\\/falara-farro-nero#breadcrumb\",\"itemListElement\":[{\"@type\":\"ListItem\",\"position\":1,\"name\":\"Home\",\"item\":\"https:\\\/\\\/www.venisecollection.com\\\/fr\\\/boutique\"},{\"@type\":\"ListItem\",\"position\":2,\"name\":\"Accueil\",\"item\":\"https:\\\/\\\/www.venisecollection.com\\\/fr\\\/boutique\"},{\"@type\":\"ListItem\",\"position\":3,\"name\":\"FALARA FARRO NERO\"}]},{\"@type\":\"WebSite\",\"@id\":\"https:\\\/\\\/www.venisecollection.com\\\/fr#website\",\"url\":\"https:\\\/\\\/www.venisecollection.com\\\/fr\",\"name\":\"VENISE COLLECTION\",\"description\":\"\",\"publisher\":{\"@id\":\"https:\\\/\\\/www.venisecollection.com\\\/fr#organization\"},\"potentialAction\":[{\"@type\":\"SearchAction\",\"target\":{\"@type\":\"EntryPoint\",\"urlTemplate\":\"https:\\\/\\\/www.venisecollection.com\\\/fr?s={search_term_string}\"},\"query-input\":{\"@type\":\"PropertyValueSpecification\",\"valueRequired\":true,\"valueName\":\"search_term_string\"}}],\"inLanguage\":\"fr-FR\"},{\"@type\":\"Organization\",\"@id\":\"https:\\\/\\\/www.venisecollection.com\\\/fr#organization\",\"name\":\"VENISE COLLECTION\",\"url\":\"https:\\\/\\\/www.venisecollection.com\\\/fr\",\"logo\":{\"@type\":\"ImageObject\",\"inLanguage\":\"fr-FR\",\"@id\":\"https:\\\/\\\/www.venisecollection.com\\\/fr#\\\/schema\\\/logo\\\/image\\\/\",\"url\":\"https:\\\/\\\/www.venisecollection.com\\\/cdn\\\/seo.png\",\"contentUrl\":\"https:\\\/\\\/www.venisecollection.com\\\/cdn\\\/seo.png\",\"width\":1080,\"height\":1080,\"caption\":\"VENISE COLLECTION\"},\"image\":{\"@id\":\"https:\\\/\\\/www.venisecollection.com\\\/fr#\\\/schema\\\/logo\\\/image\\\/\"},\"sameAs\":[\"https:\\\/\\\/www.instagram.com\\\/venisecollection\\\/\",\"https:\\\/\\\/fr.pinterest.com\\\/venisecollection\\\/\"]}]}<\/script>\n<!-- \/ Yoast SEO plugin. -->","yoast_head_json":{"title":"FALARA FARRO NERO - VENISE COLLECTION","robots":{"index":"index","follow":"follow","max-snippet":"max-snippet:-1","max-image-preview":"max-image-preview:large","max-video-preview":"max-video-preview:-1"},"canonical":"https:\/\/www.venisecollection.com\/fr\/shop\/women\/pompes\/falara-farro-nero","og_locale":"fr_FR","og_type":"article","og_title":"FALARA FARRO NERO - VENISE COLLECTION","og_description":"Les FALARA FARRO NERO sont le mariage parfait entre savoir-faire maroquinier et design moderne. Mat\u00e9riau Noble : Confectionn\u00e9es enti\u00e8rement en cuir, elles garantissent souplesse et long\u00e9vit\u00e9. Texture Unique : Le travail du cuir imite un tressage naturel (\u00ab\u00a0Farro\u00a0\u00bb) rehauss\u00e9 par un motif graphique noir (\u00ab\u00a0Nero\u00a0\u00bb). Maintien \u00c9l\u00e9gant : La bride arri\u00e8re en cuir assure un &hellip;","og_url":"https:\/\/www.venisecollection.com\/fr\/shop\/women\/pompes\/falara-farro-nero","og_site_name":"VENISE COLLECTION","article_modified_time":"2026-03-31T15:23:51+00:00","og_image":[{"width":1280,"height":1588,"url":"https:\/\/www.venisecollection.com\/cdn\/image-48-1.webp","type":"image\/webp"}],"twitter_card":"summary_large_image","twitter_misc":{"Dur\u00e9e de lecture estim\u00e9e":"1 minute"},"schema":{"@context":"https:\/\/schema.org","@graph":[{"@type":"WebPage","@id":"https:\/\/www.venisecollection.com\/fr\/shop\/women\/pompes\/falara-farro-nero","url":"https:\/\/www.venisecollection.com\/fr\/shop\/women\/pompes\/falara-farro-nero","name":"FALARA FARRO NERO - VENISE COLLECTION","isPartOf":{"@id":"https:\/\/www.venisecollection.com\/fr#website"},"primaryImageOfPage":{"@id":"https:\/\/www.venisecollection.com\/fr\/shop\/women\/pompes\/falara-farro-nero#primaryimage"},"image":{"@id":"https:\/\/www.venisecollection.com\/fr\/shop\/women\/pompes\/falara-farro-nero#primaryimage"},"thumbnailUrl":"https:\/\/www.venisecollection.com\/cdn\/image-48-1.webp","datePublished":"2026-01-05T15:06:39+00:00","dateModified":"2026-03-31T15:23:51+00:00","breadcrumb":{"@id":"https:\/\/www.venisecollection.com\/fr\/shop\/women\/pompes\/falara-farro-nero#breadcrumb"},"inLanguage":"fr-FR","potentialAction":[{"@type":"ReadAction","target":["https:\/\/www.venisecollection.com\/fr\/shop\/women\/pompes\/falara-farro-nero"]}]},{"@type":"ImageObject","inLanguage":"fr-FR","@id":"https:\/\/www.venisecollection.com\/fr\/shop\/women\/pompes\/falara-farro-nero#primaryimage","url":"https:\/\/www.venisecollection.com\/cdn\/image-48-1.webp","contentUrl":"https:\/\/www.venisecollection.com\/cdn\/image-48-1.webp","width":1280,"height":1588},{"@type":"BreadcrumbList","@id":"https:\/\/www.venisecollection.com\/fr\/shop\/women\/pompes\/falara-farro-nero#breadcrumb","itemListElement":[{"@type":"ListItem","position":1,"name":"Home","item":"https:\/\/www.venisecollection.com\/fr\/boutique"},{"@type":"ListItem","position":2,"name":"Accueil","item":"https:\/\/www.venisecollection.com\/fr\/boutique"},{"@type":"ListItem","position":3,"name":"FALARA FARRO NERO"}]},{"@type":"WebSite","@id":"https:\/\/www.venisecollection.com\/fr#website","url":"https:\/\/www.venisecollection.com\/fr","name":"VENISE COLLECTION","description":"","publisher":{"@id":"https:\/\/www.venisecollection.com\/fr#organization"},"potentialAction":[{"@type":"SearchAction","target":{"@type":"EntryPoint","urlTemplate":"https:\/\/www.venisecollection.com\/fr?s={search_term_string}"},"query-input":{"@type":"PropertyValueSpecification","valueRequired":true,"valueName":"search_term_string"}}],"inLanguage":"fr-FR"},{"@type":"Organization","@id":"https:\/\/www.venisecollection.com\/fr#organization","name":"VENISE COLLECTION","url":"https:\/\/www.venisecollection.com\/fr","logo":{"@type":"ImageObject","inLanguage":"fr-FR","@id":"https:\/\/www.venisecollection.com\/fr#\/schema\/logo\/image\/","url":"https:\/\/www.venisecollection.com\/cdn\/seo.png","contentUrl":"https:\/\/www.venisecollection.com\/cdn\/seo.png","width":1080,"height":1080,"caption":"VENISE COLLECTION"},"image":{"@id":"https:\/\/www.venisecollection.com\/fr#\/schema\/logo\/image\/"},"sameAs":["https:\/\/www.instagram.com\/venisecollection\/","https:\/\/fr.pinterest.com\/venisecollection\/"]}]}},"_links":{"self":[{"href":"https:\/\/www.venisecollection.com\/fr\/wp-json\/wp\/v2\/product\/17029","targetHints":{"allow":["GET"]}}],"collection":[{"href":"https:\/\/www.venisecollection.com\/fr\/wp-json\/wp\/v2\/product"}],"about":[{"href":"https:\/\/www.venisecollection.com\/fr\/wp-json\/wp\/v2\/types\/product"}],"wp:featuredmedia":[{"embeddable":true,"href":"https:\/\/www.venisecollection.com\/fr\/wp-json\/wp\/v2\/media\/17090"}],"wp:attachment":[{"href":"https:\/\/www.venisecollection.com\/fr\/wp-json\/wp\/v2\/media?parent=17029"}],"wp:term":[{"taxonomy":"product_brand","embeddable":true,"href":"https:\/\/www.venisecollection.com\/fr\/wp-json\/wp\/v2\/product_brand?post=17029"},{"taxonomy":"product_cat","embeddable":true,"href":"https:\/\/www.venisecollection.com\/fr\/wp-json\/wp\/v2\/product_cat?post=17029"},{"taxonomy":"product_tag","embeddable":true,"href":"https:\/\/www.venisecollection.com\/fr\/wp-json\/wp\/v2\/product_tag?post=17029"}],"curies":[{"name":"wp","href":"https:\/\/api.w.org\/{rel}","templated":true}]}}