{"id":17893,"date":"2026-01-22T16:39:17","date_gmt":"2026-01-22T16:39:17","guid":{"rendered":"https:\/\/www.venisecollection.com\/?post_type=product&#038;p=17893"},"modified":"2026-05-05T00:32:21","modified_gmt":"2026-05-05T00:32:21","slug":"mustang-boot","status":"publish","type":"product","link":"https:\/\/www.venisecollection.com\/fr\/shop\/women\/bottes\/mustang-boot","title":{"rendered":"08317 Velour mustang"},"content":{"rendered":"<p data-path-to-node=\"17\">Affirmez votre style avec les bottes <b data-path-to-node=\"17\" data-index-in-node=\"55\">Mustang<\/b>. Ce mod\u00e8le incarne la tendance \u00ab\u00a0chunky\u00a0\u00bb avec \u00e9l\u00e9gance, associant un daim marron fonc\u00e9 luxueux \u00e0 une <b data-path-to-node=\"17\" data-index-in-node=\"163\">semelle \u00e9paisse et crant\u00e9e<\/b> robuste. Con\u00e7ues pour allier confort et caract\u00e8re, ces bottes offrent une silhouette moderne et urbaine. Parfaites pour affronter les journ\u00e9es froides avec assurance, elles disposent de tirettes lat\u00e9rales pour un enfilage facile.<\/p>\n<p data-path-to-node=\"18\"><b data-path-to-node=\"18\" data-index-in-node=\"0\">Caract\u00e9ristiques:<\/b><\/p>\n<ul data-path-to-node=\"19\">\n<li>\n<p data-path-to-node=\"19,0,0\"><b data-path-to-node=\"19,0,0\" data-index-in-node=\"0\">Mati\u00e8re :<\/b> Daim v\u00e9ritable (Su\u00e8de).<\/p>\n<\/li>\n<li>\n<p data-path-to-node=\"19,1,0\"><b data-path-to-node=\"19,1,0\" data-index-in-node=\"0\">Semelle :<\/b> Semelle track \u00e9paisse en caoutchouc (Lug Sole).<\/p>\n<\/li>\n<li>\n<p data-path-to-node=\"19,2,0\"><b data-path-to-node=\"19,2,0\" data-index-in-node=\"0\">Couleur :<\/b> Marron Fonc\u00e9 \/ Chocolat.<\/p>\n<\/li>\n<li>\n<p data-path-to-node=\"19,3,0\"><b data-path-to-node=\"19,3,0\" data-index-in-node=\"0\">Style :<\/b> Urbain chic \/ Tendance Chunky.<\/p>\n<\/li>\n<\/ul>\n","protected":false},"excerpt":{"rendered":"<p>Affirmez votre style avec les bottes Mustang. Ce mod\u00e8le incarne la tendance \u00ab\u00a0chunky\u00a0\u00bb avec \u00e9l\u00e9gance, associant un daim marron fonc\u00e9 luxueux \u00e0 une semelle \u00e9paisse et crant\u00e9e robuste. Con\u00e7ues pour allier confort et caract\u00e8re, ces bottes offrent une silhouette moderne et urbaine. Parfaites pour affronter les journ\u00e9es froides avec assurance, elles disposent de tirettes lat\u00e9rales &hellip;<\/p>\n","protected":false},"featured_media":18053,"template":"","meta":[],"product_brand":[356],"product_cat":[109],"product_tag":[],"class_list":{"0":"post-17893","1":"product","2":"type-product","3":"status-publish","4":"has-post-thumbnail","6":"product_brand-venise-collection","7":"product_cat-bottes","9":"first","10":"instock","11":"shipping-taxable","12":"purchasable","13":"product-type-variable","14":"has-default-attributes"},"yoast_head":"<!-- This site is optimized with the Yoast SEO plugin v27.5 - https:\/\/yoast.com\/product\/yoast-seo-wordpress\/ -->\n<title>08317 Velour mustang - VENISE COLLECTION<\/title>\n<meta name=\"description\" content=\"Entrez dans le style avec nos bottes bordeaux \u00e0 fermeture \u00e9clair sur le devant. Dot\u00e9es d&#039;une finition en daim doux, d&#039;une fermeture \u00e9clair argent\u00e9e sur le devant et d&#039;une semelle \u00e9paisse \u00e0 crampons.\" \/>\n<meta name=\"robots\" content=\"index, follow, max-snippet:-1, max-image-preview:large, max-video-preview:-1\" \/>\n<link rel=\"canonical\" href=\"https:\/\/www.venisecollection.com\/fr\/shop\/women\/bottes\/mustang-boot\" \/>\n<meta property=\"og:locale\" content=\"fr_FR\" \/>\n<meta property=\"og:type\" content=\"article\" \/>\n<meta property=\"og:title\" content=\"08317 Velour mustang - VENISE COLLECTION\" \/>\n<meta property=\"og:description\" content=\"Entrez dans le style avec nos bottes bordeaux \u00e0 fermeture \u00e9clair sur le devant. Dot\u00e9es d&#039;une finition en daim doux, d&#039;une fermeture \u00e9clair argent\u00e9e sur le devant et d&#039;une semelle \u00e9paisse \u00e0 crampons.\" \/>\n<meta property=\"og:url\" content=\"https:\/\/www.venisecollection.com\/fr\/shop\/women\/bottes\/mustang-boot\" \/>\n<meta property=\"og:site_name\" content=\"VENISE COLLECTION\" \/>\n<meta property=\"article:modified_time\" content=\"2026-05-05T00:32:21+00:00\" \/>\n<meta property=\"og:image\" content=\"https:\/\/www.venisecollection.com\/cdn\/image-64-1.webp\" \/>\n\t<meta property=\"og:image:width\" content=\"1280\" \/>\n\t<meta property=\"og:image:height\" content=\"1588\" \/>\n\t<meta property=\"og:image:type\" content=\"image\/webp\" \/>\n<meta name=\"twitter:card\" content=\"summary_large_image\" \/>\n<meta name=\"twitter:label1\" content=\"Dur\u00e9e de lecture estim\u00e9e\" \/>\n\t<meta name=\"twitter:data1\" content=\"1 minute\" \/>\n<script type=\"application\/ld+json\" class=\"yoast-schema-graph\">{\"@context\":\"https:\\\/\\\/schema.org\",\"@graph\":[{\"@type\":\"WebPage\",\"@id\":\"https:\\\/\\\/www.venisecollection.com\\\/fr\\\/shop\\\/women\\\/bottes\\\/mustang-boot\",\"url\":\"https:\\\/\\\/www.venisecollection.com\\\/fr\\\/shop\\\/women\\\/bottes\\\/mustang-boot\",\"name\":\"08317 Velour mustang - VENISE COLLECTION\",\"isPartOf\":{\"@id\":\"https:\\\/\\\/www.venisecollection.com\\\/fr#website\"},\"primaryImageOfPage\":{\"@id\":\"https:\\\/\\\/www.venisecollection.com\\\/fr\\\/shop\\\/women\\\/bottes\\\/mustang-boot#primaryimage\"},\"image\":{\"@id\":\"https:\\\/\\\/www.venisecollection.com\\\/fr\\\/shop\\\/women\\\/bottes\\\/mustang-boot#primaryimage\"},\"thumbnailUrl\":\"https:\\\/\\\/www.venisecollection.com\\\/cdn\\\/image-64-1.webp\",\"datePublished\":\"2026-01-22T16:39:17+00:00\",\"dateModified\":\"2026-05-05T00:32:21+00:00\",\"description\":\"Entrez dans le style avec nos bottes bordeaux \u00e0 fermeture \u00e9clair sur le devant. Dot\u00e9es d'une finition en daim doux, d'une fermeture \u00e9clair argent\u00e9e sur le devant et d'une semelle \u00e9paisse \u00e0 crampons.\",\"breadcrumb\":{\"@id\":\"https:\\\/\\\/www.venisecollection.com\\\/fr\\\/shop\\\/women\\\/bottes\\\/mustang-boot#breadcrumb\"},\"inLanguage\":\"fr-FR\",\"potentialAction\":[{\"@type\":\"ReadAction\",\"target\":[\"https:\\\/\\\/www.venisecollection.com\\\/fr\\\/shop\\\/women\\\/bottes\\\/mustang-boot\"]}]},{\"@type\":\"ImageObject\",\"inLanguage\":\"fr-FR\",\"@id\":\"https:\\\/\\\/www.venisecollection.com\\\/fr\\\/shop\\\/women\\\/bottes\\\/mustang-boot#primaryimage\",\"url\":\"https:\\\/\\\/www.venisecollection.com\\\/cdn\\\/image-64-1.webp\",\"contentUrl\":\"https:\\\/\\\/www.venisecollection.com\\\/cdn\\\/image-64-1.webp\",\"width\":1280,\"height\":1588},{\"@type\":\"BreadcrumbList\",\"@id\":\"https:\\\/\\\/www.venisecollection.com\\\/fr\\\/shop\\\/women\\\/bottes\\\/mustang-boot#breadcrumb\",\"itemListElement\":[{\"@type\":\"ListItem\",\"position\":1,\"name\":\"Home\",\"item\":\"https:\\\/\\\/www.venisecollection.com\\\/fr\\\/boutique\"},{\"@type\":\"ListItem\",\"position\":2,\"name\":\"Accueil\",\"item\":\"https:\\\/\\\/www.venisecollection.com\\\/fr\\\/boutique\"},{\"@type\":\"ListItem\",\"position\":3,\"name\":\"08317 Velour mustang\"}]},{\"@type\":\"WebSite\",\"@id\":\"https:\\\/\\\/www.venisecollection.com\\\/fr#website\",\"url\":\"https:\\\/\\\/www.venisecollection.com\\\/fr\",\"name\":\"VENISE COLLECTION\",\"description\":\"\",\"publisher\":{\"@id\":\"https:\\\/\\\/www.venisecollection.com\\\/fr#organization\"},\"potentialAction\":[{\"@type\":\"SearchAction\",\"target\":{\"@type\":\"EntryPoint\",\"urlTemplate\":\"https:\\\/\\\/www.venisecollection.com\\\/fr?s={search_term_string}\"},\"query-input\":{\"@type\":\"PropertyValueSpecification\",\"valueRequired\":true,\"valueName\":\"search_term_string\"}}],\"inLanguage\":\"fr-FR\"},{\"@type\":\"Organization\",\"@id\":\"https:\\\/\\\/www.venisecollection.com\\\/fr#organization\",\"name\":\"VENISE COLLECTION\",\"url\":\"https:\\\/\\\/www.venisecollection.com\\\/fr\",\"logo\":{\"@type\":\"ImageObject\",\"inLanguage\":\"fr-FR\",\"@id\":\"https:\\\/\\\/www.venisecollection.com\\\/fr#\\\/schema\\\/logo\\\/image\\\/\",\"url\":\"https:\\\/\\\/www.venisecollection.com\\\/cdn\\\/seo.png\",\"contentUrl\":\"https:\\\/\\\/www.venisecollection.com\\\/cdn\\\/seo.png\",\"width\":1080,\"height\":1080,\"caption\":\"VENISE COLLECTION\"},\"image\":{\"@id\":\"https:\\\/\\\/www.venisecollection.com\\\/fr#\\\/schema\\\/logo\\\/image\\\/\"},\"sameAs\":[\"https:\\\/\\\/www.instagram.com\\\/venisecollection\\\/\",\"https:\\\/\\\/fr.pinterest.com\\\/venisecollection\\\/\"]}]}<\/script>\n<!-- \/ Yoast SEO plugin. -->","yoast_head_json":{"title":"08317 Velour mustang - VENISE COLLECTION","description":"Entrez dans le style avec nos bottes bordeaux \u00e0 fermeture \u00e9clair sur le devant. Dot\u00e9es d'une finition en daim doux, d'une fermeture \u00e9clair argent\u00e9e sur le devant et d'une semelle \u00e9paisse \u00e0 crampons.","robots":{"index":"index","follow":"follow","max-snippet":"max-snippet:-1","max-image-preview":"max-image-preview:large","max-video-preview":"max-video-preview:-1"},"canonical":"https:\/\/www.venisecollection.com\/fr\/shop\/women\/bottes\/mustang-boot","og_locale":"fr_FR","og_type":"article","og_title":"08317 Velour mustang - VENISE COLLECTION","og_description":"Entrez dans le style avec nos bottes bordeaux \u00e0 fermeture \u00e9clair sur le devant. Dot\u00e9es d'une finition en daim doux, d'une fermeture \u00e9clair argent\u00e9e sur le devant et d'une semelle \u00e9paisse \u00e0 crampons.","og_url":"https:\/\/www.venisecollection.com\/fr\/shop\/women\/bottes\/mustang-boot","og_site_name":"VENISE COLLECTION","article_modified_time":"2026-05-05T00:32:21+00:00","og_image":[{"width":1280,"height":1588,"url":"https:\/\/www.venisecollection.com\/cdn\/image-64-1.webp","type":"image\/webp"}],"twitter_card":"summary_large_image","twitter_misc":{"Dur\u00e9e de lecture estim\u00e9e":"1 minute"},"schema":{"@context":"https:\/\/schema.org","@graph":[{"@type":"WebPage","@id":"https:\/\/www.venisecollection.com\/fr\/shop\/women\/bottes\/mustang-boot","url":"https:\/\/www.venisecollection.com\/fr\/shop\/women\/bottes\/mustang-boot","name":"08317 Velour mustang - VENISE COLLECTION","isPartOf":{"@id":"https:\/\/www.venisecollection.com\/fr#website"},"primaryImageOfPage":{"@id":"https:\/\/www.venisecollection.com\/fr\/shop\/women\/bottes\/mustang-boot#primaryimage"},"image":{"@id":"https:\/\/www.venisecollection.com\/fr\/shop\/women\/bottes\/mustang-boot#primaryimage"},"thumbnailUrl":"https:\/\/www.venisecollection.com\/cdn\/image-64-1.webp","datePublished":"2026-01-22T16:39:17+00:00","dateModified":"2026-05-05T00:32:21+00:00","description":"Entrez dans le style avec nos bottes bordeaux \u00e0 fermeture \u00e9clair sur le devant. Dot\u00e9es d'une finition en daim doux, d'une fermeture \u00e9clair argent\u00e9e sur le devant et d'une semelle \u00e9paisse \u00e0 crampons.","breadcrumb":{"@id":"https:\/\/www.venisecollection.com\/fr\/shop\/women\/bottes\/mustang-boot#breadcrumb"},"inLanguage":"fr-FR","potentialAction":[{"@type":"ReadAction","target":["https:\/\/www.venisecollection.com\/fr\/shop\/women\/bottes\/mustang-boot"]}]},{"@type":"ImageObject","inLanguage":"fr-FR","@id":"https:\/\/www.venisecollection.com\/fr\/shop\/women\/bottes\/mustang-boot#primaryimage","url":"https:\/\/www.venisecollection.com\/cdn\/image-64-1.webp","contentUrl":"https:\/\/www.venisecollection.com\/cdn\/image-64-1.webp","width":1280,"height":1588},{"@type":"BreadcrumbList","@id":"https:\/\/www.venisecollection.com\/fr\/shop\/women\/bottes\/mustang-boot#breadcrumb","itemListElement":[{"@type":"ListItem","position":1,"name":"Home","item":"https:\/\/www.venisecollection.com\/fr\/boutique"},{"@type":"ListItem","position":2,"name":"Accueil","item":"https:\/\/www.venisecollection.com\/fr\/boutique"},{"@type":"ListItem","position":3,"name":"08317 Velour mustang"}]},{"@type":"WebSite","@id":"https:\/\/www.venisecollection.com\/fr#website","url":"https:\/\/www.venisecollection.com\/fr","name":"VENISE COLLECTION","description":"","publisher":{"@id":"https:\/\/www.venisecollection.com\/fr#organization"},"potentialAction":[{"@type":"SearchAction","target":{"@type":"EntryPoint","urlTemplate":"https:\/\/www.venisecollection.com\/fr?s={search_term_string}"},"query-input":{"@type":"PropertyValueSpecification","valueRequired":true,"valueName":"search_term_string"}}],"inLanguage":"fr-FR"},{"@type":"Organization","@id":"https:\/\/www.venisecollection.com\/fr#organization","name":"VENISE COLLECTION","url":"https:\/\/www.venisecollection.com\/fr","logo":{"@type":"ImageObject","inLanguage":"fr-FR","@id":"https:\/\/www.venisecollection.com\/fr#\/schema\/logo\/image\/","url":"https:\/\/www.venisecollection.com\/cdn\/seo.png","contentUrl":"https:\/\/www.venisecollection.com\/cdn\/seo.png","width":1080,"height":1080,"caption":"VENISE COLLECTION"},"image":{"@id":"https:\/\/www.venisecollection.com\/fr#\/schema\/logo\/image\/"},"sameAs":["https:\/\/www.instagram.com\/venisecollection\/","https:\/\/fr.pinterest.com\/venisecollection\/"]}]}},"_links":{"self":[{"href":"https:\/\/www.venisecollection.com\/fr\/wp-json\/wp\/v2\/product\/17893","targetHints":{"allow":["GET"]}}],"collection":[{"href":"https:\/\/www.venisecollection.com\/fr\/wp-json\/wp\/v2\/product"}],"about":[{"href":"https:\/\/www.venisecollection.com\/fr\/wp-json\/wp\/v2\/types\/product"}],"wp:featuredmedia":[{"embeddable":true,"href":"https:\/\/www.venisecollection.com\/fr\/wp-json\/wp\/v2\/media\/18053"}],"wp:attachment":[{"href":"https:\/\/www.venisecollection.com\/fr\/wp-json\/wp\/v2\/media?parent=17893"}],"wp:term":[{"taxonomy":"product_brand","embeddable":true,"href":"https:\/\/www.venisecollection.com\/fr\/wp-json\/wp\/v2\/product_brand?post=17893"},{"taxonomy":"product_cat","embeddable":true,"href":"https:\/\/www.venisecollection.com\/fr\/wp-json\/wp\/v2\/product_cat?post=17893"},{"taxonomy":"product_tag","embeddable":true,"href":"https:\/\/www.venisecollection.com\/fr\/wp-json\/wp\/v2\/product_tag?post=17893"}],"curies":[{"name":"wp","href":"https:\/\/api.w.org\/{rel}","templated":true}]}}