{"id":19304,"date":"2026-02-12T16:38:30","date_gmt":"2026-02-12T16:38:30","guid":{"rendered":"https:\/\/www.venisecollection.com\/?post_type=product&#038;p=19304"},"modified":"2026-04-17T09:50:58","modified_gmt":"2026-04-17T09:50:58","slug":"giuly-fabric","status":"publish","type":"product","link":"https:\/\/www.venisecollection.com\/fr\/shop\/women\/sneakers-fr\/giuly-fabric","title":{"rendered":"Giuly Fabric Lace sneaker"},"content":{"rendered":"<p data-path-to-node=\"10\">La <b data-path-to-node=\"10\" data-index-in-node=\"27\">GIULY FABRIC<\/b> allie style et modernit\u00e9. Parfaite pour les beaux jours, elle est confectionn\u00e9e en <b data-path-to-node=\"10\" data-index-in-node=\"123\">cuir incroyablement souple<\/b> associ\u00e9 \u00e0 des <b data-path-to-node=\"10\" data-index-in-node=\"164\">empi\u00e8cements en dentelle<\/b>, un d\u00e9tail chic qui assure respirabilit\u00e9 et raffinement.<\/p>\n<p data-path-to-node=\"11\">Cette chaussure est l&rsquo;indispensable de la garde-robe f\u00e9minine, mariant un design contemporain \u00e0 un confort exceptionnel. La semelle est savamment con\u00e7ue pour \u00eatre l\u00e9g\u00e8re tout en \u00e9tant suffisamment \u00e9paisse pour offrir ces <b data-path-to-node=\"11\" data-index-in-node=\"221\">quelques centim\u00e8tres de hauteur<\/b> suppl\u00e9mentaires qui \u00e9lancent la silhouette sans sacrifier le bien-\u00eatre. <b data-path-to-node=\"11\" data-index-in-node=\"325\">Con\u00e7ue et fabriqu\u00e9e en Italie.<\/b><\/p>\n","protected":false},"excerpt":{"rendered":"<p>La GIULY FABRIC allie style et modernit\u00e9. Parfaite pour les beaux jours, elle est confectionn\u00e9e en cuir incroyablement souple associ\u00e9 \u00e0 des empi\u00e8cements en dentelle, un d\u00e9tail chic qui assure respirabilit\u00e9 et raffinement. Cette chaussure est l&rsquo;indispensable de la garde-robe f\u00e9minine, mariant un design contemporain \u00e0 un confort exceptionnel. La semelle est savamment con\u00e7ue pour &hellip;<\/p>\n","protected":false},"featured_media":19270,"template":"","meta":[],"product_brand":[371],"product_cat":[106],"product_tag":[],"class_list":{"0":"post-19304","1":"product","2":"type-product","3":"status-publish","4":"has-post-thumbnail","6":"product_brand-agl","7":"product_cat-sneakers-fr","9":"first","10":"instock","11":"shipping-taxable","12":"purchasable","13":"product-type-variable","14":"has-default-attributes"},"yoast_head":"<!-- This site is optimized with the Yoast SEO plugin v27.6 - https:\/\/yoast.com\/product\/yoast-seo-wordpress\/ -->\n<title>Giuly Fabric Lace sneaker - VENISE COLLECTION<\/title>\n<meta name=\"robots\" content=\"index, follow, max-snippet:-1, max-image-preview:large, max-video-preview:-1\" \/>\n<link rel=\"canonical\" href=\"https:\/\/www.venisecollection.com\/fr\/shop\/women\/sneakers-fr\/giuly-fabric\" \/>\n<meta property=\"og:locale\" content=\"fr_FR\" \/>\n<meta property=\"og:type\" content=\"article\" \/>\n<meta property=\"og:title\" content=\"Giuly Fabric Lace sneaker - VENISE COLLECTION\" \/>\n<meta property=\"og:description\" content=\"La GIULY FABRIC allie style et modernit\u00e9. Parfaite pour les beaux jours, elle est confectionn\u00e9e en cuir incroyablement souple associ\u00e9 \u00e0 des empi\u00e8cements en dentelle, un d\u00e9tail chic qui assure respirabilit\u00e9 et raffinement. Cette chaussure est l&rsquo;indispensable de la garde-robe f\u00e9minine, mariant un design contemporain \u00e0 un confort exceptionnel. La semelle est savamment con\u00e7ue pour &hellip;\" \/>\n<meta property=\"og:url\" content=\"https:\/\/www.venisecollection.com\/fr\/shop\/women\/sneakers-fr\/giuly-fabric\" \/>\n<meta property=\"og:site_name\" content=\"VENISE COLLECTION\" \/>\n<meta property=\"article:modified_time\" content=\"2026-04-17T09:50:58+00:00\" \/>\n<meta property=\"og:image\" content=\"https:\/\/www.venisecollection.com\/cdn\/image-93.webp\" \/>\n\t<meta property=\"og:image:width\" content=\"1280\" \/>\n\t<meta property=\"og:image:height\" content=\"1588\" \/>\n\t<meta property=\"og:image:type\" content=\"image\/webp\" \/>\n<meta name=\"twitter:card\" content=\"summary_large_image\" \/>\n<meta name=\"twitter:label1\" content=\"Dur\u00e9e de lecture estim\u00e9e\" \/>\n\t<meta name=\"twitter:data1\" content=\"1 minute\" \/>\n<script type=\"application\/ld+json\" class=\"yoast-schema-graph\">{\"@context\":\"https:\\\/\\\/schema.org\",\"@graph\":[{\"@type\":\"WebPage\",\"@id\":\"https:\\\/\\\/www.venisecollection.com\\\/fr\\\/shop\\\/women\\\/sneakers-fr\\\/giuly-fabric\",\"url\":\"https:\\\/\\\/www.venisecollection.com\\\/fr\\\/shop\\\/women\\\/sneakers-fr\\\/giuly-fabric\",\"name\":\"Giuly Fabric Lace sneaker - VENISE COLLECTION\",\"isPartOf\":{\"@id\":\"https:\\\/\\\/www.venisecollection.com\\\/fr#website\"},\"primaryImageOfPage\":{\"@id\":\"https:\\\/\\\/www.venisecollection.com\\\/fr\\\/shop\\\/women\\\/sneakers-fr\\\/giuly-fabric#primaryimage\"},\"image\":{\"@id\":\"https:\\\/\\\/www.venisecollection.com\\\/fr\\\/shop\\\/women\\\/sneakers-fr\\\/giuly-fabric#primaryimage\"},\"thumbnailUrl\":\"https:\\\/\\\/www.venisecollection.com\\\/cdn\\\/image-93.webp\",\"datePublished\":\"2026-02-12T16:38:30+00:00\",\"dateModified\":\"2026-04-17T09:50:58+00:00\",\"breadcrumb\":{\"@id\":\"https:\\\/\\\/www.venisecollection.com\\\/fr\\\/shop\\\/women\\\/sneakers-fr\\\/giuly-fabric#breadcrumb\"},\"inLanguage\":\"fr-FR\",\"potentialAction\":[{\"@type\":\"ReadAction\",\"target\":[\"https:\\\/\\\/www.venisecollection.com\\\/fr\\\/shop\\\/women\\\/sneakers-fr\\\/giuly-fabric\"]}]},{\"@type\":\"ImageObject\",\"inLanguage\":\"fr-FR\",\"@id\":\"https:\\\/\\\/www.venisecollection.com\\\/fr\\\/shop\\\/women\\\/sneakers-fr\\\/giuly-fabric#primaryimage\",\"url\":\"https:\\\/\\\/www.venisecollection.com\\\/cdn\\\/image-93.webp\",\"contentUrl\":\"https:\\\/\\\/www.venisecollection.com\\\/cdn\\\/image-93.webp\",\"width\":1280,\"height\":1588},{\"@type\":\"BreadcrumbList\",\"@id\":\"https:\\\/\\\/www.venisecollection.com\\\/fr\\\/shop\\\/women\\\/sneakers-fr\\\/giuly-fabric#breadcrumb\",\"itemListElement\":[{\"@type\":\"ListItem\",\"position\":1,\"name\":\"Home\",\"item\":\"https:\\\/\\\/www.venisecollection.com\\\/fr\\\/boutique\"},{\"@type\":\"ListItem\",\"position\":2,\"name\":\"Accueil\",\"item\":\"https:\\\/\\\/www.venisecollection.com\\\/fr\\\/boutique\"},{\"@type\":\"ListItem\",\"position\":3,\"name\":\"Giuly Fabric Lace sneaker\"}]},{\"@type\":\"WebSite\",\"@id\":\"https:\\\/\\\/www.venisecollection.com\\\/fr#website\",\"url\":\"https:\\\/\\\/www.venisecollection.com\\\/fr\",\"name\":\"VENISE COLLECTION\",\"description\":\"\",\"publisher\":{\"@id\":\"https:\\\/\\\/www.venisecollection.com\\\/fr#organization\"},\"potentialAction\":[{\"@type\":\"SearchAction\",\"target\":{\"@type\":\"EntryPoint\",\"urlTemplate\":\"https:\\\/\\\/www.venisecollection.com\\\/fr?s={search_term_string}\"},\"query-input\":{\"@type\":\"PropertyValueSpecification\",\"valueRequired\":true,\"valueName\":\"search_term_string\"}}],\"inLanguage\":\"fr-FR\"},{\"@type\":\"Organization\",\"@id\":\"https:\\\/\\\/www.venisecollection.com\\\/fr#organization\",\"name\":\"VENISE COLLECTION\",\"url\":\"https:\\\/\\\/www.venisecollection.com\\\/fr\",\"logo\":{\"@type\":\"ImageObject\",\"inLanguage\":\"fr-FR\",\"@id\":\"https:\\\/\\\/www.venisecollection.com\\\/fr#\\\/schema\\\/logo\\\/image\\\/\",\"url\":\"https:\\\/\\\/www.venisecollection.com\\\/cdn\\\/seo.png\",\"contentUrl\":\"https:\\\/\\\/www.venisecollection.com\\\/cdn\\\/seo.png\",\"width\":1080,\"height\":1080,\"caption\":\"VENISE COLLECTION\"},\"image\":{\"@id\":\"https:\\\/\\\/www.venisecollection.com\\\/fr#\\\/schema\\\/logo\\\/image\\\/\"},\"sameAs\":[\"https:\\\/\\\/www.instagram.com\\\/venisecollection\\\/\",\"https:\\\/\\\/fr.pinterest.com\\\/venisecollection\\\/\"]}]}<\/script>\n<!-- \/ Yoast SEO plugin. -->","yoast_head_json":{"title":"Giuly Fabric Lace sneaker - VENISE COLLECTION","robots":{"index":"index","follow":"follow","max-snippet":"max-snippet:-1","max-image-preview":"max-image-preview:large","max-video-preview":"max-video-preview:-1"},"canonical":"https:\/\/www.venisecollection.com\/fr\/shop\/women\/sneakers-fr\/giuly-fabric","og_locale":"fr_FR","og_type":"article","og_title":"Giuly Fabric Lace sneaker - VENISE COLLECTION","og_description":"La GIULY FABRIC allie style et modernit\u00e9. Parfaite pour les beaux jours, elle est confectionn\u00e9e en cuir incroyablement souple associ\u00e9 \u00e0 des empi\u00e8cements en dentelle, un d\u00e9tail chic qui assure respirabilit\u00e9 et raffinement. Cette chaussure est l&rsquo;indispensable de la garde-robe f\u00e9minine, mariant un design contemporain \u00e0 un confort exceptionnel. La semelle est savamment con\u00e7ue pour &hellip;","og_url":"https:\/\/www.venisecollection.com\/fr\/shop\/women\/sneakers-fr\/giuly-fabric","og_site_name":"VENISE COLLECTION","article_modified_time":"2026-04-17T09:50:58+00:00","og_image":[{"width":1280,"height":1588,"url":"https:\/\/www.venisecollection.com\/cdn\/image-93.webp","type":"image\/webp"}],"twitter_card":"summary_large_image","twitter_misc":{"Dur\u00e9e de lecture estim\u00e9e":"1 minute"},"schema":{"@context":"https:\/\/schema.org","@graph":[{"@type":"WebPage","@id":"https:\/\/www.venisecollection.com\/fr\/shop\/women\/sneakers-fr\/giuly-fabric","url":"https:\/\/www.venisecollection.com\/fr\/shop\/women\/sneakers-fr\/giuly-fabric","name":"Giuly Fabric Lace sneaker - VENISE COLLECTION","isPartOf":{"@id":"https:\/\/www.venisecollection.com\/fr#website"},"primaryImageOfPage":{"@id":"https:\/\/www.venisecollection.com\/fr\/shop\/women\/sneakers-fr\/giuly-fabric#primaryimage"},"image":{"@id":"https:\/\/www.venisecollection.com\/fr\/shop\/women\/sneakers-fr\/giuly-fabric#primaryimage"},"thumbnailUrl":"https:\/\/www.venisecollection.com\/cdn\/image-93.webp","datePublished":"2026-02-12T16:38:30+00:00","dateModified":"2026-04-17T09:50:58+00:00","breadcrumb":{"@id":"https:\/\/www.venisecollection.com\/fr\/shop\/women\/sneakers-fr\/giuly-fabric#breadcrumb"},"inLanguage":"fr-FR","potentialAction":[{"@type":"ReadAction","target":["https:\/\/www.venisecollection.com\/fr\/shop\/women\/sneakers-fr\/giuly-fabric"]}]},{"@type":"ImageObject","inLanguage":"fr-FR","@id":"https:\/\/www.venisecollection.com\/fr\/shop\/women\/sneakers-fr\/giuly-fabric#primaryimage","url":"https:\/\/www.venisecollection.com\/cdn\/image-93.webp","contentUrl":"https:\/\/www.venisecollection.com\/cdn\/image-93.webp","width":1280,"height":1588},{"@type":"BreadcrumbList","@id":"https:\/\/www.venisecollection.com\/fr\/shop\/women\/sneakers-fr\/giuly-fabric#breadcrumb","itemListElement":[{"@type":"ListItem","position":1,"name":"Home","item":"https:\/\/www.venisecollection.com\/fr\/boutique"},{"@type":"ListItem","position":2,"name":"Accueil","item":"https:\/\/www.venisecollection.com\/fr\/boutique"},{"@type":"ListItem","position":3,"name":"Giuly Fabric Lace sneaker"}]},{"@type":"WebSite","@id":"https:\/\/www.venisecollection.com\/fr#website","url":"https:\/\/www.venisecollection.com\/fr","name":"VENISE COLLECTION","description":"","publisher":{"@id":"https:\/\/www.venisecollection.com\/fr#organization"},"potentialAction":[{"@type":"SearchAction","target":{"@type":"EntryPoint","urlTemplate":"https:\/\/www.venisecollection.com\/fr?s={search_term_string}"},"query-input":{"@type":"PropertyValueSpecification","valueRequired":true,"valueName":"search_term_string"}}],"inLanguage":"fr-FR"},{"@type":"Organization","@id":"https:\/\/www.venisecollection.com\/fr#organization","name":"VENISE COLLECTION","url":"https:\/\/www.venisecollection.com\/fr","logo":{"@type":"ImageObject","inLanguage":"fr-FR","@id":"https:\/\/www.venisecollection.com\/fr#\/schema\/logo\/image\/","url":"https:\/\/www.venisecollection.com\/cdn\/seo.png","contentUrl":"https:\/\/www.venisecollection.com\/cdn\/seo.png","width":1080,"height":1080,"caption":"VENISE COLLECTION"},"image":{"@id":"https:\/\/www.venisecollection.com\/fr#\/schema\/logo\/image\/"},"sameAs":["https:\/\/www.instagram.com\/venisecollection\/","https:\/\/fr.pinterest.com\/venisecollection\/"]}]}},"_links":{"self":[{"href":"https:\/\/www.venisecollection.com\/fr\/wp-json\/wp\/v2\/product\/19304","targetHints":{"allow":["GET"]}}],"collection":[{"href":"https:\/\/www.venisecollection.com\/fr\/wp-json\/wp\/v2\/product"}],"about":[{"href":"https:\/\/www.venisecollection.com\/fr\/wp-json\/wp\/v2\/types\/product"}],"wp:featuredmedia":[{"embeddable":true,"href":"https:\/\/www.venisecollection.com\/fr\/wp-json\/wp\/v2\/media\/19270"}],"wp:attachment":[{"href":"https:\/\/www.venisecollection.com\/fr\/wp-json\/wp\/v2\/media?parent=19304"}],"wp:term":[{"taxonomy":"product_brand","embeddable":true,"href":"https:\/\/www.venisecollection.com\/fr\/wp-json\/wp\/v2\/product_brand?post=19304"},{"taxonomy":"product_cat","embeddable":true,"href":"https:\/\/www.venisecollection.com\/fr\/wp-json\/wp\/v2\/product_cat?post=19304"},{"taxonomy":"product_tag","embeddable":true,"href":"https:\/\/www.venisecollection.com\/fr\/wp-json\/wp\/v2\/product_tag?post=19304"}],"curies":[{"name":"wp","href":"https:\/\/api.w.org\/{rel}","templated":true}]}}