{"id":21844,"date":"2026-03-10T15:54:19","date_gmt":"2026-03-10T15:54:19","guid":{"rendered":"https:\/\/www.venisecollection.com\/?post_type=product&#038;p=21844"},"modified":"2026-04-25T11:53:33","modified_gmt":"2026-04-25T11:53:33","slug":"lapin-white-lea-ther","status":"publish","type":"product","link":"https:\/\/www.venisecollection.com\/fr\/shop\/women\/sneakers-fr\/lapin-white-lea-ther","title":{"rendered":"LAPIN WHITE LEA THER LPN09"},"content":{"rendered":"<p data-path-to-node=\"10\">Accueillez la nouvelle saison avec une touche d&rsquo;\u00e9l\u00e9gance artistique. Ces baskets Paul Smith r\u00e9inventent la basket blanche classique avec un imprim\u00e9 floral multicolore vibrant, telle une \u0153uvre d&rsquo;art en mouvement. Confectionn\u00e9es en cuir de premi\u00e8re qualit\u00e9, elles offrent un m\u00e9lange parfait de luxe et de sophistication d\u00e9contract\u00e9e.<\/p>\n<p data-path-to-node=\"11\"><b data-path-to-node=\"11\" data-index-in-node=\"0\">Points Forts :<\/b><\/p>\n<ul data-path-to-node=\"12\">\n<li>\n<p data-path-to-node=\"12,0,0\"><b data-path-to-node=\"12,0,0\" data-index-in-node=\"0\">Collection Nouvelle Saison<\/b><\/p>\n<\/li>\n<li>\n<p data-path-to-node=\"12,1,0\"><b data-path-to-node=\"12,1,0\" data-index-in-node=\"0\">Tige en Cuir Sup\u00e9rieur :<\/b> Confort et durabilit\u00e9 exceptionnels.<\/p>\n<\/li>\n<li>\n<p data-path-to-node=\"12,2,0\"><b data-path-to-node=\"12,2,0\" data-index-in-node=\"0\">Imprim\u00e9 Floral Cr\u00e9atif :<\/b> Le design embl\u00e9matique et audacieux de Paul Smith.<\/p>\n<\/li>\n<li>\n<p data-path-to-node=\"12,3,0\"><b data-path-to-node=\"12,3,0\" data-index-in-node=\"0\">Silhouette Intemporelle :<\/b> Bout rond et semelle plate pour un confort quotidien.<\/p>\n<\/li>\n<li>\n<p data-path-to-node=\"12,4,0\"><b data-path-to-node=\"12,4,0\" data-index-in-node=\"0\">Fermeture :<\/b> Lacets classiques.<\/p>\n<\/li>\n<li>\n<p data-path-to-node=\"12,5,0\"><b data-path-to-node=\"12,5,0\" data-index-in-node=\"0\">Couleur :<\/b> Blanc avec d\u00e9tails multicolores.<\/p>\n<\/li>\n<\/ul>\n","protected":false},"excerpt":{"rendered":"<p>Accueillez la nouvelle saison avec une touche d&rsquo;\u00e9l\u00e9gance artistique. Ces baskets Paul Smith r\u00e9inventent la basket blanche classique avec un imprim\u00e9 floral multicolore vibrant, telle une \u0153uvre d&rsquo;art en mouvement. Confectionn\u00e9es en cuir de premi\u00e8re qualit\u00e9, elles offrent un m\u00e9lange parfait de luxe et de sophistication d\u00e9contract\u00e9e. Points Forts : Collection Nouvelle Saison Tige en &hellip;<\/p>\n","protected":false},"featured_media":21915,"template":"","meta":[],"product_brand":[353],"product_cat":[106],"product_tag":[],"class_list":{"0":"post-21844","1":"product","2":"type-product","3":"status-publish","4":"has-post-thumbnail","6":"product_brand-paul-smith","7":"product_cat-sneakers-fr","9":"first","10":"instock","11":"shipping-taxable","12":"purchasable","13":"product-type-variable"},"yoast_head":"<!-- This site is optimized with the Yoast SEO plugin v27.5 - https:\/\/yoast.com\/product\/yoast-seo-wordpress\/ -->\n<title>LAPIN WHITE LEA THER LPN09 - VENISE COLLECTION<\/title>\n<meta name=\"robots\" content=\"index, follow, max-snippet:-1, max-image-preview:large, max-video-preview:-1\" \/>\n<link rel=\"canonical\" href=\"https:\/\/www.venisecollection.com\/fr\/shop\/women\/sneakers-fr\/lapin-white-lea-ther\" \/>\n<meta property=\"og:locale\" content=\"fr_FR\" \/>\n<meta property=\"og:type\" content=\"article\" \/>\n<meta property=\"og:title\" content=\"LAPIN WHITE LEA THER LPN09 - VENISE COLLECTION\" \/>\n<meta property=\"og:description\" content=\"Accueillez la nouvelle saison avec une touche d&rsquo;\u00e9l\u00e9gance artistique. Ces baskets Paul Smith r\u00e9inventent la basket blanche classique avec un imprim\u00e9 floral multicolore vibrant, telle une \u0153uvre d&rsquo;art en mouvement. Confectionn\u00e9es en cuir de premi\u00e8re qualit\u00e9, elles offrent un m\u00e9lange parfait de luxe et de sophistication d\u00e9contract\u00e9e. Points Forts : Collection Nouvelle Saison Tige en &hellip;\" \/>\n<meta property=\"og:url\" content=\"https:\/\/www.venisecollection.com\/fr\/shop\/women\/sneakers-fr\/lapin-white-lea-ther\" \/>\n<meta property=\"og:site_name\" content=\"VENISE COLLECTION\" \/>\n<meta property=\"article:modified_time\" content=\"2026-04-25T11:53:33+00:00\" \/>\n<meta property=\"og:image\" content=\"https:\/\/www.venisecollection.com\/cdn\/image.psd-46.webp\" \/>\n\t<meta property=\"og:image:width\" content=\"1280\" \/>\n\t<meta property=\"og:image:height\" content=\"1588\" \/>\n\t<meta property=\"og:image:type\" content=\"image\/webp\" \/>\n<meta name=\"twitter:card\" content=\"summary_large_image\" \/>\n<meta name=\"twitter:label1\" content=\"Dur\u00e9e de lecture estim\u00e9e\" \/>\n\t<meta name=\"twitter:data1\" content=\"1 minute\" \/>\n<script type=\"application\/ld+json\" class=\"yoast-schema-graph\">{\"@context\":\"https:\\\/\\\/schema.org\",\"@graph\":[{\"@type\":\"WebPage\",\"@id\":\"https:\\\/\\\/www.venisecollection.com\\\/fr\\\/shop\\\/women\\\/sneakers-fr\\\/lapin-white-lea-ther\",\"url\":\"https:\\\/\\\/www.venisecollection.com\\\/fr\\\/shop\\\/women\\\/sneakers-fr\\\/lapin-white-lea-ther\",\"name\":\"LAPIN WHITE LEA THER LPN09 - VENISE COLLECTION\",\"isPartOf\":{\"@id\":\"https:\\\/\\\/www.venisecollection.com\\\/fr#website\"},\"primaryImageOfPage\":{\"@id\":\"https:\\\/\\\/www.venisecollection.com\\\/fr\\\/shop\\\/women\\\/sneakers-fr\\\/lapin-white-lea-ther#primaryimage\"},\"image\":{\"@id\":\"https:\\\/\\\/www.venisecollection.com\\\/fr\\\/shop\\\/women\\\/sneakers-fr\\\/lapin-white-lea-ther#primaryimage\"},\"thumbnailUrl\":\"https:\\\/\\\/www.venisecollection.com\\\/cdn\\\/image.psd-46.webp\",\"datePublished\":\"2026-03-10T15:54:19+00:00\",\"dateModified\":\"2026-04-25T11:53:33+00:00\",\"breadcrumb\":{\"@id\":\"https:\\\/\\\/www.venisecollection.com\\\/fr\\\/shop\\\/women\\\/sneakers-fr\\\/lapin-white-lea-ther#breadcrumb\"},\"inLanguage\":\"fr-FR\",\"potentialAction\":[{\"@type\":\"ReadAction\",\"target\":[\"https:\\\/\\\/www.venisecollection.com\\\/fr\\\/shop\\\/women\\\/sneakers-fr\\\/lapin-white-lea-ther\"]}]},{\"@type\":\"ImageObject\",\"inLanguage\":\"fr-FR\",\"@id\":\"https:\\\/\\\/www.venisecollection.com\\\/fr\\\/shop\\\/women\\\/sneakers-fr\\\/lapin-white-lea-ther#primaryimage\",\"url\":\"https:\\\/\\\/www.venisecollection.com\\\/cdn\\\/image.psd-46.webp\",\"contentUrl\":\"https:\\\/\\\/www.venisecollection.com\\\/cdn\\\/image.psd-46.webp\",\"width\":1280,\"height\":1588},{\"@type\":\"BreadcrumbList\",\"@id\":\"https:\\\/\\\/www.venisecollection.com\\\/fr\\\/shop\\\/women\\\/sneakers-fr\\\/lapin-white-lea-ther#breadcrumb\",\"itemListElement\":[{\"@type\":\"ListItem\",\"position\":1,\"name\":\"Home\",\"item\":\"https:\\\/\\\/www.venisecollection.com\\\/fr\\\/boutique\"},{\"@type\":\"ListItem\",\"position\":2,\"name\":\"Accueil\",\"item\":\"https:\\\/\\\/www.venisecollection.com\\\/fr\\\/boutique\"},{\"@type\":\"ListItem\",\"position\":3,\"name\":\"LAPIN WHITE LEA THER LPN09\"}]},{\"@type\":\"WebSite\",\"@id\":\"https:\\\/\\\/www.venisecollection.com\\\/fr#website\",\"url\":\"https:\\\/\\\/www.venisecollection.com\\\/fr\",\"name\":\"VENISE COLLECTION\",\"description\":\"\",\"publisher\":{\"@id\":\"https:\\\/\\\/www.venisecollection.com\\\/fr#organization\"},\"potentialAction\":[{\"@type\":\"SearchAction\",\"target\":{\"@type\":\"EntryPoint\",\"urlTemplate\":\"https:\\\/\\\/www.venisecollection.com\\\/fr?s={search_term_string}\"},\"query-input\":{\"@type\":\"PropertyValueSpecification\",\"valueRequired\":true,\"valueName\":\"search_term_string\"}}],\"inLanguage\":\"fr-FR\"},{\"@type\":\"Organization\",\"@id\":\"https:\\\/\\\/www.venisecollection.com\\\/fr#organization\",\"name\":\"VENISE COLLECTION\",\"url\":\"https:\\\/\\\/www.venisecollection.com\\\/fr\",\"logo\":{\"@type\":\"ImageObject\",\"inLanguage\":\"fr-FR\",\"@id\":\"https:\\\/\\\/www.venisecollection.com\\\/fr#\\\/schema\\\/logo\\\/image\\\/\",\"url\":\"https:\\\/\\\/www.venisecollection.com\\\/cdn\\\/seo.png\",\"contentUrl\":\"https:\\\/\\\/www.venisecollection.com\\\/cdn\\\/seo.png\",\"width\":1080,\"height\":1080,\"caption\":\"VENISE COLLECTION\"},\"image\":{\"@id\":\"https:\\\/\\\/www.venisecollection.com\\\/fr#\\\/schema\\\/logo\\\/image\\\/\"},\"sameAs\":[\"https:\\\/\\\/www.instagram.com\\\/venisecollection\\\/\",\"https:\\\/\\\/fr.pinterest.com\\\/venisecollection\\\/\"]}]}<\/script>\n<!-- \/ Yoast SEO plugin. -->","yoast_head_json":{"title":"LAPIN WHITE LEA THER LPN09 - VENISE COLLECTION","robots":{"index":"index","follow":"follow","max-snippet":"max-snippet:-1","max-image-preview":"max-image-preview:large","max-video-preview":"max-video-preview:-1"},"canonical":"https:\/\/www.venisecollection.com\/fr\/shop\/women\/sneakers-fr\/lapin-white-lea-ther","og_locale":"fr_FR","og_type":"article","og_title":"LAPIN WHITE LEA THER LPN09 - VENISE COLLECTION","og_description":"Accueillez la nouvelle saison avec une touche d&rsquo;\u00e9l\u00e9gance artistique. Ces baskets Paul Smith r\u00e9inventent la basket blanche classique avec un imprim\u00e9 floral multicolore vibrant, telle une \u0153uvre d&rsquo;art en mouvement. Confectionn\u00e9es en cuir de premi\u00e8re qualit\u00e9, elles offrent un m\u00e9lange parfait de luxe et de sophistication d\u00e9contract\u00e9e. Points Forts : Collection Nouvelle Saison Tige en &hellip;","og_url":"https:\/\/www.venisecollection.com\/fr\/shop\/women\/sneakers-fr\/lapin-white-lea-ther","og_site_name":"VENISE COLLECTION","article_modified_time":"2026-04-25T11:53:33+00:00","og_image":[{"width":1280,"height":1588,"url":"https:\/\/www.venisecollection.com\/cdn\/image.psd-46.webp","type":"image\/webp"}],"twitter_card":"summary_large_image","twitter_misc":{"Dur\u00e9e de lecture estim\u00e9e":"1 minute"},"schema":{"@context":"https:\/\/schema.org","@graph":[{"@type":"WebPage","@id":"https:\/\/www.venisecollection.com\/fr\/shop\/women\/sneakers-fr\/lapin-white-lea-ther","url":"https:\/\/www.venisecollection.com\/fr\/shop\/women\/sneakers-fr\/lapin-white-lea-ther","name":"LAPIN WHITE LEA THER LPN09 - VENISE COLLECTION","isPartOf":{"@id":"https:\/\/www.venisecollection.com\/fr#website"},"primaryImageOfPage":{"@id":"https:\/\/www.venisecollection.com\/fr\/shop\/women\/sneakers-fr\/lapin-white-lea-ther#primaryimage"},"image":{"@id":"https:\/\/www.venisecollection.com\/fr\/shop\/women\/sneakers-fr\/lapin-white-lea-ther#primaryimage"},"thumbnailUrl":"https:\/\/www.venisecollection.com\/cdn\/image.psd-46.webp","datePublished":"2026-03-10T15:54:19+00:00","dateModified":"2026-04-25T11:53:33+00:00","breadcrumb":{"@id":"https:\/\/www.venisecollection.com\/fr\/shop\/women\/sneakers-fr\/lapin-white-lea-ther#breadcrumb"},"inLanguage":"fr-FR","potentialAction":[{"@type":"ReadAction","target":["https:\/\/www.venisecollection.com\/fr\/shop\/women\/sneakers-fr\/lapin-white-lea-ther"]}]},{"@type":"ImageObject","inLanguage":"fr-FR","@id":"https:\/\/www.venisecollection.com\/fr\/shop\/women\/sneakers-fr\/lapin-white-lea-ther#primaryimage","url":"https:\/\/www.venisecollection.com\/cdn\/image.psd-46.webp","contentUrl":"https:\/\/www.venisecollection.com\/cdn\/image.psd-46.webp","width":1280,"height":1588},{"@type":"BreadcrumbList","@id":"https:\/\/www.venisecollection.com\/fr\/shop\/women\/sneakers-fr\/lapin-white-lea-ther#breadcrumb","itemListElement":[{"@type":"ListItem","position":1,"name":"Home","item":"https:\/\/www.venisecollection.com\/fr\/boutique"},{"@type":"ListItem","position":2,"name":"Accueil","item":"https:\/\/www.venisecollection.com\/fr\/boutique"},{"@type":"ListItem","position":3,"name":"LAPIN WHITE LEA THER LPN09"}]},{"@type":"WebSite","@id":"https:\/\/www.venisecollection.com\/fr#website","url":"https:\/\/www.venisecollection.com\/fr","name":"VENISE COLLECTION","description":"","publisher":{"@id":"https:\/\/www.venisecollection.com\/fr#organization"},"potentialAction":[{"@type":"SearchAction","target":{"@type":"EntryPoint","urlTemplate":"https:\/\/www.venisecollection.com\/fr?s={search_term_string}"},"query-input":{"@type":"PropertyValueSpecification","valueRequired":true,"valueName":"search_term_string"}}],"inLanguage":"fr-FR"},{"@type":"Organization","@id":"https:\/\/www.venisecollection.com\/fr#organization","name":"VENISE COLLECTION","url":"https:\/\/www.venisecollection.com\/fr","logo":{"@type":"ImageObject","inLanguage":"fr-FR","@id":"https:\/\/www.venisecollection.com\/fr#\/schema\/logo\/image\/","url":"https:\/\/www.venisecollection.com\/cdn\/seo.png","contentUrl":"https:\/\/www.venisecollection.com\/cdn\/seo.png","width":1080,"height":1080,"caption":"VENISE COLLECTION"},"image":{"@id":"https:\/\/www.venisecollection.com\/fr#\/schema\/logo\/image\/"},"sameAs":["https:\/\/www.instagram.com\/venisecollection\/","https:\/\/fr.pinterest.com\/venisecollection\/"]}]}},"_links":{"self":[{"href":"https:\/\/www.venisecollection.com\/fr\/wp-json\/wp\/v2\/product\/21844","targetHints":{"allow":["GET"]}}],"collection":[{"href":"https:\/\/www.venisecollection.com\/fr\/wp-json\/wp\/v2\/product"}],"about":[{"href":"https:\/\/www.venisecollection.com\/fr\/wp-json\/wp\/v2\/types\/product"}],"wp:featuredmedia":[{"embeddable":true,"href":"https:\/\/www.venisecollection.com\/fr\/wp-json\/wp\/v2\/media\/21915"}],"wp:attachment":[{"href":"https:\/\/www.venisecollection.com\/fr\/wp-json\/wp\/v2\/media?parent=21844"}],"wp:term":[{"taxonomy":"product_brand","embeddable":true,"href":"https:\/\/www.venisecollection.com\/fr\/wp-json\/wp\/v2\/product_brand?post=21844"},{"taxonomy":"product_cat","embeddable":true,"href":"https:\/\/www.venisecollection.com\/fr\/wp-json\/wp\/v2\/product_cat?post=21844"},{"taxonomy":"product_tag","embeddable":true,"href":"https:\/\/www.venisecollection.com\/fr\/wp-json\/wp\/v2\/product_tag?post=21844"}],"curies":[{"name":"wp","href":"https:\/\/api.w.org\/{rel}","templated":true}]}}