{"id":22234,"date":"2026-03-23T13:48:32","date_gmt":"2026-03-23T13:48:32","guid":{"rendered":"https:\/\/www.venisecollection.com\/?post_type=product&#038;p=22234"},"modified":"2026-04-24T09:59:13","modified_gmt":"2026-04-24T09:59:13","slug":"710-nappa-nero","status":"publish","type":"product","link":"https:\/\/www.venisecollection.com\/fr\/shop\/women\/sandale\/710-nappa-nero","title":{"rendered":"710 NAPPA NERO"},"content":{"rendered":"<p data-path-to-node=\"8\">Incarnez l&rsquo;\u00e9l\u00e9gance audacieuse avec la <b data-path-to-node=\"8\" data-index-in-node=\"324\">Sandale 710 Nappa Nero<\/b> de VENISE COLLECTION. Fabriqu\u00e9es en cuir nappa noir de premi\u00e8re qualit\u00e9, ces sandales chics pour femmes sont con\u00e7ues pour se d\u00e9marquer. Le bout carr\u00e9 sophistiqu\u00e9 et le d\u00e9licat liser\u00e9 blanc contrastant cr\u00e9ent une silhouette r\u00e9solument moderne.<\/p>\n<p data-path-to-node=\"9\">La v\u00e9ritable pi\u00e8ce ma\u00eetresse de ce mod\u00e8le est son talon carr\u00e9 accrocheur. Il pr\u00e9sente un motif r\u00e9tro \u00e0 pois noirs et blancs tr\u00e8s ludique \u00e0 l&rsquo;ext\u00e9rieur, dissimulant un int\u00e9rieur rose surprenant. Maintenues par une bride de cheville r\u00e9glable orn\u00e9e d&rsquo;une boucle dor\u00e9e classique, ces chaussures \u00e0 talons, \u00e0 la fois confortables et \u00e9l\u00e9gantes, sont parfaites pour sublimer vos tenues de soir\u00e9e ou vos looks de jour les plus pointus.<\/p>\n","protected":false},"excerpt":{"rendered":"<p>Incarnez l&rsquo;\u00e9l\u00e9gance audacieuse avec la Sandale 710 Nappa Nero de VENISE COLLECTION. Fabriqu\u00e9es en cuir nappa noir de premi\u00e8re qualit\u00e9, ces sandales chics pour femmes sont con\u00e7ues pour se d\u00e9marquer. Le bout carr\u00e9 sophistiqu\u00e9 et le d\u00e9licat liser\u00e9 blanc contrastant cr\u00e9ent une silhouette r\u00e9solument moderne. La v\u00e9ritable pi\u00e8ce ma\u00eetresse de ce mod\u00e8le est son talon &hellip;<\/p>\n","protected":false},"featured_media":22267,"template":"","meta":[],"product_brand":[356],"product_cat":[331],"product_tag":[],"class_list":{"0":"post-22234","1":"product","2":"type-product","3":"status-publish","4":"has-post-thumbnail","6":"product_brand-venise-collection","7":"product_cat-sandale","9":"first","10":"instock","11":"shipping-taxable","12":"purchasable","13":"product-type-variable","14":"has-default-attributes"},"yoast_head":"<!-- This site is optimized with the Yoast SEO plugin v27.5 - https:\/\/yoast.com\/product\/yoast-seo-wordpress\/ -->\n<title>Sandales en Cuir Noir Chic Femme<\/title>\n<meta name=\"robots\" content=\"index, follow, max-snippet:-1, max-image-preview:large, max-video-preview:-1\" \/>\n<link rel=\"canonical\" href=\"https:\/\/www.venisecollection.com\/fr\/shop\/women\/sandale\/710-nappa-nero\" \/>\n<meta property=\"og:locale\" content=\"fr_FR\" \/>\n<meta property=\"og:type\" content=\"article\" \/>\n<meta property=\"og:title\" content=\"Sandales en Cuir Noir Chic Femme\" \/>\n<meta property=\"og:description\" content=\"Incarnez l&rsquo;\u00e9l\u00e9gance audacieuse avec la Sandale 710 Nappa Nero de VENISE COLLECTION. Fabriqu\u00e9es en cuir nappa noir de premi\u00e8re qualit\u00e9, ces sandales chics pour femmes sont con\u00e7ues pour se d\u00e9marquer. Le bout carr\u00e9 sophistiqu\u00e9 et le d\u00e9licat liser\u00e9 blanc contrastant cr\u00e9ent une silhouette r\u00e9solument moderne. La v\u00e9ritable pi\u00e8ce ma\u00eetresse de ce mod\u00e8le est son talon &hellip;\" \/>\n<meta property=\"og:url\" content=\"https:\/\/www.venisecollection.com\/fr\/shop\/women\/sandale\/710-nappa-nero\" \/>\n<meta property=\"og:site_name\" content=\"VENISE COLLECTION\" \/>\n<meta property=\"article:modified_time\" content=\"2026-04-24T09:59:13+00:00\" \/>\n<meta property=\"og:image\" content=\"https:\/\/www.venisecollection.com\/cdn\/image-158-1.webp\" \/>\n\t<meta property=\"og:image:width\" content=\"1280\" \/>\n\t<meta property=\"og:image:height\" content=\"1588\" \/>\n\t<meta property=\"og:image:type\" content=\"image\/webp\" \/>\n<meta name=\"twitter:card\" content=\"summary_large_image\" \/>\n<meta name=\"twitter:label1\" content=\"Dur\u00e9e de lecture estim\u00e9e\" \/>\n\t<meta name=\"twitter:data1\" content=\"1 minute\" \/>\n<script type=\"application\/ld+json\" class=\"yoast-schema-graph\">{\"@context\":\"https:\\\/\\\/schema.org\",\"@graph\":[{\"@type\":\"WebPage\",\"@id\":\"https:\\\/\\\/www.venisecollection.com\\\/fr\\\/shop\\\/women\\\/sandale\\\/710-nappa-nero\",\"url\":\"https:\\\/\\\/www.venisecollection.com\\\/fr\\\/shop\\\/women\\\/sandale\\\/710-nappa-nero\",\"name\":\"Sandales en Cuir Noir Chic Femme\",\"isPartOf\":{\"@id\":\"https:\\\/\\\/www.venisecollection.com\\\/fr#website\"},\"primaryImageOfPage\":{\"@id\":\"https:\\\/\\\/www.venisecollection.com\\\/fr\\\/shop\\\/women\\\/sandale\\\/710-nappa-nero#primaryimage\"},\"image\":{\"@id\":\"https:\\\/\\\/www.venisecollection.com\\\/fr\\\/shop\\\/women\\\/sandale\\\/710-nappa-nero#primaryimage\"},\"thumbnailUrl\":\"https:\\\/\\\/www.venisecollection.com\\\/cdn\\\/image-158-1.webp\",\"datePublished\":\"2026-03-23T13:48:32+00:00\",\"dateModified\":\"2026-04-24T09:59:13+00:00\",\"breadcrumb\":{\"@id\":\"https:\\\/\\\/www.venisecollection.com\\\/fr\\\/shop\\\/women\\\/sandale\\\/710-nappa-nero#breadcrumb\"},\"inLanguage\":\"fr-FR\",\"potentialAction\":[{\"@type\":\"ReadAction\",\"target\":[\"https:\\\/\\\/www.venisecollection.com\\\/fr\\\/shop\\\/women\\\/sandale\\\/710-nappa-nero\"]}]},{\"@type\":\"ImageObject\",\"inLanguage\":\"fr-FR\",\"@id\":\"https:\\\/\\\/www.venisecollection.com\\\/fr\\\/shop\\\/women\\\/sandale\\\/710-nappa-nero#primaryimage\",\"url\":\"https:\\\/\\\/www.venisecollection.com\\\/cdn\\\/image-158-1.webp\",\"contentUrl\":\"https:\\\/\\\/www.venisecollection.com\\\/cdn\\\/image-158-1.webp\",\"width\":1280,\"height\":1588},{\"@type\":\"BreadcrumbList\",\"@id\":\"https:\\\/\\\/www.venisecollection.com\\\/fr\\\/shop\\\/women\\\/sandale\\\/710-nappa-nero#breadcrumb\",\"itemListElement\":[{\"@type\":\"ListItem\",\"position\":1,\"name\":\"Home\",\"item\":\"https:\\\/\\\/www.venisecollection.com\\\/fr\\\/boutique\"},{\"@type\":\"ListItem\",\"position\":2,\"name\":\"Accueil\",\"item\":\"https:\\\/\\\/www.venisecollection.com\\\/fr\\\/boutique\"},{\"@type\":\"ListItem\",\"position\":3,\"name\":\"710 NAPPA NERO\"}]},{\"@type\":\"WebSite\",\"@id\":\"https:\\\/\\\/www.venisecollection.com\\\/fr#website\",\"url\":\"https:\\\/\\\/www.venisecollection.com\\\/fr\",\"name\":\"VENISE COLLECTION\",\"description\":\"\",\"publisher\":{\"@id\":\"https:\\\/\\\/www.venisecollection.com\\\/fr#organization\"},\"potentialAction\":[{\"@type\":\"SearchAction\",\"target\":{\"@type\":\"EntryPoint\",\"urlTemplate\":\"https:\\\/\\\/www.venisecollection.com\\\/fr?s={search_term_string}\"},\"query-input\":{\"@type\":\"PropertyValueSpecification\",\"valueRequired\":true,\"valueName\":\"search_term_string\"}}],\"inLanguage\":\"fr-FR\"},{\"@type\":\"Organization\",\"@id\":\"https:\\\/\\\/www.venisecollection.com\\\/fr#organization\",\"name\":\"VENISE COLLECTION\",\"url\":\"https:\\\/\\\/www.venisecollection.com\\\/fr\",\"logo\":{\"@type\":\"ImageObject\",\"inLanguage\":\"fr-FR\",\"@id\":\"https:\\\/\\\/www.venisecollection.com\\\/fr#\\\/schema\\\/logo\\\/image\\\/\",\"url\":\"https:\\\/\\\/www.venisecollection.com\\\/cdn\\\/seo.png\",\"contentUrl\":\"https:\\\/\\\/www.venisecollection.com\\\/cdn\\\/seo.png\",\"width\":1080,\"height\":1080,\"caption\":\"VENISE COLLECTION\"},\"image\":{\"@id\":\"https:\\\/\\\/www.venisecollection.com\\\/fr#\\\/schema\\\/logo\\\/image\\\/\"},\"sameAs\":[\"https:\\\/\\\/www.instagram.com\\\/venisecollection\\\/\",\"https:\\\/\\\/fr.pinterest.com\\\/venisecollection\\\/\"]}]}<\/script>\n<!-- \/ Yoast SEO plugin. -->","yoast_head_json":{"title":"Sandales en Cuir Noir Chic Femme","robots":{"index":"index","follow":"follow","max-snippet":"max-snippet:-1","max-image-preview":"max-image-preview:large","max-video-preview":"max-video-preview:-1"},"canonical":"https:\/\/www.venisecollection.com\/fr\/shop\/women\/sandale\/710-nappa-nero","og_locale":"fr_FR","og_type":"article","og_title":"Sandales en Cuir Noir Chic Femme","og_description":"Incarnez l&rsquo;\u00e9l\u00e9gance audacieuse avec la Sandale 710 Nappa Nero de VENISE COLLECTION. Fabriqu\u00e9es en cuir nappa noir de premi\u00e8re qualit\u00e9, ces sandales chics pour femmes sont con\u00e7ues pour se d\u00e9marquer. Le bout carr\u00e9 sophistiqu\u00e9 et le d\u00e9licat liser\u00e9 blanc contrastant cr\u00e9ent une silhouette r\u00e9solument moderne. La v\u00e9ritable pi\u00e8ce ma\u00eetresse de ce mod\u00e8le est son talon &hellip;","og_url":"https:\/\/www.venisecollection.com\/fr\/shop\/women\/sandale\/710-nappa-nero","og_site_name":"VENISE COLLECTION","article_modified_time":"2026-04-24T09:59:13+00:00","og_image":[{"width":1280,"height":1588,"url":"https:\/\/www.venisecollection.com\/cdn\/image-158-1.webp","type":"image\/webp"}],"twitter_card":"summary_large_image","twitter_misc":{"Dur\u00e9e de lecture estim\u00e9e":"1 minute"},"schema":{"@context":"https:\/\/schema.org","@graph":[{"@type":"WebPage","@id":"https:\/\/www.venisecollection.com\/fr\/shop\/women\/sandale\/710-nappa-nero","url":"https:\/\/www.venisecollection.com\/fr\/shop\/women\/sandale\/710-nappa-nero","name":"Sandales en Cuir Noir Chic Femme","isPartOf":{"@id":"https:\/\/www.venisecollection.com\/fr#website"},"primaryImageOfPage":{"@id":"https:\/\/www.venisecollection.com\/fr\/shop\/women\/sandale\/710-nappa-nero#primaryimage"},"image":{"@id":"https:\/\/www.venisecollection.com\/fr\/shop\/women\/sandale\/710-nappa-nero#primaryimage"},"thumbnailUrl":"https:\/\/www.venisecollection.com\/cdn\/image-158-1.webp","datePublished":"2026-03-23T13:48:32+00:00","dateModified":"2026-04-24T09:59:13+00:00","breadcrumb":{"@id":"https:\/\/www.venisecollection.com\/fr\/shop\/women\/sandale\/710-nappa-nero#breadcrumb"},"inLanguage":"fr-FR","potentialAction":[{"@type":"ReadAction","target":["https:\/\/www.venisecollection.com\/fr\/shop\/women\/sandale\/710-nappa-nero"]}]},{"@type":"ImageObject","inLanguage":"fr-FR","@id":"https:\/\/www.venisecollection.com\/fr\/shop\/women\/sandale\/710-nappa-nero#primaryimage","url":"https:\/\/www.venisecollection.com\/cdn\/image-158-1.webp","contentUrl":"https:\/\/www.venisecollection.com\/cdn\/image-158-1.webp","width":1280,"height":1588},{"@type":"BreadcrumbList","@id":"https:\/\/www.venisecollection.com\/fr\/shop\/women\/sandale\/710-nappa-nero#breadcrumb","itemListElement":[{"@type":"ListItem","position":1,"name":"Home","item":"https:\/\/www.venisecollection.com\/fr\/boutique"},{"@type":"ListItem","position":2,"name":"Accueil","item":"https:\/\/www.venisecollection.com\/fr\/boutique"},{"@type":"ListItem","position":3,"name":"710 NAPPA NERO"}]},{"@type":"WebSite","@id":"https:\/\/www.venisecollection.com\/fr#website","url":"https:\/\/www.venisecollection.com\/fr","name":"VENISE COLLECTION","description":"","publisher":{"@id":"https:\/\/www.venisecollection.com\/fr#organization"},"potentialAction":[{"@type":"SearchAction","target":{"@type":"EntryPoint","urlTemplate":"https:\/\/www.venisecollection.com\/fr?s={search_term_string}"},"query-input":{"@type":"PropertyValueSpecification","valueRequired":true,"valueName":"search_term_string"}}],"inLanguage":"fr-FR"},{"@type":"Organization","@id":"https:\/\/www.venisecollection.com\/fr#organization","name":"VENISE COLLECTION","url":"https:\/\/www.venisecollection.com\/fr","logo":{"@type":"ImageObject","inLanguage":"fr-FR","@id":"https:\/\/www.venisecollection.com\/fr#\/schema\/logo\/image\/","url":"https:\/\/www.venisecollection.com\/cdn\/seo.png","contentUrl":"https:\/\/www.venisecollection.com\/cdn\/seo.png","width":1080,"height":1080,"caption":"VENISE COLLECTION"},"image":{"@id":"https:\/\/www.venisecollection.com\/fr#\/schema\/logo\/image\/"},"sameAs":["https:\/\/www.instagram.com\/venisecollection\/","https:\/\/fr.pinterest.com\/venisecollection\/"]}]}},"_links":{"self":[{"href":"https:\/\/www.venisecollection.com\/fr\/wp-json\/wp\/v2\/product\/22234","targetHints":{"allow":["GET"]}}],"collection":[{"href":"https:\/\/www.venisecollection.com\/fr\/wp-json\/wp\/v2\/product"}],"about":[{"href":"https:\/\/www.venisecollection.com\/fr\/wp-json\/wp\/v2\/types\/product"}],"wp:featuredmedia":[{"embeddable":true,"href":"https:\/\/www.venisecollection.com\/fr\/wp-json\/wp\/v2\/media\/22267"}],"wp:attachment":[{"href":"https:\/\/www.venisecollection.com\/fr\/wp-json\/wp\/v2\/media?parent=22234"}],"wp:term":[{"taxonomy":"product_brand","embeddable":true,"href":"https:\/\/www.venisecollection.com\/fr\/wp-json\/wp\/v2\/product_brand?post=22234"},{"taxonomy":"product_cat","embeddable":true,"href":"https:\/\/www.venisecollection.com\/fr\/wp-json\/wp\/v2\/product_cat?post=22234"},{"taxonomy":"product_tag","embeddable":true,"href":"https:\/\/www.venisecollection.com\/fr\/wp-json\/wp\/v2\/product_tag?post=22234"}],"curies":[{"name":"wp","href":"https:\/\/api.w.org\/{rel}","templated":true}]}}