{"id":22378,"date":"2026-03-23T16:05:47","date_gmt":"2026-03-23T16:05:47","guid":{"rendered":"https:\/\/www.venisecollection.com\/?post_type=product&#038;p=22378"},"modified":"2026-03-23T16:17:35","modified_gmt":"2026-03-23T16:17:35","slug":"608-berg-wash-white-milk","status":"publish","type":"product","link":"https:\/\/www.venisecollection.com\/fr\/shop\/women\/sandale\/608-berg-wash-white-milk","title":{"rendered":"608 BERG WASH WHITE MILK"},"content":{"rendered":"<p data-path-to-node=\"8\">D\u00e9couvrez l&rsquo;\u00e9l\u00e9gance intemporelle avec la <b data-path-to-node=\"8\" data-index-in-node=\"330\">Sandale 608 BERG WASH WHITE MILK<\/b> de VENISE COLLECTION. Ces sandales pour femmes, magnifiquement travaill\u00e9es, pr\u00e9sentent un design unique de lani\u00e8res entrecrois\u00e9es aux courbes gracieuses qui habillent \u00e9l\u00e9gamment le pied. Le cuir de qualit\u00e9 sup\u00e9rieure arbore une superbe finition lumineuse et textur\u00e9e, offrant un reflet subtil et sophistiqu\u00e9.<\/p>\n<p data-path-to-node=\"9\">Con\u00e7u pour allier style et confort, ce mod\u00e8le comprend un bout carr\u00e9 moderne et un talon bloc mi-haut tr\u00e8s stable. Ferm\u00e9es par une bride arri\u00e8re r\u00e9glable et une d\u00e9licate boucle dor\u00e9e, elles sont le m\u00e9lange parfait entre charme vintage et mode contemporaine. Id\u00e9ales pour les mariages, les r\u00e9ceptions estivales ou pour sublimer votre garde-robe de jour chic.<\/p>\n","protected":false},"excerpt":{"rendered":"<p>D\u00e9couvrez l&rsquo;\u00e9l\u00e9gance intemporelle avec la Sandale 608 BERG WASH WHITE MILK de VENISE COLLECTION. Ces sandales pour femmes, magnifiquement travaill\u00e9es, pr\u00e9sentent un design unique de lani\u00e8res entrecrois\u00e9es aux courbes gracieuses qui habillent \u00e9l\u00e9gamment le pied. Le cuir de qualit\u00e9 sup\u00e9rieure arbore une superbe finition lumineuse et textur\u00e9e, offrant un reflet subtil et sophistiqu\u00e9. Con\u00e7u pour &hellip;<\/p>\n","protected":false},"featured_media":22401,"template":"","meta":[],"product_brand":[356],"product_cat":[331],"product_tag":[],"class_list":{"0":"post-22378","1":"product","2":"type-product","3":"status-publish","4":"has-post-thumbnail","6":"product_brand-venise-collection","7":"product_cat-sandale","9":"first","10":"instock","11":"shipping-taxable","12":"purchasable","13":"product-type-variable"},"yoast_head":"<!-- This site is optimized with the Yoast SEO plugin v27.5 - https:\/\/yoast.com\/product\/yoast-seo-wordpress\/ -->\n<title>Sandales \u00c9l\u00e9gantes \u00e0 Brides<\/title>\n<meta name=\"robots\" content=\"index, follow, max-snippet:-1, max-image-preview:large, max-video-preview:-1\" \/>\n<link rel=\"canonical\" href=\"https:\/\/www.venisecollection.com\/fr\/shop\/women\/sandale\/608-berg-wash-white-milk\" \/>\n<meta property=\"og:locale\" content=\"fr_FR\" \/>\n<meta property=\"og:type\" content=\"article\" \/>\n<meta property=\"og:title\" content=\"Sandales \u00c9l\u00e9gantes \u00e0 Brides\" \/>\n<meta property=\"og:description\" content=\"D\u00e9couvrez l&rsquo;\u00e9l\u00e9gance intemporelle avec la Sandale 608 BERG WASH WHITE MILK de VENISE COLLECTION. Ces sandales pour femmes, magnifiquement travaill\u00e9es, pr\u00e9sentent un design unique de lani\u00e8res entrecrois\u00e9es aux courbes gracieuses qui habillent \u00e9l\u00e9gamment le pied. Le cuir de qualit\u00e9 sup\u00e9rieure arbore une superbe finition lumineuse et textur\u00e9e, offrant un reflet subtil et sophistiqu\u00e9. Con\u00e7u pour &hellip;\" \/>\n<meta property=\"og:url\" content=\"https:\/\/www.venisecollection.com\/fr\/shop\/women\/sandale\/608-berg-wash-white-milk\" \/>\n<meta property=\"og:site_name\" content=\"VENISE COLLECTION\" \/>\n<meta property=\"article:modified_time\" content=\"2026-03-23T16:17:35+00:00\" \/>\n<meta property=\"og:image\" content=\"https:\/\/www.venisecollection.com\/cdn\/image-162-8.webp\" \/>\n\t<meta property=\"og:image:width\" content=\"1280\" \/>\n\t<meta property=\"og:image:height\" content=\"1588\" \/>\n\t<meta property=\"og:image:type\" content=\"image\/webp\" \/>\n<meta name=\"twitter:card\" content=\"summary_large_image\" \/>\n<meta name=\"twitter:label1\" content=\"Dur\u00e9e de lecture estim\u00e9e\" \/>\n\t<meta name=\"twitter:data1\" content=\"1 minute\" \/>\n<script type=\"application\/ld+json\" class=\"yoast-schema-graph\">{\"@context\":\"https:\\\/\\\/schema.org\",\"@graph\":[{\"@type\":\"WebPage\",\"@id\":\"https:\\\/\\\/www.venisecollection.com\\\/fr\\\/shop\\\/women\\\/sandale\\\/608-berg-wash-white-milk\",\"url\":\"https:\\\/\\\/www.venisecollection.com\\\/fr\\\/shop\\\/women\\\/sandale\\\/608-berg-wash-white-milk\",\"name\":\"Sandales \u00c9l\u00e9gantes \u00e0 Brides\",\"isPartOf\":{\"@id\":\"https:\\\/\\\/www.venisecollection.com\\\/fr#website\"},\"primaryImageOfPage\":{\"@id\":\"https:\\\/\\\/www.venisecollection.com\\\/fr\\\/shop\\\/women\\\/sandale\\\/608-berg-wash-white-milk#primaryimage\"},\"image\":{\"@id\":\"https:\\\/\\\/www.venisecollection.com\\\/fr\\\/shop\\\/women\\\/sandale\\\/608-berg-wash-white-milk#primaryimage\"},\"thumbnailUrl\":\"https:\\\/\\\/www.venisecollection.com\\\/cdn\\\/image-162-8.webp\",\"datePublished\":\"2026-03-23T16:05:47+00:00\",\"dateModified\":\"2026-03-23T16:17:35+00:00\",\"breadcrumb\":{\"@id\":\"https:\\\/\\\/www.venisecollection.com\\\/fr\\\/shop\\\/women\\\/sandale\\\/608-berg-wash-white-milk#breadcrumb\"},\"inLanguage\":\"fr-FR\",\"potentialAction\":[{\"@type\":\"ReadAction\",\"target\":[\"https:\\\/\\\/www.venisecollection.com\\\/fr\\\/shop\\\/women\\\/sandale\\\/608-berg-wash-white-milk\"]}]},{\"@type\":\"ImageObject\",\"inLanguage\":\"fr-FR\",\"@id\":\"https:\\\/\\\/www.venisecollection.com\\\/fr\\\/shop\\\/women\\\/sandale\\\/608-berg-wash-white-milk#primaryimage\",\"url\":\"https:\\\/\\\/www.venisecollection.com\\\/cdn\\\/image-162-8.webp\",\"contentUrl\":\"https:\\\/\\\/www.venisecollection.com\\\/cdn\\\/image-162-8.webp\",\"width\":1280,\"height\":1588},{\"@type\":\"BreadcrumbList\",\"@id\":\"https:\\\/\\\/www.venisecollection.com\\\/fr\\\/shop\\\/women\\\/sandale\\\/608-berg-wash-white-milk#breadcrumb\",\"itemListElement\":[{\"@type\":\"ListItem\",\"position\":1,\"name\":\"Home\",\"item\":\"https:\\\/\\\/www.venisecollection.com\\\/fr\\\/boutique\"},{\"@type\":\"ListItem\",\"position\":2,\"name\":\"Accueil\",\"item\":\"https:\\\/\\\/www.venisecollection.com\\\/fr\\\/boutique\"},{\"@type\":\"ListItem\",\"position\":3,\"name\":\"608 BERG WASH WHITE MILK\"}]},{\"@type\":\"WebSite\",\"@id\":\"https:\\\/\\\/www.venisecollection.com\\\/fr#website\",\"url\":\"https:\\\/\\\/www.venisecollection.com\\\/fr\",\"name\":\"VENISE COLLECTION\",\"description\":\"\",\"publisher\":{\"@id\":\"https:\\\/\\\/www.venisecollection.com\\\/fr#organization\"},\"potentialAction\":[{\"@type\":\"SearchAction\",\"target\":{\"@type\":\"EntryPoint\",\"urlTemplate\":\"https:\\\/\\\/www.venisecollection.com\\\/fr?s={search_term_string}\"},\"query-input\":{\"@type\":\"PropertyValueSpecification\",\"valueRequired\":true,\"valueName\":\"search_term_string\"}}],\"inLanguage\":\"fr-FR\"},{\"@type\":\"Organization\",\"@id\":\"https:\\\/\\\/www.venisecollection.com\\\/fr#organization\",\"name\":\"VENISE COLLECTION\",\"url\":\"https:\\\/\\\/www.venisecollection.com\\\/fr\",\"logo\":{\"@type\":\"ImageObject\",\"inLanguage\":\"fr-FR\",\"@id\":\"https:\\\/\\\/www.venisecollection.com\\\/fr#\\\/schema\\\/logo\\\/image\\\/\",\"url\":\"https:\\\/\\\/www.venisecollection.com\\\/cdn\\\/seo.png\",\"contentUrl\":\"https:\\\/\\\/www.venisecollection.com\\\/cdn\\\/seo.png\",\"width\":1080,\"height\":1080,\"caption\":\"VENISE COLLECTION\"},\"image\":{\"@id\":\"https:\\\/\\\/www.venisecollection.com\\\/fr#\\\/schema\\\/logo\\\/image\\\/\"},\"sameAs\":[\"https:\\\/\\\/www.instagram.com\\\/venisecollection\\\/\",\"https:\\\/\\\/fr.pinterest.com\\\/venisecollection\\\/\"]}]}<\/script>\n<!-- \/ Yoast SEO plugin. -->","yoast_head_json":{"title":"Sandales \u00c9l\u00e9gantes \u00e0 Brides","robots":{"index":"index","follow":"follow","max-snippet":"max-snippet:-1","max-image-preview":"max-image-preview:large","max-video-preview":"max-video-preview:-1"},"canonical":"https:\/\/www.venisecollection.com\/fr\/shop\/women\/sandale\/608-berg-wash-white-milk","og_locale":"fr_FR","og_type":"article","og_title":"Sandales \u00c9l\u00e9gantes \u00e0 Brides","og_description":"D\u00e9couvrez l&rsquo;\u00e9l\u00e9gance intemporelle avec la Sandale 608 BERG WASH WHITE MILK de VENISE COLLECTION. Ces sandales pour femmes, magnifiquement travaill\u00e9es, pr\u00e9sentent un design unique de lani\u00e8res entrecrois\u00e9es aux courbes gracieuses qui habillent \u00e9l\u00e9gamment le pied. Le cuir de qualit\u00e9 sup\u00e9rieure arbore une superbe finition lumineuse et textur\u00e9e, offrant un reflet subtil et sophistiqu\u00e9. Con\u00e7u pour &hellip;","og_url":"https:\/\/www.venisecollection.com\/fr\/shop\/women\/sandale\/608-berg-wash-white-milk","og_site_name":"VENISE COLLECTION","article_modified_time":"2026-03-23T16:17:35+00:00","og_image":[{"width":1280,"height":1588,"url":"https:\/\/www.venisecollection.com\/cdn\/image-162-8.webp","type":"image\/webp"}],"twitter_card":"summary_large_image","twitter_misc":{"Dur\u00e9e de lecture estim\u00e9e":"1 minute"},"schema":{"@context":"https:\/\/schema.org","@graph":[{"@type":"WebPage","@id":"https:\/\/www.venisecollection.com\/fr\/shop\/women\/sandale\/608-berg-wash-white-milk","url":"https:\/\/www.venisecollection.com\/fr\/shop\/women\/sandale\/608-berg-wash-white-milk","name":"Sandales \u00c9l\u00e9gantes \u00e0 Brides","isPartOf":{"@id":"https:\/\/www.venisecollection.com\/fr#website"},"primaryImageOfPage":{"@id":"https:\/\/www.venisecollection.com\/fr\/shop\/women\/sandale\/608-berg-wash-white-milk#primaryimage"},"image":{"@id":"https:\/\/www.venisecollection.com\/fr\/shop\/women\/sandale\/608-berg-wash-white-milk#primaryimage"},"thumbnailUrl":"https:\/\/www.venisecollection.com\/cdn\/image-162-8.webp","datePublished":"2026-03-23T16:05:47+00:00","dateModified":"2026-03-23T16:17:35+00:00","breadcrumb":{"@id":"https:\/\/www.venisecollection.com\/fr\/shop\/women\/sandale\/608-berg-wash-white-milk#breadcrumb"},"inLanguage":"fr-FR","potentialAction":[{"@type":"ReadAction","target":["https:\/\/www.venisecollection.com\/fr\/shop\/women\/sandale\/608-berg-wash-white-milk"]}]},{"@type":"ImageObject","inLanguage":"fr-FR","@id":"https:\/\/www.venisecollection.com\/fr\/shop\/women\/sandale\/608-berg-wash-white-milk#primaryimage","url":"https:\/\/www.venisecollection.com\/cdn\/image-162-8.webp","contentUrl":"https:\/\/www.venisecollection.com\/cdn\/image-162-8.webp","width":1280,"height":1588},{"@type":"BreadcrumbList","@id":"https:\/\/www.venisecollection.com\/fr\/shop\/women\/sandale\/608-berg-wash-white-milk#breadcrumb","itemListElement":[{"@type":"ListItem","position":1,"name":"Home","item":"https:\/\/www.venisecollection.com\/fr\/boutique"},{"@type":"ListItem","position":2,"name":"Accueil","item":"https:\/\/www.venisecollection.com\/fr\/boutique"},{"@type":"ListItem","position":3,"name":"608 BERG WASH WHITE MILK"}]},{"@type":"WebSite","@id":"https:\/\/www.venisecollection.com\/fr#website","url":"https:\/\/www.venisecollection.com\/fr","name":"VENISE COLLECTION","description":"","publisher":{"@id":"https:\/\/www.venisecollection.com\/fr#organization"},"potentialAction":[{"@type":"SearchAction","target":{"@type":"EntryPoint","urlTemplate":"https:\/\/www.venisecollection.com\/fr?s={search_term_string}"},"query-input":{"@type":"PropertyValueSpecification","valueRequired":true,"valueName":"search_term_string"}}],"inLanguage":"fr-FR"},{"@type":"Organization","@id":"https:\/\/www.venisecollection.com\/fr#organization","name":"VENISE COLLECTION","url":"https:\/\/www.venisecollection.com\/fr","logo":{"@type":"ImageObject","inLanguage":"fr-FR","@id":"https:\/\/www.venisecollection.com\/fr#\/schema\/logo\/image\/","url":"https:\/\/www.venisecollection.com\/cdn\/seo.png","contentUrl":"https:\/\/www.venisecollection.com\/cdn\/seo.png","width":1080,"height":1080,"caption":"VENISE COLLECTION"},"image":{"@id":"https:\/\/www.venisecollection.com\/fr#\/schema\/logo\/image\/"},"sameAs":["https:\/\/www.instagram.com\/venisecollection\/","https:\/\/fr.pinterest.com\/venisecollection\/"]}]}},"_links":{"self":[{"href":"https:\/\/www.venisecollection.com\/fr\/wp-json\/wp\/v2\/product\/22378","targetHints":{"allow":["GET"]}}],"collection":[{"href":"https:\/\/www.venisecollection.com\/fr\/wp-json\/wp\/v2\/product"}],"about":[{"href":"https:\/\/www.venisecollection.com\/fr\/wp-json\/wp\/v2\/types\/product"}],"wp:featuredmedia":[{"embeddable":true,"href":"https:\/\/www.venisecollection.com\/fr\/wp-json\/wp\/v2\/media\/22401"}],"wp:attachment":[{"href":"https:\/\/www.venisecollection.com\/fr\/wp-json\/wp\/v2\/media?parent=22378"}],"wp:term":[{"taxonomy":"product_brand","embeddable":true,"href":"https:\/\/www.venisecollection.com\/fr\/wp-json\/wp\/v2\/product_brand?post=22378"},{"taxonomy":"product_cat","embeddable":true,"href":"https:\/\/www.venisecollection.com\/fr\/wp-json\/wp\/v2\/product_cat?post=22378"},{"taxonomy":"product_tag","embeddable":true,"href":"https:\/\/www.venisecollection.com\/fr\/wp-json\/wp\/v2\/product_tag?post=22378"}],"curies":[{"name":"wp","href":"https:\/\/api.w.org\/{rel}","templated":true}]}}