{"id":22510,"date":"2026-03-24T16:44:16","date_gmt":"2026-03-24T16:44:16","guid":{"rendered":"https:\/\/www.venisecollection.com\/?post_type=product&#038;p=22510"},"modified":"2026-05-08T09:09:57","modified_gmt":"2026-05-08T09:09:57","slug":"ss26-kill-bill-silver","status":"publish","type":"product","link":"https:\/\/www.venisecollection.com\/fr\/shop\/women\/sneakers-fr\/ss26-kill-bill-silver","title":{"rendered":"SS26 KILL BILL SILVER"},"content":{"rendered":"<p data-path-to-node=\"8\">Affirmez votre style avec la <b data-path-to-node=\"8\" data-index-in-node=\"291\">basket KillBill Silver<\/b> sign\u00e9e <b data-path-to-node=\"8\" data-index-in-node=\"321\">ASH<\/b>. Reprenant la silhouette classique de la chaussure de course r\u00e9tro pour la revisiter avec une touche futuriste, ces baskets pour femme sont confectionn\u00e9es dans un cuir m\u00e9tallis\u00e9 argent\u00e9 captivant. L&#8217;empeigne lumineuse est magnifiquement soulign\u00e9e par les surpiq\u00fbres g\u00e9om\u00e9triques embl\u00e9matiques, m\u00ealant parfaitement design vintage et esprit streetwear contemporain.<\/p>\n<p data-path-to-node=\"9\">Ce mod\u00e8le est dot\u00e9 d&rsquo;\u00e9pais lacets tress\u00e9s \u00e9crus qui s&rsquo;accordent \u00e0 merveille avec l&#8217;empi\u00e8cement en cuir doux beige au talon, cr\u00e9ant une palette de couleurs tr\u00e8s sophistiqu\u00e9e. Con\u00e7u pour un confort optimal tout au long de la journ\u00e9e, l&rsquo;int\u00e9rieur pr\u00e9sente une doublure en tissu respirant et une semelle int\u00e9rieure en cuir de premi\u00e8re qualit\u00e9. Reposant sur une semelle en caoutchouc clair d&rsquo;une hauteur confortable de 2 cm et arborant le logo ASH, ces baskets sont id\u00e9ales pour apporter une touche de glamour \u00e0 vos tenues d\u00e9contract\u00e9es.<\/p>\n<ul data-path-to-node=\"10\">\n<li>\n<p data-path-to-node=\"10,0,0\"><b data-path-to-node=\"10,0,0\" data-index-in-node=\"0\">Mati\u00e8re:<\/b> Cuir m\u00e9tallis\u00e9 argent\u00e9 ultra-brillant<\/p>\n<\/li>\n<li>\n<p data-path-to-node=\"10,1,0\"><b data-path-to-node=\"10,1,0\" data-index-in-node=\"0\">Doublure et Semelle Int\u00e9rieure:<\/b> Doublure en tissu et semelle int\u00e9rieure en cuir<\/p>\n<\/li>\n<li>\n<p data-path-to-node=\"10,2,0\"><b data-path-to-node=\"10,2,0\" data-index-in-node=\"0\">D\u00e9tails:<\/b> Lacets tress\u00e9s \u00e9crus et talon en cuir doux beige<\/p>\n<\/li>\n<li>\n<p data-path-to-node=\"10,3,0\"><b data-path-to-node=\"10,3,0\" data-index-in-node=\"0\">Semelle Ext\u00e9rieure:<\/b> Caoutchouc r\u00e9sistant de couleur claire<\/p>\n<\/li>\n<li>\n<p data-path-to-node=\"10,4,0\"><b data-path-to-node=\"10,4,0\" data-index-in-node=\"0\">Hauteur du talon:<\/b> 2 cm<\/p>\n<\/li>\n<\/ul>\n","protected":false},"excerpt":{"rendered":"<p>Affirmez votre style avec la basket KillBill Silver sign\u00e9e ASH. Reprenant la silhouette classique de la chaussure de course r\u00e9tro pour la revisiter avec une touche futuriste, ces baskets pour femme sont confectionn\u00e9es dans un cuir m\u00e9tallis\u00e9 argent\u00e9 captivant. L&#8217;empeigne lumineuse est magnifiquement soulign\u00e9e par les surpiq\u00fbres g\u00e9om\u00e9triques embl\u00e9matiques, m\u00ealant parfaitement design vintage et esprit &hellip;<\/p>\n","protected":false},"featured_media":22548,"template":"","meta":[],"product_brand":[390],"product_cat":[106],"product_tag":[],"class_list":{"0":"post-22510","1":"product","2":"type-product","3":"status-publish","4":"has-post-thumbnail","6":"product_brand-ash","7":"product_cat-sneakers-fr","9":"first","10":"instock","11":"shipping-taxable","12":"purchasable","13":"product-type-variable","14":"has-default-attributes"},"yoast_head":"<!-- This site is optimized with the Yoast SEO plugin v27.5 - https:\/\/yoast.com\/product\/yoast-seo-wordpress\/ -->\n<title>Baskets R\u00e9tro M\u00e9tallis\u00e9es Femme - ASH KillBill Silver Sneakers<\/title>\n<meta name=\"robots\" content=\"index, follow, max-snippet:-1, max-image-preview:large, max-video-preview:-1\" \/>\n<link rel=\"canonical\" href=\"https:\/\/www.venisecollection.com\/fr\/shop\/women\/sneakers-fr\/ss26-kill-bill-silver\" \/>\n<meta property=\"og:locale\" content=\"fr_FR\" \/>\n<meta property=\"og:type\" content=\"article\" \/>\n<meta property=\"og:title\" content=\"Baskets R\u00e9tro M\u00e9tallis\u00e9es Femme - ASH KillBill Silver Sneakers\" \/>\n<meta property=\"og:description\" content=\"Affirmez votre style avec la basket KillBill Silver sign\u00e9e ASH. Reprenant la silhouette classique de la chaussure de course r\u00e9tro pour la revisiter avec une touche futuriste, ces baskets pour femme sont confectionn\u00e9es dans un cuir m\u00e9tallis\u00e9 argent\u00e9 captivant. L&#8217;empeigne lumineuse est magnifiquement soulign\u00e9e par les surpiq\u00fbres g\u00e9om\u00e9triques embl\u00e9matiques, m\u00ealant parfaitement design vintage et esprit &hellip;\" \/>\n<meta property=\"og:url\" content=\"https:\/\/www.venisecollection.com\/fr\/shop\/women\/sneakers-fr\/ss26-kill-bill-silver\" \/>\n<meta property=\"og:site_name\" content=\"VENISE COLLECTION\" \/>\n<meta property=\"article:modified_time\" content=\"2026-05-08T09:09:57+00:00\" \/>\n<meta property=\"og:image\" content=\"https:\/\/www.venisecollection.com\/cdn\/image-162-18.webp\" \/>\n\t<meta property=\"og:image:width\" content=\"1280\" \/>\n\t<meta property=\"og:image:height\" content=\"1588\" \/>\n\t<meta property=\"og:image:type\" content=\"image\/webp\" \/>\n<meta name=\"twitter:card\" content=\"summary_large_image\" \/>\n<meta name=\"twitter:label1\" content=\"Dur\u00e9e de lecture estim\u00e9e\" \/>\n\t<meta name=\"twitter:data1\" content=\"1 minute\" \/>\n<script type=\"application\/ld+json\" class=\"yoast-schema-graph\">{\"@context\":\"https:\\\/\\\/schema.org\",\"@graph\":[{\"@type\":\"WebPage\",\"@id\":\"https:\\\/\\\/www.venisecollection.com\\\/fr\\\/shop\\\/women\\\/sneakers-fr\\\/ss26-kill-bill-silver\",\"url\":\"https:\\\/\\\/www.venisecollection.com\\\/fr\\\/shop\\\/women\\\/sneakers-fr\\\/ss26-kill-bill-silver\",\"name\":\"Baskets R\u00e9tro M\u00e9tallis\u00e9es Femme - ASH KillBill Silver Sneakers\",\"isPartOf\":{\"@id\":\"https:\\\/\\\/www.venisecollection.com\\\/fr#website\"},\"primaryImageOfPage\":{\"@id\":\"https:\\\/\\\/www.venisecollection.com\\\/fr\\\/shop\\\/women\\\/sneakers-fr\\\/ss26-kill-bill-silver#primaryimage\"},\"image\":{\"@id\":\"https:\\\/\\\/www.venisecollection.com\\\/fr\\\/shop\\\/women\\\/sneakers-fr\\\/ss26-kill-bill-silver#primaryimage\"},\"thumbnailUrl\":\"https:\\\/\\\/www.venisecollection.com\\\/cdn\\\/image-162-18.webp\",\"datePublished\":\"2026-03-24T16:44:16+00:00\",\"dateModified\":\"2026-05-08T09:09:57+00:00\",\"breadcrumb\":{\"@id\":\"https:\\\/\\\/www.venisecollection.com\\\/fr\\\/shop\\\/women\\\/sneakers-fr\\\/ss26-kill-bill-silver#breadcrumb\"},\"inLanguage\":\"fr-FR\",\"potentialAction\":[{\"@type\":\"ReadAction\",\"target\":[\"https:\\\/\\\/www.venisecollection.com\\\/fr\\\/shop\\\/women\\\/sneakers-fr\\\/ss26-kill-bill-silver\"]}]},{\"@type\":\"ImageObject\",\"inLanguage\":\"fr-FR\",\"@id\":\"https:\\\/\\\/www.venisecollection.com\\\/fr\\\/shop\\\/women\\\/sneakers-fr\\\/ss26-kill-bill-silver#primaryimage\",\"url\":\"https:\\\/\\\/www.venisecollection.com\\\/cdn\\\/image-162-18.webp\",\"contentUrl\":\"https:\\\/\\\/www.venisecollection.com\\\/cdn\\\/image-162-18.webp\",\"width\":1280,\"height\":1588},{\"@type\":\"BreadcrumbList\",\"@id\":\"https:\\\/\\\/www.venisecollection.com\\\/fr\\\/shop\\\/women\\\/sneakers-fr\\\/ss26-kill-bill-silver#breadcrumb\",\"itemListElement\":[{\"@type\":\"ListItem\",\"position\":1,\"name\":\"Home\",\"item\":\"https:\\\/\\\/www.venisecollection.com\\\/fr\\\/boutique\"},{\"@type\":\"ListItem\",\"position\":2,\"name\":\"Accueil\",\"item\":\"https:\\\/\\\/www.venisecollection.com\\\/fr\\\/boutique\"},{\"@type\":\"ListItem\",\"position\":3,\"name\":\"SS26 KILL BILL SILVER\"}]},{\"@type\":\"WebSite\",\"@id\":\"https:\\\/\\\/www.venisecollection.com\\\/fr#website\",\"url\":\"https:\\\/\\\/www.venisecollection.com\\\/fr\",\"name\":\"VENISE COLLECTION\",\"description\":\"\",\"publisher\":{\"@id\":\"https:\\\/\\\/www.venisecollection.com\\\/fr#organization\"},\"potentialAction\":[{\"@type\":\"SearchAction\",\"target\":{\"@type\":\"EntryPoint\",\"urlTemplate\":\"https:\\\/\\\/www.venisecollection.com\\\/fr?s={search_term_string}\"},\"query-input\":{\"@type\":\"PropertyValueSpecification\",\"valueRequired\":true,\"valueName\":\"search_term_string\"}}],\"inLanguage\":\"fr-FR\"},{\"@type\":\"Organization\",\"@id\":\"https:\\\/\\\/www.venisecollection.com\\\/fr#organization\",\"name\":\"VENISE COLLECTION\",\"url\":\"https:\\\/\\\/www.venisecollection.com\\\/fr\",\"logo\":{\"@type\":\"ImageObject\",\"inLanguage\":\"fr-FR\",\"@id\":\"https:\\\/\\\/www.venisecollection.com\\\/fr#\\\/schema\\\/logo\\\/image\\\/\",\"url\":\"https:\\\/\\\/www.venisecollection.com\\\/cdn\\\/seo.png\",\"contentUrl\":\"https:\\\/\\\/www.venisecollection.com\\\/cdn\\\/seo.png\",\"width\":1080,\"height\":1080,\"caption\":\"VENISE COLLECTION\"},\"image\":{\"@id\":\"https:\\\/\\\/www.venisecollection.com\\\/fr#\\\/schema\\\/logo\\\/image\\\/\"},\"sameAs\":[\"https:\\\/\\\/www.instagram.com\\\/venisecollection\\\/\",\"https:\\\/\\\/fr.pinterest.com\\\/venisecollection\\\/\"]}]}<\/script>\n<!-- \/ Yoast SEO plugin. -->","yoast_head_json":{"title":"Baskets R\u00e9tro M\u00e9tallis\u00e9es Femme - ASH KillBill Silver Sneakers","robots":{"index":"index","follow":"follow","max-snippet":"max-snippet:-1","max-image-preview":"max-image-preview:large","max-video-preview":"max-video-preview:-1"},"canonical":"https:\/\/www.venisecollection.com\/fr\/shop\/women\/sneakers-fr\/ss26-kill-bill-silver","og_locale":"fr_FR","og_type":"article","og_title":"Baskets R\u00e9tro M\u00e9tallis\u00e9es Femme - ASH KillBill Silver Sneakers","og_description":"Affirmez votre style avec la basket KillBill Silver sign\u00e9e ASH. Reprenant la silhouette classique de la chaussure de course r\u00e9tro pour la revisiter avec une touche futuriste, ces baskets pour femme sont confectionn\u00e9es dans un cuir m\u00e9tallis\u00e9 argent\u00e9 captivant. L&#8217;empeigne lumineuse est magnifiquement soulign\u00e9e par les surpiq\u00fbres g\u00e9om\u00e9triques embl\u00e9matiques, m\u00ealant parfaitement design vintage et esprit &hellip;","og_url":"https:\/\/www.venisecollection.com\/fr\/shop\/women\/sneakers-fr\/ss26-kill-bill-silver","og_site_name":"VENISE COLLECTION","article_modified_time":"2026-05-08T09:09:57+00:00","og_image":[{"width":1280,"height":1588,"url":"https:\/\/www.venisecollection.com\/cdn\/image-162-18.webp","type":"image\/webp"}],"twitter_card":"summary_large_image","twitter_misc":{"Dur\u00e9e de lecture estim\u00e9e":"1 minute"},"schema":{"@context":"https:\/\/schema.org","@graph":[{"@type":"WebPage","@id":"https:\/\/www.venisecollection.com\/fr\/shop\/women\/sneakers-fr\/ss26-kill-bill-silver","url":"https:\/\/www.venisecollection.com\/fr\/shop\/women\/sneakers-fr\/ss26-kill-bill-silver","name":"Baskets R\u00e9tro M\u00e9tallis\u00e9es Femme - ASH KillBill Silver Sneakers","isPartOf":{"@id":"https:\/\/www.venisecollection.com\/fr#website"},"primaryImageOfPage":{"@id":"https:\/\/www.venisecollection.com\/fr\/shop\/women\/sneakers-fr\/ss26-kill-bill-silver#primaryimage"},"image":{"@id":"https:\/\/www.venisecollection.com\/fr\/shop\/women\/sneakers-fr\/ss26-kill-bill-silver#primaryimage"},"thumbnailUrl":"https:\/\/www.venisecollection.com\/cdn\/image-162-18.webp","datePublished":"2026-03-24T16:44:16+00:00","dateModified":"2026-05-08T09:09:57+00:00","breadcrumb":{"@id":"https:\/\/www.venisecollection.com\/fr\/shop\/women\/sneakers-fr\/ss26-kill-bill-silver#breadcrumb"},"inLanguage":"fr-FR","potentialAction":[{"@type":"ReadAction","target":["https:\/\/www.venisecollection.com\/fr\/shop\/women\/sneakers-fr\/ss26-kill-bill-silver"]}]},{"@type":"ImageObject","inLanguage":"fr-FR","@id":"https:\/\/www.venisecollection.com\/fr\/shop\/women\/sneakers-fr\/ss26-kill-bill-silver#primaryimage","url":"https:\/\/www.venisecollection.com\/cdn\/image-162-18.webp","contentUrl":"https:\/\/www.venisecollection.com\/cdn\/image-162-18.webp","width":1280,"height":1588},{"@type":"BreadcrumbList","@id":"https:\/\/www.venisecollection.com\/fr\/shop\/women\/sneakers-fr\/ss26-kill-bill-silver#breadcrumb","itemListElement":[{"@type":"ListItem","position":1,"name":"Home","item":"https:\/\/www.venisecollection.com\/fr\/boutique"},{"@type":"ListItem","position":2,"name":"Accueil","item":"https:\/\/www.venisecollection.com\/fr\/boutique"},{"@type":"ListItem","position":3,"name":"SS26 KILL BILL SILVER"}]},{"@type":"WebSite","@id":"https:\/\/www.venisecollection.com\/fr#website","url":"https:\/\/www.venisecollection.com\/fr","name":"VENISE COLLECTION","description":"","publisher":{"@id":"https:\/\/www.venisecollection.com\/fr#organization"},"potentialAction":[{"@type":"SearchAction","target":{"@type":"EntryPoint","urlTemplate":"https:\/\/www.venisecollection.com\/fr?s={search_term_string}"},"query-input":{"@type":"PropertyValueSpecification","valueRequired":true,"valueName":"search_term_string"}}],"inLanguage":"fr-FR"},{"@type":"Organization","@id":"https:\/\/www.venisecollection.com\/fr#organization","name":"VENISE COLLECTION","url":"https:\/\/www.venisecollection.com\/fr","logo":{"@type":"ImageObject","inLanguage":"fr-FR","@id":"https:\/\/www.venisecollection.com\/fr#\/schema\/logo\/image\/","url":"https:\/\/www.venisecollection.com\/cdn\/seo.png","contentUrl":"https:\/\/www.venisecollection.com\/cdn\/seo.png","width":1080,"height":1080,"caption":"VENISE COLLECTION"},"image":{"@id":"https:\/\/www.venisecollection.com\/fr#\/schema\/logo\/image\/"},"sameAs":["https:\/\/www.instagram.com\/venisecollection\/","https:\/\/fr.pinterest.com\/venisecollection\/"]}]}},"_links":{"self":[{"href":"https:\/\/www.venisecollection.com\/fr\/wp-json\/wp\/v2\/product\/22510","targetHints":{"allow":["GET"]}}],"collection":[{"href":"https:\/\/www.venisecollection.com\/fr\/wp-json\/wp\/v2\/product"}],"about":[{"href":"https:\/\/www.venisecollection.com\/fr\/wp-json\/wp\/v2\/types\/product"}],"wp:featuredmedia":[{"embeddable":true,"href":"https:\/\/www.venisecollection.com\/fr\/wp-json\/wp\/v2\/media\/22548"}],"wp:attachment":[{"href":"https:\/\/www.venisecollection.com\/fr\/wp-json\/wp\/v2\/media?parent=22510"}],"wp:term":[{"taxonomy":"product_brand","embeddable":true,"href":"https:\/\/www.venisecollection.com\/fr\/wp-json\/wp\/v2\/product_brand?post=22510"},{"taxonomy":"product_cat","embeddable":true,"href":"https:\/\/www.venisecollection.com\/fr\/wp-json\/wp\/v2\/product_cat?post=22510"},{"taxonomy":"product_tag","embeddable":true,"href":"https:\/\/www.venisecollection.com\/fr\/wp-json\/wp\/v2\/product_tag?post=22510"}],"curies":[{"name":"wp","href":"https:\/\/api.w.org\/{rel}","templated":true}]}}