{"id":22569,"date":"2026-03-24T17:17:58","date_gmt":"2026-03-24T17:17:58","guid":{"rendered":"https:\/\/www.venisecollection.com\/?post_type=product&#038;p=22569"},"modified":"2026-03-24T17:23:15","modified_gmt":"2026-03-24T17:23:15","slug":"ss26-panic-marsala","status":"publish","type":"product","link":"https:\/\/www.venisecollection.com\/fr\/shop\/women\/sandale\/ss26-panic-marsala","title":{"rendered":"SS26 PANIC MARSALA"},"content":{"rendered":"<p data-path-to-node=\"8\">Lib\u00e9rez votre esprit boh\u00e8me avec les <b data-path-to-node=\"8\" data-index-in-node=\"287\">sandales Panic Marlasa<\/b> de <b data-path-to-node=\"8\" data-index-in-node=\"313\">ASH<\/b>. Confectionn\u00e9es avec soin en 100% daim de mouton de qualit\u00e9 sup\u00e9rieure dans une riche teinte bordeaux profond, ces sandales plates sont la pi\u00e8ce ma\u00eetresse de votre garde-robe estivale. Le design s&rsquo;inspire de la silhouette spartiate, richement orn\u00e9 de franges en cascade et de d\u00e9licats clous dor\u00e9s nou\u00e9s au centre, cr\u00e9ant un mouvement magnifique \u00e0 chaque pas.<\/p>\n<p data-path-to-node=\"9\">Con\u00e7ues pour un confort tout au long de la journ\u00e9e, elles sont dot\u00e9es d&rsquo;une doublure en cuir lisse tr\u00e8s agr\u00e9able. Le petit talon de 0,75 pouce et la semelle ext\u00e9rieure en caoutchouc durable offrent un excellent maintien. Ferm\u00e9es par une bride de cheville s\u00e9curis\u00e9e (dot\u00e9e de clous et d&rsquo;inserts \u00e9lastiques pour plus de praticit\u00e9), ces sandales se marient parfaitement avec des robes longues fluides, des jupes en lin ou vos shorts d&rsquo;\u00e9t\u00e9 pr\u00e9f\u00e9r\u00e9s.<\/p>\n<ul data-path-to-node=\"10\">\n<li>\n<p data-path-to-node=\"10,0,0\"><b data-path-to-node=\"10,0,0\" data-index-in-node=\"0\">Mati\u00e8re Principale:<\/b> 100% Daim de Mouton<\/p>\n<\/li>\n<li>\n<p data-path-to-node=\"10,1,0\"><b data-path-to-node=\"10,1,0\" data-index-in-node=\"0\">Doublure:<\/b> Cuir<\/p>\n<\/li>\n<li>\n<p data-path-to-node=\"10,2,0\"><b data-path-to-node=\"10,2,0\" data-index-in-node=\"0\">Semelle Ext\u00e9rieure:<\/b> Caoutchouc<\/p>\n<\/li>\n<li>\n<p data-path-to-node=\"10,3,0\"><b data-path-to-node=\"10,3,0\" data-index-in-node=\"0\">Hauteur du Talon:<\/b> 0.75 pouce<\/p>\n<\/li>\n<li>\n<p data-path-to-node=\"10,4,0\"><b data-path-to-node=\"10,4,0\" data-index-in-node=\"0\">D\u00e9tails:<\/b> Franges avec petits clous dor\u00e9s<\/p>\n<\/li>\n<li>\n<p data-path-to-node=\"10,5,0\"><b data-path-to-node=\"10,5,0\" data-index-in-node=\"0\">Fermeture:<\/b> Clous\/\u00c9lastiques (Bride de cheville ajustable)<\/p>\n<\/li>\n<\/ul>\n","protected":false},"excerpt":{"rendered":"<p>Lib\u00e9rez votre esprit boh\u00e8me avec les sandales Panic Marlasa de ASH. Confectionn\u00e9es avec soin en 100% daim de mouton de qualit\u00e9 sup\u00e9rieure dans une riche teinte bordeaux profond, ces sandales plates sont la pi\u00e8ce ma\u00eetresse de votre garde-robe estivale. Le design s&rsquo;inspire de la silhouette spartiate, richement orn\u00e9 de franges en cascade et de d\u00e9licats &hellip;<\/p>\n","protected":false},"featured_media":22615,"template":"","meta":[],"product_brand":[390],"product_cat":[331],"product_tag":[],"class_list":{"0":"post-22569","1":"product","2":"type-product","3":"status-publish","4":"has-post-thumbnail","6":"product_brand-ash","7":"product_cat-sandale","9":"first","10":"instock","11":"shipping-taxable","12":"purchasable","13":"product-type-variable","14":"has-default-attributes"},"yoast_head":"<!-- This site is optimized with the Yoast SEO plugin v27.5 - https:\/\/yoast.com\/product\/yoast-seo-wordpress\/ -->\n<title>Sandales Plates \u00e0 Franges en Daim - ASH Panic Marlasa<\/title>\n<meta name=\"robots\" content=\"index, follow, max-snippet:-1, max-image-preview:large, max-video-preview:-1\" \/>\n<link rel=\"canonical\" href=\"https:\/\/www.venisecollection.com\/fr\/shop\/women\/sandale\/ss26-panic-marsala\" \/>\n<meta property=\"og:locale\" content=\"fr_FR\" \/>\n<meta property=\"og:type\" content=\"article\" \/>\n<meta property=\"og:title\" content=\"Sandales Plates \u00e0 Franges en Daim - ASH Panic Marlasa\" \/>\n<meta property=\"og:description\" content=\"Lib\u00e9rez votre esprit boh\u00e8me avec les sandales Panic Marlasa de ASH. Confectionn\u00e9es avec soin en 100% daim de mouton de qualit\u00e9 sup\u00e9rieure dans une riche teinte bordeaux profond, ces sandales plates sont la pi\u00e8ce ma\u00eetresse de votre garde-robe estivale. Le design s&rsquo;inspire de la silhouette spartiate, richement orn\u00e9 de franges en cascade et de d\u00e9licats &hellip;\" \/>\n<meta property=\"og:url\" content=\"https:\/\/www.venisecollection.com\/fr\/shop\/women\/sandale\/ss26-panic-marsala\" \/>\n<meta property=\"og:site_name\" content=\"VENISE COLLECTION\" \/>\n<meta property=\"article:modified_time\" content=\"2026-03-24T17:23:15+00:00\" \/>\n<meta property=\"og:image\" content=\"https:\/\/www.venisecollection.com\/cdn\/image-162-23.webp\" \/>\n\t<meta property=\"og:image:width\" content=\"1280\" \/>\n\t<meta property=\"og:image:height\" content=\"1588\" \/>\n\t<meta property=\"og:image:type\" content=\"image\/webp\" \/>\n<meta name=\"twitter:card\" content=\"summary_large_image\" \/>\n<meta name=\"twitter:label1\" content=\"Dur\u00e9e de lecture estim\u00e9e\" \/>\n\t<meta name=\"twitter:data1\" content=\"1 minute\" \/>\n<script type=\"application\/ld+json\" class=\"yoast-schema-graph\">{\"@context\":\"https:\\\/\\\/schema.org\",\"@graph\":[{\"@type\":\"WebPage\",\"@id\":\"https:\\\/\\\/www.venisecollection.com\\\/fr\\\/shop\\\/women\\\/sandale\\\/ss26-panic-marsala\",\"url\":\"https:\\\/\\\/www.venisecollection.com\\\/fr\\\/shop\\\/women\\\/sandale\\\/ss26-panic-marsala\",\"name\":\"Sandales Plates \u00e0 Franges en Daim - ASH Panic Marlasa\",\"isPartOf\":{\"@id\":\"https:\\\/\\\/www.venisecollection.com\\\/fr#website\"},\"primaryImageOfPage\":{\"@id\":\"https:\\\/\\\/www.venisecollection.com\\\/fr\\\/shop\\\/women\\\/sandale\\\/ss26-panic-marsala#primaryimage\"},\"image\":{\"@id\":\"https:\\\/\\\/www.venisecollection.com\\\/fr\\\/shop\\\/women\\\/sandale\\\/ss26-panic-marsala#primaryimage\"},\"thumbnailUrl\":\"https:\\\/\\\/www.venisecollection.com\\\/cdn\\\/image-162-23.webp\",\"datePublished\":\"2026-03-24T17:17:58+00:00\",\"dateModified\":\"2026-03-24T17:23:15+00:00\",\"breadcrumb\":{\"@id\":\"https:\\\/\\\/www.venisecollection.com\\\/fr\\\/shop\\\/women\\\/sandale\\\/ss26-panic-marsala#breadcrumb\"},\"inLanguage\":\"fr-FR\",\"potentialAction\":[{\"@type\":\"ReadAction\",\"target\":[\"https:\\\/\\\/www.venisecollection.com\\\/fr\\\/shop\\\/women\\\/sandale\\\/ss26-panic-marsala\"]}]},{\"@type\":\"ImageObject\",\"inLanguage\":\"fr-FR\",\"@id\":\"https:\\\/\\\/www.venisecollection.com\\\/fr\\\/shop\\\/women\\\/sandale\\\/ss26-panic-marsala#primaryimage\",\"url\":\"https:\\\/\\\/www.venisecollection.com\\\/cdn\\\/image-162-23.webp\",\"contentUrl\":\"https:\\\/\\\/www.venisecollection.com\\\/cdn\\\/image-162-23.webp\",\"width\":1280,\"height\":1588},{\"@type\":\"BreadcrumbList\",\"@id\":\"https:\\\/\\\/www.venisecollection.com\\\/fr\\\/shop\\\/women\\\/sandale\\\/ss26-panic-marsala#breadcrumb\",\"itemListElement\":[{\"@type\":\"ListItem\",\"position\":1,\"name\":\"Home\",\"item\":\"https:\\\/\\\/www.venisecollection.com\\\/fr\\\/boutique\"},{\"@type\":\"ListItem\",\"position\":2,\"name\":\"Accueil\",\"item\":\"https:\\\/\\\/www.venisecollection.com\\\/fr\\\/boutique\"},{\"@type\":\"ListItem\",\"position\":3,\"name\":\"SS26 PANIC MARSALA\"}]},{\"@type\":\"WebSite\",\"@id\":\"https:\\\/\\\/www.venisecollection.com\\\/fr#website\",\"url\":\"https:\\\/\\\/www.venisecollection.com\\\/fr\",\"name\":\"VENISE COLLECTION\",\"description\":\"\",\"publisher\":{\"@id\":\"https:\\\/\\\/www.venisecollection.com\\\/fr#organization\"},\"potentialAction\":[{\"@type\":\"SearchAction\",\"target\":{\"@type\":\"EntryPoint\",\"urlTemplate\":\"https:\\\/\\\/www.venisecollection.com\\\/fr?s={search_term_string}\"},\"query-input\":{\"@type\":\"PropertyValueSpecification\",\"valueRequired\":true,\"valueName\":\"search_term_string\"}}],\"inLanguage\":\"fr-FR\"},{\"@type\":\"Organization\",\"@id\":\"https:\\\/\\\/www.venisecollection.com\\\/fr#organization\",\"name\":\"VENISE COLLECTION\",\"url\":\"https:\\\/\\\/www.venisecollection.com\\\/fr\",\"logo\":{\"@type\":\"ImageObject\",\"inLanguage\":\"fr-FR\",\"@id\":\"https:\\\/\\\/www.venisecollection.com\\\/fr#\\\/schema\\\/logo\\\/image\\\/\",\"url\":\"https:\\\/\\\/www.venisecollection.com\\\/cdn\\\/seo.png\",\"contentUrl\":\"https:\\\/\\\/www.venisecollection.com\\\/cdn\\\/seo.png\",\"width\":1080,\"height\":1080,\"caption\":\"VENISE COLLECTION\"},\"image\":{\"@id\":\"https:\\\/\\\/www.venisecollection.com\\\/fr#\\\/schema\\\/logo\\\/image\\\/\"},\"sameAs\":[\"https:\\\/\\\/www.instagram.com\\\/venisecollection\\\/\",\"https:\\\/\\\/fr.pinterest.com\\\/venisecollection\\\/\"]}]}<\/script>\n<!-- \/ Yoast SEO plugin. -->","yoast_head_json":{"title":"Sandales Plates \u00e0 Franges en Daim - ASH Panic Marlasa","robots":{"index":"index","follow":"follow","max-snippet":"max-snippet:-1","max-image-preview":"max-image-preview:large","max-video-preview":"max-video-preview:-1"},"canonical":"https:\/\/www.venisecollection.com\/fr\/shop\/women\/sandale\/ss26-panic-marsala","og_locale":"fr_FR","og_type":"article","og_title":"Sandales Plates \u00e0 Franges en Daim - ASH Panic Marlasa","og_description":"Lib\u00e9rez votre esprit boh\u00e8me avec les sandales Panic Marlasa de ASH. Confectionn\u00e9es avec soin en 100% daim de mouton de qualit\u00e9 sup\u00e9rieure dans une riche teinte bordeaux profond, ces sandales plates sont la pi\u00e8ce ma\u00eetresse de votre garde-robe estivale. Le design s&rsquo;inspire de la silhouette spartiate, richement orn\u00e9 de franges en cascade et de d\u00e9licats &hellip;","og_url":"https:\/\/www.venisecollection.com\/fr\/shop\/women\/sandale\/ss26-panic-marsala","og_site_name":"VENISE COLLECTION","article_modified_time":"2026-03-24T17:23:15+00:00","og_image":[{"width":1280,"height":1588,"url":"https:\/\/www.venisecollection.com\/cdn\/image-162-23.webp","type":"image\/webp"}],"twitter_card":"summary_large_image","twitter_misc":{"Dur\u00e9e de lecture estim\u00e9e":"1 minute"},"schema":{"@context":"https:\/\/schema.org","@graph":[{"@type":"WebPage","@id":"https:\/\/www.venisecollection.com\/fr\/shop\/women\/sandale\/ss26-panic-marsala","url":"https:\/\/www.venisecollection.com\/fr\/shop\/women\/sandale\/ss26-panic-marsala","name":"Sandales Plates \u00e0 Franges en Daim - ASH Panic Marlasa","isPartOf":{"@id":"https:\/\/www.venisecollection.com\/fr#website"},"primaryImageOfPage":{"@id":"https:\/\/www.venisecollection.com\/fr\/shop\/women\/sandale\/ss26-panic-marsala#primaryimage"},"image":{"@id":"https:\/\/www.venisecollection.com\/fr\/shop\/women\/sandale\/ss26-panic-marsala#primaryimage"},"thumbnailUrl":"https:\/\/www.venisecollection.com\/cdn\/image-162-23.webp","datePublished":"2026-03-24T17:17:58+00:00","dateModified":"2026-03-24T17:23:15+00:00","breadcrumb":{"@id":"https:\/\/www.venisecollection.com\/fr\/shop\/women\/sandale\/ss26-panic-marsala#breadcrumb"},"inLanguage":"fr-FR","potentialAction":[{"@type":"ReadAction","target":["https:\/\/www.venisecollection.com\/fr\/shop\/women\/sandale\/ss26-panic-marsala"]}]},{"@type":"ImageObject","inLanguage":"fr-FR","@id":"https:\/\/www.venisecollection.com\/fr\/shop\/women\/sandale\/ss26-panic-marsala#primaryimage","url":"https:\/\/www.venisecollection.com\/cdn\/image-162-23.webp","contentUrl":"https:\/\/www.venisecollection.com\/cdn\/image-162-23.webp","width":1280,"height":1588},{"@type":"BreadcrumbList","@id":"https:\/\/www.venisecollection.com\/fr\/shop\/women\/sandale\/ss26-panic-marsala#breadcrumb","itemListElement":[{"@type":"ListItem","position":1,"name":"Home","item":"https:\/\/www.venisecollection.com\/fr\/boutique"},{"@type":"ListItem","position":2,"name":"Accueil","item":"https:\/\/www.venisecollection.com\/fr\/boutique"},{"@type":"ListItem","position":3,"name":"SS26 PANIC MARSALA"}]},{"@type":"WebSite","@id":"https:\/\/www.venisecollection.com\/fr#website","url":"https:\/\/www.venisecollection.com\/fr","name":"VENISE COLLECTION","description":"","publisher":{"@id":"https:\/\/www.venisecollection.com\/fr#organization"},"potentialAction":[{"@type":"SearchAction","target":{"@type":"EntryPoint","urlTemplate":"https:\/\/www.venisecollection.com\/fr?s={search_term_string}"},"query-input":{"@type":"PropertyValueSpecification","valueRequired":true,"valueName":"search_term_string"}}],"inLanguage":"fr-FR"},{"@type":"Organization","@id":"https:\/\/www.venisecollection.com\/fr#organization","name":"VENISE COLLECTION","url":"https:\/\/www.venisecollection.com\/fr","logo":{"@type":"ImageObject","inLanguage":"fr-FR","@id":"https:\/\/www.venisecollection.com\/fr#\/schema\/logo\/image\/","url":"https:\/\/www.venisecollection.com\/cdn\/seo.png","contentUrl":"https:\/\/www.venisecollection.com\/cdn\/seo.png","width":1080,"height":1080,"caption":"VENISE COLLECTION"},"image":{"@id":"https:\/\/www.venisecollection.com\/fr#\/schema\/logo\/image\/"},"sameAs":["https:\/\/www.instagram.com\/venisecollection\/","https:\/\/fr.pinterest.com\/venisecollection\/"]}]}},"_links":{"self":[{"href":"https:\/\/www.venisecollection.com\/fr\/wp-json\/wp\/v2\/product\/22569","targetHints":{"allow":["GET"]}}],"collection":[{"href":"https:\/\/www.venisecollection.com\/fr\/wp-json\/wp\/v2\/product"}],"about":[{"href":"https:\/\/www.venisecollection.com\/fr\/wp-json\/wp\/v2\/types\/product"}],"wp:featuredmedia":[{"embeddable":true,"href":"https:\/\/www.venisecollection.com\/fr\/wp-json\/wp\/v2\/media\/22615"}],"wp:attachment":[{"href":"https:\/\/www.venisecollection.com\/fr\/wp-json\/wp\/v2\/media?parent=22569"}],"wp:term":[{"taxonomy":"product_brand","embeddable":true,"href":"https:\/\/www.venisecollection.com\/fr\/wp-json\/wp\/v2\/product_brand?post=22569"},{"taxonomy":"product_cat","embeddable":true,"href":"https:\/\/www.venisecollection.com\/fr\/wp-json\/wp\/v2\/product_cat?post=22569"},{"taxonomy":"product_tag","embeddable":true,"href":"https:\/\/www.venisecollection.com\/fr\/wp-json\/wp\/v2\/product_tag?post=22569"}],"curies":[{"name":"wp","href":"https:\/\/api.w.org\/{rel}","templated":true}]}}