{"id":22639,"date":"2026-03-24T17:44:18","date_gmt":"2026-03-24T17:44:18","guid":{"rendered":"https:\/\/www.venisecollection.com\/?post_type=product&#038;p=22639"},"modified":"2026-04-04T14:46:41","modified_gmt":"2026-04-04T14:46:41","slug":"ss26-play-tajine","status":"publish","type":"product","link":"https:\/\/www.venisecollection.com\/fr\/shop\/women\/sandale\/ss26-play-tajine","title":{"rendered":"SS26 PLAY TAJINE"},"content":{"rendered":"<p data-path-to-node=\"8\">Apportez une touche rock-chic \u00e0 votre garde-robe estivale avec les <b data-path-to-node=\"8\" data-index-in-node=\"331\">sandales ASH PLAY<\/b>. Ces superbes spartiates plates sont confectionn\u00e9es en cuir marron de qualit\u00e9 sup\u00e9rieure avec une finition douce au toucher. Le design est g\u00e9n\u00e9reusement orn\u00e9 de gros clous ronds dor\u00e9s qui parcourent les lani\u00e8res et, d\u00e9tail distinctif, encerclent \u00e9galement la base du talon, garantissant un look remarquable sous tous les angles.<\/p>\n<p data-path-to-node=\"9\">Con\u00e7ues pour allier un style f\u00e9roce \u00e0 un confort haut de gamme, ces sandales disposent de multiples brides de cheville ajustables avec des boucles en laiton vieilli pour un maintien sur mesure. L&rsquo;int\u00e9rieur enti\u00e8rement doubl\u00e9 de cuir et la semelle int\u00e9rieure en cuir souple offrent une excellente respirabilit\u00e9. Reposant sur une semelle en caoutchouc durable avec un talon pratique et subtil de 1,8 cm, la sandale ASH PLAY est la partenaire id\u00e9ale pour sublimer vos shorts en jean, vos tenues de festival ou pour casser le c\u00f4t\u00e9 sage d&rsquo;une robe d&rsquo;\u00e9t\u00e9.<\/p>\n<ul data-path-to-node=\"10\">\n<li>\n<p data-path-to-node=\"10,0,0\"><b data-path-to-node=\"10,0,0\" data-index-in-node=\"0\">Ext\u00e9rieur:<\/b> Cuir marron premium<\/p>\n<\/li>\n<li>\n<p data-path-to-node=\"10,1,0\"><b data-path-to-node=\"10,1,0\" data-index-in-node=\"0\">Doublure et Semelle Int\u00e9rieure:<\/b> 100% Cuir v\u00e9ritable<\/p>\n<\/li>\n<li>\n<p data-path-to-node=\"10,2,0\"><b data-path-to-node=\"10,2,0\" data-index-in-node=\"0\">Semelle Ext\u00e9rieure:<\/b> Caoutchouc r\u00e9sistant<\/p>\n<\/li>\n<li>\n<p data-path-to-node=\"10,3,0\"><b data-path-to-node=\"10,3,0\" data-index-in-node=\"0\">Hauteur du Talon:<\/b> 1,8 cm<\/p>\n<\/li>\n<li>\n<p data-path-to-node=\"10,4,0\"><b data-path-to-node=\"10,4,0\" data-index-in-node=\"0\">D\u00e9tails:<\/b> Silhouette spartiate avec clous dor\u00e9s et fermetures \u00e0 boucles multiples<\/p>\n<\/li>\n<\/ul>\n","protected":false},"excerpt":{"rendered":"<p>Apportez une touche rock-chic \u00e0 votre garde-robe estivale avec les sandales ASH PLAY. Ces superbes spartiates plates sont confectionn\u00e9es en cuir marron de qualit\u00e9 sup\u00e9rieure avec une finition douce au toucher. Le design est g\u00e9n\u00e9reusement orn\u00e9 de gros clous ronds dor\u00e9s qui parcourent les lani\u00e8res et, d\u00e9tail distinctif, encerclent \u00e9galement la base du talon, garantissant &hellip;<\/p>\n","protected":false},"featured_media":22677,"template":"","meta":[],"product_brand":[390],"product_cat":[331],"product_tag":[],"class_list":{"0":"post-22639","1":"product","2":"type-product","3":"status-publish","4":"has-post-thumbnail","6":"product_brand-ash","7":"product_cat-sandale","9":"first","10":"instock","11":"shipping-taxable","12":"purchasable","13":"product-type-variable","14":"has-default-attributes"},"yoast_head":"<!-- This site is optimized with the Yoast SEO plugin v27.5 - https:\/\/yoast.com\/product\/yoast-seo-wordpress\/ -->\n<title>Sandales Spartiates Clout\u00e9es en Cuir Marron - ASH PLAY<\/title>\n<meta name=\"robots\" content=\"index, follow, max-snippet:-1, max-image-preview:large, max-video-preview:-1\" \/>\n<link rel=\"canonical\" href=\"https:\/\/www.venisecollection.com\/fr\/shop\/women\/sandale\/ss26-play-tajine\" \/>\n<meta property=\"og:locale\" content=\"fr_FR\" \/>\n<meta property=\"og:type\" content=\"article\" \/>\n<meta property=\"og:title\" content=\"Sandales Spartiates Clout\u00e9es en Cuir Marron - ASH PLAY\" \/>\n<meta property=\"og:description\" content=\"Apportez une touche rock-chic \u00e0 votre garde-robe estivale avec les sandales ASH PLAY. Ces superbes spartiates plates sont confectionn\u00e9es en cuir marron de qualit\u00e9 sup\u00e9rieure avec une finition douce au toucher. Le design est g\u00e9n\u00e9reusement orn\u00e9 de gros clous ronds dor\u00e9s qui parcourent les lani\u00e8res et, d\u00e9tail distinctif, encerclent \u00e9galement la base du talon, garantissant &hellip;\" \/>\n<meta property=\"og:url\" content=\"https:\/\/www.venisecollection.com\/fr\/shop\/women\/sandale\/ss26-play-tajine\" \/>\n<meta property=\"og:site_name\" content=\"VENISE COLLECTION\" \/>\n<meta property=\"article:modified_time\" content=\"2026-04-04T14:46:41+00:00\" \/>\n<meta property=\"og:image\" content=\"https:\/\/www.venisecollection.com\/cdn\/image-162-29.webp\" \/>\n\t<meta property=\"og:image:width\" content=\"1280\" \/>\n\t<meta property=\"og:image:height\" content=\"1588\" \/>\n\t<meta property=\"og:image:type\" content=\"image\/webp\" \/>\n<meta name=\"twitter:card\" content=\"summary_large_image\" \/>\n<meta name=\"twitter:label1\" content=\"Dur\u00e9e de lecture estim\u00e9e\" \/>\n\t<meta name=\"twitter:data1\" content=\"2 minutes\" \/>\n<script type=\"application\/ld+json\" class=\"yoast-schema-graph\">{\"@context\":\"https:\\\/\\\/schema.org\",\"@graph\":[{\"@type\":\"WebPage\",\"@id\":\"https:\\\/\\\/www.venisecollection.com\\\/fr\\\/shop\\\/women\\\/sandale\\\/ss26-play-tajine\",\"url\":\"https:\\\/\\\/www.venisecollection.com\\\/fr\\\/shop\\\/women\\\/sandale\\\/ss26-play-tajine\",\"name\":\"Sandales Spartiates Clout\u00e9es en Cuir Marron - ASH PLAY\",\"isPartOf\":{\"@id\":\"https:\\\/\\\/www.venisecollection.com\\\/fr#website\"},\"primaryImageOfPage\":{\"@id\":\"https:\\\/\\\/www.venisecollection.com\\\/fr\\\/shop\\\/women\\\/sandale\\\/ss26-play-tajine#primaryimage\"},\"image\":{\"@id\":\"https:\\\/\\\/www.venisecollection.com\\\/fr\\\/shop\\\/women\\\/sandale\\\/ss26-play-tajine#primaryimage\"},\"thumbnailUrl\":\"https:\\\/\\\/www.venisecollection.com\\\/cdn\\\/image-162-29.webp\",\"datePublished\":\"2026-03-24T17:44:18+00:00\",\"dateModified\":\"2026-04-04T14:46:41+00:00\",\"breadcrumb\":{\"@id\":\"https:\\\/\\\/www.venisecollection.com\\\/fr\\\/shop\\\/women\\\/sandale\\\/ss26-play-tajine#breadcrumb\"},\"inLanguage\":\"fr-FR\",\"potentialAction\":[{\"@type\":\"ReadAction\",\"target\":[\"https:\\\/\\\/www.venisecollection.com\\\/fr\\\/shop\\\/women\\\/sandale\\\/ss26-play-tajine\"]}]},{\"@type\":\"ImageObject\",\"inLanguage\":\"fr-FR\",\"@id\":\"https:\\\/\\\/www.venisecollection.com\\\/fr\\\/shop\\\/women\\\/sandale\\\/ss26-play-tajine#primaryimage\",\"url\":\"https:\\\/\\\/www.venisecollection.com\\\/cdn\\\/image-162-29.webp\",\"contentUrl\":\"https:\\\/\\\/www.venisecollection.com\\\/cdn\\\/image-162-29.webp\",\"width\":1280,\"height\":1588},{\"@type\":\"BreadcrumbList\",\"@id\":\"https:\\\/\\\/www.venisecollection.com\\\/fr\\\/shop\\\/women\\\/sandale\\\/ss26-play-tajine#breadcrumb\",\"itemListElement\":[{\"@type\":\"ListItem\",\"position\":1,\"name\":\"Home\",\"item\":\"https:\\\/\\\/www.venisecollection.com\\\/fr\\\/boutique\"},{\"@type\":\"ListItem\",\"position\":2,\"name\":\"Accueil\",\"item\":\"https:\\\/\\\/www.venisecollection.com\\\/fr\\\/boutique\"},{\"@type\":\"ListItem\",\"position\":3,\"name\":\"SS26 PLAY TAJINE\"}]},{\"@type\":\"WebSite\",\"@id\":\"https:\\\/\\\/www.venisecollection.com\\\/fr#website\",\"url\":\"https:\\\/\\\/www.venisecollection.com\\\/fr\",\"name\":\"VENISE COLLECTION\",\"description\":\"\",\"publisher\":{\"@id\":\"https:\\\/\\\/www.venisecollection.com\\\/fr#organization\"},\"potentialAction\":[{\"@type\":\"SearchAction\",\"target\":{\"@type\":\"EntryPoint\",\"urlTemplate\":\"https:\\\/\\\/www.venisecollection.com\\\/fr?s={search_term_string}\"},\"query-input\":{\"@type\":\"PropertyValueSpecification\",\"valueRequired\":true,\"valueName\":\"search_term_string\"}}],\"inLanguage\":\"fr-FR\"},{\"@type\":\"Organization\",\"@id\":\"https:\\\/\\\/www.venisecollection.com\\\/fr#organization\",\"name\":\"VENISE COLLECTION\",\"url\":\"https:\\\/\\\/www.venisecollection.com\\\/fr\",\"logo\":{\"@type\":\"ImageObject\",\"inLanguage\":\"fr-FR\",\"@id\":\"https:\\\/\\\/www.venisecollection.com\\\/fr#\\\/schema\\\/logo\\\/image\\\/\",\"url\":\"https:\\\/\\\/www.venisecollection.com\\\/cdn\\\/seo.png\",\"contentUrl\":\"https:\\\/\\\/www.venisecollection.com\\\/cdn\\\/seo.png\",\"width\":1080,\"height\":1080,\"caption\":\"VENISE COLLECTION\"},\"image\":{\"@id\":\"https:\\\/\\\/www.venisecollection.com\\\/fr#\\\/schema\\\/logo\\\/image\\\/\"},\"sameAs\":[\"https:\\\/\\\/www.instagram.com\\\/venisecollection\\\/\",\"https:\\\/\\\/fr.pinterest.com\\\/venisecollection\\\/\"]}]}<\/script>\n<!-- \/ Yoast SEO plugin. -->","yoast_head_json":{"title":"Sandales Spartiates Clout\u00e9es en Cuir Marron - ASH PLAY","robots":{"index":"index","follow":"follow","max-snippet":"max-snippet:-1","max-image-preview":"max-image-preview:large","max-video-preview":"max-video-preview:-1"},"canonical":"https:\/\/www.venisecollection.com\/fr\/shop\/women\/sandale\/ss26-play-tajine","og_locale":"fr_FR","og_type":"article","og_title":"Sandales Spartiates Clout\u00e9es en Cuir Marron - ASH PLAY","og_description":"Apportez une touche rock-chic \u00e0 votre garde-robe estivale avec les sandales ASH PLAY. Ces superbes spartiates plates sont confectionn\u00e9es en cuir marron de qualit\u00e9 sup\u00e9rieure avec une finition douce au toucher. Le design est g\u00e9n\u00e9reusement orn\u00e9 de gros clous ronds dor\u00e9s qui parcourent les lani\u00e8res et, d\u00e9tail distinctif, encerclent \u00e9galement la base du talon, garantissant &hellip;","og_url":"https:\/\/www.venisecollection.com\/fr\/shop\/women\/sandale\/ss26-play-tajine","og_site_name":"VENISE COLLECTION","article_modified_time":"2026-04-04T14:46:41+00:00","og_image":[{"width":1280,"height":1588,"url":"https:\/\/www.venisecollection.com\/cdn\/image-162-29.webp","type":"image\/webp"}],"twitter_card":"summary_large_image","twitter_misc":{"Dur\u00e9e de lecture estim\u00e9e":"2 minutes"},"schema":{"@context":"https:\/\/schema.org","@graph":[{"@type":"WebPage","@id":"https:\/\/www.venisecollection.com\/fr\/shop\/women\/sandale\/ss26-play-tajine","url":"https:\/\/www.venisecollection.com\/fr\/shop\/women\/sandale\/ss26-play-tajine","name":"Sandales Spartiates Clout\u00e9es en Cuir Marron - ASH PLAY","isPartOf":{"@id":"https:\/\/www.venisecollection.com\/fr#website"},"primaryImageOfPage":{"@id":"https:\/\/www.venisecollection.com\/fr\/shop\/women\/sandale\/ss26-play-tajine#primaryimage"},"image":{"@id":"https:\/\/www.venisecollection.com\/fr\/shop\/women\/sandale\/ss26-play-tajine#primaryimage"},"thumbnailUrl":"https:\/\/www.venisecollection.com\/cdn\/image-162-29.webp","datePublished":"2026-03-24T17:44:18+00:00","dateModified":"2026-04-04T14:46:41+00:00","breadcrumb":{"@id":"https:\/\/www.venisecollection.com\/fr\/shop\/women\/sandale\/ss26-play-tajine#breadcrumb"},"inLanguage":"fr-FR","potentialAction":[{"@type":"ReadAction","target":["https:\/\/www.venisecollection.com\/fr\/shop\/women\/sandale\/ss26-play-tajine"]}]},{"@type":"ImageObject","inLanguage":"fr-FR","@id":"https:\/\/www.venisecollection.com\/fr\/shop\/women\/sandale\/ss26-play-tajine#primaryimage","url":"https:\/\/www.venisecollection.com\/cdn\/image-162-29.webp","contentUrl":"https:\/\/www.venisecollection.com\/cdn\/image-162-29.webp","width":1280,"height":1588},{"@type":"BreadcrumbList","@id":"https:\/\/www.venisecollection.com\/fr\/shop\/women\/sandale\/ss26-play-tajine#breadcrumb","itemListElement":[{"@type":"ListItem","position":1,"name":"Home","item":"https:\/\/www.venisecollection.com\/fr\/boutique"},{"@type":"ListItem","position":2,"name":"Accueil","item":"https:\/\/www.venisecollection.com\/fr\/boutique"},{"@type":"ListItem","position":3,"name":"SS26 PLAY TAJINE"}]},{"@type":"WebSite","@id":"https:\/\/www.venisecollection.com\/fr#website","url":"https:\/\/www.venisecollection.com\/fr","name":"VENISE COLLECTION","description":"","publisher":{"@id":"https:\/\/www.venisecollection.com\/fr#organization"},"potentialAction":[{"@type":"SearchAction","target":{"@type":"EntryPoint","urlTemplate":"https:\/\/www.venisecollection.com\/fr?s={search_term_string}"},"query-input":{"@type":"PropertyValueSpecification","valueRequired":true,"valueName":"search_term_string"}}],"inLanguage":"fr-FR"},{"@type":"Organization","@id":"https:\/\/www.venisecollection.com\/fr#organization","name":"VENISE COLLECTION","url":"https:\/\/www.venisecollection.com\/fr","logo":{"@type":"ImageObject","inLanguage":"fr-FR","@id":"https:\/\/www.venisecollection.com\/fr#\/schema\/logo\/image\/","url":"https:\/\/www.venisecollection.com\/cdn\/seo.png","contentUrl":"https:\/\/www.venisecollection.com\/cdn\/seo.png","width":1080,"height":1080,"caption":"VENISE COLLECTION"},"image":{"@id":"https:\/\/www.venisecollection.com\/fr#\/schema\/logo\/image\/"},"sameAs":["https:\/\/www.instagram.com\/venisecollection\/","https:\/\/fr.pinterest.com\/venisecollection\/"]}]}},"_links":{"self":[{"href":"https:\/\/www.venisecollection.com\/fr\/wp-json\/wp\/v2\/product\/22639","targetHints":{"allow":["GET"]}}],"collection":[{"href":"https:\/\/www.venisecollection.com\/fr\/wp-json\/wp\/v2\/product"}],"about":[{"href":"https:\/\/www.venisecollection.com\/fr\/wp-json\/wp\/v2\/types\/product"}],"wp:featuredmedia":[{"embeddable":true,"href":"https:\/\/www.venisecollection.com\/fr\/wp-json\/wp\/v2\/media\/22677"}],"wp:attachment":[{"href":"https:\/\/www.venisecollection.com\/fr\/wp-json\/wp\/v2\/media?parent=22639"}],"wp:term":[{"taxonomy":"product_brand","embeddable":true,"href":"https:\/\/www.venisecollection.com\/fr\/wp-json\/wp\/v2\/product_brand?post=22639"},{"taxonomy":"product_cat","embeddable":true,"href":"https:\/\/www.venisecollection.com\/fr\/wp-json\/wp\/v2\/product_cat?post=22639"},{"taxonomy":"product_tag","embeddable":true,"href":"https:\/\/www.venisecollection.com\/fr\/wp-json\/wp\/v2\/product_tag?post=22639"}],"curies":[{"name":"wp","href":"https:\/\/api.w.org\/{rel}","templated":true}]}}