{"id":22738,"date":"2026-03-26T15:00:25","date_gmt":"2026-03-26T15:00:25","guid":{"rendered":"https:\/\/www.venisecollection.com\/?post_type=product&#038;p=22738"},"modified":"2026-03-26T15:11:54","modified_gmt":"2026-03-26T15:11:54","slug":"3074-flow-softy-mou-romy","status":"publish","type":"product","link":"https:\/\/www.venisecollection.com\/fr\/shop\/women\/sandale\/3074-flow-softy-mou-romy","title":{"rendered":"3074 FLOW SOFTY MOU ROMY"},"content":{"rendered":"<p data-path-to-node=\"13\">Adoptez l&rsquo;\u00e9l\u00e9gance \u00e0 l&rsquo;italienne avec le mod\u00e8le <b data-path-to-node=\"13\" data-index-in-node=\"331\">3074 FLOW SOFTY MOU ROMY<\/b> de <b data-path-to-node=\"13\" data-index-in-node=\"359\">VENISE COLLECTION<\/b>. Fi\u00e8rement fabriqu\u00e9es en Italie, ces chaussures \u00e0 bride arri\u00e8re (slingback) sont con\u00e7ues en cuir v\u00e9ritable ultra-doux avec une texture subtile. Leur teinte cr\u00e8me\/nude polyvalente allonge visuellement la jambe et s&rsquo;harmonise avec l&rsquo;ensemble de votre garde-robe.<\/p>\n<p data-path-to-node=\"14\">Le design se distingue par un bout ouvert (peep-toe) et une coupe en V tr\u00e8s flatteuse sur le cou-de-pied, apportant une touche architecturale moderne. Pens\u00e9es pour un confort optimal tout au long de la journ\u00e9e, elles sont dot\u00e9es d&rsquo;une bride arri\u00e8re \u00e9lastiqu\u00e9e pour un maintien parfait et d&rsquo;un talon bloc robuste assurant une excellente stabilit\u00e9. Parfaites pour le bureau ou les soir\u00e9es chics, ces chaussures en cuir cr\u00e8me sont un incontournable intemporel.<\/p>\n<ul data-path-to-node=\"15\">\n<li>\n<p data-path-to-node=\"15,0,0\"><b data-path-to-node=\"15,0,0\" data-index-in-node=\"0\">Mati\u00e8re:<\/b> 100% Cuir v\u00e9ritable souple<\/p>\n<\/li>\n<li>\n<p data-path-to-node=\"15,1,0\"><b data-path-to-node=\"15,1,0\" data-index-in-node=\"0\">Origine:<\/b> Fabriqu\u00e9 en Italie<\/p>\n<\/li>\n<li>\n<p data-path-to-node=\"15,2,0\"><b data-path-to-node=\"15,2,0\" data-index-in-node=\"0\">Design:<\/b> Slingback \u00e0 bout ouvert avec coupe en V<\/p>\n<\/li>\n<li>\n<p data-path-to-node=\"15,3,0\"><b data-path-to-node=\"15,3,0\" data-index-in-node=\"0\">Talon:<\/b> Talon bloc confortable et stable<\/p>\n<\/li>\n<li>\n<p data-path-to-node=\"15,4,0\"><b data-path-to-node=\"15,4,0\" data-index-in-node=\"0\">Couleur:<\/b> Cr\u00e8me \/ Nude (Mou)<\/p>\n<\/li>\n<\/ul>\n","protected":false},"excerpt":{"rendered":"<p>Adoptez l&rsquo;\u00e9l\u00e9gance \u00e0 l&rsquo;italienne avec le mod\u00e8le 3074 FLOW SOFTY MOU ROMY de VENISE COLLECTION. Fi\u00e8rement fabriqu\u00e9es en Italie, ces chaussures \u00e0 bride arri\u00e8re (slingback) sont con\u00e7ues en cuir v\u00e9ritable ultra-doux avec une texture subtile. Leur teinte cr\u00e8me\/nude polyvalente allonge visuellement la jambe et s&rsquo;harmonise avec l&rsquo;ensemble de votre garde-robe. Le design se distingue par &hellip;<\/p>\n","protected":false},"featured_media":22777,"template":"","meta":[],"product_brand":[356],"product_cat":[331],"product_tag":[],"class_list":{"0":"post-22738","1":"product","2":"type-product","3":"status-publish","4":"has-post-thumbnail","6":"product_brand-venise-collection","7":"product_cat-sandale","9":"first","10":"instock","11":"shipping-taxable","12":"purchasable","13":"product-type-variable","14":"has-default-attributes"},"yoast_head":"<!-- This site is optimized with the Yoast SEO plugin v27.5 - https:\/\/yoast.com\/product\/yoast-seo-wordpress\/ -->\n<title>Escarpins D\u00e9collet\u00e9s en Cuir Cr\u00e8me - FLOW SOFTY MOU<\/title>\n<meta name=\"robots\" content=\"index, follow, max-snippet:-1, max-image-preview:large, max-video-preview:-1\" \/>\n<link rel=\"canonical\" href=\"https:\/\/www.venisecollection.com\/fr\/shop\/women\/sandale\/3074-flow-softy-mou-romy\" \/>\n<meta property=\"og:locale\" content=\"fr_FR\" \/>\n<meta property=\"og:type\" content=\"article\" \/>\n<meta property=\"og:title\" content=\"Escarpins D\u00e9collet\u00e9s en Cuir Cr\u00e8me - FLOW SOFTY MOU\" \/>\n<meta property=\"og:description\" content=\"Adoptez l&rsquo;\u00e9l\u00e9gance \u00e0 l&rsquo;italienne avec le mod\u00e8le 3074 FLOW SOFTY MOU ROMY de VENISE COLLECTION. Fi\u00e8rement fabriqu\u00e9es en Italie, ces chaussures \u00e0 bride arri\u00e8re (slingback) sont con\u00e7ues en cuir v\u00e9ritable ultra-doux avec une texture subtile. Leur teinte cr\u00e8me\/nude polyvalente allonge visuellement la jambe et s&rsquo;harmonise avec l&rsquo;ensemble de votre garde-robe. Le design se distingue par &hellip;\" \/>\n<meta property=\"og:url\" content=\"https:\/\/www.venisecollection.com\/fr\/shop\/women\/sandale\/3074-flow-softy-mou-romy\" \/>\n<meta property=\"og:site_name\" content=\"VENISE COLLECTION\" \/>\n<meta property=\"article:modified_time\" content=\"2026-03-26T15:11:54+00:00\" \/>\n<meta property=\"og:image\" content=\"https:\/\/www.venisecollection.com\/cdn\/image-162-34.webp\" \/>\n\t<meta property=\"og:image:width\" content=\"1280\" \/>\n\t<meta property=\"og:image:height\" content=\"1588\" \/>\n\t<meta property=\"og:image:type\" content=\"image\/webp\" \/>\n<meta name=\"twitter:card\" content=\"summary_large_image\" \/>\n<meta name=\"twitter:label1\" content=\"Dur\u00e9e de lecture estim\u00e9e\" \/>\n\t<meta name=\"twitter:data1\" content=\"1 minute\" \/>\n<script type=\"application\/ld+json\" class=\"yoast-schema-graph\">{\"@context\":\"https:\\\/\\\/schema.org\",\"@graph\":[{\"@type\":\"WebPage\",\"@id\":\"https:\\\/\\\/www.venisecollection.com\\\/fr\\\/shop\\\/women\\\/sandale\\\/3074-flow-softy-mou-romy\",\"url\":\"https:\\\/\\\/www.venisecollection.com\\\/fr\\\/shop\\\/women\\\/sandale\\\/3074-flow-softy-mou-romy\",\"name\":\"Escarpins D\u00e9collet\u00e9s en Cuir Cr\u00e8me - FLOW SOFTY MOU\",\"isPartOf\":{\"@id\":\"https:\\\/\\\/www.venisecollection.com\\\/fr#website\"},\"primaryImageOfPage\":{\"@id\":\"https:\\\/\\\/www.venisecollection.com\\\/fr\\\/shop\\\/women\\\/sandale\\\/3074-flow-softy-mou-romy#primaryimage\"},\"image\":{\"@id\":\"https:\\\/\\\/www.venisecollection.com\\\/fr\\\/shop\\\/women\\\/sandale\\\/3074-flow-softy-mou-romy#primaryimage\"},\"thumbnailUrl\":\"https:\\\/\\\/www.venisecollection.com\\\/cdn\\\/image-162-34.webp\",\"datePublished\":\"2026-03-26T15:00:25+00:00\",\"dateModified\":\"2026-03-26T15:11:54+00:00\",\"breadcrumb\":{\"@id\":\"https:\\\/\\\/www.venisecollection.com\\\/fr\\\/shop\\\/women\\\/sandale\\\/3074-flow-softy-mou-romy#breadcrumb\"},\"inLanguage\":\"fr-FR\",\"potentialAction\":[{\"@type\":\"ReadAction\",\"target\":[\"https:\\\/\\\/www.venisecollection.com\\\/fr\\\/shop\\\/women\\\/sandale\\\/3074-flow-softy-mou-romy\"]}]},{\"@type\":\"ImageObject\",\"inLanguage\":\"fr-FR\",\"@id\":\"https:\\\/\\\/www.venisecollection.com\\\/fr\\\/shop\\\/women\\\/sandale\\\/3074-flow-softy-mou-romy#primaryimage\",\"url\":\"https:\\\/\\\/www.venisecollection.com\\\/cdn\\\/image-162-34.webp\",\"contentUrl\":\"https:\\\/\\\/www.venisecollection.com\\\/cdn\\\/image-162-34.webp\",\"width\":1280,\"height\":1588},{\"@type\":\"BreadcrumbList\",\"@id\":\"https:\\\/\\\/www.venisecollection.com\\\/fr\\\/shop\\\/women\\\/sandale\\\/3074-flow-softy-mou-romy#breadcrumb\",\"itemListElement\":[{\"@type\":\"ListItem\",\"position\":1,\"name\":\"Home\",\"item\":\"https:\\\/\\\/www.venisecollection.com\\\/fr\\\/boutique\"},{\"@type\":\"ListItem\",\"position\":2,\"name\":\"Accueil\",\"item\":\"https:\\\/\\\/www.venisecollection.com\\\/fr\\\/boutique\"},{\"@type\":\"ListItem\",\"position\":3,\"name\":\"3074 FLOW SOFTY MOU ROMY\"}]},{\"@type\":\"WebSite\",\"@id\":\"https:\\\/\\\/www.venisecollection.com\\\/fr#website\",\"url\":\"https:\\\/\\\/www.venisecollection.com\\\/fr\",\"name\":\"VENISE COLLECTION\",\"description\":\"\",\"publisher\":{\"@id\":\"https:\\\/\\\/www.venisecollection.com\\\/fr#organization\"},\"potentialAction\":[{\"@type\":\"SearchAction\",\"target\":{\"@type\":\"EntryPoint\",\"urlTemplate\":\"https:\\\/\\\/www.venisecollection.com\\\/fr?s={search_term_string}\"},\"query-input\":{\"@type\":\"PropertyValueSpecification\",\"valueRequired\":true,\"valueName\":\"search_term_string\"}}],\"inLanguage\":\"fr-FR\"},{\"@type\":\"Organization\",\"@id\":\"https:\\\/\\\/www.venisecollection.com\\\/fr#organization\",\"name\":\"VENISE COLLECTION\",\"url\":\"https:\\\/\\\/www.venisecollection.com\\\/fr\",\"logo\":{\"@type\":\"ImageObject\",\"inLanguage\":\"fr-FR\",\"@id\":\"https:\\\/\\\/www.venisecollection.com\\\/fr#\\\/schema\\\/logo\\\/image\\\/\",\"url\":\"https:\\\/\\\/www.venisecollection.com\\\/cdn\\\/seo.png\",\"contentUrl\":\"https:\\\/\\\/www.venisecollection.com\\\/cdn\\\/seo.png\",\"width\":1080,\"height\":1080,\"caption\":\"VENISE COLLECTION\"},\"image\":{\"@id\":\"https:\\\/\\\/www.venisecollection.com\\\/fr#\\\/schema\\\/logo\\\/image\\\/\"},\"sameAs\":[\"https:\\\/\\\/www.instagram.com\\\/venisecollection\\\/\",\"https:\\\/\\\/fr.pinterest.com\\\/venisecollection\\\/\"]}]}<\/script>\n<!-- \/ Yoast SEO plugin. -->","yoast_head_json":{"title":"Escarpins D\u00e9collet\u00e9s en Cuir Cr\u00e8me - FLOW SOFTY MOU","robots":{"index":"index","follow":"follow","max-snippet":"max-snippet:-1","max-image-preview":"max-image-preview:large","max-video-preview":"max-video-preview:-1"},"canonical":"https:\/\/www.venisecollection.com\/fr\/shop\/women\/sandale\/3074-flow-softy-mou-romy","og_locale":"fr_FR","og_type":"article","og_title":"Escarpins D\u00e9collet\u00e9s en Cuir Cr\u00e8me - FLOW SOFTY MOU","og_description":"Adoptez l&rsquo;\u00e9l\u00e9gance \u00e0 l&rsquo;italienne avec le mod\u00e8le 3074 FLOW SOFTY MOU ROMY de VENISE COLLECTION. Fi\u00e8rement fabriqu\u00e9es en Italie, ces chaussures \u00e0 bride arri\u00e8re (slingback) sont con\u00e7ues en cuir v\u00e9ritable ultra-doux avec une texture subtile. Leur teinte cr\u00e8me\/nude polyvalente allonge visuellement la jambe et s&rsquo;harmonise avec l&rsquo;ensemble de votre garde-robe. Le design se distingue par &hellip;","og_url":"https:\/\/www.venisecollection.com\/fr\/shop\/women\/sandale\/3074-flow-softy-mou-romy","og_site_name":"VENISE COLLECTION","article_modified_time":"2026-03-26T15:11:54+00:00","og_image":[{"width":1280,"height":1588,"url":"https:\/\/www.venisecollection.com\/cdn\/image-162-34.webp","type":"image\/webp"}],"twitter_card":"summary_large_image","twitter_misc":{"Dur\u00e9e de lecture estim\u00e9e":"1 minute"},"schema":{"@context":"https:\/\/schema.org","@graph":[{"@type":"WebPage","@id":"https:\/\/www.venisecollection.com\/fr\/shop\/women\/sandale\/3074-flow-softy-mou-romy","url":"https:\/\/www.venisecollection.com\/fr\/shop\/women\/sandale\/3074-flow-softy-mou-romy","name":"Escarpins D\u00e9collet\u00e9s en Cuir Cr\u00e8me - FLOW SOFTY MOU","isPartOf":{"@id":"https:\/\/www.venisecollection.com\/fr#website"},"primaryImageOfPage":{"@id":"https:\/\/www.venisecollection.com\/fr\/shop\/women\/sandale\/3074-flow-softy-mou-romy#primaryimage"},"image":{"@id":"https:\/\/www.venisecollection.com\/fr\/shop\/women\/sandale\/3074-flow-softy-mou-romy#primaryimage"},"thumbnailUrl":"https:\/\/www.venisecollection.com\/cdn\/image-162-34.webp","datePublished":"2026-03-26T15:00:25+00:00","dateModified":"2026-03-26T15:11:54+00:00","breadcrumb":{"@id":"https:\/\/www.venisecollection.com\/fr\/shop\/women\/sandale\/3074-flow-softy-mou-romy#breadcrumb"},"inLanguage":"fr-FR","potentialAction":[{"@type":"ReadAction","target":["https:\/\/www.venisecollection.com\/fr\/shop\/women\/sandale\/3074-flow-softy-mou-romy"]}]},{"@type":"ImageObject","inLanguage":"fr-FR","@id":"https:\/\/www.venisecollection.com\/fr\/shop\/women\/sandale\/3074-flow-softy-mou-romy#primaryimage","url":"https:\/\/www.venisecollection.com\/cdn\/image-162-34.webp","contentUrl":"https:\/\/www.venisecollection.com\/cdn\/image-162-34.webp","width":1280,"height":1588},{"@type":"BreadcrumbList","@id":"https:\/\/www.venisecollection.com\/fr\/shop\/women\/sandale\/3074-flow-softy-mou-romy#breadcrumb","itemListElement":[{"@type":"ListItem","position":1,"name":"Home","item":"https:\/\/www.venisecollection.com\/fr\/boutique"},{"@type":"ListItem","position":2,"name":"Accueil","item":"https:\/\/www.venisecollection.com\/fr\/boutique"},{"@type":"ListItem","position":3,"name":"3074 FLOW SOFTY MOU ROMY"}]},{"@type":"WebSite","@id":"https:\/\/www.venisecollection.com\/fr#website","url":"https:\/\/www.venisecollection.com\/fr","name":"VENISE COLLECTION","description":"","publisher":{"@id":"https:\/\/www.venisecollection.com\/fr#organization"},"potentialAction":[{"@type":"SearchAction","target":{"@type":"EntryPoint","urlTemplate":"https:\/\/www.venisecollection.com\/fr?s={search_term_string}"},"query-input":{"@type":"PropertyValueSpecification","valueRequired":true,"valueName":"search_term_string"}}],"inLanguage":"fr-FR"},{"@type":"Organization","@id":"https:\/\/www.venisecollection.com\/fr#organization","name":"VENISE COLLECTION","url":"https:\/\/www.venisecollection.com\/fr","logo":{"@type":"ImageObject","inLanguage":"fr-FR","@id":"https:\/\/www.venisecollection.com\/fr#\/schema\/logo\/image\/","url":"https:\/\/www.venisecollection.com\/cdn\/seo.png","contentUrl":"https:\/\/www.venisecollection.com\/cdn\/seo.png","width":1080,"height":1080,"caption":"VENISE COLLECTION"},"image":{"@id":"https:\/\/www.venisecollection.com\/fr#\/schema\/logo\/image\/"},"sameAs":["https:\/\/www.instagram.com\/venisecollection\/","https:\/\/fr.pinterest.com\/venisecollection\/"]}]}},"_links":{"self":[{"href":"https:\/\/www.venisecollection.com\/fr\/wp-json\/wp\/v2\/product\/22738","targetHints":{"allow":["GET"]}}],"collection":[{"href":"https:\/\/www.venisecollection.com\/fr\/wp-json\/wp\/v2\/product"}],"about":[{"href":"https:\/\/www.venisecollection.com\/fr\/wp-json\/wp\/v2\/types\/product"}],"wp:featuredmedia":[{"embeddable":true,"href":"https:\/\/www.venisecollection.com\/fr\/wp-json\/wp\/v2\/media\/22777"}],"wp:attachment":[{"href":"https:\/\/www.venisecollection.com\/fr\/wp-json\/wp\/v2\/media?parent=22738"}],"wp:term":[{"taxonomy":"product_brand","embeddable":true,"href":"https:\/\/www.venisecollection.com\/fr\/wp-json\/wp\/v2\/product_brand?post=22738"},{"taxonomy":"product_cat","embeddable":true,"href":"https:\/\/www.venisecollection.com\/fr\/wp-json\/wp\/v2\/product_cat?post=22738"},{"taxonomy":"product_tag","embeddable":true,"href":"https:\/\/www.venisecollection.com\/fr\/wp-json\/wp\/v2\/product_tag?post=22738"}],"curies":[{"name":"wp","href":"https:\/\/api.w.org\/{rel}","templated":true}]}}