{"id":22909,"date":"2026-03-30T16:25:57","date_gmt":"2026-03-30T16:25:57","guid":{"rendered":"https:\/\/www.venisecollection.com\/?post_type=product&#038;p=22909"},"modified":"2026-04-03T09:22:25","modified_gmt":"2026-04-03T09:22:25","slug":"3092-adel","status":"publish","type":"product","link":"https:\/\/www.venisecollection.com\/fr\/shop\/women\/sandale\/3092-adel","title":{"rendered":"3092 ADEL"},"content":{"rendered":"<p data-path-to-node=\"13\">Sublimez votre style estival avec les <b data-path-to-node=\"13\" data-index-in-node=\"323\">sandales plateformes 3092\/ADEL TOMAIA<\/b> de la marque <b data-path-to-node=\"13\" data-index-in-node=\"374\">VENISE COLLECTION<\/b>. Fi\u00e8rement <b data-path-to-node=\"13\" data-index-in-node=\"403\">fabriqu\u00e9es en Italie<\/b>, ces sandales allient \u00e0 la perfection le confort moderne \u00e0 une esth\u00e9tique estivale chic. L&rsquo;atout charme de ce mod\u00e8le r\u00e9side dans sa tige joliment travaill\u00e9e, qui pr\u00e9sente un motif tress\u00e9 blanc soulign\u00e9 de d\u00e9tails naturels fa\u00e7on raphia\/jute, apportant une touche boh\u00e8me tr\u00e8s tendance.<\/p>\n<p data-path-to-node=\"14\">Con\u00e7ues pour \u00eatre port\u00e9es confortablement tout au long de la journ\u00e9e, elles sont dot\u00e9es d&rsquo;une semelle plateforme blanche, \u00e9paisse mais tr\u00e8s l\u00e9g\u00e8re, qui allonge la silhouette sans fatiguer le pied. La bride de cheville est facilement ajustable gr\u00e2ce \u00e0 une boucle d\u00e9licate pour un maintien parfait. Avec leur semelle int\u00e9rieure moelleuse, ces sandales compens\u00e9es seront parfaites accompagn\u00e9es d&rsquo;une robe longue fluide, d&rsquo;un pantalon large en lin ou de vos tenues de plage pr\u00e9f\u00e9r\u00e9es.<\/p>\n<ul data-path-to-node=\"15\">\n<li>\n<p data-path-to-node=\"15,0,0\"><b data-path-to-node=\"15,0,0\" data-index-in-node=\"0\">Origine:<\/b> Fabriqu\u00e9 en Italie (Made in Italy)<\/p>\n<\/li>\n<li>\n<p data-path-to-node=\"15,1,0\"><b data-path-to-node=\"15,1,0\" data-index-in-node=\"0\">Style:<\/b> Sandale Plateforme \/ Compens\u00e9e<\/p>\n<\/li>\n<li>\n<p data-path-to-node=\"15,2,0\"><b data-path-to-node=\"15,2,0\" data-index-in-node=\"0\">D\u00e9tails de la tige:<\/b> Tissu blanc tress\u00e9 avec bordures naturelles fa\u00e7on raphia<\/p>\n<\/li>\n<li>\n<p data-path-to-node=\"15,3,0\"><b data-path-to-node=\"15,3,0\" data-index-in-node=\"0\">Fermeture:<\/b> Bride de cheville ajustable avec boucle<\/p>\n<\/li>\n<li>\n<p data-path-to-node=\"15,4,0\"><b data-path-to-node=\"15,4,0\" data-index-in-node=\"0\">Semelle:<\/b> Plateforme blanche l\u00e9g\u00e8re et confortable<\/p>\n<\/li>\n<\/ul>\n","protected":false},"excerpt":{"rendered":"<p>Sublimez votre style estival avec les sandales plateformes 3092\/ADEL TOMAIA de la marque VENISE COLLECTION. Fi\u00e8rement fabriqu\u00e9es en Italie, ces sandales allient \u00e0 la perfection le confort moderne \u00e0 une esth\u00e9tique estivale chic. L&rsquo;atout charme de ce mod\u00e8le r\u00e9side dans sa tige joliment travaill\u00e9e, qui pr\u00e9sente un motif tress\u00e9 blanc soulign\u00e9 de d\u00e9tails naturels fa\u00e7on &hellip;<\/p>\n","protected":false},"featured_media":22955,"template":"","meta":[],"product_brand":[356],"product_cat":[331],"product_tag":[],"class_list":{"0":"post-22909","1":"product","2":"type-product","3":"status-publish","4":"has-post-thumbnail","6":"product_brand-venise-collection","7":"product_cat-sandale","9":"first","10":"instock","11":"shipping-taxable","12":"purchasable","13":"product-type-variable","14":"has-default-attributes"},"yoast_head":"<!-- This site is optimized with the Yoast SEO plugin v27.6 - https:\/\/yoast.com\/product\/yoast-seo-wordpress\/ -->\n<title>ADEL - Sandales Plateformes Blanches \u00e0 Motif Tress<\/title>\n<meta name=\"robots\" content=\"index, follow, max-snippet:-1, max-image-preview:large, max-video-preview:-1\" \/>\n<link rel=\"canonical\" href=\"https:\/\/www.venisecollection.com\/fr\/shop\/women\/sandale\/3092-adel\" \/>\n<meta property=\"og:locale\" content=\"fr_FR\" \/>\n<meta property=\"og:type\" content=\"article\" \/>\n<meta property=\"og:title\" content=\"ADEL - Sandales Plateformes Blanches \u00e0 Motif Tress\" \/>\n<meta property=\"og:description\" content=\"Sublimez votre style estival avec les sandales plateformes 3092\/ADEL TOMAIA de la marque VENISE COLLECTION. Fi\u00e8rement fabriqu\u00e9es en Italie, ces sandales allient \u00e0 la perfection le confort moderne \u00e0 une esth\u00e9tique estivale chic. L&rsquo;atout charme de ce mod\u00e8le r\u00e9side dans sa tige joliment travaill\u00e9e, qui pr\u00e9sente un motif tress\u00e9 blanc soulign\u00e9 de d\u00e9tails naturels fa\u00e7on &hellip;\" \/>\n<meta property=\"og:url\" content=\"https:\/\/www.venisecollection.com\/fr\/shop\/women\/sandale\/3092-adel\" \/>\n<meta property=\"og:site_name\" content=\"VENISE COLLECTION\" \/>\n<meta property=\"article:modified_time\" content=\"2026-04-03T09:22:25+00:00\" \/>\n<meta property=\"og:image\" content=\"https:\/\/www.venisecollection.com\/cdn\/image.psd-56-1.webp\" \/>\n\t<meta property=\"og:image:width\" content=\"1280\" \/>\n\t<meta property=\"og:image:height\" content=\"1588\" \/>\n\t<meta property=\"og:image:type\" content=\"image\/webp\" \/>\n<meta name=\"twitter:card\" content=\"summary_large_image\" \/>\n<meta name=\"twitter:label1\" content=\"Dur\u00e9e de lecture estim\u00e9e\" \/>\n\t<meta name=\"twitter:data1\" content=\"1 minute\" \/>\n<script type=\"application\/ld+json\" class=\"yoast-schema-graph\">{\"@context\":\"https:\\\/\\\/schema.org\",\"@graph\":[{\"@type\":\"WebPage\",\"@id\":\"https:\\\/\\\/www.venisecollection.com\\\/fr\\\/shop\\\/women\\\/sandale\\\/3092-adel\",\"url\":\"https:\\\/\\\/www.venisecollection.com\\\/fr\\\/shop\\\/women\\\/sandale\\\/3092-adel\",\"name\":\"ADEL - Sandales Plateformes Blanches \u00e0 Motif Tress\",\"isPartOf\":{\"@id\":\"https:\\\/\\\/www.venisecollection.com\\\/fr#website\"},\"primaryImageOfPage\":{\"@id\":\"https:\\\/\\\/www.venisecollection.com\\\/fr\\\/shop\\\/women\\\/sandale\\\/3092-adel#primaryimage\"},\"image\":{\"@id\":\"https:\\\/\\\/www.venisecollection.com\\\/fr\\\/shop\\\/women\\\/sandale\\\/3092-adel#primaryimage\"},\"thumbnailUrl\":\"https:\\\/\\\/www.venisecollection.com\\\/cdn\\\/image.psd-56-1.webp\",\"datePublished\":\"2026-03-30T16:25:57+00:00\",\"dateModified\":\"2026-04-03T09:22:25+00:00\",\"breadcrumb\":{\"@id\":\"https:\\\/\\\/www.venisecollection.com\\\/fr\\\/shop\\\/women\\\/sandale\\\/3092-adel#breadcrumb\"},\"inLanguage\":\"fr-FR\",\"potentialAction\":[{\"@type\":\"ReadAction\",\"target\":[\"https:\\\/\\\/www.venisecollection.com\\\/fr\\\/shop\\\/women\\\/sandale\\\/3092-adel\"]}]},{\"@type\":\"ImageObject\",\"inLanguage\":\"fr-FR\",\"@id\":\"https:\\\/\\\/www.venisecollection.com\\\/fr\\\/shop\\\/women\\\/sandale\\\/3092-adel#primaryimage\",\"url\":\"https:\\\/\\\/www.venisecollection.com\\\/cdn\\\/image.psd-56-1.webp\",\"contentUrl\":\"https:\\\/\\\/www.venisecollection.com\\\/cdn\\\/image.psd-56-1.webp\",\"width\":1280,\"height\":1588},{\"@type\":\"BreadcrumbList\",\"@id\":\"https:\\\/\\\/www.venisecollection.com\\\/fr\\\/shop\\\/women\\\/sandale\\\/3092-adel#breadcrumb\",\"itemListElement\":[{\"@type\":\"ListItem\",\"position\":1,\"name\":\"Home\",\"item\":\"https:\\\/\\\/www.venisecollection.com\\\/fr\\\/boutique\"},{\"@type\":\"ListItem\",\"position\":2,\"name\":\"Accueil\",\"item\":\"https:\\\/\\\/www.venisecollection.com\\\/fr\\\/boutique\"},{\"@type\":\"ListItem\",\"position\":3,\"name\":\"3092 ADEL\"}]},{\"@type\":\"WebSite\",\"@id\":\"https:\\\/\\\/www.venisecollection.com\\\/fr#website\",\"url\":\"https:\\\/\\\/www.venisecollection.com\\\/fr\",\"name\":\"VENISE COLLECTION\",\"description\":\"\",\"publisher\":{\"@id\":\"https:\\\/\\\/www.venisecollection.com\\\/fr#organization\"},\"potentialAction\":[{\"@type\":\"SearchAction\",\"target\":{\"@type\":\"EntryPoint\",\"urlTemplate\":\"https:\\\/\\\/www.venisecollection.com\\\/fr?s={search_term_string}\"},\"query-input\":{\"@type\":\"PropertyValueSpecification\",\"valueRequired\":true,\"valueName\":\"search_term_string\"}}],\"inLanguage\":\"fr-FR\"},{\"@type\":\"Organization\",\"@id\":\"https:\\\/\\\/www.venisecollection.com\\\/fr#organization\",\"name\":\"VENISE COLLECTION\",\"url\":\"https:\\\/\\\/www.venisecollection.com\\\/fr\",\"logo\":{\"@type\":\"ImageObject\",\"inLanguage\":\"fr-FR\",\"@id\":\"https:\\\/\\\/www.venisecollection.com\\\/fr#\\\/schema\\\/logo\\\/image\\\/\",\"url\":\"https:\\\/\\\/www.venisecollection.com\\\/cdn\\\/seo.png\",\"contentUrl\":\"https:\\\/\\\/www.venisecollection.com\\\/cdn\\\/seo.png\",\"width\":1080,\"height\":1080,\"caption\":\"VENISE COLLECTION\"},\"image\":{\"@id\":\"https:\\\/\\\/www.venisecollection.com\\\/fr#\\\/schema\\\/logo\\\/image\\\/\"},\"sameAs\":[\"https:\\\/\\\/www.instagram.com\\\/venisecollection\\\/\",\"https:\\\/\\\/fr.pinterest.com\\\/venisecollection\\\/\"]}]}<\/script>\n<!-- \/ Yoast SEO plugin. -->","yoast_head_json":{"title":"ADEL - Sandales Plateformes Blanches \u00e0 Motif Tress","robots":{"index":"index","follow":"follow","max-snippet":"max-snippet:-1","max-image-preview":"max-image-preview:large","max-video-preview":"max-video-preview:-1"},"canonical":"https:\/\/www.venisecollection.com\/fr\/shop\/women\/sandale\/3092-adel","og_locale":"fr_FR","og_type":"article","og_title":"ADEL - Sandales Plateformes Blanches \u00e0 Motif Tress","og_description":"Sublimez votre style estival avec les sandales plateformes 3092\/ADEL TOMAIA de la marque VENISE COLLECTION. Fi\u00e8rement fabriqu\u00e9es en Italie, ces sandales allient \u00e0 la perfection le confort moderne \u00e0 une esth\u00e9tique estivale chic. L&rsquo;atout charme de ce mod\u00e8le r\u00e9side dans sa tige joliment travaill\u00e9e, qui pr\u00e9sente un motif tress\u00e9 blanc soulign\u00e9 de d\u00e9tails naturels fa\u00e7on &hellip;","og_url":"https:\/\/www.venisecollection.com\/fr\/shop\/women\/sandale\/3092-adel","og_site_name":"VENISE COLLECTION","article_modified_time":"2026-04-03T09:22:25+00:00","og_image":[{"width":1280,"height":1588,"url":"https:\/\/www.venisecollection.com\/cdn\/image.psd-56-1.webp","type":"image\/webp"}],"twitter_card":"summary_large_image","twitter_misc":{"Dur\u00e9e de lecture estim\u00e9e":"1 minute"},"schema":{"@context":"https:\/\/schema.org","@graph":[{"@type":"WebPage","@id":"https:\/\/www.venisecollection.com\/fr\/shop\/women\/sandale\/3092-adel","url":"https:\/\/www.venisecollection.com\/fr\/shop\/women\/sandale\/3092-adel","name":"ADEL - Sandales Plateformes Blanches \u00e0 Motif Tress","isPartOf":{"@id":"https:\/\/www.venisecollection.com\/fr#website"},"primaryImageOfPage":{"@id":"https:\/\/www.venisecollection.com\/fr\/shop\/women\/sandale\/3092-adel#primaryimage"},"image":{"@id":"https:\/\/www.venisecollection.com\/fr\/shop\/women\/sandale\/3092-adel#primaryimage"},"thumbnailUrl":"https:\/\/www.venisecollection.com\/cdn\/image.psd-56-1.webp","datePublished":"2026-03-30T16:25:57+00:00","dateModified":"2026-04-03T09:22:25+00:00","breadcrumb":{"@id":"https:\/\/www.venisecollection.com\/fr\/shop\/women\/sandale\/3092-adel#breadcrumb"},"inLanguage":"fr-FR","potentialAction":[{"@type":"ReadAction","target":["https:\/\/www.venisecollection.com\/fr\/shop\/women\/sandale\/3092-adel"]}]},{"@type":"ImageObject","inLanguage":"fr-FR","@id":"https:\/\/www.venisecollection.com\/fr\/shop\/women\/sandale\/3092-adel#primaryimage","url":"https:\/\/www.venisecollection.com\/cdn\/image.psd-56-1.webp","contentUrl":"https:\/\/www.venisecollection.com\/cdn\/image.psd-56-1.webp","width":1280,"height":1588},{"@type":"BreadcrumbList","@id":"https:\/\/www.venisecollection.com\/fr\/shop\/women\/sandale\/3092-adel#breadcrumb","itemListElement":[{"@type":"ListItem","position":1,"name":"Home","item":"https:\/\/www.venisecollection.com\/fr\/boutique"},{"@type":"ListItem","position":2,"name":"Accueil","item":"https:\/\/www.venisecollection.com\/fr\/boutique"},{"@type":"ListItem","position":3,"name":"3092 ADEL"}]},{"@type":"WebSite","@id":"https:\/\/www.venisecollection.com\/fr#website","url":"https:\/\/www.venisecollection.com\/fr","name":"VENISE COLLECTION","description":"","publisher":{"@id":"https:\/\/www.venisecollection.com\/fr#organization"},"potentialAction":[{"@type":"SearchAction","target":{"@type":"EntryPoint","urlTemplate":"https:\/\/www.venisecollection.com\/fr?s={search_term_string}"},"query-input":{"@type":"PropertyValueSpecification","valueRequired":true,"valueName":"search_term_string"}}],"inLanguage":"fr-FR"},{"@type":"Organization","@id":"https:\/\/www.venisecollection.com\/fr#organization","name":"VENISE COLLECTION","url":"https:\/\/www.venisecollection.com\/fr","logo":{"@type":"ImageObject","inLanguage":"fr-FR","@id":"https:\/\/www.venisecollection.com\/fr#\/schema\/logo\/image\/","url":"https:\/\/www.venisecollection.com\/cdn\/seo.png","contentUrl":"https:\/\/www.venisecollection.com\/cdn\/seo.png","width":1080,"height":1080,"caption":"VENISE COLLECTION"},"image":{"@id":"https:\/\/www.venisecollection.com\/fr#\/schema\/logo\/image\/"},"sameAs":["https:\/\/www.instagram.com\/venisecollection\/","https:\/\/fr.pinterest.com\/venisecollection\/"]}]}},"_links":{"self":[{"href":"https:\/\/www.venisecollection.com\/fr\/wp-json\/wp\/v2\/product\/22909","targetHints":{"allow":["GET"]}}],"collection":[{"href":"https:\/\/www.venisecollection.com\/fr\/wp-json\/wp\/v2\/product"}],"about":[{"href":"https:\/\/www.venisecollection.com\/fr\/wp-json\/wp\/v2\/types\/product"}],"wp:featuredmedia":[{"embeddable":true,"href":"https:\/\/www.venisecollection.com\/fr\/wp-json\/wp\/v2\/media\/22955"}],"wp:attachment":[{"href":"https:\/\/www.venisecollection.com\/fr\/wp-json\/wp\/v2\/media?parent=22909"}],"wp:term":[{"taxonomy":"product_brand","embeddable":true,"href":"https:\/\/www.venisecollection.com\/fr\/wp-json\/wp\/v2\/product_brand?post=22909"},{"taxonomy":"product_cat","embeddable":true,"href":"https:\/\/www.venisecollection.com\/fr\/wp-json\/wp\/v2\/product_cat?post=22909"},{"taxonomy":"product_tag","embeddable":true,"href":"https:\/\/www.venisecollection.com\/fr\/wp-json\/wp\/v2\/product_tag?post=22909"}],"curies":[{"name":"wp","href":"https:\/\/api.w.org\/{rel}","templated":true}]}}