{"id":23282,"date":"2026-04-03T14:54:07","date_gmt":"2026-04-03T14:54:07","guid":{"rendered":"https:\/\/www.venisecollection.com\/?post_type=product&#038;p=23282"},"modified":"2026-04-03T15:14:45","modified_gmt":"2026-04-03T15:14:45","slug":"1582-511-miss-bianco","status":"publish","type":"product","link":"https:\/\/www.venisecollection.com\/fr\/shop\/women\/sandale\/1582-511-miss-bianco","title":{"rendered":"1582-511 MISS BIANCO"},"content":{"rendered":"<p data-path-to-node=\"13\">Transformez votre marche quotidienne avec les <b data-path-to-node=\"13\" data-index-in-node=\"354\">sandales plateformes 1582-511<\/b> de <b data-path-to-node=\"13\" data-index-in-node=\"387\">VENISE COLLECTION<\/b>. Fi\u00e8rement <b data-path-to-node=\"13\" data-index-in-node=\"416\">fabriqu\u00e9e en Italie<\/b>, cette \u00e9dition limit\u00e9e est un chef-d&rsquo;\u0153uvre qui allie une esth\u00e9tique vibrante \u00e0 un confort orthop\u00e9dique sp\u00e9cialis\u00e9. La tige accrocheuse est constitu\u00e9e d&rsquo;un tissu tiss\u00e9 arborant un motif g\u00e9om\u00e9trique\/boho color\u00e9, ajoutant une touche d&rsquo;\u00e9nergie estivale \u00e0 vos tenues d\u00e9contract\u00e9es.<\/p>\n<p data-path-to-node=\"14\">Au-del\u00e0 de sa beaut\u00e9 exclusive, cette sandale est sp\u00e9cialement con\u00e7ue pour faciliter le mouvement naturel au quotidien. Elle est dot\u00e9e d&rsquo;une semelle plateforme sportive \u00e0 plusieurs couches : une assise plantaire rembourr\u00e9e, une semelle interm\u00e9diaire bleue \u00e9l\u00e9gante et une semelle ext\u00e9rieure blanche profond\u00e9ment rainur\u00e9e. Ce design ergonomique absorbe les chocs et suit la courbure naturelle du pied, garantissant une utilisation sans fatigue. Maintenues par une bride de cheville r\u00e9glable, ces sandales sont parfaites pour les voyages et les balades en ville.<\/p>\n<ul data-path-to-node=\"15\">\n<li>\n<p data-path-to-node=\"15,0,0\"><b data-path-to-node=\"15,0,0\" data-index-in-node=\"0\">Origine:<\/b> Fabriqu\u00e9 en Italie (Made in Italy)<\/p>\n<\/li>\n<li>\n<p data-path-to-node=\"15,1,0\"><b data-path-to-node=\"15,1,0\" data-index-in-node=\"0\">Caract\u00e9ristique Sp\u00e9ciale:<\/b> \u00c9dition Limit\u00e9e avec soutien ergonomique avanc\u00e9<\/p>\n<\/li>\n<li>\n<p data-path-to-node=\"15,2,0\"><b data-path-to-node=\"15,2,0\" data-index-in-node=\"0\">Style:<\/b> Sandale Plateforme Sportive Boho<\/p>\n<\/li>\n<li>\n<p data-path-to-node=\"15,3,0\"><b data-path-to-node=\"15,3,0\" data-index-in-node=\"0\">Mati\u00e8re:<\/b> Tissu tiss\u00e9 avec motif g\u00e9om\u00e9trique color\u00e9<\/p>\n<\/li>\n<li>\n<p data-path-to-node=\"15,4,0\"><b data-path-to-node=\"15,4,0\" data-index-in-node=\"0\">Semelle:<\/b> Plateforme multicouche absorbant les chocs avec rainures de flexion<\/p>\n<\/li>\n<\/ul>\n","protected":false},"excerpt":{"rendered":"<p>Transformez votre marche quotidienne avec les sandales plateformes 1582-511 de VENISE COLLECTION. Fi\u00e8rement fabriqu\u00e9e en Italie, cette \u00e9dition limit\u00e9e est un chef-d&rsquo;\u0153uvre qui allie une esth\u00e9tique vibrante \u00e0 un confort orthop\u00e9dique sp\u00e9cialis\u00e9. La tige accrocheuse est constitu\u00e9e d&rsquo;un tissu tiss\u00e9 arborant un motif g\u00e9om\u00e9trique\/boho color\u00e9, ajoutant une touche d&rsquo;\u00e9nergie estivale \u00e0 vos tenues d\u00e9contract\u00e9es. Au-del\u00e0 &hellip;<\/p>\n","protected":false},"featured_media":23321,"template":"","meta":[],"product_brand":[356],"product_cat":[331],"product_tag":[],"class_list":{"0":"post-23282","1":"product","2":"type-product","3":"status-publish","4":"has-post-thumbnail","6":"product_brand-venise-collection","7":"product_cat-sandale","9":"first","10":"instock","11":"shipping-taxable","12":"purchasable","13":"product-type-variable","14":"has-default-attributes"},"yoast_head":"<!-- This site is optimized with the Yoast SEO plugin v27.3 - https:\/\/yoast.com\/product\/yoast-seo-wordpress\/ -->\n<title>Sandales Plateformes Ergonomiques Boho \u00c9dition Limit\u00e9e<\/title>\n<meta name=\"robots\" content=\"index, follow, max-snippet:-1, max-image-preview:large, max-video-preview:-1\" \/>\n<link rel=\"canonical\" href=\"https:\/\/www.venisecollection.com\/fr\/shop\/women\/sandale\/1582-511-miss-bianco\" \/>\n<meta property=\"og:locale\" content=\"fr_FR\" \/>\n<meta property=\"og:type\" content=\"article\" \/>\n<meta property=\"og:title\" content=\"Sandales Plateformes Ergonomiques Boho \u00c9dition Limit\u00e9e\" \/>\n<meta property=\"og:description\" content=\"Transformez votre marche quotidienne avec les sandales plateformes 1582-511 de VENISE COLLECTION. Fi\u00e8rement fabriqu\u00e9e en Italie, cette \u00e9dition limit\u00e9e est un chef-d&rsquo;\u0153uvre qui allie une esth\u00e9tique vibrante \u00e0 un confort orthop\u00e9dique sp\u00e9cialis\u00e9. La tige accrocheuse est constitu\u00e9e d&rsquo;un tissu tiss\u00e9 arborant un motif g\u00e9om\u00e9trique\/boho color\u00e9, ajoutant une touche d&rsquo;\u00e9nergie estivale \u00e0 vos tenues d\u00e9contract\u00e9es. Au-del\u00e0 &hellip;\" \/>\n<meta property=\"og:url\" content=\"https:\/\/www.venisecollection.com\/fr\/shop\/women\/sandale\/1582-511-miss-bianco\" \/>\n<meta property=\"og:site_name\" content=\"VENISE COLLECTION\" \/>\n<meta property=\"article:modified_time\" content=\"2026-04-03T15:14:45+00:00\" \/>\n<meta property=\"og:image\" content=\"https:\/\/www.venisecollection.com\/cdn\/image-168.webp\" \/>\n\t<meta property=\"og:image:width\" content=\"1280\" \/>\n\t<meta property=\"og:image:height\" content=\"1588\" \/>\n\t<meta property=\"og:image:type\" content=\"image\/webp\" \/>\n<meta name=\"twitter:card\" content=\"summary_large_image\" \/>\n<meta name=\"twitter:label1\" content=\"Dur\u00e9e de lecture estim\u00e9e\" \/>\n\t<meta name=\"twitter:data1\" content=\"1 minute\" \/>\n<script type=\"application\/ld+json\" class=\"yoast-schema-graph\">{\"@context\":\"https:\\\/\\\/schema.org\",\"@graph\":[{\"@type\":\"WebPage\",\"@id\":\"https:\\\/\\\/www.venisecollection.com\\\/fr\\\/shop\\\/women\\\/sandale\\\/1582-511-miss-bianco\",\"url\":\"https:\\\/\\\/www.venisecollection.com\\\/fr\\\/shop\\\/women\\\/sandale\\\/1582-511-miss-bianco\",\"name\":\"Sandales Plateformes Ergonomiques Boho \u00c9dition Limit\u00e9e\",\"isPartOf\":{\"@id\":\"https:\\\/\\\/www.venisecollection.com\\\/fr#website\"},\"primaryImageOfPage\":{\"@id\":\"https:\\\/\\\/www.venisecollection.com\\\/fr\\\/shop\\\/women\\\/sandale\\\/1582-511-miss-bianco#primaryimage\"},\"image\":{\"@id\":\"https:\\\/\\\/www.venisecollection.com\\\/fr\\\/shop\\\/women\\\/sandale\\\/1582-511-miss-bianco#primaryimage\"},\"thumbnailUrl\":\"https:\\\/\\\/www.venisecollection.com\\\/cdn\\\/image-168.webp\",\"datePublished\":\"2026-04-03T14:54:07+00:00\",\"dateModified\":\"2026-04-03T15:14:45+00:00\",\"breadcrumb\":{\"@id\":\"https:\\\/\\\/www.venisecollection.com\\\/fr\\\/shop\\\/women\\\/sandale\\\/1582-511-miss-bianco#breadcrumb\"},\"inLanguage\":\"fr-FR\",\"potentialAction\":[{\"@type\":\"ReadAction\",\"target\":[\"https:\\\/\\\/www.venisecollection.com\\\/fr\\\/shop\\\/women\\\/sandale\\\/1582-511-miss-bianco\"]}]},{\"@type\":\"ImageObject\",\"inLanguage\":\"fr-FR\",\"@id\":\"https:\\\/\\\/www.venisecollection.com\\\/fr\\\/shop\\\/women\\\/sandale\\\/1582-511-miss-bianco#primaryimage\",\"url\":\"https:\\\/\\\/www.venisecollection.com\\\/cdn\\\/image-168.webp\",\"contentUrl\":\"https:\\\/\\\/www.venisecollection.com\\\/cdn\\\/image-168.webp\",\"width\":1280,\"height\":1588},{\"@type\":\"BreadcrumbList\",\"@id\":\"https:\\\/\\\/www.venisecollection.com\\\/fr\\\/shop\\\/women\\\/sandale\\\/1582-511-miss-bianco#breadcrumb\",\"itemListElement\":[{\"@type\":\"ListItem\",\"position\":1,\"name\":\"Home\",\"item\":\"https:\\\/\\\/www.venisecollection.com\\\/fr\\\/boutique\"},{\"@type\":\"ListItem\",\"position\":2,\"name\":\"Accueil\",\"item\":\"https:\\\/\\\/www.venisecollection.com\\\/fr\\\/boutique\"},{\"@type\":\"ListItem\",\"position\":3,\"name\":\"1582-511 MISS BIANCO\"}]},{\"@type\":\"WebSite\",\"@id\":\"https:\\\/\\\/www.venisecollection.com\\\/fr#website\",\"url\":\"https:\\\/\\\/www.venisecollection.com\\\/fr\",\"name\":\"VENISE COLLECTION\",\"description\":\"\",\"publisher\":{\"@id\":\"https:\\\/\\\/www.venisecollection.com\\\/fr#organization\"},\"potentialAction\":[{\"@type\":\"SearchAction\",\"target\":{\"@type\":\"EntryPoint\",\"urlTemplate\":\"https:\\\/\\\/www.venisecollection.com\\\/fr?s={search_term_string}\"},\"query-input\":{\"@type\":\"PropertyValueSpecification\",\"valueRequired\":true,\"valueName\":\"search_term_string\"}}],\"inLanguage\":\"fr-FR\"},{\"@type\":\"Organization\",\"@id\":\"https:\\\/\\\/www.venisecollection.com\\\/fr#organization\",\"name\":\"VENISE COLLECTION\",\"url\":\"https:\\\/\\\/www.venisecollection.com\\\/fr\",\"logo\":{\"@type\":\"ImageObject\",\"inLanguage\":\"fr-FR\",\"@id\":\"https:\\\/\\\/www.venisecollection.com\\\/fr#\\\/schema\\\/logo\\\/image\\\/\",\"url\":\"https:\\\/\\\/www.venisecollection.com\\\/cdn\\\/seo.png\",\"contentUrl\":\"https:\\\/\\\/www.venisecollection.com\\\/cdn\\\/seo.png\",\"width\":1080,\"height\":1080,\"caption\":\"VENISE COLLECTION\"},\"image\":{\"@id\":\"https:\\\/\\\/www.venisecollection.com\\\/fr#\\\/schema\\\/logo\\\/image\\\/\"},\"sameAs\":[\"https:\\\/\\\/www.instagram.com\\\/venisecollection\\\/\",\"https:\\\/\\\/fr.pinterest.com\\\/venisecollection\\\/\"]}]}<\/script>\n<!-- \/ Yoast SEO plugin. -->","yoast_head_json":{"title":"Sandales Plateformes Ergonomiques Boho \u00c9dition Limit\u00e9e","robots":{"index":"index","follow":"follow","max-snippet":"max-snippet:-1","max-image-preview":"max-image-preview:large","max-video-preview":"max-video-preview:-1"},"canonical":"https:\/\/www.venisecollection.com\/fr\/shop\/women\/sandale\/1582-511-miss-bianco","og_locale":"fr_FR","og_type":"article","og_title":"Sandales Plateformes Ergonomiques Boho \u00c9dition Limit\u00e9e","og_description":"Transformez votre marche quotidienne avec les sandales plateformes 1582-511 de VENISE COLLECTION. Fi\u00e8rement fabriqu\u00e9e en Italie, cette \u00e9dition limit\u00e9e est un chef-d&rsquo;\u0153uvre qui allie une esth\u00e9tique vibrante \u00e0 un confort orthop\u00e9dique sp\u00e9cialis\u00e9. La tige accrocheuse est constitu\u00e9e d&rsquo;un tissu tiss\u00e9 arborant un motif g\u00e9om\u00e9trique\/boho color\u00e9, ajoutant une touche d&rsquo;\u00e9nergie estivale \u00e0 vos tenues d\u00e9contract\u00e9es. Au-del\u00e0 &hellip;","og_url":"https:\/\/www.venisecollection.com\/fr\/shop\/women\/sandale\/1582-511-miss-bianco","og_site_name":"VENISE COLLECTION","article_modified_time":"2026-04-03T15:14:45+00:00","og_image":[{"width":1280,"height":1588,"url":"https:\/\/www.venisecollection.com\/cdn\/image-168.webp","type":"image\/webp"}],"twitter_card":"summary_large_image","twitter_misc":{"Dur\u00e9e de lecture estim\u00e9e":"1 minute"},"schema":{"@context":"https:\/\/schema.org","@graph":[{"@type":"WebPage","@id":"https:\/\/www.venisecollection.com\/fr\/shop\/women\/sandale\/1582-511-miss-bianco","url":"https:\/\/www.venisecollection.com\/fr\/shop\/women\/sandale\/1582-511-miss-bianco","name":"Sandales Plateformes Ergonomiques Boho \u00c9dition Limit\u00e9e","isPartOf":{"@id":"https:\/\/www.venisecollection.com\/fr#website"},"primaryImageOfPage":{"@id":"https:\/\/www.venisecollection.com\/fr\/shop\/women\/sandale\/1582-511-miss-bianco#primaryimage"},"image":{"@id":"https:\/\/www.venisecollection.com\/fr\/shop\/women\/sandale\/1582-511-miss-bianco#primaryimage"},"thumbnailUrl":"https:\/\/www.venisecollection.com\/cdn\/image-168.webp","datePublished":"2026-04-03T14:54:07+00:00","dateModified":"2026-04-03T15:14:45+00:00","breadcrumb":{"@id":"https:\/\/www.venisecollection.com\/fr\/shop\/women\/sandale\/1582-511-miss-bianco#breadcrumb"},"inLanguage":"fr-FR","potentialAction":[{"@type":"ReadAction","target":["https:\/\/www.venisecollection.com\/fr\/shop\/women\/sandale\/1582-511-miss-bianco"]}]},{"@type":"ImageObject","inLanguage":"fr-FR","@id":"https:\/\/www.venisecollection.com\/fr\/shop\/women\/sandale\/1582-511-miss-bianco#primaryimage","url":"https:\/\/www.venisecollection.com\/cdn\/image-168.webp","contentUrl":"https:\/\/www.venisecollection.com\/cdn\/image-168.webp","width":1280,"height":1588},{"@type":"BreadcrumbList","@id":"https:\/\/www.venisecollection.com\/fr\/shop\/women\/sandale\/1582-511-miss-bianco#breadcrumb","itemListElement":[{"@type":"ListItem","position":1,"name":"Home","item":"https:\/\/www.venisecollection.com\/fr\/boutique"},{"@type":"ListItem","position":2,"name":"Accueil","item":"https:\/\/www.venisecollection.com\/fr\/boutique"},{"@type":"ListItem","position":3,"name":"1582-511 MISS BIANCO"}]},{"@type":"WebSite","@id":"https:\/\/www.venisecollection.com\/fr#website","url":"https:\/\/www.venisecollection.com\/fr","name":"VENISE COLLECTION","description":"","publisher":{"@id":"https:\/\/www.venisecollection.com\/fr#organization"},"potentialAction":[{"@type":"SearchAction","target":{"@type":"EntryPoint","urlTemplate":"https:\/\/www.venisecollection.com\/fr?s={search_term_string}"},"query-input":{"@type":"PropertyValueSpecification","valueRequired":true,"valueName":"search_term_string"}}],"inLanguage":"fr-FR"},{"@type":"Organization","@id":"https:\/\/www.venisecollection.com\/fr#organization","name":"VENISE COLLECTION","url":"https:\/\/www.venisecollection.com\/fr","logo":{"@type":"ImageObject","inLanguage":"fr-FR","@id":"https:\/\/www.venisecollection.com\/fr#\/schema\/logo\/image\/","url":"https:\/\/www.venisecollection.com\/cdn\/seo.png","contentUrl":"https:\/\/www.venisecollection.com\/cdn\/seo.png","width":1080,"height":1080,"caption":"VENISE COLLECTION"},"image":{"@id":"https:\/\/www.venisecollection.com\/fr#\/schema\/logo\/image\/"},"sameAs":["https:\/\/www.instagram.com\/venisecollection\/","https:\/\/fr.pinterest.com\/venisecollection\/"]}]}},"_links":{"self":[{"href":"https:\/\/www.venisecollection.com\/fr\/wp-json\/wp\/v2\/product\/23282","targetHints":{"allow":["GET"]}}],"collection":[{"href":"https:\/\/www.venisecollection.com\/fr\/wp-json\/wp\/v2\/product"}],"about":[{"href":"https:\/\/www.venisecollection.com\/fr\/wp-json\/wp\/v2\/types\/product"}],"wp:featuredmedia":[{"embeddable":true,"href":"https:\/\/www.venisecollection.com\/fr\/wp-json\/wp\/v2\/media\/23321"}],"wp:attachment":[{"href":"https:\/\/www.venisecollection.com\/fr\/wp-json\/wp\/v2\/media?parent=23282"}],"wp:term":[{"taxonomy":"product_brand","embeddable":true,"href":"https:\/\/www.venisecollection.com\/fr\/wp-json\/wp\/v2\/product_brand?post=23282"},{"taxonomy":"product_cat","embeddable":true,"href":"https:\/\/www.venisecollection.com\/fr\/wp-json\/wp\/v2\/product_cat?post=23282"},{"taxonomy":"product_tag","embeddable":true,"href":"https:\/\/www.venisecollection.com\/fr\/wp-json\/wp\/v2\/product_tag?post=23282"}],"curies":[{"name":"wp","href":"https:\/\/api.w.org\/{rel}","templated":true}]}}