{"id":23351,"date":"2026-04-03T16:45:22","date_gmt":"2026-04-03T16:45:22","guid":{"rendered":"https:\/\/www.venisecollection.com\/?post_type=product&#038;p=23351"},"modified":"2026-04-03T16:50:46","modified_gmt":"2026-04-03T16:50:46","slug":"2609-79-miss-multicolor","status":"publish","type":"product","link":"https:\/\/www.venisecollection.com\/fr\/shop\/women\/sandale\/2609-79-miss-multicolor","title":{"rendered":"2609-79 MISS MULTICOLOR"},"content":{"rendered":"<p data-path-to-node=\"13\">Affirmez votre style unique cette saison avec les <b data-path-to-node=\"13\" data-index-in-node=\"316\">sandales 2609-79<\/b> de <b data-path-to-node=\"13\" data-index-in-node=\"336\">VENISE COLLECTION<\/b>. Fi\u00e8rement <b data-path-to-node=\"13\" data-index-in-node=\"365\">fabriqu\u00e9e en Italie<\/b>, cette \u00c9dition Limit\u00e9e exclusive allie la beaut\u00e9 artisanale \u00e0 la praticit\u00e9 du quotidien. La tige ext\u00e9rieure est confectionn\u00e9e dans un tissu de haute qualit\u00e9 arborant un motif g\u00e9om\u00e9trique en zigzag multicolore et vibrant, capturant parfaitement l&rsquo;esth\u00e9tique boh\u00e8me chic.<\/p>\n<p data-path-to-node=\"14\">Pour privil\u00e9gier votre confort, l&rsquo;int\u00e9rieur est enti\u00e8rement doubl\u00e9 de cuir v\u00e9ritable de premi\u00e8re qualit\u00e9, offrant une sensation de douceur et de respirabilit\u00e9. Le design tr\u00e8s fonctionnel comprend deux larges brides dot\u00e9es de fermetures auto-agrippantes cach\u00e9es, permettant un ajustement s\u00fbr et sur mesure. Ces mules \u00e9l\u00e9gantes reposent sur une semelle \u00e9paisse et textur\u00e9e \u00e0 l&rsquo;aspect li\u00e8ge rustique, avec une assise plantaire ergonomique offrant un soutien exceptionnel tout au long de la journ\u00e9e.<\/p>\n<ul data-path-to-node=\"15\">\n<li>\n<p data-path-to-node=\"15,0,0\"><b data-path-to-node=\"15,0,0\" data-index-in-node=\"0\">Caract\u00e9ristique Sp\u00e9ciale:<\/b> \u00c9dition Limit\u00e9e Exclusive<\/p>\n<\/li>\n<li>\n<p data-path-to-node=\"15,1,0\"><b data-path-to-node=\"15,1,0\" data-index-in-node=\"0\">Origine:<\/b> Fabriqu\u00e9 en Italie (Made in Italy)<\/p>\n<\/li>\n<li>\n<p data-path-to-node=\"15,2,0\"><b data-path-to-node=\"15,2,0\" data-index-in-node=\"0\">Mati\u00e8re Ext\u00e9rieure:<\/b> Tissu de qualit\u00e9 \u00e0 motif g\u00e9om\u00e9trique color\u00e9<\/p>\n<\/li>\n<li>\n<p data-path-to-node=\"15,3,0\"><b data-path-to-node=\"15,3,0\" data-index-in-node=\"0\">Doublure Int\u00e9rieure:<\/b> 100% Cuir V\u00e9ritable<\/p>\n<\/li>\n<li>\n<p data-path-to-node=\"15,4,0\"><b data-path-to-node=\"15,4,0\" data-index-in-node=\"0\">Semelle:<\/b> Semelle plateforme textur\u00e9e et ergonomique<\/p>\n<\/li>\n<li>\n<p data-path-to-node=\"15,5,0\"><b data-path-to-node=\"15,5,0\" data-index-in-node=\"0\">Fermeture:<\/b> Deux brides ajustables<\/p>\n<\/li>\n<\/ul>\n","protected":false},"excerpt":{"rendered":"<p>Affirmez votre style unique cette saison avec les sandales 2609-79 de VENISE COLLECTION. Fi\u00e8rement fabriqu\u00e9e en Italie, cette \u00c9dition Limit\u00e9e exclusive allie la beaut\u00e9 artisanale \u00e0 la praticit\u00e9 du quotidien. La tige ext\u00e9rieure est confectionn\u00e9e dans un tissu de haute qualit\u00e9 arborant un motif g\u00e9om\u00e9trique en zigzag multicolore et vibrant, capturant parfaitement l&rsquo;esth\u00e9tique boh\u00e8me chic. &hellip;<\/p>\n","protected":false},"featured_media":23384,"template":"","meta":[],"product_brand":[356],"product_cat":[331],"product_tag":[],"class_list":{"0":"post-23351","1":"product","2":"type-product","3":"status-publish","4":"has-post-thumbnail","6":"product_brand-venise-collection","7":"product_cat-sandale","9":"first","10":"instock","11":"shipping-taxable","12":"purchasable","13":"product-type-variable","14":"has-default-attributes"},"yoast_head":"<!-- This site is optimized with the Yoast SEO plugin v27.3 - https:\/\/yoast.com\/product\/yoast-seo-wordpress\/ -->\n<title>Sandales Plates Boho \u00c9dition Limit\u00e9e<\/title>\n<meta name=\"robots\" content=\"index, follow, max-snippet:-1, max-image-preview:large, max-video-preview:-1\" \/>\n<link rel=\"canonical\" href=\"https:\/\/www.venisecollection.com\/fr\/shop\/women\/sandale\/2609-79-miss-multicolor\" \/>\n<meta property=\"og:locale\" content=\"fr_FR\" \/>\n<meta property=\"og:type\" content=\"article\" \/>\n<meta property=\"og:title\" content=\"Sandales Plates Boho \u00c9dition Limit\u00e9e\" \/>\n<meta property=\"og:description\" content=\"Affirmez votre style unique cette saison avec les sandales 2609-79 de VENISE COLLECTION. Fi\u00e8rement fabriqu\u00e9e en Italie, cette \u00c9dition Limit\u00e9e exclusive allie la beaut\u00e9 artisanale \u00e0 la praticit\u00e9 du quotidien. La tige ext\u00e9rieure est confectionn\u00e9e dans un tissu de haute qualit\u00e9 arborant un motif g\u00e9om\u00e9trique en zigzag multicolore et vibrant, capturant parfaitement l&rsquo;esth\u00e9tique boh\u00e8me chic. &hellip;\" \/>\n<meta property=\"og:url\" content=\"https:\/\/www.venisecollection.com\/fr\/shop\/women\/sandale\/2609-79-miss-multicolor\" \/>\n<meta property=\"og:site_name\" content=\"VENISE COLLECTION\" \/>\n<meta property=\"article:modified_time\" content=\"2026-04-03T16:50:46+00:00\" \/>\n<meta property=\"og:image\" content=\"https:\/\/www.venisecollection.com\/cdn\/image-175-1.webp\" \/>\n\t<meta property=\"og:image:width\" content=\"1280\" \/>\n\t<meta property=\"og:image:height\" content=\"1588\" \/>\n\t<meta property=\"og:image:type\" content=\"image\/webp\" \/>\n<meta name=\"twitter:card\" content=\"summary_large_image\" \/>\n<meta name=\"twitter:label1\" content=\"Dur\u00e9e de lecture estim\u00e9e\" \/>\n\t<meta name=\"twitter:data1\" content=\"1 minute\" \/>\n<script type=\"application\/ld+json\" class=\"yoast-schema-graph\">{\"@context\":\"https:\\\/\\\/schema.org\",\"@graph\":[{\"@type\":\"WebPage\",\"@id\":\"https:\\\/\\\/www.venisecollection.com\\\/fr\\\/shop\\\/women\\\/sandale\\\/2609-79-miss-multicolor\",\"url\":\"https:\\\/\\\/www.venisecollection.com\\\/fr\\\/shop\\\/women\\\/sandale\\\/2609-79-miss-multicolor\",\"name\":\"Sandales Plates Boho \u00c9dition Limit\u00e9e\",\"isPartOf\":{\"@id\":\"https:\\\/\\\/www.venisecollection.com\\\/fr#website\"},\"primaryImageOfPage\":{\"@id\":\"https:\\\/\\\/www.venisecollection.com\\\/fr\\\/shop\\\/women\\\/sandale\\\/2609-79-miss-multicolor#primaryimage\"},\"image\":{\"@id\":\"https:\\\/\\\/www.venisecollection.com\\\/fr\\\/shop\\\/women\\\/sandale\\\/2609-79-miss-multicolor#primaryimage\"},\"thumbnailUrl\":\"https:\\\/\\\/www.venisecollection.com\\\/cdn\\\/image-175-1.webp\",\"datePublished\":\"2026-04-03T16:45:22+00:00\",\"dateModified\":\"2026-04-03T16:50:46+00:00\",\"breadcrumb\":{\"@id\":\"https:\\\/\\\/www.venisecollection.com\\\/fr\\\/shop\\\/women\\\/sandale\\\/2609-79-miss-multicolor#breadcrumb\"},\"inLanguage\":\"fr-FR\",\"potentialAction\":[{\"@type\":\"ReadAction\",\"target\":[\"https:\\\/\\\/www.venisecollection.com\\\/fr\\\/shop\\\/women\\\/sandale\\\/2609-79-miss-multicolor\"]}]},{\"@type\":\"ImageObject\",\"inLanguage\":\"fr-FR\",\"@id\":\"https:\\\/\\\/www.venisecollection.com\\\/fr\\\/shop\\\/women\\\/sandale\\\/2609-79-miss-multicolor#primaryimage\",\"url\":\"https:\\\/\\\/www.venisecollection.com\\\/cdn\\\/image-175-1.webp\",\"contentUrl\":\"https:\\\/\\\/www.venisecollection.com\\\/cdn\\\/image-175-1.webp\",\"width\":1280,\"height\":1588},{\"@type\":\"BreadcrumbList\",\"@id\":\"https:\\\/\\\/www.venisecollection.com\\\/fr\\\/shop\\\/women\\\/sandale\\\/2609-79-miss-multicolor#breadcrumb\",\"itemListElement\":[{\"@type\":\"ListItem\",\"position\":1,\"name\":\"Home\",\"item\":\"https:\\\/\\\/www.venisecollection.com\\\/fr\\\/boutique\"},{\"@type\":\"ListItem\",\"position\":2,\"name\":\"Accueil\",\"item\":\"https:\\\/\\\/www.venisecollection.com\\\/fr\\\/boutique\"},{\"@type\":\"ListItem\",\"position\":3,\"name\":\"2609-79 MISS MULTICOLOR\"}]},{\"@type\":\"WebSite\",\"@id\":\"https:\\\/\\\/www.venisecollection.com\\\/fr#website\",\"url\":\"https:\\\/\\\/www.venisecollection.com\\\/fr\",\"name\":\"VENISE COLLECTION\",\"description\":\"\",\"publisher\":{\"@id\":\"https:\\\/\\\/www.venisecollection.com\\\/fr#organization\"},\"potentialAction\":[{\"@type\":\"SearchAction\",\"target\":{\"@type\":\"EntryPoint\",\"urlTemplate\":\"https:\\\/\\\/www.venisecollection.com\\\/fr?s={search_term_string}\"},\"query-input\":{\"@type\":\"PropertyValueSpecification\",\"valueRequired\":true,\"valueName\":\"search_term_string\"}}],\"inLanguage\":\"fr-FR\"},{\"@type\":\"Organization\",\"@id\":\"https:\\\/\\\/www.venisecollection.com\\\/fr#organization\",\"name\":\"VENISE COLLECTION\",\"url\":\"https:\\\/\\\/www.venisecollection.com\\\/fr\",\"logo\":{\"@type\":\"ImageObject\",\"inLanguage\":\"fr-FR\",\"@id\":\"https:\\\/\\\/www.venisecollection.com\\\/fr#\\\/schema\\\/logo\\\/image\\\/\",\"url\":\"https:\\\/\\\/www.venisecollection.com\\\/cdn\\\/seo.png\",\"contentUrl\":\"https:\\\/\\\/www.venisecollection.com\\\/cdn\\\/seo.png\",\"width\":1080,\"height\":1080,\"caption\":\"VENISE COLLECTION\"},\"image\":{\"@id\":\"https:\\\/\\\/www.venisecollection.com\\\/fr#\\\/schema\\\/logo\\\/image\\\/\"},\"sameAs\":[\"https:\\\/\\\/www.instagram.com\\\/venisecollection\\\/\",\"https:\\\/\\\/fr.pinterest.com\\\/venisecollection\\\/\"]}]}<\/script>\n<!-- \/ Yoast SEO plugin. -->","yoast_head_json":{"title":"Sandales Plates Boho \u00c9dition Limit\u00e9e","robots":{"index":"index","follow":"follow","max-snippet":"max-snippet:-1","max-image-preview":"max-image-preview:large","max-video-preview":"max-video-preview:-1"},"canonical":"https:\/\/www.venisecollection.com\/fr\/shop\/women\/sandale\/2609-79-miss-multicolor","og_locale":"fr_FR","og_type":"article","og_title":"Sandales Plates Boho \u00c9dition Limit\u00e9e","og_description":"Affirmez votre style unique cette saison avec les sandales 2609-79 de VENISE COLLECTION. Fi\u00e8rement fabriqu\u00e9e en Italie, cette \u00c9dition Limit\u00e9e exclusive allie la beaut\u00e9 artisanale \u00e0 la praticit\u00e9 du quotidien. La tige ext\u00e9rieure est confectionn\u00e9e dans un tissu de haute qualit\u00e9 arborant un motif g\u00e9om\u00e9trique en zigzag multicolore et vibrant, capturant parfaitement l&rsquo;esth\u00e9tique boh\u00e8me chic. &hellip;","og_url":"https:\/\/www.venisecollection.com\/fr\/shop\/women\/sandale\/2609-79-miss-multicolor","og_site_name":"VENISE COLLECTION","article_modified_time":"2026-04-03T16:50:46+00:00","og_image":[{"width":1280,"height":1588,"url":"https:\/\/www.venisecollection.com\/cdn\/image-175-1.webp","type":"image\/webp"}],"twitter_card":"summary_large_image","twitter_misc":{"Dur\u00e9e de lecture estim\u00e9e":"1 minute"},"schema":{"@context":"https:\/\/schema.org","@graph":[{"@type":"WebPage","@id":"https:\/\/www.venisecollection.com\/fr\/shop\/women\/sandale\/2609-79-miss-multicolor","url":"https:\/\/www.venisecollection.com\/fr\/shop\/women\/sandale\/2609-79-miss-multicolor","name":"Sandales Plates Boho \u00c9dition Limit\u00e9e","isPartOf":{"@id":"https:\/\/www.venisecollection.com\/fr#website"},"primaryImageOfPage":{"@id":"https:\/\/www.venisecollection.com\/fr\/shop\/women\/sandale\/2609-79-miss-multicolor#primaryimage"},"image":{"@id":"https:\/\/www.venisecollection.com\/fr\/shop\/women\/sandale\/2609-79-miss-multicolor#primaryimage"},"thumbnailUrl":"https:\/\/www.venisecollection.com\/cdn\/image-175-1.webp","datePublished":"2026-04-03T16:45:22+00:00","dateModified":"2026-04-03T16:50:46+00:00","breadcrumb":{"@id":"https:\/\/www.venisecollection.com\/fr\/shop\/women\/sandale\/2609-79-miss-multicolor#breadcrumb"},"inLanguage":"fr-FR","potentialAction":[{"@type":"ReadAction","target":["https:\/\/www.venisecollection.com\/fr\/shop\/women\/sandale\/2609-79-miss-multicolor"]}]},{"@type":"ImageObject","inLanguage":"fr-FR","@id":"https:\/\/www.venisecollection.com\/fr\/shop\/women\/sandale\/2609-79-miss-multicolor#primaryimage","url":"https:\/\/www.venisecollection.com\/cdn\/image-175-1.webp","contentUrl":"https:\/\/www.venisecollection.com\/cdn\/image-175-1.webp","width":1280,"height":1588},{"@type":"BreadcrumbList","@id":"https:\/\/www.venisecollection.com\/fr\/shop\/women\/sandale\/2609-79-miss-multicolor#breadcrumb","itemListElement":[{"@type":"ListItem","position":1,"name":"Home","item":"https:\/\/www.venisecollection.com\/fr\/boutique"},{"@type":"ListItem","position":2,"name":"Accueil","item":"https:\/\/www.venisecollection.com\/fr\/boutique"},{"@type":"ListItem","position":3,"name":"2609-79 MISS MULTICOLOR"}]},{"@type":"WebSite","@id":"https:\/\/www.venisecollection.com\/fr#website","url":"https:\/\/www.venisecollection.com\/fr","name":"VENISE COLLECTION","description":"","publisher":{"@id":"https:\/\/www.venisecollection.com\/fr#organization"},"potentialAction":[{"@type":"SearchAction","target":{"@type":"EntryPoint","urlTemplate":"https:\/\/www.venisecollection.com\/fr?s={search_term_string}"},"query-input":{"@type":"PropertyValueSpecification","valueRequired":true,"valueName":"search_term_string"}}],"inLanguage":"fr-FR"},{"@type":"Organization","@id":"https:\/\/www.venisecollection.com\/fr#organization","name":"VENISE COLLECTION","url":"https:\/\/www.venisecollection.com\/fr","logo":{"@type":"ImageObject","inLanguage":"fr-FR","@id":"https:\/\/www.venisecollection.com\/fr#\/schema\/logo\/image\/","url":"https:\/\/www.venisecollection.com\/cdn\/seo.png","contentUrl":"https:\/\/www.venisecollection.com\/cdn\/seo.png","width":1080,"height":1080,"caption":"VENISE COLLECTION"},"image":{"@id":"https:\/\/www.venisecollection.com\/fr#\/schema\/logo\/image\/"},"sameAs":["https:\/\/www.instagram.com\/venisecollection\/","https:\/\/fr.pinterest.com\/venisecollection\/"]}]}},"_links":{"self":[{"href":"https:\/\/www.venisecollection.com\/fr\/wp-json\/wp\/v2\/product\/23351","targetHints":{"allow":["GET"]}}],"collection":[{"href":"https:\/\/www.venisecollection.com\/fr\/wp-json\/wp\/v2\/product"}],"about":[{"href":"https:\/\/www.venisecollection.com\/fr\/wp-json\/wp\/v2\/types\/product"}],"wp:featuredmedia":[{"embeddable":true,"href":"https:\/\/www.venisecollection.com\/fr\/wp-json\/wp\/v2\/media\/23384"}],"wp:attachment":[{"href":"https:\/\/www.venisecollection.com\/fr\/wp-json\/wp\/v2\/media?parent=23351"}],"wp:term":[{"taxonomy":"product_brand","embeddable":true,"href":"https:\/\/www.venisecollection.com\/fr\/wp-json\/wp\/v2\/product_brand?post=23351"},{"taxonomy":"product_cat","embeddable":true,"href":"https:\/\/www.venisecollection.com\/fr\/wp-json\/wp\/v2\/product_cat?post=23351"},{"taxonomy":"product_tag","embeddable":true,"href":"https:\/\/www.venisecollection.com\/fr\/wp-json\/wp\/v2\/product_tag?post=23351"}],"curies":[{"name":"wp","href":"https:\/\/api.w.org\/{rel}","templated":true}]}}