{"id":23586,"date":"2026-04-07T11:54:05","date_gmt":"2026-04-07T11:54:05","guid":{"rendered":"https:\/\/www.venisecollection.com\/?post_type=product&#038;p=23586"},"modified":"2026-04-07T14:41:55","modified_gmt":"2026-04-07T14:41:55","slug":"1582-511-miss-multicolor","status":"publish","type":"product","link":"https:\/\/www.venisecollection.com\/fr\/shop\/women\/sandale\/1582-511-miss-multicolor","title":{"rendered":"1582-511 MISS. MULTICOLOR"},"content":{"rendered":"<p data-path-to-node=\"13\">Ajoutez une touche de couleur vibrante \u00e0 votre garde-robe estivale avec les <b data-path-to-node=\"13\" data-index-in-node=\"359\">sandales plateformes 1582-511 MISS. MULTICOLOR<\/b> de <b data-path-to-node=\"13\" data-index-in-node=\"409\">VENISE COLLECTION<\/b>. Fi\u00e8rement <b data-path-to-node=\"13\" data-index-in-node=\"438\">fabriqu\u00e9es en Italie<\/b>, ces sandales \u00e9l\u00e9gantes allient parfaitement l&rsquo;esth\u00e9tique boh\u00e8me d\u00e9contract\u00e9e au confort sportif quotidien. La tige remarquable est confectionn\u00e9e dans un tissu tiss\u00e9 de haute qualit\u00e9, arborant un motif g\u00e9om\u00e9trique en zigzag multicolore tr\u00e8s dynamique qui se d\u00e9marque magnifiquement.<\/p>\n<p data-path-to-node=\"14\">Con\u00e7ue pour un port s\u00fbr et confortable, la sandale comprend une large bride sur les orteils et une bride de cheville r\u00e9glable avec une boucle m\u00e9tallique robuste. La base de cette chaussure est sa semelle plateforme multicouche incroyablement confortable. Dot\u00e9e d&rsquo;une assise plantaire rembourr\u00e9e, d&rsquo;une semelle interm\u00e9diaire aux tons neutres et d&rsquo;une \u00e9paisse semelle ext\u00e9rieure blanche avec de profondes rainures de flexion, elle offre une excellente absorption des chocs et une traction optimale pour marcher toute la journ\u00e9e.<\/p>\n<ul data-path-to-node=\"15\">\n<li>\n<p data-path-to-node=\"15,0,0\"><b data-path-to-node=\"15,0,0\" data-index-in-node=\"0\">Origine:<\/b> Fabriqu\u00e9 en Italie (Made in Italy)<\/p>\n<\/li>\n<li>\n<p data-path-to-node=\"15,1,0\"><b data-path-to-node=\"15,1,0\" data-index-in-node=\"0\">Style:<\/b> Sandale Plateforme Sportive Boho<\/p>\n<\/li>\n<li>\n<p data-path-to-node=\"15,2,0\"><b data-path-to-node=\"15,2,0\" data-index-in-node=\"0\">Mati\u00e8re de la tige:<\/b> Tissu tiss\u00e9 avec motif zigzag multicolore<\/p>\n<\/li>\n<li>\n<p data-path-to-node=\"15,3,0\"><b data-path-to-node=\"15,3,0\" data-index-in-node=\"0\">Semelle:<\/b> Plateforme multicouche avec rainures de flexion profondes<\/p>\n<\/li>\n<li>\n<p data-path-to-node=\"15,4,0\"><b data-path-to-node=\"15,4,0\" data-index-in-node=\"0\">Fermeture:<\/b> Bride de cheville ajustable avec boucle m\u00e9tallique<\/p>\n<\/li>\n<\/ul>\n","protected":false},"excerpt":{"rendered":"<p>Ajoutez une touche de couleur vibrante \u00e0 votre garde-robe estivale avec les sandales plateformes 1582-511 MISS. MULTICOLOR de VENISE COLLECTION. Fi\u00e8rement fabriqu\u00e9es en Italie, ces sandales \u00e9l\u00e9gantes allient parfaitement l&rsquo;esth\u00e9tique boh\u00e8me d\u00e9contract\u00e9e au confort sportif quotidien. La tige remarquable est confectionn\u00e9e dans un tissu tiss\u00e9 de haute qualit\u00e9, arborant un motif g\u00e9om\u00e9trique en zigzag multicolore &hellip;<\/p>\n","protected":false},"featured_media":23609,"template":"","meta":[],"product_brand":[356],"product_cat":[331],"product_tag":[],"class_list":{"0":"post-23586","1":"product","2":"type-product","3":"status-publish","4":"has-post-thumbnail","6":"product_brand-venise-collection","7":"product_cat-sandale","9":"first","10":"instock","11":"shipping-taxable","12":"purchasable","13":"product-type-variable"},"yoast_head":"<!-- This site is optimized with the Yoast SEO plugin v27.3 - https:\/\/yoast.com\/product\/yoast-seo-wordpress\/ -->\n<title>Sandales Plateformes en Tissu Boho - Miss Multicolor<\/title>\n<meta name=\"robots\" content=\"index, follow, max-snippet:-1, max-image-preview:large, max-video-preview:-1\" \/>\n<link rel=\"canonical\" href=\"https:\/\/www.venisecollection.com\/fr\/shop\/women\/sandale\/1582-511-miss-multicolor\" \/>\n<meta property=\"og:locale\" content=\"fr_FR\" \/>\n<meta property=\"og:type\" content=\"article\" \/>\n<meta property=\"og:title\" content=\"Sandales Plateformes en Tissu Boho - Miss Multicolor\" \/>\n<meta property=\"og:description\" content=\"Ajoutez une touche de couleur vibrante \u00e0 votre garde-robe estivale avec les sandales plateformes 1582-511 MISS. MULTICOLOR de VENISE COLLECTION. Fi\u00e8rement fabriqu\u00e9es en Italie, ces sandales \u00e9l\u00e9gantes allient parfaitement l&rsquo;esth\u00e9tique boh\u00e8me d\u00e9contract\u00e9e au confort sportif quotidien. La tige remarquable est confectionn\u00e9e dans un tissu tiss\u00e9 de haute qualit\u00e9, arborant un motif g\u00e9om\u00e9trique en zigzag multicolore &hellip;\" \/>\n<meta property=\"og:url\" content=\"https:\/\/www.venisecollection.com\/fr\/shop\/women\/sandale\/1582-511-miss-multicolor\" \/>\n<meta property=\"og:site_name\" content=\"VENISE COLLECTION\" \/>\n<meta property=\"article:modified_time\" content=\"2026-04-07T14:41:55+00:00\" \/>\n<meta property=\"og:image\" content=\"https:\/\/www.venisecollection.com\/cdn\/image-193-1.webp\" \/>\n\t<meta property=\"og:image:width\" content=\"1280\" \/>\n\t<meta property=\"og:image:height\" content=\"1588\" \/>\n\t<meta property=\"og:image:type\" content=\"image\/webp\" \/>\n<meta name=\"twitter:card\" content=\"summary_large_image\" \/>\n<meta name=\"twitter:label1\" content=\"Dur\u00e9e de lecture estim\u00e9e\" \/>\n\t<meta name=\"twitter:data1\" content=\"1 minute\" \/>\n<script type=\"application\/ld+json\" class=\"yoast-schema-graph\">{\"@context\":\"https:\\\/\\\/schema.org\",\"@graph\":[{\"@type\":\"WebPage\",\"@id\":\"https:\\\/\\\/www.venisecollection.com\\\/fr\\\/shop\\\/women\\\/sandale\\\/1582-511-miss-multicolor\",\"url\":\"https:\\\/\\\/www.venisecollection.com\\\/fr\\\/shop\\\/women\\\/sandale\\\/1582-511-miss-multicolor\",\"name\":\"Sandales Plateformes en Tissu Boho - Miss Multicolor\",\"isPartOf\":{\"@id\":\"https:\\\/\\\/www.venisecollection.com\\\/fr#website\"},\"primaryImageOfPage\":{\"@id\":\"https:\\\/\\\/www.venisecollection.com\\\/fr\\\/shop\\\/women\\\/sandale\\\/1582-511-miss-multicolor#primaryimage\"},\"image\":{\"@id\":\"https:\\\/\\\/www.venisecollection.com\\\/fr\\\/shop\\\/women\\\/sandale\\\/1582-511-miss-multicolor#primaryimage\"},\"thumbnailUrl\":\"https:\\\/\\\/www.venisecollection.com\\\/cdn\\\/image-193-1.webp\",\"datePublished\":\"2026-04-07T11:54:05+00:00\",\"dateModified\":\"2026-04-07T14:41:55+00:00\",\"breadcrumb\":{\"@id\":\"https:\\\/\\\/www.venisecollection.com\\\/fr\\\/shop\\\/women\\\/sandale\\\/1582-511-miss-multicolor#breadcrumb\"},\"inLanguage\":\"fr-FR\",\"potentialAction\":[{\"@type\":\"ReadAction\",\"target\":[\"https:\\\/\\\/www.venisecollection.com\\\/fr\\\/shop\\\/women\\\/sandale\\\/1582-511-miss-multicolor\"]}]},{\"@type\":\"ImageObject\",\"inLanguage\":\"fr-FR\",\"@id\":\"https:\\\/\\\/www.venisecollection.com\\\/fr\\\/shop\\\/women\\\/sandale\\\/1582-511-miss-multicolor#primaryimage\",\"url\":\"https:\\\/\\\/www.venisecollection.com\\\/cdn\\\/image-193-1.webp\",\"contentUrl\":\"https:\\\/\\\/www.venisecollection.com\\\/cdn\\\/image-193-1.webp\",\"width\":1280,\"height\":1588},{\"@type\":\"BreadcrumbList\",\"@id\":\"https:\\\/\\\/www.venisecollection.com\\\/fr\\\/shop\\\/women\\\/sandale\\\/1582-511-miss-multicolor#breadcrumb\",\"itemListElement\":[{\"@type\":\"ListItem\",\"position\":1,\"name\":\"Home\",\"item\":\"https:\\\/\\\/www.venisecollection.com\\\/fr\\\/boutique\"},{\"@type\":\"ListItem\",\"position\":2,\"name\":\"Accueil\",\"item\":\"https:\\\/\\\/www.venisecollection.com\\\/fr\\\/boutique\"},{\"@type\":\"ListItem\",\"position\":3,\"name\":\"1582-511 MISS. MULTICOLOR\"}]},{\"@type\":\"WebSite\",\"@id\":\"https:\\\/\\\/www.venisecollection.com\\\/fr#website\",\"url\":\"https:\\\/\\\/www.venisecollection.com\\\/fr\",\"name\":\"VENISE COLLECTION\",\"description\":\"\",\"publisher\":{\"@id\":\"https:\\\/\\\/www.venisecollection.com\\\/fr#organization\"},\"potentialAction\":[{\"@type\":\"SearchAction\",\"target\":{\"@type\":\"EntryPoint\",\"urlTemplate\":\"https:\\\/\\\/www.venisecollection.com\\\/fr?s={search_term_string}\"},\"query-input\":{\"@type\":\"PropertyValueSpecification\",\"valueRequired\":true,\"valueName\":\"search_term_string\"}}],\"inLanguage\":\"fr-FR\"},{\"@type\":\"Organization\",\"@id\":\"https:\\\/\\\/www.venisecollection.com\\\/fr#organization\",\"name\":\"VENISE COLLECTION\",\"url\":\"https:\\\/\\\/www.venisecollection.com\\\/fr\",\"logo\":{\"@type\":\"ImageObject\",\"inLanguage\":\"fr-FR\",\"@id\":\"https:\\\/\\\/www.venisecollection.com\\\/fr#\\\/schema\\\/logo\\\/image\\\/\",\"url\":\"https:\\\/\\\/www.venisecollection.com\\\/cdn\\\/seo.png\",\"contentUrl\":\"https:\\\/\\\/www.venisecollection.com\\\/cdn\\\/seo.png\",\"width\":1080,\"height\":1080,\"caption\":\"VENISE COLLECTION\"},\"image\":{\"@id\":\"https:\\\/\\\/www.venisecollection.com\\\/fr#\\\/schema\\\/logo\\\/image\\\/\"},\"sameAs\":[\"https:\\\/\\\/www.instagram.com\\\/venisecollection\\\/\",\"https:\\\/\\\/fr.pinterest.com\\\/venisecollection\\\/\"]}]}<\/script>\n<!-- \/ Yoast SEO plugin. -->","yoast_head_json":{"title":"Sandales Plateformes en Tissu Boho - Miss Multicolor","robots":{"index":"index","follow":"follow","max-snippet":"max-snippet:-1","max-image-preview":"max-image-preview:large","max-video-preview":"max-video-preview:-1"},"canonical":"https:\/\/www.venisecollection.com\/fr\/shop\/women\/sandale\/1582-511-miss-multicolor","og_locale":"fr_FR","og_type":"article","og_title":"Sandales Plateformes en Tissu Boho - Miss Multicolor","og_description":"Ajoutez une touche de couleur vibrante \u00e0 votre garde-robe estivale avec les sandales plateformes 1582-511 MISS. MULTICOLOR de VENISE COLLECTION. Fi\u00e8rement fabriqu\u00e9es en Italie, ces sandales \u00e9l\u00e9gantes allient parfaitement l&rsquo;esth\u00e9tique boh\u00e8me d\u00e9contract\u00e9e au confort sportif quotidien. La tige remarquable est confectionn\u00e9e dans un tissu tiss\u00e9 de haute qualit\u00e9, arborant un motif g\u00e9om\u00e9trique en zigzag multicolore &hellip;","og_url":"https:\/\/www.venisecollection.com\/fr\/shop\/women\/sandale\/1582-511-miss-multicolor","og_site_name":"VENISE COLLECTION","article_modified_time":"2026-04-07T14:41:55+00:00","og_image":[{"width":1280,"height":1588,"url":"https:\/\/www.venisecollection.com\/cdn\/image-193-1.webp","type":"image\/webp"}],"twitter_card":"summary_large_image","twitter_misc":{"Dur\u00e9e de lecture estim\u00e9e":"1 minute"},"schema":{"@context":"https:\/\/schema.org","@graph":[{"@type":"WebPage","@id":"https:\/\/www.venisecollection.com\/fr\/shop\/women\/sandale\/1582-511-miss-multicolor","url":"https:\/\/www.venisecollection.com\/fr\/shop\/women\/sandale\/1582-511-miss-multicolor","name":"Sandales Plateformes en Tissu Boho - Miss Multicolor","isPartOf":{"@id":"https:\/\/www.venisecollection.com\/fr#website"},"primaryImageOfPage":{"@id":"https:\/\/www.venisecollection.com\/fr\/shop\/women\/sandale\/1582-511-miss-multicolor#primaryimage"},"image":{"@id":"https:\/\/www.venisecollection.com\/fr\/shop\/women\/sandale\/1582-511-miss-multicolor#primaryimage"},"thumbnailUrl":"https:\/\/www.venisecollection.com\/cdn\/image-193-1.webp","datePublished":"2026-04-07T11:54:05+00:00","dateModified":"2026-04-07T14:41:55+00:00","breadcrumb":{"@id":"https:\/\/www.venisecollection.com\/fr\/shop\/women\/sandale\/1582-511-miss-multicolor#breadcrumb"},"inLanguage":"fr-FR","potentialAction":[{"@type":"ReadAction","target":["https:\/\/www.venisecollection.com\/fr\/shop\/women\/sandale\/1582-511-miss-multicolor"]}]},{"@type":"ImageObject","inLanguage":"fr-FR","@id":"https:\/\/www.venisecollection.com\/fr\/shop\/women\/sandale\/1582-511-miss-multicolor#primaryimage","url":"https:\/\/www.venisecollection.com\/cdn\/image-193-1.webp","contentUrl":"https:\/\/www.venisecollection.com\/cdn\/image-193-1.webp","width":1280,"height":1588},{"@type":"BreadcrumbList","@id":"https:\/\/www.venisecollection.com\/fr\/shop\/women\/sandale\/1582-511-miss-multicolor#breadcrumb","itemListElement":[{"@type":"ListItem","position":1,"name":"Home","item":"https:\/\/www.venisecollection.com\/fr\/boutique"},{"@type":"ListItem","position":2,"name":"Accueil","item":"https:\/\/www.venisecollection.com\/fr\/boutique"},{"@type":"ListItem","position":3,"name":"1582-511 MISS. MULTICOLOR"}]},{"@type":"WebSite","@id":"https:\/\/www.venisecollection.com\/fr#website","url":"https:\/\/www.venisecollection.com\/fr","name":"VENISE COLLECTION","description":"","publisher":{"@id":"https:\/\/www.venisecollection.com\/fr#organization"},"potentialAction":[{"@type":"SearchAction","target":{"@type":"EntryPoint","urlTemplate":"https:\/\/www.venisecollection.com\/fr?s={search_term_string}"},"query-input":{"@type":"PropertyValueSpecification","valueRequired":true,"valueName":"search_term_string"}}],"inLanguage":"fr-FR"},{"@type":"Organization","@id":"https:\/\/www.venisecollection.com\/fr#organization","name":"VENISE COLLECTION","url":"https:\/\/www.venisecollection.com\/fr","logo":{"@type":"ImageObject","inLanguage":"fr-FR","@id":"https:\/\/www.venisecollection.com\/fr#\/schema\/logo\/image\/","url":"https:\/\/www.venisecollection.com\/cdn\/seo.png","contentUrl":"https:\/\/www.venisecollection.com\/cdn\/seo.png","width":1080,"height":1080,"caption":"VENISE COLLECTION"},"image":{"@id":"https:\/\/www.venisecollection.com\/fr#\/schema\/logo\/image\/"},"sameAs":["https:\/\/www.instagram.com\/venisecollection\/","https:\/\/fr.pinterest.com\/venisecollection\/"]}]}},"_links":{"self":[{"href":"https:\/\/www.venisecollection.com\/fr\/wp-json\/wp\/v2\/product\/23586","targetHints":{"allow":["GET"]}}],"collection":[{"href":"https:\/\/www.venisecollection.com\/fr\/wp-json\/wp\/v2\/product"}],"about":[{"href":"https:\/\/www.venisecollection.com\/fr\/wp-json\/wp\/v2\/types\/product"}],"wp:featuredmedia":[{"embeddable":true,"href":"https:\/\/www.venisecollection.com\/fr\/wp-json\/wp\/v2\/media\/23609"}],"wp:attachment":[{"href":"https:\/\/www.venisecollection.com\/fr\/wp-json\/wp\/v2\/media?parent=23586"}],"wp:term":[{"taxonomy":"product_brand","embeddable":true,"href":"https:\/\/www.venisecollection.com\/fr\/wp-json\/wp\/v2\/product_brand?post=23586"},{"taxonomy":"product_cat","embeddable":true,"href":"https:\/\/www.venisecollection.com\/fr\/wp-json\/wp\/v2\/product_cat?post=23586"},{"taxonomy":"product_tag","embeddable":true,"href":"https:\/\/www.venisecollection.com\/fr\/wp-json\/wp\/v2\/product_tag?post=23586"}],"curies":[{"name":"wp","href":"https:\/\/api.w.org\/{rel}","templated":true}]}}