{"id":23663,"date":"2026-04-07T15:15:21","date_gmt":"2026-04-07T15:15:21","guid":{"rendered":"https:\/\/www.venisecollection.com\/?post_type=product&#038;p=23663"},"modified":"2026-04-07T15:24:45","modified_gmt":"2026-04-07T15:24:45","slug":"ash-eva-black","status":"publish","type":"product","link":"https:\/\/www.venisecollection.com\/fr\/shop\/women\/sandale\/ash-eva-black","title":{"rendered":"ASH EVA BLACK"},"content":{"rendered":"<p data-path-to-node=\"14\">Rehaussez votre garde-robe contemporaine avec les sophistiqu\u00e9es <b data-path-to-node=\"14\" data-index-in-node=\"323\">sandales EVA BLACK<\/b> de <b data-path-to-node=\"14\" data-index-in-node=\"345\">ASH<\/b>. Ces sandales \u00e0 enfiler, chics et sans effort, sont confectionn\u00e9es en cuir nappa noir souple, mises en valeur par un superbe design fronc\u00e9 \u00e0 bandes multiples sur la tige qui ajoute une touche de texture volumineuse et d&rsquo;allure moderne.<\/p>\n<p data-path-to-node=\"15\">Dans l&rsquo;air du temps, la sandale pr\u00e9sente un bout carr\u00e9 net qui offre une silhouette moderne et un ajustement confortable. Le talon bloc \u00e9l\u00e9gamment incurv\u00e9 de 2,55 pouces offre la hauteur id\u00e9ale tout en assurant stabilit\u00e9 et confort tout au long de la journ\u00e9e. Dot\u00e9es d&rsquo;une semelle en caoutchouc durable, ces sandales \u00e0 enfiler sont des chaussures ultra-polyvalentes, s&rsquo;associant parfaitement avec tout, des pantalons de tailleur \u00e0 vos robes de soir\u00e9e pr\u00e9f\u00e9r\u00e9es.<\/p>\n<ul data-path-to-node=\"16\">\n<li>\n<p data-path-to-node=\"16,0,0\"><b data-path-to-node=\"16,0,0\" data-index-in-node=\"0\">Mati\u00e8re de la tige:<\/b> Cuir nappa noir de qualit\u00e9 sup\u00e9rieure avec design fronc\u00e9<\/p>\n<\/li>\n<li>\n<p data-path-to-node=\"16,1,0\"><b data-path-to-node=\"16,1,0\" data-index-in-node=\"0\">Style:<\/b> Sandale \u00e0 enfiler avec bout carr\u00e9 moderne<\/p>\n<\/li>\n<li>\n<p data-path-to-node=\"16,2,0\"><b data-path-to-node=\"16,2,0\" data-index-in-node=\"0\">Hauteur du talon:<\/b> Talon bloc incurv\u00e9 de 2,55 pouces<\/p>\n<\/li>\n<li>\n<p data-path-to-node=\"16,3,0\"><b data-path-to-node=\"16,3,0\" data-index-in-node=\"0\">Doublure et Semelle:<\/b> Doublure 80% synth\u00e9tique, 20% cuir avec semelle ext\u00e9rieure en caoutchouc<\/p>\n<\/li>\n<li>\n<p data-path-to-node=\"16,4,0\"><b data-path-to-node=\"16,4,0\" data-index-in-node=\"0\">Entretien:<\/b> Nettoyage localis\u00e9 uniquement (Spot clean)<\/p>\n<\/li>\n<\/ul>\n","protected":false},"excerpt":{"rendered":"<p>Rehaussez votre garde-robe contemporaine avec les sophistiqu\u00e9es sandales EVA BLACK de ASH. Ces sandales \u00e0 enfiler, chics et sans effort, sont confectionn\u00e9es en cuir nappa noir souple, mises en valeur par un superbe design fronc\u00e9 \u00e0 bandes multiples sur la tige qui ajoute une touche de texture volumineuse et d&rsquo;allure moderne. Dans l&rsquo;air du temps, &hellip;<\/p>\n","protected":false},"featured_media":23701,"template":"","meta":[],"product_brand":[390],"product_cat":[331],"product_tag":[],"class_list":{"0":"post-23663","1":"product","2":"type-product","3":"status-publish","4":"has-post-thumbnail","6":"product_brand-ash","7":"product_cat-sandale","9":"first","10":"instock","11":"shipping-taxable","12":"purchasable","13":"product-type-variable","14":"has-default-attributes"},"yoast_head":"<!-- This site is optimized with the Yoast SEO plugin v27.3 - https:\/\/yoast.com\/product\/yoast-seo-wordpress\/ -->\n<title>Sandales \u00e0 Talons en Cuir Fronc\u00e9 Noir - ASH EVA BLACK<\/title>\n<meta name=\"robots\" content=\"index, follow, max-snippet:-1, max-image-preview:large, max-video-preview:-1\" \/>\n<link rel=\"canonical\" href=\"https:\/\/www.venisecollection.com\/fr\/shop\/women\/sandale\/ash-eva-black\" \/>\n<meta property=\"og:locale\" content=\"fr_FR\" \/>\n<meta property=\"og:type\" content=\"article\" \/>\n<meta property=\"og:title\" content=\"Sandales \u00e0 Talons en Cuir Fronc\u00e9 Noir - ASH EVA BLACK\" \/>\n<meta property=\"og:description\" content=\"Rehaussez votre garde-robe contemporaine avec les sophistiqu\u00e9es sandales EVA BLACK de ASH. Ces sandales \u00e0 enfiler, chics et sans effort, sont confectionn\u00e9es en cuir nappa noir souple, mises en valeur par un superbe design fronc\u00e9 \u00e0 bandes multiples sur la tige qui ajoute une touche de texture volumineuse et d&rsquo;allure moderne. Dans l&rsquo;air du temps, &hellip;\" \/>\n<meta property=\"og:url\" content=\"https:\/\/www.venisecollection.com\/fr\/shop\/women\/sandale\/ash-eva-black\" \/>\n<meta property=\"og:site_name\" content=\"VENISE COLLECTION\" \/>\n<meta property=\"article:modified_time\" content=\"2026-04-07T15:24:45+00:00\" \/>\n<meta property=\"og:image\" content=\"https:\/\/www.venisecollection.com\/cdn\/image-198-1.webp\" \/>\n\t<meta property=\"og:image:width\" content=\"1280\" \/>\n\t<meta property=\"og:image:height\" content=\"1588\" \/>\n\t<meta property=\"og:image:type\" content=\"image\/webp\" \/>\n<meta name=\"twitter:card\" content=\"summary_large_image\" \/>\n<meta name=\"twitter:label1\" content=\"Dur\u00e9e de lecture estim\u00e9e\" \/>\n\t<meta name=\"twitter:data1\" content=\"1 minute\" \/>\n<script type=\"application\/ld+json\" class=\"yoast-schema-graph\">{\"@context\":\"https:\\\/\\\/schema.org\",\"@graph\":[{\"@type\":\"WebPage\",\"@id\":\"https:\\\/\\\/www.venisecollection.com\\\/fr\\\/shop\\\/women\\\/sandale\\\/ash-eva-black\",\"url\":\"https:\\\/\\\/www.venisecollection.com\\\/fr\\\/shop\\\/women\\\/sandale\\\/ash-eva-black\",\"name\":\"Sandales \u00e0 Talons en Cuir Fronc\u00e9 Noir - ASH EVA BLACK\",\"isPartOf\":{\"@id\":\"https:\\\/\\\/www.venisecollection.com\\\/fr#website\"},\"primaryImageOfPage\":{\"@id\":\"https:\\\/\\\/www.venisecollection.com\\\/fr\\\/shop\\\/women\\\/sandale\\\/ash-eva-black#primaryimage\"},\"image\":{\"@id\":\"https:\\\/\\\/www.venisecollection.com\\\/fr\\\/shop\\\/women\\\/sandale\\\/ash-eva-black#primaryimage\"},\"thumbnailUrl\":\"https:\\\/\\\/www.venisecollection.com\\\/cdn\\\/image-198-1.webp\",\"datePublished\":\"2026-04-07T15:15:21+00:00\",\"dateModified\":\"2026-04-07T15:24:45+00:00\",\"breadcrumb\":{\"@id\":\"https:\\\/\\\/www.venisecollection.com\\\/fr\\\/shop\\\/women\\\/sandale\\\/ash-eva-black#breadcrumb\"},\"inLanguage\":\"fr-FR\",\"potentialAction\":[{\"@type\":\"ReadAction\",\"target\":[\"https:\\\/\\\/www.venisecollection.com\\\/fr\\\/shop\\\/women\\\/sandale\\\/ash-eva-black\"]}]},{\"@type\":\"ImageObject\",\"inLanguage\":\"fr-FR\",\"@id\":\"https:\\\/\\\/www.venisecollection.com\\\/fr\\\/shop\\\/women\\\/sandale\\\/ash-eva-black#primaryimage\",\"url\":\"https:\\\/\\\/www.venisecollection.com\\\/cdn\\\/image-198-1.webp\",\"contentUrl\":\"https:\\\/\\\/www.venisecollection.com\\\/cdn\\\/image-198-1.webp\",\"width\":1280,\"height\":1588},{\"@type\":\"BreadcrumbList\",\"@id\":\"https:\\\/\\\/www.venisecollection.com\\\/fr\\\/shop\\\/women\\\/sandale\\\/ash-eva-black#breadcrumb\",\"itemListElement\":[{\"@type\":\"ListItem\",\"position\":1,\"name\":\"Home\",\"item\":\"https:\\\/\\\/www.venisecollection.com\\\/fr\\\/boutique\"},{\"@type\":\"ListItem\",\"position\":2,\"name\":\"Accueil\",\"item\":\"https:\\\/\\\/www.venisecollection.com\\\/fr\\\/boutique\"},{\"@type\":\"ListItem\",\"position\":3,\"name\":\"ASH EVA BLACK\"}]},{\"@type\":\"WebSite\",\"@id\":\"https:\\\/\\\/www.venisecollection.com\\\/fr#website\",\"url\":\"https:\\\/\\\/www.venisecollection.com\\\/fr\",\"name\":\"VENISE COLLECTION\",\"description\":\"\",\"publisher\":{\"@id\":\"https:\\\/\\\/www.venisecollection.com\\\/fr#organization\"},\"potentialAction\":[{\"@type\":\"SearchAction\",\"target\":{\"@type\":\"EntryPoint\",\"urlTemplate\":\"https:\\\/\\\/www.venisecollection.com\\\/fr?s={search_term_string}\"},\"query-input\":{\"@type\":\"PropertyValueSpecification\",\"valueRequired\":true,\"valueName\":\"search_term_string\"}}],\"inLanguage\":\"fr-FR\"},{\"@type\":\"Organization\",\"@id\":\"https:\\\/\\\/www.venisecollection.com\\\/fr#organization\",\"name\":\"VENISE COLLECTION\",\"url\":\"https:\\\/\\\/www.venisecollection.com\\\/fr\",\"logo\":{\"@type\":\"ImageObject\",\"inLanguage\":\"fr-FR\",\"@id\":\"https:\\\/\\\/www.venisecollection.com\\\/fr#\\\/schema\\\/logo\\\/image\\\/\",\"url\":\"https:\\\/\\\/www.venisecollection.com\\\/cdn\\\/seo.png\",\"contentUrl\":\"https:\\\/\\\/www.venisecollection.com\\\/cdn\\\/seo.png\",\"width\":1080,\"height\":1080,\"caption\":\"VENISE COLLECTION\"},\"image\":{\"@id\":\"https:\\\/\\\/www.venisecollection.com\\\/fr#\\\/schema\\\/logo\\\/image\\\/\"},\"sameAs\":[\"https:\\\/\\\/www.instagram.com\\\/venisecollection\\\/\",\"https:\\\/\\\/fr.pinterest.com\\\/venisecollection\\\/\"]}]}<\/script>\n<!-- \/ Yoast SEO plugin. -->","yoast_head_json":{"title":"Sandales \u00e0 Talons en Cuir Fronc\u00e9 Noir - ASH EVA BLACK","robots":{"index":"index","follow":"follow","max-snippet":"max-snippet:-1","max-image-preview":"max-image-preview:large","max-video-preview":"max-video-preview:-1"},"canonical":"https:\/\/www.venisecollection.com\/fr\/shop\/women\/sandale\/ash-eva-black","og_locale":"fr_FR","og_type":"article","og_title":"Sandales \u00e0 Talons en Cuir Fronc\u00e9 Noir - ASH EVA BLACK","og_description":"Rehaussez votre garde-robe contemporaine avec les sophistiqu\u00e9es sandales EVA BLACK de ASH. Ces sandales \u00e0 enfiler, chics et sans effort, sont confectionn\u00e9es en cuir nappa noir souple, mises en valeur par un superbe design fronc\u00e9 \u00e0 bandes multiples sur la tige qui ajoute une touche de texture volumineuse et d&rsquo;allure moderne. Dans l&rsquo;air du temps, &hellip;","og_url":"https:\/\/www.venisecollection.com\/fr\/shop\/women\/sandale\/ash-eva-black","og_site_name":"VENISE COLLECTION","article_modified_time":"2026-04-07T15:24:45+00:00","og_image":[{"width":1280,"height":1588,"url":"https:\/\/www.venisecollection.com\/cdn\/image-198-1.webp","type":"image\/webp"}],"twitter_card":"summary_large_image","twitter_misc":{"Dur\u00e9e de lecture estim\u00e9e":"1 minute"},"schema":{"@context":"https:\/\/schema.org","@graph":[{"@type":"WebPage","@id":"https:\/\/www.venisecollection.com\/fr\/shop\/women\/sandale\/ash-eva-black","url":"https:\/\/www.venisecollection.com\/fr\/shop\/women\/sandale\/ash-eva-black","name":"Sandales \u00e0 Talons en Cuir Fronc\u00e9 Noir - ASH EVA BLACK","isPartOf":{"@id":"https:\/\/www.venisecollection.com\/fr#website"},"primaryImageOfPage":{"@id":"https:\/\/www.venisecollection.com\/fr\/shop\/women\/sandale\/ash-eva-black#primaryimage"},"image":{"@id":"https:\/\/www.venisecollection.com\/fr\/shop\/women\/sandale\/ash-eva-black#primaryimage"},"thumbnailUrl":"https:\/\/www.venisecollection.com\/cdn\/image-198-1.webp","datePublished":"2026-04-07T15:15:21+00:00","dateModified":"2026-04-07T15:24:45+00:00","breadcrumb":{"@id":"https:\/\/www.venisecollection.com\/fr\/shop\/women\/sandale\/ash-eva-black#breadcrumb"},"inLanguage":"fr-FR","potentialAction":[{"@type":"ReadAction","target":["https:\/\/www.venisecollection.com\/fr\/shop\/women\/sandale\/ash-eva-black"]}]},{"@type":"ImageObject","inLanguage":"fr-FR","@id":"https:\/\/www.venisecollection.com\/fr\/shop\/women\/sandale\/ash-eva-black#primaryimage","url":"https:\/\/www.venisecollection.com\/cdn\/image-198-1.webp","contentUrl":"https:\/\/www.venisecollection.com\/cdn\/image-198-1.webp","width":1280,"height":1588},{"@type":"BreadcrumbList","@id":"https:\/\/www.venisecollection.com\/fr\/shop\/women\/sandale\/ash-eva-black#breadcrumb","itemListElement":[{"@type":"ListItem","position":1,"name":"Home","item":"https:\/\/www.venisecollection.com\/fr\/boutique"},{"@type":"ListItem","position":2,"name":"Accueil","item":"https:\/\/www.venisecollection.com\/fr\/boutique"},{"@type":"ListItem","position":3,"name":"ASH EVA BLACK"}]},{"@type":"WebSite","@id":"https:\/\/www.venisecollection.com\/fr#website","url":"https:\/\/www.venisecollection.com\/fr","name":"VENISE COLLECTION","description":"","publisher":{"@id":"https:\/\/www.venisecollection.com\/fr#organization"},"potentialAction":[{"@type":"SearchAction","target":{"@type":"EntryPoint","urlTemplate":"https:\/\/www.venisecollection.com\/fr?s={search_term_string}"},"query-input":{"@type":"PropertyValueSpecification","valueRequired":true,"valueName":"search_term_string"}}],"inLanguage":"fr-FR"},{"@type":"Organization","@id":"https:\/\/www.venisecollection.com\/fr#organization","name":"VENISE COLLECTION","url":"https:\/\/www.venisecollection.com\/fr","logo":{"@type":"ImageObject","inLanguage":"fr-FR","@id":"https:\/\/www.venisecollection.com\/fr#\/schema\/logo\/image\/","url":"https:\/\/www.venisecollection.com\/cdn\/seo.png","contentUrl":"https:\/\/www.venisecollection.com\/cdn\/seo.png","width":1080,"height":1080,"caption":"VENISE COLLECTION"},"image":{"@id":"https:\/\/www.venisecollection.com\/fr#\/schema\/logo\/image\/"},"sameAs":["https:\/\/www.instagram.com\/venisecollection\/","https:\/\/fr.pinterest.com\/venisecollection\/"]}]}},"_links":{"self":[{"href":"https:\/\/www.venisecollection.com\/fr\/wp-json\/wp\/v2\/product\/23663","targetHints":{"allow":["GET"]}}],"collection":[{"href":"https:\/\/www.venisecollection.com\/fr\/wp-json\/wp\/v2\/product"}],"about":[{"href":"https:\/\/www.venisecollection.com\/fr\/wp-json\/wp\/v2\/types\/product"}],"wp:featuredmedia":[{"embeddable":true,"href":"https:\/\/www.venisecollection.com\/fr\/wp-json\/wp\/v2\/media\/23701"}],"wp:attachment":[{"href":"https:\/\/www.venisecollection.com\/fr\/wp-json\/wp\/v2\/media?parent=23663"}],"wp:term":[{"taxonomy":"product_brand","embeddable":true,"href":"https:\/\/www.venisecollection.com\/fr\/wp-json\/wp\/v2\/product_brand?post=23663"},{"taxonomy":"product_cat","embeddable":true,"href":"https:\/\/www.venisecollection.com\/fr\/wp-json\/wp\/v2\/product_cat?post=23663"},{"taxonomy":"product_tag","embeddable":true,"href":"https:\/\/www.venisecollection.com\/fr\/wp-json\/wp\/v2\/product_tag?post=23663"}],"curies":[{"name":"wp","href":"https:\/\/api.w.org\/{rel}","templated":true}]}}