{"id":23742,"date":"2026-04-08T15:26:44","date_gmt":"2026-04-08T15:26:44","guid":{"rendered":"https:\/\/www.venisecollection.com\/?post_type=product&#038;p=23742"},"modified":"2026-04-08T16:10:08","modified_gmt":"2026-04-08T16:10:08","slug":"a-k1573sp-vivien","status":"publish","type":"product","link":"https:\/\/www.venisecollection.com\/fr\/shop\/women\/sandale\/a-k1573sp-vivien","title":{"rendered":"A-K1573SP-VIVIEN"},"content":{"rendered":"<p data-path-to-node=\"13\">Attirez tous les regards avec les superbes <b data-path-to-node=\"13\" data-index-in-node=\"315\">sandales VIVIEN<\/b> de la marque <b data-path-to-node=\"13\" data-index-in-node=\"344\">VENISE COLLECTION<\/b>. Fi\u00e8rement <b data-path-to-node=\"13\" data-index-in-node=\"373\">fabriqu\u00e9es en Italie<\/b>, ces \u00e9l\u00e9gantes chaussures de soir\u00e9e sont confectionn\u00e9es en cuir de premi\u00e8re qualit\u00e9 arborant une finition m\u00e9tallis\u00e9e argent\u00e9e \u00e9blouissante avec un subtil reflet iris\u00e9. Le design est mis en valeur par une bride avant unique et gracieusement festonn\u00e9e (ondul\u00e9e) qui encadre joliment les orteils et ajoute une touche de charme f\u00e9minin.<\/p>\n<p data-path-to-node=\"14\">Con\u00e7ues pour danser toute la nuit, les sandales VIVIEN reposent sur un talon bloc robuste et confortable. La semelle int\u00e9rieure noire contrastante apporte une touche de modernit\u00e9, tandis que la bride de cheville ajustable avec une d\u00e9licate boucle argent\u00e9e assure un maintien s\u00fbr et sur mesure. Ces escarpins radieux sont le choix ultime pour les mariages, les galas ou pour sublimer vos tenues de soir\u00e9e.<\/p>\n<ul data-path-to-node=\"15\">\n<li>\n<p data-path-to-node=\"15,0,0\"><b data-path-to-node=\"15,0,0\" data-index-in-node=\"0\">Mati\u00e8re de la tige:<\/b> Cuir de qualit\u00e9 avec finition m\u00e9tallis\u00e9e argent\u00e9e<\/p>\n<\/li>\n<li>\n<p data-path-to-node=\"15,1,0\"><b data-path-to-node=\"15,1,0\" data-index-in-node=\"0\">Origine:<\/b> Fabriqu\u00e9 en Italie (Made in Italy)<\/p>\n<\/li>\n<li>\n<p data-path-to-node=\"15,2,0\"><b data-path-to-node=\"15,2,0\" data-index-in-node=\"0\">D\u00e9tails du design:<\/b> Bride avant festonn\u00e9e\/ondul\u00e9e et semelle int\u00e9rieure noire contrastante<\/p>\n<\/li>\n<li>\n<p data-path-to-node=\"15,3,0\"><b data-path-to-node=\"15,3,0\" data-index-in-node=\"0\">Talon:<\/b> Talon bloc confortable et stable<\/p>\n<\/li>\n<li>\n<p data-path-to-node=\"15,4,0\"><b data-path-to-node=\"15,4,0\" data-index-in-node=\"0\">Fermeture:<\/b> Bride de cheville ajustable avec boucle<\/p>\n<\/li>\n<\/ul>\n","protected":false},"excerpt":{"rendered":"<p>Attirez tous les regards avec les superbes sandales VIVIEN de la marque VENISE COLLECTION. Fi\u00e8rement fabriqu\u00e9es en Italie, ces \u00e9l\u00e9gantes chaussures de soir\u00e9e sont confectionn\u00e9es en cuir de premi\u00e8re qualit\u00e9 arborant une finition m\u00e9tallis\u00e9e argent\u00e9e \u00e9blouissante avec un subtil reflet iris\u00e9. Le design est mis en valeur par une bride avant unique et gracieusement festonn\u00e9e &hellip;<\/p>\n","protected":false},"featured_media":23783,"template":"","meta":[],"product_brand":[390],"product_cat":[331],"product_tag":[],"class_list":{"0":"post-23742","1":"product","2":"type-product","3":"status-publish","4":"has-post-thumbnail","6":"product_brand-ash","7":"product_cat-sandale","9":"first","10":"instock","11":"shipping-taxable","12":"purchasable","13":"product-type-variable","14":"has-default-attributes"},"yoast_head":"<!-- This site is optimized with the Yoast SEO plugin v27.3 - https:\/\/yoast.com\/product\/yoast-seo-wordpress\/ -->\n<title>VIVIEN - Sandales \u00e0 Talons en Cuir Argent\u00e9 M\u00e9tallis\u00e9<\/title>\n<meta name=\"robots\" content=\"index, follow, max-snippet:-1, max-image-preview:large, max-video-preview:-1\" \/>\n<link rel=\"canonical\" href=\"https:\/\/www.venisecollection.com\/fr\/shop\/women\/sandale\/a-k1573sp-vivien\" \/>\n<meta property=\"og:locale\" content=\"fr_FR\" \/>\n<meta property=\"og:type\" content=\"article\" \/>\n<meta property=\"og:title\" content=\"VIVIEN - Sandales \u00e0 Talons en Cuir Argent\u00e9 M\u00e9tallis\u00e9\" \/>\n<meta property=\"og:description\" content=\"Attirez tous les regards avec les superbes sandales VIVIEN de la marque VENISE COLLECTION. Fi\u00e8rement fabriqu\u00e9es en Italie, ces \u00e9l\u00e9gantes chaussures de soir\u00e9e sont confectionn\u00e9es en cuir de premi\u00e8re qualit\u00e9 arborant une finition m\u00e9tallis\u00e9e argent\u00e9e \u00e9blouissante avec un subtil reflet iris\u00e9. Le design est mis en valeur par une bride avant unique et gracieusement festonn\u00e9e &hellip;\" \/>\n<meta property=\"og:url\" content=\"https:\/\/www.venisecollection.com\/fr\/shop\/women\/sandale\/a-k1573sp-vivien\" \/>\n<meta property=\"og:site_name\" content=\"VENISE COLLECTION\" \/>\n<meta property=\"article:modified_time\" content=\"2026-04-08T16:10:08+00:00\" \/>\n<meta property=\"og:image\" content=\"https:\/\/www.venisecollection.com\/cdn\/image-203-1.webp\" \/>\n\t<meta property=\"og:image:width\" content=\"1280\" \/>\n\t<meta property=\"og:image:height\" content=\"1588\" \/>\n\t<meta property=\"og:image:type\" content=\"image\/webp\" \/>\n<meta name=\"twitter:card\" content=\"summary_large_image\" \/>\n<meta name=\"twitter:label1\" content=\"Dur\u00e9e de lecture estim\u00e9e\" \/>\n\t<meta name=\"twitter:data1\" content=\"1 minute\" \/>\n<script type=\"application\/ld+json\" class=\"yoast-schema-graph\">{\"@context\":\"https:\\\/\\\/schema.org\",\"@graph\":[{\"@type\":\"WebPage\",\"@id\":\"https:\\\/\\\/www.venisecollection.com\\\/fr\\\/shop\\\/women\\\/sandale\\\/a-k1573sp-vivien\",\"url\":\"https:\\\/\\\/www.venisecollection.com\\\/fr\\\/shop\\\/women\\\/sandale\\\/a-k1573sp-vivien\",\"name\":\"VIVIEN - Sandales \u00e0 Talons en Cuir Argent\u00e9 M\u00e9tallis\u00e9\",\"isPartOf\":{\"@id\":\"https:\\\/\\\/www.venisecollection.com\\\/fr#website\"},\"primaryImageOfPage\":{\"@id\":\"https:\\\/\\\/www.venisecollection.com\\\/fr\\\/shop\\\/women\\\/sandale\\\/a-k1573sp-vivien#primaryimage\"},\"image\":{\"@id\":\"https:\\\/\\\/www.venisecollection.com\\\/fr\\\/shop\\\/women\\\/sandale\\\/a-k1573sp-vivien#primaryimage\"},\"thumbnailUrl\":\"https:\\\/\\\/www.venisecollection.com\\\/cdn\\\/image-203-1.webp\",\"datePublished\":\"2026-04-08T15:26:44+00:00\",\"dateModified\":\"2026-04-08T16:10:08+00:00\",\"breadcrumb\":{\"@id\":\"https:\\\/\\\/www.venisecollection.com\\\/fr\\\/shop\\\/women\\\/sandale\\\/a-k1573sp-vivien#breadcrumb\"},\"inLanguage\":\"fr-FR\",\"potentialAction\":[{\"@type\":\"ReadAction\",\"target\":[\"https:\\\/\\\/www.venisecollection.com\\\/fr\\\/shop\\\/women\\\/sandale\\\/a-k1573sp-vivien\"]}]},{\"@type\":\"ImageObject\",\"inLanguage\":\"fr-FR\",\"@id\":\"https:\\\/\\\/www.venisecollection.com\\\/fr\\\/shop\\\/women\\\/sandale\\\/a-k1573sp-vivien#primaryimage\",\"url\":\"https:\\\/\\\/www.venisecollection.com\\\/cdn\\\/image-203-1.webp\",\"contentUrl\":\"https:\\\/\\\/www.venisecollection.com\\\/cdn\\\/image-203-1.webp\",\"width\":1280,\"height\":1588},{\"@type\":\"BreadcrumbList\",\"@id\":\"https:\\\/\\\/www.venisecollection.com\\\/fr\\\/shop\\\/women\\\/sandale\\\/a-k1573sp-vivien#breadcrumb\",\"itemListElement\":[{\"@type\":\"ListItem\",\"position\":1,\"name\":\"Home\",\"item\":\"https:\\\/\\\/www.venisecollection.com\\\/fr\\\/boutique\"},{\"@type\":\"ListItem\",\"position\":2,\"name\":\"Accueil\",\"item\":\"https:\\\/\\\/www.venisecollection.com\\\/fr\\\/boutique\"},{\"@type\":\"ListItem\",\"position\":3,\"name\":\"A-K1573SP-VIVIEN\"}]},{\"@type\":\"WebSite\",\"@id\":\"https:\\\/\\\/www.venisecollection.com\\\/fr#website\",\"url\":\"https:\\\/\\\/www.venisecollection.com\\\/fr\",\"name\":\"VENISE COLLECTION\",\"description\":\"\",\"publisher\":{\"@id\":\"https:\\\/\\\/www.venisecollection.com\\\/fr#organization\"},\"potentialAction\":[{\"@type\":\"SearchAction\",\"target\":{\"@type\":\"EntryPoint\",\"urlTemplate\":\"https:\\\/\\\/www.venisecollection.com\\\/fr?s={search_term_string}\"},\"query-input\":{\"@type\":\"PropertyValueSpecification\",\"valueRequired\":true,\"valueName\":\"search_term_string\"}}],\"inLanguage\":\"fr-FR\"},{\"@type\":\"Organization\",\"@id\":\"https:\\\/\\\/www.venisecollection.com\\\/fr#organization\",\"name\":\"VENISE COLLECTION\",\"url\":\"https:\\\/\\\/www.venisecollection.com\\\/fr\",\"logo\":{\"@type\":\"ImageObject\",\"inLanguage\":\"fr-FR\",\"@id\":\"https:\\\/\\\/www.venisecollection.com\\\/fr#\\\/schema\\\/logo\\\/image\\\/\",\"url\":\"https:\\\/\\\/www.venisecollection.com\\\/cdn\\\/seo.png\",\"contentUrl\":\"https:\\\/\\\/www.venisecollection.com\\\/cdn\\\/seo.png\",\"width\":1080,\"height\":1080,\"caption\":\"VENISE COLLECTION\"},\"image\":{\"@id\":\"https:\\\/\\\/www.venisecollection.com\\\/fr#\\\/schema\\\/logo\\\/image\\\/\"},\"sameAs\":[\"https:\\\/\\\/www.instagram.com\\\/venisecollection\\\/\",\"https:\\\/\\\/fr.pinterest.com\\\/venisecollection\\\/\"]}]}<\/script>\n<!-- \/ Yoast SEO plugin. -->","yoast_head_json":{"title":"VIVIEN - Sandales \u00e0 Talons en Cuir Argent\u00e9 M\u00e9tallis\u00e9","robots":{"index":"index","follow":"follow","max-snippet":"max-snippet:-1","max-image-preview":"max-image-preview:large","max-video-preview":"max-video-preview:-1"},"canonical":"https:\/\/www.venisecollection.com\/fr\/shop\/women\/sandale\/a-k1573sp-vivien","og_locale":"fr_FR","og_type":"article","og_title":"VIVIEN - Sandales \u00e0 Talons en Cuir Argent\u00e9 M\u00e9tallis\u00e9","og_description":"Attirez tous les regards avec les superbes sandales VIVIEN de la marque VENISE COLLECTION. Fi\u00e8rement fabriqu\u00e9es en Italie, ces \u00e9l\u00e9gantes chaussures de soir\u00e9e sont confectionn\u00e9es en cuir de premi\u00e8re qualit\u00e9 arborant une finition m\u00e9tallis\u00e9e argent\u00e9e \u00e9blouissante avec un subtil reflet iris\u00e9. Le design est mis en valeur par une bride avant unique et gracieusement festonn\u00e9e &hellip;","og_url":"https:\/\/www.venisecollection.com\/fr\/shop\/women\/sandale\/a-k1573sp-vivien","og_site_name":"VENISE COLLECTION","article_modified_time":"2026-04-08T16:10:08+00:00","og_image":[{"width":1280,"height":1588,"url":"https:\/\/www.venisecollection.com\/cdn\/image-203-1.webp","type":"image\/webp"}],"twitter_card":"summary_large_image","twitter_misc":{"Dur\u00e9e de lecture estim\u00e9e":"1 minute"},"schema":{"@context":"https:\/\/schema.org","@graph":[{"@type":"WebPage","@id":"https:\/\/www.venisecollection.com\/fr\/shop\/women\/sandale\/a-k1573sp-vivien","url":"https:\/\/www.venisecollection.com\/fr\/shop\/women\/sandale\/a-k1573sp-vivien","name":"VIVIEN - Sandales \u00e0 Talons en Cuir Argent\u00e9 M\u00e9tallis\u00e9","isPartOf":{"@id":"https:\/\/www.venisecollection.com\/fr#website"},"primaryImageOfPage":{"@id":"https:\/\/www.venisecollection.com\/fr\/shop\/women\/sandale\/a-k1573sp-vivien#primaryimage"},"image":{"@id":"https:\/\/www.venisecollection.com\/fr\/shop\/women\/sandale\/a-k1573sp-vivien#primaryimage"},"thumbnailUrl":"https:\/\/www.venisecollection.com\/cdn\/image-203-1.webp","datePublished":"2026-04-08T15:26:44+00:00","dateModified":"2026-04-08T16:10:08+00:00","breadcrumb":{"@id":"https:\/\/www.venisecollection.com\/fr\/shop\/women\/sandale\/a-k1573sp-vivien#breadcrumb"},"inLanguage":"fr-FR","potentialAction":[{"@type":"ReadAction","target":["https:\/\/www.venisecollection.com\/fr\/shop\/women\/sandale\/a-k1573sp-vivien"]}]},{"@type":"ImageObject","inLanguage":"fr-FR","@id":"https:\/\/www.venisecollection.com\/fr\/shop\/women\/sandale\/a-k1573sp-vivien#primaryimage","url":"https:\/\/www.venisecollection.com\/cdn\/image-203-1.webp","contentUrl":"https:\/\/www.venisecollection.com\/cdn\/image-203-1.webp","width":1280,"height":1588},{"@type":"BreadcrumbList","@id":"https:\/\/www.venisecollection.com\/fr\/shop\/women\/sandale\/a-k1573sp-vivien#breadcrumb","itemListElement":[{"@type":"ListItem","position":1,"name":"Home","item":"https:\/\/www.venisecollection.com\/fr\/boutique"},{"@type":"ListItem","position":2,"name":"Accueil","item":"https:\/\/www.venisecollection.com\/fr\/boutique"},{"@type":"ListItem","position":3,"name":"A-K1573SP-VIVIEN"}]},{"@type":"WebSite","@id":"https:\/\/www.venisecollection.com\/fr#website","url":"https:\/\/www.venisecollection.com\/fr","name":"VENISE COLLECTION","description":"","publisher":{"@id":"https:\/\/www.venisecollection.com\/fr#organization"},"potentialAction":[{"@type":"SearchAction","target":{"@type":"EntryPoint","urlTemplate":"https:\/\/www.venisecollection.com\/fr?s={search_term_string}"},"query-input":{"@type":"PropertyValueSpecification","valueRequired":true,"valueName":"search_term_string"}}],"inLanguage":"fr-FR"},{"@type":"Organization","@id":"https:\/\/www.venisecollection.com\/fr#organization","name":"VENISE COLLECTION","url":"https:\/\/www.venisecollection.com\/fr","logo":{"@type":"ImageObject","inLanguage":"fr-FR","@id":"https:\/\/www.venisecollection.com\/fr#\/schema\/logo\/image\/","url":"https:\/\/www.venisecollection.com\/cdn\/seo.png","contentUrl":"https:\/\/www.venisecollection.com\/cdn\/seo.png","width":1080,"height":1080,"caption":"VENISE COLLECTION"},"image":{"@id":"https:\/\/www.venisecollection.com\/fr#\/schema\/logo\/image\/"},"sameAs":["https:\/\/www.instagram.com\/venisecollection\/","https:\/\/fr.pinterest.com\/venisecollection\/"]}]}},"_links":{"self":[{"href":"https:\/\/www.venisecollection.com\/fr\/wp-json\/wp\/v2\/product\/23742","targetHints":{"allow":["GET"]}}],"collection":[{"href":"https:\/\/www.venisecollection.com\/fr\/wp-json\/wp\/v2\/product"}],"about":[{"href":"https:\/\/www.venisecollection.com\/fr\/wp-json\/wp\/v2\/types\/product"}],"wp:featuredmedia":[{"embeddable":true,"href":"https:\/\/www.venisecollection.com\/fr\/wp-json\/wp\/v2\/media\/23783"}],"wp:attachment":[{"href":"https:\/\/www.venisecollection.com\/fr\/wp-json\/wp\/v2\/media?parent=23742"}],"wp:term":[{"taxonomy":"product_brand","embeddable":true,"href":"https:\/\/www.venisecollection.com\/fr\/wp-json\/wp\/v2\/product_brand?post=23742"},{"taxonomy":"product_cat","embeddable":true,"href":"https:\/\/www.venisecollection.com\/fr\/wp-json\/wp\/v2\/product_cat?post=23742"},{"taxonomy":"product_tag","embeddable":true,"href":"https:\/\/www.venisecollection.com\/fr\/wp-json\/wp\/v2\/product_tag?post=23742"}],"curies":[{"name":"wp","href":"https:\/\/api.w.org\/{rel}","templated":true}]}}