{"id":23920,"date":"2026-04-13T15:20:24","date_gmt":"2026-04-13T15:20:24","guid":{"rendered":"https:\/\/www.venisecollection.com\/?post_type=product&#038;p=23920"},"modified":"2026-04-13T15:45:56","modified_gmt":"2026-04-13T15:45:56","slug":"955z00hg-black-myna-sandal","status":"publish","type":"product","link":"https:\/\/www.venisecollection.com\/fr\/shop\/women\/sandale\/955z00hg-black-myna-sandal","title":{"rendered":"955Z00HG Black MYNA SANDAL"},"content":{"rendered":"<p data-path-to-node=\"13\">Sublimez votre tenue de soir\u00e9e avec la sophistiqu\u00e9e <b data-path-to-node=\"13\" data-index-in-node=\"312\">sandale MYNA<\/b> de la marque <b data-path-to-node=\"13\" data-index-in-node=\"338\">BIBILOU<\/b>. Confectionn\u00e9es en cuir noir de premi\u00e8re qualit\u00e9, ces \u00e9l\u00e9gantes sandales sont con\u00e7ues pour attirer tous les regards lors de vos \u00e9v\u00e9nements sp\u00e9ciaux. La caract\u00e9ristique principale est sa tige \u00e0 lani\u00e8res glamour, enti\u00e8rement orn\u00e9e de micro-cristaux et de strass scintillants qui se rejoignent dans un n\u0153ud central tr\u00e8s chic.<\/p>\n<p data-path-to-node=\"14\">Cet ornement \u00e9blouissant cr\u00e9e un contraste luxueux avec la base en cuir noir \u00e9pur\u00e9e. Reposant sur un talon bloc robuste et confortable, elles offrent une grande stabilit\u00e9 pour danser toute la nuit. La bride de cheville r\u00e9glable, dot\u00e9e d&rsquo;une boucle en m\u00e9tal fonc\u00e9, assure un maintien s\u00fbr et sur mesure. Ces escarpins radieux sont le choix ultime pour compl\u00e9ter vos tenues de soir\u00e9e \u00e9l\u00e9gantes.<\/p>\n<ul data-path-to-node=\"15\">\n<li>\n<p data-path-to-node=\"15,0,0\"><b data-path-to-node=\"15,0,0\" data-index-in-node=\"0\">Mati\u00e8re de base:<\/b> Cuir noir de premi\u00e8re qualit\u00e9<\/p>\n<\/li>\n<li>\n<p data-path-to-node=\"15,1,0\"><b data-path-to-node=\"15,1,0\" data-index-in-node=\"0\">Marque:<\/b> BIBILOU<\/p>\n<\/li>\n<li>\n<p data-path-to-node=\"15,2,0\"><b data-path-to-node=\"15,2,0\" data-index-in-node=\"0\">D\u00e9tails du design:<\/b> Lani\u00e8res orn\u00e9es de strass \u00e9tincelants avec un n\u0153ud central<\/p>\n<\/li>\n<li>\n<p data-path-to-node=\"15,3,0\"><b data-path-to-node=\"15,3,0\" data-index-in-node=\"0\">Talon:<\/b> Talon bloc confortable et stable<\/p>\n<\/li>\n<li>\n<p data-path-to-node=\"15,4,0\"><b data-path-to-node=\"15,4,0\" data-index-in-node=\"0\">Fermeture:<\/b> Bride de cheville ajustable avec boucle<\/p>\n<\/li>\n<\/ul>\n","protected":false},"excerpt":{"rendered":"<p>Sublimez votre tenue de soir\u00e9e avec la sophistiqu\u00e9e sandale MYNA de la marque BIBILOU. Confectionn\u00e9es en cuir noir de premi\u00e8re qualit\u00e9, ces \u00e9l\u00e9gantes sandales sont con\u00e7ues pour attirer tous les regards lors de vos \u00e9v\u00e9nements sp\u00e9ciaux. La caract\u00e9ristique principale est sa tige \u00e0 lani\u00e8res glamour, enti\u00e8rement orn\u00e9e de micro-cristaux et de strass scintillants qui se &hellip;<\/p>\n","protected":false},"featured_media":23958,"template":"","meta":[],"product_brand":[394],"product_cat":[331],"product_tag":[],"class_list":{"0":"post-23920","1":"product","2":"type-product","3":"status-publish","4":"has-post-thumbnail","6":"product_brand-bibilou","7":"product_cat-sandale","9":"first","10":"instock","11":"shipping-taxable","12":"purchasable","13":"product-type-variable","14":"has-default-attributes"},"yoast_head":"<!-- This site is optimized with the Yoast SEO plugin v27.4 - https:\/\/yoast.com\/product\/yoast-seo-wordpress\/ -->\n<title>Sandales \u00e0 Talons en Cuir Noir Orn\u00e9es - BIBILOU MYNA<\/title>\n<meta name=\"robots\" content=\"index, follow, max-snippet:-1, max-image-preview:large, max-video-preview:-1\" \/>\n<link rel=\"canonical\" href=\"https:\/\/www.venisecollection.com\/fr\/shop\/women\/sandale\/955z00hg-black-myna-sandal\" \/>\n<meta property=\"og:locale\" content=\"fr_FR\" \/>\n<meta property=\"og:type\" content=\"article\" \/>\n<meta property=\"og:title\" content=\"Sandales \u00e0 Talons en Cuir Noir Orn\u00e9es - BIBILOU MYNA\" \/>\n<meta property=\"og:description\" content=\"Sublimez votre tenue de soir\u00e9e avec la sophistiqu\u00e9e sandale MYNA de la marque BIBILOU. Confectionn\u00e9es en cuir noir de premi\u00e8re qualit\u00e9, ces \u00e9l\u00e9gantes sandales sont con\u00e7ues pour attirer tous les regards lors de vos \u00e9v\u00e9nements sp\u00e9ciaux. La caract\u00e9ristique principale est sa tige \u00e0 lani\u00e8res glamour, enti\u00e8rement orn\u00e9e de micro-cristaux et de strass scintillants qui se &hellip;\" \/>\n<meta property=\"og:url\" content=\"https:\/\/www.venisecollection.com\/fr\/shop\/women\/sandale\/955z00hg-black-myna-sandal\" \/>\n<meta property=\"og:site_name\" content=\"VENISE COLLECTION\" \/>\n<meta property=\"article:modified_time\" content=\"2026-04-13T15:45:56+00:00\" \/>\n<meta property=\"og:image\" content=\"https:\/\/www.venisecollection.com\/cdn\/image-208-1.webp\" \/>\n\t<meta property=\"og:image:width\" content=\"1280\" \/>\n\t<meta property=\"og:image:height\" content=\"1588\" \/>\n\t<meta property=\"og:image:type\" content=\"image\/webp\" \/>\n<meta name=\"twitter:card\" content=\"summary_large_image\" \/>\n<meta name=\"twitter:label1\" content=\"Dur\u00e9e de lecture estim\u00e9e\" \/>\n\t<meta name=\"twitter:data1\" content=\"1 minute\" \/>\n<script type=\"application\/ld+json\" class=\"yoast-schema-graph\">{\"@context\":\"https:\\\/\\\/schema.org\",\"@graph\":[{\"@type\":\"WebPage\",\"@id\":\"https:\\\/\\\/www.venisecollection.com\\\/fr\\\/shop\\\/women\\\/sandale\\\/955z00hg-black-myna-sandal\",\"url\":\"https:\\\/\\\/www.venisecollection.com\\\/fr\\\/shop\\\/women\\\/sandale\\\/955z00hg-black-myna-sandal\",\"name\":\"Sandales \u00e0 Talons en Cuir Noir Orn\u00e9es - BIBILOU MYNA\",\"isPartOf\":{\"@id\":\"https:\\\/\\\/www.venisecollection.com\\\/fr#website\"},\"primaryImageOfPage\":{\"@id\":\"https:\\\/\\\/www.venisecollection.com\\\/fr\\\/shop\\\/women\\\/sandale\\\/955z00hg-black-myna-sandal#primaryimage\"},\"image\":{\"@id\":\"https:\\\/\\\/www.venisecollection.com\\\/fr\\\/shop\\\/women\\\/sandale\\\/955z00hg-black-myna-sandal#primaryimage\"},\"thumbnailUrl\":\"https:\\\/\\\/www.venisecollection.com\\\/cdn\\\/image-208-1.webp\",\"datePublished\":\"2026-04-13T15:20:24+00:00\",\"dateModified\":\"2026-04-13T15:45:56+00:00\",\"breadcrumb\":{\"@id\":\"https:\\\/\\\/www.venisecollection.com\\\/fr\\\/shop\\\/women\\\/sandale\\\/955z00hg-black-myna-sandal#breadcrumb\"},\"inLanguage\":\"fr-FR\",\"potentialAction\":[{\"@type\":\"ReadAction\",\"target\":[\"https:\\\/\\\/www.venisecollection.com\\\/fr\\\/shop\\\/women\\\/sandale\\\/955z00hg-black-myna-sandal\"]}]},{\"@type\":\"ImageObject\",\"inLanguage\":\"fr-FR\",\"@id\":\"https:\\\/\\\/www.venisecollection.com\\\/fr\\\/shop\\\/women\\\/sandale\\\/955z00hg-black-myna-sandal#primaryimage\",\"url\":\"https:\\\/\\\/www.venisecollection.com\\\/cdn\\\/image-208-1.webp\",\"contentUrl\":\"https:\\\/\\\/www.venisecollection.com\\\/cdn\\\/image-208-1.webp\",\"width\":1280,\"height\":1588},{\"@type\":\"BreadcrumbList\",\"@id\":\"https:\\\/\\\/www.venisecollection.com\\\/fr\\\/shop\\\/women\\\/sandale\\\/955z00hg-black-myna-sandal#breadcrumb\",\"itemListElement\":[{\"@type\":\"ListItem\",\"position\":1,\"name\":\"Home\",\"item\":\"https:\\\/\\\/www.venisecollection.com\\\/fr\\\/boutique\"},{\"@type\":\"ListItem\",\"position\":2,\"name\":\"Accueil\",\"item\":\"https:\\\/\\\/www.venisecollection.com\\\/fr\\\/boutique\"},{\"@type\":\"ListItem\",\"position\":3,\"name\":\"955Z00HG Black MYNA SANDAL\"}]},{\"@type\":\"WebSite\",\"@id\":\"https:\\\/\\\/www.venisecollection.com\\\/fr#website\",\"url\":\"https:\\\/\\\/www.venisecollection.com\\\/fr\",\"name\":\"VENISE COLLECTION\",\"description\":\"\",\"publisher\":{\"@id\":\"https:\\\/\\\/www.venisecollection.com\\\/fr#organization\"},\"potentialAction\":[{\"@type\":\"SearchAction\",\"target\":{\"@type\":\"EntryPoint\",\"urlTemplate\":\"https:\\\/\\\/www.venisecollection.com\\\/fr?s={search_term_string}\"},\"query-input\":{\"@type\":\"PropertyValueSpecification\",\"valueRequired\":true,\"valueName\":\"search_term_string\"}}],\"inLanguage\":\"fr-FR\"},{\"@type\":\"Organization\",\"@id\":\"https:\\\/\\\/www.venisecollection.com\\\/fr#organization\",\"name\":\"VENISE COLLECTION\",\"url\":\"https:\\\/\\\/www.venisecollection.com\\\/fr\",\"logo\":{\"@type\":\"ImageObject\",\"inLanguage\":\"fr-FR\",\"@id\":\"https:\\\/\\\/www.venisecollection.com\\\/fr#\\\/schema\\\/logo\\\/image\\\/\",\"url\":\"https:\\\/\\\/www.venisecollection.com\\\/cdn\\\/seo.png\",\"contentUrl\":\"https:\\\/\\\/www.venisecollection.com\\\/cdn\\\/seo.png\",\"width\":1080,\"height\":1080,\"caption\":\"VENISE COLLECTION\"},\"image\":{\"@id\":\"https:\\\/\\\/www.venisecollection.com\\\/fr#\\\/schema\\\/logo\\\/image\\\/\"},\"sameAs\":[\"https:\\\/\\\/www.instagram.com\\\/venisecollection\\\/\",\"https:\\\/\\\/fr.pinterest.com\\\/venisecollection\\\/\"]}]}<\/script>\n<!-- \/ Yoast SEO plugin. -->","yoast_head_json":{"title":"Sandales \u00e0 Talons en Cuir Noir Orn\u00e9es - BIBILOU MYNA","robots":{"index":"index","follow":"follow","max-snippet":"max-snippet:-1","max-image-preview":"max-image-preview:large","max-video-preview":"max-video-preview:-1"},"canonical":"https:\/\/www.venisecollection.com\/fr\/shop\/women\/sandale\/955z00hg-black-myna-sandal","og_locale":"fr_FR","og_type":"article","og_title":"Sandales \u00e0 Talons en Cuir Noir Orn\u00e9es - BIBILOU MYNA","og_description":"Sublimez votre tenue de soir\u00e9e avec la sophistiqu\u00e9e sandale MYNA de la marque BIBILOU. Confectionn\u00e9es en cuir noir de premi\u00e8re qualit\u00e9, ces \u00e9l\u00e9gantes sandales sont con\u00e7ues pour attirer tous les regards lors de vos \u00e9v\u00e9nements sp\u00e9ciaux. La caract\u00e9ristique principale est sa tige \u00e0 lani\u00e8res glamour, enti\u00e8rement orn\u00e9e de micro-cristaux et de strass scintillants qui se &hellip;","og_url":"https:\/\/www.venisecollection.com\/fr\/shop\/women\/sandale\/955z00hg-black-myna-sandal","og_site_name":"VENISE COLLECTION","article_modified_time":"2026-04-13T15:45:56+00:00","og_image":[{"width":1280,"height":1588,"url":"https:\/\/www.venisecollection.com\/cdn\/image-208-1.webp","type":"image\/webp"}],"twitter_card":"summary_large_image","twitter_misc":{"Dur\u00e9e de lecture estim\u00e9e":"1 minute"},"schema":{"@context":"https:\/\/schema.org","@graph":[{"@type":"WebPage","@id":"https:\/\/www.venisecollection.com\/fr\/shop\/women\/sandale\/955z00hg-black-myna-sandal","url":"https:\/\/www.venisecollection.com\/fr\/shop\/women\/sandale\/955z00hg-black-myna-sandal","name":"Sandales \u00e0 Talons en Cuir Noir Orn\u00e9es - BIBILOU MYNA","isPartOf":{"@id":"https:\/\/www.venisecollection.com\/fr#website"},"primaryImageOfPage":{"@id":"https:\/\/www.venisecollection.com\/fr\/shop\/women\/sandale\/955z00hg-black-myna-sandal#primaryimage"},"image":{"@id":"https:\/\/www.venisecollection.com\/fr\/shop\/women\/sandale\/955z00hg-black-myna-sandal#primaryimage"},"thumbnailUrl":"https:\/\/www.venisecollection.com\/cdn\/image-208-1.webp","datePublished":"2026-04-13T15:20:24+00:00","dateModified":"2026-04-13T15:45:56+00:00","breadcrumb":{"@id":"https:\/\/www.venisecollection.com\/fr\/shop\/women\/sandale\/955z00hg-black-myna-sandal#breadcrumb"},"inLanguage":"fr-FR","potentialAction":[{"@type":"ReadAction","target":["https:\/\/www.venisecollection.com\/fr\/shop\/women\/sandale\/955z00hg-black-myna-sandal"]}]},{"@type":"ImageObject","inLanguage":"fr-FR","@id":"https:\/\/www.venisecollection.com\/fr\/shop\/women\/sandale\/955z00hg-black-myna-sandal#primaryimage","url":"https:\/\/www.venisecollection.com\/cdn\/image-208-1.webp","contentUrl":"https:\/\/www.venisecollection.com\/cdn\/image-208-1.webp","width":1280,"height":1588},{"@type":"BreadcrumbList","@id":"https:\/\/www.venisecollection.com\/fr\/shop\/women\/sandale\/955z00hg-black-myna-sandal#breadcrumb","itemListElement":[{"@type":"ListItem","position":1,"name":"Home","item":"https:\/\/www.venisecollection.com\/fr\/boutique"},{"@type":"ListItem","position":2,"name":"Accueil","item":"https:\/\/www.venisecollection.com\/fr\/boutique"},{"@type":"ListItem","position":3,"name":"955Z00HG Black MYNA SANDAL"}]},{"@type":"WebSite","@id":"https:\/\/www.venisecollection.com\/fr#website","url":"https:\/\/www.venisecollection.com\/fr","name":"VENISE COLLECTION","description":"","publisher":{"@id":"https:\/\/www.venisecollection.com\/fr#organization"},"potentialAction":[{"@type":"SearchAction","target":{"@type":"EntryPoint","urlTemplate":"https:\/\/www.venisecollection.com\/fr?s={search_term_string}"},"query-input":{"@type":"PropertyValueSpecification","valueRequired":true,"valueName":"search_term_string"}}],"inLanguage":"fr-FR"},{"@type":"Organization","@id":"https:\/\/www.venisecollection.com\/fr#organization","name":"VENISE COLLECTION","url":"https:\/\/www.venisecollection.com\/fr","logo":{"@type":"ImageObject","inLanguage":"fr-FR","@id":"https:\/\/www.venisecollection.com\/fr#\/schema\/logo\/image\/","url":"https:\/\/www.venisecollection.com\/cdn\/seo.png","contentUrl":"https:\/\/www.venisecollection.com\/cdn\/seo.png","width":1080,"height":1080,"caption":"VENISE COLLECTION"},"image":{"@id":"https:\/\/www.venisecollection.com\/fr#\/schema\/logo\/image\/"},"sameAs":["https:\/\/www.instagram.com\/venisecollection\/","https:\/\/fr.pinterest.com\/venisecollection\/"]}]}},"_links":{"self":[{"href":"https:\/\/www.venisecollection.com\/fr\/wp-json\/wp\/v2\/product\/23920","targetHints":{"allow":["GET"]}}],"collection":[{"href":"https:\/\/www.venisecollection.com\/fr\/wp-json\/wp\/v2\/product"}],"about":[{"href":"https:\/\/www.venisecollection.com\/fr\/wp-json\/wp\/v2\/types\/product"}],"wp:featuredmedia":[{"embeddable":true,"href":"https:\/\/www.venisecollection.com\/fr\/wp-json\/wp\/v2\/media\/23958"}],"wp:attachment":[{"href":"https:\/\/www.venisecollection.com\/fr\/wp-json\/wp\/v2\/media?parent=23920"}],"wp:term":[{"taxonomy":"product_brand","embeddable":true,"href":"https:\/\/www.venisecollection.com\/fr\/wp-json\/wp\/v2\/product_brand?post=23920"},{"taxonomy":"product_cat","embeddable":true,"href":"https:\/\/www.venisecollection.com\/fr\/wp-json\/wp\/v2\/product_cat?post=23920"},{"taxonomy":"product_tag","embeddable":true,"href":"https:\/\/www.venisecollection.com\/fr\/wp-json\/wp\/v2\/product_tag?post=23920"}],"curies":[{"name":"wp","href":"https:\/\/api.w.org\/{rel}","templated":true}]}}