{"id":24075,"date":"2026-04-14T15:53:55","date_gmt":"2026-04-14T15:53:55","guid":{"rendered":"https:\/\/www.venisecollection.com\/?post_type=product&#038;p=24075"},"modified":"2026-04-14T15:58:42","modified_gmt":"2026-04-14T15:58:42","slug":"054-camoscio-bordo","status":"publish","type":"product","link":"https:\/\/www.venisecollection.com\/fr\/shop\/women\/sandale\/054-camoscio-bordo","title":{"rendered":"054 CAMOSCIO BORDO"},"content":{"rendered":"<p data-path-to-node=\"13\">Adoptez une \u00e9l\u00e9gance artistique et d\u00e9contract\u00e9e avec les <b data-path-to-node=\"13\" data-index-in-node=\"349\">Mules Boh\u00e8mes Tress\u00e9es<\/b> de la marque <b data-path-to-node=\"13\" data-index-in-node=\"385\">VENISE COLLECTION<\/b>. Fi\u00e8rement <b data-path-to-node=\"13\" data-index-in-node=\"414\">fabriqu\u00e9es en Italie<\/b>, ces chaussures \u00e0 enfiler allient \u00e0 la perfection un design d&rsquo;inspiration vintage au confort quotidien. La tige accrocheuse pr\u00e9sente un tissu tiss\u00e9 textur\u00e9 arborant un motif g\u00e9om\u00e9trique qui combine magnifiquement des nuances de rouge profond\/bordeaux, de bleu vif et de cr\u00e8me.<\/p>\n<p data-path-to-node=\"14\">Con\u00e7ue pour un confort sup\u00e9rieur, la semelle int\u00e9rieure est confectionn\u00e9e en daim bordeaux moelleux, offrant une base douce et respirante pour vos pieds. Cette silhouette boh\u00e8me repose sur un petit talon bloc robuste fa\u00e7on bois clair, inspir\u00e9 des sabots classiques, qui offre une excellente stabilit\u00e9 et un charme estival rustique. Ces mules faciles \u00e0 enfiler sont la pi\u00e8ce ma\u00eetresse id\u00e9ale \u00e0 associer avec des v\u00eatements en lin ou vos robes d&rsquo;\u00e9t\u00e9 pr\u00e9f\u00e9r\u00e9es.<\/p>\n<ul data-path-to-node=\"15\">\n<li>\n<p data-path-to-node=\"15,0,0\"><b data-path-to-node=\"15,0,0\" data-index-in-node=\"0\">Origine:<\/b> Fabriqu\u00e9 en Italie (Made in Italy)<\/p>\n<\/li>\n<li>\n<p data-path-to-node=\"15,1,0\"><b data-path-to-node=\"15,1,0\" data-index-in-node=\"0\">Style:<\/b> Mule \u00e0 enfiler style boh\u00e8me \/ Sabot<\/p>\n<\/li>\n<li>\n<p data-path-to-node=\"15,2,0\"><b data-path-to-node=\"15,2,0\" data-index-in-node=\"0\">Mati\u00e8re de la tige:<\/b> Tissu textur\u00e9 tiss\u00e9 avec motif g\u00e9om\u00e9trique (Bordeaux\/Bleu\/Cr\u00e8me)<\/p>\n<\/li>\n<li>\n<p data-path-to-node=\"15,3,0\"><b data-path-to-node=\"15,3,0\" data-index-in-node=\"0\">Semelle Int\u00e9rieure:<\/b> Daim v\u00e9ritable bordeaux<\/p>\n<\/li>\n<li>\n<p data-path-to-node=\"15,4,0\"><b data-path-to-node=\"15,4,0\" data-index-in-node=\"0\">Talon:<\/b> Petit talon bloc fa\u00e7on bois clair<\/p>\n<\/li>\n<\/ul>\n","protected":false},"excerpt":{"rendered":"<p>Adoptez une \u00e9l\u00e9gance artistique et d\u00e9contract\u00e9e avec les Mules Boh\u00e8mes Tress\u00e9es de la marque VENISE COLLECTION. Fi\u00e8rement fabriqu\u00e9es en Italie, ces chaussures \u00e0 enfiler allient \u00e0 la perfection un design d&rsquo;inspiration vintage au confort quotidien. La tige accrocheuse pr\u00e9sente un tissu tiss\u00e9 textur\u00e9 arborant un motif g\u00e9om\u00e9trique qui combine magnifiquement des nuances de rouge profond\/bordeaux, &hellip;<\/p>\n","protected":false},"featured_media":24108,"template":"","meta":[],"product_brand":[356],"product_cat":[331],"product_tag":[],"class_list":{"0":"post-24075","1":"product","2":"type-product","3":"status-publish","4":"has-post-thumbnail","6":"product_brand-venise-collection","7":"product_cat-sandale","9":"first","10":"instock","11":"shipping-taxable","12":"purchasable","13":"product-type-variable","14":"has-default-attributes"},"yoast_head":"<!-- This site is optimized with the Yoast SEO plugin v27.4 - https:\/\/yoast.com\/product\/yoast-seo-wordpress\/ -->\n<title>Mules Boh\u00e8mes Tress\u00e9es Rouges et Bleues - Fabriqu\u00e9 en Italie<\/title>\n<meta name=\"robots\" content=\"index, follow, max-snippet:-1, max-image-preview:large, max-video-preview:-1\" \/>\n<link rel=\"canonical\" href=\"https:\/\/www.venisecollection.com\/fr\/shop\/women\/sandale\/054-camoscio-bordo\" \/>\n<meta property=\"og:locale\" content=\"fr_FR\" \/>\n<meta property=\"og:type\" content=\"article\" \/>\n<meta property=\"og:title\" content=\"Mules Boh\u00e8mes Tress\u00e9es Rouges et Bleues - Fabriqu\u00e9 en Italie\" \/>\n<meta property=\"og:description\" content=\"Adoptez une \u00e9l\u00e9gance artistique et d\u00e9contract\u00e9e avec les Mules Boh\u00e8mes Tress\u00e9es de la marque VENISE COLLECTION. Fi\u00e8rement fabriqu\u00e9es en Italie, ces chaussures \u00e0 enfiler allient \u00e0 la perfection un design d&rsquo;inspiration vintage au confort quotidien. La tige accrocheuse pr\u00e9sente un tissu tiss\u00e9 textur\u00e9 arborant un motif g\u00e9om\u00e9trique qui combine magnifiquement des nuances de rouge profond\/bordeaux, &hellip;\" \/>\n<meta property=\"og:url\" content=\"https:\/\/www.venisecollection.com\/fr\/shop\/women\/sandale\/054-camoscio-bordo\" \/>\n<meta property=\"og:site_name\" content=\"VENISE COLLECTION\" \/>\n<meta property=\"article:modified_time\" content=\"2026-04-14T15:58:42+00:00\" \/>\n<meta property=\"og:image\" content=\"https:\/\/www.venisecollection.com\/cdn\/image-219.webp\" \/>\n\t<meta property=\"og:image:width\" content=\"1280\" \/>\n\t<meta property=\"og:image:height\" content=\"1588\" \/>\n\t<meta property=\"og:image:type\" content=\"image\/webp\" \/>\n<meta name=\"twitter:card\" content=\"summary_large_image\" \/>\n<meta name=\"twitter:label1\" content=\"Dur\u00e9e de lecture estim\u00e9e\" \/>\n\t<meta name=\"twitter:data1\" content=\"1 minute\" \/>\n<script type=\"application\/ld+json\" class=\"yoast-schema-graph\">{\"@context\":\"https:\\\/\\\/schema.org\",\"@graph\":[{\"@type\":\"WebPage\",\"@id\":\"https:\\\/\\\/www.venisecollection.com\\\/fr\\\/shop\\\/women\\\/sandale\\\/054-camoscio-bordo\",\"url\":\"https:\\\/\\\/www.venisecollection.com\\\/fr\\\/shop\\\/women\\\/sandale\\\/054-camoscio-bordo\",\"name\":\"Mules Boh\u00e8mes Tress\u00e9es Rouges et Bleues - Fabriqu\u00e9 en Italie\",\"isPartOf\":{\"@id\":\"https:\\\/\\\/www.venisecollection.com\\\/fr#website\"},\"primaryImageOfPage\":{\"@id\":\"https:\\\/\\\/www.venisecollection.com\\\/fr\\\/shop\\\/women\\\/sandale\\\/054-camoscio-bordo#primaryimage\"},\"image\":{\"@id\":\"https:\\\/\\\/www.venisecollection.com\\\/fr\\\/shop\\\/women\\\/sandale\\\/054-camoscio-bordo#primaryimage\"},\"thumbnailUrl\":\"https:\\\/\\\/www.venisecollection.com\\\/cdn\\\/image-219.webp\",\"datePublished\":\"2026-04-14T15:53:55+00:00\",\"dateModified\":\"2026-04-14T15:58:42+00:00\",\"breadcrumb\":{\"@id\":\"https:\\\/\\\/www.venisecollection.com\\\/fr\\\/shop\\\/women\\\/sandale\\\/054-camoscio-bordo#breadcrumb\"},\"inLanguage\":\"fr-FR\",\"potentialAction\":[{\"@type\":\"ReadAction\",\"target\":[\"https:\\\/\\\/www.venisecollection.com\\\/fr\\\/shop\\\/women\\\/sandale\\\/054-camoscio-bordo\"]}]},{\"@type\":\"ImageObject\",\"inLanguage\":\"fr-FR\",\"@id\":\"https:\\\/\\\/www.venisecollection.com\\\/fr\\\/shop\\\/women\\\/sandale\\\/054-camoscio-bordo#primaryimage\",\"url\":\"https:\\\/\\\/www.venisecollection.com\\\/cdn\\\/image-219.webp\",\"contentUrl\":\"https:\\\/\\\/www.venisecollection.com\\\/cdn\\\/image-219.webp\",\"width\":1280,\"height\":1588},{\"@type\":\"BreadcrumbList\",\"@id\":\"https:\\\/\\\/www.venisecollection.com\\\/fr\\\/shop\\\/women\\\/sandale\\\/054-camoscio-bordo#breadcrumb\",\"itemListElement\":[{\"@type\":\"ListItem\",\"position\":1,\"name\":\"Home\",\"item\":\"https:\\\/\\\/www.venisecollection.com\\\/fr\\\/boutique\"},{\"@type\":\"ListItem\",\"position\":2,\"name\":\"Accueil\",\"item\":\"https:\\\/\\\/www.venisecollection.com\\\/fr\\\/boutique\"},{\"@type\":\"ListItem\",\"position\":3,\"name\":\"054 CAMOSCIO BORDO\"}]},{\"@type\":\"WebSite\",\"@id\":\"https:\\\/\\\/www.venisecollection.com\\\/fr#website\",\"url\":\"https:\\\/\\\/www.venisecollection.com\\\/fr\",\"name\":\"VENISE COLLECTION\",\"description\":\"\",\"publisher\":{\"@id\":\"https:\\\/\\\/www.venisecollection.com\\\/fr#organization\"},\"potentialAction\":[{\"@type\":\"SearchAction\",\"target\":{\"@type\":\"EntryPoint\",\"urlTemplate\":\"https:\\\/\\\/www.venisecollection.com\\\/fr?s={search_term_string}\"},\"query-input\":{\"@type\":\"PropertyValueSpecification\",\"valueRequired\":true,\"valueName\":\"search_term_string\"}}],\"inLanguage\":\"fr-FR\"},{\"@type\":\"Organization\",\"@id\":\"https:\\\/\\\/www.venisecollection.com\\\/fr#organization\",\"name\":\"VENISE COLLECTION\",\"url\":\"https:\\\/\\\/www.venisecollection.com\\\/fr\",\"logo\":{\"@type\":\"ImageObject\",\"inLanguage\":\"fr-FR\",\"@id\":\"https:\\\/\\\/www.venisecollection.com\\\/fr#\\\/schema\\\/logo\\\/image\\\/\",\"url\":\"https:\\\/\\\/www.venisecollection.com\\\/cdn\\\/seo.png\",\"contentUrl\":\"https:\\\/\\\/www.venisecollection.com\\\/cdn\\\/seo.png\",\"width\":1080,\"height\":1080,\"caption\":\"VENISE COLLECTION\"},\"image\":{\"@id\":\"https:\\\/\\\/www.venisecollection.com\\\/fr#\\\/schema\\\/logo\\\/image\\\/\"},\"sameAs\":[\"https:\\\/\\\/www.instagram.com\\\/venisecollection\\\/\",\"https:\\\/\\\/fr.pinterest.com\\\/venisecollection\\\/\"]}]}<\/script>\n<!-- \/ Yoast SEO plugin. -->","yoast_head_json":{"title":"Mules Boh\u00e8mes Tress\u00e9es Rouges et Bleues - Fabriqu\u00e9 en Italie","robots":{"index":"index","follow":"follow","max-snippet":"max-snippet:-1","max-image-preview":"max-image-preview:large","max-video-preview":"max-video-preview:-1"},"canonical":"https:\/\/www.venisecollection.com\/fr\/shop\/women\/sandale\/054-camoscio-bordo","og_locale":"fr_FR","og_type":"article","og_title":"Mules Boh\u00e8mes Tress\u00e9es Rouges et Bleues - Fabriqu\u00e9 en Italie","og_description":"Adoptez une \u00e9l\u00e9gance artistique et d\u00e9contract\u00e9e avec les Mules Boh\u00e8mes Tress\u00e9es de la marque VENISE COLLECTION. Fi\u00e8rement fabriqu\u00e9es en Italie, ces chaussures \u00e0 enfiler allient \u00e0 la perfection un design d&rsquo;inspiration vintage au confort quotidien. La tige accrocheuse pr\u00e9sente un tissu tiss\u00e9 textur\u00e9 arborant un motif g\u00e9om\u00e9trique qui combine magnifiquement des nuances de rouge profond\/bordeaux, &hellip;","og_url":"https:\/\/www.venisecollection.com\/fr\/shop\/women\/sandale\/054-camoscio-bordo","og_site_name":"VENISE COLLECTION","article_modified_time":"2026-04-14T15:58:42+00:00","og_image":[{"width":1280,"height":1588,"url":"https:\/\/www.venisecollection.com\/cdn\/image-219.webp","type":"image\/webp"}],"twitter_card":"summary_large_image","twitter_misc":{"Dur\u00e9e de lecture estim\u00e9e":"1 minute"},"schema":{"@context":"https:\/\/schema.org","@graph":[{"@type":"WebPage","@id":"https:\/\/www.venisecollection.com\/fr\/shop\/women\/sandale\/054-camoscio-bordo","url":"https:\/\/www.venisecollection.com\/fr\/shop\/women\/sandale\/054-camoscio-bordo","name":"Mules Boh\u00e8mes Tress\u00e9es Rouges et Bleues - Fabriqu\u00e9 en Italie","isPartOf":{"@id":"https:\/\/www.venisecollection.com\/fr#website"},"primaryImageOfPage":{"@id":"https:\/\/www.venisecollection.com\/fr\/shop\/women\/sandale\/054-camoscio-bordo#primaryimage"},"image":{"@id":"https:\/\/www.venisecollection.com\/fr\/shop\/women\/sandale\/054-camoscio-bordo#primaryimage"},"thumbnailUrl":"https:\/\/www.venisecollection.com\/cdn\/image-219.webp","datePublished":"2026-04-14T15:53:55+00:00","dateModified":"2026-04-14T15:58:42+00:00","breadcrumb":{"@id":"https:\/\/www.venisecollection.com\/fr\/shop\/women\/sandale\/054-camoscio-bordo#breadcrumb"},"inLanguage":"fr-FR","potentialAction":[{"@type":"ReadAction","target":["https:\/\/www.venisecollection.com\/fr\/shop\/women\/sandale\/054-camoscio-bordo"]}]},{"@type":"ImageObject","inLanguage":"fr-FR","@id":"https:\/\/www.venisecollection.com\/fr\/shop\/women\/sandale\/054-camoscio-bordo#primaryimage","url":"https:\/\/www.venisecollection.com\/cdn\/image-219.webp","contentUrl":"https:\/\/www.venisecollection.com\/cdn\/image-219.webp","width":1280,"height":1588},{"@type":"BreadcrumbList","@id":"https:\/\/www.venisecollection.com\/fr\/shop\/women\/sandale\/054-camoscio-bordo#breadcrumb","itemListElement":[{"@type":"ListItem","position":1,"name":"Home","item":"https:\/\/www.venisecollection.com\/fr\/boutique"},{"@type":"ListItem","position":2,"name":"Accueil","item":"https:\/\/www.venisecollection.com\/fr\/boutique"},{"@type":"ListItem","position":3,"name":"054 CAMOSCIO BORDO"}]},{"@type":"WebSite","@id":"https:\/\/www.venisecollection.com\/fr#website","url":"https:\/\/www.venisecollection.com\/fr","name":"VENISE COLLECTION","description":"","publisher":{"@id":"https:\/\/www.venisecollection.com\/fr#organization"},"potentialAction":[{"@type":"SearchAction","target":{"@type":"EntryPoint","urlTemplate":"https:\/\/www.venisecollection.com\/fr?s={search_term_string}"},"query-input":{"@type":"PropertyValueSpecification","valueRequired":true,"valueName":"search_term_string"}}],"inLanguage":"fr-FR"},{"@type":"Organization","@id":"https:\/\/www.venisecollection.com\/fr#organization","name":"VENISE COLLECTION","url":"https:\/\/www.venisecollection.com\/fr","logo":{"@type":"ImageObject","inLanguage":"fr-FR","@id":"https:\/\/www.venisecollection.com\/fr#\/schema\/logo\/image\/","url":"https:\/\/www.venisecollection.com\/cdn\/seo.png","contentUrl":"https:\/\/www.venisecollection.com\/cdn\/seo.png","width":1080,"height":1080,"caption":"VENISE COLLECTION"},"image":{"@id":"https:\/\/www.venisecollection.com\/fr#\/schema\/logo\/image\/"},"sameAs":["https:\/\/www.instagram.com\/venisecollection\/","https:\/\/fr.pinterest.com\/venisecollection\/"]}]}},"_links":{"self":[{"href":"https:\/\/www.venisecollection.com\/fr\/wp-json\/wp\/v2\/product\/24075","targetHints":{"allow":["GET"]}}],"collection":[{"href":"https:\/\/www.venisecollection.com\/fr\/wp-json\/wp\/v2\/product"}],"about":[{"href":"https:\/\/www.venisecollection.com\/fr\/wp-json\/wp\/v2\/types\/product"}],"wp:featuredmedia":[{"embeddable":true,"href":"https:\/\/www.venisecollection.com\/fr\/wp-json\/wp\/v2\/media\/24108"}],"wp:attachment":[{"href":"https:\/\/www.venisecollection.com\/fr\/wp-json\/wp\/v2\/media?parent=24075"}],"wp:term":[{"taxonomy":"product_brand","embeddable":true,"href":"https:\/\/www.venisecollection.com\/fr\/wp-json\/wp\/v2\/product_brand?post=24075"},{"taxonomy":"product_cat","embeddable":true,"href":"https:\/\/www.venisecollection.com\/fr\/wp-json\/wp\/v2\/product_cat?post=24075"},{"taxonomy":"product_tag","embeddable":true,"href":"https:\/\/www.venisecollection.com\/fr\/wp-json\/wp\/v2\/product_tag?post=24075"}],"curies":[{"name":"wp","href":"https:\/\/api.w.org\/{rel}","templated":true}]}}