{"id":24153,"date":"2026-04-15T15:53:46","date_gmt":"2026-04-15T15:53:46","guid":{"rendered":"https:\/\/www.venisecollection.com\/?post_type=product&#038;p=24153"},"modified":"2026-04-15T16:05:06","modified_gmt":"2026-04-15T16:05:06","slug":"sincler","status":"publish","type":"product","link":"https:\/\/www.venisecollection.com\/fr\/shop\/women\/sandale\/sincler","title":{"rendered":"SINCLER"},"content":{"rendered":"<p data-path-to-node=\"13\">Incarnez l&rsquo;\u00e9l\u00e9gance raffin\u00e9e et la f\u00e9minit\u00e9 intemporelle avec les <b data-path-to-node=\"13\" data-index-in-node=\"340\">sandales Sincler<\/b> de la marque <b data-path-to-node=\"13\" data-index-in-node=\"370\">ROBERTO FESTA<\/b>. Confectionn\u00e9es dans un magnifique cuir lamin\u00e9 platine, ces superbes sandales de soir\u00e9e offrent un \u00e9clat dor\u00e9 doux et radieux qui sublime instantan\u00e9ment n&rsquo;importe quelle tenue. Le design se caract\u00e9rise par de fines brides avant qui croisent \u00e9l\u00e9gamment le pied, cr\u00e9ant une silhouette remarquablement l\u00e9g\u00e8re et gracieuse.<\/p>\n<p data-path-to-node=\"14\">Ajoutant une touche profond\u00e9ment romantique et artisanale, l&#8217;empeigne est orn\u00e9e d&rsquo;une magnifique fleur en cuir enti\u00e8rement cousue. L&rsquo;\u00e9l\u00e9gant talon fin de 7 cm offre la hauteur parfaite tout en conservant un profil tr\u00e8s sophistiqu\u00e9. Maintenue par une d\u00e9licate bride de cheville ajustable, la sandale Sincler est la pi\u00e8ce ma\u00eetresse id\u00e9ale pour les mariages, les galas formels et pour accompagner vos tenues les plus glamour.<\/p>\n<ul data-path-to-node=\"15\">\n<li>\n<p data-path-to-node=\"15,0,0\"><b data-path-to-node=\"15,0,0\" data-index-in-node=\"0\">Mati\u00e8re:<\/b> Cuir lamin\u00e9 platine (finition dor\u00e9e douce)<\/p>\n<\/li>\n<li>\n<p data-path-to-node=\"15,1,0\"><b data-path-to-node=\"15,1,0\" data-index-in-node=\"0\">Marque:<\/b> ROBERTO FESTA<\/p>\n<\/li>\n<li>\n<p data-path-to-node=\"15,2,0\"><b data-path-to-node=\"15,2,0\" data-index-in-node=\"0\">D\u00e9tails du design:<\/b> Fines brides avant avec fleur en cuir cousue au centre<\/p>\n<\/li>\n<li>\n<p data-path-to-node=\"15,3,0\"><b data-path-to-node=\"15,3,0\" data-index-in-node=\"0\">Talon:<\/b> Talon fin \u00e9l\u00e9gant de 7 cm<\/p>\n<\/li>\n<li>\n<p data-path-to-node=\"15,4,0\"><b data-path-to-node=\"15,4,0\" data-index-in-node=\"0\">Fermeture:<\/b> Bride de cheville ajustable avec boucle<\/p>\n<\/li>\n<\/ul>\n","protected":false},"excerpt":{"rendered":"<p>Incarnez l&rsquo;\u00e9l\u00e9gance raffin\u00e9e et la f\u00e9minit\u00e9 intemporelle avec les sandales Sincler de la marque ROBERTO FESTA. Confectionn\u00e9es dans un magnifique cuir lamin\u00e9 platine, ces superbes sandales de soir\u00e9e offrent un \u00e9clat dor\u00e9 doux et radieux qui sublime instantan\u00e9ment n&rsquo;importe quelle tenue. Le design se caract\u00e9rise par de fines brides avant qui croisent \u00e9l\u00e9gamment le pied, &hellip;<\/p>\n","protected":false},"featured_media":24191,"template":"","meta":[],"product_brand":[359],"product_cat":[331],"product_tag":[],"class_list":{"0":"post-24153","1":"product","2":"type-product","3":"status-publish","4":"has-post-thumbnail","6":"product_brand-roberto-festa","7":"product_cat-sandale","9":"first","10":"instock","11":"shipping-taxable","12":"purchasable","13":"product-type-variable","14":"has-default-attributes"},"yoast_head":"<!-- This site is optimized with the Yoast SEO plugin v27.4 - https:\/\/yoast.com\/product\/yoast-seo-wordpress\/ -->\n<title>Sandales \u00e0 Talons en Cuir Platine avec Fleur - ROBERTO FESTA Sincler<\/title>\n<meta name=\"robots\" content=\"index, follow, max-snippet:-1, max-image-preview:large, max-video-preview:-1\" \/>\n<link rel=\"canonical\" href=\"https:\/\/www.venisecollection.com\/fr\/shop\/women\/sandale\/sincler\" \/>\n<meta property=\"og:locale\" content=\"fr_FR\" \/>\n<meta property=\"og:type\" content=\"article\" \/>\n<meta property=\"og:title\" content=\"Sandales \u00e0 Talons en Cuir Platine avec Fleur - ROBERTO FESTA Sincler\" \/>\n<meta property=\"og:description\" content=\"Incarnez l&rsquo;\u00e9l\u00e9gance raffin\u00e9e et la f\u00e9minit\u00e9 intemporelle avec les sandales Sincler de la marque ROBERTO FESTA. Confectionn\u00e9es dans un magnifique cuir lamin\u00e9 platine, ces superbes sandales de soir\u00e9e offrent un \u00e9clat dor\u00e9 doux et radieux qui sublime instantan\u00e9ment n&rsquo;importe quelle tenue. Le design se caract\u00e9rise par de fines brides avant qui croisent \u00e9l\u00e9gamment le pied, &hellip;\" \/>\n<meta property=\"og:url\" content=\"https:\/\/www.venisecollection.com\/fr\/shop\/women\/sandale\/sincler\" \/>\n<meta property=\"og:site_name\" content=\"VENISE COLLECTION\" \/>\n<meta property=\"article:modified_time\" content=\"2026-04-15T16:05:06+00:00\" \/>\n<meta property=\"og:image\" content=\"https:\/\/www.venisecollection.com\/cdn\/image.psd-71.webp\" \/>\n\t<meta property=\"og:image:width\" content=\"1280\" \/>\n\t<meta property=\"og:image:height\" content=\"1588\" \/>\n\t<meta property=\"og:image:type\" content=\"image\/webp\" \/>\n<meta name=\"twitter:card\" content=\"summary_large_image\" \/>\n<meta name=\"twitter:label1\" content=\"Dur\u00e9e de lecture estim\u00e9e\" \/>\n\t<meta name=\"twitter:data1\" content=\"1 minute\" \/>\n<script type=\"application\/ld+json\" class=\"yoast-schema-graph\">{\"@context\":\"https:\\\/\\\/schema.org\",\"@graph\":[{\"@type\":\"WebPage\",\"@id\":\"https:\\\/\\\/www.venisecollection.com\\\/fr\\\/shop\\\/women\\\/sandale\\\/sincler\",\"url\":\"https:\\\/\\\/www.venisecollection.com\\\/fr\\\/shop\\\/women\\\/sandale\\\/sincler\",\"name\":\"Sandales \u00e0 Talons en Cuir Platine avec Fleur - ROBERTO FESTA Sincler\",\"isPartOf\":{\"@id\":\"https:\\\/\\\/www.venisecollection.com\\\/fr#website\"},\"primaryImageOfPage\":{\"@id\":\"https:\\\/\\\/www.venisecollection.com\\\/fr\\\/shop\\\/women\\\/sandale\\\/sincler#primaryimage\"},\"image\":{\"@id\":\"https:\\\/\\\/www.venisecollection.com\\\/fr\\\/shop\\\/women\\\/sandale\\\/sincler#primaryimage\"},\"thumbnailUrl\":\"https:\\\/\\\/www.venisecollection.com\\\/cdn\\\/image.psd-71.webp\",\"datePublished\":\"2026-04-15T15:53:46+00:00\",\"dateModified\":\"2026-04-15T16:05:06+00:00\",\"breadcrumb\":{\"@id\":\"https:\\\/\\\/www.venisecollection.com\\\/fr\\\/shop\\\/women\\\/sandale\\\/sincler#breadcrumb\"},\"inLanguage\":\"fr-FR\",\"potentialAction\":[{\"@type\":\"ReadAction\",\"target\":[\"https:\\\/\\\/www.venisecollection.com\\\/fr\\\/shop\\\/women\\\/sandale\\\/sincler\"]}]},{\"@type\":\"ImageObject\",\"inLanguage\":\"fr-FR\",\"@id\":\"https:\\\/\\\/www.venisecollection.com\\\/fr\\\/shop\\\/women\\\/sandale\\\/sincler#primaryimage\",\"url\":\"https:\\\/\\\/www.venisecollection.com\\\/cdn\\\/image.psd-71.webp\",\"contentUrl\":\"https:\\\/\\\/www.venisecollection.com\\\/cdn\\\/image.psd-71.webp\",\"width\":1280,\"height\":1588},{\"@type\":\"BreadcrumbList\",\"@id\":\"https:\\\/\\\/www.venisecollection.com\\\/fr\\\/shop\\\/women\\\/sandale\\\/sincler#breadcrumb\",\"itemListElement\":[{\"@type\":\"ListItem\",\"position\":1,\"name\":\"Home\",\"item\":\"https:\\\/\\\/www.venisecollection.com\\\/fr\\\/boutique\"},{\"@type\":\"ListItem\",\"position\":2,\"name\":\"Accueil\",\"item\":\"https:\\\/\\\/www.venisecollection.com\\\/fr\\\/boutique\"},{\"@type\":\"ListItem\",\"position\":3,\"name\":\"SINCLER\"}]},{\"@type\":\"WebSite\",\"@id\":\"https:\\\/\\\/www.venisecollection.com\\\/fr#website\",\"url\":\"https:\\\/\\\/www.venisecollection.com\\\/fr\",\"name\":\"VENISE COLLECTION\",\"description\":\"\",\"publisher\":{\"@id\":\"https:\\\/\\\/www.venisecollection.com\\\/fr#organization\"},\"potentialAction\":[{\"@type\":\"SearchAction\",\"target\":{\"@type\":\"EntryPoint\",\"urlTemplate\":\"https:\\\/\\\/www.venisecollection.com\\\/fr?s={search_term_string}\"},\"query-input\":{\"@type\":\"PropertyValueSpecification\",\"valueRequired\":true,\"valueName\":\"search_term_string\"}}],\"inLanguage\":\"fr-FR\"},{\"@type\":\"Organization\",\"@id\":\"https:\\\/\\\/www.venisecollection.com\\\/fr#organization\",\"name\":\"VENISE COLLECTION\",\"url\":\"https:\\\/\\\/www.venisecollection.com\\\/fr\",\"logo\":{\"@type\":\"ImageObject\",\"inLanguage\":\"fr-FR\",\"@id\":\"https:\\\/\\\/www.venisecollection.com\\\/fr#\\\/schema\\\/logo\\\/image\\\/\",\"url\":\"https:\\\/\\\/www.venisecollection.com\\\/cdn\\\/seo.png\",\"contentUrl\":\"https:\\\/\\\/www.venisecollection.com\\\/cdn\\\/seo.png\",\"width\":1080,\"height\":1080,\"caption\":\"VENISE COLLECTION\"},\"image\":{\"@id\":\"https:\\\/\\\/www.venisecollection.com\\\/fr#\\\/schema\\\/logo\\\/image\\\/\"},\"sameAs\":[\"https:\\\/\\\/www.instagram.com\\\/venisecollection\\\/\",\"https:\\\/\\\/fr.pinterest.com\\\/venisecollection\\\/\"]}]}<\/script>\n<!-- \/ Yoast SEO plugin. -->","yoast_head_json":{"title":"Sandales \u00e0 Talons en Cuir Platine avec Fleur - ROBERTO FESTA Sincler","robots":{"index":"index","follow":"follow","max-snippet":"max-snippet:-1","max-image-preview":"max-image-preview:large","max-video-preview":"max-video-preview:-1"},"canonical":"https:\/\/www.venisecollection.com\/fr\/shop\/women\/sandale\/sincler","og_locale":"fr_FR","og_type":"article","og_title":"Sandales \u00e0 Talons en Cuir Platine avec Fleur - ROBERTO FESTA Sincler","og_description":"Incarnez l&rsquo;\u00e9l\u00e9gance raffin\u00e9e et la f\u00e9minit\u00e9 intemporelle avec les sandales Sincler de la marque ROBERTO FESTA. Confectionn\u00e9es dans un magnifique cuir lamin\u00e9 platine, ces superbes sandales de soir\u00e9e offrent un \u00e9clat dor\u00e9 doux et radieux qui sublime instantan\u00e9ment n&rsquo;importe quelle tenue. Le design se caract\u00e9rise par de fines brides avant qui croisent \u00e9l\u00e9gamment le pied, &hellip;","og_url":"https:\/\/www.venisecollection.com\/fr\/shop\/women\/sandale\/sincler","og_site_name":"VENISE COLLECTION","article_modified_time":"2026-04-15T16:05:06+00:00","og_image":[{"width":1280,"height":1588,"url":"https:\/\/www.venisecollection.com\/cdn\/image.psd-71.webp","type":"image\/webp"}],"twitter_card":"summary_large_image","twitter_misc":{"Dur\u00e9e de lecture estim\u00e9e":"1 minute"},"schema":{"@context":"https:\/\/schema.org","@graph":[{"@type":"WebPage","@id":"https:\/\/www.venisecollection.com\/fr\/shop\/women\/sandale\/sincler","url":"https:\/\/www.venisecollection.com\/fr\/shop\/women\/sandale\/sincler","name":"Sandales \u00e0 Talons en Cuir Platine avec Fleur - ROBERTO FESTA Sincler","isPartOf":{"@id":"https:\/\/www.venisecollection.com\/fr#website"},"primaryImageOfPage":{"@id":"https:\/\/www.venisecollection.com\/fr\/shop\/women\/sandale\/sincler#primaryimage"},"image":{"@id":"https:\/\/www.venisecollection.com\/fr\/shop\/women\/sandale\/sincler#primaryimage"},"thumbnailUrl":"https:\/\/www.venisecollection.com\/cdn\/image.psd-71.webp","datePublished":"2026-04-15T15:53:46+00:00","dateModified":"2026-04-15T16:05:06+00:00","breadcrumb":{"@id":"https:\/\/www.venisecollection.com\/fr\/shop\/women\/sandale\/sincler#breadcrumb"},"inLanguage":"fr-FR","potentialAction":[{"@type":"ReadAction","target":["https:\/\/www.venisecollection.com\/fr\/shop\/women\/sandale\/sincler"]}]},{"@type":"ImageObject","inLanguage":"fr-FR","@id":"https:\/\/www.venisecollection.com\/fr\/shop\/women\/sandale\/sincler#primaryimage","url":"https:\/\/www.venisecollection.com\/cdn\/image.psd-71.webp","contentUrl":"https:\/\/www.venisecollection.com\/cdn\/image.psd-71.webp","width":1280,"height":1588},{"@type":"BreadcrumbList","@id":"https:\/\/www.venisecollection.com\/fr\/shop\/women\/sandale\/sincler#breadcrumb","itemListElement":[{"@type":"ListItem","position":1,"name":"Home","item":"https:\/\/www.venisecollection.com\/fr\/boutique"},{"@type":"ListItem","position":2,"name":"Accueil","item":"https:\/\/www.venisecollection.com\/fr\/boutique"},{"@type":"ListItem","position":3,"name":"SINCLER"}]},{"@type":"WebSite","@id":"https:\/\/www.venisecollection.com\/fr#website","url":"https:\/\/www.venisecollection.com\/fr","name":"VENISE COLLECTION","description":"","publisher":{"@id":"https:\/\/www.venisecollection.com\/fr#organization"},"potentialAction":[{"@type":"SearchAction","target":{"@type":"EntryPoint","urlTemplate":"https:\/\/www.venisecollection.com\/fr?s={search_term_string}"},"query-input":{"@type":"PropertyValueSpecification","valueRequired":true,"valueName":"search_term_string"}}],"inLanguage":"fr-FR"},{"@type":"Organization","@id":"https:\/\/www.venisecollection.com\/fr#organization","name":"VENISE COLLECTION","url":"https:\/\/www.venisecollection.com\/fr","logo":{"@type":"ImageObject","inLanguage":"fr-FR","@id":"https:\/\/www.venisecollection.com\/fr#\/schema\/logo\/image\/","url":"https:\/\/www.venisecollection.com\/cdn\/seo.png","contentUrl":"https:\/\/www.venisecollection.com\/cdn\/seo.png","width":1080,"height":1080,"caption":"VENISE COLLECTION"},"image":{"@id":"https:\/\/www.venisecollection.com\/fr#\/schema\/logo\/image\/"},"sameAs":["https:\/\/www.instagram.com\/venisecollection\/","https:\/\/fr.pinterest.com\/venisecollection\/"]}]}},"_links":{"self":[{"href":"https:\/\/www.venisecollection.com\/fr\/wp-json\/wp\/v2\/product\/24153","targetHints":{"allow":["GET"]}}],"collection":[{"href":"https:\/\/www.venisecollection.com\/fr\/wp-json\/wp\/v2\/product"}],"about":[{"href":"https:\/\/www.venisecollection.com\/fr\/wp-json\/wp\/v2\/types\/product"}],"wp:featuredmedia":[{"embeddable":true,"href":"https:\/\/www.venisecollection.com\/fr\/wp-json\/wp\/v2\/media\/24191"}],"wp:attachment":[{"href":"https:\/\/www.venisecollection.com\/fr\/wp-json\/wp\/v2\/media?parent=24153"}],"wp:term":[{"taxonomy":"product_brand","embeddable":true,"href":"https:\/\/www.venisecollection.com\/fr\/wp-json\/wp\/v2\/product_brand?post=24153"},{"taxonomy":"product_cat","embeddable":true,"href":"https:\/\/www.venisecollection.com\/fr\/wp-json\/wp\/v2\/product_cat?post=24153"},{"taxonomy":"product_tag","embeddable":true,"href":"https:\/\/www.venisecollection.com\/fr\/wp-json\/wp\/v2\/product_tag?post=24153"}],"curies":[{"name":"wp","href":"https:\/\/api.w.org\/{rel}","templated":true}]}}