{"id":24852,"date":"2026-04-20T01:24:03","date_gmt":"2026-04-20T01:24:03","guid":{"rendered":"https:\/\/www.venisecollection.com\/?post_type=product&#038;p=24852"},"modified":"2026-04-20T01:26:49","modified_gmt":"2026-04-20T01:26:49","slug":"r1342-pellame-pizzo","status":"publish","type":"product","link":"https:\/\/www.venisecollection.com\/fr\/shop\/women\/pompes\/r1342-pellame-pizzo","title":{"rendered":"R1342 Pellame PIZZO"},"content":{"rendered":"<p data-path-to-node=\"15\">L&rsquo;\u00e9l\u00e9gance \u00e0 l&rsquo;italienne s&rsquo;invite dans votre vestiaire avec le mod\u00e8le <b data-path-to-node=\"15\" data-index-in-node=\"84\">R1342 Pellame PIZZO<\/b>. Ces escarpins slingback de <b data-path-to-node=\"15\" data-index-in-node=\"132\">Venise Collection<\/b> sont une v\u00e9ritable ode \u00e0 la f\u00e9minit\u00e9, alliant le raffinement de la dentelle (Pizzo) florale \u00e0 la noblesse du cuir de veau. La teinte rose nude apporte une douceur incomparable, id\u00e9ale pour sublimer une tenue de c\u00e9r\u00e9monie ou un cocktail chic. Enti\u00e8rement fabriqu\u00e9es en Italie, ces chaussures offrent un confort exceptionnel et une allure distingu\u00e9e gr\u00e2ce \u00e0 leur bout pointu et leur bride arri\u00e8re d\u00e9licate.<\/p>\n<ul data-path-to-node=\"16\">\n<li>\n<p data-path-to-node=\"16,0,0\"><b data-path-to-node=\"16,0,0\" data-index-in-node=\"0\">Marque :<\/b> Venise Collection (Fabriqu\u00e9 en Italie)<\/p>\n<\/li>\n<li>\n<p data-path-to-node=\"16,1,0\"><b data-path-to-node=\"16,1,0\" data-index-in-node=\"0\">Composition :<\/b> Cuir de veau v\u00e9ritable et dentelle de luxe<\/p>\n<\/li>\n<li>\n<p data-path-to-node=\"16,2,0\"><b data-path-to-node=\"16,2,0\" data-index-in-node=\"0\">Style :<\/b> Bout pointu, fermeture slingback<\/p>\n<\/li>\n<li>\n<p data-path-to-node=\"16,3,0\"><b data-path-to-node=\"16,3,0\" data-index-in-node=\"0\">D\u00e9tails :<\/b> Texture ajour\u00e9e et respirante<\/p>\n<\/li>\n<li>\n<p data-path-to-node=\"16,4,0\"><b data-path-to-node=\"16,4,0\" data-index-in-node=\"0\">Id\u00e9al pour :<\/b> Mariages, bapt\u00eames et soir\u00e9es mondaines.<\/p>\n<\/li>\n<\/ul>\n","protected":false},"excerpt":{"rendered":"<p>L&rsquo;\u00e9l\u00e9gance \u00e0 l&rsquo;italienne s&rsquo;invite dans votre vestiaire avec le mod\u00e8le R1342 Pellame PIZZO. Ces escarpins slingback de Venise Collection sont une v\u00e9ritable ode \u00e0 la f\u00e9minit\u00e9, alliant le raffinement de la dentelle (Pizzo) florale \u00e0 la noblesse du cuir de veau. La teinte rose nude apporte une douceur incomparable, id\u00e9ale pour sublimer une tenue de &hellip;<\/p>\n","protected":false},"featured_media":24873,"template":"","meta":[],"product_brand":[356],"product_cat":[105],"product_tag":[],"class_list":{"0":"post-24852","1":"product","2":"type-product","3":"status-publish","4":"has-post-thumbnail","6":"product_brand-venise-collection","7":"product_cat-pompes","9":"first","10":"instock","11":"shipping-taxable","12":"purchasable","13":"product-type-variable"},"yoast_head":"<!-- This site is optimized with the Yoast SEO plugin v27.4 - https:\/\/yoast.com\/product\/yoast-seo-wordpress\/ -->\n<title>PIZZO - Escarpins Slingback en Dentelle Italienne<\/title>\n<meta name=\"robots\" content=\"index, follow, max-snippet:-1, max-image-preview:large, max-video-preview:-1\" \/>\n<link rel=\"canonical\" href=\"https:\/\/www.venisecollection.com\/fr\/shop\/women\/pompes\/r1342-pellame-pizzo\" \/>\n<meta property=\"og:locale\" content=\"fr_FR\" \/>\n<meta property=\"og:type\" content=\"article\" \/>\n<meta property=\"og:title\" content=\"PIZZO - Escarpins Slingback en Dentelle Italienne\" \/>\n<meta property=\"og:description\" content=\"L&rsquo;\u00e9l\u00e9gance \u00e0 l&rsquo;italienne s&rsquo;invite dans votre vestiaire avec le mod\u00e8le R1342 Pellame PIZZO. Ces escarpins slingback de Venise Collection sont une v\u00e9ritable ode \u00e0 la f\u00e9minit\u00e9, alliant le raffinement de la dentelle (Pizzo) florale \u00e0 la noblesse du cuir de veau. La teinte rose nude apporte une douceur incomparable, id\u00e9ale pour sublimer une tenue de &hellip;\" \/>\n<meta property=\"og:url\" content=\"https:\/\/www.venisecollection.com\/fr\/shop\/women\/pompes\/r1342-pellame-pizzo\" \/>\n<meta property=\"og:site_name\" content=\"VENISE COLLECTION\" \/>\n<meta property=\"article:modified_time\" content=\"2026-04-20T01:26:49+00:00\" \/>\n<meta property=\"og:image\" content=\"https:\/\/www.venisecollection.com\/cdn\/image.psd-152-1.webp\" \/>\n\t<meta property=\"og:image:width\" content=\"1280\" \/>\n\t<meta property=\"og:image:height\" content=\"1588\" \/>\n\t<meta property=\"og:image:type\" content=\"image\/webp\" \/>\n<meta name=\"twitter:card\" content=\"summary_large_image\" \/>\n<meta name=\"twitter:label1\" content=\"Dur\u00e9e de lecture estim\u00e9e\" \/>\n\t<meta name=\"twitter:data1\" content=\"1 minute\" \/>\n<script type=\"application\/ld+json\" class=\"yoast-schema-graph\">{\"@context\":\"https:\\\/\\\/schema.org\",\"@graph\":[{\"@type\":\"WebPage\",\"@id\":\"https:\\\/\\\/www.venisecollection.com\\\/fr\\\/shop\\\/women\\\/pompes\\\/r1342-pellame-pizzo\",\"url\":\"https:\\\/\\\/www.venisecollection.com\\\/fr\\\/shop\\\/women\\\/pompes\\\/r1342-pellame-pizzo\",\"name\":\"PIZZO - Escarpins Slingback en Dentelle Italienne\",\"isPartOf\":{\"@id\":\"https:\\\/\\\/www.venisecollection.com\\\/fr#website\"},\"primaryImageOfPage\":{\"@id\":\"https:\\\/\\\/www.venisecollection.com\\\/fr\\\/shop\\\/women\\\/pompes\\\/r1342-pellame-pizzo#primaryimage\"},\"image\":{\"@id\":\"https:\\\/\\\/www.venisecollection.com\\\/fr\\\/shop\\\/women\\\/pompes\\\/r1342-pellame-pizzo#primaryimage\"},\"thumbnailUrl\":\"https:\\\/\\\/www.venisecollection.com\\\/cdn\\\/image.psd-152-1.webp\",\"datePublished\":\"2026-04-20T01:24:03+00:00\",\"dateModified\":\"2026-04-20T01:26:49+00:00\",\"breadcrumb\":{\"@id\":\"https:\\\/\\\/www.venisecollection.com\\\/fr\\\/shop\\\/women\\\/pompes\\\/r1342-pellame-pizzo#breadcrumb\"},\"inLanguage\":\"fr-FR\",\"potentialAction\":[{\"@type\":\"ReadAction\",\"target\":[\"https:\\\/\\\/www.venisecollection.com\\\/fr\\\/shop\\\/women\\\/pompes\\\/r1342-pellame-pizzo\"]}]},{\"@type\":\"ImageObject\",\"inLanguage\":\"fr-FR\",\"@id\":\"https:\\\/\\\/www.venisecollection.com\\\/fr\\\/shop\\\/women\\\/pompes\\\/r1342-pellame-pizzo#primaryimage\",\"url\":\"https:\\\/\\\/www.venisecollection.com\\\/cdn\\\/image.psd-152-1.webp\",\"contentUrl\":\"https:\\\/\\\/www.venisecollection.com\\\/cdn\\\/image.psd-152-1.webp\",\"width\":1280,\"height\":1588},{\"@type\":\"BreadcrumbList\",\"@id\":\"https:\\\/\\\/www.venisecollection.com\\\/fr\\\/shop\\\/women\\\/pompes\\\/r1342-pellame-pizzo#breadcrumb\",\"itemListElement\":[{\"@type\":\"ListItem\",\"position\":1,\"name\":\"Home\",\"item\":\"https:\\\/\\\/www.venisecollection.com\\\/fr\\\/boutique\"},{\"@type\":\"ListItem\",\"position\":2,\"name\":\"Accueil\",\"item\":\"https:\\\/\\\/www.venisecollection.com\\\/fr\\\/boutique\"},{\"@type\":\"ListItem\",\"position\":3,\"name\":\"R1342 Pellame PIZZO\"}]},{\"@type\":\"WebSite\",\"@id\":\"https:\\\/\\\/www.venisecollection.com\\\/fr#website\",\"url\":\"https:\\\/\\\/www.venisecollection.com\\\/fr\",\"name\":\"VENISE COLLECTION\",\"description\":\"\",\"publisher\":{\"@id\":\"https:\\\/\\\/www.venisecollection.com\\\/fr#organization\"},\"potentialAction\":[{\"@type\":\"SearchAction\",\"target\":{\"@type\":\"EntryPoint\",\"urlTemplate\":\"https:\\\/\\\/www.venisecollection.com\\\/fr?s={search_term_string}\"},\"query-input\":{\"@type\":\"PropertyValueSpecification\",\"valueRequired\":true,\"valueName\":\"search_term_string\"}}],\"inLanguage\":\"fr-FR\"},{\"@type\":\"Organization\",\"@id\":\"https:\\\/\\\/www.venisecollection.com\\\/fr#organization\",\"name\":\"VENISE COLLECTION\",\"url\":\"https:\\\/\\\/www.venisecollection.com\\\/fr\",\"logo\":{\"@type\":\"ImageObject\",\"inLanguage\":\"fr-FR\",\"@id\":\"https:\\\/\\\/www.venisecollection.com\\\/fr#\\\/schema\\\/logo\\\/image\\\/\",\"url\":\"https:\\\/\\\/www.venisecollection.com\\\/cdn\\\/seo.png\",\"contentUrl\":\"https:\\\/\\\/www.venisecollection.com\\\/cdn\\\/seo.png\",\"width\":1080,\"height\":1080,\"caption\":\"VENISE COLLECTION\"},\"image\":{\"@id\":\"https:\\\/\\\/www.venisecollection.com\\\/fr#\\\/schema\\\/logo\\\/image\\\/\"},\"sameAs\":[\"https:\\\/\\\/www.instagram.com\\\/venisecollection\\\/\",\"https:\\\/\\\/fr.pinterest.com\\\/venisecollection\\\/\"]}]}<\/script>\n<!-- \/ Yoast SEO plugin. -->","yoast_head_json":{"title":"PIZZO - Escarpins Slingback en Dentelle Italienne","robots":{"index":"index","follow":"follow","max-snippet":"max-snippet:-1","max-image-preview":"max-image-preview:large","max-video-preview":"max-video-preview:-1"},"canonical":"https:\/\/www.venisecollection.com\/fr\/shop\/women\/pompes\/r1342-pellame-pizzo","og_locale":"fr_FR","og_type":"article","og_title":"PIZZO - Escarpins Slingback en Dentelle Italienne","og_description":"L&rsquo;\u00e9l\u00e9gance \u00e0 l&rsquo;italienne s&rsquo;invite dans votre vestiaire avec le mod\u00e8le R1342 Pellame PIZZO. Ces escarpins slingback de Venise Collection sont une v\u00e9ritable ode \u00e0 la f\u00e9minit\u00e9, alliant le raffinement de la dentelle (Pizzo) florale \u00e0 la noblesse du cuir de veau. La teinte rose nude apporte une douceur incomparable, id\u00e9ale pour sublimer une tenue de &hellip;","og_url":"https:\/\/www.venisecollection.com\/fr\/shop\/women\/pompes\/r1342-pellame-pizzo","og_site_name":"VENISE COLLECTION","article_modified_time":"2026-04-20T01:26:49+00:00","og_image":[{"width":1280,"height":1588,"url":"https:\/\/www.venisecollection.com\/cdn\/image.psd-152-1.webp","type":"image\/webp"}],"twitter_card":"summary_large_image","twitter_misc":{"Dur\u00e9e de lecture estim\u00e9e":"1 minute"},"schema":{"@context":"https:\/\/schema.org","@graph":[{"@type":"WebPage","@id":"https:\/\/www.venisecollection.com\/fr\/shop\/women\/pompes\/r1342-pellame-pizzo","url":"https:\/\/www.venisecollection.com\/fr\/shop\/women\/pompes\/r1342-pellame-pizzo","name":"PIZZO - Escarpins Slingback en Dentelle Italienne","isPartOf":{"@id":"https:\/\/www.venisecollection.com\/fr#website"},"primaryImageOfPage":{"@id":"https:\/\/www.venisecollection.com\/fr\/shop\/women\/pompes\/r1342-pellame-pizzo#primaryimage"},"image":{"@id":"https:\/\/www.venisecollection.com\/fr\/shop\/women\/pompes\/r1342-pellame-pizzo#primaryimage"},"thumbnailUrl":"https:\/\/www.venisecollection.com\/cdn\/image.psd-152-1.webp","datePublished":"2026-04-20T01:24:03+00:00","dateModified":"2026-04-20T01:26:49+00:00","breadcrumb":{"@id":"https:\/\/www.venisecollection.com\/fr\/shop\/women\/pompes\/r1342-pellame-pizzo#breadcrumb"},"inLanguage":"fr-FR","potentialAction":[{"@type":"ReadAction","target":["https:\/\/www.venisecollection.com\/fr\/shop\/women\/pompes\/r1342-pellame-pizzo"]}]},{"@type":"ImageObject","inLanguage":"fr-FR","@id":"https:\/\/www.venisecollection.com\/fr\/shop\/women\/pompes\/r1342-pellame-pizzo#primaryimage","url":"https:\/\/www.venisecollection.com\/cdn\/image.psd-152-1.webp","contentUrl":"https:\/\/www.venisecollection.com\/cdn\/image.psd-152-1.webp","width":1280,"height":1588},{"@type":"BreadcrumbList","@id":"https:\/\/www.venisecollection.com\/fr\/shop\/women\/pompes\/r1342-pellame-pizzo#breadcrumb","itemListElement":[{"@type":"ListItem","position":1,"name":"Home","item":"https:\/\/www.venisecollection.com\/fr\/boutique"},{"@type":"ListItem","position":2,"name":"Accueil","item":"https:\/\/www.venisecollection.com\/fr\/boutique"},{"@type":"ListItem","position":3,"name":"R1342 Pellame PIZZO"}]},{"@type":"WebSite","@id":"https:\/\/www.venisecollection.com\/fr#website","url":"https:\/\/www.venisecollection.com\/fr","name":"VENISE COLLECTION","description":"","publisher":{"@id":"https:\/\/www.venisecollection.com\/fr#organization"},"potentialAction":[{"@type":"SearchAction","target":{"@type":"EntryPoint","urlTemplate":"https:\/\/www.venisecollection.com\/fr?s={search_term_string}"},"query-input":{"@type":"PropertyValueSpecification","valueRequired":true,"valueName":"search_term_string"}}],"inLanguage":"fr-FR"},{"@type":"Organization","@id":"https:\/\/www.venisecollection.com\/fr#organization","name":"VENISE COLLECTION","url":"https:\/\/www.venisecollection.com\/fr","logo":{"@type":"ImageObject","inLanguage":"fr-FR","@id":"https:\/\/www.venisecollection.com\/fr#\/schema\/logo\/image\/","url":"https:\/\/www.venisecollection.com\/cdn\/seo.png","contentUrl":"https:\/\/www.venisecollection.com\/cdn\/seo.png","width":1080,"height":1080,"caption":"VENISE COLLECTION"},"image":{"@id":"https:\/\/www.venisecollection.com\/fr#\/schema\/logo\/image\/"},"sameAs":["https:\/\/www.instagram.com\/venisecollection\/","https:\/\/fr.pinterest.com\/venisecollection\/"]}]}},"_links":{"self":[{"href":"https:\/\/www.venisecollection.com\/fr\/wp-json\/wp\/v2\/product\/24852","targetHints":{"allow":["GET"]}}],"collection":[{"href":"https:\/\/www.venisecollection.com\/fr\/wp-json\/wp\/v2\/product"}],"about":[{"href":"https:\/\/www.venisecollection.com\/fr\/wp-json\/wp\/v2\/types\/product"}],"wp:featuredmedia":[{"embeddable":true,"href":"https:\/\/www.venisecollection.com\/fr\/wp-json\/wp\/v2\/media\/24873"}],"wp:attachment":[{"href":"https:\/\/www.venisecollection.com\/fr\/wp-json\/wp\/v2\/media?parent=24852"}],"wp:term":[{"taxonomy":"product_brand","embeddable":true,"href":"https:\/\/www.venisecollection.com\/fr\/wp-json\/wp\/v2\/product_brand?post=24852"},{"taxonomy":"product_cat","embeddable":true,"href":"https:\/\/www.venisecollection.com\/fr\/wp-json\/wp\/v2\/product_cat?post=24852"},{"taxonomy":"product_tag","embeddable":true,"href":"https:\/\/www.venisecollection.com\/fr\/wp-json\/wp\/v2\/product_tag?post=24852"}],"curies":[{"name":"wp","href":"https:\/\/api.w.org\/{rel}","templated":true}]}}