{"id":25014,"date":"2026-04-21T16:43:04","date_gmt":"2026-04-21T16:43:04","guid":{"rendered":"https:\/\/www.venisecollection.com\/?post_type=product&#038;p=25014"},"modified":"2026-04-21T16:45:55","modified_gmt":"2026-04-21T16:45:55","slug":"11934-argento","status":"publish","type":"product","link":"https:\/\/www.venisecollection.com\/fr\/shop\/women\/sandale\/11934-argento","title":{"rendered":"11934 ARGENTO"},"content":{"rendered":"<p data-path-to-node=\"15\">Illuminez votre d\u00e9marche avec les sandales <b data-path-to-node=\"15\" data-index-in-node=\"57\">11934 ARGENTO<\/b> de <b data-path-to-node=\"15\" data-index-in-node=\"74\">Venise Collection<\/b>. Ces mules plates en cuir m\u00e9tallis\u00e9 argent\u00e9 se distinguent par leurs brides crois\u00e9es recouvertes de strass scintillants qui captent la lumi\u00e8re \u00e0 chaque pas. Alliant confort et haute couture, ce mod\u00e8le dispose d&rsquo;un bout carr\u00e9 tr\u00e8s actuel et d&rsquo;une semelle moelleuse. Un accessoire indispensable pour celles qui recherchent une chaussure plate aussi \u00e9l\u00e9gante qu&rsquo;un bijou, id\u00e9ale pour les escapades estivales raffin\u00e9es.<\/p>\n<ul data-path-to-node=\"16\">\n<li>\n<p data-path-to-node=\"16,0,0\"><b data-path-to-node=\"16,0,0\" data-index-in-node=\"0\">Marque :<\/b> Venise Collection<\/p>\n<\/li>\n<li>\n<p data-path-to-node=\"16,1,0\"><b data-path-to-node=\"16,1,0\" data-index-in-node=\"0\">Mati\u00e8re :<\/b> Cuir m\u00e9tallis\u00e9 et brides serties de strass<\/p>\n<\/li>\n<li>\n<p data-path-to-node=\"16,2,0\"><b data-path-to-node=\"16,2,0\" data-index-in-node=\"0\">Couleur :<\/b> Argento (Argent vif)<\/p>\n<\/li>\n<li>\n<p data-path-to-node=\"16,3,0\"><b data-path-to-node=\"16,3,0\" data-index-in-node=\"0\">D\u00e9tails :<\/b> Bout carr\u00e9 tendance, brides \u00ab\u00a0criss-cross\u00a0\u00bb scintillantes<\/p>\n<\/li>\n<li>\n<p data-path-to-node=\"16,4,0\"><b data-path-to-node=\"16,4,0\" data-index-in-node=\"0\">Id\u00e9al pour :<\/b> Cocktails en bord de mer, soir\u00e9es d&rsquo;\u00e9t\u00e9 et looks sophistiqu\u00e9s.<\/p>\n<\/li>\n<\/ul>\n","protected":false},"excerpt":{"rendered":"<p>Illuminez votre d\u00e9marche avec les sandales 11934 ARGENTO de Venise Collection. Ces mules plates en cuir m\u00e9tallis\u00e9 argent\u00e9 se distinguent par leurs brides crois\u00e9es recouvertes de strass scintillants qui captent la lumi\u00e8re \u00e0 chaque pas. Alliant confort et haute couture, ce mod\u00e8le dispose d&rsquo;un bout carr\u00e9 tr\u00e8s actuel et d&rsquo;une semelle moelleuse. Un accessoire indispensable &hellip;<\/p>\n","protected":false},"featured_media":25047,"template":"","meta":[],"product_brand":[356],"product_cat":[331],"product_tag":[],"class_list":{"0":"post-25014","1":"product","2":"type-product","3":"status-publish","4":"has-post-thumbnail","6":"product_brand-venise-collection","7":"product_cat-sandale","9":"first","10":"instock","11":"shipping-taxable","12":"purchasable","13":"product-type-variable","14":"has-default-attributes"},"yoast_head":"<!-- This site is optimized with the Yoast SEO plugin v27.4 - https:\/\/yoast.com\/product\/yoast-seo-wordpress\/ -->\n<title>ARGENTO - Mules Plates Argent\u00e9es \u00e0 Strass<\/title>\n<meta name=\"robots\" content=\"index, follow, max-snippet:-1, max-image-preview:large, max-video-preview:-1\" \/>\n<link rel=\"canonical\" href=\"https:\/\/www.venisecollection.com\/fr\/shop\/women\/sandale\/11934-argento\" \/>\n<meta property=\"og:locale\" content=\"fr_FR\" \/>\n<meta property=\"og:type\" content=\"article\" \/>\n<meta property=\"og:title\" content=\"ARGENTO - Mules Plates Argent\u00e9es \u00e0 Strass\" \/>\n<meta property=\"og:description\" content=\"Illuminez votre d\u00e9marche avec les sandales 11934 ARGENTO de Venise Collection. Ces mules plates en cuir m\u00e9tallis\u00e9 argent\u00e9 se distinguent par leurs brides crois\u00e9es recouvertes de strass scintillants qui captent la lumi\u00e8re \u00e0 chaque pas. Alliant confort et haute couture, ce mod\u00e8le dispose d&rsquo;un bout carr\u00e9 tr\u00e8s actuel et d&rsquo;une semelle moelleuse. Un accessoire indispensable &hellip;\" \/>\n<meta property=\"og:url\" content=\"https:\/\/www.venisecollection.com\/fr\/shop\/women\/sandale\/11934-argento\" \/>\n<meta property=\"og:site_name\" content=\"VENISE COLLECTION\" \/>\n<meta property=\"article:modified_time\" content=\"2026-04-21T16:45:55+00:00\" \/>\n<meta property=\"og:image\" content=\"https:\/\/www.venisecollection.com\/cdn\/image-231.webp\" \/>\n\t<meta property=\"og:image:width\" content=\"1280\" \/>\n\t<meta property=\"og:image:height\" content=\"1588\" \/>\n\t<meta property=\"og:image:type\" content=\"image\/webp\" \/>\n<meta name=\"twitter:card\" content=\"summary_large_image\" \/>\n<meta name=\"twitter:label1\" content=\"Dur\u00e9e de lecture estim\u00e9e\" \/>\n\t<meta name=\"twitter:data1\" content=\"1 minute\" \/>\n<script type=\"application\/ld+json\" class=\"yoast-schema-graph\">{\"@context\":\"https:\\\/\\\/schema.org\",\"@graph\":[{\"@type\":\"WebPage\",\"@id\":\"https:\\\/\\\/www.venisecollection.com\\\/fr\\\/shop\\\/women\\\/sandale\\\/11934-argento\",\"url\":\"https:\\\/\\\/www.venisecollection.com\\\/fr\\\/shop\\\/women\\\/sandale\\\/11934-argento\",\"name\":\"ARGENTO - Mules Plates Argent\u00e9es \u00e0 Strass\",\"isPartOf\":{\"@id\":\"https:\\\/\\\/www.venisecollection.com\\\/fr#website\"},\"primaryImageOfPage\":{\"@id\":\"https:\\\/\\\/www.venisecollection.com\\\/fr\\\/shop\\\/women\\\/sandale\\\/11934-argento#primaryimage\"},\"image\":{\"@id\":\"https:\\\/\\\/www.venisecollection.com\\\/fr\\\/shop\\\/women\\\/sandale\\\/11934-argento#primaryimage\"},\"thumbnailUrl\":\"https:\\\/\\\/www.venisecollection.com\\\/cdn\\\/image-231.webp\",\"datePublished\":\"2026-04-21T16:43:04+00:00\",\"dateModified\":\"2026-04-21T16:45:55+00:00\",\"breadcrumb\":{\"@id\":\"https:\\\/\\\/www.venisecollection.com\\\/fr\\\/shop\\\/women\\\/sandale\\\/11934-argento#breadcrumb\"},\"inLanguage\":\"fr-FR\",\"potentialAction\":[{\"@type\":\"ReadAction\",\"target\":[\"https:\\\/\\\/www.venisecollection.com\\\/fr\\\/shop\\\/women\\\/sandale\\\/11934-argento\"]}]},{\"@type\":\"ImageObject\",\"inLanguage\":\"fr-FR\",\"@id\":\"https:\\\/\\\/www.venisecollection.com\\\/fr\\\/shop\\\/women\\\/sandale\\\/11934-argento#primaryimage\",\"url\":\"https:\\\/\\\/www.venisecollection.com\\\/cdn\\\/image-231.webp\",\"contentUrl\":\"https:\\\/\\\/www.venisecollection.com\\\/cdn\\\/image-231.webp\",\"width\":1280,\"height\":1588},{\"@type\":\"BreadcrumbList\",\"@id\":\"https:\\\/\\\/www.venisecollection.com\\\/fr\\\/shop\\\/women\\\/sandale\\\/11934-argento#breadcrumb\",\"itemListElement\":[{\"@type\":\"ListItem\",\"position\":1,\"name\":\"Home\",\"item\":\"https:\\\/\\\/www.venisecollection.com\\\/fr\\\/boutique\"},{\"@type\":\"ListItem\",\"position\":2,\"name\":\"Accueil\",\"item\":\"https:\\\/\\\/www.venisecollection.com\\\/fr\\\/boutique\"},{\"@type\":\"ListItem\",\"position\":3,\"name\":\"11934 ARGENTO\"}]},{\"@type\":\"WebSite\",\"@id\":\"https:\\\/\\\/www.venisecollection.com\\\/fr#website\",\"url\":\"https:\\\/\\\/www.venisecollection.com\\\/fr\",\"name\":\"VENISE COLLECTION\",\"description\":\"\",\"publisher\":{\"@id\":\"https:\\\/\\\/www.venisecollection.com\\\/fr#organization\"},\"potentialAction\":[{\"@type\":\"SearchAction\",\"target\":{\"@type\":\"EntryPoint\",\"urlTemplate\":\"https:\\\/\\\/www.venisecollection.com\\\/fr?s={search_term_string}\"},\"query-input\":{\"@type\":\"PropertyValueSpecification\",\"valueRequired\":true,\"valueName\":\"search_term_string\"}}],\"inLanguage\":\"fr-FR\"},{\"@type\":\"Organization\",\"@id\":\"https:\\\/\\\/www.venisecollection.com\\\/fr#organization\",\"name\":\"VENISE COLLECTION\",\"url\":\"https:\\\/\\\/www.venisecollection.com\\\/fr\",\"logo\":{\"@type\":\"ImageObject\",\"inLanguage\":\"fr-FR\",\"@id\":\"https:\\\/\\\/www.venisecollection.com\\\/fr#\\\/schema\\\/logo\\\/image\\\/\",\"url\":\"https:\\\/\\\/www.venisecollection.com\\\/cdn\\\/seo.png\",\"contentUrl\":\"https:\\\/\\\/www.venisecollection.com\\\/cdn\\\/seo.png\",\"width\":1080,\"height\":1080,\"caption\":\"VENISE COLLECTION\"},\"image\":{\"@id\":\"https:\\\/\\\/www.venisecollection.com\\\/fr#\\\/schema\\\/logo\\\/image\\\/\"},\"sameAs\":[\"https:\\\/\\\/www.instagram.com\\\/venisecollection\\\/\",\"https:\\\/\\\/fr.pinterest.com\\\/venisecollection\\\/\"]}]}<\/script>\n<!-- \/ Yoast SEO plugin. -->","yoast_head_json":{"title":"ARGENTO - Mules Plates Argent\u00e9es \u00e0 Strass","robots":{"index":"index","follow":"follow","max-snippet":"max-snippet:-1","max-image-preview":"max-image-preview:large","max-video-preview":"max-video-preview:-1"},"canonical":"https:\/\/www.venisecollection.com\/fr\/shop\/women\/sandale\/11934-argento","og_locale":"fr_FR","og_type":"article","og_title":"ARGENTO - Mules Plates Argent\u00e9es \u00e0 Strass","og_description":"Illuminez votre d\u00e9marche avec les sandales 11934 ARGENTO de Venise Collection. Ces mules plates en cuir m\u00e9tallis\u00e9 argent\u00e9 se distinguent par leurs brides crois\u00e9es recouvertes de strass scintillants qui captent la lumi\u00e8re \u00e0 chaque pas. Alliant confort et haute couture, ce mod\u00e8le dispose d&rsquo;un bout carr\u00e9 tr\u00e8s actuel et d&rsquo;une semelle moelleuse. Un accessoire indispensable &hellip;","og_url":"https:\/\/www.venisecollection.com\/fr\/shop\/women\/sandale\/11934-argento","og_site_name":"VENISE COLLECTION","article_modified_time":"2026-04-21T16:45:55+00:00","og_image":[{"width":1280,"height":1588,"url":"https:\/\/www.venisecollection.com\/cdn\/image-231.webp","type":"image\/webp"}],"twitter_card":"summary_large_image","twitter_misc":{"Dur\u00e9e de lecture estim\u00e9e":"1 minute"},"schema":{"@context":"https:\/\/schema.org","@graph":[{"@type":"WebPage","@id":"https:\/\/www.venisecollection.com\/fr\/shop\/women\/sandale\/11934-argento","url":"https:\/\/www.venisecollection.com\/fr\/shop\/women\/sandale\/11934-argento","name":"ARGENTO - Mules Plates Argent\u00e9es \u00e0 Strass","isPartOf":{"@id":"https:\/\/www.venisecollection.com\/fr#website"},"primaryImageOfPage":{"@id":"https:\/\/www.venisecollection.com\/fr\/shop\/women\/sandale\/11934-argento#primaryimage"},"image":{"@id":"https:\/\/www.venisecollection.com\/fr\/shop\/women\/sandale\/11934-argento#primaryimage"},"thumbnailUrl":"https:\/\/www.venisecollection.com\/cdn\/image-231.webp","datePublished":"2026-04-21T16:43:04+00:00","dateModified":"2026-04-21T16:45:55+00:00","breadcrumb":{"@id":"https:\/\/www.venisecollection.com\/fr\/shop\/women\/sandale\/11934-argento#breadcrumb"},"inLanguage":"fr-FR","potentialAction":[{"@type":"ReadAction","target":["https:\/\/www.venisecollection.com\/fr\/shop\/women\/sandale\/11934-argento"]}]},{"@type":"ImageObject","inLanguage":"fr-FR","@id":"https:\/\/www.venisecollection.com\/fr\/shop\/women\/sandale\/11934-argento#primaryimage","url":"https:\/\/www.venisecollection.com\/cdn\/image-231.webp","contentUrl":"https:\/\/www.venisecollection.com\/cdn\/image-231.webp","width":1280,"height":1588},{"@type":"BreadcrumbList","@id":"https:\/\/www.venisecollection.com\/fr\/shop\/women\/sandale\/11934-argento#breadcrumb","itemListElement":[{"@type":"ListItem","position":1,"name":"Home","item":"https:\/\/www.venisecollection.com\/fr\/boutique"},{"@type":"ListItem","position":2,"name":"Accueil","item":"https:\/\/www.venisecollection.com\/fr\/boutique"},{"@type":"ListItem","position":3,"name":"11934 ARGENTO"}]},{"@type":"WebSite","@id":"https:\/\/www.venisecollection.com\/fr#website","url":"https:\/\/www.venisecollection.com\/fr","name":"VENISE COLLECTION","description":"","publisher":{"@id":"https:\/\/www.venisecollection.com\/fr#organization"},"potentialAction":[{"@type":"SearchAction","target":{"@type":"EntryPoint","urlTemplate":"https:\/\/www.venisecollection.com\/fr?s={search_term_string}"},"query-input":{"@type":"PropertyValueSpecification","valueRequired":true,"valueName":"search_term_string"}}],"inLanguage":"fr-FR"},{"@type":"Organization","@id":"https:\/\/www.venisecollection.com\/fr#organization","name":"VENISE COLLECTION","url":"https:\/\/www.venisecollection.com\/fr","logo":{"@type":"ImageObject","inLanguage":"fr-FR","@id":"https:\/\/www.venisecollection.com\/fr#\/schema\/logo\/image\/","url":"https:\/\/www.venisecollection.com\/cdn\/seo.png","contentUrl":"https:\/\/www.venisecollection.com\/cdn\/seo.png","width":1080,"height":1080,"caption":"VENISE COLLECTION"},"image":{"@id":"https:\/\/www.venisecollection.com\/fr#\/schema\/logo\/image\/"},"sameAs":["https:\/\/www.instagram.com\/venisecollection\/","https:\/\/fr.pinterest.com\/venisecollection\/"]}]}},"_links":{"self":[{"href":"https:\/\/www.venisecollection.com\/fr\/wp-json\/wp\/v2\/product\/25014","targetHints":{"allow":["GET"]}}],"collection":[{"href":"https:\/\/www.venisecollection.com\/fr\/wp-json\/wp\/v2\/product"}],"about":[{"href":"https:\/\/www.venisecollection.com\/fr\/wp-json\/wp\/v2\/types\/product"}],"wp:featuredmedia":[{"embeddable":true,"href":"https:\/\/www.venisecollection.com\/fr\/wp-json\/wp\/v2\/media\/25047"}],"wp:attachment":[{"href":"https:\/\/www.venisecollection.com\/fr\/wp-json\/wp\/v2\/media?parent=25014"}],"wp:term":[{"taxonomy":"product_brand","embeddable":true,"href":"https:\/\/www.venisecollection.com\/fr\/wp-json\/wp\/v2\/product_brand?post=25014"},{"taxonomy":"product_cat","embeddable":true,"href":"https:\/\/www.venisecollection.com\/fr\/wp-json\/wp\/v2\/product_cat?post=25014"},{"taxonomy":"product_tag","embeddable":true,"href":"https:\/\/www.venisecollection.com\/fr\/wp-json\/wp\/v2\/product_tag?post=25014"}],"curies":[{"name":"wp","href":"https:\/\/api.w.org\/{rel}","templated":true}]}}