{"id":25219,"date":"2026-04-22T15:12:14","date_gmt":"2026-04-22T15:12:14","guid":{"rendered":"https:\/\/www.venisecollection.com\/?post_type=product&#038;p=25219"},"modified":"2026-04-22T15:19:52","modified_gmt":"2026-04-22T15:19:52","slug":"mu-sw631003a-cog","status":"publish","type":"product","link":"https:\/\/www.venisecollection.com\/fr\/shop\/women\/sabot\/mu-sw631003a-cog","title":{"rendered":"MU.SW631003A COG"},"content":{"rendered":"<p data-path-to-node=\"15\">Adoptez l&rsquo;allure iconique des sabots <b data-path-to-node=\"15\" data-index-in-node=\"51\">MOU<\/b>. Ce mod\u00e8le en su\u00e8de couleur cognac allie l&rsquo;artisanat traditionnel, avec ses c\u00e9l\u00e8bres coutures au crochet faites main, \u00e0 un design moderne et ergonomique. Ce sabot (Sabot) \u00e0 double boucle offre un confort exceptionnel gr\u00e2ce \u00e0 sa semelle bio-anatomique. Un choix audacieux et raffin\u00e9 pour compl\u00e9ter une garde-robe estivale haut de gamme.<\/p>\n<ul data-path-to-node=\"16\">\n<li>\n<p data-path-to-node=\"16,0,0\"><b data-path-to-node=\"16,0,0\" data-index-in-node=\"0\">Style :<\/b> Sabot ouvert \u00e0 l&rsquo;arri\u00e8re<\/p>\n<\/li>\n<li>\n<p data-path-to-node=\"16,1,0\"><b data-path-to-node=\"16,1,0\" data-index-in-node=\"0\">Mati\u00e8re :<\/b> Su\u00e8de de luxe et laine<\/p>\n<\/li>\n<li>\n<p data-path-to-node=\"16,2,0\"><b data-path-to-node=\"16,2,0\" data-index-in-node=\"0\">Entretien :<\/b> \u00c9viter l&rsquo;exposition directe \u00e0 la lumi\u00e8re et \u00e0 l&rsquo;eau. Ranger dans son pochon en flanelle pour pr\u00e9server la qualit\u00e9 du daim.<\/p>\n<\/li>\n<\/ul>\n","protected":false},"excerpt":{"rendered":"<p>Adoptez l&rsquo;allure iconique des sabots MOU. Ce mod\u00e8le en su\u00e8de couleur cognac allie l&rsquo;artisanat traditionnel, avec ses c\u00e9l\u00e8bres coutures au crochet faites main, \u00e0 un design moderne et ergonomique. Ce sabot (Sabot) \u00e0 double boucle offre un confort exceptionnel gr\u00e2ce \u00e0 sa semelle bio-anatomique. Un choix audacieux et raffin\u00e9 pour compl\u00e9ter une garde-robe estivale haut &hellip;<\/p>\n","protected":false},"featured_media":25242,"template":"","meta":[],"product_brand":[380],"product_cat":[343],"product_tag":[],"class_list":{"0":"post-25219","1":"product","2":"type-product","3":"status-publish","4":"has-post-thumbnail","6":"product_brand-mou","7":"product_cat-sabot","9":"first","10":"instock","11":"shipping-taxable","12":"purchasable","13":"product-type-variable","14":"has-default-attributes"},"yoast_head":"<!-- This site is optimized with the Yoast SEO plugin v27.4 - https:\/\/yoast.com\/product\/yoast-seo-wordpress\/ -->\n<title>Sabots Bio Buckle MOU COG en Su\u00e8de Cognac<\/title>\n<meta name=\"robots\" content=\"index, follow, max-snippet:-1, max-image-preview:large, max-video-preview:-1\" \/>\n<link rel=\"canonical\" href=\"https:\/\/www.venisecollection.com\/fr\/shop\/women\/sabot\/mu-sw631003a-cog\" \/>\n<meta property=\"og:locale\" content=\"fr_FR\" \/>\n<meta property=\"og:type\" content=\"article\" \/>\n<meta property=\"og:title\" content=\"Sabots Bio Buckle MOU COG en Su\u00e8de Cognac\" \/>\n<meta property=\"og:description\" content=\"Adoptez l&rsquo;allure iconique des sabots MOU. Ce mod\u00e8le en su\u00e8de couleur cognac allie l&rsquo;artisanat traditionnel, avec ses c\u00e9l\u00e8bres coutures au crochet faites main, \u00e0 un design moderne et ergonomique. Ce sabot (Sabot) \u00e0 double boucle offre un confort exceptionnel gr\u00e2ce \u00e0 sa semelle bio-anatomique. Un choix audacieux et raffin\u00e9 pour compl\u00e9ter une garde-robe estivale haut &hellip;\" \/>\n<meta property=\"og:url\" content=\"https:\/\/www.venisecollection.com\/fr\/shop\/women\/sabot\/mu-sw631003a-cog\" \/>\n<meta property=\"og:site_name\" content=\"VENISE COLLECTION\" \/>\n<meta property=\"article:modified_time\" content=\"2026-04-22T15:19:52+00:00\" \/>\n<meta property=\"og:image\" content=\"https:\/\/www.venisecollection.com\/cdn\/image.psd-155-5-2.webp\" \/>\n\t<meta property=\"og:image:width\" content=\"1280\" \/>\n\t<meta property=\"og:image:height\" content=\"1588\" \/>\n\t<meta property=\"og:image:type\" content=\"image\/webp\" \/>\n<meta name=\"twitter:card\" content=\"summary_large_image\" \/>\n<meta name=\"twitter:label1\" content=\"Dur\u00e9e de lecture estim\u00e9e\" \/>\n\t<meta name=\"twitter:data1\" content=\"1 minute\" \/>\n<script type=\"application\/ld+json\" class=\"yoast-schema-graph\">{\"@context\":\"https:\\\/\\\/schema.org\",\"@graph\":[{\"@type\":\"WebPage\",\"@id\":\"https:\\\/\\\/www.venisecollection.com\\\/fr\\\/shop\\\/women\\\/sabot\\\/mu-sw631003a-cog\",\"url\":\"https:\\\/\\\/www.venisecollection.com\\\/fr\\\/shop\\\/women\\\/sabot\\\/mu-sw631003a-cog\",\"name\":\"Sabots Bio Buckle MOU COG en Su\u00e8de Cognac\",\"isPartOf\":{\"@id\":\"https:\\\/\\\/www.venisecollection.com\\\/fr#website\"},\"primaryImageOfPage\":{\"@id\":\"https:\\\/\\\/www.venisecollection.com\\\/fr\\\/shop\\\/women\\\/sabot\\\/mu-sw631003a-cog#primaryimage\"},\"image\":{\"@id\":\"https:\\\/\\\/www.venisecollection.com\\\/fr\\\/shop\\\/women\\\/sabot\\\/mu-sw631003a-cog#primaryimage\"},\"thumbnailUrl\":\"https:\\\/\\\/www.venisecollection.com\\\/cdn\\\/image.psd-155-5-2.webp\",\"datePublished\":\"2026-04-22T15:12:14+00:00\",\"dateModified\":\"2026-04-22T15:19:52+00:00\",\"breadcrumb\":{\"@id\":\"https:\\\/\\\/www.venisecollection.com\\\/fr\\\/shop\\\/women\\\/sabot\\\/mu-sw631003a-cog#breadcrumb\"},\"inLanguage\":\"fr-FR\",\"potentialAction\":[{\"@type\":\"ReadAction\",\"target\":[\"https:\\\/\\\/www.venisecollection.com\\\/fr\\\/shop\\\/women\\\/sabot\\\/mu-sw631003a-cog\"]}]},{\"@type\":\"ImageObject\",\"inLanguage\":\"fr-FR\",\"@id\":\"https:\\\/\\\/www.venisecollection.com\\\/fr\\\/shop\\\/women\\\/sabot\\\/mu-sw631003a-cog#primaryimage\",\"url\":\"https:\\\/\\\/www.venisecollection.com\\\/cdn\\\/image.psd-155-5-2.webp\",\"contentUrl\":\"https:\\\/\\\/www.venisecollection.com\\\/cdn\\\/image.psd-155-5-2.webp\",\"width\":1280,\"height\":1588},{\"@type\":\"BreadcrumbList\",\"@id\":\"https:\\\/\\\/www.venisecollection.com\\\/fr\\\/shop\\\/women\\\/sabot\\\/mu-sw631003a-cog#breadcrumb\",\"itemListElement\":[{\"@type\":\"ListItem\",\"position\":1,\"name\":\"Home\",\"item\":\"https:\\\/\\\/www.venisecollection.com\\\/fr\\\/boutique\"},{\"@type\":\"ListItem\",\"position\":2,\"name\":\"Accueil\",\"item\":\"https:\\\/\\\/www.venisecollection.com\\\/fr\\\/boutique\"},{\"@type\":\"ListItem\",\"position\":3,\"name\":\"MU.SW631003A COG\"}]},{\"@type\":\"WebSite\",\"@id\":\"https:\\\/\\\/www.venisecollection.com\\\/fr#website\",\"url\":\"https:\\\/\\\/www.venisecollection.com\\\/fr\",\"name\":\"VENISE COLLECTION\",\"description\":\"\",\"publisher\":{\"@id\":\"https:\\\/\\\/www.venisecollection.com\\\/fr#organization\"},\"potentialAction\":[{\"@type\":\"SearchAction\",\"target\":{\"@type\":\"EntryPoint\",\"urlTemplate\":\"https:\\\/\\\/www.venisecollection.com\\\/fr?s={search_term_string}\"},\"query-input\":{\"@type\":\"PropertyValueSpecification\",\"valueRequired\":true,\"valueName\":\"search_term_string\"}}],\"inLanguage\":\"fr-FR\"},{\"@type\":\"Organization\",\"@id\":\"https:\\\/\\\/www.venisecollection.com\\\/fr#organization\",\"name\":\"VENISE COLLECTION\",\"url\":\"https:\\\/\\\/www.venisecollection.com\\\/fr\",\"logo\":{\"@type\":\"ImageObject\",\"inLanguage\":\"fr-FR\",\"@id\":\"https:\\\/\\\/www.venisecollection.com\\\/fr#\\\/schema\\\/logo\\\/image\\\/\",\"url\":\"https:\\\/\\\/www.venisecollection.com\\\/cdn\\\/seo.png\",\"contentUrl\":\"https:\\\/\\\/www.venisecollection.com\\\/cdn\\\/seo.png\",\"width\":1080,\"height\":1080,\"caption\":\"VENISE COLLECTION\"},\"image\":{\"@id\":\"https:\\\/\\\/www.venisecollection.com\\\/fr#\\\/schema\\\/logo\\\/image\\\/\"},\"sameAs\":[\"https:\\\/\\\/www.instagram.com\\\/venisecollection\\\/\",\"https:\\\/\\\/fr.pinterest.com\\\/venisecollection\\\/\"]}]}<\/script>\n<!-- \/ Yoast SEO plugin. -->","yoast_head_json":{"title":"Sabots Bio Buckle MOU COG en Su\u00e8de Cognac","robots":{"index":"index","follow":"follow","max-snippet":"max-snippet:-1","max-image-preview":"max-image-preview:large","max-video-preview":"max-video-preview:-1"},"canonical":"https:\/\/www.venisecollection.com\/fr\/shop\/women\/sabot\/mu-sw631003a-cog","og_locale":"fr_FR","og_type":"article","og_title":"Sabots Bio Buckle MOU COG en Su\u00e8de Cognac","og_description":"Adoptez l&rsquo;allure iconique des sabots MOU. Ce mod\u00e8le en su\u00e8de couleur cognac allie l&rsquo;artisanat traditionnel, avec ses c\u00e9l\u00e8bres coutures au crochet faites main, \u00e0 un design moderne et ergonomique. Ce sabot (Sabot) \u00e0 double boucle offre un confort exceptionnel gr\u00e2ce \u00e0 sa semelle bio-anatomique. Un choix audacieux et raffin\u00e9 pour compl\u00e9ter une garde-robe estivale haut &hellip;","og_url":"https:\/\/www.venisecollection.com\/fr\/shop\/women\/sabot\/mu-sw631003a-cog","og_site_name":"VENISE COLLECTION","article_modified_time":"2026-04-22T15:19:52+00:00","og_image":[{"width":1280,"height":1588,"url":"https:\/\/www.venisecollection.com\/cdn\/image.psd-155-5-2.webp","type":"image\/webp"}],"twitter_card":"summary_large_image","twitter_misc":{"Dur\u00e9e de lecture estim\u00e9e":"1 minute"},"schema":{"@context":"https:\/\/schema.org","@graph":[{"@type":"WebPage","@id":"https:\/\/www.venisecollection.com\/fr\/shop\/women\/sabot\/mu-sw631003a-cog","url":"https:\/\/www.venisecollection.com\/fr\/shop\/women\/sabot\/mu-sw631003a-cog","name":"Sabots Bio Buckle MOU COG en Su\u00e8de Cognac","isPartOf":{"@id":"https:\/\/www.venisecollection.com\/fr#website"},"primaryImageOfPage":{"@id":"https:\/\/www.venisecollection.com\/fr\/shop\/women\/sabot\/mu-sw631003a-cog#primaryimage"},"image":{"@id":"https:\/\/www.venisecollection.com\/fr\/shop\/women\/sabot\/mu-sw631003a-cog#primaryimage"},"thumbnailUrl":"https:\/\/www.venisecollection.com\/cdn\/image.psd-155-5-2.webp","datePublished":"2026-04-22T15:12:14+00:00","dateModified":"2026-04-22T15:19:52+00:00","breadcrumb":{"@id":"https:\/\/www.venisecollection.com\/fr\/shop\/women\/sabot\/mu-sw631003a-cog#breadcrumb"},"inLanguage":"fr-FR","potentialAction":[{"@type":"ReadAction","target":["https:\/\/www.venisecollection.com\/fr\/shop\/women\/sabot\/mu-sw631003a-cog"]}]},{"@type":"ImageObject","inLanguage":"fr-FR","@id":"https:\/\/www.venisecollection.com\/fr\/shop\/women\/sabot\/mu-sw631003a-cog#primaryimage","url":"https:\/\/www.venisecollection.com\/cdn\/image.psd-155-5-2.webp","contentUrl":"https:\/\/www.venisecollection.com\/cdn\/image.psd-155-5-2.webp","width":1280,"height":1588},{"@type":"BreadcrumbList","@id":"https:\/\/www.venisecollection.com\/fr\/shop\/women\/sabot\/mu-sw631003a-cog#breadcrumb","itemListElement":[{"@type":"ListItem","position":1,"name":"Home","item":"https:\/\/www.venisecollection.com\/fr\/boutique"},{"@type":"ListItem","position":2,"name":"Accueil","item":"https:\/\/www.venisecollection.com\/fr\/boutique"},{"@type":"ListItem","position":3,"name":"MU.SW631003A COG"}]},{"@type":"WebSite","@id":"https:\/\/www.venisecollection.com\/fr#website","url":"https:\/\/www.venisecollection.com\/fr","name":"VENISE COLLECTION","description":"","publisher":{"@id":"https:\/\/www.venisecollection.com\/fr#organization"},"potentialAction":[{"@type":"SearchAction","target":{"@type":"EntryPoint","urlTemplate":"https:\/\/www.venisecollection.com\/fr?s={search_term_string}"},"query-input":{"@type":"PropertyValueSpecification","valueRequired":true,"valueName":"search_term_string"}}],"inLanguage":"fr-FR"},{"@type":"Organization","@id":"https:\/\/www.venisecollection.com\/fr#organization","name":"VENISE COLLECTION","url":"https:\/\/www.venisecollection.com\/fr","logo":{"@type":"ImageObject","inLanguage":"fr-FR","@id":"https:\/\/www.venisecollection.com\/fr#\/schema\/logo\/image\/","url":"https:\/\/www.venisecollection.com\/cdn\/seo.png","contentUrl":"https:\/\/www.venisecollection.com\/cdn\/seo.png","width":1080,"height":1080,"caption":"VENISE COLLECTION"},"image":{"@id":"https:\/\/www.venisecollection.com\/fr#\/schema\/logo\/image\/"},"sameAs":["https:\/\/www.instagram.com\/venisecollection\/","https:\/\/fr.pinterest.com\/venisecollection\/"]}]}},"_links":{"self":[{"href":"https:\/\/www.venisecollection.com\/fr\/wp-json\/wp\/v2\/product\/25219","targetHints":{"allow":["GET"]}}],"collection":[{"href":"https:\/\/www.venisecollection.com\/fr\/wp-json\/wp\/v2\/product"}],"about":[{"href":"https:\/\/www.venisecollection.com\/fr\/wp-json\/wp\/v2\/types\/product"}],"wp:featuredmedia":[{"embeddable":true,"href":"https:\/\/www.venisecollection.com\/fr\/wp-json\/wp\/v2\/media\/25242"}],"wp:attachment":[{"href":"https:\/\/www.venisecollection.com\/fr\/wp-json\/wp\/v2\/media?parent=25219"}],"wp:term":[{"taxonomy":"product_brand","embeddable":true,"href":"https:\/\/www.venisecollection.com\/fr\/wp-json\/wp\/v2\/product_brand?post=25219"},{"taxonomy":"product_cat","embeddable":true,"href":"https:\/\/www.venisecollection.com\/fr\/wp-json\/wp\/v2\/product_cat?post=25219"},{"taxonomy":"product_tag","embeddable":true,"href":"https:\/\/www.venisecollection.com\/fr\/wp-json\/wp\/v2\/product_tag?post=25219"}],"curies":[{"name":"wp","href":"https:\/\/api.w.org\/{rel}","templated":true}]}}