{"id":25283,"date":"2026-04-22T16:39:59","date_gmt":"2026-04-22T16:39:59","guid":{"rendered":"https:\/\/www.venisecollection.com\/?post_type=product&#038;p=25283"},"modified":"2026-04-22T16:44:41","modified_gmt":"2026-04-22T16:44:41","slug":"mu-sw731008a-chlk","status":"publish","type":"product","link":"https:\/\/www.venisecollection.com\/fr\/shop\/women\/ballerines\/mu-sw731008a-chlk","title":{"rendered":"MU.SW731008A CHLK"},"content":{"rendered":"<p data-path-to-node=\"15\">D\u00e9couvrez l&rsquo;\u00e9l\u00e9gance rustique avec les ballerines <b data-path-to-node=\"15\" data-index-in-node=\"64\">MOU CHLK<\/b>. Fabriqu\u00e9es en daim de vachette haut de gamme, ces chaussures plates arborent une teinte \u00ab\u00a0Craie\u00a0\u00bb (Chalk) raffin\u00e9e. Le design se distingue par des d\u00e9coupes laser g\u00e9om\u00e9triques et des coutures artisanales bord\u00e9es, offrant une respirabilit\u00e9 optimale. La large bride \u00e0 la cheville, orn\u00e9e d&rsquo;une boucle en laiton vieilli et d&rsquo;anneaux m\u00e9talliques, apporte une touche audacieuse et un maintien parfait. La semelle en caoutchouc souple garantit un confort durable pour toutes vos escapades citadines ou estivales.<\/p>\n<ul data-path-to-node=\"16\">\n<li>\n<p data-path-to-node=\"16,0,0\"><b data-path-to-node=\"16,0,0\" data-index-in-node=\"0\">Mati\u00e8re :<\/b> Tige en daim de vache ; Semelle en caoutchouc<\/p>\n<\/li>\n<li>\n<p data-path-to-node=\"16,1,0\"><b data-path-to-node=\"16,1,0\" data-index-in-node=\"0\">Couleur :<\/b> CHLK (Craie)<\/p>\n<\/li>\n<li>\n<p data-path-to-node=\"16,2,0\"><b data-path-to-node=\"16,2,0\" data-index-in-node=\"0\">Caract\u00e9ristiques :<\/b> D\u00e9tails perfor\u00e9s, bride cheville r\u00e9glable, style boh\u00e8me<\/p>\n<\/li>\n<li>\n<p data-path-to-node=\"16,3,0\"><b data-path-to-node=\"16,3,0\" data-index-in-node=\"0\">Conseil Mode :<\/b> Id\u00e9al avec une jupe longue en coton ou un jean court.<\/p>\n<\/li>\n<\/ul>\n","protected":false},"excerpt":{"rendered":"<p>D\u00e9couvrez l&rsquo;\u00e9l\u00e9gance rustique avec les ballerines MOU CHLK. Fabriqu\u00e9es en daim de vachette haut de gamme, ces chaussures plates arborent une teinte \u00ab\u00a0Craie\u00a0\u00bb (Chalk) raffin\u00e9e. Le design se distingue par des d\u00e9coupes laser g\u00e9om\u00e9triques et des coutures artisanales bord\u00e9es, offrant une respirabilit\u00e9 optimale. La large bride \u00e0 la cheville, orn\u00e9e d&rsquo;une boucle en laiton vieilli &hellip;<\/p>\n","protected":false},"featured_media":25322,"template":"","meta":[],"product_brand":[380],"product_cat":[103],"product_tag":[],"class_list":{"0":"post-25283","1":"product","2":"type-product","3":"status-publish","4":"has-post-thumbnail","6":"product_brand-mou","7":"product_cat-ballerines","9":"first","10":"instock","11":"shipping-taxable","12":"purchasable","13":"product-type-variable","14":"has-default-attributes"},"yoast_head":"<!-- This site is optimized with the Yoast SEO plugin v27.4 - https:\/\/yoast.com\/product\/yoast-seo-wordpress\/ -->\n<title>Ballerines MOU CHLK en Daim avec Bride Cheville - Craie<\/title>\n<meta name=\"robots\" content=\"index, follow, max-snippet:-1, max-image-preview:large, max-video-preview:-1\" \/>\n<link rel=\"canonical\" href=\"https:\/\/www.venisecollection.com\/fr\/shop\/women\/ballerines\/mu-sw731008a-chlk\" \/>\n<meta property=\"og:locale\" content=\"fr_FR\" \/>\n<meta property=\"og:type\" content=\"article\" \/>\n<meta property=\"og:title\" content=\"Ballerines MOU CHLK en Daim avec Bride Cheville - Craie\" \/>\n<meta property=\"og:description\" content=\"D\u00e9couvrez l&rsquo;\u00e9l\u00e9gance rustique avec les ballerines MOU CHLK. Fabriqu\u00e9es en daim de vachette haut de gamme, ces chaussures plates arborent une teinte \u00ab\u00a0Craie\u00a0\u00bb (Chalk) raffin\u00e9e. Le design se distingue par des d\u00e9coupes laser g\u00e9om\u00e9triques et des coutures artisanales bord\u00e9es, offrant une respirabilit\u00e9 optimale. La large bride \u00e0 la cheville, orn\u00e9e d&rsquo;une boucle en laiton vieilli &hellip;\" \/>\n<meta property=\"og:url\" content=\"https:\/\/www.venisecollection.com\/fr\/shop\/women\/ballerines\/mu-sw731008a-chlk\" \/>\n<meta property=\"og:site_name\" content=\"VENISE COLLECTION\" \/>\n<meta property=\"article:modified_time\" content=\"2026-04-22T16:44:41+00:00\" \/>\n<meta property=\"og:image\" content=\"https:\/\/www.venisecollection.com\/cdn\/image.psd-157-1.webp\" \/>\n\t<meta property=\"og:image:width\" content=\"1280\" \/>\n\t<meta property=\"og:image:height\" content=\"1588\" \/>\n\t<meta property=\"og:image:type\" content=\"image\/webp\" \/>\n<meta name=\"twitter:card\" content=\"summary_large_image\" \/>\n<meta name=\"twitter:label1\" content=\"Dur\u00e9e de lecture estim\u00e9e\" \/>\n\t<meta name=\"twitter:data1\" content=\"1 minute\" \/>\n<script type=\"application\/ld+json\" class=\"yoast-schema-graph\">{\"@context\":\"https:\\\/\\\/schema.org\",\"@graph\":[{\"@type\":\"WebPage\",\"@id\":\"https:\\\/\\\/www.venisecollection.com\\\/fr\\\/shop\\\/women\\\/ballerines\\\/mu-sw731008a-chlk\",\"url\":\"https:\\\/\\\/www.venisecollection.com\\\/fr\\\/shop\\\/women\\\/ballerines\\\/mu-sw731008a-chlk\",\"name\":\"Ballerines MOU CHLK en Daim avec Bride Cheville - Craie\",\"isPartOf\":{\"@id\":\"https:\\\/\\\/www.venisecollection.com\\\/fr#website\"},\"primaryImageOfPage\":{\"@id\":\"https:\\\/\\\/www.venisecollection.com\\\/fr\\\/shop\\\/women\\\/ballerines\\\/mu-sw731008a-chlk#primaryimage\"},\"image\":{\"@id\":\"https:\\\/\\\/www.venisecollection.com\\\/fr\\\/shop\\\/women\\\/ballerines\\\/mu-sw731008a-chlk#primaryimage\"},\"thumbnailUrl\":\"https:\\\/\\\/www.venisecollection.com\\\/cdn\\\/image.psd-157-1.webp\",\"datePublished\":\"2026-04-22T16:39:59+00:00\",\"dateModified\":\"2026-04-22T16:44:41+00:00\",\"breadcrumb\":{\"@id\":\"https:\\\/\\\/www.venisecollection.com\\\/fr\\\/shop\\\/women\\\/ballerines\\\/mu-sw731008a-chlk#breadcrumb\"},\"inLanguage\":\"fr-FR\",\"potentialAction\":[{\"@type\":\"ReadAction\",\"target\":[\"https:\\\/\\\/www.venisecollection.com\\\/fr\\\/shop\\\/women\\\/ballerines\\\/mu-sw731008a-chlk\"]}]},{\"@type\":\"ImageObject\",\"inLanguage\":\"fr-FR\",\"@id\":\"https:\\\/\\\/www.venisecollection.com\\\/fr\\\/shop\\\/women\\\/ballerines\\\/mu-sw731008a-chlk#primaryimage\",\"url\":\"https:\\\/\\\/www.venisecollection.com\\\/cdn\\\/image.psd-157-1.webp\",\"contentUrl\":\"https:\\\/\\\/www.venisecollection.com\\\/cdn\\\/image.psd-157-1.webp\",\"width\":1280,\"height\":1588},{\"@type\":\"BreadcrumbList\",\"@id\":\"https:\\\/\\\/www.venisecollection.com\\\/fr\\\/shop\\\/women\\\/ballerines\\\/mu-sw731008a-chlk#breadcrumb\",\"itemListElement\":[{\"@type\":\"ListItem\",\"position\":1,\"name\":\"Home\",\"item\":\"https:\\\/\\\/www.venisecollection.com\\\/fr\\\/boutique\"},{\"@type\":\"ListItem\",\"position\":2,\"name\":\"Accueil\",\"item\":\"https:\\\/\\\/www.venisecollection.com\\\/fr\\\/boutique\"},{\"@type\":\"ListItem\",\"position\":3,\"name\":\"MU.SW731008A CHLK\"}]},{\"@type\":\"WebSite\",\"@id\":\"https:\\\/\\\/www.venisecollection.com\\\/fr#website\",\"url\":\"https:\\\/\\\/www.venisecollection.com\\\/fr\",\"name\":\"VENISE COLLECTION\",\"description\":\"\",\"publisher\":{\"@id\":\"https:\\\/\\\/www.venisecollection.com\\\/fr#organization\"},\"potentialAction\":[{\"@type\":\"SearchAction\",\"target\":{\"@type\":\"EntryPoint\",\"urlTemplate\":\"https:\\\/\\\/www.venisecollection.com\\\/fr?s={search_term_string}\"},\"query-input\":{\"@type\":\"PropertyValueSpecification\",\"valueRequired\":true,\"valueName\":\"search_term_string\"}}],\"inLanguage\":\"fr-FR\"},{\"@type\":\"Organization\",\"@id\":\"https:\\\/\\\/www.venisecollection.com\\\/fr#organization\",\"name\":\"VENISE COLLECTION\",\"url\":\"https:\\\/\\\/www.venisecollection.com\\\/fr\",\"logo\":{\"@type\":\"ImageObject\",\"inLanguage\":\"fr-FR\",\"@id\":\"https:\\\/\\\/www.venisecollection.com\\\/fr#\\\/schema\\\/logo\\\/image\\\/\",\"url\":\"https:\\\/\\\/www.venisecollection.com\\\/cdn\\\/seo.png\",\"contentUrl\":\"https:\\\/\\\/www.venisecollection.com\\\/cdn\\\/seo.png\",\"width\":1080,\"height\":1080,\"caption\":\"VENISE COLLECTION\"},\"image\":{\"@id\":\"https:\\\/\\\/www.venisecollection.com\\\/fr#\\\/schema\\\/logo\\\/image\\\/\"},\"sameAs\":[\"https:\\\/\\\/www.instagram.com\\\/venisecollection\\\/\",\"https:\\\/\\\/fr.pinterest.com\\\/venisecollection\\\/\"]}]}<\/script>\n<!-- \/ Yoast SEO plugin. -->","yoast_head_json":{"title":"Ballerines MOU CHLK en Daim avec Bride Cheville - Craie","robots":{"index":"index","follow":"follow","max-snippet":"max-snippet:-1","max-image-preview":"max-image-preview:large","max-video-preview":"max-video-preview:-1"},"canonical":"https:\/\/www.venisecollection.com\/fr\/shop\/women\/ballerines\/mu-sw731008a-chlk","og_locale":"fr_FR","og_type":"article","og_title":"Ballerines MOU CHLK en Daim avec Bride Cheville - Craie","og_description":"D\u00e9couvrez l&rsquo;\u00e9l\u00e9gance rustique avec les ballerines MOU CHLK. Fabriqu\u00e9es en daim de vachette haut de gamme, ces chaussures plates arborent une teinte \u00ab\u00a0Craie\u00a0\u00bb (Chalk) raffin\u00e9e. Le design se distingue par des d\u00e9coupes laser g\u00e9om\u00e9triques et des coutures artisanales bord\u00e9es, offrant une respirabilit\u00e9 optimale. La large bride \u00e0 la cheville, orn\u00e9e d&rsquo;une boucle en laiton vieilli &hellip;","og_url":"https:\/\/www.venisecollection.com\/fr\/shop\/women\/ballerines\/mu-sw731008a-chlk","og_site_name":"VENISE COLLECTION","article_modified_time":"2026-04-22T16:44:41+00:00","og_image":[{"width":1280,"height":1588,"url":"https:\/\/www.venisecollection.com\/cdn\/image.psd-157-1.webp","type":"image\/webp"}],"twitter_card":"summary_large_image","twitter_misc":{"Dur\u00e9e de lecture estim\u00e9e":"1 minute"},"schema":{"@context":"https:\/\/schema.org","@graph":[{"@type":"WebPage","@id":"https:\/\/www.venisecollection.com\/fr\/shop\/women\/ballerines\/mu-sw731008a-chlk","url":"https:\/\/www.venisecollection.com\/fr\/shop\/women\/ballerines\/mu-sw731008a-chlk","name":"Ballerines MOU CHLK en Daim avec Bride Cheville - Craie","isPartOf":{"@id":"https:\/\/www.venisecollection.com\/fr#website"},"primaryImageOfPage":{"@id":"https:\/\/www.venisecollection.com\/fr\/shop\/women\/ballerines\/mu-sw731008a-chlk#primaryimage"},"image":{"@id":"https:\/\/www.venisecollection.com\/fr\/shop\/women\/ballerines\/mu-sw731008a-chlk#primaryimage"},"thumbnailUrl":"https:\/\/www.venisecollection.com\/cdn\/image.psd-157-1.webp","datePublished":"2026-04-22T16:39:59+00:00","dateModified":"2026-04-22T16:44:41+00:00","breadcrumb":{"@id":"https:\/\/www.venisecollection.com\/fr\/shop\/women\/ballerines\/mu-sw731008a-chlk#breadcrumb"},"inLanguage":"fr-FR","potentialAction":[{"@type":"ReadAction","target":["https:\/\/www.venisecollection.com\/fr\/shop\/women\/ballerines\/mu-sw731008a-chlk"]}]},{"@type":"ImageObject","inLanguage":"fr-FR","@id":"https:\/\/www.venisecollection.com\/fr\/shop\/women\/ballerines\/mu-sw731008a-chlk#primaryimage","url":"https:\/\/www.venisecollection.com\/cdn\/image.psd-157-1.webp","contentUrl":"https:\/\/www.venisecollection.com\/cdn\/image.psd-157-1.webp","width":1280,"height":1588},{"@type":"BreadcrumbList","@id":"https:\/\/www.venisecollection.com\/fr\/shop\/women\/ballerines\/mu-sw731008a-chlk#breadcrumb","itemListElement":[{"@type":"ListItem","position":1,"name":"Home","item":"https:\/\/www.venisecollection.com\/fr\/boutique"},{"@type":"ListItem","position":2,"name":"Accueil","item":"https:\/\/www.venisecollection.com\/fr\/boutique"},{"@type":"ListItem","position":3,"name":"MU.SW731008A CHLK"}]},{"@type":"WebSite","@id":"https:\/\/www.venisecollection.com\/fr#website","url":"https:\/\/www.venisecollection.com\/fr","name":"VENISE COLLECTION","description":"","publisher":{"@id":"https:\/\/www.venisecollection.com\/fr#organization"},"potentialAction":[{"@type":"SearchAction","target":{"@type":"EntryPoint","urlTemplate":"https:\/\/www.venisecollection.com\/fr?s={search_term_string}"},"query-input":{"@type":"PropertyValueSpecification","valueRequired":true,"valueName":"search_term_string"}}],"inLanguage":"fr-FR"},{"@type":"Organization","@id":"https:\/\/www.venisecollection.com\/fr#organization","name":"VENISE COLLECTION","url":"https:\/\/www.venisecollection.com\/fr","logo":{"@type":"ImageObject","inLanguage":"fr-FR","@id":"https:\/\/www.venisecollection.com\/fr#\/schema\/logo\/image\/","url":"https:\/\/www.venisecollection.com\/cdn\/seo.png","contentUrl":"https:\/\/www.venisecollection.com\/cdn\/seo.png","width":1080,"height":1080,"caption":"VENISE COLLECTION"},"image":{"@id":"https:\/\/www.venisecollection.com\/fr#\/schema\/logo\/image\/"},"sameAs":["https:\/\/www.instagram.com\/venisecollection\/","https:\/\/fr.pinterest.com\/venisecollection\/"]}]}},"_links":{"self":[{"href":"https:\/\/www.venisecollection.com\/fr\/wp-json\/wp\/v2\/product\/25283","targetHints":{"allow":["GET"]}}],"collection":[{"href":"https:\/\/www.venisecollection.com\/fr\/wp-json\/wp\/v2\/product"}],"about":[{"href":"https:\/\/www.venisecollection.com\/fr\/wp-json\/wp\/v2\/types\/product"}],"wp:featuredmedia":[{"embeddable":true,"href":"https:\/\/www.venisecollection.com\/fr\/wp-json\/wp\/v2\/media\/25322"}],"wp:attachment":[{"href":"https:\/\/www.venisecollection.com\/fr\/wp-json\/wp\/v2\/media?parent=25283"}],"wp:term":[{"taxonomy":"product_brand","embeddable":true,"href":"https:\/\/www.venisecollection.com\/fr\/wp-json\/wp\/v2\/product_brand?post=25283"},{"taxonomy":"product_cat","embeddable":true,"href":"https:\/\/www.venisecollection.com\/fr\/wp-json\/wp\/v2\/product_cat?post=25283"},{"taxonomy":"product_tag","embeddable":true,"href":"https:\/\/www.venisecollection.com\/fr\/wp-json\/wp\/v2\/product_tag?post=25283"}],"curies":[{"name":"wp","href":"https:\/\/api.w.org\/{rel}","templated":true}]}}