{"id":25545,"date":"2026-04-27T13:30:09","date_gmt":"2026-04-27T13:30:09","guid":{"rendered":"https:\/\/www.venisecollection.com\/?post_type=product&#038;p=25545"},"modified":"2026-04-27T13:38:05","modified_gmt":"2026-04-27T13:38:05","slug":"2609-79-miss-blue","status":"publish","type":"product","link":"https:\/\/www.venisecollection.com\/fr\/shop\/women\/sandale\/2609-79-miss-blue","title":{"rendered":"2609-79 MISS BLUE"},"content":{"rendered":"<p data-path-to-node=\"15\">Alliez confort absolu et style estival avec ces sandales plateformes de chez <b data-path-to-node=\"15\" data-index-in-node=\"91\">Venise Collection<\/b>. Dot\u00e9es d&rsquo;une <b data-path-to-node=\"15\" data-index-in-node=\"123\">semelle int\u00e9rieure en cuir naturel<\/b>, elles offrent une hygi\u00e8ne parfaite et un soutien anatomique id\u00e9al pour vos pieds. Le design se distingue par ses brides aux motifs ethniques bleus et turquoises, apportant une note de fra\u00eecheur m\u00e9diterran\u00e9enne. La semelle \u00e9paisse aspect li\u00e8ge assure un amorti optimal tout en \u00e9lan\u00e7ant votre silhouette. Les fermetures ajustables garantissent un maintien s\u00fbr et personnalis\u00e9.<\/p>\n<ul data-path-to-node=\"16\">\n<li>\n<p data-path-to-node=\"16,0,0\"><b data-path-to-node=\"16,0,0\" data-index-in-node=\"0\">Doublure int\u00e9rieure :<\/b> 100% Cuir v\u00e9ritable<\/p>\n<\/li>\n<li>\n<p data-path-to-node=\"16,1,0\"><b data-path-to-node=\"16,1,0\" data-index-in-node=\"0\">Semelle :<\/b> Plateforme l\u00e9g\u00e8re effet li\u00e8ge<\/p>\n<\/li>\n<li>\n<p data-path-to-node=\"16,2,0\"><b data-path-to-node=\"16,2,0\" data-index-in-node=\"0\">Style :<\/b> Boh\u00e8me chic \/ Confort<\/p>\n<\/li>\n<li>\n<p data-path-to-node=\"16,3,0\"><b data-path-to-node=\"16,3,0\" data-index-in-node=\"0\">Mod\u00e8le :<\/b> 2609-79 MISS. BLUE<\/p>\n<\/li>\n<\/ul>\n","protected":false},"excerpt":{"rendered":"<p>Alliez confort absolu et style estival avec ces sandales plateformes de chez Venise Collection. Dot\u00e9es d&rsquo;une semelle int\u00e9rieure en cuir naturel, elles offrent une hygi\u00e8ne parfaite et un soutien anatomique id\u00e9al pour vos pieds. Le design se distingue par ses brides aux motifs ethniques bleus et turquoises, apportant une note de fra\u00eecheur m\u00e9diterran\u00e9enne. La semelle &hellip;<\/p>\n","protected":false},"featured_media":25578,"template":"","meta":[],"product_brand":[356],"product_cat":[331],"product_tag":[],"class_list":{"0":"post-25545","1":"product","2":"type-product","3":"status-publish","4":"has-post-thumbnail","6":"product_brand-venise-collection","7":"product_cat-sandale","9":"first","10":"instock","11":"shipping-taxable","12":"purchasable","13":"product-type-variable","14":"has-default-attributes"},"yoast_head":"<!-- This site is optimized with the Yoast SEO plugin v27.5 - https:\/\/yoast.com\/product\/yoast-seo-wordpress\/ -->\n<title>Sandales Plateformes Bleues pour Femme - Sandales Confort en Cuir V\u00e9ritable<\/title>\n<meta name=\"robots\" content=\"index, follow, max-snippet:-1, max-image-preview:large, max-video-preview:-1\" \/>\n<link rel=\"canonical\" href=\"https:\/\/www.venisecollection.com\/fr\/shop\/women\/sandale\/2609-79-miss-blue\" \/>\n<meta property=\"og:locale\" content=\"fr_FR\" \/>\n<meta property=\"og:type\" content=\"article\" \/>\n<meta property=\"og:title\" content=\"Sandales Plateformes Bleues pour Femme - Sandales Confort en Cuir V\u00e9ritable\" \/>\n<meta property=\"og:description\" content=\"Alliez confort absolu et style estival avec ces sandales plateformes de chez Venise Collection. Dot\u00e9es d&rsquo;une semelle int\u00e9rieure en cuir naturel, elles offrent une hygi\u00e8ne parfaite et un soutien anatomique id\u00e9al pour vos pieds. Le design se distingue par ses brides aux motifs ethniques bleus et turquoises, apportant une note de fra\u00eecheur m\u00e9diterran\u00e9enne. La semelle &hellip;\" \/>\n<meta property=\"og:url\" content=\"https:\/\/www.venisecollection.com\/fr\/shop\/women\/sandale\/2609-79-miss-blue\" \/>\n<meta property=\"og:site_name\" content=\"VENISE COLLECTION\" \/>\n<meta property=\"article:modified_time\" content=\"2026-04-27T13:38:05+00:00\" \/>\n<meta property=\"og:image\" content=\"https:\/\/www.venisecollection.com\/cdn\/image.psd-169-1.webp\" \/>\n\t<meta property=\"og:image:width\" content=\"1280\" \/>\n\t<meta property=\"og:image:height\" content=\"1588\" \/>\n\t<meta property=\"og:image:type\" content=\"image\/webp\" \/>\n<meta name=\"twitter:card\" content=\"summary_large_image\" \/>\n<meta name=\"twitter:label1\" content=\"Dur\u00e9e de lecture estim\u00e9e\" \/>\n\t<meta name=\"twitter:data1\" content=\"1 minute\" \/>\n<script type=\"application\/ld+json\" class=\"yoast-schema-graph\">{\"@context\":\"https:\\\/\\\/schema.org\",\"@graph\":[{\"@type\":\"WebPage\",\"@id\":\"https:\\\/\\\/www.venisecollection.com\\\/fr\\\/shop\\\/women\\\/sandale\\\/2609-79-miss-blue\",\"url\":\"https:\\\/\\\/www.venisecollection.com\\\/fr\\\/shop\\\/women\\\/sandale\\\/2609-79-miss-blue\",\"name\":\"Sandales Plateformes Bleues pour Femme - Sandales Confort en Cuir V\u00e9ritable\",\"isPartOf\":{\"@id\":\"https:\\\/\\\/www.venisecollection.com\\\/fr#website\"},\"primaryImageOfPage\":{\"@id\":\"https:\\\/\\\/www.venisecollection.com\\\/fr\\\/shop\\\/women\\\/sandale\\\/2609-79-miss-blue#primaryimage\"},\"image\":{\"@id\":\"https:\\\/\\\/www.venisecollection.com\\\/fr\\\/shop\\\/women\\\/sandale\\\/2609-79-miss-blue#primaryimage\"},\"thumbnailUrl\":\"https:\\\/\\\/www.venisecollection.com\\\/cdn\\\/image.psd-169-1.webp\",\"datePublished\":\"2026-04-27T13:30:09+00:00\",\"dateModified\":\"2026-04-27T13:38:05+00:00\",\"breadcrumb\":{\"@id\":\"https:\\\/\\\/www.venisecollection.com\\\/fr\\\/shop\\\/women\\\/sandale\\\/2609-79-miss-blue#breadcrumb\"},\"inLanguage\":\"fr-FR\",\"potentialAction\":[{\"@type\":\"ReadAction\",\"target\":[\"https:\\\/\\\/www.venisecollection.com\\\/fr\\\/shop\\\/women\\\/sandale\\\/2609-79-miss-blue\"]}]},{\"@type\":\"ImageObject\",\"inLanguage\":\"fr-FR\",\"@id\":\"https:\\\/\\\/www.venisecollection.com\\\/fr\\\/shop\\\/women\\\/sandale\\\/2609-79-miss-blue#primaryimage\",\"url\":\"https:\\\/\\\/www.venisecollection.com\\\/cdn\\\/image.psd-169-1.webp\",\"contentUrl\":\"https:\\\/\\\/www.venisecollection.com\\\/cdn\\\/image.psd-169-1.webp\",\"width\":1280,\"height\":1588},{\"@type\":\"BreadcrumbList\",\"@id\":\"https:\\\/\\\/www.venisecollection.com\\\/fr\\\/shop\\\/women\\\/sandale\\\/2609-79-miss-blue#breadcrumb\",\"itemListElement\":[{\"@type\":\"ListItem\",\"position\":1,\"name\":\"Home\",\"item\":\"https:\\\/\\\/www.venisecollection.com\\\/fr\\\/boutique\"},{\"@type\":\"ListItem\",\"position\":2,\"name\":\"Accueil\",\"item\":\"https:\\\/\\\/www.venisecollection.com\\\/fr\\\/boutique\"},{\"@type\":\"ListItem\",\"position\":3,\"name\":\"2609-79 MISS BLUE\"}]},{\"@type\":\"WebSite\",\"@id\":\"https:\\\/\\\/www.venisecollection.com\\\/fr#website\",\"url\":\"https:\\\/\\\/www.venisecollection.com\\\/fr\",\"name\":\"VENISE COLLECTION\",\"description\":\"\",\"publisher\":{\"@id\":\"https:\\\/\\\/www.venisecollection.com\\\/fr#organization\"},\"potentialAction\":[{\"@type\":\"SearchAction\",\"target\":{\"@type\":\"EntryPoint\",\"urlTemplate\":\"https:\\\/\\\/www.venisecollection.com\\\/fr?s={search_term_string}\"},\"query-input\":{\"@type\":\"PropertyValueSpecification\",\"valueRequired\":true,\"valueName\":\"search_term_string\"}}],\"inLanguage\":\"fr-FR\"},{\"@type\":\"Organization\",\"@id\":\"https:\\\/\\\/www.venisecollection.com\\\/fr#organization\",\"name\":\"VENISE COLLECTION\",\"url\":\"https:\\\/\\\/www.venisecollection.com\\\/fr\",\"logo\":{\"@type\":\"ImageObject\",\"inLanguage\":\"fr-FR\",\"@id\":\"https:\\\/\\\/www.venisecollection.com\\\/fr#\\\/schema\\\/logo\\\/image\\\/\",\"url\":\"https:\\\/\\\/www.venisecollection.com\\\/cdn\\\/seo.png\",\"contentUrl\":\"https:\\\/\\\/www.venisecollection.com\\\/cdn\\\/seo.png\",\"width\":1080,\"height\":1080,\"caption\":\"VENISE COLLECTION\"},\"image\":{\"@id\":\"https:\\\/\\\/www.venisecollection.com\\\/fr#\\\/schema\\\/logo\\\/image\\\/\"},\"sameAs\":[\"https:\\\/\\\/www.instagram.com\\\/venisecollection\\\/\",\"https:\\\/\\\/fr.pinterest.com\\\/venisecollection\\\/\"]}]}<\/script>\n<!-- \/ Yoast SEO plugin. -->","yoast_head_json":{"title":"Sandales Plateformes Bleues pour Femme - Sandales Confort en Cuir V\u00e9ritable","robots":{"index":"index","follow":"follow","max-snippet":"max-snippet:-1","max-image-preview":"max-image-preview:large","max-video-preview":"max-video-preview:-1"},"canonical":"https:\/\/www.venisecollection.com\/fr\/shop\/women\/sandale\/2609-79-miss-blue","og_locale":"fr_FR","og_type":"article","og_title":"Sandales Plateformes Bleues pour Femme - Sandales Confort en Cuir V\u00e9ritable","og_description":"Alliez confort absolu et style estival avec ces sandales plateformes de chez Venise Collection. Dot\u00e9es d&rsquo;une semelle int\u00e9rieure en cuir naturel, elles offrent une hygi\u00e8ne parfaite et un soutien anatomique id\u00e9al pour vos pieds. Le design se distingue par ses brides aux motifs ethniques bleus et turquoises, apportant une note de fra\u00eecheur m\u00e9diterran\u00e9enne. La semelle &hellip;","og_url":"https:\/\/www.venisecollection.com\/fr\/shop\/women\/sandale\/2609-79-miss-blue","og_site_name":"VENISE COLLECTION","article_modified_time":"2026-04-27T13:38:05+00:00","og_image":[{"width":1280,"height":1588,"url":"https:\/\/www.venisecollection.com\/cdn\/image.psd-169-1.webp","type":"image\/webp"}],"twitter_card":"summary_large_image","twitter_misc":{"Dur\u00e9e de lecture estim\u00e9e":"1 minute"},"schema":{"@context":"https:\/\/schema.org","@graph":[{"@type":"WebPage","@id":"https:\/\/www.venisecollection.com\/fr\/shop\/women\/sandale\/2609-79-miss-blue","url":"https:\/\/www.venisecollection.com\/fr\/shop\/women\/sandale\/2609-79-miss-blue","name":"Sandales Plateformes Bleues pour Femme - Sandales Confort en Cuir V\u00e9ritable","isPartOf":{"@id":"https:\/\/www.venisecollection.com\/fr#website"},"primaryImageOfPage":{"@id":"https:\/\/www.venisecollection.com\/fr\/shop\/women\/sandale\/2609-79-miss-blue#primaryimage"},"image":{"@id":"https:\/\/www.venisecollection.com\/fr\/shop\/women\/sandale\/2609-79-miss-blue#primaryimage"},"thumbnailUrl":"https:\/\/www.venisecollection.com\/cdn\/image.psd-169-1.webp","datePublished":"2026-04-27T13:30:09+00:00","dateModified":"2026-04-27T13:38:05+00:00","breadcrumb":{"@id":"https:\/\/www.venisecollection.com\/fr\/shop\/women\/sandale\/2609-79-miss-blue#breadcrumb"},"inLanguage":"fr-FR","potentialAction":[{"@type":"ReadAction","target":["https:\/\/www.venisecollection.com\/fr\/shop\/women\/sandale\/2609-79-miss-blue"]}]},{"@type":"ImageObject","inLanguage":"fr-FR","@id":"https:\/\/www.venisecollection.com\/fr\/shop\/women\/sandale\/2609-79-miss-blue#primaryimage","url":"https:\/\/www.venisecollection.com\/cdn\/image.psd-169-1.webp","contentUrl":"https:\/\/www.venisecollection.com\/cdn\/image.psd-169-1.webp","width":1280,"height":1588},{"@type":"BreadcrumbList","@id":"https:\/\/www.venisecollection.com\/fr\/shop\/women\/sandale\/2609-79-miss-blue#breadcrumb","itemListElement":[{"@type":"ListItem","position":1,"name":"Home","item":"https:\/\/www.venisecollection.com\/fr\/boutique"},{"@type":"ListItem","position":2,"name":"Accueil","item":"https:\/\/www.venisecollection.com\/fr\/boutique"},{"@type":"ListItem","position":3,"name":"2609-79 MISS BLUE"}]},{"@type":"WebSite","@id":"https:\/\/www.venisecollection.com\/fr#website","url":"https:\/\/www.venisecollection.com\/fr","name":"VENISE COLLECTION","description":"","publisher":{"@id":"https:\/\/www.venisecollection.com\/fr#organization"},"potentialAction":[{"@type":"SearchAction","target":{"@type":"EntryPoint","urlTemplate":"https:\/\/www.venisecollection.com\/fr?s={search_term_string}"},"query-input":{"@type":"PropertyValueSpecification","valueRequired":true,"valueName":"search_term_string"}}],"inLanguage":"fr-FR"},{"@type":"Organization","@id":"https:\/\/www.venisecollection.com\/fr#organization","name":"VENISE COLLECTION","url":"https:\/\/www.venisecollection.com\/fr","logo":{"@type":"ImageObject","inLanguage":"fr-FR","@id":"https:\/\/www.venisecollection.com\/fr#\/schema\/logo\/image\/","url":"https:\/\/www.venisecollection.com\/cdn\/seo.png","contentUrl":"https:\/\/www.venisecollection.com\/cdn\/seo.png","width":1080,"height":1080,"caption":"VENISE COLLECTION"},"image":{"@id":"https:\/\/www.venisecollection.com\/fr#\/schema\/logo\/image\/"},"sameAs":["https:\/\/www.instagram.com\/venisecollection\/","https:\/\/fr.pinterest.com\/venisecollection\/"]}]}},"_links":{"self":[{"href":"https:\/\/www.venisecollection.com\/fr\/wp-json\/wp\/v2\/product\/25545","targetHints":{"allow":["GET"]}}],"collection":[{"href":"https:\/\/www.venisecollection.com\/fr\/wp-json\/wp\/v2\/product"}],"about":[{"href":"https:\/\/www.venisecollection.com\/fr\/wp-json\/wp\/v2\/types\/product"}],"wp:featuredmedia":[{"embeddable":true,"href":"https:\/\/www.venisecollection.com\/fr\/wp-json\/wp\/v2\/media\/25578"}],"wp:attachment":[{"href":"https:\/\/www.venisecollection.com\/fr\/wp-json\/wp\/v2\/media?parent=25545"}],"wp:term":[{"taxonomy":"product_brand","embeddable":true,"href":"https:\/\/www.venisecollection.com\/fr\/wp-json\/wp\/v2\/product_brand?post=25545"},{"taxonomy":"product_cat","embeddable":true,"href":"https:\/\/www.venisecollection.com\/fr\/wp-json\/wp\/v2\/product_cat?post=25545"},{"taxonomy":"product_tag","embeddable":true,"href":"https:\/\/www.venisecollection.com\/fr\/wp-json\/wp\/v2\/product_tag?post=25545"}],"curies":[{"name":"wp","href":"https:\/\/api.w.org\/{rel}","templated":true}]}}