{"id":26428,"date":"2026-05-03T21:57:26","date_gmt":"2026-05-03T21:57:26","guid":{"rendered":"https:\/\/www.venisecollection.com\/?post_type=product&#038;p=26428"},"modified":"2026-05-03T22:03:09","modified_gmt":"2026-05-03T22:03:09","slug":"e113-002-t-moro-crosta","status":"publish","type":"product","link":"https:\/\/www.venisecollection.com\/fr\/shop\/women\/sandale\/e113-002-t-moro-crosta","title":{"rendered":"E113-002 T-Moro Crosta"},"content":{"rendered":"<p data-path-to-node=\"14\">Affirmez votre \u00e9l\u00e9gance avec les sandales plateformes <b data-path-to-node=\"14\" data-index-in-node=\"68\">T-Moro Crosta<\/b> de <b data-path-to-node=\"14\" data-index-in-node=\"85\">Venise Collection<\/b>. Confectionn\u00e9es en <b data-path-to-node=\"14\" data-index-in-node=\"122\">daim<\/b> de qualit\u00e9 sup\u00e9rieure d&rsquo;un marron chocolat profond, ces mules arborent une plateforme enti\u00e8rement recouverte pour une allure couture et \u00e9pur\u00e9e. La semelle int\u00e9rieure en <b data-path-to-node=\"14\" data-index-in-node=\"296\">cuir v\u00e9ritable<\/b> offre un confort respirant et une douceur exceptionnelle \u00e0 chaque pas. Le d\u00e9tail raffin\u00e9 de bordures dor\u00e9es m\u00e9talliques sur la large bride apporte une note de luxe discret \u00e0 ce mod\u00e8le indispensable de l&rsquo;\u00e9t\u00e9.<\/p>\n<ul data-path-to-node=\"15\">\n<li>\n<p data-path-to-node=\"15,0,0\"><b data-path-to-node=\"15,0,0\" data-index-in-node=\"0\">Mati\u00e8re :<\/b> Tige et plateforme en cuir su\u00e9d\u00e9 (daim)<\/p>\n<\/li>\n<li>\n<p data-path-to-node=\"15,1,0\"><b data-path-to-node=\"15,1,0\" data-index-in-node=\"0\">Semelle Int\u00e9rieure :<\/b> 100% Cuir naturel de haute qualit\u00e9<\/p>\n<\/li>\n<li>\n<p data-path-to-node=\"15,2,0\"><b data-path-to-node=\"15,2,0\" data-index-in-node=\"0\">Type de semelle :<\/b> Plateforme int\u00e9grale pour un confort optimal<\/p>\n<\/li>\n<li>\n<p data-path-to-node=\"15,3,0\"><b data-path-to-node=\"15,3,0\" data-index-in-node=\"0\">D\u00e9corations :<\/b> Anneaux m\u00e9talliques dor\u00e9s sur les lisi\u00e8res<\/p>\n<\/li>\n<li>\n<p data-path-to-node=\"15,4,0\"><b data-path-to-node=\"15,4,0\" data-index-in-node=\"0\">Id\u00e9al pour :<\/b> Gagner de la hauteur avec style et confort.<\/p>\n<\/li>\n<\/ul>\n","protected":false},"excerpt":{"rendered":"<p>Affirmez votre \u00e9l\u00e9gance avec les sandales plateformes T-Moro Crosta de Venise Collection. Confectionn\u00e9es en daim de qualit\u00e9 sup\u00e9rieure d&rsquo;un marron chocolat profond, ces mules arborent une plateforme enti\u00e8rement recouverte pour une allure couture et \u00e9pur\u00e9e. La semelle int\u00e9rieure en cuir v\u00e9ritable offre un confort respirant et une douceur exceptionnelle \u00e0 chaque pas. Le d\u00e9tail raffin\u00e9 &hellip;<\/p>\n","protected":false},"featured_media":26451,"template":"","meta":[],"product_brand":[356],"product_cat":[331],"product_tag":[],"class_list":{"0":"post-26428","1":"product","2":"type-product","3":"status-publish","4":"has-post-thumbnail","6":"product_brand-venise-collection","7":"product_cat-sandale","9":"first","10":"instock","11":"shipping-taxable","12":"purchasable","13":"product-type-variable","14":"has-default-attributes"},"yoast_head":"<!-- This site is optimized with the Yoast SEO plugin v27.5 - https:\/\/yoast.com\/product\/yoast-seo-wordpress\/ -->\n<title>Sandales Plateformes en Daim Marron Fonc\u00e9 - Mules Confort<\/title>\n<meta name=\"robots\" content=\"index, follow, max-snippet:-1, max-image-preview:large, max-video-preview:-1\" \/>\n<link rel=\"canonical\" href=\"https:\/\/www.venisecollection.com\/fr\/shop\/women\/sandale\/e113-002-t-moro-crosta\" \/>\n<meta property=\"og:locale\" content=\"fr_FR\" \/>\n<meta property=\"og:type\" content=\"article\" \/>\n<meta property=\"og:title\" content=\"Sandales Plateformes en Daim Marron Fonc\u00e9 - Mules Confort\" \/>\n<meta property=\"og:description\" content=\"Affirmez votre \u00e9l\u00e9gance avec les sandales plateformes T-Moro Crosta de Venise Collection. Confectionn\u00e9es en daim de qualit\u00e9 sup\u00e9rieure d&rsquo;un marron chocolat profond, ces mules arborent une plateforme enti\u00e8rement recouverte pour une allure couture et \u00e9pur\u00e9e. La semelle int\u00e9rieure en cuir v\u00e9ritable offre un confort respirant et une douceur exceptionnelle \u00e0 chaque pas. Le d\u00e9tail raffin\u00e9 &hellip;\" \/>\n<meta property=\"og:url\" content=\"https:\/\/www.venisecollection.com\/fr\/shop\/women\/sandale\/e113-002-t-moro-crosta\" \/>\n<meta property=\"og:site_name\" content=\"VENISE COLLECTION\" \/>\n<meta property=\"article:modified_time\" content=\"2026-05-03T22:03:09+00:00\" \/>\n<meta property=\"og:image\" content=\"https:\/\/www.venisecollection.com\/cdn\/image-308.webp\" \/>\n\t<meta property=\"og:image:width\" content=\"1280\" \/>\n\t<meta property=\"og:image:height\" content=\"1588\" \/>\n\t<meta property=\"og:image:type\" content=\"image\/webp\" \/>\n<meta name=\"twitter:card\" content=\"summary_large_image\" \/>\n<meta name=\"twitter:label1\" content=\"Dur\u00e9e de lecture estim\u00e9e\" \/>\n\t<meta name=\"twitter:data1\" content=\"1 minute\" \/>\n<script type=\"application\/ld+json\" class=\"yoast-schema-graph\">{\"@context\":\"https:\\\/\\\/schema.org\",\"@graph\":[{\"@type\":\"WebPage\",\"@id\":\"https:\\\/\\\/www.venisecollection.com\\\/fr\\\/shop\\\/women\\\/sandale\\\/e113-002-t-moro-crosta\",\"url\":\"https:\\\/\\\/www.venisecollection.com\\\/fr\\\/shop\\\/women\\\/sandale\\\/e113-002-t-moro-crosta\",\"name\":\"Sandales Plateformes en Daim Marron Fonc\u00e9 - Mules Confort\",\"isPartOf\":{\"@id\":\"https:\\\/\\\/www.venisecollection.com\\\/fr#website\"},\"primaryImageOfPage\":{\"@id\":\"https:\\\/\\\/www.venisecollection.com\\\/fr\\\/shop\\\/women\\\/sandale\\\/e113-002-t-moro-crosta#primaryimage\"},\"image\":{\"@id\":\"https:\\\/\\\/www.venisecollection.com\\\/fr\\\/shop\\\/women\\\/sandale\\\/e113-002-t-moro-crosta#primaryimage\"},\"thumbnailUrl\":\"https:\\\/\\\/www.venisecollection.com\\\/cdn\\\/image-308.webp\",\"datePublished\":\"2026-05-03T21:57:26+00:00\",\"dateModified\":\"2026-05-03T22:03:09+00:00\",\"breadcrumb\":{\"@id\":\"https:\\\/\\\/www.venisecollection.com\\\/fr\\\/shop\\\/women\\\/sandale\\\/e113-002-t-moro-crosta#breadcrumb\"},\"inLanguage\":\"fr-FR\",\"potentialAction\":[{\"@type\":\"ReadAction\",\"target\":[\"https:\\\/\\\/www.venisecollection.com\\\/fr\\\/shop\\\/women\\\/sandale\\\/e113-002-t-moro-crosta\"]}]},{\"@type\":\"ImageObject\",\"inLanguage\":\"fr-FR\",\"@id\":\"https:\\\/\\\/www.venisecollection.com\\\/fr\\\/shop\\\/women\\\/sandale\\\/e113-002-t-moro-crosta#primaryimage\",\"url\":\"https:\\\/\\\/www.venisecollection.com\\\/cdn\\\/image-308.webp\",\"contentUrl\":\"https:\\\/\\\/www.venisecollection.com\\\/cdn\\\/image-308.webp\",\"width\":1280,\"height\":1588},{\"@type\":\"BreadcrumbList\",\"@id\":\"https:\\\/\\\/www.venisecollection.com\\\/fr\\\/shop\\\/women\\\/sandale\\\/e113-002-t-moro-crosta#breadcrumb\",\"itemListElement\":[{\"@type\":\"ListItem\",\"position\":1,\"name\":\"Home\",\"item\":\"https:\\\/\\\/www.venisecollection.com\\\/fr\\\/boutique\"},{\"@type\":\"ListItem\",\"position\":2,\"name\":\"Accueil\",\"item\":\"https:\\\/\\\/www.venisecollection.com\\\/fr\\\/boutique\"},{\"@type\":\"ListItem\",\"position\":3,\"name\":\"E113-002 T-Moro Crosta\"}]},{\"@type\":\"WebSite\",\"@id\":\"https:\\\/\\\/www.venisecollection.com\\\/fr#website\",\"url\":\"https:\\\/\\\/www.venisecollection.com\\\/fr\",\"name\":\"VENISE COLLECTION\",\"description\":\"\",\"publisher\":{\"@id\":\"https:\\\/\\\/www.venisecollection.com\\\/fr#organization\"},\"potentialAction\":[{\"@type\":\"SearchAction\",\"target\":{\"@type\":\"EntryPoint\",\"urlTemplate\":\"https:\\\/\\\/www.venisecollection.com\\\/fr?s={search_term_string}\"},\"query-input\":{\"@type\":\"PropertyValueSpecification\",\"valueRequired\":true,\"valueName\":\"search_term_string\"}}],\"inLanguage\":\"fr-FR\"},{\"@type\":\"Organization\",\"@id\":\"https:\\\/\\\/www.venisecollection.com\\\/fr#organization\",\"name\":\"VENISE COLLECTION\",\"url\":\"https:\\\/\\\/www.venisecollection.com\\\/fr\",\"logo\":{\"@type\":\"ImageObject\",\"inLanguage\":\"fr-FR\",\"@id\":\"https:\\\/\\\/www.venisecollection.com\\\/fr#\\\/schema\\\/logo\\\/image\\\/\",\"url\":\"https:\\\/\\\/www.venisecollection.com\\\/cdn\\\/seo.png\",\"contentUrl\":\"https:\\\/\\\/www.venisecollection.com\\\/cdn\\\/seo.png\",\"width\":1080,\"height\":1080,\"caption\":\"VENISE COLLECTION\"},\"image\":{\"@id\":\"https:\\\/\\\/www.venisecollection.com\\\/fr#\\\/schema\\\/logo\\\/image\\\/\"},\"sameAs\":[\"https:\\\/\\\/www.instagram.com\\\/venisecollection\\\/\",\"https:\\\/\\\/fr.pinterest.com\\\/venisecollection\\\/\"]}]}<\/script>\n<!-- \/ Yoast SEO plugin. -->","yoast_head_json":{"title":"Sandales Plateformes en Daim Marron Fonc\u00e9 - Mules Confort","robots":{"index":"index","follow":"follow","max-snippet":"max-snippet:-1","max-image-preview":"max-image-preview:large","max-video-preview":"max-video-preview:-1"},"canonical":"https:\/\/www.venisecollection.com\/fr\/shop\/women\/sandale\/e113-002-t-moro-crosta","og_locale":"fr_FR","og_type":"article","og_title":"Sandales Plateformes en Daim Marron Fonc\u00e9 - Mules Confort","og_description":"Affirmez votre \u00e9l\u00e9gance avec les sandales plateformes T-Moro Crosta de Venise Collection. Confectionn\u00e9es en daim de qualit\u00e9 sup\u00e9rieure d&rsquo;un marron chocolat profond, ces mules arborent une plateforme enti\u00e8rement recouverte pour une allure couture et \u00e9pur\u00e9e. La semelle int\u00e9rieure en cuir v\u00e9ritable offre un confort respirant et une douceur exceptionnelle \u00e0 chaque pas. Le d\u00e9tail raffin\u00e9 &hellip;","og_url":"https:\/\/www.venisecollection.com\/fr\/shop\/women\/sandale\/e113-002-t-moro-crosta","og_site_name":"VENISE COLLECTION","article_modified_time":"2026-05-03T22:03:09+00:00","og_image":[{"width":1280,"height":1588,"url":"https:\/\/www.venisecollection.com\/cdn\/image-308.webp","type":"image\/webp"}],"twitter_card":"summary_large_image","twitter_misc":{"Dur\u00e9e de lecture estim\u00e9e":"1 minute"},"schema":{"@context":"https:\/\/schema.org","@graph":[{"@type":"WebPage","@id":"https:\/\/www.venisecollection.com\/fr\/shop\/women\/sandale\/e113-002-t-moro-crosta","url":"https:\/\/www.venisecollection.com\/fr\/shop\/women\/sandale\/e113-002-t-moro-crosta","name":"Sandales Plateformes en Daim Marron Fonc\u00e9 - Mules Confort","isPartOf":{"@id":"https:\/\/www.venisecollection.com\/fr#website"},"primaryImageOfPage":{"@id":"https:\/\/www.venisecollection.com\/fr\/shop\/women\/sandale\/e113-002-t-moro-crosta#primaryimage"},"image":{"@id":"https:\/\/www.venisecollection.com\/fr\/shop\/women\/sandale\/e113-002-t-moro-crosta#primaryimage"},"thumbnailUrl":"https:\/\/www.venisecollection.com\/cdn\/image-308.webp","datePublished":"2026-05-03T21:57:26+00:00","dateModified":"2026-05-03T22:03:09+00:00","breadcrumb":{"@id":"https:\/\/www.venisecollection.com\/fr\/shop\/women\/sandale\/e113-002-t-moro-crosta#breadcrumb"},"inLanguage":"fr-FR","potentialAction":[{"@type":"ReadAction","target":["https:\/\/www.venisecollection.com\/fr\/shop\/women\/sandale\/e113-002-t-moro-crosta"]}]},{"@type":"ImageObject","inLanguage":"fr-FR","@id":"https:\/\/www.venisecollection.com\/fr\/shop\/women\/sandale\/e113-002-t-moro-crosta#primaryimage","url":"https:\/\/www.venisecollection.com\/cdn\/image-308.webp","contentUrl":"https:\/\/www.venisecollection.com\/cdn\/image-308.webp","width":1280,"height":1588},{"@type":"BreadcrumbList","@id":"https:\/\/www.venisecollection.com\/fr\/shop\/women\/sandale\/e113-002-t-moro-crosta#breadcrumb","itemListElement":[{"@type":"ListItem","position":1,"name":"Home","item":"https:\/\/www.venisecollection.com\/fr\/boutique"},{"@type":"ListItem","position":2,"name":"Accueil","item":"https:\/\/www.venisecollection.com\/fr\/boutique"},{"@type":"ListItem","position":3,"name":"E113-002 T-Moro Crosta"}]},{"@type":"WebSite","@id":"https:\/\/www.venisecollection.com\/fr#website","url":"https:\/\/www.venisecollection.com\/fr","name":"VENISE COLLECTION","description":"","publisher":{"@id":"https:\/\/www.venisecollection.com\/fr#organization"},"potentialAction":[{"@type":"SearchAction","target":{"@type":"EntryPoint","urlTemplate":"https:\/\/www.venisecollection.com\/fr?s={search_term_string}"},"query-input":{"@type":"PropertyValueSpecification","valueRequired":true,"valueName":"search_term_string"}}],"inLanguage":"fr-FR"},{"@type":"Organization","@id":"https:\/\/www.venisecollection.com\/fr#organization","name":"VENISE COLLECTION","url":"https:\/\/www.venisecollection.com\/fr","logo":{"@type":"ImageObject","inLanguage":"fr-FR","@id":"https:\/\/www.venisecollection.com\/fr#\/schema\/logo\/image\/","url":"https:\/\/www.venisecollection.com\/cdn\/seo.png","contentUrl":"https:\/\/www.venisecollection.com\/cdn\/seo.png","width":1080,"height":1080,"caption":"VENISE COLLECTION"},"image":{"@id":"https:\/\/www.venisecollection.com\/fr#\/schema\/logo\/image\/"},"sameAs":["https:\/\/www.instagram.com\/venisecollection\/","https:\/\/fr.pinterest.com\/venisecollection\/"]}]}},"_links":{"self":[{"href":"https:\/\/www.venisecollection.com\/fr\/wp-json\/wp\/v2\/product\/26428","targetHints":{"allow":["GET"]}}],"collection":[{"href":"https:\/\/www.venisecollection.com\/fr\/wp-json\/wp\/v2\/product"}],"about":[{"href":"https:\/\/www.venisecollection.com\/fr\/wp-json\/wp\/v2\/types\/product"}],"wp:featuredmedia":[{"embeddable":true,"href":"https:\/\/www.venisecollection.com\/fr\/wp-json\/wp\/v2\/media\/26451"}],"wp:attachment":[{"href":"https:\/\/www.venisecollection.com\/fr\/wp-json\/wp\/v2\/media?parent=26428"}],"wp:term":[{"taxonomy":"product_brand","embeddable":true,"href":"https:\/\/www.venisecollection.com\/fr\/wp-json\/wp\/v2\/product_brand?post=26428"},{"taxonomy":"product_cat","embeddable":true,"href":"https:\/\/www.venisecollection.com\/fr\/wp-json\/wp\/v2\/product_cat?post=26428"},{"taxonomy":"product_tag","embeddable":true,"href":"https:\/\/www.venisecollection.com\/fr\/wp-json\/wp\/v2\/product_tag?post=26428"}],"curies":[{"name":"wp","href":"https:\/\/api.w.org\/{rel}","templated":true}]}}