{"id":26961,"date":"2026-05-11T16:25:27","date_gmt":"2026-05-11T16:25:27","guid":{"rendered":"https:\/\/www.venisecollection.com\/?post_type=product&#038;p=26961"},"modified":"2026-05-11T16:29:30","modified_gmt":"2026-05-11T16:29:30","slug":"ja2832-sabotd-sunny","status":"publish","type":"product","link":"https:\/\/www.venisecollection.com\/fr\/shop\/women\/sandale\/ja2832-sabotd-sunny","title":{"rendered":"JA2832 SABOTD SUNNY"},"content":{"rendered":"<p data-path-to-node=\"15\">Illuminez votre garde-robe avec les sandales <b data-path-to-node=\"15\" data-index-in-node=\"59\">Love Moschino Sunny<\/b>. Ce mod\u00e8le se distingue par son empeigne en <b data-path-to-node=\"15\" data-index-in-node=\"123\">textile crochet\u00e9<\/b> artisanal, affichant des motifs zigzags dans une palette de couleurs ensoleill\u00e9es : rose fuchsia, vieux rose et cr\u00e8me. La bride crois\u00e9e assure un maintien impeccable, tandis que le charm c\u0153ur dor\u00e9 embl\u00e9matique apporte une touche de luxe signature. Dot\u00e9es d&rsquo;une semelle plateforme en caoutchouc l\u00e9g\u00e8re, ces mules offrent un confort absolu et une allure \u00e9l\u00e9gante pour vos journ\u00e9es \u00e0 la plage ou vos sorties citadines.<\/p>\n<ul data-path-to-node=\"16\">\n<li>\n<p data-path-to-node=\"16,0,0\"><b data-path-to-node=\"16,0,0\" data-index-in-node=\"0\">Tige :<\/b> Textile en crochet de haute qualit\u00e9<\/p>\n<\/li>\n<li>\n<p data-path-to-node=\"16,1,0\"><b data-path-to-node=\"16,1,0\" data-index-in-node=\"0\">Semelle :<\/b> Caoutchouc r\u00e9sistant et l\u00e9ger<\/p>\n<\/li>\n<li>\n<p data-path-to-node=\"16,2,0\"><b data-path-to-node=\"16,2,0\" data-index-in-node=\"0\">D\u00e9tails :<\/b> Logo c\u0153ur dor\u00e9, semelle int\u00e9rieure ergonomique<\/p>\n<\/li>\n<li>\n<p data-path-to-node=\"16,3,0\"><b data-path-to-node=\"16,3,0\" data-index-in-node=\"0\">Couleur :<\/b> Multicolore (Rose\/Beige\/Marron)<\/p>\n<\/li>\n<li>\n<p data-path-to-node=\"16,4,0\"><b data-path-to-node=\"16,4,0\" data-index-in-node=\"0\">Id\u00e9al pour :<\/b> Un look frais et f\u00e9minin, les vacances et le quotidien chic.<\/p>\n<\/li>\n<\/ul>\n","protected":false},"excerpt":{"rendered":"<p>Illuminez votre garde-robe avec les sandales Love Moschino Sunny. Ce mod\u00e8le se distingue par son empeigne en textile crochet\u00e9 artisanal, affichant des motifs zigzags dans une palette de couleurs ensoleill\u00e9es : rose fuchsia, vieux rose et cr\u00e8me. La bride crois\u00e9e assure un maintien impeccable, tandis que le charm c\u0153ur dor\u00e9 embl\u00e9matique apporte une touche de &hellip;<\/p>\n","protected":false},"featured_media":27015,"template":"","meta":[],"product_brand":[365],"product_cat":[331],"product_tag":[],"class_list":{"0":"post-26961","1":"product","2":"type-product","3":"status-publish","4":"has-post-thumbnail","6":"product_brand-moschino","7":"product_cat-sandale","9":"first","10":"instock","11":"shipping-taxable","12":"purchasable","13":"product-type-variable"},"yoast_head":"<!-- This site is optimized with the Yoast SEO plugin v27.6 - https:\/\/yoast.com\/product\/yoast-seo-wordpress\/ -->\n<title>Sandales Plateformes LOVE MOSCHINO en Crochet Rose et Beige<\/title>\n<meta name=\"robots\" content=\"index, follow, max-snippet:-1, max-image-preview:large, max-video-preview:-1\" \/>\n<link rel=\"canonical\" href=\"https:\/\/www.venisecollection.com\/fr\/shop\/women\/sandale\/ja2832-sabotd-sunny\" \/>\n<meta property=\"og:locale\" content=\"fr_FR\" \/>\n<meta property=\"og:type\" content=\"article\" \/>\n<meta property=\"og:title\" content=\"Sandales Plateformes LOVE MOSCHINO en Crochet Rose et Beige\" \/>\n<meta property=\"og:description\" content=\"Illuminez votre garde-robe avec les sandales Love Moschino Sunny. Ce mod\u00e8le se distingue par son empeigne en textile crochet\u00e9 artisanal, affichant des motifs zigzags dans une palette de couleurs ensoleill\u00e9es : rose fuchsia, vieux rose et cr\u00e8me. La bride crois\u00e9e assure un maintien impeccable, tandis que le charm c\u0153ur dor\u00e9 embl\u00e9matique apporte une touche de &hellip;\" \/>\n<meta property=\"og:url\" content=\"https:\/\/www.venisecollection.com\/fr\/shop\/women\/sandale\/ja2832-sabotd-sunny\" \/>\n<meta property=\"og:site_name\" content=\"VENISE COLLECTION\" \/>\n<meta property=\"article:modified_time\" content=\"2026-05-11T16:29:30+00:00\" \/>\n<meta property=\"og:image\" content=\"https:\/\/www.venisecollection.com\/cdn\/image-338.webp\" \/>\n\t<meta property=\"og:image:width\" content=\"1280\" \/>\n\t<meta property=\"og:image:height\" content=\"1588\" \/>\n\t<meta property=\"og:image:type\" content=\"image\/webp\" \/>\n<meta name=\"twitter:card\" content=\"summary_large_image\" \/>\n<meta name=\"twitter:label1\" content=\"Dur\u00e9e de lecture estim\u00e9e\" \/>\n\t<meta name=\"twitter:data1\" content=\"1 minute\" \/>\n<script type=\"application\/ld+json\" class=\"yoast-schema-graph\">{\"@context\":\"https:\\\/\\\/schema.org\",\"@graph\":[{\"@type\":\"WebPage\",\"@id\":\"https:\\\/\\\/www.venisecollection.com\\\/fr\\\/shop\\\/women\\\/sandale\\\/ja2832-sabotd-sunny\",\"url\":\"https:\\\/\\\/www.venisecollection.com\\\/fr\\\/shop\\\/women\\\/sandale\\\/ja2832-sabotd-sunny\",\"name\":\"Sandales Plateformes LOVE MOSCHINO en Crochet Rose et Beige\",\"isPartOf\":{\"@id\":\"https:\\\/\\\/www.venisecollection.com\\\/fr#website\"},\"primaryImageOfPage\":{\"@id\":\"https:\\\/\\\/www.venisecollection.com\\\/fr\\\/shop\\\/women\\\/sandale\\\/ja2832-sabotd-sunny#primaryimage\"},\"image\":{\"@id\":\"https:\\\/\\\/www.venisecollection.com\\\/fr\\\/shop\\\/women\\\/sandale\\\/ja2832-sabotd-sunny#primaryimage\"},\"thumbnailUrl\":\"https:\\\/\\\/www.venisecollection.com\\\/cdn\\\/image-343.webp\",\"datePublished\":\"2026-05-11T16:25:27+00:00\",\"dateModified\":\"2026-05-11T16:29:30+00:00\",\"breadcrumb\":{\"@id\":\"https:\\\/\\\/www.venisecollection.com\\\/fr\\\/shop\\\/women\\\/sandale\\\/ja2832-sabotd-sunny#breadcrumb\"},\"inLanguage\":\"fr-FR\",\"potentialAction\":[{\"@type\":\"ReadAction\",\"target\":[\"https:\\\/\\\/www.venisecollection.com\\\/fr\\\/shop\\\/women\\\/sandale\\\/ja2832-sabotd-sunny\"]}]},{\"@type\":\"ImageObject\",\"inLanguage\":\"fr-FR\",\"@id\":\"https:\\\/\\\/www.venisecollection.com\\\/fr\\\/shop\\\/women\\\/sandale\\\/ja2832-sabotd-sunny#primaryimage\",\"url\":\"https:\\\/\\\/www.venisecollection.com\\\/cdn\\\/image-343.webp\",\"contentUrl\":\"https:\\\/\\\/www.venisecollection.com\\\/cdn\\\/image-343.webp\",\"width\":1280,\"height\":1588},{\"@type\":\"BreadcrumbList\",\"@id\":\"https:\\\/\\\/www.venisecollection.com\\\/fr\\\/shop\\\/women\\\/sandale\\\/ja2832-sabotd-sunny#breadcrumb\",\"itemListElement\":[{\"@type\":\"ListItem\",\"position\":1,\"name\":\"Home\",\"item\":\"https:\\\/\\\/www.venisecollection.com\\\/fr\\\/boutique\"},{\"@type\":\"ListItem\",\"position\":2,\"name\":\"Accueil\",\"item\":\"https:\\\/\\\/www.venisecollection.com\\\/fr\\\/boutique\"},{\"@type\":\"ListItem\",\"position\":3,\"name\":\"JA2832 SABOTD SUNNY\"}]},{\"@type\":\"WebSite\",\"@id\":\"https:\\\/\\\/www.venisecollection.com\\\/fr#website\",\"url\":\"https:\\\/\\\/www.venisecollection.com\\\/fr\",\"name\":\"VENISE COLLECTION\",\"description\":\"\",\"publisher\":{\"@id\":\"https:\\\/\\\/www.venisecollection.com\\\/fr#organization\"},\"potentialAction\":[{\"@type\":\"SearchAction\",\"target\":{\"@type\":\"EntryPoint\",\"urlTemplate\":\"https:\\\/\\\/www.venisecollection.com\\\/fr?s={search_term_string}\"},\"query-input\":{\"@type\":\"PropertyValueSpecification\",\"valueRequired\":true,\"valueName\":\"search_term_string\"}}],\"inLanguage\":\"fr-FR\"},{\"@type\":\"Organization\",\"@id\":\"https:\\\/\\\/www.venisecollection.com\\\/fr#organization\",\"name\":\"VENISE COLLECTION\",\"url\":\"https:\\\/\\\/www.venisecollection.com\\\/fr\",\"logo\":{\"@type\":\"ImageObject\",\"inLanguage\":\"fr-FR\",\"@id\":\"https:\\\/\\\/www.venisecollection.com\\\/fr#\\\/schema\\\/logo\\\/image\\\/\",\"url\":\"https:\\\/\\\/www.venisecollection.com\\\/cdn\\\/seo.png\",\"contentUrl\":\"https:\\\/\\\/www.venisecollection.com\\\/cdn\\\/seo.png\",\"width\":1080,\"height\":1080,\"caption\":\"VENISE COLLECTION\"},\"image\":{\"@id\":\"https:\\\/\\\/www.venisecollection.com\\\/fr#\\\/schema\\\/logo\\\/image\\\/\"},\"sameAs\":[\"https:\\\/\\\/www.instagram.com\\\/venisecollection\\\/\",\"https:\\\/\\\/fr.pinterest.com\\\/venisecollection\\\/\"]}]}<\/script>\n<!-- \/ Yoast SEO plugin. -->","yoast_head_json":{"title":"Sandales Plateformes LOVE MOSCHINO en Crochet Rose et Beige","robots":{"index":"index","follow":"follow","max-snippet":"max-snippet:-1","max-image-preview":"max-image-preview:large","max-video-preview":"max-video-preview:-1"},"canonical":"https:\/\/www.venisecollection.com\/fr\/shop\/women\/sandale\/ja2832-sabotd-sunny","og_locale":"fr_FR","og_type":"article","og_title":"Sandales Plateformes LOVE MOSCHINO en Crochet Rose et Beige","og_description":"Illuminez votre garde-robe avec les sandales Love Moschino Sunny. Ce mod\u00e8le se distingue par son empeigne en textile crochet\u00e9 artisanal, affichant des motifs zigzags dans une palette de couleurs ensoleill\u00e9es : rose fuchsia, vieux rose et cr\u00e8me. La bride crois\u00e9e assure un maintien impeccable, tandis que le charm c\u0153ur dor\u00e9 embl\u00e9matique apporte une touche de &hellip;","og_url":"https:\/\/www.venisecollection.com\/fr\/shop\/women\/sandale\/ja2832-sabotd-sunny","og_site_name":"VENISE COLLECTION","article_modified_time":"2026-05-11T16:29:30+00:00","og_image":[{"width":1280,"height":1588,"url":"https:\/\/www.venisecollection.com\/cdn\/image-338.webp","type":"image\/webp"}],"twitter_card":"summary_large_image","twitter_misc":{"Dur\u00e9e de lecture estim\u00e9e":"1 minute"},"schema":{"@context":"https:\/\/schema.org","@graph":[{"@type":"WebPage","@id":"https:\/\/www.venisecollection.com\/fr\/shop\/women\/sandale\/ja2832-sabotd-sunny","url":"https:\/\/www.venisecollection.com\/fr\/shop\/women\/sandale\/ja2832-sabotd-sunny","name":"Sandales Plateformes LOVE MOSCHINO en Crochet Rose et Beige","isPartOf":{"@id":"https:\/\/www.venisecollection.com\/fr#website"},"primaryImageOfPage":{"@id":"https:\/\/www.venisecollection.com\/fr\/shop\/women\/sandale\/ja2832-sabotd-sunny#primaryimage"},"image":{"@id":"https:\/\/www.venisecollection.com\/fr\/shop\/women\/sandale\/ja2832-sabotd-sunny#primaryimage"},"thumbnailUrl":"https:\/\/www.venisecollection.com\/cdn\/image-343.webp","datePublished":"2026-05-11T16:25:27+00:00","dateModified":"2026-05-11T16:29:30+00:00","breadcrumb":{"@id":"https:\/\/www.venisecollection.com\/fr\/shop\/women\/sandale\/ja2832-sabotd-sunny#breadcrumb"},"inLanguage":"fr-FR","potentialAction":[{"@type":"ReadAction","target":["https:\/\/www.venisecollection.com\/fr\/shop\/women\/sandale\/ja2832-sabotd-sunny"]}]},{"@type":"ImageObject","inLanguage":"fr-FR","@id":"https:\/\/www.venisecollection.com\/fr\/shop\/women\/sandale\/ja2832-sabotd-sunny#primaryimage","url":"https:\/\/www.venisecollection.com\/cdn\/image-343.webp","contentUrl":"https:\/\/www.venisecollection.com\/cdn\/image-343.webp","width":1280,"height":1588},{"@type":"BreadcrumbList","@id":"https:\/\/www.venisecollection.com\/fr\/shop\/women\/sandale\/ja2832-sabotd-sunny#breadcrumb","itemListElement":[{"@type":"ListItem","position":1,"name":"Home","item":"https:\/\/www.venisecollection.com\/fr\/boutique"},{"@type":"ListItem","position":2,"name":"Accueil","item":"https:\/\/www.venisecollection.com\/fr\/boutique"},{"@type":"ListItem","position":3,"name":"JA2832 SABOTD SUNNY"}]},{"@type":"WebSite","@id":"https:\/\/www.venisecollection.com\/fr#website","url":"https:\/\/www.venisecollection.com\/fr","name":"VENISE COLLECTION","description":"","publisher":{"@id":"https:\/\/www.venisecollection.com\/fr#organization"},"potentialAction":[{"@type":"SearchAction","target":{"@type":"EntryPoint","urlTemplate":"https:\/\/www.venisecollection.com\/fr?s={search_term_string}"},"query-input":{"@type":"PropertyValueSpecification","valueRequired":true,"valueName":"search_term_string"}}],"inLanguage":"fr-FR"},{"@type":"Organization","@id":"https:\/\/www.venisecollection.com\/fr#organization","name":"VENISE COLLECTION","url":"https:\/\/www.venisecollection.com\/fr","logo":{"@type":"ImageObject","inLanguage":"fr-FR","@id":"https:\/\/www.venisecollection.com\/fr#\/schema\/logo\/image\/","url":"https:\/\/www.venisecollection.com\/cdn\/seo.png","contentUrl":"https:\/\/www.venisecollection.com\/cdn\/seo.png","width":1080,"height":1080,"caption":"VENISE COLLECTION"},"image":{"@id":"https:\/\/www.venisecollection.com\/fr#\/schema\/logo\/image\/"},"sameAs":["https:\/\/www.instagram.com\/venisecollection\/","https:\/\/fr.pinterest.com\/venisecollection\/"]}]}},"_links":{"self":[{"href":"https:\/\/www.venisecollection.com\/fr\/wp-json\/wp\/v2\/product\/26961","targetHints":{"allow":["GET"]}}],"collection":[{"href":"https:\/\/www.venisecollection.com\/fr\/wp-json\/wp\/v2\/product"}],"about":[{"href":"https:\/\/www.venisecollection.com\/fr\/wp-json\/wp\/v2\/types\/product"}],"wp:featuredmedia":[{"embeddable":true,"href":"https:\/\/www.venisecollection.com\/fr\/wp-json\/wp\/v2\/media\/27015"}],"wp:attachment":[{"href":"https:\/\/www.venisecollection.com\/fr\/wp-json\/wp\/v2\/media?parent=26961"}],"wp:term":[{"taxonomy":"product_brand","embeddable":true,"href":"https:\/\/www.venisecollection.com\/fr\/wp-json\/wp\/v2\/product_brand?post=26961"},{"taxonomy":"product_cat","embeddable":true,"href":"https:\/\/www.venisecollection.com\/fr\/wp-json\/wp\/v2\/product_cat?post=26961"},{"taxonomy":"product_tag","embeddable":true,"href":"https:\/\/www.venisecollection.com\/fr\/wp-json\/wp\/v2\/product_tag?post=26961"}],"curies":[{"name":"wp","href":"https:\/\/api.w.org\/{rel}","templated":true}]}}