{"id":27106,"date":"2026-05-12T13:26:07","date_gmt":"2026-05-12T13:26:07","guid":{"rendered":"https:\/\/www.venisecollection.com\/?post_type=product&#038;p=27106"},"modified":"2026-05-12T13:38:30","modified_gmt":"2026-05-12T13:38:30","slug":"ja2822-sabotd-rocchetto-cu","status":"publish","type":"product","link":"https:\/\/www.venisecollection.com\/fr\/shop\/women\/sandale\/ja2822-sabotd-rocchetto-cu","title":{"rendered":"JA2822 SABOTD ROCCHETTO CU"},"content":{"rendered":"<p data-path-to-node=\"15\">Incarnez la fra\u00eecheur estivale avec les mules \u00e0 talons <b data-path-to-node=\"15\" data-index-in-node=\"69\">Love Moschino Sabot Rocchetto<\/b>. Ce mod\u00e8le se distingue par son empeigne en <b data-path-to-node=\"15\" data-index-in-node=\"143\">textile crochet\u00e9<\/b> affichant des tons chauds de moutarde, terre de Sienne et cr\u00e8me. Le talon bobine de 5,5 cm offre une stabilit\u00e9 parfaite et une silhouette \u00e9l\u00e9gante pour vos sorties ensoleill\u00e9es. Dot\u00e9es d&rsquo;une semelle int\u00e9rieure en <b data-path-to-node=\"15\" data-index-in-node=\"373\">cuir v\u00e9ritable<\/b> et orn\u00e9es du c\u00e9l\u00e8bre c\u0153ur dor\u00e9 Love Moschino, ces sandales marient \u00e0 la perfection savoir-faire artisanal et prestige italien.<\/p>\n<ul data-path-to-node=\"16\">\n<li>\n<p data-path-to-node=\"16,0,0\"><b data-path-to-node=\"16,0,0\" data-index-in-node=\"0\">Tige :<\/b> Textile en crochet de qualit\u00e9 sup\u00e9rieure.<\/p>\n<\/li>\n<li>\n<p data-path-to-node=\"16,1,0\"><b data-path-to-node=\"16,1,0\" data-index-in-node=\"0\">Hauteur du talon :<\/b> 5,5 cm style g\u00e9om\u00e9trique stable.<\/p>\n<\/li>\n<li>\n<p data-path-to-node=\"16,2,0\"><b data-path-to-node=\"16,2,0\" data-index-in-node=\"0\">D\u00e9tails :<\/b> Logo c\u0153ur dor\u00e9 embl\u00e9matique, semelle int\u00e9rieure en cuir.<\/p>\n<\/li>\n<li>\n<p data-path-to-node=\"16,3,0\"><b data-path-to-node=\"16,3,0\" data-index-in-node=\"0\">Id\u00e9al pour :<\/b> Un cocktail d&rsquo;\u00e9t\u00e9, un look chic d\u00e9contract\u00e9 ou une soir\u00e9e \u00e9l\u00e9gante.<\/p>\n<\/li>\n<\/ul>\n","protected":false},"excerpt":{"rendered":"<p>Incarnez la fra\u00eecheur estivale avec les mules \u00e0 talons Love Moschino Sabot Rocchetto. Ce mod\u00e8le se distingue par son empeigne en textile crochet\u00e9 affichant des tons chauds de moutarde, terre de Sienne et cr\u00e8me. Le talon bobine de 5,5 cm offre une stabilit\u00e9 parfaite et une silhouette \u00e9l\u00e9gante pour vos sorties ensoleill\u00e9es. Dot\u00e9es d&rsquo;une semelle &hellip;<\/p>\n","protected":false},"featured_media":27125,"template":"","meta":[],"product_brand":[365],"product_cat":[331],"product_tag":[],"class_list":{"0":"post-27106","1":"product","2":"type-product","3":"status-publish","4":"has-post-thumbnail","6":"product_brand-moschino","7":"product_cat-sandale","9":"first","10":"instock","11":"shipping-taxable","12":"purchasable","13":"product-type-variable"},"yoast_head":"<!-- This site is optimized with the Yoast SEO plugin v27.6 - https:\/\/yoast.com\/product\/yoast-seo-wordpress\/ -->\n<title>Sandales \u00e0 Talons LOVE MOSCHINO en Crochet Moutarde et Cr\u00e8me<\/title>\n<meta name=\"robots\" content=\"index, follow, max-snippet:-1, max-image-preview:large, max-video-preview:-1\" \/>\n<link rel=\"canonical\" href=\"https:\/\/www.venisecollection.com\/fr\/shop\/women\/sandale\/ja2822-sabotd-rocchetto-cu\" \/>\n<meta property=\"og:locale\" content=\"fr_FR\" \/>\n<meta property=\"og:type\" content=\"article\" \/>\n<meta property=\"og:title\" content=\"Sandales \u00e0 Talons LOVE MOSCHINO en Crochet Moutarde et Cr\u00e8me\" \/>\n<meta property=\"og:description\" content=\"Incarnez la fra\u00eecheur estivale avec les mules \u00e0 talons Love Moschino Sabot Rocchetto. Ce mod\u00e8le se distingue par son empeigne en textile crochet\u00e9 affichant des tons chauds de moutarde, terre de Sienne et cr\u00e8me. Le talon bobine de 5,5 cm offre une stabilit\u00e9 parfaite et une silhouette \u00e9l\u00e9gante pour vos sorties ensoleill\u00e9es. Dot\u00e9es d&rsquo;une semelle &hellip;\" \/>\n<meta property=\"og:url\" content=\"https:\/\/www.venisecollection.com\/fr\/shop\/women\/sandale\/ja2822-sabotd-rocchetto-cu\" \/>\n<meta property=\"og:site_name\" content=\"VENISE COLLECTION\" \/>\n<meta property=\"article:modified_time\" content=\"2026-05-12T13:38:30+00:00\" \/>\n<meta property=\"og:image\" content=\"https:\/\/www.venisecollection.com\/cdn\/image-344.webp\" \/>\n\t<meta property=\"og:image:width\" content=\"1280\" \/>\n\t<meta property=\"og:image:height\" content=\"1588\" \/>\n\t<meta property=\"og:image:type\" content=\"image\/webp\" \/>\n<meta name=\"twitter:card\" content=\"summary_large_image\" \/>\n<meta name=\"twitter:label1\" content=\"Dur\u00e9e de lecture estim\u00e9e\" \/>\n\t<meta name=\"twitter:data1\" content=\"1 minute\" \/>\n<script type=\"application\/ld+json\" class=\"yoast-schema-graph\">{\"@context\":\"https:\\\/\\\/schema.org\",\"@graph\":[{\"@type\":\"WebPage\",\"@id\":\"https:\\\/\\\/www.venisecollection.com\\\/fr\\\/shop\\\/women\\\/sandale\\\/ja2822-sabotd-rocchetto-cu\",\"url\":\"https:\\\/\\\/www.venisecollection.com\\\/fr\\\/shop\\\/women\\\/sandale\\\/ja2822-sabotd-rocchetto-cu\",\"name\":\"Sandales \u00e0 Talons LOVE MOSCHINO en Crochet Moutarde et Cr\u00e8me\",\"isPartOf\":{\"@id\":\"https:\\\/\\\/www.venisecollection.com\\\/fr#website\"},\"primaryImageOfPage\":{\"@id\":\"https:\\\/\\\/www.venisecollection.com\\\/fr\\\/shop\\\/women\\\/sandale\\\/ja2822-sabotd-rocchetto-cu#primaryimage\"},\"image\":{\"@id\":\"https:\\\/\\\/www.venisecollection.com\\\/fr\\\/shop\\\/women\\\/sandale\\\/ja2822-sabotd-rocchetto-cu#primaryimage\"},\"thumbnailUrl\":\"https:\\\/\\\/www.venisecollection.com\\\/cdn\\\/image-344.webp\",\"datePublished\":\"2026-05-12T13:26:07+00:00\",\"dateModified\":\"2026-05-12T13:38:30+00:00\",\"breadcrumb\":{\"@id\":\"https:\\\/\\\/www.venisecollection.com\\\/fr\\\/shop\\\/women\\\/sandale\\\/ja2822-sabotd-rocchetto-cu#breadcrumb\"},\"inLanguage\":\"fr-FR\",\"potentialAction\":[{\"@type\":\"ReadAction\",\"target\":[\"https:\\\/\\\/www.venisecollection.com\\\/fr\\\/shop\\\/women\\\/sandale\\\/ja2822-sabotd-rocchetto-cu\"]}]},{\"@type\":\"ImageObject\",\"inLanguage\":\"fr-FR\",\"@id\":\"https:\\\/\\\/www.venisecollection.com\\\/fr\\\/shop\\\/women\\\/sandale\\\/ja2822-sabotd-rocchetto-cu#primaryimage\",\"url\":\"https:\\\/\\\/www.venisecollection.com\\\/cdn\\\/image-344.webp\",\"contentUrl\":\"https:\\\/\\\/www.venisecollection.com\\\/cdn\\\/image-344.webp\",\"width\":1280,\"height\":1588},{\"@type\":\"BreadcrumbList\",\"@id\":\"https:\\\/\\\/www.venisecollection.com\\\/fr\\\/shop\\\/women\\\/sandale\\\/ja2822-sabotd-rocchetto-cu#breadcrumb\",\"itemListElement\":[{\"@type\":\"ListItem\",\"position\":1,\"name\":\"Home\",\"item\":\"https:\\\/\\\/www.venisecollection.com\\\/fr\\\/boutique\"},{\"@type\":\"ListItem\",\"position\":2,\"name\":\"Accueil\",\"item\":\"https:\\\/\\\/www.venisecollection.com\\\/fr\\\/boutique\"},{\"@type\":\"ListItem\",\"position\":3,\"name\":\"JA2822 SABOTD ROCCHETTO CU\"}]},{\"@type\":\"WebSite\",\"@id\":\"https:\\\/\\\/www.venisecollection.com\\\/fr#website\",\"url\":\"https:\\\/\\\/www.venisecollection.com\\\/fr\",\"name\":\"VENISE COLLECTION\",\"description\":\"\",\"publisher\":{\"@id\":\"https:\\\/\\\/www.venisecollection.com\\\/fr#organization\"},\"potentialAction\":[{\"@type\":\"SearchAction\",\"target\":{\"@type\":\"EntryPoint\",\"urlTemplate\":\"https:\\\/\\\/www.venisecollection.com\\\/fr?s={search_term_string}\"},\"query-input\":{\"@type\":\"PropertyValueSpecification\",\"valueRequired\":true,\"valueName\":\"search_term_string\"}}],\"inLanguage\":\"fr-FR\"},{\"@type\":\"Organization\",\"@id\":\"https:\\\/\\\/www.venisecollection.com\\\/fr#organization\",\"name\":\"VENISE COLLECTION\",\"url\":\"https:\\\/\\\/www.venisecollection.com\\\/fr\",\"logo\":{\"@type\":\"ImageObject\",\"inLanguage\":\"fr-FR\",\"@id\":\"https:\\\/\\\/www.venisecollection.com\\\/fr#\\\/schema\\\/logo\\\/image\\\/\",\"url\":\"https:\\\/\\\/www.venisecollection.com\\\/cdn\\\/seo.png\",\"contentUrl\":\"https:\\\/\\\/www.venisecollection.com\\\/cdn\\\/seo.png\",\"width\":1080,\"height\":1080,\"caption\":\"VENISE COLLECTION\"},\"image\":{\"@id\":\"https:\\\/\\\/www.venisecollection.com\\\/fr#\\\/schema\\\/logo\\\/image\\\/\"},\"sameAs\":[\"https:\\\/\\\/www.instagram.com\\\/venisecollection\\\/\",\"https:\\\/\\\/fr.pinterest.com\\\/venisecollection\\\/\"]}]}<\/script>\n<!-- \/ Yoast SEO plugin. -->","yoast_head_json":{"title":"Sandales \u00e0 Talons LOVE MOSCHINO en Crochet Moutarde et Cr\u00e8me","robots":{"index":"index","follow":"follow","max-snippet":"max-snippet:-1","max-image-preview":"max-image-preview:large","max-video-preview":"max-video-preview:-1"},"canonical":"https:\/\/www.venisecollection.com\/fr\/shop\/women\/sandale\/ja2822-sabotd-rocchetto-cu","og_locale":"fr_FR","og_type":"article","og_title":"Sandales \u00e0 Talons LOVE MOSCHINO en Crochet Moutarde et Cr\u00e8me","og_description":"Incarnez la fra\u00eecheur estivale avec les mules \u00e0 talons Love Moschino Sabot Rocchetto. Ce mod\u00e8le se distingue par son empeigne en textile crochet\u00e9 affichant des tons chauds de moutarde, terre de Sienne et cr\u00e8me. Le talon bobine de 5,5 cm offre une stabilit\u00e9 parfaite et une silhouette \u00e9l\u00e9gante pour vos sorties ensoleill\u00e9es. Dot\u00e9es d&rsquo;une semelle &hellip;","og_url":"https:\/\/www.venisecollection.com\/fr\/shop\/women\/sandale\/ja2822-sabotd-rocchetto-cu","og_site_name":"VENISE COLLECTION","article_modified_time":"2026-05-12T13:38:30+00:00","og_image":[{"width":1280,"height":1588,"url":"https:\/\/www.venisecollection.com\/cdn\/image-344.webp","type":"image\/webp"}],"twitter_card":"summary_large_image","twitter_misc":{"Dur\u00e9e de lecture estim\u00e9e":"1 minute"},"schema":{"@context":"https:\/\/schema.org","@graph":[{"@type":"WebPage","@id":"https:\/\/www.venisecollection.com\/fr\/shop\/women\/sandale\/ja2822-sabotd-rocchetto-cu","url":"https:\/\/www.venisecollection.com\/fr\/shop\/women\/sandale\/ja2822-sabotd-rocchetto-cu","name":"Sandales \u00e0 Talons LOVE MOSCHINO en Crochet Moutarde et Cr\u00e8me","isPartOf":{"@id":"https:\/\/www.venisecollection.com\/fr#website"},"primaryImageOfPage":{"@id":"https:\/\/www.venisecollection.com\/fr\/shop\/women\/sandale\/ja2822-sabotd-rocchetto-cu#primaryimage"},"image":{"@id":"https:\/\/www.venisecollection.com\/fr\/shop\/women\/sandale\/ja2822-sabotd-rocchetto-cu#primaryimage"},"thumbnailUrl":"https:\/\/www.venisecollection.com\/cdn\/image-344.webp","datePublished":"2026-05-12T13:26:07+00:00","dateModified":"2026-05-12T13:38:30+00:00","breadcrumb":{"@id":"https:\/\/www.venisecollection.com\/fr\/shop\/women\/sandale\/ja2822-sabotd-rocchetto-cu#breadcrumb"},"inLanguage":"fr-FR","potentialAction":[{"@type":"ReadAction","target":["https:\/\/www.venisecollection.com\/fr\/shop\/women\/sandale\/ja2822-sabotd-rocchetto-cu"]}]},{"@type":"ImageObject","inLanguage":"fr-FR","@id":"https:\/\/www.venisecollection.com\/fr\/shop\/women\/sandale\/ja2822-sabotd-rocchetto-cu#primaryimage","url":"https:\/\/www.venisecollection.com\/cdn\/image-344.webp","contentUrl":"https:\/\/www.venisecollection.com\/cdn\/image-344.webp","width":1280,"height":1588},{"@type":"BreadcrumbList","@id":"https:\/\/www.venisecollection.com\/fr\/shop\/women\/sandale\/ja2822-sabotd-rocchetto-cu#breadcrumb","itemListElement":[{"@type":"ListItem","position":1,"name":"Home","item":"https:\/\/www.venisecollection.com\/fr\/boutique"},{"@type":"ListItem","position":2,"name":"Accueil","item":"https:\/\/www.venisecollection.com\/fr\/boutique"},{"@type":"ListItem","position":3,"name":"JA2822 SABOTD ROCCHETTO CU"}]},{"@type":"WebSite","@id":"https:\/\/www.venisecollection.com\/fr#website","url":"https:\/\/www.venisecollection.com\/fr","name":"VENISE COLLECTION","description":"","publisher":{"@id":"https:\/\/www.venisecollection.com\/fr#organization"},"potentialAction":[{"@type":"SearchAction","target":{"@type":"EntryPoint","urlTemplate":"https:\/\/www.venisecollection.com\/fr?s={search_term_string}"},"query-input":{"@type":"PropertyValueSpecification","valueRequired":true,"valueName":"search_term_string"}}],"inLanguage":"fr-FR"},{"@type":"Organization","@id":"https:\/\/www.venisecollection.com\/fr#organization","name":"VENISE COLLECTION","url":"https:\/\/www.venisecollection.com\/fr","logo":{"@type":"ImageObject","inLanguage":"fr-FR","@id":"https:\/\/www.venisecollection.com\/fr#\/schema\/logo\/image\/","url":"https:\/\/www.venisecollection.com\/cdn\/seo.png","contentUrl":"https:\/\/www.venisecollection.com\/cdn\/seo.png","width":1080,"height":1080,"caption":"VENISE COLLECTION"},"image":{"@id":"https:\/\/www.venisecollection.com\/fr#\/schema\/logo\/image\/"},"sameAs":["https:\/\/www.instagram.com\/venisecollection\/","https:\/\/fr.pinterest.com\/venisecollection\/"]}]}},"_links":{"self":[{"href":"https:\/\/www.venisecollection.com\/fr\/wp-json\/wp\/v2\/product\/27106","targetHints":{"allow":["GET"]}}],"collection":[{"href":"https:\/\/www.venisecollection.com\/fr\/wp-json\/wp\/v2\/product"}],"about":[{"href":"https:\/\/www.venisecollection.com\/fr\/wp-json\/wp\/v2\/types\/product"}],"wp:featuredmedia":[{"embeddable":true,"href":"https:\/\/www.venisecollection.com\/fr\/wp-json\/wp\/v2\/media\/27125"}],"wp:attachment":[{"href":"https:\/\/www.venisecollection.com\/fr\/wp-json\/wp\/v2\/media?parent=27106"}],"wp:term":[{"taxonomy":"product_brand","embeddable":true,"href":"https:\/\/www.venisecollection.com\/fr\/wp-json\/wp\/v2\/product_brand?post=27106"},{"taxonomy":"product_cat","embeddable":true,"href":"https:\/\/www.venisecollection.com\/fr\/wp-json\/wp\/v2\/product_cat?post=27106"},{"taxonomy":"product_tag","embeddable":true,"href":"https:\/\/www.venisecollection.com\/fr\/wp-json\/wp\/v2\/product_tag?post=27106"}],"curies":[{"name":"wp","href":"https:\/\/api.w.org\/{rel}","templated":true}]}}