{"id":4197,"date":"2025-11-20T16:23:04","date_gmt":"2025-11-20T16:23:04","guid":{"rendered":"https:\/\/www.venisecollection.com\/shop\/women\/non%20class\u00e9\/babie-connys-de-roberto-festa\/"},"modified":"2026-04-17T00:43:31","modified_gmt":"2026-04-17T00:43:31","slug":"babie-connys-de-roberto-festa","status":"publish","type":"product","link":"https:\/\/www.venisecollection.com\/fr\/shop\/women\/babies\/babie-connys-de-roberto-festa","title":{"rendered":"Babie CONNYS de Roberto festa"},"content":{"rendered":"<p style=\"text-align: justify;\" data-start=\"1217\" data-end=\"1642\">La Babie Roberto Festa CONNYS pour femme allie \u00e9l\u00e9gance et confort quotidien. Confectionn\u00e9e dans des mat\u00e9riaux italiens de qualit\u00e9 sup\u00e9rieure avec un motif TWEED \u00e0 carreaux noir et blanc, sa bride Mary Jane classique assure un ajustement s\u00fbr et f\u00e9minin. Id\u00e9ale pour les occasions formelles et semi-formelles, cette chaussure compl\u00e8te une vari\u00e9t\u00e9 de tenues tout en ajoutant une touche luxueuse \u00e0 votre style.  <\/p>\n","protected":false},"excerpt":{"rendered":"<p>La Babie Roberto Festa CONNYS pour femme allie \u00e9l\u00e9gance et confort quotidien. Confectionn\u00e9e dans des mat\u00e9riaux italiens de qualit\u00e9 sup\u00e9rieure avec un motif TWEED \u00e0 carreaux noir et blanc, sa bride Mary Jane classique assure un ajustement s\u00fbr et f\u00e9minin. Id\u00e9ale pour les occasions formelles et semi-formelles, cette chaussure compl\u00e8te une vari\u00e9t\u00e9 de tenues tout &hellip;<\/p>\n","protected":false},"featured_media":4193,"template":"","meta":[],"product_brand":[359],"product_cat":[102],"product_tag":[],"class_list":{"0":"post-4197","1":"product","2":"type-product","3":"status-publish","4":"has-post-thumbnail","6":"product_brand-roberto-festa","7":"product_cat-babies","9":"first","10":"instock","11":"shipping-taxable","12":"purchasable","13":"product-type-variable","14":"has-default-attributes"},"yoast_head":"<!-- This site is optimized with the Yoast SEO plugin v27.4 - https:\/\/yoast.com\/product\/yoast-seo-wordpress\/ -->\n<title>Babie CONNYS de Roberto festa - VENISE COLLECTION<\/title>\n<meta name=\"robots\" content=\"index, follow, max-snippet:-1, max-image-preview:large, max-video-preview:-1\" \/>\n<link rel=\"canonical\" href=\"https:\/\/www.venisecollection.com\/fr\/shop\/women\/babies\/babie-connys-de-roberto-festa\" \/>\n<meta property=\"og:locale\" content=\"fr_FR\" \/>\n<meta property=\"og:type\" content=\"article\" \/>\n<meta property=\"og:title\" content=\"Babie CONNYS de Roberto festa - VENISE COLLECTION\" \/>\n<meta property=\"og:description\" content=\"La Babie Roberto Festa CONNYS pour femme allie \u00e9l\u00e9gance et confort quotidien. Confectionn\u00e9e dans des mat\u00e9riaux italiens de qualit\u00e9 sup\u00e9rieure avec un motif TWEED \u00e0 carreaux noir et blanc, sa bride Mary Jane classique assure un ajustement s\u00fbr et f\u00e9minin. Id\u00e9ale pour les occasions formelles et semi-formelles, cette chaussure compl\u00e8te une vari\u00e9t\u00e9 de tenues tout &hellip;\" \/>\n<meta property=\"og:url\" content=\"https:\/\/www.venisecollection.com\/fr\/shop\/women\/babies\/babie-connys-de-roberto-festa\" \/>\n<meta property=\"og:site_name\" content=\"VENISE COLLECTION\" \/>\n<meta property=\"article:modified_time\" content=\"2026-04-17T00:43:31+00:00\" \/>\n<meta property=\"og:image\" content=\"https:\/\/www.venisecollection.com\/cdn\/image.psd-231.webp\" \/>\n\t<meta property=\"og:image:width\" content=\"1280\" \/>\n\t<meta property=\"og:image:height\" content=\"1588\" \/>\n\t<meta property=\"og:image:type\" content=\"image\/webp\" \/>\n<meta name=\"twitter:card\" content=\"summary_large_image\" \/>\n<script type=\"application\/ld+json\" class=\"yoast-schema-graph\">{\"@context\":\"https:\\\/\\\/schema.org\",\"@graph\":[{\"@type\":\"WebPage\",\"@id\":\"https:\\\/\\\/www.venisecollection.com\\\/fr\\\/shop\\\/women\\\/babies\\\/babie-connys-de-roberto-festa\",\"url\":\"https:\\\/\\\/www.venisecollection.com\\\/fr\\\/shop\\\/women\\\/babies\\\/babie-connys-de-roberto-festa\",\"name\":\"Babie CONNYS de Roberto festa - VENISE COLLECTION\",\"isPartOf\":{\"@id\":\"https:\\\/\\\/www.venisecollection.com\\\/fr#website\"},\"primaryImageOfPage\":{\"@id\":\"https:\\\/\\\/www.venisecollection.com\\\/fr\\\/shop\\\/women\\\/babies\\\/babie-connys-de-roberto-festa#primaryimage\"},\"image\":{\"@id\":\"https:\\\/\\\/www.venisecollection.com\\\/fr\\\/shop\\\/women\\\/babies\\\/babie-connys-de-roberto-festa#primaryimage\"},\"thumbnailUrl\":\"https:\\\/\\\/www.venisecollection.com\\\/cdn\\\/image.psd-231.webp\",\"datePublished\":\"2025-11-20T16:23:04+00:00\",\"dateModified\":\"2026-04-17T00:43:31+00:00\",\"breadcrumb\":{\"@id\":\"https:\\\/\\\/www.venisecollection.com\\\/fr\\\/shop\\\/women\\\/babies\\\/babie-connys-de-roberto-festa#breadcrumb\"},\"inLanguage\":\"fr-FR\",\"potentialAction\":[{\"@type\":\"ReadAction\",\"target\":[\"https:\\\/\\\/www.venisecollection.com\\\/fr\\\/shop\\\/women\\\/babies\\\/babie-connys-de-roberto-festa\"]}]},{\"@type\":\"ImageObject\",\"inLanguage\":\"fr-FR\",\"@id\":\"https:\\\/\\\/www.venisecollection.com\\\/fr\\\/shop\\\/women\\\/babies\\\/babie-connys-de-roberto-festa#primaryimage\",\"url\":\"https:\\\/\\\/www.venisecollection.com\\\/cdn\\\/image.psd-231.webp\",\"contentUrl\":\"https:\\\/\\\/www.venisecollection.com\\\/cdn\\\/image.psd-231.webp\",\"width\":1280,\"height\":1588},{\"@type\":\"BreadcrumbList\",\"@id\":\"https:\\\/\\\/www.venisecollection.com\\\/fr\\\/shop\\\/women\\\/babies\\\/babie-connys-de-roberto-festa#breadcrumb\",\"itemListElement\":[{\"@type\":\"ListItem\",\"position\":1,\"name\":\"Home\",\"item\":\"https:\\\/\\\/www.venisecollection.com\\\/fr\\\/boutique\"},{\"@type\":\"ListItem\",\"position\":2,\"name\":\"Accueil\",\"item\":\"https:\\\/\\\/www.venisecollection.com\\\/fr\\\/boutique\"},{\"@type\":\"ListItem\",\"position\":3,\"name\":\"Babie CONNYS de Roberto festa\"}]},{\"@type\":\"WebSite\",\"@id\":\"https:\\\/\\\/www.venisecollection.com\\\/fr#website\",\"url\":\"https:\\\/\\\/www.venisecollection.com\\\/fr\",\"name\":\"VENISE COLLECTION\",\"description\":\"\",\"publisher\":{\"@id\":\"https:\\\/\\\/www.venisecollection.com\\\/fr#organization\"},\"potentialAction\":[{\"@type\":\"SearchAction\",\"target\":{\"@type\":\"EntryPoint\",\"urlTemplate\":\"https:\\\/\\\/www.venisecollection.com\\\/fr?s={search_term_string}\"},\"query-input\":{\"@type\":\"PropertyValueSpecification\",\"valueRequired\":true,\"valueName\":\"search_term_string\"}}],\"inLanguage\":\"fr-FR\"},{\"@type\":\"Organization\",\"@id\":\"https:\\\/\\\/www.venisecollection.com\\\/fr#organization\",\"name\":\"VENISE COLLECTION\",\"url\":\"https:\\\/\\\/www.venisecollection.com\\\/fr\",\"logo\":{\"@type\":\"ImageObject\",\"inLanguage\":\"fr-FR\",\"@id\":\"https:\\\/\\\/www.venisecollection.com\\\/fr#\\\/schema\\\/logo\\\/image\\\/\",\"url\":\"https:\\\/\\\/www.venisecollection.com\\\/cdn\\\/seo.png\",\"contentUrl\":\"https:\\\/\\\/www.venisecollection.com\\\/cdn\\\/seo.png\",\"width\":1080,\"height\":1080,\"caption\":\"VENISE COLLECTION\"},\"image\":{\"@id\":\"https:\\\/\\\/www.venisecollection.com\\\/fr#\\\/schema\\\/logo\\\/image\\\/\"},\"sameAs\":[\"https:\\\/\\\/www.instagram.com\\\/venisecollection\\\/\",\"https:\\\/\\\/fr.pinterest.com\\\/venisecollection\\\/\"]}]}<\/script>\n<!-- \/ Yoast SEO plugin. -->","yoast_head_json":{"title":"Babie CONNYS de Roberto festa - VENISE COLLECTION","robots":{"index":"index","follow":"follow","max-snippet":"max-snippet:-1","max-image-preview":"max-image-preview:large","max-video-preview":"max-video-preview:-1"},"canonical":"https:\/\/www.venisecollection.com\/fr\/shop\/women\/babies\/babie-connys-de-roberto-festa","og_locale":"fr_FR","og_type":"article","og_title":"Babie CONNYS de Roberto festa - VENISE COLLECTION","og_description":"La Babie Roberto Festa CONNYS pour femme allie \u00e9l\u00e9gance et confort quotidien. Confectionn\u00e9e dans des mat\u00e9riaux italiens de qualit\u00e9 sup\u00e9rieure avec un motif TWEED \u00e0 carreaux noir et blanc, sa bride Mary Jane classique assure un ajustement s\u00fbr et f\u00e9minin. Id\u00e9ale pour les occasions formelles et semi-formelles, cette chaussure compl\u00e8te une vari\u00e9t\u00e9 de tenues tout &hellip;","og_url":"https:\/\/www.venisecollection.com\/fr\/shop\/women\/babies\/babie-connys-de-roberto-festa","og_site_name":"VENISE COLLECTION","article_modified_time":"2026-04-17T00:43:31+00:00","og_image":[{"width":1280,"height":1588,"url":"https:\/\/www.venisecollection.com\/cdn\/image.psd-231.webp","type":"image\/webp"}],"twitter_card":"summary_large_image","schema":{"@context":"https:\/\/schema.org","@graph":[{"@type":"WebPage","@id":"https:\/\/www.venisecollection.com\/fr\/shop\/women\/babies\/babie-connys-de-roberto-festa","url":"https:\/\/www.venisecollection.com\/fr\/shop\/women\/babies\/babie-connys-de-roberto-festa","name":"Babie CONNYS de Roberto festa - VENISE COLLECTION","isPartOf":{"@id":"https:\/\/www.venisecollection.com\/fr#website"},"primaryImageOfPage":{"@id":"https:\/\/www.venisecollection.com\/fr\/shop\/women\/babies\/babie-connys-de-roberto-festa#primaryimage"},"image":{"@id":"https:\/\/www.venisecollection.com\/fr\/shop\/women\/babies\/babie-connys-de-roberto-festa#primaryimage"},"thumbnailUrl":"https:\/\/www.venisecollection.com\/cdn\/image.psd-231.webp","datePublished":"2025-11-20T16:23:04+00:00","dateModified":"2026-04-17T00:43:31+00:00","breadcrumb":{"@id":"https:\/\/www.venisecollection.com\/fr\/shop\/women\/babies\/babie-connys-de-roberto-festa#breadcrumb"},"inLanguage":"fr-FR","potentialAction":[{"@type":"ReadAction","target":["https:\/\/www.venisecollection.com\/fr\/shop\/women\/babies\/babie-connys-de-roberto-festa"]}]},{"@type":"ImageObject","inLanguage":"fr-FR","@id":"https:\/\/www.venisecollection.com\/fr\/shop\/women\/babies\/babie-connys-de-roberto-festa#primaryimage","url":"https:\/\/www.venisecollection.com\/cdn\/image.psd-231.webp","contentUrl":"https:\/\/www.venisecollection.com\/cdn\/image.psd-231.webp","width":1280,"height":1588},{"@type":"BreadcrumbList","@id":"https:\/\/www.venisecollection.com\/fr\/shop\/women\/babies\/babie-connys-de-roberto-festa#breadcrumb","itemListElement":[{"@type":"ListItem","position":1,"name":"Home","item":"https:\/\/www.venisecollection.com\/fr\/boutique"},{"@type":"ListItem","position":2,"name":"Accueil","item":"https:\/\/www.venisecollection.com\/fr\/boutique"},{"@type":"ListItem","position":3,"name":"Babie CONNYS de Roberto festa"}]},{"@type":"WebSite","@id":"https:\/\/www.venisecollection.com\/fr#website","url":"https:\/\/www.venisecollection.com\/fr","name":"VENISE COLLECTION","description":"","publisher":{"@id":"https:\/\/www.venisecollection.com\/fr#organization"},"potentialAction":[{"@type":"SearchAction","target":{"@type":"EntryPoint","urlTemplate":"https:\/\/www.venisecollection.com\/fr?s={search_term_string}"},"query-input":{"@type":"PropertyValueSpecification","valueRequired":true,"valueName":"search_term_string"}}],"inLanguage":"fr-FR"},{"@type":"Organization","@id":"https:\/\/www.venisecollection.com\/fr#organization","name":"VENISE COLLECTION","url":"https:\/\/www.venisecollection.com\/fr","logo":{"@type":"ImageObject","inLanguage":"fr-FR","@id":"https:\/\/www.venisecollection.com\/fr#\/schema\/logo\/image\/","url":"https:\/\/www.venisecollection.com\/cdn\/seo.png","contentUrl":"https:\/\/www.venisecollection.com\/cdn\/seo.png","width":1080,"height":1080,"caption":"VENISE COLLECTION"},"image":{"@id":"https:\/\/www.venisecollection.com\/fr#\/schema\/logo\/image\/"},"sameAs":["https:\/\/www.instagram.com\/venisecollection\/","https:\/\/fr.pinterest.com\/venisecollection\/"]}]}},"_links":{"self":[{"href":"https:\/\/www.venisecollection.com\/fr\/wp-json\/wp\/v2\/product\/4197","targetHints":{"allow":["GET"]}}],"collection":[{"href":"https:\/\/www.venisecollection.com\/fr\/wp-json\/wp\/v2\/product"}],"about":[{"href":"https:\/\/www.venisecollection.com\/fr\/wp-json\/wp\/v2\/types\/product"}],"wp:featuredmedia":[{"embeddable":true,"href":"https:\/\/www.venisecollection.com\/fr\/wp-json\/wp\/v2\/media\/4193"}],"wp:attachment":[{"href":"https:\/\/www.venisecollection.com\/fr\/wp-json\/wp\/v2\/media?parent=4197"}],"wp:term":[{"taxonomy":"product_brand","embeddable":true,"href":"https:\/\/www.venisecollection.com\/fr\/wp-json\/wp\/v2\/product_brand?post=4197"},{"taxonomy":"product_cat","embeddable":true,"href":"https:\/\/www.venisecollection.com\/fr\/wp-json\/wp\/v2\/product_cat?post=4197"},{"taxonomy":"product_tag","embeddable":true,"href":"https:\/\/www.venisecollection.com\/fr\/wp-json\/wp\/v2\/product_tag?post=4197"}],"curies":[{"name":"wp","href":"https:\/\/api.w.org\/{rel}","templated":true}]}}