{"id":4219,"date":"2025-11-20T16:22:31","date_gmt":"2025-11-20T16:22:31","guid":{"rendered":"https:\/\/www.venisecollection.com\/shop\/women\/non%20class\u00e9\/elena-iachi-kaliko-green-tetris\/"},"modified":"2026-02-05T17:24:26","modified_gmt":"2026-02-05T17:24:26","slug":"elena-iachi-kaliko-green-tetris","status":"publish","type":"product","link":"https:\/\/www.venisecollection.com\/fr\/shop\/women\/ballerines\/elena-iachi-kaliko-green-tetris","title":{"rendered":"E3510 Green Tetris"},"content":{"rendered":"<p style=\"text-align: justify;\" data-start=\"1339\" data-end=\"1687\">La ballerine KALIKO GREEN TETRIS d&rsquo;ELENA IACHI est une pi\u00e8ce artistique unique pour femmes, confectionn\u00e9e \u00e0 partir d&rsquo;un tissu multicolore richement brod\u00e9, pr\u00e9sentant des motifs g\u00e9om\u00e9triques vibrants inspir\u00e9s du th\u00e8me embl\u00e9matique de Tetris. Son audacieuse combinaison de vert, rose, orange, violet et bleu fait de cette chaussure une v\u00e9ritable pi\u00e8ce ma\u00eetresse qui rehausse instantan\u00e9ment n&rsquo;importe quel look.<\/p>\n<p style=\"text-align: justify;\" data-start=\"1689\" data-end=\"1895\">La doublure en cuir v\u00e9ritable assure une sensation de douceur et de confort, tandis que la semelle en cuir de premi\u00e8re qualit\u00e9 avec un talon de 7 mm offre aisance et stabilit\u00e9, parfaites pour un usage quotidien, les promenades en ville ou les tenues d\u00e9contract\u00e9es raffin\u00e9es. Pour les femmes \u00e0 la recherche \u00e0 la fois de confort et d&rsquo;un design artistique remarquable, cette ballerine est un choix exceptionnel.<\/p>\n","protected":false},"excerpt":{"rendered":"<p>La ballerine KALIKO GREEN TETRIS d&rsquo;ELENA IACHI est une pi\u00e8ce artistique unique pour femmes, confectionn\u00e9e \u00e0 partir d&rsquo;un tissu multicolore richement brod\u00e9, pr\u00e9sentant des motifs g\u00e9om\u00e9triques vibrants inspir\u00e9s du th\u00e8me embl\u00e9matique de Tetris. Son audacieuse combinaison de vert, rose, orange, violet et bleu fait de cette chaussure une v\u00e9ritable pi\u00e8ce ma\u00eetresse qui rehausse instantan\u00e9ment n&rsquo;importe &hellip;<\/p>\n","protected":false},"featured_media":4215,"template":"","meta":[],"product_brand":[350],"product_cat":[103],"product_tag":[],"class_list":{"0":"post-4219","1":"product","2":"type-product","3":"status-publish","4":"has-post-thumbnail","6":"product_brand-elena-iachi","7":"product_cat-ballerines","9":"first","10":"instock","11":"shipping-taxable","12":"purchasable","13":"product-type-variable","14":"has-default-attributes"},"yoast_head":"<!-- This site is optimized with the Yoast SEO plugin v27.4 - https:\/\/yoast.com\/product\/yoast-seo-wordpress\/ -->\n<title>E3510 Green Tetris - VENISE COLLECTION<\/title>\n<meta name=\"robots\" content=\"index, follow, max-snippet:-1, max-image-preview:large, max-video-preview:-1\" \/>\n<link rel=\"canonical\" href=\"https:\/\/www.venisecollection.com\/fr\/shop\/women\/ballerines\/elena-iachi-kaliko-green-tetris\" \/>\n<meta property=\"og:locale\" content=\"fr_FR\" \/>\n<meta property=\"og:type\" content=\"article\" \/>\n<meta property=\"og:title\" content=\"E3510 Green Tetris - VENISE COLLECTION\" \/>\n<meta property=\"og:description\" content=\"La ballerine KALIKO GREEN TETRIS d&rsquo;ELENA IACHI est une pi\u00e8ce artistique unique pour femmes, confectionn\u00e9e \u00e0 partir d&rsquo;un tissu multicolore richement brod\u00e9, pr\u00e9sentant des motifs g\u00e9om\u00e9triques vibrants inspir\u00e9s du th\u00e8me embl\u00e9matique de Tetris. Son audacieuse combinaison de vert, rose, orange, violet et bleu fait de cette chaussure une v\u00e9ritable pi\u00e8ce ma\u00eetresse qui rehausse instantan\u00e9ment n&rsquo;importe &hellip;\" \/>\n<meta property=\"og:url\" content=\"https:\/\/www.venisecollection.com\/fr\/shop\/women\/ballerines\/elena-iachi-kaliko-green-tetris\" \/>\n<meta property=\"og:site_name\" content=\"VENISE COLLECTION\" \/>\n<meta property=\"article:modified_time\" content=\"2026-02-05T17:24:26+00:00\" \/>\n<meta property=\"og:image\" content=\"https:\/\/www.venisecollection.com\/cdn\/image.psd-217.webp\" \/>\n\t<meta property=\"og:image:width\" content=\"1280\" \/>\n\t<meta property=\"og:image:height\" content=\"1588\" \/>\n\t<meta property=\"og:image:type\" content=\"image\/webp\" \/>\n<meta name=\"twitter:card\" content=\"summary_large_image\" \/>\n<meta name=\"twitter:label1\" content=\"Dur\u00e9e de lecture estim\u00e9e\" \/>\n\t<meta name=\"twitter:data1\" content=\"1 minute\" \/>\n<script type=\"application\/ld+json\" class=\"yoast-schema-graph\">{\"@context\":\"https:\\\/\\\/schema.org\",\"@graph\":[{\"@type\":\"WebPage\",\"@id\":\"https:\\\/\\\/www.venisecollection.com\\\/fr\\\/shop\\\/women\\\/ballerines\\\/elena-iachi-kaliko-green-tetris\",\"url\":\"https:\\\/\\\/www.venisecollection.com\\\/fr\\\/shop\\\/women\\\/ballerines\\\/elena-iachi-kaliko-green-tetris\",\"name\":\"E3510 Green Tetris - VENISE COLLECTION\",\"isPartOf\":{\"@id\":\"https:\\\/\\\/www.venisecollection.com\\\/fr#website\"},\"primaryImageOfPage\":{\"@id\":\"https:\\\/\\\/www.venisecollection.com\\\/fr\\\/shop\\\/women\\\/ballerines\\\/elena-iachi-kaliko-green-tetris#primaryimage\"},\"image\":{\"@id\":\"https:\\\/\\\/www.venisecollection.com\\\/fr\\\/shop\\\/women\\\/ballerines\\\/elena-iachi-kaliko-green-tetris#primaryimage\"},\"thumbnailUrl\":\"https:\\\/\\\/www.venisecollection.com\\\/cdn\\\/image.psd-217.webp\",\"datePublished\":\"2025-11-20T16:22:31+00:00\",\"dateModified\":\"2026-02-05T17:24:26+00:00\",\"breadcrumb\":{\"@id\":\"https:\\\/\\\/www.venisecollection.com\\\/fr\\\/shop\\\/women\\\/ballerines\\\/elena-iachi-kaliko-green-tetris#breadcrumb\"},\"inLanguage\":\"fr-FR\",\"potentialAction\":[{\"@type\":\"ReadAction\",\"target\":[\"https:\\\/\\\/www.venisecollection.com\\\/fr\\\/shop\\\/women\\\/ballerines\\\/elena-iachi-kaliko-green-tetris\"]}]},{\"@type\":\"ImageObject\",\"inLanguage\":\"fr-FR\",\"@id\":\"https:\\\/\\\/www.venisecollection.com\\\/fr\\\/shop\\\/women\\\/ballerines\\\/elena-iachi-kaliko-green-tetris#primaryimage\",\"url\":\"https:\\\/\\\/www.venisecollection.com\\\/cdn\\\/image.psd-217.webp\",\"contentUrl\":\"https:\\\/\\\/www.venisecollection.com\\\/cdn\\\/image.psd-217.webp\",\"width\":1280,\"height\":1588},{\"@type\":\"BreadcrumbList\",\"@id\":\"https:\\\/\\\/www.venisecollection.com\\\/fr\\\/shop\\\/women\\\/ballerines\\\/elena-iachi-kaliko-green-tetris#breadcrumb\",\"itemListElement\":[{\"@type\":\"ListItem\",\"position\":1,\"name\":\"Home\",\"item\":\"https:\\\/\\\/www.venisecollection.com\\\/fr\\\/boutique\"},{\"@type\":\"ListItem\",\"position\":2,\"name\":\"Accueil\",\"item\":\"https:\\\/\\\/www.venisecollection.com\\\/fr\\\/boutique\"},{\"@type\":\"ListItem\",\"position\":3,\"name\":\"E3510 Green Tetris\"}]},{\"@type\":\"WebSite\",\"@id\":\"https:\\\/\\\/www.venisecollection.com\\\/fr#website\",\"url\":\"https:\\\/\\\/www.venisecollection.com\\\/fr\",\"name\":\"VENISE COLLECTION\",\"description\":\"\",\"publisher\":{\"@id\":\"https:\\\/\\\/www.venisecollection.com\\\/fr#organization\"},\"potentialAction\":[{\"@type\":\"SearchAction\",\"target\":{\"@type\":\"EntryPoint\",\"urlTemplate\":\"https:\\\/\\\/www.venisecollection.com\\\/fr?s={search_term_string}\"},\"query-input\":{\"@type\":\"PropertyValueSpecification\",\"valueRequired\":true,\"valueName\":\"search_term_string\"}}],\"inLanguage\":\"fr-FR\"},{\"@type\":\"Organization\",\"@id\":\"https:\\\/\\\/www.venisecollection.com\\\/fr#organization\",\"name\":\"VENISE COLLECTION\",\"url\":\"https:\\\/\\\/www.venisecollection.com\\\/fr\",\"logo\":{\"@type\":\"ImageObject\",\"inLanguage\":\"fr-FR\",\"@id\":\"https:\\\/\\\/www.venisecollection.com\\\/fr#\\\/schema\\\/logo\\\/image\\\/\",\"url\":\"https:\\\/\\\/www.venisecollection.com\\\/cdn\\\/seo.png\",\"contentUrl\":\"https:\\\/\\\/www.venisecollection.com\\\/cdn\\\/seo.png\",\"width\":1080,\"height\":1080,\"caption\":\"VENISE COLLECTION\"},\"image\":{\"@id\":\"https:\\\/\\\/www.venisecollection.com\\\/fr#\\\/schema\\\/logo\\\/image\\\/\"},\"sameAs\":[\"https:\\\/\\\/www.instagram.com\\\/venisecollection\\\/\",\"https:\\\/\\\/fr.pinterest.com\\\/venisecollection\\\/\"]}]}<\/script>\n<!-- \/ Yoast SEO plugin. -->","yoast_head_json":{"title":"E3510 Green Tetris - VENISE COLLECTION","robots":{"index":"index","follow":"follow","max-snippet":"max-snippet:-1","max-image-preview":"max-image-preview:large","max-video-preview":"max-video-preview:-1"},"canonical":"https:\/\/www.venisecollection.com\/fr\/shop\/women\/ballerines\/elena-iachi-kaliko-green-tetris","og_locale":"fr_FR","og_type":"article","og_title":"E3510 Green Tetris - VENISE COLLECTION","og_description":"La ballerine KALIKO GREEN TETRIS d&rsquo;ELENA IACHI est une pi\u00e8ce artistique unique pour femmes, confectionn\u00e9e \u00e0 partir d&rsquo;un tissu multicolore richement brod\u00e9, pr\u00e9sentant des motifs g\u00e9om\u00e9triques vibrants inspir\u00e9s du th\u00e8me embl\u00e9matique de Tetris. Son audacieuse combinaison de vert, rose, orange, violet et bleu fait de cette chaussure une v\u00e9ritable pi\u00e8ce ma\u00eetresse qui rehausse instantan\u00e9ment n&rsquo;importe &hellip;","og_url":"https:\/\/www.venisecollection.com\/fr\/shop\/women\/ballerines\/elena-iachi-kaliko-green-tetris","og_site_name":"VENISE COLLECTION","article_modified_time":"2026-02-05T17:24:26+00:00","og_image":[{"width":1280,"height":1588,"url":"https:\/\/www.venisecollection.com\/cdn\/image.psd-217.webp","type":"image\/webp"}],"twitter_card":"summary_large_image","twitter_misc":{"Dur\u00e9e de lecture estim\u00e9e":"1 minute"},"schema":{"@context":"https:\/\/schema.org","@graph":[{"@type":"WebPage","@id":"https:\/\/www.venisecollection.com\/fr\/shop\/women\/ballerines\/elena-iachi-kaliko-green-tetris","url":"https:\/\/www.venisecollection.com\/fr\/shop\/women\/ballerines\/elena-iachi-kaliko-green-tetris","name":"E3510 Green Tetris - VENISE COLLECTION","isPartOf":{"@id":"https:\/\/www.venisecollection.com\/fr#website"},"primaryImageOfPage":{"@id":"https:\/\/www.venisecollection.com\/fr\/shop\/women\/ballerines\/elena-iachi-kaliko-green-tetris#primaryimage"},"image":{"@id":"https:\/\/www.venisecollection.com\/fr\/shop\/women\/ballerines\/elena-iachi-kaliko-green-tetris#primaryimage"},"thumbnailUrl":"https:\/\/www.venisecollection.com\/cdn\/image.psd-217.webp","datePublished":"2025-11-20T16:22:31+00:00","dateModified":"2026-02-05T17:24:26+00:00","breadcrumb":{"@id":"https:\/\/www.venisecollection.com\/fr\/shop\/women\/ballerines\/elena-iachi-kaliko-green-tetris#breadcrumb"},"inLanguage":"fr-FR","potentialAction":[{"@type":"ReadAction","target":["https:\/\/www.venisecollection.com\/fr\/shop\/women\/ballerines\/elena-iachi-kaliko-green-tetris"]}]},{"@type":"ImageObject","inLanguage":"fr-FR","@id":"https:\/\/www.venisecollection.com\/fr\/shop\/women\/ballerines\/elena-iachi-kaliko-green-tetris#primaryimage","url":"https:\/\/www.venisecollection.com\/cdn\/image.psd-217.webp","contentUrl":"https:\/\/www.venisecollection.com\/cdn\/image.psd-217.webp","width":1280,"height":1588},{"@type":"BreadcrumbList","@id":"https:\/\/www.venisecollection.com\/fr\/shop\/women\/ballerines\/elena-iachi-kaliko-green-tetris#breadcrumb","itemListElement":[{"@type":"ListItem","position":1,"name":"Home","item":"https:\/\/www.venisecollection.com\/fr\/boutique"},{"@type":"ListItem","position":2,"name":"Accueil","item":"https:\/\/www.venisecollection.com\/fr\/boutique"},{"@type":"ListItem","position":3,"name":"E3510 Green Tetris"}]},{"@type":"WebSite","@id":"https:\/\/www.venisecollection.com\/fr#website","url":"https:\/\/www.venisecollection.com\/fr","name":"VENISE COLLECTION","description":"","publisher":{"@id":"https:\/\/www.venisecollection.com\/fr#organization"},"potentialAction":[{"@type":"SearchAction","target":{"@type":"EntryPoint","urlTemplate":"https:\/\/www.venisecollection.com\/fr?s={search_term_string}"},"query-input":{"@type":"PropertyValueSpecification","valueRequired":true,"valueName":"search_term_string"}}],"inLanguage":"fr-FR"},{"@type":"Organization","@id":"https:\/\/www.venisecollection.com\/fr#organization","name":"VENISE COLLECTION","url":"https:\/\/www.venisecollection.com\/fr","logo":{"@type":"ImageObject","inLanguage":"fr-FR","@id":"https:\/\/www.venisecollection.com\/fr#\/schema\/logo\/image\/","url":"https:\/\/www.venisecollection.com\/cdn\/seo.png","contentUrl":"https:\/\/www.venisecollection.com\/cdn\/seo.png","width":1080,"height":1080,"caption":"VENISE COLLECTION"},"image":{"@id":"https:\/\/www.venisecollection.com\/fr#\/schema\/logo\/image\/"},"sameAs":["https:\/\/www.instagram.com\/venisecollection\/","https:\/\/fr.pinterest.com\/venisecollection\/"]}]}},"_links":{"self":[{"href":"https:\/\/www.venisecollection.com\/fr\/wp-json\/wp\/v2\/product\/4219","targetHints":{"allow":["GET"]}}],"collection":[{"href":"https:\/\/www.venisecollection.com\/fr\/wp-json\/wp\/v2\/product"}],"about":[{"href":"https:\/\/www.venisecollection.com\/fr\/wp-json\/wp\/v2\/types\/product"}],"wp:featuredmedia":[{"embeddable":true,"href":"https:\/\/www.venisecollection.com\/fr\/wp-json\/wp\/v2\/media\/4215"}],"wp:attachment":[{"href":"https:\/\/www.venisecollection.com\/fr\/wp-json\/wp\/v2\/media?parent=4219"}],"wp:term":[{"taxonomy":"product_brand","embeddable":true,"href":"https:\/\/www.venisecollection.com\/fr\/wp-json\/wp\/v2\/product_brand?post=4219"},{"taxonomy":"product_cat","embeddable":true,"href":"https:\/\/www.venisecollection.com\/fr\/wp-json\/wp\/v2\/product_cat?post=4219"},{"taxonomy":"product_tag","embeddable":true,"href":"https:\/\/www.venisecollection.com\/fr\/wp-json\/wp\/v2\/product_tag?post=4219"}],"curies":[{"name":"wp","href":"https:\/\/api.w.org\/{rel}","templated":true}]}}