{"id":4230,"date":"2025-11-20T16:22:28","date_gmt":"2025-11-20T16:22:28","guid":{"rendered":"https:\/\/www.venisecollection.com\/shop\/women\/non%20class\u00e9\/bottes-noires-brillantes\/"},"modified":"2026-02-05T14:12:35","modified_gmt":"2026-02-05T14:12:35","slug":"bottes-noires-brillantes","status":"publish","type":"product","link":"https:\/\/www.venisecollection.com\/fr\/shop\/women\/bottes-hautes\/bottes-noires-brillantes","title":{"rendered":"G568BIS"},"content":{"rendered":"<p style=\"text-align: justify;\" data-start=\"1063\" data-end=\"1690\">Adoptez l&rsquo;\u00e9l\u00e9gance parisienne sophistiqu\u00e9e avec les bottes femme BOTTES NOIRES BRILLANTES. Confectionn\u00e9es en cuir verni noir v\u00e9ritable avec une doublure en cuir souple, ces bottes allient luxe, confort et style intemporel.<\/p>\n<p style=\"text-align: justify;\" data-start=\"1063\" data-end=\"1690\">La fermeture \u00e9clair lat\u00e9rale permet un enfilage sans effort, tandis que le talon de 4 cm assure un m\u00e9lange parfait de f\u00e9minit\u00e9 et de stabilit\u00e9. Avec une hauteur de tige de 37 cm et une coupe ajust\u00e9e, elles allongent magnifiquement la jambe, id\u00e9ales pour des looks raffin\u00e9s d&rsquo;automne et d&rsquo;hiver, des sorties en ville aux \u00e9v\u00e9nements du soir.<\/p>\n","protected":false},"excerpt":{"rendered":"<p>Adoptez l&rsquo;\u00e9l\u00e9gance parisienne sophistiqu\u00e9e avec les bottes femme BOTTES NOIRES BRILLANTES. Confectionn\u00e9es en cuir verni noir v\u00e9ritable avec une doublure en cuir souple, ces bottes allient luxe, confort et style intemporel. La fermeture \u00e9clair lat\u00e9rale permet un enfilage sans effort, tandis que le talon de 4 cm assure un m\u00e9lange parfait de f\u00e9minit\u00e9 et de &hellip;<\/p>\n","protected":false},"featured_media":4226,"template":"","meta":[],"product_brand":[356],"product_cat":[104],"product_tag":[],"class_list":{"0":"post-4230","1":"product","2":"type-product","3":"status-publish","4":"has-post-thumbnail","6":"product_brand-venise-collection","7":"product_cat-bottes-hautes","9":"first","10":"instock","11":"shipping-taxable","12":"purchasable","13":"product-type-variable","14":"has-default-attributes"},"yoast_head":"<!-- This site is optimized with the Yoast SEO plugin v27.4 - https:\/\/yoast.com\/product\/yoast-seo-wordpress\/ -->\n<title>G568BIS - VENISE COLLECTION<\/title>\n<meta name=\"robots\" content=\"index, follow, max-snippet:-1, max-image-preview:large, max-video-preview:-1\" \/>\n<link rel=\"canonical\" href=\"https:\/\/www.venisecollection.com\/fr\/shop\/women\/bottes-hautes\/bottes-noires-brillantes\" \/>\n<meta property=\"og:locale\" content=\"fr_FR\" \/>\n<meta property=\"og:type\" content=\"article\" \/>\n<meta property=\"og:title\" content=\"G568BIS - VENISE COLLECTION\" \/>\n<meta property=\"og:description\" content=\"Adoptez l&rsquo;\u00e9l\u00e9gance parisienne sophistiqu\u00e9e avec les bottes femme BOTTES NOIRES BRILLANTES. Confectionn\u00e9es en cuir verni noir v\u00e9ritable avec une doublure en cuir souple, ces bottes allient luxe, confort et style intemporel. La fermeture \u00e9clair lat\u00e9rale permet un enfilage sans effort, tandis que le talon de 4 cm assure un m\u00e9lange parfait de f\u00e9minit\u00e9 et de &hellip;\" \/>\n<meta property=\"og:url\" content=\"https:\/\/www.venisecollection.com\/fr\/shop\/women\/bottes-hautes\/bottes-noires-brillantes\" \/>\n<meta property=\"og:site_name\" content=\"VENISE COLLECTION\" \/>\n<meta property=\"article:modified_time\" content=\"2026-02-05T14:12:35+00:00\" \/>\n<meta property=\"og:image\" content=\"https:\/\/www.venisecollection.com\/cdn\/image-206.webp\" \/>\n\t<meta property=\"og:image:width\" content=\"1280\" \/>\n\t<meta property=\"og:image:height\" content=\"1588\" \/>\n\t<meta property=\"og:image:type\" content=\"image\/webp\" \/>\n<meta name=\"twitter:card\" content=\"summary_large_image\" \/>\n<meta name=\"twitter:label1\" content=\"Dur\u00e9e de lecture estim\u00e9e\" \/>\n\t<meta name=\"twitter:data1\" content=\"1 minute\" \/>\n<script type=\"application\/ld+json\" class=\"yoast-schema-graph\">{\"@context\":\"https:\\\/\\\/schema.org\",\"@graph\":[{\"@type\":\"WebPage\",\"@id\":\"https:\\\/\\\/www.venisecollection.com\\\/fr\\\/shop\\\/women\\\/bottes-hautes\\\/bottes-noires-brillantes\",\"url\":\"https:\\\/\\\/www.venisecollection.com\\\/fr\\\/shop\\\/women\\\/bottes-hautes\\\/bottes-noires-brillantes\",\"name\":\"G568BIS - VENISE COLLECTION\",\"isPartOf\":{\"@id\":\"https:\\\/\\\/www.venisecollection.com\\\/fr#website\"},\"primaryImageOfPage\":{\"@id\":\"https:\\\/\\\/www.venisecollection.com\\\/fr\\\/shop\\\/women\\\/bottes-hautes\\\/bottes-noires-brillantes#primaryimage\"},\"image\":{\"@id\":\"https:\\\/\\\/www.venisecollection.com\\\/fr\\\/shop\\\/women\\\/bottes-hautes\\\/bottes-noires-brillantes#primaryimage\"},\"thumbnailUrl\":\"https:\\\/\\\/www.venisecollection.com\\\/cdn\\\/image-206.webp\",\"datePublished\":\"2025-11-20T16:22:28+00:00\",\"dateModified\":\"2026-02-05T14:12:35+00:00\",\"breadcrumb\":{\"@id\":\"https:\\\/\\\/www.venisecollection.com\\\/fr\\\/shop\\\/women\\\/bottes-hautes\\\/bottes-noires-brillantes#breadcrumb\"},\"inLanguage\":\"fr-FR\",\"potentialAction\":[{\"@type\":\"ReadAction\",\"target\":[\"https:\\\/\\\/www.venisecollection.com\\\/fr\\\/shop\\\/women\\\/bottes-hautes\\\/bottes-noires-brillantes\"]}]},{\"@type\":\"ImageObject\",\"inLanguage\":\"fr-FR\",\"@id\":\"https:\\\/\\\/www.venisecollection.com\\\/fr\\\/shop\\\/women\\\/bottes-hautes\\\/bottes-noires-brillantes#primaryimage\",\"url\":\"https:\\\/\\\/www.venisecollection.com\\\/cdn\\\/image-206.webp\",\"contentUrl\":\"https:\\\/\\\/www.venisecollection.com\\\/cdn\\\/image-206.webp\",\"width\":1280,\"height\":1588},{\"@type\":\"BreadcrumbList\",\"@id\":\"https:\\\/\\\/www.venisecollection.com\\\/fr\\\/shop\\\/women\\\/bottes-hautes\\\/bottes-noires-brillantes#breadcrumb\",\"itemListElement\":[{\"@type\":\"ListItem\",\"position\":1,\"name\":\"Home\",\"item\":\"https:\\\/\\\/www.venisecollection.com\\\/fr\\\/boutique\"},{\"@type\":\"ListItem\",\"position\":2,\"name\":\"Accueil\",\"item\":\"https:\\\/\\\/www.venisecollection.com\\\/fr\\\/boutique\"},{\"@type\":\"ListItem\",\"position\":3,\"name\":\"G568BIS\"}]},{\"@type\":\"WebSite\",\"@id\":\"https:\\\/\\\/www.venisecollection.com\\\/fr#website\",\"url\":\"https:\\\/\\\/www.venisecollection.com\\\/fr\",\"name\":\"VENISE COLLECTION\",\"description\":\"\",\"publisher\":{\"@id\":\"https:\\\/\\\/www.venisecollection.com\\\/fr#organization\"},\"potentialAction\":[{\"@type\":\"SearchAction\",\"target\":{\"@type\":\"EntryPoint\",\"urlTemplate\":\"https:\\\/\\\/www.venisecollection.com\\\/fr?s={search_term_string}\"},\"query-input\":{\"@type\":\"PropertyValueSpecification\",\"valueRequired\":true,\"valueName\":\"search_term_string\"}}],\"inLanguage\":\"fr-FR\"},{\"@type\":\"Organization\",\"@id\":\"https:\\\/\\\/www.venisecollection.com\\\/fr#organization\",\"name\":\"VENISE COLLECTION\",\"url\":\"https:\\\/\\\/www.venisecollection.com\\\/fr\",\"logo\":{\"@type\":\"ImageObject\",\"inLanguage\":\"fr-FR\",\"@id\":\"https:\\\/\\\/www.venisecollection.com\\\/fr#\\\/schema\\\/logo\\\/image\\\/\",\"url\":\"https:\\\/\\\/www.venisecollection.com\\\/cdn\\\/seo.png\",\"contentUrl\":\"https:\\\/\\\/www.venisecollection.com\\\/cdn\\\/seo.png\",\"width\":1080,\"height\":1080,\"caption\":\"VENISE COLLECTION\"},\"image\":{\"@id\":\"https:\\\/\\\/www.venisecollection.com\\\/fr#\\\/schema\\\/logo\\\/image\\\/\"},\"sameAs\":[\"https:\\\/\\\/www.instagram.com\\\/venisecollection\\\/\",\"https:\\\/\\\/fr.pinterest.com\\\/venisecollection\\\/\"]}]}<\/script>\n<!-- \/ Yoast SEO plugin. -->","yoast_head_json":{"title":"G568BIS - VENISE COLLECTION","robots":{"index":"index","follow":"follow","max-snippet":"max-snippet:-1","max-image-preview":"max-image-preview:large","max-video-preview":"max-video-preview:-1"},"canonical":"https:\/\/www.venisecollection.com\/fr\/shop\/women\/bottes-hautes\/bottes-noires-brillantes","og_locale":"fr_FR","og_type":"article","og_title":"G568BIS - VENISE COLLECTION","og_description":"Adoptez l&rsquo;\u00e9l\u00e9gance parisienne sophistiqu\u00e9e avec les bottes femme BOTTES NOIRES BRILLANTES. Confectionn\u00e9es en cuir verni noir v\u00e9ritable avec une doublure en cuir souple, ces bottes allient luxe, confort et style intemporel. La fermeture \u00e9clair lat\u00e9rale permet un enfilage sans effort, tandis que le talon de 4 cm assure un m\u00e9lange parfait de f\u00e9minit\u00e9 et de &hellip;","og_url":"https:\/\/www.venisecollection.com\/fr\/shop\/women\/bottes-hautes\/bottes-noires-brillantes","og_site_name":"VENISE COLLECTION","article_modified_time":"2026-02-05T14:12:35+00:00","og_image":[{"width":1280,"height":1588,"url":"https:\/\/www.venisecollection.com\/cdn\/image-206.webp","type":"image\/webp"}],"twitter_card":"summary_large_image","twitter_misc":{"Dur\u00e9e de lecture estim\u00e9e":"1 minute"},"schema":{"@context":"https:\/\/schema.org","@graph":[{"@type":"WebPage","@id":"https:\/\/www.venisecollection.com\/fr\/shop\/women\/bottes-hautes\/bottes-noires-brillantes","url":"https:\/\/www.venisecollection.com\/fr\/shop\/women\/bottes-hautes\/bottes-noires-brillantes","name":"G568BIS - VENISE COLLECTION","isPartOf":{"@id":"https:\/\/www.venisecollection.com\/fr#website"},"primaryImageOfPage":{"@id":"https:\/\/www.venisecollection.com\/fr\/shop\/women\/bottes-hautes\/bottes-noires-brillantes#primaryimage"},"image":{"@id":"https:\/\/www.venisecollection.com\/fr\/shop\/women\/bottes-hautes\/bottes-noires-brillantes#primaryimage"},"thumbnailUrl":"https:\/\/www.venisecollection.com\/cdn\/image-206.webp","datePublished":"2025-11-20T16:22:28+00:00","dateModified":"2026-02-05T14:12:35+00:00","breadcrumb":{"@id":"https:\/\/www.venisecollection.com\/fr\/shop\/women\/bottes-hautes\/bottes-noires-brillantes#breadcrumb"},"inLanguage":"fr-FR","potentialAction":[{"@type":"ReadAction","target":["https:\/\/www.venisecollection.com\/fr\/shop\/women\/bottes-hautes\/bottes-noires-brillantes"]}]},{"@type":"ImageObject","inLanguage":"fr-FR","@id":"https:\/\/www.venisecollection.com\/fr\/shop\/women\/bottes-hautes\/bottes-noires-brillantes#primaryimage","url":"https:\/\/www.venisecollection.com\/cdn\/image-206.webp","contentUrl":"https:\/\/www.venisecollection.com\/cdn\/image-206.webp","width":1280,"height":1588},{"@type":"BreadcrumbList","@id":"https:\/\/www.venisecollection.com\/fr\/shop\/women\/bottes-hautes\/bottes-noires-brillantes#breadcrumb","itemListElement":[{"@type":"ListItem","position":1,"name":"Home","item":"https:\/\/www.venisecollection.com\/fr\/boutique"},{"@type":"ListItem","position":2,"name":"Accueil","item":"https:\/\/www.venisecollection.com\/fr\/boutique"},{"@type":"ListItem","position":3,"name":"G568BIS"}]},{"@type":"WebSite","@id":"https:\/\/www.venisecollection.com\/fr#website","url":"https:\/\/www.venisecollection.com\/fr","name":"VENISE COLLECTION","description":"","publisher":{"@id":"https:\/\/www.venisecollection.com\/fr#organization"},"potentialAction":[{"@type":"SearchAction","target":{"@type":"EntryPoint","urlTemplate":"https:\/\/www.venisecollection.com\/fr?s={search_term_string}"},"query-input":{"@type":"PropertyValueSpecification","valueRequired":true,"valueName":"search_term_string"}}],"inLanguage":"fr-FR"},{"@type":"Organization","@id":"https:\/\/www.venisecollection.com\/fr#organization","name":"VENISE COLLECTION","url":"https:\/\/www.venisecollection.com\/fr","logo":{"@type":"ImageObject","inLanguage":"fr-FR","@id":"https:\/\/www.venisecollection.com\/fr#\/schema\/logo\/image\/","url":"https:\/\/www.venisecollection.com\/cdn\/seo.png","contentUrl":"https:\/\/www.venisecollection.com\/cdn\/seo.png","width":1080,"height":1080,"caption":"VENISE COLLECTION"},"image":{"@id":"https:\/\/www.venisecollection.com\/fr#\/schema\/logo\/image\/"},"sameAs":["https:\/\/www.instagram.com\/venisecollection\/","https:\/\/fr.pinterest.com\/venisecollection\/"]}]}},"_links":{"self":[{"href":"https:\/\/www.venisecollection.com\/fr\/wp-json\/wp\/v2\/product\/4230","targetHints":{"allow":["GET"]}}],"collection":[{"href":"https:\/\/www.venisecollection.com\/fr\/wp-json\/wp\/v2\/product"}],"about":[{"href":"https:\/\/www.venisecollection.com\/fr\/wp-json\/wp\/v2\/types\/product"}],"wp:featuredmedia":[{"embeddable":true,"href":"https:\/\/www.venisecollection.com\/fr\/wp-json\/wp\/v2\/media\/4226"}],"wp:attachment":[{"href":"https:\/\/www.venisecollection.com\/fr\/wp-json\/wp\/v2\/media?parent=4230"}],"wp:term":[{"taxonomy":"product_brand","embeddable":true,"href":"https:\/\/www.venisecollection.com\/fr\/wp-json\/wp\/v2\/product_brand?post=4230"},{"taxonomy":"product_cat","embeddable":true,"href":"https:\/\/www.venisecollection.com\/fr\/wp-json\/wp\/v2\/product_cat?post=4230"},{"taxonomy":"product_tag","embeddable":true,"href":"https:\/\/www.venisecollection.com\/fr\/wp-json\/wp\/v2\/product_tag?post=4230"}],"curies":[{"name":"wp","href":"https:\/\/api.w.org\/{rel}","templated":true}]}}