{"id":4241,"date":"2025-11-20T16:22:26","date_gmt":"2025-11-20T16:22:26","guid":{"rendered":"https:\/\/www.venisecollection.com\/shop\/women\/non%20class\u00e9\/venise-catherine-jaguar-miele\/"},"modified":"2026-04-17T00:43:48","modified_gmt":"2026-04-17T00:43:48","slug":"venise-catherine-jaguar-miele","status":"publish","type":"product","link":"https:\/\/www.venisecollection.com\/fr\/shop\/women\/pompes\/venise-catherine-jaguar-miele","title":{"rendered":"VENISE CATHERINE JAGUAR MIELE"},"content":{"rendered":"<p style=\"text-align: justify;\" data-start=\"1425\" data-end=\"1920\">Adoptez un glamour intemporel avec l&rsquo;escarpin VENISE CATHERINE JAGUAR MIELE pour femmes de VENISE COLLECTION. Fabriqu\u00e9e en cuir de veau fa\u00e7on poulain avec un imprim\u00e9 jaguar couleur miel, cette chaussure \u00e9l\u00e9gante apporte sophistication et allure \u00e0 chaque pas. <\/p>\n<p style=\"text-align: justify;\" data-start=\"1425\" data-end=\"1920\">Son talon haut et sculpt\u00e9 allonge la silhouette, tandis que la conception ergonomique de la vo\u00fbte plantaire assure un confort durable. La doublure int\u00e9rieure en cuir am\u00e9liore la douceur et offre un ajustement luxueux, id\u00e9al pour une utilisation de jour comme de soir. <\/p>\n","protected":false},"excerpt":{"rendered":"<p>Adoptez un glamour intemporel avec l&rsquo;escarpin VENISE CATHERINE JAGUAR MIELE pour femmes de VENISE COLLECTION. Fabriqu\u00e9e en cuir de veau fa\u00e7on poulain avec un imprim\u00e9 jaguar couleur miel, cette chaussure \u00e9l\u00e9gante apporte sophistication et allure \u00e0 chaque pas. Son talon haut et sculpt\u00e9 allonge la silhouette, tandis que la conception ergonomique de la vo\u00fbte plantaire &hellip;<\/p>\n","protected":false},"featured_media":4237,"template":"","meta":[],"product_brand":[356],"product_cat":[105],"product_tag":[],"class_list":{"0":"post-4241","1":"product","2":"type-product","3":"status-publish","4":"has-post-thumbnail","6":"product_brand-venise-collection","7":"product_cat-pompes","9":"first","10":"instock","11":"shipping-taxable","12":"purchasable","13":"product-type-variable","14":"has-default-attributes"},"yoast_head":"<!-- This site is optimized with the Yoast SEO plugin v27.4 - https:\/\/yoast.com\/product\/yoast-seo-wordpress\/ -->\n<title>VENISE CATHERINE JAGUAR MIELE - VENISE COLLECTION<\/title>\n<meta name=\"robots\" content=\"index, follow, max-snippet:-1, max-image-preview:large, max-video-preview:-1\" \/>\n<link rel=\"canonical\" href=\"https:\/\/www.venisecollection.com\/fr\/shop\/women\/pompes\/venise-catherine-jaguar-miele\" \/>\n<meta property=\"og:locale\" content=\"fr_FR\" \/>\n<meta property=\"og:type\" content=\"article\" \/>\n<meta property=\"og:title\" content=\"VENISE CATHERINE JAGUAR MIELE - VENISE COLLECTION\" \/>\n<meta property=\"og:description\" content=\"Adoptez un glamour intemporel avec l&rsquo;escarpin VENISE CATHERINE JAGUAR MIELE pour femmes de VENISE COLLECTION. Fabriqu\u00e9e en cuir de veau fa\u00e7on poulain avec un imprim\u00e9 jaguar couleur miel, cette chaussure \u00e9l\u00e9gante apporte sophistication et allure \u00e0 chaque pas. Son talon haut et sculpt\u00e9 allonge la silhouette, tandis que la conception ergonomique de la vo\u00fbte plantaire &hellip;\" \/>\n<meta property=\"og:url\" content=\"https:\/\/www.venisecollection.com\/fr\/shop\/women\/pompes\/venise-catherine-jaguar-miele\" \/>\n<meta property=\"og:site_name\" content=\"VENISE COLLECTION\" \/>\n<meta property=\"article:modified_time\" content=\"2026-04-17T00:43:48+00:00\" \/>\n<meta property=\"og:image\" content=\"https:\/\/www.venisecollection.com\/cdn\/image-202.webp\" \/>\n\t<meta property=\"og:image:width\" content=\"1280\" \/>\n\t<meta property=\"og:image:height\" content=\"1588\" \/>\n\t<meta property=\"og:image:type\" content=\"image\/webp\" \/>\n<meta name=\"twitter:card\" content=\"summary_large_image\" \/>\n<script type=\"application\/ld+json\" class=\"yoast-schema-graph\">{\"@context\":\"https:\\\/\\\/schema.org\",\"@graph\":[{\"@type\":\"WebPage\",\"@id\":\"https:\\\/\\\/www.venisecollection.com\\\/fr\\\/shop\\\/women\\\/pompes\\\/venise-catherine-jaguar-miele\",\"url\":\"https:\\\/\\\/www.venisecollection.com\\\/fr\\\/shop\\\/women\\\/pompes\\\/venise-catherine-jaguar-miele\",\"name\":\"VENISE CATHERINE JAGUAR MIELE - VENISE COLLECTION\",\"isPartOf\":{\"@id\":\"https:\\\/\\\/www.venisecollection.com\\\/fr#website\"},\"primaryImageOfPage\":{\"@id\":\"https:\\\/\\\/www.venisecollection.com\\\/fr\\\/shop\\\/women\\\/pompes\\\/venise-catherine-jaguar-miele#primaryimage\"},\"image\":{\"@id\":\"https:\\\/\\\/www.venisecollection.com\\\/fr\\\/shop\\\/women\\\/pompes\\\/venise-catherine-jaguar-miele#primaryimage\"},\"thumbnailUrl\":\"https:\\\/\\\/www.venisecollection.com\\\/cdn\\\/image-202.webp\",\"datePublished\":\"2025-11-20T16:22:26+00:00\",\"dateModified\":\"2026-04-17T00:43:48+00:00\",\"breadcrumb\":{\"@id\":\"https:\\\/\\\/www.venisecollection.com\\\/fr\\\/shop\\\/women\\\/pompes\\\/venise-catherine-jaguar-miele#breadcrumb\"},\"inLanguage\":\"fr-FR\",\"potentialAction\":[{\"@type\":\"ReadAction\",\"target\":[\"https:\\\/\\\/www.venisecollection.com\\\/fr\\\/shop\\\/women\\\/pompes\\\/venise-catherine-jaguar-miele\"]}]},{\"@type\":\"ImageObject\",\"inLanguage\":\"fr-FR\",\"@id\":\"https:\\\/\\\/www.venisecollection.com\\\/fr\\\/shop\\\/women\\\/pompes\\\/venise-catherine-jaguar-miele#primaryimage\",\"url\":\"https:\\\/\\\/www.venisecollection.com\\\/cdn\\\/image-202.webp\",\"contentUrl\":\"https:\\\/\\\/www.venisecollection.com\\\/cdn\\\/image-202.webp\",\"width\":1280,\"height\":1588},{\"@type\":\"BreadcrumbList\",\"@id\":\"https:\\\/\\\/www.venisecollection.com\\\/fr\\\/shop\\\/women\\\/pompes\\\/venise-catherine-jaguar-miele#breadcrumb\",\"itemListElement\":[{\"@type\":\"ListItem\",\"position\":1,\"name\":\"Home\",\"item\":\"https:\\\/\\\/www.venisecollection.com\\\/fr\\\/boutique\"},{\"@type\":\"ListItem\",\"position\":2,\"name\":\"Accueil\",\"item\":\"https:\\\/\\\/www.venisecollection.com\\\/fr\\\/boutique\"},{\"@type\":\"ListItem\",\"position\":3,\"name\":\"VENISE CATHERINE JAGUAR MIELE\"}]},{\"@type\":\"WebSite\",\"@id\":\"https:\\\/\\\/www.venisecollection.com\\\/fr#website\",\"url\":\"https:\\\/\\\/www.venisecollection.com\\\/fr\",\"name\":\"VENISE COLLECTION\",\"description\":\"\",\"publisher\":{\"@id\":\"https:\\\/\\\/www.venisecollection.com\\\/fr#organization\"},\"potentialAction\":[{\"@type\":\"SearchAction\",\"target\":{\"@type\":\"EntryPoint\",\"urlTemplate\":\"https:\\\/\\\/www.venisecollection.com\\\/fr?s={search_term_string}\"},\"query-input\":{\"@type\":\"PropertyValueSpecification\",\"valueRequired\":true,\"valueName\":\"search_term_string\"}}],\"inLanguage\":\"fr-FR\"},{\"@type\":\"Organization\",\"@id\":\"https:\\\/\\\/www.venisecollection.com\\\/fr#organization\",\"name\":\"VENISE COLLECTION\",\"url\":\"https:\\\/\\\/www.venisecollection.com\\\/fr\",\"logo\":{\"@type\":\"ImageObject\",\"inLanguage\":\"fr-FR\",\"@id\":\"https:\\\/\\\/www.venisecollection.com\\\/fr#\\\/schema\\\/logo\\\/image\\\/\",\"url\":\"https:\\\/\\\/www.venisecollection.com\\\/cdn\\\/seo.png\",\"contentUrl\":\"https:\\\/\\\/www.venisecollection.com\\\/cdn\\\/seo.png\",\"width\":1080,\"height\":1080,\"caption\":\"VENISE COLLECTION\"},\"image\":{\"@id\":\"https:\\\/\\\/www.venisecollection.com\\\/fr#\\\/schema\\\/logo\\\/image\\\/\"},\"sameAs\":[\"https:\\\/\\\/www.instagram.com\\\/venisecollection\\\/\",\"https:\\\/\\\/fr.pinterest.com\\\/venisecollection\\\/\"]}]}<\/script>\n<!-- \/ Yoast SEO plugin. -->","yoast_head_json":{"title":"VENISE CATHERINE JAGUAR MIELE - VENISE COLLECTION","robots":{"index":"index","follow":"follow","max-snippet":"max-snippet:-1","max-image-preview":"max-image-preview:large","max-video-preview":"max-video-preview:-1"},"canonical":"https:\/\/www.venisecollection.com\/fr\/shop\/women\/pompes\/venise-catherine-jaguar-miele","og_locale":"fr_FR","og_type":"article","og_title":"VENISE CATHERINE JAGUAR MIELE - VENISE COLLECTION","og_description":"Adoptez un glamour intemporel avec l&rsquo;escarpin VENISE CATHERINE JAGUAR MIELE pour femmes de VENISE COLLECTION. Fabriqu\u00e9e en cuir de veau fa\u00e7on poulain avec un imprim\u00e9 jaguar couleur miel, cette chaussure \u00e9l\u00e9gante apporte sophistication et allure \u00e0 chaque pas. Son talon haut et sculpt\u00e9 allonge la silhouette, tandis que la conception ergonomique de la vo\u00fbte plantaire &hellip;","og_url":"https:\/\/www.venisecollection.com\/fr\/shop\/women\/pompes\/venise-catherine-jaguar-miele","og_site_name":"VENISE COLLECTION","article_modified_time":"2026-04-17T00:43:48+00:00","og_image":[{"width":1280,"height":1588,"url":"https:\/\/www.venisecollection.com\/cdn\/image-202.webp","type":"image\/webp"}],"twitter_card":"summary_large_image","schema":{"@context":"https:\/\/schema.org","@graph":[{"@type":"WebPage","@id":"https:\/\/www.venisecollection.com\/fr\/shop\/women\/pompes\/venise-catherine-jaguar-miele","url":"https:\/\/www.venisecollection.com\/fr\/shop\/women\/pompes\/venise-catherine-jaguar-miele","name":"VENISE CATHERINE JAGUAR MIELE - VENISE COLLECTION","isPartOf":{"@id":"https:\/\/www.venisecollection.com\/fr#website"},"primaryImageOfPage":{"@id":"https:\/\/www.venisecollection.com\/fr\/shop\/women\/pompes\/venise-catherine-jaguar-miele#primaryimage"},"image":{"@id":"https:\/\/www.venisecollection.com\/fr\/shop\/women\/pompes\/venise-catherine-jaguar-miele#primaryimage"},"thumbnailUrl":"https:\/\/www.venisecollection.com\/cdn\/image-202.webp","datePublished":"2025-11-20T16:22:26+00:00","dateModified":"2026-04-17T00:43:48+00:00","breadcrumb":{"@id":"https:\/\/www.venisecollection.com\/fr\/shop\/women\/pompes\/venise-catherine-jaguar-miele#breadcrumb"},"inLanguage":"fr-FR","potentialAction":[{"@type":"ReadAction","target":["https:\/\/www.venisecollection.com\/fr\/shop\/women\/pompes\/venise-catherine-jaguar-miele"]}]},{"@type":"ImageObject","inLanguage":"fr-FR","@id":"https:\/\/www.venisecollection.com\/fr\/shop\/women\/pompes\/venise-catherine-jaguar-miele#primaryimage","url":"https:\/\/www.venisecollection.com\/cdn\/image-202.webp","contentUrl":"https:\/\/www.venisecollection.com\/cdn\/image-202.webp","width":1280,"height":1588},{"@type":"BreadcrumbList","@id":"https:\/\/www.venisecollection.com\/fr\/shop\/women\/pompes\/venise-catherine-jaguar-miele#breadcrumb","itemListElement":[{"@type":"ListItem","position":1,"name":"Home","item":"https:\/\/www.venisecollection.com\/fr\/boutique"},{"@type":"ListItem","position":2,"name":"Accueil","item":"https:\/\/www.venisecollection.com\/fr\/boutique"},{"@type":"ListItem","position":3,"name":"VENISE CATHERINE JAGUAR MIELE"}]},{"@type":"WebSite","@id":"https:\/\/www.venisecollection.com\/fr#website","url":"https:\/\/www.venisecollection.com\/fr","name":"VENISE COLLECTION","description":"","publisher":{"@id":"https:\/\/www.venisecollection.com\/fr#organization"},"potentialAction":[{"@type":"SearchAction","target":{"@type":"EntryPoint","urlTemplate":"https:\/\/www.venisecollection.com\/fr?s={search_term_string}"},"query-input":{"@type":"PropertyValueSpecification","valueRequired":true,"valueName":"search_term_string"}}],"inLanguage":"fr-FR"},{"@type":"Organization","@id":"https:\/\/www.venisecollection.com\/fr#organization","name":"VENISE COLLECTION","url":"https:\/\/www.venisecollection.com\/fr","logo":{"@type":"ImageObject","inLanguage":"fr-FR","@id":"https:\/\/www.venisecollection.com\/fr#\/schema\/logo\/image\/","url":"https:\/\/www.venisecollection.com\/cdn\/seo.png","contentUrl":"https:\/\/www.venisecollection.com\/cdn\/seo.png","width":1080,"height":1080,"caption":"VENISE COLLECTION"},"image":{"@id":"https:\/\/www.venisecollection.com\/fr#\/schema\/logo\/image\/"},"sameAs":["https:\/\/www.instagram.com\/venisecollection\/","https:\/\/fr.pinterest.com\/venisecollection\/"]}]}},"_links":{"self":[{"href":"https:\/\/www.venisecollection.com\/fr\/wp-json\/wp\/v2\/product\/4241","targetHints":{"allow":["GET"]}}],"collection":[{"href":"https:\/\/www.venisecollection.com\/fr\/wp-json\/wp\/v2\/product"}],"about":[{"href":"https:\/\/www.venisecollection.com\/fr\/wp-json\/wp\/v2\/types\/product"}],"wp:featuredmedia":[{"embeddable":true,"href":"https:\/\/www.venisecollection.com\/fr\/wp-json\/wp\/v2\/media\/4237"}],"wp:attachment":[{"href":"https:\/\/www.venisecollection.com\/fr\/wp-json\/wp\/v2\/media?parent=4241"}],"wp:term":[{"taxonomy":"product_brand","embeddable":true,"href":"https:\/\/www.venisecollection.com\/fr\/wp-json\/wp\/v2\/product_brand?post=4241"},{"taxonomy":"product_cat","embeddable":true,"href":"https:\/\/www.venisecollection.com\/fr\/wp-json\/wp\/v2\/product_cat?post=4241"},{"taxonomy":"product_tag","embeddable":true,"href":"https:\/\/www.venisecollection.com\/fr\/wp-json\/wp\/v2\/product_tag?post=4241"}],"curies":[{"name":"wp","href":"https:\/\/api.w.org\/{rel}","templated":true}]}}