{"id":4297,"date":"2025-11-20T16:21:19","date_gmt":"2025-11-20T16:21:19","guid":{"rendered":"https:\/\/www.venisecollection.com\/shop\/women\/non%20class\u00e9\/lilly-camoscio-acero\/"},"modified":"2026-05-01T01:13:52","modified_gmt":"2026-05-01T01:13:52","slug":"lilly-camoscio-acero","status":"publish","type":"product","link":"https:\/\/www.venisecollection.com\/fr\/shop\/women\/pumps\/lilly-camoscio-acero","title":{"rendered":"LILLY CAMOSCIO ACERO"},"content":{"rendered":"<p style=\"text-align: justify;\" data-start=\"3752\" data-end=\"4078\">Le minimalisme moderne rencontre l&rsquo;\u00e9l\u00e9gance intemporelle dans le mod\u00e8le LILLY CAMOSCIO ACERO de VENISE COLLECTION. Confectionn\u00e9 en cuir su\u00e9d\u00e9 doux (Pelle Scamosciata) dans un ton gris argent\u00e9 raffin\u00e9, cet escarpin d\u00e9gage une sophistication sans effort. L&rsquo;ornement scintillant sur le devant ajoute une touche de glamour \u00e0 son design sobre.  <\/p>\n","protected":false},"excerpt":{"rendered":"<p>Le minimalisme moderne rencontre l&rsquo;\u00e9l\u00e9gance intemporelle dans le mod\u00e8le LILLY CAMOSCIO ACERO de VENISE COLLECTION. Confectionn\u00e9 en cuir su\u00e9d\u00e9 doux (Pelle Scamosciata) dans un ton gris argent\u00e9 raffin\u00e9, cet escarpin d\u00e9gage une sophistication sans effort. L&rsquo;ornement scintillant sur le devant ajoute une touche de glamour \u00e0 son design sobre.<\/p>\n","protected":false},"featured_media":4293,"template":"","meta":[],"product_brand":[69],"product_cat":[73],"product_tag":[],"class_list":{"0":"post-4297","1":"product","2":"type-product","3":"status-publish","4":"has-post-thumbnail","6":"product_brand-venise-collection","7":"product_cat-pumps","9":"first","10":"instock","11":"shipping-taxable","12":"purchasable","13":"product-type-variable","14":"has-default-attributes"},"yoast_head":"<!-- This site is optimized with the Yoast SEO plugin v27.5 - https:\/\/yoast.com\/product\/yoast-seo-wordpress\/ -->\n<title>LILLY CAMOSCIO ACERO - VENISE COLLECTION<\/title>\n<meta name=\"robots\" content=\"index, follow, max-snippet:-1, max-image-preview:large, max-video-preview:-1\" \/>\n<link rel=\"canonical\" href=\"https:\/\/www.venisecollection.com\/fr\/shop\/women\/pumps\/lilly-camoscio-acero\" \/>\n<meta property=\"og:locale\" content=\"fr_FR\" \/>\n<meta property=\"og:type\" content=\"article\" \/>\n<meta property=\"og:title\" content=\"LILLY CAMOSCIO ACERO - VENISE COLLECTION\" \/>\n<meta property=\"og:description\" content=\"Le minimalisme moderne rencontre l&rsquo;\u00e9l\u00e9gance intemporelle dans le mod\u00e8le LILLY CAMOSCIO ACERO de VENISE COLLECTION. Confectionn\u00e9 en cuir su\u00e9d\u00e9 doux (Pelle Scamosciata) dans un ton gris argent\u00e9 raffin\u00e9, cet escarpin d\u00e9gage une sophistication sans effort. L&rsquo;ornement scintillant sur le devant ajoute une touche de glamour \u00e0 son design sobre.\" \/>\n<meta property=\"og:url\" content=\"https:\/\/www.venisecollection.com\/fr\/shop\/women\/pumps\/lilly-camoscio-acero\" \/>\n<meta property=\"og:site_name\" content=\"VENISE COLLECTION\" \/>\n<meta property=\"article:modified_time\" content=\"2026-05-01T01:13:52+00:00\" \/>\n<meta property=\"og:image\" content=\"https:\/\/www.venisecollection.com\/cdn\/image-181.webp\" \/>\n\t<meta property=\"og:image:width\" content=\"1280\" \/>\n\t<meta property=\"og:image:height\" content=\"1588\" \/>\n\t<meta property=\"og:image:type\" content=\"image\/webp\" \/>\n<meta name=\"twitter:card\" content=\"summary_large_image\" \/>\n<script type=\"application\/ld+json\" class=\"yoast-schema-graph\">{\"@context\":\"https:\\\/\\\/schema.org\",\"@graph\":[{\"@type\":\"WebPage\",\"@id\":\"https:\\\/\\\/www.venisecollection.com\\\/fr\\\/shop\\\/women\\\/pumps\\\/lilly-camoscio-acero\",\"url\":\"https:\\\/\\\/www.venisecollection.com\\\/fr\\\/shop\\\/women\\\/pumps\\\/lilly-camoscio-acero\",\"name\":\"LILLY CAMOSCIO ACERO - VENISE COLLECTION\",\"isPartOf\":{\"@id\":\"https:\\\/\\\/www.venisecollection.com\\\/fr#website\"},\"primaryImageOfPage\":{\"@id\":\"https:\\\/\\\/www.venisecollection.com\\\/fr\\\/shop\\\/women\\\/pumps\\\/lilly-camoscio-acero#primaryimage\"},\"image\":{\"@id\":\"https:\\\/\\\/www.venisecollection.com\\\/fr\\\/shop\\\/women\\\/pumps\\\/lilly-camoscio-acero#primaryimage\"},\"thumbnailUrl\":\"https:\\\/\\\/www.venisecollection.com\\\/cdn\\\/image-181.webp\",\"datePublished\":\"2025-11-20T16:21:19+00:00\",\"dateModified\":\"2026-05-01T01:13:52+00:00\",\"breadcrumb\":{\"@id\":\"https:\\\/\\\/www.venisecollection.com\\\/fr\\\/shop\\\/women\\\/pumps\\\/lilly-camoscio-acero#breadcrumb\"},\"inLanguage\":\"fr-FR\",\"potentialAction\":[{\"@type\":\"ReadAction\",\"target\":[\"https:\\\/\\\/www.venisecollection.com\\\/fr\\\/shop\\\/women\\\/pumps\\\/lilly-camoscio-acero\"]}]},{\"@type\":\"ImageObject\",\"inLanguage\":\"fr-FR\",\"@id\":\"https:\\\/\\\/www.venisecollection.com\\\/fr\\\/shop\\\/women\\\/pumps\\\/lilly-camoscio-acero#primaryimage\",\"url\":\"https:\\\/\\\/www.venisecollection.com\\\/cdn\\\/image-181.webp\",\"contentUrl\":\"https:\\\/\\\/www.venisecollection.com\\\/cdn\\\/image-181.webp\",\"width\":1280,\"height\":1588},{\"@type\":\"BreadcrumbList\",\"@id\":\"https:\\\/\\\/www.venisecollection.com\\\/fr\\\/shop\\\/women\\\/pumps\\\/lilly-camoscio-acero#breadcrumb\",\"itemListElement\":[{\"@type\":\"ListItem\",\"position\":1,\"name\":\"Home\",\"item\":\"https:\\\/\\\/www.venisecollection.com\\\/fr\\\/boutique\"},{\"@type\":\"ListItem\",\"position\":2,\"name\":\"Accueil\",\"item\":\"https:\\\/\\\/www.venisecollection.com\\\/fr\\\/boutique\"},{\"@type\":\"ListItem\",\"position\":3,\"name\":\"LILLY CAMOSCIO ACERO\"}]},{\"@type\":\"WebSite\",\"@id\":\"https:\\\/\\\/www.venisecollection.com\\\/fr#website\",\"url\":\"https:\\\/\\\/www.venisecollection.com\\\/fr\",\"name\":\"VENISE COLLECTION\",\"description\":\"\",\"publisher\":{\"@id\":\"https:\\\/\\\/www.venisecollection.com\\\/fr#organization\"},\"potentialAction\":[{\"@type\":\"SearchAction\",\"target\":{\"@type\":\"EntryPoint\",\"urlTemplate\":\"https:\\\/\\\/www.venisecollection.com\\\/fr?s={search_term_string}\"},\"query-input\":{\"@type\":\"PropertyValueSpecification\",\"valueRequired\":true,\"valueName\":\"search_term_string\"}}],\"inLanguage\":\"fr-FR\"},{\"@type\":\"Organization\",\"@id\":\"https:\\\/\\\/www.venisecollection.com\\\/fr#organization\",\"name\":\"VENISE COLLECTION\",\"url\":\"https:\\\/\\\/www.venisecollection.com\\\/fr\",\"logo\":{\"@type\":\"ImageObject\",\"inLanguage\":\"fr-FR\",\"@id\":\"https:\\\/\\\/www.venisecollection.com\\\/fr#\\\/schema\\\/logo\\\/image\\\/\",\"url\":\"https:\\\/\\\/www.venisecollection.com\\\/cdn\\\/seo.png\",\"contentUrl\":\"https:\\\/\\\/www.venisecollection.com\\\/cdn\\\/seo.png\",\"width\":1080,\"height\":1080,\"caption\":\"VENISE COLLECTION\"},\"image\":{\"@id\":\"https:\\\/\\\/www.venisecollection.com\\\/fr#\\\/schema\\\/logo\\\/image\\\/\"},\"sameAs\":[\"https:\\\/\\\/www.instagram.com\\\/venisecollection\\\/\",\"https:\\\/\\\/fr.pinterest.com\\\/venisecollection\\\/\"]}]}<\/script>\n<!-- \/ Yoast SEO plugin. -->","yoast_head_json":{"title":"LILLY CAMOSCIO ACERO - VENISE COLLECTION","robots":{"index":"index","follow":"follow","max-snippet":"max-snippet:-1","max-image-preview":"max-image-preview:large","max-video-preview":"max-video-preview:-1"},"canonical":"https:\/\/www.venisecollection.com\/fr\/shop\/women\/pumps\/lilly-camoscio-acero","og_locale":"fr_FR","og_type":"article","og_title":"LILLY CAMOSCIO ACERO - VENISE COLLECTION","og_description":"Le minimalisme moderne rencontre l&rsquo;\u00e9l\u00e9gance intemporelle dans le mod\u00e8le LILLY CAMOSCIO ACERO de VENISE COLLECTION. Confectionn\u00e9 en cuir su\u00e9d\u00e9 doux (Pelle Scamosciata) dans un ton gris argent\u00e9 raffin\u00e9, cet escarpin d\u00e9gage une sophistication sans effort. L&rsquo;ornement scintillant sur le devant ajoute une touche de glamour \u00e0 son design sobre.","og_url":"https:\/\/www.venisecollection.com\/fr\/shop\/women\/pumps\/lilly-camoscio-acero","og_site_name":"VENISE COLLECTION","article_modified_time":"2026-05-01T01:13:52+00:00","og_image":[{"width":1280,"height":1588,"url":"https:\/\/www.venisecollection.com\/cdn\/image-181.webp","type":"image\/webp"}],"twitter_card":"summary_large_image","schema":{"@context":"https:\/\/schema.org","@graph":[{"@type":"WebPage","@id":"https:\/\/www.venisecollection.com\/fr\/shop\/women\/pumps\/lilly-camoscio-acero","url":"https:\/\/www.venisecollection.com\/fr\/shop\/women\/pumps\/lilly-camoscio-acero","name":"LILLY CAMOSCIO ACERO - VENISE COLLECTION","isPartOf":{"@id":"https:\/\/www.venisecollection.com\/fr#website"},"primaryImageOfPage":{"@id":"https:\/\/www.venisecollection.com\/fr\/shop\/women\/pumps\/lilly-camoscio-acero#primaryimage"},"image":{"@id":"https:\/\/www.venisecollection.com\/fr\/shop\/women\/pumps\/lilly-camoscio-acero#primaryimage"},"thumbnailUrl":"https:\/\/www.venisecollection.com\/cdn\/image-181.webp","datePublished":"2025-11-20T16:21:19+00:00","dateModified":"2026-05-01T01:13:52+00:00","breadcrumb":{"@id":"https:\/\/www.venisecollection.com\/fr\/shop\/women\/pumps\/lilly-camoscio-acero#breadcrumb"},"inLanguage":"fr-FR","potentialAction":[{"@type":"ReadAction","target":["https:\/\/www.venisecollection.com\/fr\/shop\/women\/pumps\/lilly-camoscio-acero"]}]},{"@type":"ImageObject","inLanguage":"fr-FR","@id":"https:\/\/www.venisecollection.com\/fr\/shop\/women\/pumps\/lilly-camoscio-acero#primaryimage","url":"https:\/\/www.venisecollection.com\/cdn\/image-181.webp","contentUrl":"https:\/\/www.venisecollection.com\/cdn\/image-181.webp","width":1280,"height":1588},{"@type":"BreadcrumbList","@id":"https:\/\/www.venisecollection.com\/fr\/shop\/women\/pumps\/lilly-camoscio-acero#breadcrumb","itemListElement":[{"@type":"ListItem","position":1,"name":"Home","item":"https:\/\/www.venisecollection.com\/fr\/boutique"},{"@type":"ListItem","position":2,"name":"Accueil","item":"https:\/\/www.venisecollection.com\/fr\/boutique"},{"@type":"ListItem","position":3,"name":"LILLY CAMOSCIO ACERO"}]},{"@type":"WebSite","@id":"https:\/\/www.venisecollection.com\/fr#website","url":"https:\/\/www.venisecollection.com\/fr","name":"VENISE COLLECTION","description":"","publisher":{"@id":"https:\/\/www.venisecollection.com\/fr#organization"},"potentialAction":[{"@type":"SearchAction","target":{"@type":"EntryPoint","urlTemplate":"https:\/\/www.venisecollection.com\/fr?s={search_term_string}"},"query-input":{"@type":"PropertyValueSpecification","valueRequired":true,"valueName":"search_term_string"}}],"inLanguage":"fr-FR"},{"@type":"Organization","@id":"https:\/\/www.venisecollection.com\/fr#organization","name":"VENISE COLLECTION","url":"https:\/\/www.venisecollection.com\/fr","logo":{"@type":"ImageObject","inLanguage":"fr-FR","@id":"https:\/\/www.venisecollection.com\/fr#\/schema\/logo\/image\/","url":"https:\/\/www.venisecollection.com\/cdn\/seo.png","contentUrl":"https:\/\/www.venisecollection.com\/cdn\/seo.png","width":1080,"height":1080,"caption":"VENISE COLLECTION"},"image":{"@id":"https:\/\/www.venisecollection.com\/fr#\/schema\/logo\/image\/"},"sameAs":["https:\/\/www.instagram.com\/venisecollection\/","https:\/\/fr.pinterest.com\/venisecollection\/"]}]}},"_links":{"self":[{"href":"https:\/\/www.venisecollection.com\/fr\/wp-json\/wp\/v2\/product\/4297","targetHints":{"allow":["GET"]}}],"collection":[{"href":"https:\/\/www.venisecollection.com\/fr\/wp-json\/wp\/v2\/product"}],"about":[{"href":"https:\/\/www.venisecollection.com\/fr\/wp-json\/wp\/v2\/types\/product"}],"wp:featuredmedia":[{"embeddable":true,"href":"https:\/\/www.venisecollection.com\/fr\/wp-json\/wp\/v2\/media\/4293"}],"wp:attachment":[{"href":"https:\/\/www.venisecollection.com\/fr\/wp-json\/wp\/v2\/media?parent=4297"}],"wp:term":[{"taxonomy":"product_brand","embeddable":true,"href":"https:\/\/www.venisecollection.com\/fr\/wp-json\/wp\/v2\/product_brand?post=4297"},{"taxonomy":"product_cat","embeddable":true,"href":"https:\/\/www.venisecollection.com\/fr\/wp-json\/wp\/v2\/product_cat?post=4297"},{"taxonomy":"product_tag","embeddable":true,"href":"https:\/\/www.venisecollection.com\/fr\/wp-json\/wp\/v2\/product_tag?post=4297"}],"curies":[{"name":"wp","href":"https:\/\/api.w.org\/{rel}","templated":true}]}}