{"id":4359,"date":"2025-11-20T16:20:11","date_gmt":"2025-11-20T16:20:11","guid":{"rendered":"https:\/\/www.venisecollection.com\/shop\/women\/non%20class\u00e9\/roberto-festa-commy-nappa-creme\/"},"modified":"2025-12-26T15:07:34","modified_gmt":"2025-12-26T15:07:34","slug":"roberto-festa-commy-nappa-creme","status":"publish","type":"product","link":"https:\/\/www.venisecollection.com\/fr\/shop\/women\/bottes\/roberto-festa-commy-nappa-creme","title":{"rendered":"ROBERTO FESTA COMMY NAPPA CR\u00c8ME"},"content":{"rendered":"<p style=\"text-align: justify;\" data-start=\"1095\" data-end=\"1738\">Les bottes pour femmes ROBERTO FESTA COMMY NAPPA CR\u00c8ME sont confectionn\u00e9es en cuir nappa de premi\u00e8re qualit\u00e9 dans un \u00e9l\u00e9gant ton cr\u00e8me, mettant en valeur un savoir-faire italien raffin\u00e9. Con\u00e7ues avec un talon de 8 cm et une fermeture \u00e9clair lat\u00e9rale pratique, ces bottes offrent \u00e0 la fois sophistication et confort. <\/p>\n<p style=\"text-align: justify;\" data-start=\"1095\" data-end=\"1738\">Leur couleur cr\u00e8me neutre rehausse n&rsquo;importe quelle tenue, des manteaux d&rsquo;hiver chics aux robes minimalistes, ce qui en fait une pi\u00e8ce essentielle dans toute garde-robe moderne. Parfaites pour un usage quotidien et les occasions sp\u00e9ciales, elles incarnent le style italien intemporel avec une touche contemporaine. <\/p>\n","protected":false},"excerpt":{"rendered":"<p>Les bottes pour femmes ROBERTO FESTA COMMY NAPPA CR\u00c8ME sont confectionn\u00e9es en cuir nappa de premi\u00e8re qualit\u00e9 dans un \u00e9l\u00e9gant ton cr\u00e8me, mettant en valeur un savoir-faire italien raffin\u00e9. Con\u00e7ues avec un talon de 8 cm et une fermeture \u00e9clair lat\u00e9rale pratique, ces bottes offrent \u00e0 la fois sophistication et confort. Leur couleur cr\u00e8me neutre &hellip;<\/p>\n","protected":false},"featured_media":4355,"template":"","meta":[],"product_brand":[359],"product_cat":[109],"product_tag":[],"class_list":{"0":"post-4359","1":"product","2":"type-product","3":"status-publish","4":"has-post-thumbnail","6":"product_brand-roberto-festa","7":"product_cat-bottes","9":"first","10":"outofstock","11":"shipping-taxable","12":"product-type-variable"},"yoast_head":"<!-- This site is optimized with the Yoast SEO plugin v27.4 - https:\/\/yoast.com\/product\/yoast-seo-wordpress\/ -->\n<title>ROBERTO FESTA COMMY NAPPA CR\u00c8ME - VENISE COLLECTION<\/title>\n<meta name=\"robots\" content=\"index, follow, max-snippet:-1, max-image-preview:large, max-video-preview:-1\" \/>\n<link rel=\"canonical\" href=\"https:\/\/www.venisecollection.com\/fr\/shop\/women\/bottes\/roberto-festa-commy-nappa-creme\" \/>\n<meta property=\"og:locale\" content=\"fr_FR\" \/>\n<meta property=\"og:type\" content=\"article\" \/>\n<meta property=\"og:title\" content=\"ROBERTO FESTA COMMY NAPPA CR\u00c8ME - VENISE COLLECTION\" \/>\n<meta property=\"og:description\" content=\"Les bottes pour femmes ROBERTO FESTA COMMY NAPPA CR\u00c8ME sont confectionn\u00e9es en cuir nappa de premi\u00e8re qualit\u00e9 dans un \u00e9l\u00e9gant ton cr\u00e8me, mettant en valeur un savoir-faire italien raffin\u00e9. Con\u00e7ues avec un talon de 8 cm et une fermeture \u00e9clair lat\u00e9rale pratique, ces bottes offrent \u00e0 la fois sophistication et confort. Leur couleur cr\u00e8me neutre &hellip;\" \/>\n<meta property=\"og:url\" content=\"https:\/\/www.venisecollection.com\/fr\/shop\/women\/bottes\/roberto-festa-commy-nappa-creme\" \/>\n<meta property=\"og:site_name\" content=\"VENISE COLLECTION\" \/>\n<meta property=\"article:modified_time\" content=\"2025-12-26T15:07:34+00:00\" \/>\n<meta property=\"og:image\" content=\"https:\/\/www.venisecollection.com\/cdn\/image-162.webp\" \/>\n\t<meta property=\"og:image:width\" content=\"1280\" \/>\n\t<meta property=\"og:image:height\" content=\"1588\" \/>\n\t<meta property=\"og:image:type\" content=\"image\/webp\" \/>\n<meta name=\"twitter:card\" content=\"summary_large_image\" \/>\n<meta name=\"twitter:label1\" content=\"Dur\u00e9e de lecture estim\u00e9e\" \/>\n\t<meta name=\"twitter:data1\" content=\"1 minute\" \/>\n<script type=\"application\/ld+json\" class=\"yoast-schema-graph\">{\"@context\":\"https:\\\/\\\/schema.org\",\"@graph\":[{\"@type\":\"WebPage\",\"@id\":\"https:\\\/\\\/www.venisecollection.com\\\/fr\\\/shop\\\/women\\\/bottes\\\/roberto-festa-commy-nappa-creme\",\"url\":\"https:\\\/\\\/www.venisecollection.com\\\/fr\\\/shop\\\/women\\\/bottes\\\/roberto-festa-commy-nappa-creme\",\"name\":\"ROBERTO FESTA COMMY NAPPA CR\u00c8ME - VENISE COLLECTION\",\"isPartOf\":{\"@id\":\"https:\\\/\\\/www.venisecollection.com\\\/fr#website\"},\"primaryImageOfPage\":{\"@id\":\"https:\\\/\\\/www.venisecollection.com\\\/fr\\\/shop\\\/women\\\/bottes\\\/roberto-festa-commy-nappa-creme#primaryimage\"},\"image\":{\"@id\":\"https:\\\/\\\/www.venisecollection.com\\\/fr\\\/shop\\\/women\\\/bottes\\\/roberto-festa-commy-nappa-creme#primaryimage\"},\"thumbnailUrl\":\"https:\\\/\\\/www.venisecollection.com\\\/cdn\\\/image-162.webp\",\"datePublished\":\"2025-11-20T16:20:11+00:00\",\"dateModified\":\"2025-12-26T15:07:34+00:00\",\"breadcrumb\":{\"@id\":\"https:\\\/\\\/www.venisecollection.com\\\/fr\\\/shop\\\/women\\\/bottes\\\/roberto-festa-commy-nappa-creme#breadcrumb\"},\"inLanguage\":\"fr-FR\",\"potentialAction\":[{\"@type\":\"ReadAction\",\"target\":[\"https:\\\/\\\/www.venisecollection.com\\\/fr\\\/shop\\\/women\\\/bottes\\\/roberto-festa-commy-nappa-creme\"]}]},{\"@type\":\"ImageObject\",\"inLanguage\":\"fr-FR\",\"@id\":\"https:\\\/\\\/www.venisecollection.com\\\/fr\\\/shop\\\/women\\\/bottes\\\/roberto-festa-commy-nappa-creme#primaryimage\",\"url\":\"https:\\\/\\\/www.venisecollection.com\\\/cdn\\\/image-162.webp\",\"contentUrl\":\"https:\\\/\\\/www.venisecollection.com\\\/cdn\\\/image-162.webp\",\"width\":1280,\"height\":1588},{\"@type\":\"BreadcrumbList\",\"@id\":\"https:\\\/\\\/www.venisecollection.com\\\/fr\\\/shop\\\/women\\\/bottes\\\/roberto-festa-commy-nappa-creme#breadcrumb\",\"itemListElement\":[{\"@type\":\"ListItem\",\"position\":1,\"name\":\"Home\",\"item\":\"https:\\\/\\\/www.venisecollection.com\\\/fr\\\/boutique\"},{\"@type\":\"ListItem\",\"position\":2,\"name\":\"Accueil\",\"item\":\"https:\\\/\\\/www.venisecollection.com\\\/fr\\\/boutique\"},{\"@type\":\"ListItem\",\"position\":3,\"name\":\"ROBERTO FESTA COMMY NAPPA CR\u00c8ME\"}]},{\"@type\":\"WebSite\",\"@id\":\"https:\\\/\\\/www.venisecollection.com\\\/fr#website\",\"url\":\"https:\\\/\\\/www.venisecollection.com\\\/fr\",\"name\":\"VENISE COLLECTION\",\"description\":\"\",\"publisher\":{\"@id\":\"https:\\\/\\\/www.venisecollection.com\\\/fr#organization\"},\"potentialAction\":[{\"@type\":\"SearchAction\",\"target\":{\"@type\":\"EntryPoint\",\"urlTemplate\":\"https:\\\/\\\/www.venisecollection.com\\\/fr?s={search_term_string}\"},\"query-input\":{\"@type\":\"PropertyValueSpecification\",\"valueRequired\":true,\"valueName\":\"search_term_string\"}}],\"inLanguage\":\"fr-FR\"},{\"@type\":\"Organization\",\"@id\":\"https:\\\/\\\/www.venisecollection.com\\\/fr#organization\",\"name\":\"VENISE COLLECTION\",\"url\":\"https:\\\/\\\/www.venisecollection.com\\\/fr\",\"logo\":{\"@type\":\"ImageObject\",\"inLanguage\":\"fr-FR\",\"@id\":\"https:\\\/\\\/www.venisecollection.com\\\/fr#\\\/schema\\\/logo\\\/image\\\/\",\"url\":\"https:\\\/\\\/www.venisecollection.com\\\/cdn\\\/seo.png\",\"contentUrl\":\"https:\\\/\\\/www.venisecollection.com\\\/cdn\\\/seo.png\",\"width\":1080,\"height\":1080,\"caption\":\"VENISE COLLECTION\"},\"image\":{\"@id\":\"https:\\\/\\\/www.venisecollection.com\\\/fr#\\\/schema\\\/logo\\\/image\\\/\"},\"sameAs\":[\"https:\\\/\\\/www.instagram.com\\\/venisecollection\\\/\",\"https:\\\/\\\/fr.pinterest.com\\\/venisecollection\\\/\"]}]}<\/script>\n<!-- \/ Yoast SEO plugin. -->","yoast_head_json":{"title":"ROBERTO FESTA COMMY NAPPA CR\u00c8ME - VENISE COLLECTION","robots":{"index":"index","follow":"follow","max-snippet":"max-snippet:-1","max-image-preview":"max-image-preview:large","max-video-preview":"max-video-preview:-1"},"canonical":"https:\/\/www.venisecollection.com\/fr\/shop\/women\/bottes\/roberto-festa-commy-nappa-creme","og_locale":"fr_FR","og_type":"article","og_title":"ROBERTO FESTA COMMY NAPPA CR\u00c8ME - VENISE COLLECTION","og_description":"Les bottes pour femmes ROBERTO FESTA COMMY NAPPA CR\u00c8ME sont confectionn\u00e9es en cuir nappa de premi\u00e8re qualit\u00e9 dans un \u00e9l\u00e9gant ton cr\u00e8me, mettant en valeur un savoir-faire italien raffin\u00e9. Con\u00e7ues avec un talon de 8 cm et une fermeture \u00e9clair lat\u00e9rale pratique, ces bottes offrent \u00e0 la fois sophistication et confort. Leur couleur cr\u00e8me neutre &hellip;","og_url":"https:\/\/www.venisecollection.com\/fr\/shop\/women\/bottes\/roberto-festa-commy-nappa-creme","og_site_name":"VENISE COLLECTION","article_modified_time":"2025-12-26T15:07:34+00:00","og_image":[{"width":1280,"height":1588,"url":"https:\/\/www.venisecollection.com\/cdn\/image-162.webp","type":"image\/webp"}],"twitter_card":"summary_large_image","twitter_misc":{"Dur\u00e9e de lecture estim\u00e9e":"1 minute"},"schema":{"@context":"https:\/\/schema.org","@graph":[{"@type":"WebPage","@id":"https:\/\/www.venisecollection.com\/fr\/shop\/women\/bottes\/roberto-festa-commy-nappa-creme","url":"https:\/\/www.venisecollection.com\/fr\/shop\/women\/bottes\/roberto-festa-commy-nappa-creme","name":"ROBERTO FESTA COMMY NAPPA CR\u00c8ME - VENISE COLLECTION","isPartOf":{"@id":"https:\/\/www.venisecollection.com\/fr#website"},"primaryImageOfPage":{"@id":"https:\/\/www.venisecollection.com\/fr\/shop\/women\/bottes\/roberto-festa-commy-nappa-creme#primaryimage"},"image":{"@id":"https:\/\/www.venisecollection.com\/fr\/shop\/women\/bottes\/roberto-festa-commy-nappa-creme#primaryimage"},"thumbnailUrl":"https:\/\/www.venisecollection.com\/cdn\/image-162.webp","datePublished":"2025-11-20T16:20:11+00:00","dateModified":"2025-12-26T15:07:34+00:00","breadcrumb":{"@id":"https:\/\/www.venisecollection.com\/fr\/shop\/women\/bottes\/roberto-festa-commy-nappa-creme#breadcrumb"},"inLanguage":"fr-FR","potentialAction":[{"@type":"ReadAction","target":["https:\/\/www.venisecollection.com\/fr\/shop\/women\/bottes\/roberto-festa-commy-nappa-creme"]}]},{"@type":"ImageObject","inLanguage":"fr-FR","@id":"https:\/\/www.venisecollection.com\/fr\/shop\/women\/bottes\/roberto-festa-commy-nappa-creme#primaryimage","url":"https:\/\/www.venisecollection.com\/cdn\/image-162.webp","contentUrl":"https:\/\/www.venisecollection.com\/cdn\/image-162.webp","width":1280,"height":1588},{"@type":"BreadcrumbList","@id":"https:\/\/www.venisecollection.com\/fr\/shop\/women\/bottes\/roberto-festa-commy-nappa-creme#breadcrumb","itemListElement":[{"@type":"ListItem","position":1,"name":"Home","item":"https:\/\/www.venisecollection.com\/fr\/boutique"},{"@type":"ListItem","position":2,"name":"Accueil","item":"https:\/\/www.venisecollection.com\/fr\/boutique"},{"@type":"ListItem","position":3,"name":"ROBERTO FESTA COMMY NAPPA CR\u00c8ME"}]},{"@type":"WebSite","@id":"https:\/\/www.venisecollection.com\/fr#website","url":"https:\/\/www.venisecollection.com\/fr","name":"VENISE COLLECTION","description":"","publisher":{"@id":"https:\/\/www.venisecollection.com\/fr#organization"},"potentialAction":[{"@type":"SearchAction","target":{"@type":"EntryPoint","urlTemplate":"https:\/\/www.venisecollection.com\/fr?s={search_term_string}"},"query-input":{"@type":"PropertyValueSpecification","valueRequired":true,"valueName":"search_term_string"}}],"inLanguage":"fr-FR"},{"@type":"Organization","@id":"https:\/\/www.venisecollection.com\/fr#organization","name":"VENISE COLLECTION","url":"https:\/\/www.venisecollection.com\/fr","logo":{"@type":"ImageObject","inLanguage":"fr-FR","@id":"https:\/\/www.venisecollection.com\/fr#\/schema\/logo\/image\/","url":"https:\/\/www.venisecollection.com\/cdn\/seo.png","contentUrl":"https:\/\/www.venisecollection.com\/cdn\/seo.png","width":1080,"height":1080,"caption":"VENISE COLLECTION"},"image":{"@id":"https:\/\/www.venisecollection.com\/fr#\/schema\/logo\/image\/"},"sameAs":["https:\/\/www.instagram.com\/venisecollection\/","https:\/\/fr.pinterest.com\/venisecollection\/"]}]}},"_links":{"self":[{"href":"https:\/\/www.venisecollection.com\/fr\/wp-json\/wp\/v2\/product\/4359","targetHints":{"allow":["GET"]}}],"collection":[{"href":"https:\/\/www.venisecollection.com\/fr\/wp-json\/wp\/v2\/product"}],"about":[{"href":"https:\/\/www.venisecollection.com\/fr\/wp-json\/wp\/v2\/types\/product"}],"wp:featuredmedia":[{"embeddable":true,"href":"https:\/\/www.venisecollection.com\/fr\/wp-json\/wp\/v2\/media\/4355"}],"wp:attachment":[{"href":"https:\/\/www.venisecollection.com\/fr\/wp-json\/wp\/v2\/media?parent=4359"}],"wp:term":[{"taxonomy":"product_brand","embeddable":true,"href":"https:\/\/www.venisecollection.com\/fr\/wp-json\/wp\/v2\/product_brand?post=4359"},{"taxonomy":"product_cat","embeddable":true,"href":"https:\/\/www.venisecollection.com\/fr\/wp-json\/wp\/v2\/product_cat?post=4359"},{"taxonomy":"product_tag","embeddable":true,"href":"https:\/\/www.venisecollection.com\/fr\/wp-json\/wp\/v2\/product_tag?post=4359"}],"curies":[{"name":"wp","href":"https:\/\/api.w.org\/{rel}","templated":true}]}}