{"id":4382,"date":"2025-11-20T16:20:16","date_gmt":"2025-11-20T16:20:16","guid":{"rendered":"https:\/\/www.venisecollection.com\/shop\/women\/non%20class\u00e9\/coco-basket-rovere\/"},"modified":"2026-04-17T00:45:23","modified_gmt":"2026-04-17T00:45:23","slug":"coco-basket-rovere","status":"publish","type":"product","link":"https:\/\/www.venisecollection.com\/fr\/shop\/women\/sneakers-fr\/coco-basket-rovere","title":{"rendered":"COCO BASKET ROVERE"},"content":{"rendered":"<p style=\"text-align: justify;\" data-start=\"951\" data-end=\"1558\">Les baskets femme COCO BASKET Rovere allient parfaitement \u00e9l\u00e9gance et confort avec un design minimaliste raffin\u00e9.<\/p>\n<p style=\"text-align: justify;\" data-start=\"951\" data-end=\"1558\">Fabriqu\u00e9 en Espagne en cuir v\u00e9ritable de premi\u00e8re qualit\u00e9, ce mod\u00e8le dispose d&rsquo;une doublure souple, d&rsquo;une semelle int\u00e9rieure en cuir respirant et d&rsquo;une semelle ext\u00e9rieure en \u00e9lastom\u00e8re durable pour un excellent confort et une adh\u00e9rence optimale.<\/p>\n<p style=\"text-align: justify;\" data-start=\"951\" data-end=\"1558\">La teinte marron clair Rovere apporte une touche chaleureuse et sophistiqu\u00e9e \u00e0 vos tenues quotidiennes. Avec sa fermeture \u00e0 lacets et sa silhouette basse \u00e9l\u00e9gante, elle est id\u00e9ale pour les tenues d\u00e9contract\u00e9es comme chics. <\/p>\n","protected":false},"excerpt":{"rendered":"<p>Les baskets femme COCO BASKET Rovere allient parfaitement \u00e9l\u00e9gance et confort avec un design minimaliste raffin\u00e9. Fabriqu\u00e9 en Espagne en cuir v\u00e9ritable de premi\u00e8re qualit\u00e9, ce mod\u00e8le dispose d&rsquo;une doublure souple, d&rsquo;une semelle int\u00e9rieure en cuir respirant et d&rsquo;une semelle ext\u00e9rieure en \u00e9lastom\u00e8re durable pour un excellent confort et une adh\u00e9rence optimale. La teinte marron &hellip;<\/p>\n","protected":false},"featured_media":4378,"template":"","meta":[],"product_brand":[356],"product_cat":[106],"product_tag":[],"class_list":{"0":"post-4382","1":"product","2":"type-product","3":"status-publish","4":"has-post-thumbnail","6":"product_brand-venise-collection","7":"product_cat-sneakers-fr","9":"first","10":"instock","11":"shipping-taxable","12":"purchasable","13":"product-type-variable","14":"has-default-attributes"},"yoast_head":"<!-- This site is optimized with the Yoast SEO plugin v27.4 - https:\/\/yoast.com\/product\/yoast-seo-wordpress\/ -->\n<title>COCO BASKET ROVERE - VENISE COLLECTION<\/title>\n<meta name=\"robots\" content=\"index, follow, max-snippet:-1, max-image-preview:large, max-video-preview:-1\" \/>\n<link rel=\"canonical\" href=\"https:\/\/www.venisecollection.com\/fr\/shop\/women\/sneakers-fr\/coco-basket-rovere\" \/>\n<meta property=\"og:locale\" content=\"fr_FR\" \/>\n<meta property=\"og:type\" content=\"article\" \/>\n<meta property=\"og:title\" content=\"COCO BASKET ROVERE - VENISE COLLECTION\" \/>\n<meta property=\"og:description\" content=\"Les baskets femme COCO BASKET Rovere allient parfaitement \u00e9l\u00e9gance et confort avec un design minimaliste raffin\u00e9. Fabriqu\u00e9 en Espagne en cuir v\u00e9ritable de premi\u00e8re qualit\u00e9, ce mod\u00e8le dispose d&rsquo;une doublure souple, d&rsquo;une semelle int\u00e9rieure en cuir respirant et d&rsquo;une semelle ext\u00e9rieure en \u00e9lastom\u00e8re durable pour un excellent confort et une adh\u00e9rence optimale. La teinte marron &hellip;\" \/>\n<meta property=\"og:url\" content=\"https:\/\/www.venisecollection.com\/fr\/shop\/women\/sneakers-fr\/coco-basket-rovere\" \/>\n<meta property=\"og:site_name\" content=\"VENISE COLLECTION\" \/>\n<meta property=\"article:modified_time\" content=\"2026-04-17T00:45:23+00:00\" \/>\n<meta property=\"og:image\" content=\"https:\/\/www.venisecollection.com\/cdn\/image-165.webp\" \/>\n\t<meta property=\"og:image:width\" content=\"1280\" \/>\n\t<meta property=\"og:image:height\" content=\"1588\" \/>\n\t<meta property=\"og:image:type\" content=\"image\/webp\" \/>\n<meta name=\"twitter:card\" content=\"summary_large_image\" \/>\n<script type=\"application\/ld+json\" class=\"yoast-schema-graph\">{\"@context\":\"https:\\\/\\\/schema.org\",\"@graph\":[{\"@type\":\"WebPage\",\"@id\":\"https:\\\/\\\/www.venisecollection.com\\\/fr\\\/shop\\\/women\\\/sneakers-fr\\\/coco-basket-rovere\",\"url\":\"https:\\\/\\\/www.venisecollection.com\\\/fr\\\/shop\\\/women\\\/sneakers-fr\\\/coco-basket-rovere\",\"name\":\"COCO BASKET ROVERE - VENISE COLLECTION\",\"isPartOf\":{\"@id\":\"https:\\\/\\\/www.venisecollection.com\\\/fr#website\"},\"primaryImageOfPage\":{\"@id\":\"https:\\\/\\\/www.venisecollection.com\\\/fr\\\/shop\\\/women\\\/sneakers-fr\\\/coco-basket-rovere#primaryimage\"},\"image\":{\"@id\":\"https:\\\/\\\/www.venisecollection.com\\\/fr\\\/shop\\\/women\\\/sneakers-fr\\\/coco-basket-rovere#primaryimage\"},\"thumbnailUrl\":\"https:\\\/\\\/www.venisecollection.com\\\/cdn\\\/image-165.webp\",\"datePublished\":\"2025-11-20T16:20:16+00:00\",\"dateModified\":\"2026-04-17T00:45:23+00:00\",\"breadcrumb\":{\"@id\":\"https:\\\/\\\/www.venisecollection.com\\\/fr\\\/shop\\\/women\\\/sneakers-fr\\\/coco-basket-rovere#breadcrumb\"},\"inLanguage\":\"fr-FR\",\"potentialAction\":[{\"@type\":\"ReadAction\",\"target\":[\"https:\\\/\\\/www.venisecollection.com\\\/fr\\\/shop\\\/women\\\/sneakers-fr\\\/coco-basket-rovere\"]}]},{\"@type\":\"ImageObject\",\"inLanguage\":\"fr-FR\",\"@id\":\"https:\\\/\\\/www.venisecollection.com\\\/fr\\\/shop\\\/women\\\/sneakers-fr\\\/coco-basket-rovere#primaryimage\",\"url\":\"https:\\\/\\\/www.venisecollection.com\\\/cdn\\\/image-165.webp\",\"contentUrl\":\"https:\\\/\\\/www.venisecollection.com\\\/cdn\\\/image-165.webp\",\"width\":1280,\"height\":1588},{\"@type\":\"BreadcrumbList\",\"@id\":\"https:\\\/\\\/www.venisecollection.com\\\/fr\\\/shop\\\/women\\\/sneakers-fr\\\/coco-basket-rovere#breadcrumb\",\"itemListElement\":[{\"@type\":\"ListItem\",\"position\":1,\"name\":\"Home\",\"item\":\"https:\\\/\\\/www.venisecollection.com\\\/fr\\\/boutique\"},{\"@type\":\"ListItem\",\"position\":2,\"name\":\"Accueil\",\"item\":\"https:\\\/\\\/www.venisecollection.com\\\/fr\\\/boutique\"},{\"@type\":\"ListItem\",\"position\":3,\"name\":\"COCO BASKET ROVERE\"}]},{\"@type\":\"WebSite\",\"@id\":\"https:\\\/\\\/www.venisecollection.com\\\/fr#website\",\"url\":\"https:\\\/\\\/www.venisecollection.com\\\/fr\",\"name\":\"VENISE COLLECTION\",\"description\":\"\",\"publisher\":{\"@id\":\"https:\\\/\\\/www.venisecollection.com\\\/fr#organization\"},\"potentialAction\":[{\"@type\":\"SearchAction\",\"target\":{\"@type\":\"EntryPoint\",\"urlTemplate\":\"https:\\\/\\\/www.venisecollection.com\\\/fr?s={search_term_string}\"},\"query-input\":{\"@type\":\"PropertyValueSpecification\",\"valueRequired\":true,\"valueName\":\"search_term_string\"}}],\"inLanguage\":\"fr-FR\"},{\"@type\":\"Organization\",\"@id\":\"https:\\\/\\\/www.venisecollection.com\\\/fr#organization\",\"name\":\"VENISE COLLECTION\",\"url\":\"https:\\\/\\\/www.venisecollection.com\\\/fr\",\"logo\":{\"@type\":\"ImageObject\",\"inLanguage\":\"fr-FR\",\"@id\":\"https:\\\/\\\/www.venisecollection.com\\\/fr#\\\/schema\\\/logo\\\/image\\\/\",\"url\":\"https:\\\/\\\/www.venisecollection.com\\\/cdn\\\/seo.png\",\"contentUrl\":\"https:\\\/\\\/www.venisecollection.com\\\/cdn\\\/seo.png\",\"width\":1080,\"height\":1080,\"caption\":\"VENISE COLLECTION\"},\"image\":{\"@id\":\"https:\\\/\\\/www.venisecollection.com\\\/fr#\\\/schema\\\/logo\\\/image\\\/\"},\"sameAs\":[\"https:\\\/\\\/www.instagram.com\\\/venisecollection\\\/\",\"https:\\\/\\\/fr.pinterest.com\\\/venisecollection\\\/\"]}]}<\/script>\n<!-- \/ Yoast SEO plugin. -->","yoast_head_json":{"title":"COCO BASKET ROVERE - VENISE COLLECTION","robots":{"index":"index","follow":"follow","max-snippet":"max-snippet:-1","max-image-preview":"max-image-preview:large","max-video-preview":"max-video-preview:-1"},"canonical":"https:\/\/www.venisecollection.com\/fr\/shop\/women\/sneakers-fr\/coco-basket-rovere","og_locale":"fr_FR","og_type":"article","og_title":"COCO BASKET ROVERE - VENISE COLLECTION","og_description":"Les baskets femme COCO BASKET Rovere allient parfaitement \u00e9l\u00e9gance et confort avec un design minimaliste raffin\u00e9. Fabriqu\u00e9 en Espagne en cuir v\u00e9ritable de premi\u00e8re qualit\u00e9, ce mod\u00e8le dispose d&rsquo;une doublure souple, d&rsquo;une semelle int\u00e9rieure en cuir respirant et d&rsquo;une semelle ext\u00e9rieure en \u00e9lastom\u00e8re durable pour un excellent confort et une adh\u00e9rence optimale. La teinte marron &hellip;","og_url":"https:\/\/www.venisecollection.com\/fr\/shop\/women\/sneakers-fr\/coco-basket-rovere","og_site_name":"VENISE COLLECTION","article_modified_time":"2026-04-17T00:45:23+00:00","og_image":[{"width":1280,"height":1588,"url":"https:\/\/www.venisecollection.com\/cdn\/image-165.webp","type":"image\/webp"}],"twitter_card":"summary_large_image","schema":{"@context":"https:\/\/schema.org","@graph":[{"@type":"WebPage","@id":"https:\/\/www.venisecollection.com\/fr\/shop\/women\/sneakers-fr\/coco-basket-rovere","url":"https:\/\/www.venisecollection.com\/fr\/shop\/women\/sneakers-fr\/coco-basket-rovere","name":"COCO BASKET ROVERE - VENISE COLLECTION","isPartOf":{"@id":"https:\/\/www.venisecollection.com\/fr#website"},"primaryImageOfPage":{"@id":"https:\/\/www.venisecollection.com\/fr\/shop\/women\/sneakers-fr\/coco-basket-rovere#primaryimage"},"image":{"@id":"https:\/\/www.venisecollection.com\/fr\/shop\/women\/sneakers-fr\/coco-basket-rovere#primaryimage"},"thumbnailUrl":"https:\/\/www.venisecollection.com\/cdn\/image-165.webp","datePublished":"2025-11-20T16:20:16+00:00","dateModified":"2026-04-17T00:45:23+00:00","breadcrumb":{"@id":"https:\/\/www.venisecollection.com\/fr\/shop\/women\/sneakers-fr\/coco-basket-rovere#breadcrumb"},"inLanguage":"fr-FR","potentialAction":[{"@type":"ReadAction","target":["https:\/\/www.venisecollection.com\/fr\/shop\/women\/sneakers-fr\/coco-basket-rovere"]}]},{"@type":"ImageObject","inLanguage":"fr-FR","@id":"https:\/\/www.venisecollection.com\/fr\/shop\/women\/sneakers-fr\/coco-basket-rovere#primaryimage","url":"https:\/\/www.venisecollection.com\/cdn\/image-165.webp","contentUrl":"https:\/\/www.venisecollection.com\/cdn\/image-165.webp","width":1280,"height":1588},{"@type":"BreadcrumbList","@id":"https:\/\/www.venisecollection.com\/fr\/shop\/women\/sneakers-fr\/coco-basket-rovere#breadcrumb","itemListElement":[{"@type":"ListItem","position":1,"name":"Home","item":"https:\/\/www.venisecollection.com\/fr\/boutique"},{"@type":"ListItem","position":2,"name":"Accueil","item":"https:\/\/www.venisecollection.com\/fr\/boutique"},{"@type":"ListItem","position":3,"name":"COCO BASKET ROVERE"}]},{"@type":"WebSite","@id":"https:\/\/www.venisecollection.com\/fr#website","url":"https:\/\/www.venisecollection.com\/fr","name":"VENISE COLLECTION","description":"","publisher":{"@id":"https:\/\/www.venisecollection.com\/fr#organization"},"potentialAction":[{"@type":"SearchAction","target":{"@type":"EntryPoint","urlTemplate":"https:\/\/www.venisecollection.com\/fr?s={search_term_string}"},"query-input":{"@type":"PropertyValueSpecification","valueRequired":true,"valueName":"search_term_string"}}],"inLanguage":"fr-FR"},{"@type":"Organization","@id":"https:\/\/www.venisecollection.com\/fr#organization","name":"VENISE COLLECTION","url":"https:\/\/www.venisecollection.com\/fr","logo":{"@type":"ImageObject","inLanguage":"fr-FR","@id":"https:\/\/www.venisecollection.com\/fr#\/schema\/logo\/image\/","url":"https:\/\/www.venisecollection.com\/cdn\/seo.png","contentUrl":"https:\/\/www.venisecollection.com\/cdn\/seo.png","width":1080,"height":1080,"caption":"VENISE COLLECTION"},"image":{"@id":"https:\/\/www.venisecollection.com\/fr#\/schema\/logo\/image\/"},"sameAs":["https:\/\/www.instagram.com\/venisecollection\/","https:\/\/fr.pinterest.com\/venisecollection\/"]}]}},"_links":{"self":[{"href":"https:\/\/www.venisecollection.com\/fr\/wp-json\/wp\/v2\/product\/4382","targetHints":{"allow":["GET"]}}],"collection":[{"href":"https:\/\/www.venisecollection.com\/fr\/wp-json\/wp\/v2\/product"}],"about":[{"href":"https:\/\/www.venisecollection.com\/fr\/wp-json\/wp\/v2\/types\/product"}],"wp:featuredmedia":[{"embeddable":true,"href":"https:\/\/www.venisecollection.com\/fr\/wp-json\/wp\/v2\/media\/4378"}],"wp:attachment":[{"href":"https:\/\/www.venisecollection.com\/fr\/wp-json\/wp\/v2\/media?parent=4382"}],"wp:term":[{"taxonomy":"product_brand","embeddable":true,"href":"https:\/\/www.venisecollection.com\/fr\/wp-json\/wp\/v2\/product_brand?post=4382"},{"taxonomy":"product_cat","embeddable":true,"href":"https:\/\/www.venisecollection.com\/fr\/wp-json\/wp\/v2\/product_cat?post=4382"},{"taxonomy":"product_tag","embeddable":true,"href":"https:\/\/www.venisecollection.com\/fr\/wp-json\/wp\/v2\/product_tag?post=4382"}],"curies":[{"name":"wp","href":"https:\/\/api.w.org\/{rel}","templated":true}]}}