{"id":4393,"date":"2025-11-20T16:19:35","date_gmt":"2025-11-20T16:19:35","guid":{"rendered":"https:\/\/www.venisecollection.com\/shop\/women\/non%20class\u00e9\/roberto-festa-commy-nappa-vert\/"},"modified":"2026-04-17T00:46:11","modified_gmt":"2026-04-17T00:46:11","slug":"roberto-festa-commy-nappa-vert","status":"publish","type":"product","link":"https:\/\/www.venisecollection.com\/fr\/shop\/women\/bottes\/roberto-festa-commy-nappa-vert","title":{"rendered":"ROBERTO FESTA COMMY NAPPA VERT"},"content":{"rendered":"<p style=\"text-align: justify;\" data-start=\"1106\" data-end=\"1764\">Les bottes femme ROBERTO FESTA COMMY NAPPA VERT sont confectionn\u00e9es en cuir v\u00e9ritable de qualit\u00e9 sup\u00e9rieure dans un ton vert militaire sophistiqu\u00e9. Fabriqu\u00e9es en Italie, ces bottes \u00e9l\u00e9gantes pr\u00e9sentent un talon de 8 cm qui offre \u00e0 la fois confort et silhouette raffin\u00e9e. <\/p>\n<p style=\"text-align: justify;\" data-start=\"1106\" data-end=\"1764\">Leur design minimaliste mais audacieux en fait le choix parfait pour sublimer toute tenue, du jean skinny aux jupes fluides ou aux manteaux ajust\u00e9s. Un \u00e9quilibre parfait entre savoir-faire intemporel et style contemporain, ces bottes sont id\u00e9ales pour le quotidien comme pour les occasions sp\u00e9ciales. <\/p>\n","protected":false},"excerpt":{"rendered":"<p>Les bottes femme ROBERTO FESTA COMMY NAPPA VERT sont confectionn\u00e9es en cuir v\u00e9ritable de qualit\u00e9 sup\u00e9rieure dans un ton vert militaire sophistiqu\u00e9. Fabriqu\u00e9es en Italie, ces bottes \u00e9l\u00e9gantes pr\u00e9sentent un talon de 8 cm qui offre \u00e0 la fois confort et silhouette raffin\u00e9e. Leur design minimaliste mais audacieux en fait le choix parfait pour sublimer &hellip;<\/p>\n","protected":false},"featured_media":4389,"template":"","meta":[],"product_brand":[359],"product_cat":[109],"product_tag":[],"class_list":{"0":"post-4393","1":"product","2":"type-product","3":"status-publish","4":"has-post-thumbnail","6":"product_brand-roberto-festa","7":"product_cat-bottes","9":"first","10":"instock","11":"shipping-taxable","12":"purchasable","13":"product-type-variable","14":"has-default-attributes"},"yoast_head":"<!-- This site is optimized with the Yoast SEO plugin v27.4 - https:\/\/yoast.com\/product\/yoast-seo-wordpress\/ -->\n<title>ROBERTO FESTA COMMY NAPPA VERT - VENISE COLLECTION<\/title>\n<meta name=\"robots\" content=\"index, follow, max-snippet:-1, max-image-preview:large, max-video-preview:-1\" \/>\n<link rel=\"canonical\" href=\"https:\/\/www.venisecollection.com\/fr\/shop\/women\/bottes\/roberto-festa-commy-nappa-vert\" \/>\n<meta property=\"og:locale\" content=\"fr_FR\" \/>\n<meta property=\"og:type\" content=\"article\" \/>\n<meta property=\"og:title\" content=\"ROBERTO FESTA COMMY NAPPA VERT - VENISE COLLECTION\" \/>\n<meta property=\"og:description\" content=\"Les bottes femme ROBERTO FESTA COMMY NAPPA VERT sont confectionn\u00e9es en cuir v\u00e9ritable de qualit\u00e9 sup\u00e9rieure dans un ton vert militaire sophistiqu\u00e9. Fabriqu\u00e9es en Italie, ces bottes \u00e9l\u00e9gantes pr\u00e9sentent un talon de 8 cm qui offre \u00e0 la fois confort et silhouette raffin\u00e9e. Leur design minimaliste mais audacieux en fait le choix parfait pour sublimer &hellip;\" \/>\n<meta property=\"og:url\" content=\"https:\/\/www.venisecollection.com\/fr\/shop\/women\/bottes\/roberto-festa-commy-nappa-vert\" \/>\n<meta property=\"og:site_name\" content=\"VENISE COLLECTION\" \/>\n<meta property=\"article:modified_time\" content=\"2026-04-17T00:46:11+00:00\" \/>\n<meta property=\"og:image\" content=\"https:\/\/www.venisecollection.com\/cdn\/image-156.webp\" \/>\n\t<meta property=\"og:image:width\" content=\"1280\" \/>\n\t<meta property=\"og:image:height\" content=\"1588\" \/>\n\t<meta property=\"og:image:type\" content=\"image\/webp\" \/>\n<meta name=\"twitter:card\" content=\"summary_large_image\" \/>\n<script type=\"application\/ld+json\" class=\"yoast-schema-graph\">{\"@context\":\"https:\\\/\\\/schema.org\",\"@graph\":[{\"@type\":\"WebPage\",\"@id\":\"https:\\\/\\\/www.venisecollection.com\\\/fr\\\/shop\\\/women\\\/bottes\\\/roberto-festa-commy-nappa-vert\",\"url\":\"https:\\\/\\\/www.venisecollection.com\\\/fr\\\/shop\\\/women\\\/bottes\\\/roberto-festa-commy-nappa-vert\",\"name\":\"ROBERTO FESTA COMMY NAPPA VERT - VENISE COLLECTION\",\"isPartOf\":{\"@id\":\"https:\\\/\\\/www.venisecollection.com\\\/fr#website\"},\"primaryImageOfPage\":{\"@id\":\"https:\\\/\\\/www.venisecollection.com\\\/fr\\\/shop\\\/women\\\/bottes\\\/roberto-festa-commy-nappa-vert#primaryimage\"},\"image\":{\"@id\":\"https:\\\/\\\/www.venisecollection.com\\\/fr\\\/shop\\\/women\\\/bottes\\\/roberto-festa-commy-nappa-vert#primaryimage\"},\"thumbnailUrl\":\"https:\\\/\\\/www.venisecollection.com\\\/cdn\\\/image-156.webp\",\"datePublished\":\"2025-11-20T16:19:35+00:00\",\"dateModified\":\"2026-04-17T00:46:11+00:00\",\"breadcrumb\":{\"@id\":\"https:\\\/\\\/www.venisecollection.com\\\/fr\\\/shop\\\/women\\\/bottes\\\/roberto-festa-commy-nappa-vert#breadcrumb\"},\"inLanguage\":\"fr-FR\",\"potentialAction\":[{\"@type\":\"ReadAction\",\"target\":[\"https:\\\/\\\/www.venisecollection.com\\\/fr\\\/shop\\\/women\\\/bottes\\\/roberto-festa-commy-nappa-vert\"]}]},{\"@type\":\"ImageObject\",\"inLanguage\":\"fr-FR\",\"@id\":\"https:\\\/\\\/www.venisecollection.com\\\/fr\\\/shop\\\/women\\\/bottes\\\/roberto-festa-commy-nappa-vert#primaryimage\",\"url\":\"https:\\\/\\\/www.venisecollection.com\\\/cdn\\\/image-156.webp\",\"contentUrl\":\"https:\\\/\\\/www.venisecollection.com\\\/cdn\\\/image-156.webp\",\"width\":1280,\"height\":1588},{\"@type\":\"BreadcrumbList\",\"@id\":\"https:\\\/\\\/www.venisecollection.com\\\/fr\\\/shop\\\/women\\\/bottes\\\/roberto-festa-commy-nappa-vert#breadcrumb\",\"itemListElement\":[{\"@type\":\"ListItem\",\"position\":1,\"name\":\"Home\",\"item\":\"https:\\\/\\\/www.venisecollection.com\\\/fr\\\/boutique\"},{\"@type\":\"ListItem\",\"position\":2,\"name\":\"Accueil\",\"item\":\"https:\\\/\\\/www.venisecollection.com\\\/fr\\\/boutique\"},{\"@type\":\"ListItem\",\"position\":3,\"name\":\"ROBERTO FESTA COMMY NAPPA VERT\"}]},{\"@type\":\"WebSite\",\"@id\":\"https:\\\/\\\/www.venisecollection.com\\\/fr#website\",\"url\":\"https:\\\/\\\/www.venisecollection.com\\\/fr\",\"name\":\"VENISE COLLECTION\",\"description\":\"\",\"publisher\":{\"@id\":\"https:\\\/\\\/www.venisecollection.com\\\/fr#organization\"},\"potentialAction\":[{\"@type\":\"SearchAction\",\"target\":{\"@type\":\"EntryPoint\",\"urlTemplate\":\"https:\\\/\\\/www.venisecollection.com\\\/fr?s={search_term_string}\"},\"query-input\":{\"@type\":\"PropertyValueSpecification\",\"valueRequired\":true,\"valueName\":\"search_term_string\"}}],\"inLanguage\":\"fr-FR\"},{\"@type\":\"Organization\",\"@id\":\"https:\\\/\\\/www.venisecollection.com\\\/fr#organization\",\"name\":\"VENISE COLLECTION\",\"url\":\"https:\\\/\\\/www.venisecollection.com\\\/fr\",\"logo\":{\"@type\":\"ImageObject\",\"inLanguage\":\"fr-FR\",\"@id\":\"https:\\\/\\\/www.venisecollection.com\\\/fr#\\\/schema\\\/logo\\\/image\\\/\",\"url\":\"https:\\\/\\\/www.venisecollection.com\\\/cdn\\\/seo.png\",\"contentUrl\":\"https:\\\/\\\/www.venisecollection.com\\\/cdn\\\/seo.png\",\"width\":1080,\"height\":1080,\"caption\":\"VENISE COLLECTION\"},\"image\":{\"@id\":\"https:\\\/\\\/www.venisecollection.com\\\/fr#\\\/schema\\\/logo\\\/image\\\/\"},\"sameAs\":[\"https:\\\/\\\/www.instagram.com\\\/venisecollection\\\/\",\"https:\\\/\\\/fr.pinterest.com\\\/venisecollection\\\/\"]}]}<\/script>\n<!-- \/ Yoast SEO plugin. -->","yoast_head_json":{"title":"ROBERTO FESTA COMMY NAPPA VERT - VENISE COLLECTION","robots":{"index":"index","follow":"follow","max-snippet":"max-snippet:-1","max-image-preview":"max-image-preview:large","max-video-preview":"max-video-preview:-1"},"canonical":"https:\/\/www.venisecollection.com\/fr\/shop\/women\/bottes\/roberto-festa-commy-nappa-vert","og_locale":"fr_FR","og_type":"article","og_title":"ROBERTO FESTA COMMY NAPPA VERT - VENISE COLLECTION","og_description":"Les bottes femme ROBERTO FESTA COMMY NAPPA VERT sont confectionn\u00e9es en cuir v\u00e9ritable de qualit\u00e9 sup\u00e9rieure dans un ton vert militaire sophistiqu\u00e9. Fabriqu\u00e9es en Italie, ces bottes \u00e9l\u00e9gantes pr\u00e9sentent un talon de 8 cm qui offre \u00e0 la fois confort et silhouette raffin\u00e9e. Leur design minimaliste mais audacieux en fait le choix parfait pour sublimer &hellip;","og_url":"https:\/\/www.venisecollection.com\/fr\/shop\/women\/bottes\/roberto-festa-commy-nappa-vert","og_site_name":"VENISE COLLECTION","article_modified_time":"2026-04-17T00:46:11+00:00","og_image":[{"width":1280,"height":1588,"url":"https:\/\/www.venisecollection.com\/cdn\/image-156.webp","type":"image\/webp"}],"twitter_card":"summary_large_image","schema":{"@context":"https:\/\/schema.org","@graph":[{"@type":"WebPage","@id":"https:\/\/www.venisecollection.com\/fr\/shop\/women\/bottes\/roberto-festa-commy-nappa-vert","url":"https:\/\/www.venisecollection.com\/fr\/shop\/women\/bottes\/roberto-festa-commy-nappa-vert","name":"ROBERTO FESTA COMMY NAPPA VERT - VENISE COLLECTION","isPartOf":{"@id":"https:\/\/www.venisecollection.com\/fr#website"},"primaryImageOfPage":{"@id":"https:\/\/www.venisecollection.com\/fr\/shop\/women\/bottes\/roberto-festa-commy-nappa-vert#primaryimage"},"image":{"@id":"https:\/\/www.venisecollection.com\/fr\/shop\/women\/bottes\/roberto-festa-commy-nappa-vert#primaryimage"},"thumbnailUrl":"https:\/\/www.venisecollection.com\/cdn\/image-156.webp","datePublished":"2025-11-20T16:19:35+00:00","dateModified":"2026-04-17T00:46:11+00:00","breadcrumb":{"@id":"https:\/\/www.venisecollection.com\/fr\/shop\/women\/bottes\/roberto-festa-commy-nappa-vert#breadcrumb"},"inLanguage":"fr-FR","potentialAction":[{"@type":"ReadAction","target":["https:\/\/www.venisecollection.com\/fr\/shop\/women\/bottes\/roberto-festa-commy-nappa-vert"]}]},{"@type":"ImageObject","inLanguage":"fr-FR","@id":"https:\/\/www.venisecollection.com\/fr\/shop\/women\/bottes\/roberto-festa-commy-nappa-vert#primaryimage","url":"https:\/\/www.venisecollection.com\/cdn\/image-156.webp","contentUrl":"https:\/\/www.venisecollection.com\/cdn\/image-156.webp","width":1280,"height":1588},{"@type":"BreadcrumbList","@id":"https:\/\/www.venisecollection.com\/fr\/shop\/women\/bottes\/roberto-festa-commy-nappa-vert#breadcrumb","itemListElement":[{"@type":"ListItem","position":1,"name":"Home","item":"https:\/\/www.venisecollection.com\/fr\/boutique"},{"@type":"ListItem","position":2,"name":"Accueil","item":"https:\/\/www.venisecollection.com\/fr\/boutique"},{"@type":"ListItem","position":3,"name":"ROBERTO FESTA COMMY NAPPA VERT"}]},{"@type":"WebSite","@id":"https:\/\/www.venisecollection.com\/fr#website","url":"https:\/\/www.venisecollection.com\/fr","name":"VENISE COLLECTION","description":"","publisher":{"@id":"https:\/\/www.venisecollection.com\/fr#organization"},"potentialAction":[{"@type":"SearchAction","target":{"@type":"EntryPoint","urlTemplate":"https:\/\/www.venisecollection.com\/fr?s={search_term_string}"},"query-input":{"@type":"PropertyValueSpecification","valueRequired":true,"valueName":"search_term_string"}}],"inLanguage":"fr-FR"},{"@type":"Organization","@id":"https:\/\/www.venisecollection.com\/fr#organization","name":"VENISE COLLECTION","url":"https:\/\/www.venisecollection.com\/fr","logo":{"@type":"ImageObject","inLanguage":"fr-FR","@id":"https:\/\/www.venisecollection.com\/fr#\/schema\/logo\/image\/","url":"https:\/\/www.venisecollection.com\/cdn\/seo.png","contentUrl":"https:\/\/www.venisecollection.com\/cdn\/seo.png","width":1080,"height":1080,"caption":"VENISE COLLECTION"},"image":{"@id":"https:\/\/www.venisecollection.com\/fr#\/schema\/logo\/image\/"},"sameAs":["https:\/\/www.instagram.com\/venisecollection\/","https:\/\/fr.pinterest.com\/venisecollection\/"]}]}},"_links":{"self":[{"href":"https:\/\/www.venisecollection.com\/fr\/wp-json\/wp\/v2\/product\/4393","targetHints":{"allow":["GET"]}}],"collection":[{"href":"https:\/\/www.venisecollection.com\/fr\/wp-json\/wp\/v2\/product"}],"about":[{"href":"https:\/\/www.venisecollection.com\/fr\/wp-json\/wp\/v2\/types\/product"}],"wp:featuredmedia":[{"embeddable":true,"href":"https:\/\/www.venisecollection.com\/fr\/wp-json\/wp\/v2\/media\/4389"}],"wp:attachment":[{"href":"https:\/\/www.venisecollection.com\/fr\/wp-json\/wp\/v2\/media?parent=4393"}],"wp:term":[{"taxonomy":"product_brand","embeddable":true,"href":"https:\/\/www.venisecollection.com\/fr\/wp-json\/wp\/v2\/product_brand?post=4393"},{"taxonomy":"product_cat","embeddable":true,"href":"https:\/\/www.venisecollection.com\/fr\/wp-json\/wp\/v2\/product_cat?post=4393"},{"taxonomy":"product_tag","embeddable":true,"href":"https:\/\/www.venisecollection.com\/fr\/wp-json\/wp\/v2\/product_tag?post=4393"}],"curies":[{"name":"wp","href":"https:\/\/api.w.org\/{rel}","templated":true}]}}